{"id":46802,"date":"2021-05-11T13:37:21","date_gmt":"2021-05-11T11:37:21","guid":{"rendered":"https:\/\/naturalpoland.com\/produkty\/kategorilenmemis\/siyanokobalamin\/"},"modified":"2026-03-18T12:21:27","modified_gmt":"2026-03-18T11:21:27","slug":"siyanokobalamin","status":"publish","type":"product","link":"https:\/\/naturalpoland.com\/tr\/urunler\/farmasotik-hammaddeler\/vitaminler\/siyanokobalamin\/","title":{"rendered":"Siyanokobalamin"},"content":{"rendered":"<p>B12 vitamini eksikli\u011finden en \u00e7ok, diyetlerinde et t\u00fcketimini azaltan veya tamamen b\u0131rakan ki\u015filer etkilenir. Bu nedenle, enzim ve hormon \u00fcretimi a\u00e7\u0131s\u0131ndan \u00f6nemli olan uygun seviyesini sa\u011flamak i\u00e7in siyanokobalamini takviye olarak almalar\u0131 gerekir.  <\/p>\n<h2>Siyanokobalaminin \u00f6zellikleri ve kullan\u0131m\u0131<\/h2>\n<h3><strong>Metabolizma d\u00fczenlenmesi<\/strong><\/h3>\n<p>Siyanokobalamin, protein, ya\u011f ve karbonhidrat metabolizmas\u0131n\u0131 destekleyerek uygun h\u00fccresel metabolizma i\u00e7in kritik \u00f6neme sahiptir. H\u00fccresel d\u00fczeyde enerji \u00fcretimine yard\u0131mc\u0131 olur ve bu da organizman\u0131n genel sa\u011fl\u0131\u011f\u0131n\u0131n korunmas\u0131 i\u00e7in \u00f6nemlidir. <\/p>\n<p><strong>Sinir sistemi deste\u011fi:<\/strong><\/p>\n<p>Sinir liflerini koruyan miyelin sentezini destekleyerek sinir sisteminin i\u015fleyi\u015finde \u00f6nemli bir rol oynar. Eksikli\u011fi n\u00f6ropatiye ve di\u011fer n\u00f6rolojik bozukluklara yol a\u00e7abilir. <\/p>\n<p><strong>K\u0131rm\u0131z\u0131 kan h\u00fccresi \u00fcretimi:<\/strong><\/p>\n<p>Siyanokobalamin, aneminin \u00f6nlenmesi i\u00e7in kritik olan k\u0131rm\u0131z\u0131 kan h\u00fccresi \u00fcretimini destekler. Dokulara ve organlara uygun oksijen ta\u015f\u0131nmas\u0131n\u0131 sa\u011flar. <\/p>\n<p><strong>Sindirim sistemi deste\u011fi:<\/strong><\/p>\n<p>Ba\u011f\u0131rsak ve mide fonksiyonlar\u0131n\u0131 destekleyerek sindirim sisteminin sa\u011fl\u0131\u011f\u0131n\u0131n korunmas\u0131na yard\u0131mc\u0131 olur. Mide refl\u00fcs\u00fc semptomlar\u0131n\u0131 hafifletebilir ve sindirimi destekleyebilir. <\/p>\n<h2>Kullan\u0131m alanlar\u0131<\/h2>\n<p>Siyanokobalamin, B12 vitamini eksikliklerini gidermek ve sinir sistemi ile dola\u015f\u0131m sistemi sa\u011fl\u0131\u011f\u0131n\u0131 desteklemek i\u00e7in <strong>takviye g\u0131dalarda<\/strong> ve <strong>farmas\u00f6tik \u00fcr\u00fcnlerde<\/strong> yayg\u0131n olarak kullan\u0131l\u0131r. Tablet, kaps\u00fcl, s\u0131v\u0131 ve toz formlar\u0131nda kullan\u0131labilir. Ayr\u0131ca diyette yeterli B12 vitamini al\u0131m\u0131n\u0131 sa\u011flamak i\u00e7in kahvalt\u0131l\u0131k gevrekler, bitkisel i\u00e7ecekler ve di\u011fer g\u0131da \u00fcr\u00fcnleri gibi <strong>g\u0131dalar\u0131n zenginle\u015ftirilmesinde<\/strong> de kullan\u0131l\u0131r.  <\/p>\n<h2>G\u00fcvenlik<\/h2>\n<p>Siyanokobalamin, \u00f6nerilere uygun kullan\u0131ld\u0131\u011f\u0131nda g\u00fcvenli bir maddedir. Normal kullan\u0131mda toksisite riski tespit edilmemi\u015ftir, ancak doktor dan\u0131\u015fmanl\u0131\u011f\u0131 olmadan a\u015f\u0131r\u0131 dozlardan ka\u00e7\u0131n\u0131lmas\u0131 \u00f6nerilir. \u00dcr\u00fcn kanserojen veya mutajenik \u00f6zellikler g\u00f6stermez ve v\u00fccut taraf\u0131ndan iyi tolere edilir.  <\/p>\n","protected":false},"excerpt":{"rendered":"<p>Siyanokobalamin USP, suda kolayca \u00e7\u00f6z\u00fcnen bir <strong><a href=\"https:\/\/naturalpoland.com\/tr\/urunler\/farmasotik-hammaddeler\/vitaminler\/b12-vitamini\/\">B12 vitamini<\/a><\/strong> formudur. V\u00fccut taraf\u0131ndan iyi emilir ve h\u0131zla B12 vitamininin aktif formu olan <strong><a href=\"https:\/\/naturalpoland.com\/tr\/urunler\/farmasotik-hammaddeler\/vitaminler\/metilkobalamin-koenzim-b12\/\">metilkobalaminine<\/a><\/strong> d\u00f6n\u00fc\u015f\u00fcr. <\/p>\n","protected":false},"featured_media":46803,"template":"","meta":{"_acf_changed":false},"product_brand":[],"product_cat":[9542],"product_tag":[],"class_list":{"0":"post-46802","1":"product","2":"type-product","3":"status-publish","4":"has-post-thumbnail","6":"product_cat-vitaminler","8":"first","9":"instock","10":"shipping-taxable","11":"product-type-simple"},"acf":[],"yoast_head":"<!-- This site is optimized with the Yoast SEO plugin v27.5 - https:\/\/yoast.com\/product\/yoast-seo-wordpress\/ -->\n<title>Siyanokobalamin - NATURAL POLAND - Hurtowy Dystrybutor Surowc\u00f3w<\/title>\n<meta name=\"description\" content=\"Siyanokobalamin, metabolik sa\u011fl\u0131k, sinir sistemi ve dola\u015f\u0131m sistemi i\u00e7in bir hammaddedir; takviye g\u0131dalarda ve farmas\u00f6tik \u00fcr\u00fcnlerde kullan\u0131l\u0131r.\" \/>\n<meta name=\"robots\" content=\"index, follow, max-snippet:-1, max-image-preview:large, max-video-preview:-1\" \/>\n<link rel=\"canonical\" href=\"https:\/\/naturalpoland.com\/tr\/urunler\/farmasotik-hammaddeler\/vitaminler\/siyanokobalamin\/\" \/>\n<meta property=\"og:locale\" content=\"tr_TR\" \/>\n<meta property=\"og:type\" content=\"article\" \/>\n<meta property=\"og:title\" content=\"Siyanokobalamin - NATURAL POLAND - Hurtowy Dystrybutor Surowc\u00f3w\" \/>\n<meta property=\"og:description\" content=\"Siyanokobalamin, metabolik sa\u011fl\u0131k, sinir sistemi ve dola\u015f\u0131m sistemi i\u00e7in bir hammaddedir; takviye g\u0131dalarda ve farmas\u00f6tik \u00fcr\u00fcnlerde kullan\u0131l\u0131r.\" \/>\n<meta property=\"og:url\" content=\"https:\/\/naturalpoland.com\/tr\/urunler\/farmasotik-hammaddeler\/vitaminler\/siyanokobalamin\/\" \/>\n<meta property=\"og:site_name\" content=\"NATURAL POLAND - Hurtowy Dystrybutor Surowc\u00f3w\" \/>\n<meta property=\"article:publisher\" content=\"https:\/\/www.facebook.com\/naturalpoland.b2b\" \/>\n<meta property=\"article:modified_time\" content=\"2026-03-18T11:21:27+00:00\" \/>\n<meta property=\"og:image\" content=\"https:\/\/naturalpoland.com\/wp-content\/uploads\/2021\/05\/cyanocobalamin-usp.jpg\" \/>\n\t<meta property=\"og:image:width\" content=\"500\" \/>\n\t<meta property=\"og:image:height\" content=\"319\" \/>\n\t<meta property=\"og:image:type\" content=\"image\/jpeg\" \/>\n<script type=\"application\/ld+json\" class=\"yoast-schema-graph\">{\"@context\":\"https:\\\/\\\/schema.org\",\"@graph\":[{\"@type\":\"WebPage\",\"@id\":\"https:\\\/\\\/naturalpoland.com\\\/tr\\\/urunler\\\/farmasotik-hammaddeler\\\/vitaminler\\\/siyanokobalamin\\\/\",\"url\":\"https:\\\/\\\/naturalpoland.com\\\/tr\\\/urunler\\\/farmasotik-hammaddeler\\\/vitaminler\\\/siyanokobalamin\\\/\",\"name\":\"Siyanokobalamin - NATURAL POLAND - Hurtowy Dystrybutor Surowc\u00f3w\",\"isPartOf\":{\"@id\":\"https:\\\/\\\/naturalpoland.com\\\/tr\\\/#website\"},\"primaryImageOfPage\":{\"@id\":\"https:\\\/\\\/naturalpoland.com\\\/tr\\\/urunler\\\/farmasotik-hammaddeler\\\/vitaminler\\\/siyanokobalamin\\\/#primaryimage\"},\"image\":{\"@id\":\"https:\\\/\\\/naturalpoland.com\\\/tr\\\/urunler\\\/farmasotik-hammaddeler\\\/vitaminler\\\/siyanokobalamin\\\/#primaryimage\"},\"thumbnailUrl\":\"https:\\\/\\\/naturalpoland.com\\\/wp-content\\\/uploads\\\/2021\\\/05\\\/cyanocobalamin-usp.jpg\",\"datePublished\":\"2021-05-11T11:37:21+00:00\",\"dateModified\":\"2026-03-18T11:21:27+00:00\",\"description\":\"Siyanokobalamin, metabolik sa\u011fl\u0131k, sinir sistemi ve dola\u015f\u0131m sistemi i\u00e7in bir hammaddedir; takviye g\u0131dalarda ve farmas\u00f6tik \u00fcr\u00fcnlerde kullan\u0131l\u0131r.\",\"breadcrumb\":{\"@id\":\"https:\\\/\\\/naturalpoland.com\\\/tr\\\/urunler\\\/farmasotik-hammaddeler\\\/vitaminler\\\/siyanokobalamin\\\/#breadcrumb\"},\"inLanguage\":\"tr\",\"potentialAction\":[{\"@type\":\"ReadAction\",\"target\":[\"https:\\\/\\\/naturalpoland.com\\\/tr\\\/urunler\\\/farmasotik-hammaddeler\\\/vitaminler\\\/siyanokobalamin\\\/\"]}]},{\"@type\":\"ImageObject\",\"inLanguage\":\"tr\",\"@id\":\"https:\\\/\\\/naturalpoland.com\\\/tr\\\/urunler\\\/farmasotik-hammaddeler\\\/vitaminler\\\/siyanokobalamin\\\/#primaryimage\",\"url\":\"https:\\\/\\\/naturalpoland.com\\\/wp-content\\\/uploads\\\/2021\\\/05\\\/cyanocobalamin-usp.jpg\",\"contentUrl\":\"https:\\\/\\\/naturalpoland.com\\\/wp-content\\\/uploads\\\/2021\\\/05\\\/cyanocobalamin-usp.jpg\",\"width\":500,\"height\":319,\"caption\":\"Siyanokobalamin USP\"},{\"@type\":\"BreadcrumbList\",\"@id\":\"https:\\\/\\\/naturalpoland.com\\\/tr\\\/urunler\\\/farmasotik-hammaddeler\\\/vitaminler\\\/siyanokobalamin\\\/#breadcrumb\",\"itemListElement\":[{\"@type\":\"ListItem\",\"position\":1,\"name\":\"Ana Sayfa\",\"item\":\"https:\\\/\\\/naturalpoland.com\\\/tr\\\/\"},{\"@type\":\"ListItem\",\"position\":2,\"name\":\"\u00dcr\u00fcnler\",\"item\":\"https:\\\/\\\/naturalpoland.com\\\/tr\\\/urunler\\\/\"},{\"@type\":\"ListItem\",\"position\":3,\"name\":\"Siyanokobalamin\"}]},{\"@type\":\"WebSite\",\"@id\":\"https:\\\/\\\/naturalpoland.com\\\/tr\\\/#website\",\"url\":\"https:\\\/\\\/naturalpoland.com\\\/tr\\\/\",\"name\":\"NATURAL POLAND - Hurtowy Dystrybutor Surowc\u00f3w\",\"description\":\"Surowce dla przemys\u0142u spo\u017cywczego, kosmetycznego i farmaceutycznego\",\"publisher\":{\"@id\":\"https:\\\/\\\/naturalpoland.com\\\/tr\\\/#organization\"},\"potentialAction\":[{\"@type\":\"SearchAction\",\"target\":{\"@type\":\"EntryPoint\",\"urlTemplate\":\"https:\\\/\\\/naturalpoland.com\\\/tr\\\/?s={search_term_string}\"},\"query-input\":{\"@type\":\"PropertyValueSpecification\",\"valueRequired\":true,\"valueName\":\"search_term_string\"}}],\"inLanguage\":\"tr\"},{\"@type\":\"Organization\",\"@id\":\"https:\\\/\\\/naturalpoland.com\\\/tr\\\/#organization\",\"name\":\"Natural Poland\",\"url\":\"https:\\\/\\\/naturalpoland.com\\\/tr\\\/\",\"logo\":{\"@type\":\"ImageObject\",\"inLanguage\":\"tr\",\"@id\":\"https:\\\/\\\/naturalpoland.com\\\/tr\\\/#\\\/schema\\\/logo\\\/image\\\/\",\"url\":\"https:\\\/\\\/naturalpoland.com\\\/wp-content\\\/uploads\\\/2021\\\/05\\\/natural-poland-icon.png\",\"contentUrl\":\"https:\\\/\\\/naturalpoland.com\\\/wp-content\\\/uploads\\\/2021\\\/05\\\/natural-poland-icon.png\",\"width\":512,\"height\":512,\"caption\":\"Natural Poland\"},\"image\":{\"@id\":\"https:\\\/\\\/naturalpoland.com\\\/tr\\\/#\\\/schema\\\/logo\\\/image\\\/\"},\"sameAs\":[\"https:\\\/\\\/www.facebook.com\\\/naturalpoland.b2b\",\"https:\\\/\\\/pl.linkedin.com\\\/company\\\/natural-poland\",\"https:\\\/\\\/www.youtube.com\\\/channel\\\/UCgeGGkvOMahZo-xu_MSEWxg\"]}]}<\/script>\n<!-- \/ Yoast SEO plugin. -->","yoast_head_json":{"title":"Siyanokobalamin - NATURAL POLAND - Hurtowy Dystrybutor Surowc\u00f3w","description":"Siyanokobalamin, metabolik sa\u011fl\u0131k, sinir sistemi ve dola\u015f\u0131m sistemi i\u00e7in bir hammaddedir; takviye g\u0131dalarda ve farmas\u00f6tik \u00fcr\u00fcnlerde kullan\u0131l\u0131r.","robots":{"index":"index","follow":"follow","max-snippet":"max-snippet:-1","max-image-preview":"max-image-preview:large","max-video-preview":"max-video-preview:-1"},"canonical":"https:\/\/naturalpoland.com\/tr\/urunler\/farmasotik-hammaddeler\/vitaminler\/siyanokobalamin\/","og_locale":"tr_TR","og_type":"article","og_title":"Siyanokobalamin - NATURAL POLAND - Hurtowy Dystrybutor Surowc\u00f3w","og_description":"Siyanokobalamin, metabolik sa\u011fl\u0131k, sinir sistemi ve dola\u015f\u0131m sistemi i\u00e7in bir hammaddedir; takviye g\u0131dalarda ve farmas\u00f6tik \u00fcr\u00fcnlerde kullan\u0131l\u0131r.","og_url":"https:\/\/naturalpoland.com\/tr\/urunler\/farmasotik-hammaddeler\/vitaminler\/siyanokobalamin\/","og_site_name":"NATURAL POLAND - Hurtowy Dystrybutor Surowc\u00f3w","article_publisher":"https:\/\/www.facebook.com\/naturalpoland.b2b","article_modified_time":"2026-03-18T11:21:27+00:00","og_image":[{"width":500,"height":319,"url":"https:\/\/naturalpoland.com\/wp-content\/uploads\/2021\/05\/cyanocobalamin-usp.jpg","type":"image\/jpeg"}],"schema":{"@context":"https:\/\/schema.org","@graph":[{"@type":"WebPage","@id":"https:\/\/naturalpoland.com\/tr\/urunler\/farmasotik-hammaddeler\/vitaminler\/siyanokobalamin\/","url":"https:\/\/naturalpoland.com\/tr\/urunler\/farmasotik-hammaddeler\/vitaminler\/siyanokobalamin\/","name":"Siyanokobalamin - NATURAL POLAND - Hurtowy Dystrybutor Surowc\u00f3w","isPartOf":{"@id":"https:\/\/naturalpoland.com\/tr\/#website"},"primaryImageOfPage":{"@id":"https:\/\/naturalpoland.com\/tr\/urunler\/farmasotik-hammaddeler\/vitaminler\/siyanokobalamin\/#primaryimage"},"image":{"@id":"https:\/\/naturalpoland.com\/tr\/urunler\/farmasotik-hammaddeler\/vitaminler\/siyanokobalamin\/#primaryimage"},"thumbnailUrl":"https:\/\/naturalpoland.com\/wp-content\/uploads\/2021\/05\/cyanocobalamin-usp.jpg","datePublished":"2021-05-11T11:37:21+00:00","dateModified":"2026-03-18T11:21:27+00:00","description":"Siyanokobalamin, metabolik sa\u011fl\u0131k, sinir sistemi ve dola\u015f\u0131m sistemi i\u00e7in bir hammaddedir; takviye g\u0131dalarda ve farmas\u00f6tik \u00fcr\u00fcnlerde kullan\u0131l\u0131r.","breadcrumb":{"@id":"https:\/\/naturalpoland.com\/tr\/urunler\/farmasotik-hammaddeler\/vitaminler\/siyanokobalamin\/#breadcrumb"},"inLanguage":"tr","potentialAction":[{"@type":"ReadAction","target":["https:\/\/naturalpoland.com\/tr\/urunler\/farmasotik-hammaddeler\/vitaminler\/siyanokobalamin\/"]}]},{"@type":"ImageObject","inLanguage":"tr","@id":"https:\/\/naturalpoland.com\/tr\/urunler\/farmasotik-hammaddeler\/vitaminler\/siyanokobalamin\/#primaryimage","url":"https:\/\/naturalpoland.com\/wp-content\/uploads\/2021\/05\/cyanocobalamin-usp.jpg","contentUrl":"https:\/\/naturalpoland.com\/wp-content\/uploads\/2021\/05\/cyanocobalamin-usp.jpg","width":500,"height":319,"caption":"Siyanokobalamin USP"},{"@type":"BreadcrumbList","@id":"https:\/\/naturalpoland.com\/tr\/urunler\/farmasotik-hammaddeler\/vitaminler\/siyanokobalamin\/#breadcrumb","itemListElement":[{"@type":"ListItem","position":1,"name":"Ana Sayfa","item":"https:\/\/naturalpoland.com\/tr\/"},{"@type":"ListItem","position":2,"name":"\u00dcr\u00fcnler","item":"https:\/\/naturalpoland.com\/tr\/urunler\/"},{"@type":"ListItem","position":3,"name":"Siyanokobalamin"}]},{"@type":"WebSite","@id":"https:\/\/naturalpoland.com\/tr\/#website","url":"https:\/\/naturalpoland.com\/tr\/","name":"NATURAL POLAND - Hurtowy Dystrybutor Surowc\u00f3w","description":"Surowce dla przemys\u0142u spo\u017cywczego, kosmetycznego i farmaceutycznego","publisher":{"@id":"https:\/\/naturalpoland.com\/tr\/#organization"},"potentialAction":[{"@type":"SearchAction","target":{"@type":"EntryPoint","urlTemplate":"https:\/\/naturalpoland.com\/tr\/?s={search_term_string}"},"query-input":{"@type":"PropertyValueSpecification","valueRequired":true,"valueName":"search_term_string"}}],"inLanguage":"tr"},{"@type":"Organization","@id":"https:\/\/naturalpoland.com\/tr\/#organization","name":"Natural Poland","url":"https:\/\/naturalpoland.com\/tr\/","logo":{"@type":"ImageObject","inLanguage":"tr","@id":"https:\/\/naturalpoland.com\/tr\/#\/schema\/logo\/image\/","url":"https:\/\/naturalpoland.com\/wp-content\/uploads\/2021\/05\/natural-poland-icon.png","contentUrl":"https:\/\/naturalpoland.com\/wp-content\/uploads\/2021\/05\/natural-poland-icon.png","width":512,"height":512,"caption":"Natural Poland"},"image":{"@id":"https:\/\/naturalpoland.com\/tr\/#\/schema\/logo\/image\/"},"sameAs":["https:\/\/www.facebook.com\/naturalpoland.b2b","https:\/\/pl.linkedin.com\/company\/natural-poland","https:\/\/www.youtube.com\/channel\/UCgeGGkvOMahZo-xu_MSEWxg"]}]}},"_links":{"self":[{"href":"https:\/\/naturalpoland.com\/tr\/wp-json\/wp\/v2\/product\/46802","targetHints":{"allow":["GET"]}}],"collection":[{"href":"https:\/\/naturalpoland.com\/tr\/wp-json\/wp\/v2\/product"}],"about":[{"href":"https:\/\/naturalpoland.com\/tr\/wp-json\/wp\/v2\/types\/product"}],"wp:featuredmedia":[{"embeddable":true,"href":"https:\/\/naturalpoland.com\/tr\/wp-json\/wp\/v2\/media\/46803"}],"wp:attachment":[{"href":"https:\/\/naturalpoland.com\/tr\/wp-json\/wp\/v2\/media?parent=46802"}],"wp:term":[{"taxonomy":"product_brand","embeddable":true,"href":"https:\/\/naturalpoland.com\/tr\/wp-json\/wp\/v2\/product_brand?post=46802"},{"taxonomy":"product_cat","embeddable":true,"href":"https:\/\/naturalpoland.com\/tr\/wp-json\/wp\/v2\/product_cat?post=46802"},{"taxonomy":"product_tag","embeddable":true,"href":"https:\/\/naturalpoland.com\/tr\/wp-json\/wp\/v2\/product_tag?post=46802"}],"curies":[{"name":"wp","href":"https:\/\/api.w.org\/{rel}","templated":true}]}}