{"id":46804,"date":"2021-07-06T12:04:39","date_gmt":"2021-07-06T10:04:39","guid":{"rendered":"https:\/\/naturalpoland.com\/produkty\/kategorilenmemis\/e-vitamini-tokoferil-asetat\/"},"modified":"2026-03-18T12:21:31","modified_gmt":"2026-03-18T11:21:31","slug":"e-vitamini-tokoferil-asetat","status":"publish","type":"product","link":"https:\/\/naturalpoland.com\/tr\/urunler\/farmasotik-hammaddeler\/vitaminler\/e-vitamini-tokoferil-asetat\/","title":{"rendered":"E Vitamini (tokoferil asetat)"},"content":{"rendered":"<p>E Vitamini ayn\u0131 zamanda <strong>dl-\u03b1-tokoferil asetat<\/strong> (<em><strong>dl-\u03b1-Tocopheryl Acetate<\/strong><\/em>) olarak da bilinir. G\u0131da, farmas\u00f6tik ve kozmetik end\u00fcstrilerinde yayg\u0131n olarak kullan\u0131lan g\u00fc\u00e7l\u00fc bir antioksidand\u0131r. Koruyucu ve rejeneratif \u00f6zellikleri sayesinde, serbest radikalleri n\u00f6tralize etme ve cilt ile v\u00fccut sa\u011fl\u0131\u011f\u0131n\u0131 destekleme yetene\u011fi ile de\u011fer g\u00f6r\u00fcr.  <\/p>\n<h2>Tocopheryl Acetate (tokoferil asetat):<\/h2>\n<ul>\n<li>E vitamininin asetik asit ile birle\u015fmesi sonucu olu\u015fur ve kimyasal stabilitesini art\u0131r\u0131r.<\/li>\n<li>Oksidasyona kar\u015f\u0131 direnci ve uzun raf \u00f6mr\u00fc nedeniyle a\u011f\u0131rl\u0131kl\u0131 olarak kozmetik ve besin takviyelerinde kullan\u0131l\u0131r.<\/li>\n<li>Antioksidan etkiye sahiptir ancak aktif alfa-tokoferol\u00fc serbest b\u0131rakmak i\u00e7in v\u00fccutta enzimatik d\u00f6n\u00fc\u015f\u00fcm gerektirir.<\/li>\n<li>Cilt bak\u0131m \u00fcr\u00fcnlerinde yayg\u0131n olarak kullan\u0131l\u0131r, koruyucu etki g\u00f6sterir ve epidermis rejenerasyonunu destekler.<\/li>\n<\/ul>\n<h2>Tocopheryl Acetate&#8217;\u0131n \u00d6zellikleri:<\/h2>\n<ol>\n<li>G\u00fc\u00e7l\u00fc bir antioksidan olarak g\u00f6rev yapar ve h\u00fccreleri serbest radikallerin neden oldu\u011fu hasarlara kar\u015f\u0131 korur.<\/li>\n<li>Kozmetikte E vitamini cildin nemlenmesine ve yenilenmesine yard\u0131mc\u0131 olur, yara izleri ve lekelerin g\u00f6r\u00fcn\u00fcm\u00fcn\u00fc azalt\u0131r.<\/li>\n<li>Besin takviyelerinde E vitamini ba\u011f\u0131\u015f\u0131kl\u0131k sistemi fonksiyonlar\u0131n\u0131 destekler, kan dola\u015f\u0131m\u0131n\u0131 iyile\u015ftirir ve kalp sa\u011fl\u0131\u011f\u0131n\u0131 destekler.<\/li>\n<\/ol>\n<h2>Kullan\u0131m:<\/h2>\n<p><strong>G\u0131da End\u00fcstrisi<\/strong><\/p>\n<p>E Vitamini g\u0131dalara antioksidan olarak eklenir, ya\u011flar\u0131 ac\u0131la\u015fmaya kar\u015f\u0131 korur ve g\u0131da \u00fcr\u00fcnlerinin raf \u00f6mr\u00fcn\u00fc uzat\u0131r. Ayr\u0131ca besin takviyelerinde kullan\u0131larak bunlar\u0131 gerekli besin \u00f6\u011feleri ile zenginle\u015ftirir. <\/p>\n<p><strong>Kozmetik End\u00fcstrisi<\/strong><\/p>\n<p>Kremler, balsam, serum ve y\u00fcz ile v\u00fccut ya\u011flar\u0131nda kullan\u0131l\u0131r. E Vitamini cildin nemlenmesini iyile\u015ftirir, rejenerasyonunu destekler ve UV radyasyonunun zararl\u0131 etkilerine kar\u015f\u0131 korur. <\/p>\n<p><strong>Farmas\u00f6tik End\u00fcstri<\/strong><\/p>\n<p>E Vitamini kaps\u00fcl ve tablet \u00fcretiminde kalp, cilt ve ba\u011f\u0131\u015f\u0131kl\u0131k sistemi sa\u011fl\u0131\u011f\u0131n\u0131 destekleyen bir bile\u015fen olarak kullan\u0131l\u0131r. Ayr\u0131ca yara iyile\u015fmesini ve yara izi azaltmay\u0131 destekleyen preparatlarda da kullan\u0131l\u0131r. <\/p>\n","protected":false},"excerpt":{"rendered":"<p>Kozmetik, g\u0131da ve farmas\u00f6tik \u00fcretimi i\u00e7in <strong>E Vitamini (<em>Tocopheryl Acetate<\/em>)<\/strong> toptan distrib\u00fct\u00f6r\u00fcy\u00fcz. E Vitamini a\u00e7\u0131k sar\u0131dan ye\u015filimsi sar\u0131ya kadar renkte, n\u00f6tr kokulu, \u00e7\u00f6kelti i\u00e7ermeyen viskoz \u015feffaf bir s\u0131v\u0131 formundad\u0131r. <\/p>\n","protected":false},"featured_media":46806,"template":"","meta":{"_acf_changed":false},"product_brand":[],"product_cat":[9542],"product_tag":[],"class_list":{"0":"post-46804","1":"product","2":"type-product","3":"status-publish","4":"has-post-thumbnail","6":"product_cat-vitaminler","7":"pa_grupa-substancji-antioksidanlar","9":"first","10":"instock","11":"shipping-taxable","12":"product-type-simple"},"acf":[],"yoast_head":"<!-- This site is optimized with the Yoast SEO plugin v27.5 - https:\/\/yoast.com\/product\/yoast-seo-wordpress\/ -->\n<title>E Vitamini (tokoferil asetat) - NATURAL POLAND - Hurtowy Dystrybutor Surowc\u00f3w<\/title>\n<meta name=\"description\" content=\"E Vitamini (dl-\u03b1-tokoferil asetat), g\u0131da end\u00fcstrisinden kozmetik ve farmas\u00f6tik sekt\u00f6re kadar \u00e7e\u015fitli sekt\u00f6rlerde kullan\u0131lan \u00e7ok y\u00f6nl\u00fc ve etkili bir bile\u015fendir.\" \/>\n<meta name=\"robots\" content=\"index, follow, max-snippet:-1, max-image-preview:large, max-video-preview:-1\" \/>\n<link rel=\"canonical\" href=\"https:\/\/naturalpoland.com\/tr\/urunler\/farmasotik-hammaddeler\/vitaminler\/e-vitamini-tokoferil-asetat\/\" \/>\n<meta property=\"og:locale\" content=\"tr_TR\" \/>\n<meta property=\"og:type\" content=\"article\" \/>\n<meta property=\"og:title\" content=\"E Vitamini (tokoferil asetat) - NATURAL POLAND - Hurtowy Dystrybutor Surowc\u00f3w\" \/>\n<meta property=\"og:description\" content=\"E Vitamini (dl-\u03b1-tokoferil asetat), g\u0131da end\u00fcstrisinden kozmetik ve farmas\u00f6tik sekt\u00f6re kadar \u00e7e\u015fitli sekt\u00f6rlerde kullan\u0131lan \u00e7ok y\u00f6nl\u00fc ve etkili bir bile\u015fendir.\" \/>\n<meta property=\"og:url\" content=\"https:\/\/naturalpoland.com\/tr\/urunler\/farmasotik-hammaddeler\/vitaminler\/e-vitamini-tokoferil-asetat\/\" \/>\n<meta property=\"og:site_name\" content=\"NATURAL POLAND - Hurtowy Dystrybutor Surowc\u00f3w\" \/>\n<meta property=\"article:publisher\" content=\"https:\/\/www.facebook.com\/naturalpoland.b2b\" \/>\n<meta property=\"article:modified_time\" content=\"2026-03-18T11:21:31+00:00\" \/>\n<meta property=\"og:image\" content=\"https:\/\/naturalpoland.com\/wp-content\/uploads\/AdobeStock_151865696-scaled.jpeg\" \/>\n\t<meta property=\"og:image:width\" content=\"2560\" \/>\n\t<meta property=\"og:image:height\" content=\"1696\" \/>\n\t<meta property=\"og:image:type\" content=\"image\/jpeg\" \/>\n<script type=\"application\/ld+json\" class=\"yoast-schema-graph\">{\"@context\":\"https:\\\/\\\/schema.org\",\"@graph\":[{\"@type\":\"WebPage\",\"@id\":\"https:\\\/\\\/naturalpoland.com\\\/tr\\\/urunler\\\/farmasotik-hammaddeler\\\/vitaminler\\\/e-vitamini-tokoferil-asetat\\\/\",\"url\":\"https:\\\/\\\/naturalpoland.com\\\/tr\\\/urunler\\\/farmasotik-hammaddeler\\\/vitaminler\\\/e-vitamini-tokoferil-asetat\\\/\",\"name\":\"E Vitamini (tokoferil asetat) - NATURAL POLAND - Hurtowy Dystrybutor Surowc\u00f3w\",\"isPartOf\":{\"@id\":\"https:\\\/\\\/naturalpoland.com\\\/tr\\\/#website\"},\"primaryImageOfPage\":{\"@id\":\"https:\\\/\\\/naturalpoland.com\\\/tr\\\/urunler\\\/farmasotik-hammaddeler\\\/vitaminler\\\/e-vitamini-tokoferil-asetat\\\/#primaryimage\"},\"image\":{\"@id\":\"https:\\\/\\\/naturalpoland.com\\\/tr\\\/urunler\\\/farmasotik-hammaddeler\\\/vitaminler\\\/e-vitamini-tokoferil-asetat\\\/#primaryimage\"},\"thumbnailUrl\":\"https:\\\/\\\/naturalpoland.com\\\/wp-content\\\/uploads\\\/AdobeStock_151865696-scaled.jpeg\",\"datePublished\":\"2021-07-06T10:04:39+00:00\",\"dateModified\":\"2026-03-18T11:21:31+00:00\",\"description\":\"E Vitamini (dl-\u03b1-tokoferil asetat), g\u0131da end\u00fcstrisinden kozmetik ve farmas\u00f6tik sekt\u00f6re kadar \u00e7e\u015fitli sekt\u00f6rlerde kullan\u0131lan \u00e7ok y\u00f6nl\u00fc ve etkili bir bile\u015fendir.\",\"breadcrumb\":{\"@id\":\"https:\\\/\\\/naturalpoland.com\\\/tr\\\/urunler\\\/farmasotik-hammaddeler\\\/vitaminler\\\/e-vitamini-tokoferil-asetat\\\/#breadcrumb\"},\"inLanguage\":\"tr\",\"potentialAction\":[{\"@type\":\"ReadAction\",\"target\":[\"https:\\\/\\\/naturalpoland.com\\\/tr\\\/urunler\\\/farmasotik-hammaddeler\\\/vitaminler\\\/e-vitamini-tokoferil-asetat\\\/\"]}]},{\"@type\":\"ImageObject\",\"inLanguage\":\"tr\",\"@id\":\"https:\\\/\\\/naturalpoland.com\\\/tr\\\/urunler\\\/farmasotik-hammaddeler\\\/vitaminler\\\/e-vitamini-tokoferil-asetat\\\/#primaryimage\",\"url\":\"https:\\\/\\\/naturalpoland.com\\\/wp-content\\\/uploads\\\/AdobeStock_151865696-scaled.jpeg\",\"contentUrl\":\"https:\\\/\\\/naturalpoland.com\\\/wp-content\\\/uploads\\\/AdobeStock_151865696-scaled.jpeg\",\"width\":2560,\"height\":1696,\"caption\":\"Damlal\u0131kl\u0131 \u015ei\u015fe Mock-Up - Bo\u015f Etiket\"},{\"@type\":\"BreadcrumbList\",\"@id\":\"https:\\\/\\\/naturalpoland.com\\\/tr\\\/urunler\\\/farmasotik-hammaddeler\\\/vitaminler\\\/e-vitamini-tokoferil-asetat\\\/#breadcrumb\",\"itemListElement\":[{\"@type\":\"ListItem\",\"position\":1,\"name\":\"Ana Sayfa\",\"item\":\"https:\\\/\\\/naturalpoland.com\\\/tr\\\/\"},{\"@type\":\"ListItem\",\"position\":2,\"name\":\"\u00dcr\u00fcnler\",\"item\":\"https:\\\/\\\/naturalpoland.com\\\/tr\\\/urunler\\\/\"},{\"@type\":\"ListItem\",\"position\":3,\"name\":\"E Vitamini (tokoferil asetat)\"}]},{\"@type\":\"WebSite\",\"@id\":\"https:\\\/\\\/naturalpoland.com\\\/tr\\\/#website\",\"url\":\"https:\\\/\\\/naturalpoland.com\\\/tr\\\/\",\"name\":\"NATURAL POLAND - Hurtowy Dystrybutor Surowc\u00f3w\",\"description\":\"Surowce dla przemys\u0142u spo\u017cywczego, kosmetycznego i farmaceutycznego\",\"publisher\":{\"@id\":\"https:\\\/\\\/naturalpoland.com\\\/tr\\\/#organization\"},\"potentialAction\":[{\"@type\":\"SearchAction\",\"target\":{\"@type\":\"EntryPoint\",\"urlTemplate\":\"https:\\\/\\\/naturalpoland.com\\\/tr\\\/?s={search_term_string}\"},\"query-input\":{\"@type\":\"PropertyValueSpecification\",\"valueRequired\":true,\"valueName\":\"search_term_string\"}}],\"inLanguage\":\"tr\"},{\"@type\":\"Organization\",\"@id\":\"https:\\\/\\\/naturalpoland.com\\\/tr\\\/#organization\",\"name\":\"Natural Poland\",\"url\":\"https:\\\/\\\/naturalpoland.com\\\/tr\\\/\",\"logo\":{\"@type\":\"ImageObject\",\"inLanguage\":\"tr\",\"@id\":\"https:\\\/\\\/naturalpoland.com\\\/tr\\\/#\\\/schema\\\/logo\\\/image\\\/\",\"url\":\"https:\\\/\\\/naturalpoland.com\\\/wp-content\\\/uploads\\\/2021\\\/05\\\/natural-poland-icon.png\",\"contentUrl\":\"https:\\\/\\\/naturalpoland.com\\\/wp-content\\\/uploads\\\/2021\\\/05\\\/natural-poland-icon.png\",\"width\":512,\"height\":512,\"caption\":\"Natural Poland\"},\"image\":{\"@id\":\"https:\\\/\\\/naturalpoland.com\\\/tr\\\/#\\\/schema\\\/logo\\\/image\\\/\"},\"sameAs\":[\"https:\\\/\\\/www.facebook.com\\\/naturalpoland.b2b\",\"https:\\\/\\\/pl.linkedin.com\\\/company\\\/natural-poland\",\"https:\\\/\\\/www.youtube.com\\\/channel\\\/UCgeGGkvOMahZo-xu_MSEWxg\"]}]}<\/script>\n<!-- \/ Yoast SEO plugin. -->","yoast_head_json":{"title":"E Vitamini (tokoferil asetat) - NATURAL POLAND - Hurtowy Dystrybutor Surowc\u00f3w","description":"E Vitamini (dl-\u03b1-tokoferil asetat), g\u0131da end\u00fcstrisinden kozmetik ve farmas\u00f6tik sekt\u00f6re kadar \u00e7e\u015fitli sekt\u00f6rlerde kullan\u0131lan \u00e7ok y\u00f6nl\u00fc ve etkili bir bile\u015fendir.","robots":{"index":"index","follow":"follow","max-snippet":"max-snippet:-1","max-image-preview":"max-image-preview:large","max-video-preview":"max-video-preview:-1"},"canonical":"https:\/\/naturalpoland.com\/tr\/urunler\/farmasotik-hammaddeler\/vitaminler\/e-vitamini-tokoferil-asetat\/","og_locale":"tr_TR","og_type":"article","og_title":"E Vitamini (tokoferil asetat) - NATURAL POLAND - Hurtowy Dystrybutor Surowc\u00f3w","og_description":"E Vitamini (dl-\u03b1-tokoferil asetat), g\u0131da end\u00fcstrisinden kozmetik ve farmas\u00f6tik sekt\u00f6re kadar \u00e7e\u015fitli sekt\u00f6rlerde kullan\u0131lan \u00e7ok y\u00f6nl\u00fc ve etkili bir bile\u015fendir.","og_url":"https:\/\/naturalpoland.com\/tr\/urunler\/farmasotik-hammaddeler\/vitaminler\/e-vitamini-tokoferil-asetat\/","og_site_name":"NATURAL POLAND - Hurtowy Dystrybutor Surowc\u00f3w","article_publisher":"https:\/\/www.facebook.com\/naturalpoland.b2b","article_modified_time":"2026-03-18T11:21:31+00:00","og_image":[{"width":2560,"height":1696,"url":"https:\/\/naturalpoland.com\/wp-content\/uploads\/AdobeStock_151865696-scaled.jpeg","type":"image\/jpeg"}],"schema":{"@context":"https:\/\/schema.org","@graph":[{"@type":"WebPage","@id":"https:\/\/naturalpoland.com\/tr\/urunler\/farmasotik-hammaddeler\/vitaminler\/e-vitamini-tokoferil-asetat\/","url":"https:\/\/naturalpoland.com\/tr\/urunler\/farmasotik-hammaddeler\/vitaminler\/e-vitamini-tokoferil-asetat\/","name":"E Vitamini (tokoferil asetat) - NATURAL POLAND - Hurtowy Dystrybutor Surowc\u00f3w","isPartOf":{"@id":"https:\/\/naturalpoland.com\/tr\/#website"},"primaryImageOfPage":{"@id":"https:\/\/naturalpoland.com\/tr\/urunler\/farmasotik-hammaddeler\/vitaminler\/e-vitamini-tokoferil-asetat\/#primaryimage"},"image":{"@id":"https:\/\/naturalpoland.com\/tr\/urunler\/farmasotik-hammaddeler\/vitaminler\/e-vitamini-tokoferil-asetat\/#primaryimage"},"thumbnailUrl":"https:\/\/naturalpoland.com\/wp-content\/uploads\/AdobeStock_151865696-scaled.jpeg","datePublished":"2021-07-06T10:04:39+00:00","dateModified":"2026-03-18T11:21:31+00:00","description":"E Vitamini (dl-\u03b1-tokoferil asetat), g\u0131da end\u00fcstrisinden kozmetik ve farmas\u00f6tik sekt\u00f6re kadar \u00e7e\u015fitli sekt\u00f6rlerde kullan\u0131lan \u00e7ok y\u00f6nl\u00fc ve etkili bir bile\u015fendir.","breadcrumb":{"@id":"https:\/\/naturalpoland.com\/tr\/urunler\/farmasotik-hammaddeler\/vitaminler\/e-vitamini-tokoferil-asetat\/#breadcrumb"},"inLanguage":"tr","potentialAction":[{"@type":"ReadAction","target":["https:\/\/naturalpoland.com\/tr\/urunler\/farmasotik-hammaddeler\/vitaminler\/e-vitamini-tokoferil-asetat\/"]}]},{"@type":"ImageObject","inLanguage":"tr","@id":"https:\/\/naturalpoland.com\/tr\/urunler\/farmasotik-hammaddeler\/vitaminler\/e-vitamini-tokoferil-asetat\/#primaryimage","url":"https:\/\/naturalpoland.com\/wp-content\/uploads\/AdobeStock_151865696-scaled.jpeg","contentUrl":"https:\/\/naturalpoland.com\/wp-content\/uploads\/AdobeStock_151865696-scaled.jpeg","width":2560,"height":1696,"caption":"Damlal\u0131kl\u0131 \u015ei\u015fe Mock-Up - Bo\u015f Etiket"},{"@type":"BreadcrumbList","@id":"https:\/\/naturalpoland.com\/tr\/urunler\/farmasotik-hammaddeler\/vitaminler\/e-vitamini-tokoferil-asetat\/#breadcrumb","itemListElement":[{"@type":"ListItem","position":1,"name":"Ana Sayfa","item":"https:\/\/naturalpoland.com\/tr\/"},{"@type":"ListItem","position":2,"name":"\u00dcr\u00fcnler","item":"https:\/\/naturalpoland.com\/tr\/urunler\/"},{"@type":"ListItem","position":3,"name":"E Vitamini (tokoferil asetat)"}]},{"@type":"WebSite","@id":"https:\/\/naturalpoland.com\/tr\/#website","url":"https:\/\/naturalpoland.com\/tr\/","name":"NATURAL POLAND - Hurtowy Dystrybutor Surowc\u00f3w","description":"Surowce dla przemys\u0142u spo\u017cywczego, kosmetycznego i farmaceutycznego","publisher":{"@id":"https:\/\/naturalpoland.com\/tr\/#organization"},"potentialAction":[{"@type":"SearchAction","target":{"@type":"EntryPoint","urlTemplate":"https:\/\/naturalpoland.com\/tr\/?s={search_term_string}"},"query-input":{"@type":"PropertyValueSpecification","valueRequired":true,"valueName":"search_term_string"}}],"inLanguage":"tr"},{"@type":"Organization","@id":"https:\/\/naturalpoland.com\/tr\/#organization","name":"Natural Poland","url":"https:\/\/naturalpoland.com\/tr\/","logo":{"@type":"ImageObject","inLanguage":"tr","@id":"https:\/\/naturalpoland.com\/tr\/#\/schema\/logo\/image\/","url":"https:\/\/naturalpoland.com\/wp-content\/uploads\/2021\/05\/natural-poland-icon.png","contentUrl":"https:\/\/naturalpoland.com\/wp-content\/uploads\/2021\/05\/natural-poland-icon.png","width":512,"height":512,"caption":"Natural Poland"},"image":{"@id":"https:\/\/naturalpoland.com\/tr\/#\/schema\/logo\/image\/"},"sameAs":["https:\/\/www.facebook.com\/naturalpoland.b2b","https:\/\/pl.linkedin.com\/company\/natural-poland","https:\/\/www.youtube.com\/channel\/UCgeGGkvOMahZo-xu_MSEWxg"]}]}},"_links":{"self":[{"href":"https:\/\/naturalpoland.com\/tr\/wp-json\/wp\/v2\/product\/46804","targetHints":{"allow":["GET"]}}],"collection":[{"href":"https:\/\/naturalpoland.com\/tr\/wp-json\/wp\/v2\/product"}],"about":[{"href":"https:\/\/naturalpoland.com\/tr\/wp-json\/wp\/v2\/types\/product"}],"wp:featuredmedia":[{"embeddable":true,"href":"https:\/\/naturalpoland.com\/tr\/wp-json\/wp\/v2\/media\/46806"}],"wp:attachment":[{"href":"https:\/\/naturalpoland.com\/tr\/wp-json\/wp\/v2\/media?parent=46804"}],"wp:term":[{"taxonomy":"product_brand","embeddable":true,"href":"https:\/\/naturalpoland.com\/tr\/wp-json\/wp\/v2\/product_brand?post=46804"},{"taxonomy":"product_cat","embeddable":true,"href":"https:\/\/naturalpoland.com\/tr\/wp-json\/wp\/v2\/product_cat?post=46804"},{"taxonomy":"product_tag","embeddable":true,"href":"https:\/\/naturalpoland.com\/tr\/wp-json\/wp\/v2\/product_tag?post=46804"}],"curies":[{"name":"wp","href":"https:\/\/api.w.org\/{rel}","templated":true}]}}