{"id":46817,"date":"2023-08-02T14:33:06","date_gmt":"2023-08-02T12:33:06","guid":{"rendered":"https:\/\/naturalpoland.com\/produkty\/kategorilenmemis\/kayisi-mumu\/"},"modified":"2026-03-18T12:39:00","modified_gmt":"2026-03-18T11:39:00","slug":"kayisi-mumu","status":"publish","type":"product","link":"https:\/\/naturalpoland.com\/tr\/urunler\/mumlar\/kayisi-mumu\/","title":{"rendered":"Kay\u0131s\u0131 Mumu"},"content":{"rendered":"<p>Do\u011fal kay\u0131s\u0131 mumu, <strong><a href=\"https:\/\/naturalpoland.com\/tr\/urunler\/gida-hammaddeleri\/gida-yaglari\/kayisi-cekirdegi-yagi\/\">kay\u0131s\u0131 \u00e7ekirde\u011fi ya\u011f\u0131<\/a><\/strong> i\u00e7eri\u011fi sayesinde oleik asit ve linoleik asit gibi esansiyel doymam\u0131\u015f ya\u011f asitleri a\u00e7\u0131s\u0131ndan zengindir. Bu bile\u015fenler cildi besler ve nemlendirir, elastikiyetini art\u0131r\u0131r ve do\u011fru nem seviyesini korumaya yard\u0131mc\u0131 olur. <\/p>\n<p>Ek olarak, kozmetik kay\u0131s\u0131 mumu yat\u0131\u015ft\u0131r\u0131c\u0131 ve p\u00fcr\u00fczs\u00fczle\u015ftirici \u00f6zelliklere sahiptir. Tahri\u015f olmu\u015f cildi rahatlat\u0131r, ince \u00e7izgileri ve k\u0131r\u0131\u015f\u0131kl\u0131klar\u0131 en aza indirmeye yard\u0131mc\u0131 olur, ayr\u0131ca parlak ve \u0131\u015f\u0131lt\u0131l\u0131 bir g\u00f6r\u00fcn\u00fcm kazand\u0131r\u0131r. <\/p>\n<p>Okl\u00fczif \u00f6zellikleri, cilt y\u00fczeyinde su kayb\u0131na, kirlili\u011fe ve d\u0131\u015f etkenlerin zararl\u0131 etkilerine kar\u015f\u0131 koruyan hassas bir film olu\u015fturur. Bu sayede cilt daha iyi korunur ve gen\u00e7li\u011fini daha uzun s\u00fcre muhafaza eder. <\/p>\n<p>Losyon ve kremlerden dudak bak\u0131m \u00fcr\u00fcnlerine ve renkli kozmetiklere kadar bir\u00e7ok farkl\u0131 kozmetik formunda m\u00fckemmel sonu\u00e7lar verir.<\/p>\n","protected":false},"excerpt":{"rendered":"<p>Kay\u0131s\u0131 mumu, kay\u0131s\u0131 \u00e7ekirdeklerinden elde edilen benzersiz bir kozmetik bile\u015fendir. Bitkisel ya\u011f ile zenginle\u015ftirilmi\u015f olup, geni\u015f bir kozmetik \u00fcr\u00fcn yelpazesinde m\u00fckemmel sonu\u00e7lar veren bir mum formu olu\u015fturulmas\u0131na olanak tan\u0131r. <\/p>\n","protected":false},"featured_media":46818,"template":"","meta":{"_acf_changed":false},"product_brand":[],"product_cat":[9573],"product_tag":[],"class_list":{"0":"post-46817","1":"product","2":"type-product","3":"status-publish","4":"has-post-thumbnail","6":"product_cat-mumlar","8":"first","9":"instock","10":"shipping-taxable","11":"product-type-simple"},"acf":[],"yoast_head":"<!-- This site is optimized with the Yoast SEO plugin v27.5 - https:\/\/yoast.com\/product\/yoast-seo-wordpress\/ -->\n<title>Kay\u0131s\u0131 Mumu - Hurtowy Dystrybutor<\/title>\n<meta name=\"description\" content=\"Kay\u0131s\u0131 mumu, kay\u0131s\u0131 \u00e7ekirdeklerinden elde edilen benzersiz bir kozmetik bile\u015fendir. Bir\u00e7ok farkl\u0131 kozmetik formunda m\u00fckemmel sonu\u00e7lar verir.\" \/>\n<meta name=\"robots\" content=\"index, follow, max-snippet:-1, max-image-preview:large, max-video-preview:-1\" \/>\n<link rel=\"canonical\" href=\"https:\/\/naturalpoland.com\/tr\/urunler\/mumlar\/kayisi-mumu\/\" \/>\n<meta property=\"og:locale\" content=\"tr_TR\" \/>\n<meta property=\"og:type\" content=\"article\" \/>\n<meta property=\"og:title\" content=\"Kay\u0131s\u0131 Mumu - Hurtowy Dystrybutor\" \/>\n<meta property=\"og:description\" content=\"Kay\u0131s\u0131 mumu, kay\u0131s\u0131 \u00e7ekirdeklerinden elde edilen benzersiz bir kozmetik bile\u015fendir. Bir\u00e7ok farkl\u0131 kozmetik formunda m\u00fckemmel sonu\u00e7lar verir.\" \/>\n<meta property=\"og:url\" content=\"https:\/\/naturalpoland.com\/tr\/urunler\/mumlar\/kayisi-mumu\/\" \/>\n<meta property=\"og:site_name\" content=\"NATURAL POLAND - Hurtowy Dystrybutor Surowc\u00f3w\" \/>\n<meta property=\"article:publisher\" content=\"https:\/\/www.facebook.com\/naturalpoland.b2b\" \/>\n<meta property=\"article:modified_time\" content=\"2026-03-18T11:39:00+00:00\" \/>\n<meta property=\"og:image\" content=\"https:\/\/naturalpoland.com\/wp-content\/uploads\/apricot-wax.png\" \/>\n\t<meta property=\"og:image:width\" content=\"1024\" \/>\n\t<meta property=\"og:image:height\" content=\"1024\" \/>\n\t<meta property=\"og:image:type\" content=\"image\/png\" \/>\n<script type=\"application\/ld+json\" class=\"yoast-schema-graph\">{\"@context\":\"https:\\\/\\\/schema.org\",\"@graph\":[{\"@type\":\"WebPage\",\"@id\":\"https:\\\/\\\/naturalpoland.com\\\/tr\\\/urunler\\\/mumlar\\\/kayisi-mumu\\\/\",\"url\":\"https:\\\/\\\/naturalpoland.com\\\/tr\\\/urunler\\\/mumlar\\\/kayisi-mumu\\\/\",\"name\":\"Kay\u0131s\u0131 Mumu - Hurtowy Dystrybutor\",\"isPartOf\":{\"@id\":\"https:\\\/\\\/naturalpoland.com\\\/tr\\\/#website\"},\"primaryImageOfPage\":{\"@id\":\"https:\\\/\\\/naturalpoland.com\\\/tr\\\/urunler\\\/mumlar\\\/kayisi-mumu\\\/#primaryimage\"},\"image\":{\"@id\":\"https:\\\/\\\/naturalpoland.com\\\/tr\\\/urunler\\\/mumlar\\\/kayisi-mumu\\\/#primaryimage\"},\"thumbnailUrl\":\"https:\\\/\\\/naturalpoland.com\\\/wp-content\\\/uploads\\\/apricot-wax.png\",\"datePublished\":\"2023-08-02T12:33:06+00:00\",\"dateModified\":\"2026-03-18T11:39:00+00:00\",\"description\":\"Kay\u0131s\u0131 mumu, kay\u0131s\u0131 \u00e7ekirdeklerinden elde edilen benzersiz bir kozmetik bile\u015fendir. Bir\u00e7ok farkl\u0131 kozmetik formunda m\u00fckemmel sonu\u00e7lar verir.\",\"breadcrumb\":{\"@id\":\"https:\\\/\\\/naturalpoland.com\\\/tr\\\/urunler\\\/mumlar\\\/kayisi-mumu\\\/#breadcrumb\"},\"inLanguage\":\"tr\",\"potentialAction\":[{\"@type\":\"ReadAction\",\"target\":[\"https:\\\/\\\/naturalpoland.com\\\/tr\\\/urunler\\\/mumlar\\\/kayisi-mumu\\\/\"]}]},{\"@type\":\"ImageObject\",\"inLanguage\":\"tr\",\"@id\":\"https:\\\/\\\/naturalpoland.com\\\/tr\\\/urunler\\\/mumlar\\\/kayisi-mumu\\\/#primaryimage\",\"url\":\"https:\\\/\\\/naturalpoland.com\\\/wp-content\\\/uploads\\\/apricot-wax.png\",\"contentUrl\":\"https:\\\/\\\/naturalpoland.com\\\/wp-content\\\/uploads\\\/apricot-wax.png\",\"width\":1024,\"height\":1024,\"caption\":\"kay\u0131s\u0131 mumu\"},{\"@type\":\"BreadcrumbList\",\"@id\":\"https:\\\/\\\/naturalpoland.com\\\/tr\\\/urunler\\\/mumlar\\\/kayisi-mumu\\\/#breadcrumb\",\"itemListElement\":[{\"@type\":\"ListItem\",\"position\":1,\"name\":\"Ana Sayfa\",\"item\":\"https:\\\/\\\/naturalpoland.com\\\/tr\\\/\"},{\"@type\":\"ListItem\",\"position\":2,\"name\":\"\u00dcr\u00fcnler\",\"item\":\"https:\\\/\\\/naturalpoland.com\\\/tr\\\/urunler\\\/\"},{\"@type\":\"ListItem\",\"position\":3,\"name\":\"Kay\u0131s\u0131 Mumu\"}]},{\"@type\":\"WebSite\",\"@id\":\"https:\\\/\\\/naturalpoland.com\\\/tr\\\/#website\",\"url\":\"https:\\\/\\\/naturalpoland.com\\\/tr\\\/\",\"name\":\"NATURAL POLAND - Hurtowy Dystrybutor Surowc\u00f3w\",\"description\":\"Surowce dla przemys\u0142u spo\u017cywczego, kosmetycznego i farmaceutycznego\",\"publisher\":{\"@id\":\"https:\\\/\\\/naturalpoland.com\\\/tr\\\/#organization\"},\"potentialAction\":[{\"@type\":\"SearchAction\",\"target\":{\"@type\":\"EntryPoint\",\"urlTemplate\":\"https:\\\/\\\/naturalpoland.com\\\/tr\\\/?s={search_term_string}\"},\"query-input\":{\"@type\":\"PropertyValueSpecification\",\"valueRequired\":true,\"valueName\":\"search_term_string\"}}],\"inLanguage\":\"tr\"},{\"@type\":\"Organization\",\"@id\":\"https:\\\/\\\/naturalpoland.com\\\/tr\\\/#organization\",\"name\":\"Natural Poland\",\"url\":\"https:\\\/\\\/naturalpoland.com\\\/tr\\\/\",\"logo\":{\"@type\":\"ImageObject\",\"inLanguage\":\"tr\",\"@id\":\"https:\\\/\\\/naturalpoland.com\\\/tr\\\/#\\\/schema\\\/logo\\\/image\\\/\",\"url\":\"https:\\\/\\\/naturalpoland.com\\\/wp-content\\\/uploads\\\/2021\\\/05\\\/natural-poland-icon.png\",\"contentUrl\":\"https:\\\/\\\/naturalpoland.com\\\/wp-content\\\/uploads\\\/2021\\\/05\\\/natural-poland-icon.png\",\"width\":512,\"height\":512,\"caption\":\"Natural Poland\"},\"image\":{\"@id\":\"https:\\\/\\\/naturalpoland.com\\\/tr\\\/#\\\/schema\\\/logo\\\/image\\\/\"},\"sameAs\":[\"https:\\\/\\\/www.facebook.com\\\/naturalpoland.b2b\",\"https:\\\/\\\/pl.linkedin.com\\\/company\\\/natural-poland\",\"https:\\\/\\\/www.youtube.com\\\/channel\\\/UCgeGGkvOMahZo-xu_MSEWxg\"]}]}<\/script>\n<!-- \/ Yoast SEO plugin. -->","yoast_head_json":{"title":"Kay\u0131s\u0131 Mumu - Hurtowy Dystrybutor","description":"Kay\u0131s\u0131 mumu, kay\u0131s\u0131 \u00e7ekirdeklerinden elde edilen benzersiz bir kozmetik bile\u015fendir. Bir\u00e7ok farkl\u0131 kozmetik formunda m\u00fckemmel sonu\u00e7lar verir.","robots":{"index":"index","follow":"follow","max-snippet":"max-snippet:-1","max-image-preview":"max-image-preview:large","max-video-preview":"max-video-preview:-1"},"canonical":"https:\/\/naturalpoland.com\/tr\/urunler\/mumlar\/kayisi-mumu\/","og_locale":"tr_TR","og_type":"article","og_title":"Kay\u0131s\u0131 Mumu - Hurtowy Dystrybutor","og_description":"Kay\u0131s\u0131 mumu, kay\u0131s\u0131 \u00e7ekirdeklerinden elde edilen benzersiz bir kozmetik bile\u015fendir. Bir\u00e7ok farkl\u0131 kozmetik formunda m\u00fckemmel sonu\u00e7lar verir.","og_url":"https:\/\/naturalpoland.com\/tr\/urunler\/mumlar\/kayisi-mumu\/","og_site_name":"NATURAL POLAND - Hurtowy Dystrybutor Surowc\u00f3w","article_publisher":"https:\/\/www.facebook.com\/naturalpoland.b2b","article_modified_time":"2026-03-18T11:39:00+00:00","og_image":[{"width":1024,"height":1024,"url":"https:\/\/naturalpoland.com\/wp-content\/uploads\/apricot-wax.png","type":"image\/png"}],"schema":{"@context":"https:\/\/schema.org","@graph":[{"@type":"WebPage","@id":"https:\/\/naturalpoland.com\/tr\/urunler\/mumlar\/kayisi-mumu\/","url":"https:\/\/naturalpoland.com\/tr\/urunler\/mumlar\/kayisi-mumu\/","name":"Kay\u0131s\u0131 Mumu - Hurtowy Dystrybutor","isPartOf":{"@id":"https:\/\/naturalpoland.com\/tr\/#website"},"primaryImageOfPage":{"@id":"https:\/\/naturalpoland.com\/tr\/urunler\/mumlar\/kayisi-mumu\/#primaryimage"},"image":{"@id":"https:\/\/naturalpoland.com\/tr\/urunler\/mumlar\/kayisi-mumu\/#primaryimage"},"thumbnailUrl":"https:\/\/naturalpoland.com\/wp-content\/uploads\/apricot-wax.png","datePublished":"2023-08-02T12:33:06+00:00","dateModified":"2026-03-18T11:39:00+00:00","description":"Kay\u0131s\u0131 mumu, kay\u0131s\u0131 \u00e7ekirdeklerinden elde edilen benzersiz bir kozmetik bile\u015fendir. Bir\u00e7ok farkl\u0131 kozmetik formunda m\u00fckemmel sonu\u00e7lar verir.","breadcrumb":{"@id":"https:\/\/naturalpoland.com\/tr\/urunler\/mumlar\/kayisi-mumu\/#breadcrumb"},"inLanguage":"tr","potentialAction":[{"@type":"ReadAction","target":["https:\/\/naturalpoland.com\/tr\/urunler\/mumlar\/kayisi-mumu\/"]}]},{"@type":"ImageObject","inLanguage":"tr","@id":"https:\/\/naturalpoland.com\/tr\/urunler\/mumlar\/kayisi-mumu\/#primaryimage","url":"https:\/\/naturalpoland.com\/wp-content\/uploads\/apricot-wax.png","contentUrl":"https:\/\/naturalpoland.com\/wp-content\/uploads\/apricot-wax.png","width":1024,"height":1024,"caption":"kay\u0131s\u0131 mumu"},{"@type":"BreadcrumbList","@id":"https:\/\/naturalpoland.com\/tr\/urunler\/mumlar\/kayisi-mumu\/#breadcrumb","itemListElement":[{"@type":"ListItem","position":1,"name":"Ana Sayfa","item":"https:\/\/naturalpoland.com\/tr\/"},{"@type":"ListItem","position":2,"name":"\u00dcr\u00fcnler","item":"https:\/\/naturalpoland.com\/tr\/urunler\/"},{"@type":"ListItem","position":3,"name":"Kay\u0131s\u0131 Mumu"}]},{"@type":"WebSite","@id":"https:\/\/naturalpoland.com\/tr\/#website","url":"https:\/\/naturalpoland.com\/tr\/","name":"NATURAL POLAND - Hurtowy Dystrybutor Surowc\u00f3w","description":"Surowce dla przemys\u0142u spo\u017cywczego, kosmetycznego i farmaceutycznego","publisher":{"@id":"https:\/\/naturalpoland.com\/tr\/#organization"},"potentialAction":[{"@type":"SearchAction","target":{"@type":"EntryPoint","urlTemplate":"https:\/\/naturalpoland.com\/tr\/?s={search_term_string}"},"query-input":{"@type":"PropertyValueSpecification","valueRequired":true,"valueName":"search_term_string"}}],"inLanguage":"tr"},{"@type":"Organization","@id":"https:\/\/naturalpoland.com\/tr\/#organization","name":"Natural Poland","url":"https:\/\/naturalpoland.com\/tr\/","logo":{"@type":"ImageObject","inLanguage":"tr","@id":"https:\/\/naturalpoland.com\/tr\/#\/schema\/logo\/image\/","url":"https:\/\/naturalpoland.com\/wp-content\/uploads\/2021\/05\/natural-poland-icon.png","contentUrl":"https:\/\/naturalpoland.com\/wp-content\/uploads\/2021\/05\/natural-poland-icon.png","width":512,"height":512,"caption":"Natural Poland"},"image":{"@id":"https:\/\/naturalpoland.com\/tr\/#\/schema\/logo\/image\/"},"sameAs":["https:\/\/www.facebook.com\/naturalpoland.b2b","https:\/\/pl.linkedin.com\/company\/natural-poland","https:\/\/www.youtube.com\/channel\/UCgeGGkvOMahZo-xu_MSEWxg"]}]}},"_links":{"self":[{"href":"https:\/\/naturalpoland.com\/tr\/wp-json\/wp\/v2\/product\/46817","targetHints":{"allow":["GET"]}}],"collection":[{"href":"https:\/\/naturalpoland.com\/tr\/wp-json\/wp\/v2\/product"}],"about":[{"href":"https:\/\/naturalpoland.com\/tr\/wp-json\/wp\/v2\/types\/product"}],"wp:featuredmedia":[{"embeddable":true,"href":"https:\/\/naturalpoland.com\/tr\/wp-json\/wp\/v2\/media\/46818"}],"wp:attachment":[{"href":"https:\/\/naturalpoland.com\/tr\/wp-json\/wp\/v2\/media?parent=46817"}],"wp:term":[{"taxonomy":"product_brand","embeddable":true,"href":"https:\/\/naturalpoland.com\/tr\/wp-json\/wp\/v2\/product_brand?post=46817"},{"taxonomy":"product_cat","embeddable":true,"href":"https:\/\/naturalpoland.com\/tr\/wp-json\/wp\/v2\/product_cat?post=46817"},{"taxonomy":"product_tag","embeddable":true,"href":"https:\/\/naturalpoland.com\/tr\/wp-json\/wp\/v2\/product_tag?post=46817"}],"curies":[{"name":"wp","href":"https:\/\/api.w.org\/{rel}","templated":true}]}}