{"id":46819,"date":"2023-08-02T14:51:10","date_gmt":"2023-08-02T12:51:10","guid":{"rendered":"https:\/\/naturalpoland.com\/produkty\/kategorilenmemis\/misket-limonu-mumu\/"},"modified":"2026-03-18T12:39:02","modified_gmt":"2026-03-18T11:39:02","slug":"misket-limonu-mumu","status":"publish","type":"product","link":"https:\/\/naturalpoland.com\/tr\/urunler\/mumlar\/misket-limonu-mumu\/","title":{"rendered":"Misket Limonu Mumu"},"content":{"rendered":"<p>Misket limonu tohumlar\u0131, serbest radikallerle m\u00fccadele etmeye yard\u0131mc\u0131 olan ve cildi \u00e7evresel hasarlardan koruyan C vitamini gibi g\u00fc\u00e7l\u00fc antioksidanlar\u0131n do\u011fal kayna\u011f\u0131d\u0131r.<\/p>\n<p>Misket limonu mumu ayr\u0131ca cildin nemli ve yumu\u015fak kalmas\u0131na yard\u0131mc\u0131 olan ya\u011f asitleri a\u00e7\u0131s\u0131ndan zengindir. Cilt \u00fczerinde bariyer olu\u015fturma yetene\u011fi sayesinde, misket limonu mumu nemi hapsetmeye yard\u0131mc\u0131 olarak uzun s\u00fcreli nemlendirme sa\u011flar. <\/p>\n<p>Misket limonunun ferahlat\u0131c\u0131 ve canland\u0131r\u0131c\u0131 aromas\u0131 sayesinde, bu mum v\u00fccut balsamlar\u0131 veya mumlar gibi kokulu \u00fcr\u00fcnlere m\u00fckemmel bir katk\u0131 maddesidir. P\u00fcr\u00fczs\u00fcz ve yumu\u015fak k\u0131vam\u0131, di\u011fer bile\u015fenlerle kolayca kar\u0131\u015fmas\u0131n\u0131 sa\u011flayarak \u00e7e\u015fitli kozmetik \u00fcr\u00fcnler olu\u015fturmak i\u00e7in ideal bir bile\u015fen haline getirir. <\/p>\n<p>Misket limonu mumu, yo\u011fun nemlendirme, koruma ve cilt beslenmesini bir araya getiren, ayn\u0131 zamanda e\u015fsiz narenciye aromas\u0131 sunan benzersiz bir kozmetik bile\u015fendir. Bu sayede, i\u00e7eri\u011finde bulundu\u011fu \u00fcr\u00fcnler sadece cildin durumunu iyile\u015ftirmekle kalmaz, ayn\u0131 zamanda duyular\u0131 da uyar\u0131r. <\/p>\n","protected":false},"excerpt":{"rendered":"<p>Kozmetik misket limonu mumu, misket limonu tohumlar\u0131ndan elde edilen son derece etkili bir kozmetik bile\u015fendir. \u00c7e\u015fitli kozmetik form\u00fclasyonlara \u00e7ok y\u00f6nl\u00fc bir katk\u0131 maddesidir. <\/p>\n","protected":false},"featured_media":46820,"template":"","meta":{"_acf_changed":false},"product_brand":[],"product_cat":[9573],"product_tag":[],"class_list":{"0":"post-46819","1":"product","2":"type-product","3":"status-publish","4":"has-post-thumbnail","6":"product_cat-mumlar","8":"first","9":"instock","10":"shipping-taxable","11":"product-type-simple"},"acf":[],"yoast_head":"<!-- This site is optimized with the Yoast SEO plugin v27.5 - https:\/\/yoast.com\/product\/yoast-seo-wordpress\/ -->\n<title>Misket Limonu Mumu - Hurtowy Dystrybutor<\/title>\n<meta name=\"description\" content=\"Kozmetik misket limonu mumu, misket limonu tohumlar\u0131ndan \u00fcretilir. \u00c7e\u015fitli kozmetik form\u00fclasyonlara etkili ve \u00e7ok y\u00f6nl\u00fc bir katk\u0131 maddesidir.\" \/>\n<meta name=\"robots\" content=\"index, follow, max-snippet:-1, max-image-preview:large, max-video-preview:-1\" \/>\n<link rel=\"canonical\" href=\"https:\/\/naturalpoland.com\/tr\/urunler\/mumlar\/misket-limonu-mumu\/\" \/>\n<meta property=\"og:locale\" content=\"tr_TR\" \/>\n<meta property=\"og:type\" content=\"article\" \/>\n<meta property=\"og:title\" content=\"Misket Limonu Mumu - Hurtowy Dystrybutor\" \/>\n<meta property=\"og:description\" content=\"Kozmetik misket limonu mumu, misket limonu tohumlar\u0131ndan \u00fcretilir. \u00c7e\u015fitli kozmetik form\u00fclasyonlara etkili ve \u00e7ok y\u00f6nl\u00fc bir katk\u0131 maddesidir.\" \/>\n<meta property=\"og:url\" content=\"https:\/\/naturalpoland.com\/tr\/urunler\/mumlar\/misket-limonu-mumu\/\" \/>\n<meta property=\"og:site_name\" content=\"NATURAL POLAND - Hurtowy Dystrybutor Surowc\u00f3w\" \/>\n<meta property=\"article:publisher\" content=\"https:\/\/www.facebook.com\/naturalpoland.b2b\" \/>\n<meta property=\"article:modified_time\" content=\"2026-03-18T11:39:02+00:00\" \/>\n<meta property=\"og:image\" content=\"https:\/\/naturalpoland.com\/wp-content\/uploads\/citrus_aurantifolia_wax.png\" \/>\n\t<meta property=\"og:image:width\" content=\"1024\" \/>\n\t<meta property=\"og:image:height\" content=\"1024\" \/>\n\t<meta property=\"og:image:type\" content=\"image\/png\" \/>\n<script type=\"application\/ld+json\" class=\"yoast-schema-graph\">{\"@context\":\"https:\\\/\\\/schema.org\",\"@graph\":[{\"@type\":\"WebPage\",\"@id\":\"https:\\\/\\\/naturalpoland.com\\\/tr\\\/urunler\\\/mumlar\\\/misket-limonu-mumu\\\/\",\"url\":\"https:\\\/\\\/naturalpoland.com\\\/tr\\\/urunler\\\/mumlar\\\/misket-limonu-mumu\\\/\",\"name\":\"Misket Limonu Mumu - Hurtowy Dystrybutor\",\"isPartOf\":{\"@id\":\"https:\\\/\\\/naturalpoland.com\\\/tr\\\/#website\"},\"primaryImageOfPage\":{\"@id\":\"https:\\\/\\\/naturalpoland.com\\\/tr\\\/urunler\\\/mumlar\\\/misket-limonu-mumu\\\/#primaryimage\"},\"image\":{\"@id\":\"https:\\\/\\\/naturalpoland.com\\\/tr\\\/urunler\\\/mumlar\\\/misket-limonu-mumu\\\/#primaryimage\"},\"thumbnailUrl\":\"https:\\\/\\\/naturalpoland.com\\\/wp-content\\\/uploads\\\/citrus_aurantifolia_wax.png\",\"datePublished\":\"2023-08-02T12:51:10+00:00\",\"dateModified\":\"2026-03-18T11:39:02+00:00\",\"description\":\"Kozmetik misket limonu mumu, misket limonu tohumlar\u0131ndan \u00fcretilir. \u00c7e\u015fitli kozmetik form\u00fclasyonlara etkili ve \u00e7ok y\u00f6nl\u00fc bir katk\u0131 maddesidir.\",\"breadcrumb\":{\"@id\":\"https:\\\/\\\/naturalpoland.com\\\/tr\\\/urunler\\\/mumlar\\\/misket-limonu-mumu\\\/#breadcrumb\"},\"inLanguage\":\"tr\",\"potentialAction\":[{\"@type\":\"ReadAction\",\"target\":[\"https:\\\/\\\/naturalpoland.com\\\/tr\\\/urunler\\\/mumlar\\\/misket-limonu-mumu\\\/\"]}]},{\"@type\":\"ImageObject\",\"inLanguage\":\"tr\",\"@id\":\"https:\\\/\\\/naturalpoland.com\\\/tr\\\/urunler\\\/mumlar\\\/misket-limonu-mumu\\\/#primaryimage\",\"url\":\"https:\\\/\\\/naturalpoland.com\\\/wp-content\\\/uploads\\\/citrus_aurantifolia_wax.png\",\"contentUrl\":\"https:\\\/\\\/naturalpoland.com\\\/wp-content\\\/uploads\\\/citrus_aurantifolia_wax.png\",\"width\":1024,\"height\":1024,\"caption\":\"misket limonu mumu\"},{\"@type\":\"BreadcrumbList\",\"@id\":\"https:\\\/\\\/naturalpoland.com\\\/tr\\\/urunler\\\/mumlar\\\/misket-limonu-mumu\\\/#breadcrumb\",\"itemListElement\":[{\"@type\":\"ListItem\",\"position\":1,\"name\":\"Ana Sayfa\",\"item\":\"https:\\\/\\\/naturalpoland.com\\\/tr\\\/\"},{\"@type\":\"ListItem\",\"position\":2,\"name\":\"\u00dcr\u00fcnler\",\"item\":\"https:\\\/\\\/naturalpoland.com\\\/tr\\\/urunler\\\/\"},{\"@type\":\"ListItem\",\"position\":3,\"name\":\"Misket Limonu Mumu\"}]},{\"@type\":\"WebSite\",\"@id\":\"https:\\\/\\\/naturalpoland.com\\\/tr\\\/#website\",\"url\":\"https:\\\/\\\/naturalpoland.com\\\/tr\\\/\",\"name\":\"NATURAL POLAND - Hurtowy Dystrybutor Surowc\u00f3w\",\"description\":\"Surowce dla przemys\u0142u spo\u017cywczego, kosmetycznego i farmaceutycznego\",\"publisher\":{\"@id\":\"https:\\\/\\\/naturalpoland.com\\\/tr\\\/#organization\"},\"potentialAction\":[{\"@type\":\"SearchAction\",\"target\":{\"@type\":\"EntryPoint\",\"urlTemplate\":\"https:\\\/\\\/naturalpoland.com\\\/tr\\\/?s={search_term_string}\"},\"query-input\":{\"@type\":\"PropertyValueSpecification\",\"valueRequired\":true,\"valueName\":\"search_term_string\"}}],\"inLanguage\":\"tr\"},{\"@type\":\"Organization\",\"@id\":\"https:\\\/\\\/naturalpoland.com\\\/tr\\\/#organization\",\"name\":\"Natural Poland\",\"url\":\"https:\\\/\\\/naturalpoland.com\\\/tr\\\/\",\"logo\":{\"@type\":\"ImageObject\",\"inLanguage\":\"tr\",\"@id\":\"https:\\\/\\\/naturalpoland.com\\\/tr\\\/#\\\/schema\\\/logo\\\/image\\\/\",\"url\":\"https:\\\/\\\/naturalpoland.com\\\/wp-content\\\/uploads\\\/2021\\\/05\\\/natural-poland-icon.png\",\"contentUrl\":\"https:\\\/\\\/naturalpoland.com\\\/wp-content\\\/uploads\\\/2021\\\/05\\\/natural-poland-icon.png\",\"width\":512,\"height\":512,\"caption\":\"Natural Poland\"},\"image\":{\"@id\":\"https:\\\/\\\/naturalpoland.com\\\/tr\\\/#\\\/schema\\\/logo\\\/image\\\/\"},\"sameAs\":[\"https:\\\/\\\/www.facebook.com\\\/naturalpoland.b2b\",\"https:\\\/\\\/pl.linkedin.com\\\/company\\\/natural-poland\",\"https:\\\/\\\/www.youtube.com\\\/channel\\\/UCgeGGkvOMahZo-xu_MSEWxg\"]}]}<\/script>\n<!-- \/ Yoast SEO plugin. -->","yoast_head_json":{"title":"Misket Limonu Mumu - Hurtowy Dystrybutor","description":"Kozmetik misket limonu mumu, misket limonu tohumlar\u0131ndan \u00fcretilir. \u00c7e\u015fitli kozmetik form\u00fclasyonlara etkili ve \u00e7ok y\u00f6nl\u00fc bir katk\u0131 maddesidir.","robots":{"index":"index","follow":"follow","max-snippet":"max-snippet:-1","max-image-preview":"max-image-preview:large","max-video-preview":"max-video-preview:-1"},"canonical":"https:\/\/naturalpoland.com\/tr\/urunler\/mumlar\/misket-limonu-mumu\/","og_locale":"tr_TR","og_type":"article","og_title":"Misket Limonu Mumu - Hurtowy Dystrybutor","og_description":"Kozmetik misket limonu mumu, misket limonu tohumlar\u0131ndan \u00fcretilir. \u00c7e\u015fitli kozmetik form\u00fclasyonlara etkili ve \u00e7ok y\u00f6nl\u00fc bir katk\u0131 maddesidir.","og_url":"https:\/\/naturalpoland.com\/tr\/urunler\/mumlar\/misket-limonu-mumu\/","og_site_name":"NATURAL POLAND - Hurtowy Dystrybutor Surowc\u00f3w","article_publisher":"https:\/\/www.facebook.com\/naturalpoland.b2b","article_modified_time":"2026-03-18T11:39:02+00:00","og_image":[{"width":1024,"height":1024,"url":"https:\/\/naturalpoland.com\/wp-content\/uploads\/citrus_aurantifolia_wax.png","type":"image\/png"}],"schema":{"@context":"https:\/\/schema.org","@graph":[{"@type":"WebPage","@id":"https:\/\/naturalpoland.com\/tr\/urunler\/mumlar\/misket-limonu-mumu\/","url":"https:\/\/naturalpoland.com\/tr\/urunler\/mumlar\/misket-limonu-mumu\/","name":"Misket Limonu Mumu - Hurtowy Dystrybutor","isPartOf":{"@id":"https:\/\/naturalpoland.com\/tr\/#website"},"primaryImageOfPage":{"@id":"https:\/\/naturalpoland.com\/tr\/urunler\/mumlar\/misket-limonu-mumu\/#primaryimage"},"image":{"@id":"https:\/\/naturalpoland.com\/tr\/urunler\/mumlar\/misket-limonu-mumu\/#primaryimage"},"thumbnailUrl":"https:\/\/naturalpoland.com\/wp-content\/uploads\/citrus_aurantifolia_wax.png","datePublished":"2023-08-02T12:51:10+00:00","dateModified":"2026-03-18T11:39:02+00:00","description":"Kozmetik misket limonu mumu, misket limonu tohumlar\u0131ndan \u00fcretilir. \u00c7e\u015fitli kozmetik form\u00fclasyonlara etkili ve \u00e7ok y\u00f6nl\u00fc bir katk\u0131 maddesidir.","breadcrumb":{"@id":"https:\/\/naturalpoland.com\/tr\/urunler\/mumlar\/misket-limonu-mumu\/#breadcrumb"},"inLanguage":"tr","potentialAction":[{"@type":"ReadAction","target":["https:\/\/naturalpoland.com\/tr\/urunler\/mumlar\/misket-limonu-mumu\/"]}]},{"@type":"ImageObject","inLanguage":"tr","@id":"https:\/\/naturalpoland.com\/tr\/urunler\/mumlar\/misket-limonu-mumu\/#primaryimage","url":"https:\/\/naturalpoland.com\/wp-content\/uploads\/citrus_aurantifolia_wax.png","contentUrl":"https:\/\/naturalpoland.com\/wp-content\/uploads\/citrus_aurantifolia_wax.png","width":1024,"height":1024,"caption":"misket limonu mumu"},{"@type":"BreadcrumbList","@id":"https:\/\/naturalpoland.com\/tr\/urunler\/mumlar\/misket-limonu-mumu\/#breadcrumb","itemListElement":[{"@type":"ListItem","position":1,"name":"Ana Sayfa","item":"https:\/\/naturalpoland.com\/tr\/"},{"@type":"ListItem","position":2,"name":"\u00dcr\u00fcnler","item":"https:\/\/naturalpoland.com\/tr\/urunler\/"},{"@type":"ListItem","position":3,"name":"Misket Limonu Mumu"}]},{"@type":"WebSite","@id":"https:\/\/naturalpoland.com\/tr\/#website","url":"https:\/\/naturalpoland.com\/tr\/","name":"NATURAL POLAND - Hurtowy Dystrybutor Surowc\u00f3w","description":"Surowce dla przemys\u0142u spo\u017cywczego, kosmetycznego i farmaceutycznego","publisher":{"@id":"https:\/\/naturalpoland.com\/tr\/#organization"},"potentialAction":[{"@type":"SearchAction","target":{"@type":"EntryPoint","urlTemplate":"https:\/\/naturalpoland.com\/tr\/?s={search_term_string}"},"query-input":{"@type":"PropertyValueSpecification","valueRequired":true,"valueName":"search_term_string"}}],"inLanguage":"tr"},{"@type":"Organization","@id":"https:\/\/naturalpoland.com\/tr\/#organization","name":"Natural Poland","url":"https:\/\/naturalpoland.com\/tr\/","logo":{"@type":"ImageObject","inLanguage":"tr","@id":"https:\/\/naturalpoland.com\/tr\/#\/schema\/logo\/image\/","url":"https:\/\/naturalpoland.com\/wp-content\/uploads\/2021\/05\/natural-poland-icon.png","contentUrl":"https:\/\/naturalpoland.com\/wp-content\/uploads\/2021\/05\/natural-poland-icon.png","width":512,"height":512,"caption":"Natural Poland"},"image":{"@id":"https:\/\/naturalpoland.com\/tr\/#\/schema\/logo\/image\/"},"sameAs":["https:\/\/www.facebook.com\/naturalpoland.b2b","https:\/\/pl.linkedin.com\/company\/natural-poland","https:\/\/www.youtube.com\/channel\/UCgeGGkvOMahZo-xu_MSEWxg"]}]}},"_links":{"self":[{"href":"https:\/\/naturalpoland.com\/tr\/wp-json\/wp\/v2\/product\/46819","targetHints":{"allow":["GET"]}}],"collection":[{"href":"https:\/\/naturalpoland.com\/tr\/wp-json\/wp\/v2\/product"}],"about":[{"href":"https:\/\/naturalpoland.com\/tr\/wp-json\/wp\/v2\/types\/product"}],"wp:featuredmedia":[{"embeddable":true,"href":"https:\/\/naturalpoland.com\/tr\/wp-json\/wp\/v2\/media\/46820"}],"wp:attachment":[{"href":"https:\/\/naturalpoland.com\/tr\/wp-json\/wp\/v2\/media?parent=46819"}],"wp:term":[{"taxonomy":"product_brand","embeddable":true,"href":"https:\/\/naturalpoland.com\/tr\/wp-json\/wp\/v2\/product_brand?post=46819"},{"taxonomy":"product_cat","embeddable":true,"href":"https:\/\/naturalpoland.com\/tr\/wp-json\/wp\/v2\/product_cat?post=46819"},{"taxonomy":"product_tag","embeddable":true,"href":"https:\/\/naturalpoland.com\/tr\/wp-json\/wp\/v2\/product_tag?post=46819"}],"curies":[{"name":"wp","href":"https:\/\/api.w.org\/{rel}","templated":true}]}}