{"id":46831,"date":"2022-05-04T15:19:41","date_gmt":"2022-05-04T13:19:41","guid":{"rendered":"https:\/\/naturalpoland.com\/produkty\/kategorilenmemis\/kavrulmus-sogan\/"},"modified":"2026-03-18T13:38:32","modified_gmt":"2026-03-18T12:38:32","slug":"kavrulmus-sogan","status":"publish","type":"product","link":"https:\/\/naturalpoland.com\/tr\/urunler\/hazir-urunler\/kavrulmus-sogan\/","title":{"rendered":"Kavrulmu\u015f so\u011fan"},"content":{"rendered":"","protected":false},"excerpt":{"rendered":"<p><strong>Kavrulmu\u015f so\u011fan<\/strong> evrensel bir lezzettir. S\u0131cak veya so\u011fuk olarak t\u00fcketilebilir. Ba\u011f\u0131ms\u0131z bir \u00fcr\u00fcn olarak veya di\u011fer yemeklere katk\u0131 maddesi olarak kullan\u0131l\u0131r. \u00dcr\u00fcn yelpazemizde y\u00fcksek kaliteli ve iyi tada sahip <strong>kavrulmu\u015f so\u011fan<\/strong> bulunmaktad\u0131r.   <\/p>\n","protected":false},"featured_media":46832,"template":"","meta":{"_acf_changed":false},"product_brand":[],"product_cat":[9558,9534],"product_tag":[],"class_list":{"0":"post-46831","1":"product","2":"type-product","3":"status-publish","4":"has-post-thumbnail","6":"product_cat-gida-hammaddeleri","7":"product_cat-hazir-urunler","9":"first","10":"instock","11":"shipping-taxable","12":"product-type-simple"},"acf":[],"yoast_head":"<!-- This site is optimized with the Yoast SEO plugin v27.5 - https:\/\/yoast.com\/product\/yoast-seo-wordpress\/ -->\n<title>Kavrulmu\u015f so\u011fan - Hurtowy Dystrybutor<\/title>\n<meta name=\"robots\" content=\"index, follow, max-snippet:-1, max-image-preview:large, max-video-preview:-1\" \/>\n<link rel=\"canonical\" href=\"https:\/\/naturalpoland.com\/tr\/urunler\/hazir-urunler\/kavrulmus-sogan\/\" \/>\n<meta property=\"og:locale\" content=\"tr_TR\" \/>\n<meta property=\"og:type\" content=\"article\" \/>\n<meta property=\"og:title\" content=\"Kavrulmu\u015f so\u011fan - Hurtowy Dystrybutor\" \/>\n<meta property=\"og:description\" content=\"Kavrulmu\u015f so\u011fan evrensel bir lezzettir. S\u0131cak veya so\u011fuk olarak t\u00fcketilebilir. Ba\u011f\u0131ms\u0131z bir \u00fcr\u00fcn olarak veya di\u011fer yemeklere katk\u0131 maddesi olarak kullan\u0131l\u0131r. \u00dcr\u00fcn yelpazemizde y\u00fcksek kaliteli ve iyi tada sahip kavrulmu\u015f so\u011fan bulunmaktad\u0131r.\" \/>\n<meta property=\"og:url\" content=\"https:\/\/naturalpoland.com\/tr\/urunler\/hazir-urunler\/kavrulmus-sogan\/\" \/>\n<meta property=\"og:site_name\" content=\"NATURAL POLAND - Hurtowy Dystrybutor Surowc\u00f3w\" \/>\n<meta property=\"article:publisher\" content=\"https:\/\/www.facebook.com\/naturalpoland.b2b\" \/>\n<meta property=\"article:modified_time\" content=\"2026-03-18T12:38:32+00:00\" \/>\n<meta property=\"og:image\" content=\"https:\/\/naturalpoland.com\/wp-content\/uploads\/smazona-cebula.jpg\" \/>\n\t<meta property=\"og:image:width\" content=\"650\" \/>\n\t<meta property=\"og:image:height\" content=\"650\" \/>\n\t<meta property=\"og:image:type\" content=\"image\/jpeg\" \/>\n<script type=\"application\/ld+json\" class=\"yoast-schema-graph\">{\"@context\":\"https:\\\/\\\/schema.org\",\"@graph\":[{\"@type\":\"WebPage\",\"@id\":\"https:\\\/\\\/naturalpoland.com\\\/tr\\\/urunler\\\/hazir-urunler\\\/kavrulmus-sogan\\\/\",\"url\":\"https:\\\/\\\/naturalpoland.com\\\/tr\\\/urunler\\\/hazir-urunler\\\/kavrulmus-sogan\\\/\",\"name\":\"Kavrulmu\u015f so\u011fan - Hurtowy Dystrybutor\",\"isPartOf\":{\"@id\":\"https:\\\/\\\/naturalpoland.com\\\/tr\\\/#website\"},\"primaryImageOfPage\":{\"@id\":\"https:\\\/\\\/naturalpoland.com\\\/tr\\\/urunler\\\/hazir-urunler\\\/kavrulmus-sogan\\\/#primaryimage\"},\"image\":{\"@id\":\"https:\\\/\\\/naturalpoland.com\\\/tr\\\/urunler\\\/hazir-urunler\\\/kavrulmus-sogan\\\/#primaryimage\"},\"thumbnailUrl\":\"https:\\\/\\\/naturalpoland.com\\\/wp-content\\\/uploads\\\/smazona-cebula.jpg\",\"datePublished\":\"2022-05-04T13:19:41+00:00\",\"dateModified\":\"2026-03-18T12:38:32+00:00\",\"breadcrumb\":{\"@id\":\"https:\\\/\\\/naturalpoland.com\\\/tr\\\/urunler\\\/hazir-urunler\\\/kavrulmus-sogan\\\/#breadcrumb\"},\"inLanguage\":\"tr\",\"potentialAction\":[{\"@type\":\"ReadAction\",\"target\":[\"https:\\\/\\\/naturalpoland.com\\\/tr\\\/urunler\\\/hazir-urunler\\\/kavrulmus-sogan\\\/\"]}]},{\"@type\":\"ImageObject\",\"inLanguage\":\"tr\",\"@id\":\"https:\\\/\\\/naturalpoland.com\\\/tr\\\/urunler\\\/hazir-urunler\\\/kavrulmus-sogan\\\/#primaryimage\",\"url\":\"https:\\\/\\\/naturalpoland.com\\\/wp-content\\\/uploads\\\/smazona-cebula.jpg\",\"contentUrl\":\"https:\\\/\\\/naturalpoland.com\\\/wp-content\\\/uploads\\\/smazona-cebula.jpg\",\"width\":650,\"height\":650,\"caption\":\"k\u0131zarm\u0131\u015f so\u011fan\"},{\"@type\":\"BreadcrumbList\",\"@id\":\"https:\\\/\\\/naturalpoland.com\\\/tr\\\/urunler\\\/hazir-urunler\\\/kavrulmus-sogan\\\/#breadcrumb\",\"itemListElement\":[{\"@type\":\"ListItem\",\"position\":1,\"name\":\"Ana Sayfa\",\"item\":\"https:\\\/\\\/naturalpoland.com\\\/tr\\\/\"},{\"@type\":\"ListItem\",\"position\":2,\"name\":\"\u00dcr\u00fcnler\",\"item\":\"https:\\\/\\\/naturalpoland.com\\\/tr\\\/urunler\\\/\"},{\"@type\":\"ListItem\",\"position\":3,\"name\":\"Kavrulmu\u015f so\u011fan\"}]},{\"@type\":\"WebSite\",\"@id\":\"https:\\\/\\\/naturalpoland.com\\\/tr\\\/#website\",\"url\":\"https:\\\/\\\/naturalpoland.com\\\/tr\\\/\",\"name\":\"NATURAL POLAND - Hurtowy Dystrybutor Surowc\u00f3w\",\"description\":\"Surowce dla przemys\u0142u spo\u017cywczego, kosmetycznego i farmaceutycznego\",\"publisher\":{\"@id\":\"https:\\\/\\\/naturalpoland.com\\\/tr\\\/#organization\"},\"potentialAction\":[{\"@type\":\"SearchAction\",\"target\":{\"@type\":\"EntryPoint\",\"urlTemplate\":\"https:\\\/\\\/naturalpoland.com\\\/tr\\\/?s={search_term_string}\"},\"query-input\":{\"@type\":\"PropertyValueSpecification\",\"valueRequired\":true,\"valueName\":\"search_term_string\"}}],\"inLanguage\":\"tr\"},{\"@type\":\"Organization\",\"@id\":\"https:\\\/\\\/naturalpoland.com\\\/tr\\\/#organization\",\"name\":\"Natural Poland\",\"url\":\"https:\\\/\\\/naturalpoland.com\\\/tr\\\/\",\"logo\":{\"@type\":\"ImageObject\",\"inLanguage\":\"tr\",\"@id\":\"https:\\\/\\\/naturalpoland.com\\\/tr\\\/#\\\/schema\\\/logo\\\/image\\\/\",\"url\":\"https:\\\/\\\/naturalpoland.com\\\/wp-content\\\/uploads\\\/2021\\\/05\\\/natural-poland-icon.png\",\"contentUrl\":\"https:\\\/\\\/naturalpoland.com\\\/wp-content\\\/uploads\\\/2021\\\/05\\\/natural-poland-icon.png\",\"width\":512,\"height\":512,\"caption\":\"Natural Poland\"},\"image\":{\"@id\":\"https:\\\/\\\/naturalpoland.com\\\/tr\\\/#\\\/schema\\\/logo\\\/image\\\/\"},\"sameAs\":[\"https:\\\/\\\/www.facebook.com\\\/naturalpoland.b2b\",\"https:\\\/\\\/pl.linkedin.com\\\/company\\\/natural-poland\",\"https:\\\/\\\/www.youtube.com\\\/channel\\\/UCgeGGkvOMahZo-xu_MSEWxg\"]}]}<\/script>\n<!-- \/ Yoast SEO plugin. -->","yoast_head_json":{"title":"Kavrulmu\u015f so\u011fan - Hurtowy Dystrybutor","robots":{"index":"index","follow":"follow","max-snippet":"max-snippet:-1","max-image-preview":"max-image-preview:large","max-video-preview":"max-video-preview:-1"},"canonical":"https:\/\/naturalpoland.com\/tr\/urunler\/hazir-urunler\/kavrulmus-sogan\/","og_locale":"tr_TR","og_type":"article","og_title":"Kavrulmu\u015f so\u011fan - Hurtowy Dystrybutor","og_description":"Kavrulmu\u015f so\u011fan evrensel bir lezzettir. S\u0131cak veya so\u011fuk olarak t\u00fcketilebilir. Ba\u011f\u0131ms\u0131z bir \u00fcr\u00fcn olarak veya di\u011fer yemeklere katk\u0131 maddesi olarak kullan\u0131l\u0131r. \u00dcr\u00fcn yelpazemizde y\u00fcksek kaliteli ve iyi tada sahip kavrulmu\u015f so\u011fan bulunmaktad\u0131r.","og_url":"https:\/\/naturalpoland.com\/tr\/urunler\/hazir-urunler\/kavrulmus-sogan\/","og_site_name":"NATURAL POLAND - Hurtowy Dystrybutor Surowc\u00f3w","article_publisher":"https:\/\/www.facebook.com\/naturalpoland.b2b","article_modified_time":"2026-03-18T12:38:32+00:00","og_image":[{"width":650,"height":650,"url":"https:\/\/naturalpoland.com\/wp-content\/uploads\/smazona-cebula.jpg","type":"image\/jpeg"}],"schema":{"@context":"https:\/\/schema.org","@graph":[{"@type":"WebPage","@id":"https:\/\/naturalpoland.com\/tr\/urunler\/hazir-urunler\/kavrulmus-sogan\/","url":"https:\/\/naturalpoland.com\/tr\/urunler\/hazir-urunler\/kavrulmus-sogan\/","name":"Kavrulmu\u015f so\u011fan - Hurtowy Dystrybutor","isPartOf":{"@id":"https:\/\/naturalpoland.com\/tr\/#website"},"primaryImageOfPage":{"@id":"https:\/\/naturalpoland.com\/tr\/urunler\/hazir-urunler\/kavrulmus-sogan\/#primaryimage"},"image":{"@id":"https:\/\/naturalpoland.com\/tr\/urunler\/hazir-urunler\/kavrulmus-sogan\/#primaryimage"},"thumbnailUrl":"https:\/\/naturalpoland.com\/wp-content\/uploads\/smazona-cebula.jpg","datePublished":"2022-05-04T13:19:41+00:00","dateModified":"2026-03-18T12:38:32+00:00","breadcrumb":{"@id":"https:\/\/naturalpoland.com\/tr\/urunler\/hazir-urunler\/kavrulmus-sogan\/#breadcrumb"},"inLanguage":"tr","potentialAction":[{"@type":"ReadAction","target":["https:\/\/naturalpoland.com\/tr\/urunler\/hazir-urunler\/kavrulmus-sogan\/"]}]},{"@type":"ImageObject","inLanguage":"tr","@id":"https:\/\/naturalpoland.com\/tr\/urunler\/hazir-urunler\/kavrulmus-sogan\/#primaryimage","url":"https:\/\/naturalpoland.com\/wp-content\/uploads\/smazona-cebula.jpg","contentUrl":"https:\/\/naturalpoland.com\/wp-content\/uploads\/smazona-cebula.jpg","width":650,"height":650,"caption":"k\u0131zarm\u0131\u015f so\u011fan"},{"@type":"BreadcrumbList","@id":"https:\/\/naturalpoland.com\/tr\/urunler\/hazir-urunler\/kavrulmus-sogan\/#breadcrumb","itemListElement":[{"@type":"ListItem","position":1,"name":"Ana Sayfa","item":"https:\/\/naturalpoland.com\/tr\/"},{"@type":"ListItem","position":2,"name":"\u00dcr\u00fcnler","item":"https:\/\/naturalpoland.com\/tr\/urunler\/"},{"@type":"ListItem","position":3,"name":"Kavrulmu\u015f so\u011fan"}]},{"@type":"WebSite","@id":"https:\/\/naturalpoland.com\/tr\/#website","url":"https:\/\/naturalpoland.com\/tr\/","name":"NATURAL POLAND - Hurtowy Dystrybutor Surowc\u00f3w","description":"Surowce dla przemys\u0142u spo\u017cywczego, kosmetycznego i farmaceutycznego","publisher":{"@id":"https:\/\/naturalpoland.com\/tr\/#organization"},"potentialAction":[{"@type":"SearchAction","target":{"@type":"EntryPoint","urlTemplate":"https:\/\/naturalpoland.com\/tr\/?s={search_term_string}"},"query-input":{"@type":"PropertyValueSpecification","valueRequired":true,"valueName":"search_term_string"}}],"inLanguage":"tr"},{"@type":"Organization","@id":"https:\/\/naturalpoland.com\/tr\/#organization","name":"Natural Poland","url":"https:\/\/naturalpoland.com\/tr\/","logo":{"@type":"ImageObject","inLanguage":"tr","@id":"https:\/\/naturalpoland.com\/tr\/#\/schema\/logo\/image\/","url":"https:\/\/naturalpoland.com\/wp-content\/uploads\/2021\/05\/natural-poland-icon.png","contentUrl":"https:\/\/naturalpoland.com\/wp-content\/uploads\/2021\/05\/natural-poland-icon.png","width":512,"height":512,"caption":"Natural Poland"},"image":{"@id":"https:\/\/naturalpoland.com\/tr\/#\/schema\/logo\/image\/"},"sameAs":["https:\/\/www.facebook.com\/naturalpoland.b2b","https:\/\/pl.linkedin.com\/company\/natural-poland","https:\/\/www.youtube.com\/channel\/UCgeGGkvOMahZo-xu_MSEWxg"]}]}},"_links":{"self":[{"href":"https:\/\/naturalpoland.com\/tr\/wp-json\/wp\/v2\/product\/46831","targetHints":{"allow":["GET"]}}],"collection":[{"href":"https:\/\/naturalpoland.com\/tr\/wp-json\/wp\/v2\/product"}],"about":[{"href":"https:\/\/naturalpoland.com\/tr\/wp-json\/wp\/v2\/types\/product"}],"wp:featuredmedia":[{"embeddable":true,"href":"https:\/\/naturalpoland.com\/tr\/wp-json\/wp\/v2\/media\/46832"}],"wp:attachment":[{"href":"https:\/\/naturalpoland.com\/tr\/wp-json\/wp\/v2\/media?parent=46831"}],"wp:term":[{"taxonomy":"product_brand","embeddable":true,"href":"https:\/\/naturalpoland.com\/tr\/wp-json\/wp\/v2\/product_brand?post=46831"},{"taxonomy":"product_cat","embeddable":true,"href":"https:\/\/naturalpoland.com\/tr\/wp-json\/wp\/v2\/product_cat?post=46831"},{"taxonomy":"product_tag","embeddable":true,"href":"https:\/\/naturalpoland.com\/tr\/wp-json\/wp\/v2\/product_tag?post=46831"}],"curies":[{"name":"wp","href":"https:\/\/api.w.org\/{rel}","templated":true}]}}