{"id":46841,"date":"2024-07-23T14:09:05","date_gmt":"2024-07-23T12:09:05","guid":{"rendered":"https:\/\/naturalpoland.com\/produkty\/kategorilenmemis\/monohidrat-sitrik-asit\/"},"modified":"2026-03-18T14:43:03","modified_gmt":"2026-03-18T13:43:03","slug":"monohidrat-sitrik-asit","status":"publish","type":"product","link":"https:\/\/naturalpoland.com\/tr\/urunler\/gida-hammaddeleri\/uretim-hammaddeleri\/monohidrat-sitrik-asit\/","title":{"rendered":"Monohidrat sitrik asit"},"content":{"rendered":"<p>Monohidrat sitrik asit, karakteristik ek\u015fi tada sahip, suda ve alkolde \u00e7\u00f6z\u00fcnebilen beyaz, kristal bir tozdur. Bu \u00fcr\u00fcn, asitle\u015ftirici, koruyucu ve stabilize edici \u00f6zellikleriyle bilinir. <\/p>\n<h2>Kullan\u0131m alanlar\u0131<\/h2>\n<p><strong>G\u0131da end\u00fcstrisinde<\/strong> sitrik asit, i\u00e7eceklerde, meyve i\u015fleme \u00fcr\u00fcnlerinde, \u015fekerlemelerde, konservelerde ve di\u011fer g\u0131da \u00fcr\u00fcnlerinde yayg\u0131n olarak asitle\u015ftirici madde olarak kullan\u0131l\u0131r. Ayr\u0131ca do\u011fal bir koruyucu olarak g\u00f6rev yaparak pH&#8217;\u0131 d\u00fc\u015f\u00fcrerek ve mikroorganizma b\u00fcy\u00fcmesini \u00f6nleyerek g\u0131dalar\u0131n raf \u00f6mr\u00fcn\u00fc uzat\u0131r. <\/p>\n<p><strong>Farmas\u00f6tik sekt\u00f6rde<\/strong> sitrik asit, tabletler, \u015furuplar ve enjeksiyon sol\u00fcsyonlar\u0131 dahil olmak \u00fczere \u00e7e\u015fitli farmas\u00f6tik preparatlarda tamponlay\u0131c\u0131 ve stabilize edici madde olarak kullan\u0131l\u0131r. \u015eelatlay\u0131c\u0131 \u00f6zellikleri ayr\u0131ca a\u011f\u0131r metalleri ba\u011flamak ve v\u00fccudu detoksifiye etmek i\u00e7in kullan\u0131l\u0131r. <\/p>\n<p><strong>Kozmetikte<\/strong> sitrik asit, peeling ve pH d\u00fczenleyici \u00f6zellikleriyle de\u011fer g\u00f6r\u00fcr. Kremler, peelingler, tonikler ve \u015fampuanlar gibi bir\u00e7ok cilt bak\u0131m \u00fcr\u00fcn\u00fcn\u00fcn bile\u015fenidir. Cildin ayd\u0131nlat\u0131lmas\u0131na, \u00f6l\u00fc deri h\u00fccrelerinin giderilmesine ve cilt dokusunun iyile\u015ftirilmesine yard\u0131mc\u0131 olur.  <\/p>\n<p>Sitrik asit ayr\u0131ca <strong>deterjan ve temizlik maddelerinde<\/strong> kire\u00e7 tortular\u0131n\u0131n giderilmesine ve temizleme verimlili\u011finin art\u0131r\u0131lmas\u0131na yard\u0131mc\u0131 olan \u015felatlay\u0131c\u0131 madde olarak kullan\u0131l\u0131r. End\u00fcstriyel proseslerde <strong>pH stabilizasyonu ve d\u00fczenlemesi<\/strong> i\u00e7in ve <strong>biyoyak\u0131t \u00fcretiminde<\/strong> kullan\u0131l\u0131r. <\/p>\n<p>&nbsp;<\/p>\n","protected":false},"excerpt":{"rendered":"<p><strong>Monohidrat sitrik asit<\/strong> (<em>Citric Acid Monohydrate E330<\/em>), g\u0131da, farmas\u00f6tik, kozmetik end\u00fcstrisinde ve \u00e7e\u015fitli end\u00fcstriyel proseslerde geni\u015f uygulama alan\u0131na sahip organik bir kimyasal bile\u015fiktir.<\/p>\n","protected":false},"featured_media":46842,"template":"","meta":{"_acf_changed":false},"product_brand":[],"product_cat":[9557,9572],"product_tag":[],"class_list":{"0":"post-46841","1":"product","2":"type-product","3":"status-publish","4":"has-post-thumbnail","6":"product_cat-kozmetik-hammaddeleri-2","7":"product_cat-uretim-hammaddeleri","8":"pa_grupa-substancji-koruyucular","10":"first","11":"instock","12":"shipping-taxable","13":"product-type-simple"},"acf":[],"yoast_head":"<!-- This site is optimized with the Yoast SEO plugin v27.6 - https:\/\/yoast.com\/product\/yoast-seo-wordpress\/ -->\n<title>Monohidrat sitrik asit - NATURAL POLAND - Hurtowy Dystrybutor Surowc\u00f3w<\/title>\n<meta name=\"description\" content=\"Monohidrat sitrik asit, asitle\u015ftirici, koruyucu ve stabilize edici \u00f6zellikleri sayesinde bir\u00e7ok sekt\u00f6rde \u00e7ok y\u00f6nl\u00fc ve vazge\u00e7ilmez bir bile\u015fendir.\" \/>\n<meta name=\"robots\" content=\"index, follow, max-snippet:-1, max-image-preview:large, max-video-preview:-1\" \/>\n<link rel=\"canonical\" href=\"https:\/\/naturalpoland.com\/tr\/urunler\/gida-hammaddeleri\/uretim-hammaddeleri\/monohidrat-sitrik-asit\/\" \/>\n<meta property=\"og:locale\" content=\"tr_TR\" \/>\n<meta property=\"og:type\" content=\"article\" \/>\n<meta property=\"og:title\" content=\"Monohidrat sitrik asit - NATURAL POLAND - Hurtowy Dystrybutor Surowc\u00f3w\" \/>\n<meta property=\"og:description\" content=\"Monohidrat sitrik asit, asitle\u015ftirici, koruyucu ve stabilize edici \u00f6zellikleri sayesinde bir\u00e7ok sekt\u00f6rde \u00e7ok y\u00f6nl\u00fc ve vazge\u00e7ilmez bir bile\u015fendir.\" \/>\n<meta property=\"og:url\" content=\"https:\/\/naturalpoland.com\/tr\/urunler\/gida-hammaddeleri\/uretim-hammaddeleri\/monohidrat-sitrik-asit\/\" \/>\n<meta property=\"og:site_name\" content=\"NATURAL POLAND - Hurtowy Dystrybutor Surowc\u00f3w\" \/>\n<meta property=\"article:publisher\" content=\"https:\/\/www.facebook.com\/naturalpoland.b2b\" \/>\n<meta property=\"article:modified_time\" content=\"2026-03-18T13:43:03+00:00\" \/>\n<meta property=\"og:image\" content=\"https:\/\/naturalpoland.com\/wp-content\/uploads\/kwas-cytrynowy.webp\" \/>\n\t<meta property=\"og:image:width\" content=\"615\" \/>\n\t<meta property=\"og:image:height\" content=\"615\" \/>\n\t<meta property=\"og:image:type\" content=\"image\/webp\" \/>\n<script type=\"application\/ld+json\" class=\"yoast-schema-graph\">{\"@context\":\"https:\\\/\\\/schema.org\",\"@graph\":[{\"@type\":\"WebPage\",\"@id\":\"https:\\\/\\\/naturalpoland.com\\\/tr\\\/urunler\\\/gida-hammaddeleri\\\/uretim-hammaddeleri\\\/monohidrat-sitrik-asit\\\/\",\"url\":\"https:\\\/\\\/naturalpoland.com\\\/tr\\\/urunler\\\/gida-hammaddeleri\\\/uretim-hammaddeleri\\\/monohidrat-sitrik-asit\\\/\",\"name\":\"Monohidrat sitrik asit - NATURAL POLAND - Hurtowy Dystrybutor Surowc\u00f3w\",\"isPartOf\":{\"@id\":\"https:\\\/\\\/naturalpoland.com\\\/tr\\\/#website\"},\"primaryImageOfPage\":{\"@id\":\"https:\\\/\\\/naturalpoland.com\\\/tr\\\/urunler\\\/gida-hammaddeleri\\\/uretim-hammaddeleri\\\/monohidrat-sitrik-asit\\\/#primaryimage\"},\"image\":{\"@id\":\"https:\\\/\\\/naturalpoland.com\\\/tr\\\/urunler\\\/gida-hammaddeleri\\\/uretim-hammaddeleri\\\/monohidrat-sitrik-asit\\\/#primaryimage\"},\"thumbnailUrl\":\"https:\\\/\\\/naturalpoland.com\\\/wp-content\\\/uploads\\\/kwas-cytrynowy.webp\",\"datePublished\":\"2024-07-23T12:09:05+00:00\",\"dateModified\":\"2026-03-18T13:43:03+00:00\",\"description\":\"Monohidrat sitrik asit, asitle\u015ftirici, koruyucu ve stabilize edici \u00f6zellikleri sayesinde bir\u00e7ok sekt\u00f6rde \u00e7ok y\u00f6nl\u00fc ve vazge\u00e7ilmez bir bile\u015fendir.\",\"breadcrumb\":{\"@id\":\"https:\\\/\\\/naturalpoland.com\\\/tr\\\/urunler\\\/gida-hammaddeleri\\\/uretim-hammaddeleri\\\/monohidrat-sitrik-asit\\\/#breadcrumb\"},\"inLanguage\":\"tr\",\"potentialAction\":[{\"@type\":\"ReadAction\",\"target\":[\"https:\\\/\\\/naturalpoland.com\\\/tr\\\/urunler\\\/gida-hammaddeleri\\\/uretim-hammaddeleri\\\/monohidrat-sitrik-asit\\\/\"]}]},{\"@type\":\"ImageObject\",\"inLanguage\":\"tr\",\"@id\":\"https:\\\/\\\/naturalpoland.com\\\/tr\\\/urunler\\\/gida-hammaddeleri\\\/uretim-hammaddeleri\\\/monohidrat-sitrik-asit\\\/#primaryimage\",\"url\":\"https:\\\/\\\/naturalpoland.com\\\/wp-content\\\/uploads\\\/kwas-cytrynowy.webp\",\"contentUrl\":\"https:\\\/\\\/naturalpoland.com\\\/wp-content\\\/uploads\\\/kwas-cytrynowy.webp\",\"width\":615,\"height\":615,\"caption\":\"sitrik asit\"},{\"@type\":\"BreadcrumbList\",\"@id\":\"https:\\\/\\\/naturalpoland.com\\\/tr\\\/urunler\\\/gida-hammaddeleri\\\/uretim-hammaddeleri\\\/monohidrat-sitrik-asit\\\/#breadcrumb\",\"itemListElement\":[{\"@type\":\"ListItem\",\"position\":1,\"name\":\"Ana Sayfa\",\"item\":\"https:\\\/\\\/naturalpoland.com\\\/tr\\\/\"},{\"@type\":\"ListItem\",\"position\":2,\"name\":\"\u00dcr\u00fcnler\",\"item\":\"https:\\\/\\\/naturalpoland.com\\\/tr\\\/urunler\\\/\"},{\"@type\":\"ListItem\",\"position\":3,\"name\":\"Monohidrat sitrik asit\"}]},{\"@type\":\"WebSite\",\"@id\":\"https:\\\/\\\/naturalpoland.com\\\/tr\\\/#website\",\"url\":\"https:\\\/\\\/naturalpoland.com\\\/tr\\\/\",\"name\":\"NATURAL POLAND - Hurtowy Dystrybutor Surowc\u00f3w\",\"description\":\"Surowce dla przemys\u0142u spo\u017cywczego, kosmetycznego i farmaceutycznego\",\"publisher\":{\"@id\":\"https:\\\/\\\/naturalpoland.com\\\/tr\\\/#organization\"},\"potentialAction\":[{\"@type\":\"SearchAction\",\"target\":{\"@type\":\"EntryPoint\",\"urlTemplate\":\"https:\\\/\\\/naturalpoland.com\\\/tr\\\/?s={search_term_string}\"},\"query-input\":{\"@type\":\"PropertyValueSpecification\",\"valueRequired\":true,\"valueName\":\"search_term_string\"}}],\"inLanguage\":\"tr\"},{\"@type\":\"Organization\",\"@id\":\"https:\\\/\\\/naturalpoland.com\\\/tr\\\/#organization\",\"name\":\"Natural Poland\",\"url\":\"https:\\\/\\\/naturalpoland.com\\\/tr\\\/\",\"logo\":{\"@type\":\"ImageObject\",\"inLanguage\":\"tr\",\"@id\":\"https:\\\/\\\/naturalpoland.com\\\/tr\\\/#\\\/schema\\\/logo\\\/image\\\/\",\"url\":\"https:\\\/\\\/naturalpoland.com\\\/wp-content\\\/uploads\\\/2021\\\/05\\\/natural-poland-icon.png\",\"contentUrl\":\"https:\\\/\\\/naturalpoland.com\\\/wp-content\\\/uploads\\\/2021\\\/05\\\/natural-poland-icon.png\",\"width\":512,\"height\":512,\"caption\":\"Natural Poland\"},\"image\":{\"@id\":\"https:\\\/\\\/naturalpoland.com\\\/tr\\\/#\\\/schema\\\/logo\\\/image\\\/\"},\"sameAs\":[\"https:\\\/\\\/www.facebook.com\\\/naturalpoland.b2b\",\"https:\\\/\\\/pl.linkedin.com\\\/company\\\/natural-poland\",\"https:\\\/\\\/www.youtube.com\\\/channel\\\/UCgeGGkvOMahZo-xu_MSEWxg\"]}]}<\/script>\n<!-- \/ Yoast SEO plugin. -->","yoast_head_json":{"title":"Monohidrat sitrik asit - NATURAL POLAND - Hurtowy Dystrybutor Surowc\u00f3w","description":"Monohidrat sitrik asit, asitle\u015ftirici, koruyucu ve stabilize edici \u00f6zellikleri sayesinde bir\u00e7ok sekt\u00f6rde \u00e7ok y\u00f6nl\u00fc ve vazge\u00e7ilmez bir bile\u015fendir.","robots":{"index":"index","follow":"follow","max-snippet":"max-snippet:-1","max-image-preview":"max-image-preview:large","max-video-preview":"max-video-preview:-1"},"canonical":"https:\/\/naturalpoland.com\/tr\/urunler\/gida-hammaddeleri\/uretim-hammaddeleri\/monohidrat-sitrik-asit\/","og_locale":"tr_TR","og_type":"article","og_title":"Monohidrat sitrik asit - NATURAL POLAND - Hurtowy Dystrybutor Surowc\u00f3w","og_description":"Monohidrat sitrik asit, asitle\u015ftirici, koruyucu ve stabilize edici \u00f6zellikleri sayesinde bir\u00e7ok sekt\u00f6rde \u00e7ok y\u00f6nl\u00fc ve vazge\u00e7ilmez bir bile\u015fendir.","og_url":"https:\/\/naturalpoland.com\/tr\/urunler\/gida-hammaddeleri\/uretim-hammaddeleri\/monohidrat-sitrik-asit\/","og_site_name":"NATURAL POLAND - Hurtowy Dystrybutor Surowc\u00f3w","article_publisher":"https:\/\/www.facebook.com\/naturalpoland.b2b","article_modified_time":"2026-03-18T13:43:03+00:00","og_image":[{"width":615,"height":615,"url":"https:\/\/naturalpoland.com\/wp-content\/uploads\/kwas-cytrynowy.webp","type":"image\/webp"}],"schema":{"@context":"https:\/\/schema.org","@graph":[{"@type":"WebPage","@id":"https:\/\/naturalpoland.com\/tr\/urunler\/gida-hammaddeleri\/uretim-hammaddeleri\/monohidrat-sitrik-asit\/","url":"https:\/\/naturalpoland.com\/tr\/urunler\/gida-hammaddeleri\/uretim-hammaddeleri\/monohidrat-sitrik-asit\/","name":"Monohidrat sitrik asit - NATURAL POLAND - Hurtowy Dystrybutor Surowc\u00f3w","isPartOf":{"@id":"https:\/\/naturalpoland.com\/tr\/#website"},"primaryImageOfPage":{"@id":"https:\/\/naturalpoland.com\/tr\/urunler\/gida-hammaddeleri\/uretim-hammaddeleri\/monohidrat-sitrik-asit\/#primaryimage"},"image":{"@id":"https:\/\/naturalpoland.com\/tr\/urunler\/gida-hammaddeleri\/uretim-hammaddeleri\/monohidrat-sitrik-asit\/#primaryimage"},"thumbnailUrl":"https:\/\/naturalpoland.com\/wp-content\/uploads\/kwas-cytrynowy.webp","datePublished":"2024-07-23T12:09:05+00:00","dateModified":"2026-03-18T13:43:03+00:00","description":"Monohidrat sitrik asit, asitle\u015ftirici, koruyucu ve stabilize edici \u00f6zellikleri sayesinde bir\u00e7ok sekt\u00f6rde \u00e7ok y\u00f6nl\u00fc ve vazge\u00e7ilmez bir bile\u015fendir.","breadcrumb":{"@id":"https:\/\/naturalpoland.com\/tr\/urunler\/gida-hammaddeleri\/uretim-hammaddeleri\/monohidrat-sitrik-asit\/#breadcrumb"},"inLanguage":"tr","potentialAction":[{"@type":"ReadAction","target":["https:\/\/naturalpoland.com\/tr\/urunler\/gida-hammaddeleri\/uretim-hammaddeleri\/monohidrat-sitrik-asit\/"]}]},{"@type":"ImageObject","inLanguage":"tr","@id":"https:\/\/naturalpoland.com\/tr\/urunler\/gida-hammaddeleri\/uretim-hammaddeleri\/monohidrat-sitrik-asit\/#primaryimage","url":"https:\/\/naturalpoland.com\/wp-content\/uploads\/kwas-cytrynowy.webp","contentUrl":"https:\/\/naturalpoland.com\/wp-content\/uploads\/kwas-cytrynowy.webp","width":615,"height":615,"caption":"sitrik asit"},{"@type":"BreadcrumbList","@id":"https:\/\/naturalpoland.com\/tr\/urunler\/gida-hammaddeleri\/uretim-hammaddeleri\/monohidrat-sitrik-asit\/#breadcrumb","itemListElement":[{"@type":"ListItem","position":1,"name":"Ana Sayfa","item":"https:\/\/naturalpoland.com\/tr\/"},{"@type":"ListItem","position":2,"name":"\u00dcr\u00fcnler","item":"https:\/\/naturalpoland.com\/tr\/urunler\/"},{"@type":"ListItem","position":3,"name":"Monohidrat sitrik asit"}]},{"@type":"WebSite","@id":"https:\/\/naturalpoland.com\/tr\/#website","url":"https:\/\/naturalpoland.com\/tr\/","name":"NATURAL POLAND - Hurtowy Dystrybutor Surowc\u00f3w","description":"Surowce dla przemys\u0142u spo\u017cywczego, kosmetycznego i farmaceutycznego","publisher":{"@id":"https:\/\/naturalpoland.com\/tr\/#organization"},"potentialAction":[{"@type":"SearchAction","target":{"@type":"EntryPoint","urlTemplate":"https:\/\/naturalpoland.com\/tr\/?s={search_term_string}"},"query-input":{"@type":"PropertyValueSpecification","valueRequired":true,"valueName":"search_term_string"}}],"inLanguage":"tr"},{"@type":"Organization","@id":"https:\/\/naturalpoland.com\/tr\/#organization","name":"Natural Poland","url":"https:\/\/naturalpoland.com\/tr\/","logo":{"@type":"ImageObject","inLanguage":"tr","@id":"https:\/\/naturalpoland.com\/tr\/#\/schema\/logo\/image\/","url":"https:\/\/naturalpoland.com\/wp-content\/uploads\/2021\/05\/natural-poland-icon.png","contentUrl":"https:\/\/naturalpoland.com\/wp-content\/uploads\/2021\/05\/natural-poland-icon.png","width":512,"height":512,"caption":"Natural Poland"},"image":{"@id":"https:\/\/naturalpoland.com\/tr\/#\/schema\/logo\/image\/"},"sameAs":["https:\/\/www.facebook.com\/naturalpoland.b2b","https:\/\/pl.linkedin.com\/company\/natural-poland","https:\/\/www.youtube.com\/channel\/UCgeGGkvOMahZo-xu_MSEWxg"]}]}},"_links":{"self":[{"href":"https:\/\/naturalpoland.com\/tr\/wp-json\/wp\/v2\/product\/46841","targetHints":{"allow":["GET"]}}],"collection":[{"href":"https:\/\/naturalpoland.com\/tr\/wp-json\/wp\/v2\/product"}],"about":[{"href":"https:\/\/naturalpoland.com\/tr\/wp-json\/wp\/v2\/types\/product"}],"wp:featuredmedia":[{"embeddable":true,"href":"https:\/\/naturalpoland.com\/tr\/wp-json\/wp\/v2\/media\/46842"}],"wp:attachment":[{"href":"https:\/\/naturalpoland.com\/tr\/wp-json\/wp\/v2\/media?parent=46841"}],"wp:term":[{"taxonomy":"product_brand","embeddable":true,"href":"https:\/\/naturalpoland.com\/tr\/wp-json\/wp\/v2\/product_brand?post=46841"},{"taxonomy":"product_cat","embeddable":true,"href":"https:\/\/naturalpoland.com\/tr\/wp-json\/wp\/v2\/product_cat?post=46841"},{"taxonomy":"product_tag","embeddable":true,"href":"https:\/\/naturalpoland.com\/tr\/wp-json\/wp\/v2\/product_tag?post=46841"}],"curies":[{"name":"wp","href":"https:\/\/api.w.org\/{rel}","templated":true}]}}