{"id":46905,"date":"2026-03-19T12:26:03","date_gmt":"2026-03-19T11:26:03","guid":{"rendered":"https:\/\/naturalpoland.com\/produkty\/kategorilenmemis\/hidrolize-hindi-proteini\/"},"modified":"2026-03-20T10:39:24","modified_gmt":"2026-03-20T09:39:24","slug":"hidrolize-hindi-proteini","status":"publish","type":"product","link":"https:\/\/naturalpoland.com\/tr\/urunler\/gida-hammaddeleri\/hidrolize-hindi-proteini\/","title":{"rendered":"Hidrolize hindi proteini"},"content":{"rendered":"<h2>\u00d6zellikler:<\/h2>\n<p>Hidrolize hindi proteini, kontroll\u00fc enzimatik hidroliz sonucu olu\u015fan peptitler, polipeptitler ve amino asit kar\u0131\u015f\u0131m\u0131n\u0131 i\u00e7erir. \u00dcr\u00fcn, \u00e7ok iyi \u00e7\u00f6z\u00fcn\u00fcrl\u00fck ve y\u00fcksek biyoyararlan\u0131m ile karakterizedir. <\/p>\n<h2>Hidrolize hindi proteininin kullan\u0131m alanlar\u0131:<\/h2>\n<p>Hafif et suyu tad\u0131 olarak tan\u0131mlanan spesifik lezzet profili, bu hidrolizat\u0131n \u00f6zellikle \u00e7orbalar, soslar veya g\u0131da konsantreleri gibi \u00fcr\u00fcnlerde hem besleyici hem de duyusal bir i\u015flev g\u00f6rmesini sa\u011flar. Nutras\u00f6tik uygulamalarda y\u00fcksek biyolojik de\u011fere sahip bir protein kayna\u011f\u0131 olarak kullan\u0131l\u0131rken, g\u0131da end\u00fcstrisinde \u00fcr\u00fcnleri proteinle zenginle\u015ftiren ve amino asit profillerini iyile\u015ftiren bir bile\u015fen olarak kullan\u0131labilir. \u0130\u015flevselli\u011fi sayesinde sporculara y\u00f6nelik \u00fcr\u00fcnlerde ve \u00f6zel beslenme ama\u00e7l\u0131 g\u0131dalarda da uygulama alan\u0131 bulmaktad\u0131r.  <\/p>\n<p>\u00dcr\u00fcn \u015fu alanlarda kullan\u0131l\u0131r:<\/p>\n<ul>\n<li>takviye edici g\u0131dalar (y\u00fcksek proteinli),<\/li>\n<li>fonksiyonel g\u0131dalar,<\/li>\n<li>sporcu \u00fcr\u00fcnleri,<\/li>\n<li>\u00e7orbalar, soslar ve lezzet konsantreleri,<\/li>\n<li>yem \u00fcr\u00fcnleri.<\/li>\n<\/ul>\n","protected":false},"excerpt":{"rendered":"<p><strong>Hidrolize hindi proteini<\/strong>, kas proteinlerinin kontroll\u00fc hidrolizi sonucu elde edilir. \u00dcr\u00fcn, peptitler, polipeptitler ve serbest amino asitlerin bir kar\u0131\u015f\u0131m\u0131n\u0131 i\u00e7erir ve karakteristik, hafif et suyu tad\u0131na sahip bir toz formundad\u0131r. Protein i\u00e7eri\u011fi \u2265%85&#8217;tir ve \u00fcr\u00fcn suda y\u00fcksek \u00e7\u00f6z\u00fcn\u00fcrl\u00fck g\u00f6sterir.  <\/p>\n","protected":false},"featured_media":46906,"template":"","meta":{"_acf_changed":false},"product_brand":[],"product_cat":[9558],"product_tag":[],"class_list":{"0":"post-46905","1":"product","2":"type-product","3":"status-publish","4":"has-post-thumbnail","6":"product_cat-gida-hammaddeleri","7":"pa_certyfikaty-brcgs-gida","8":"pa_certyfikaty-helal","9":"pa_certyfikaty-ifs-gida","10":"pa_certyfikaty-ifs-lojistik","12":"first","13":"instock","14":"shipping-taxable","15":"product-type-simple"},"acf":[],"yoast_head":"<!-- This site is optimized with the Yoast SEO plugin v27.5 - https:\/\/yoast.com\/product\/yoast-seo-wordpress\/ -->\n<title>Hidrolize hindi proteini - Hurtowy Dystrybutor<\/title>\n<meta name=\"description\" content=\"Hidrolize hindi proteini (\u2265 protein) \u2013 takviye edici g\u0131dalar, fonksiyonel g\u0131dalar ve y\u00fcksek proteinli \u00fcr\u00fcnler i\u00e7in iyi \u00e7\u00f6z\u00fcn\u00fcrl\u00fc\u011fe sahip hammadde.\" \/>\n<meta name=\"robots\" content=\"index, follow, max-snippet:-1, max-image-preview:large, max-video-preview:-1\" \/>\n<link rel=\"canonical\" href=\"https:\/\/naturalpoland.com\/tr\/urunler\/gida-hammaddeleri\/hidrolize-hindi-proteini\/\" \/>\n<meta property=\"og:locale\" content=\"tr_TR\" \/>\n<meta property=\"og:type\" content=\"article\" \/>\n<meta property=\"og:title\" content=\"Hidrolize hindi proteini - Hurtowy Dystrybutor\" \/>\n<meta property=\"og:description\" content=\"Hidrolize hindi proteini (\u2265 protein) \u2013 takviye edici g\u0131dalar, fonksiyonel g\u0131dalar ve y\u00fcksek proteinli \u00fcr\u00fcnler i\u00e7in iyi \u00e7\u00f6z\u00fcn\u00fcrl\u00fc\u011fe sahip hammadde.\" \/>\n<meta property=\"og:url\" content=\"https:\/\/naturalpoland.com\/tr\/urunler\/gida-hammaddeleri\/hidrolize-hindi-proteini\/\" \/>\n<meta property=\"og:site_name\" content=\"NATURAL POLAND - Hurtowy Dystrybutor Surowc\u00f3w\" \/>\n<meta property=\"article:publisher\" content=\"https:\/\/www.facebook.com\/naturalpoland.b2b\" \/>\n<meta property=\"article:modified_time\" content=\"2026-03-20T09:39:24+00:00\" \/>\n<meta property=\"og:image\" content=\"https:\/\/naturalpoland.com\/wp-content\/uploads\/hydrolizowane-bialko-z-indyka.webp\" \/>\n\t<meta property=\"og:image:width\" content=\"1024\" \/>\n\t<meta property=\"og:image:height\" content=\"1024\" \/>\n\t<meta property=\"og:image:type\" content=\"image\/webp\" \/>\n<script type=\"application\/ld+json\" class=\"yoast-schema-graph\">{\"@context\":\"https:\\\/\\\/schema.org\",\"@graph\":[{\"@type\":\"WebPage\",\"@id\":\"https:\\\/\\\/naturalpoland.com\\\/tr\\\/urunler\\\/gida-hammaddeleri\\\/hidrolize-hindi-proteini\\\/\",\"url\":\"https:\\\/\\\/naturalpoland.com\\\/tr\\\/urunler\\\/gida-hammaddeleri\\\/hidrolize-hindi-proteini\\\/\",\"name\":\"Hidrolize hindi proteini - Hurtowy Dystrybutor\",\"isPartOf\":{\"@id\":\"https:\\\/\\\/naturalpoland.com\\\/tr\\\/#website\"},\"primaryImageOfPage\":{\"@id\":\"https:\\\/\\\/naturalpoland.com\\\/tr\\\/urunler\\\/gida-hammaddeleri\\\/hidrolize-hindi-proteini\\\/#primaryimage\"},\"image\":{\"@id\":\"https:\\\/\\\/naturalpoland.com\\\/tr\\\/urunler\\\/gida-hammaddeleri\\\/hidrolize-hindi-proteini\\\/#primaryimage\"},\"thumbnailUrl\":\"https:\\\/\\\/naturalpoland.com\\\/wp-content\\\/uploads\\\/hydrolizowane-bialko-z-indyka.webp\",\"datePublished\":\"2026-03-19T11:26:03+00:00\",\"dateModified\":\"2026-03-20T09:39:24+00:00\",\"description\":\"Hidrolize hindi proteini (\u2265 protein) \u2013 takviye edici g\u0131dalar, fonksiyonel g\u0131dalar ve y\u00fcksek proteinli \u00fcr\u00fcnler i\u00e7in iyi \u00e7\u00f6z\u00fcn\u00fcrl\u00fc\u011fe sahip hammadde.\",\"breadcrumb\":{\"@id\":\"https:\\\/\\\/naturalpoland.com\\\/tr\\\/urunler\\\/gida-hammaddeleri\\\/hidrolize-hindi-proteini\\\/#breadcrumb\"},\"inLanguage\":\"tr\",\"potentialAction\":[{\"@type\":\"ReadAction\",\"target\":[\"https:\\\/\\\/naturalpoland.com\\\/tr\\\/urunler\\\/gida-hammaddeleri\\\/hidrolize-hindi-proteini\\\/\"]}]},{\"@type\":\"ImageObject\",\"inLanguage\":\"tr\",\"@id\":\"https:\\\/\\\/naturalpoland.com\\\/tr\\\/urunler\\\/gida-hammaddeleri\\\/hidrolize-hindi-proteini\\\/#primaryimage\",\"url\":\"https:\\\/\\\/naturalpoland.com\\\/wp-content\\\/uploads\\\/hydrolizowane-bialko-z-indyka.webp\",\"contentUrl\":\"https:\\\/\\\/naturalpoland.com\\\/wp-content\\\/uploads\\\/hydrolizowane-bialko-z-indyka.webp\",\"width\":1024,\"height\":1024,\"caption\":\"hidrolize hindi proteini\"},{\"@type\":\"BreadcrumbList\",\"@id\":\"https:\\\/\\\/naturalpoland.com\\\/tr\\\/urunler\\\/gida-hammaddeleri\\\/hidrolize-hindi-proteini\\\/#breadcrumb\",\"itemListElement\":[{\"@type\":\"ListItem\",\"position\":1,\"name\":\"Ana Sayfa\",\"item\":\"https:\\\/\\\/naturalpoland.com\\\/tr\\\/\"},{\"@type\":\"ListItem\",\"position\":2,\"name\":\"\u00dcr\u00fcnler\",\"item\":\"https:\\\/\\\/naturalpoland.com\\\/tr\\\/urunler\\\/\"},{\"@type\":\"ListItem\",\"position\":3,\"name\":\"Hidrolize hindi proteini\"}]},{\"@type\":\"WebSite\",\"@id\":\"https:\\\/\\\/naturalpoland.com\\\/tr\\\/#website\",\"url\":\"https:\\\/\\\/naturalpoland.com\\\/tr\\\/\",\"name\":\"NATURAL POLAND - Hurtowy Dystrybutor Surowc\u00f3w\",\"description\":\"Surowce dla przemys\u0142u spo\u017cywczego, kosmetycznego i farmaceutycznego\",\"publisher\":{\"@id\":\"https:\\\/\\\/naturalpoland.com\\\/tr\\\/#organization\"},\"potentialAction\":[{\"@type\":\"SearchAction\",\"target\":{\"@type\":\"EntryPoint\",\"urlTemplate\":\"https:\\\/\\\/naturalpoland.com\\\/tr\\\/?s={search_term_string}\"},\"query-input\":{\"@type\":\"PropertyValueSpecification\",\"valueRequired\":true,\"valueName\":\"search_term_string\"}}],\"inLanguage\":\"tr\"},{\"@type\":\"Organization\",\"@id\":\"https:\\\/\\\/naturalpoland.com\\\/tr\\\/#organization\",\"name\":\"Natural Poland\",\"url\":\"https:\\\/\\\/naturalpoland.com\\\/tr\\\/\",\"logo\":{\"@type\":\"ImageObject\",\"inLanguage\":\"tr\",\"@id\":\"https:\\\/\\\/naturalpoland.com\\\/tr\\\/#\\\/schema\\\/logo\\\/image\\\/\",\"url\":\"https:\\\/\\\/naturalpoland.com\\\/wp-content\\\/uploads\\\/2021\\\/05\\\/natural-poland-icon.png\",\"contentUrl\":\"https:\\\/\\\/naturalpoland.com\\\/wp-content\\\/uploads\\\/2021\\\/05\\\/natural-poland-icon.png\",\"width\":512,\"height\":512,\"caption\":\"Natural Poland\"},\"image\":{\"@id\":\"https:\\\/\\\/naturalpoland.com\\\/tr\\\/#\\\/schema\\\/logo\\\/image\\\/\"},\"sameAs\":[\"https:\\\/\\\/www.facebook.com\\\/naturalpoland.b2b\",\"https:\\\/\\\/pl.linkedin.com\\\/company\\\/natural-poland\",\"https:\\\/\\\/www.youtube.com\\\/channel\\\/UCgeGGkvOMahZo-xu_MSEWxg\"]}]}<\/script>\n<!-- \/ Yoast SEO plugin. -->","yoast_head_json":{"title":"Hidrolize hindi proteini - Hurtowy Dystrybutor","description":"Hidrolize hindi proteini (\u2265 protein) \u2013 takviye edici g\u0131dalar, fonksiyonel g\u0131dalar ve y\u00fcksek proteinli \u00fcr\u00fcnler i\u00e7in iyi \u00e7\u00f6z\u00fcn\u00fcrl\u00fc\u011fe sahip hammadde.","robots":{"index":"index","follow":"follow","max-snippet":"max-snippet:-1","max-image-preview":"max-image-preview:large","max-video-preview":"max-video-preview:-1"},"canonical":"https:\/\/naturalpoland.com\/tr\/urunler\/gida-hammaddeleri\/hidrolize-hindi-proteini\/","og_locale":"tr_TR","og_type":"article","og_title":"Hidrolize hindi proteini - Hurtowy Dystrybutor","og_description":"Hidrolize hindi proteini (\u2265 protein) \u2013 takviye edici g\u0131dalar, fonksiyonel g\u0131dalar ve y\u00fcksek proteinli \u00fcr\u00fcnler i\u00e7in iyi \u00e7\u00f6z\u00fcn\u00fcrl\u00fc\u011fe sahip hammadde.","og_url":"https:\/\/naturalpoland.com\/tr\/urunler\/gida-hammaddeleri\/hidrolize-hindi-proteini\/","og_site_name":"NATURAL POLAND - Hurtowy Dystrybutor Surowc\u00f3w","article_publisher":"https:\/\/www.facebook.com\/naturalpoland.b2b","article_modified_time":"2026-03-20T09:39:24+00:00","og_image":[{"width":1024,"height":1024,"url":"https:\/\/naturalpoland.com\/wp-content\/uploads\/hydrolizowane-bialko-z-indyka.webp","type":"image\/webp"}],"schema":{"@context":"https:\/\/schema.org","@graph":[{"@type":"WebPage","@id":"https:\/\/naturalpoland.com\/tr\/urunler\/gida-hammaddeleri\/hidrolize-hindi-proteini\/","url":"https:\/\/naturalpoland.com\/tr\/urunler\/gida-hammaddeleri\/hidrolize-hindi-proteini\/","name":"Hidrolize hindi proteini - Hurtowy Dystrybutor","isPartOf":{"@id":"https:\/\/naturalpoland.com\/tr\/#website"},"primaryImageOfPage":{"@id":"https:\/\/naturalpoland.com\/tr\/urunler\/gida-hammaddeleri\/hidrolize-hindi-proteini\/#primaryimage"},"image":{"@id":"https:\/\/naturalpoland.com\/tr\/urunler\/gida-hammaddeleri\/hidrolize-hindi-proteini\/#primaryimage"},"thumbnailUrl":"https:\/\/naturalpoland.com\/wp-content\/uploads\/hydrolizowane-bialko-z-indyka.webp","datePublished":"2026-03-19T11:26:03+00:00","dateModified":"2026-03-20T09:39:24+00:00","description":"Hidrolize hindi proteini (\u2265 protein) \u2013 takviye edici g\u0131dalar, fonksiyonel g\u0131dalar ve y\u00fcksek proteinli \u00fcr\u00fcnler i\u00e7in iyi \u00e7\u00f6z\u00fcn\u00fcrl\u00fc\u011fe sahip hammadde.","breadcrumb":{"@id":"https:\/\/naturalpoland.com\/tr\/urunler\/gida-hammaddeleri\/hidrolize-hindi-proteini\/#breadcrumb"},"inLanguage":"tr","potentialAction":[{"@type":"ReadAction","target":["https:\/\/naturalpoland.com\/tr\/urunler\/gida-hammaddeleri\/hidrolize-hindi-proteini\/"]}]},{"@type":"ImageObject","inLanguage":"tr","@id":"https:\/\/naturalpoland.com\/tr\/urunler\/gida-hammaddeleri\/hidrolize-hindi-proteini\/#primaryimage","url":"https:\/\/naturalpoland.com\/wp-content\/uploads\/hydrolizowane-bialko-z-indyka.webp","contentUrl":"https:\/\/naturalpoland.com\/wp-content\/uploads\/hydrolizowane-bialko-z-indyka.webp","width":1024,"height":1024,"caption":"hidrolize hindi proteini"},{"@type":"BreadcrumbList","@id":"https:\/\/naturalpoland.com\/tr\/urunler\/gida-hammaddeleri\/hidrolize-hindi-proteini\/#breadcrumb","itemListElement":[{"@type":"ListItem","position":1,"name":"Ana Sayfa","item":"https:\/\/naturalpoland.com\/tr\/"},{"@type":"ListItem","position":2,"name":"\u00dcr\u00fcnler","item":"https:\/\/naturalpoland.com\/tr\/urunler\/"},{"@type":"ListItem","position":3,"name":"Hidrolize hindi proteini"}]},{"@type":"WebSite","@id":"https:\/\/naturalpoland.com\/tr\/#website","url":"https:\/\/naturalpoland.com\/tr\/","name":"NATURAL POLAND - Hurtowy Dystrybutor Surowc\u00f3w","description":"Surowce dla przemys\u0142u spo\u017cywczego, kosmetycznego i farmaceutycznego","publisher":{"@id":"https:\/\/naturalpoland.com\/tr\/#organization"},"potentialAction":[{"@type":"SearchAction","target":{"@type":"EntryPoint","urlTemplate":"https:\/\/naturalpoland.com\/tr\/?s={search_term_string}"},"query-input":{"@type":"PropertyValueSpecification","valueRequired":true,"valueName":"search_term_string"}}],"inLanguage":"tr"},{"@type":"Organization","@id":"https:\/\/naturalpoland.com\/tr\/#organization","name":"Natural Poland","url":"https:\/\/naturalpoland.com\/tr\/","logo":{"@type":"ImageObject","inLanguage":"tr","@id":"https:\/\/naturalpoland.com\/tr\/#\/schema\/logo\/image\/","url":"https:\/\/naturalpoland.com\/wp-content\/uploads\/2021\/05\/natural-poland-icon.png","contentUrl":"https:\/\/naturalpoland.com\/wp-content\/uploads\/2021\/05\/natural-poland-icon.png","width":512,"height":512,"caption":"Natural Poland"},"image":{"@id":"https:\/\/naturalpoland.com\/tr\/#\/schema\/logo\/image\/"},"sameAs":["https:\/\/www.facebook.com\/naturalpoland.b2b","https:\/\/pl.linkedin.com\/company\/natural-poland","https:\/\/www.youtube.com\/channel\/UCgeGGkvOMahZo-xu_MSEWxg"]}]}},"_links":{"self":[{"href":"https:\/\/naturalpoland.com\/tr\/wp-json\/wp\/v2\/product\/46905","targetHints":{"allow":["GET"]}}],"collection":[{"href":"https:\/\/naturalpoland.com\/tr\/wp-json\/wp\/v2\/product"}],"about":[{"href":"https:\/\/naturalpoland.com\/tr\/wp-json\/wp\/v2\/types\/product"}],"wp:featuredmedia":[{"embeddable":true,"href":"https:\/\/naturalpoland.com\/tr\/wp-json\/wp\/v2\/media\/46906"}],"wp:attachment":[{"href":"https:\/\/naturalpoland.com\/tr\/wp-json\/wp\/v2\/media?parent=46905"}],"wp:term":[{"taxonomy":"product_brand","embeddable":true,"href":"https:\/\/naturalpoland.com\/tr\/wp-json\/wp\/v2\/product_brand?post=46905"},{"taxonomy":"product_cat","embeddable":true,"href":"https:\/\/naturalpoland.com\/tr\/wp-json\/wp\/v2\/product_cat?post=46905"},{"taxonomy":"product_tag","embeddable":true,"href":"https:\/\/naturalpoland.com\/tr\/wp-json\/wp\/v2\/product_tag?post=46905"}],"curies":[{"name":"wp","href":"https:\/\/api.w.org\/{rel}","templated":true}]}}