{"id":46928,"date":"2026-03-19T12:42:00","date_gmt":"2026-03-19T11:42:00","guid":{"rendered":"https:\/\/naturalpoland.com\/produkty\/kategorilenmemis\/jelatin\/"},"modified":"2026-03-20T13:19:30","modified_gmt":"2026-03-20T12:19:30","slug":"jelatin","status":"publish","type":"product","link":"https:\/\/naturalpoland.com\/tr\/urunler\/gida-hammaddeleri\/jelatin\/","title":{"rendered":"Jelatin"},"content":{"rendered":"<h2>Hindi Jelatini:<\/h2>\n<p>Sunulan jelatin, hindi kaynakl\u0131 hammaddelerden elde edilebilir; bu da hayvan dokular\u0131nda bulunan kolajenin k\u0131smi hidrolizi sonucu olu\u015ftu\u011fu anlam\u0131na gelir. Kanatl\u0131 hammaddesinin kullan\u0131lmas\u0131, end\u00fcstriyel uygulamalar a\u00e7\u0131s\u0131ndan \u00f6nemli olan y\u00fcksek safl\u0131kta, iyi \u00e7\u00f6z\u00fcn\u00fcrl\u00fckte ve tekrarlanabilir kalite parametrelerine sahip bir \u00fcr\u00fcn elde edilmesini sa\u011flar. <\/p>\n<h2>Jelatinin \u00d6zellikleri:<\/h2>\n<p>Jelatin, jel yap\u0131lar\u0131 olu\u015fturma ve \u00fcr\u00fcnlerin dokusu ile viskozitesini etkileme yetene\u011finden kaynaklanan benzersiz teknolojik \u00f6zelliklere sahip bir proteindir. Sulu ortamda, uygun s\u0131cakl\u0131k ko\u015fullar\u0131nda, form\u00fclasyonlar\u0131n stabilizasyonundan ve istenen k\u0131vam\u0131n sa\u011flanmas\u0131ndan sorumlu \u00fc\u00e7 boyutlu bir a\u011f olu\u015fturur. <\/p>\n<h2>Jelatinin Kullan\u0131m Alanlar\u0131:<\/h2>\n<p>G\u0131da end\u00fcstrisinde jelatin, j\u00f6leler, tatl\u0131lar veya \u015fekerlemeler gibi \u00fcr\u00fcnlerin dokusundan sorumlu bir bile\u015fen olarak, ayn\u0131 zamanda diyet takviyelerinde kaps\u00fcl bile\u015feni olarak kullan\u0131l\u0131r. Teknolojik form\u00fclasyonlarda k\u0131vam art\u0131r\u0131c\u0131, stabilizat\u00f6r ve reolojik \u00f6zellikleri iyile\u015ftirici bir madde olarak i\u015flev g\u00f6r\u00fcr. Ayr\u0131ca farmas\u00f6tik ve kozmetik end\u00fcstrilerinde de \u00fcr\u00fcnlerin k\u0131vam\u0131n\u0131 ve uygulama \u00f6zelliklerini etkilemek i\u00e7in kullan\u0131labilir.  <\/p>\n<p>Jelatinin kullan\u0131m alanlar\u0131:<\/p>\n<ul>\n<li>g\u0131da \u00fcr\u00fcnleri (tatl\u0131lar, j\u00f6leler),<\/li>\n<li>kaps\u00fcller ve takviyeler,<\/li>\n<li>farmas\u00f6tik \u00fcr\u00fcnler,<\/li>\n<li>teknolojik end\u00fcstri,<\/li>\n<li>kozmetik ve ki\u015fisel bak\u0131m \u00fcr\u00fcnleri.<\/li>\n<\/ul>\n","protected":false},"excerpt":{"rendered":"<p><strong>Jelatin<\/strong>, kolajenin k\u0131smi hidrolizi sonucu olu\u015fur. G\u0131da ve teknolojik end\u00fcstrilerde jel olu\u015fturmak ve \u00fcr\u00fcnlerin dokusunu iyile\u015ftirmek i\u00e7in kullan\u0131l\u0131r. \u00dcr\u00fcn, iyi \u00e7\u00f6z\u00fcn\u00fcrl\u00fck ve stabil jel yap\u0131lar\u0131 olu\u015fturmay\u0131 ve form\u00fclasyonlar\u0131n viskozitesini art\u0131rmay\u0131 sa\u011flayan reolojik \u00f6zelliklerle karakterizedir.  <\/p>\n","protected":false},"featured_media":46929,"template":"","meta":{"_acf_changed":false},"product_brand":[],"product_cat":[9558],"product_tag":[],"class_list":{"0":"post-46928","1":"product","2":"type-product","3":"status-publish","4":"has-post-thumbnail","6":"product_cat-gida-hammaddeleri","8":"first","9":"instock","10":"shipping-taxable","11":"product-type-simple"},"acf":[],"yoast_head":"<!-- This site is optimized with the Yoast SEO plugin v27.5 - https:\/\/yoast.com\/product\/yoast-seo-wordpress\/ -->\n<title>Jelatin - Hurtowy Dystrybutor<\/title>\n<meta name=\"description\" content=\"Jelatin, jel olu\u015fturucu ve k\u0131vam art\u0131r\u0131c\u0131 \u00f6zelliklere sahip do\u011fal bir proteindir. G\u0131da, takviye edici g\u0131dalar ve teknolojik uygulamalar i\u00e7in bir hammaddedir.\" \/>\n<meta name=\"robots\" content=\"index, follow, max-snippet:-1, max-image-preview:large, max-video-preview:-1\" \/>\n<link rel=\"canonical\" href=\"https:\/\/naturalpoland.com\/tr\/urunler\/gida-hammaddeleri\/jelatin\/\" \/>\n<meta property=\"og:locale\" content=\"tr_TR\" \/>\n<meta property=\"og:type\" content=\"article\" \/>\n<meta property=\"og:title\" content=\"Jelatin - Hurtowy Dystrybutor\" \/>\n<meta property=\"og:description\" content=\"Jelatin, jel olu\u015fturucu ve k\u0131vam art\u0131r\u0131c\u0131 \u00f6zelliklere sahip do\u011fal bir proteindir. G\u0131da, takviye edici g\u0131dalar ve teknolojik uygulamalar i\u00e7in bir hammaddedir.\" \/>\n<meta property=\"og:url\" content=\"https:\/\/naturalpoland.com\/tr\/urunler\/gida-hammaddeleri\/jelatin\/\" \/>\n<meta property=\"og:site_name\" content=\"NATURAL POLAND - Hurtowy Dystrybutor Surowc\u00f3w\" \/>\n<meta property=\"article:publisher\" content=\"https:\/\/www.facebook.com\/naturalpoland.b2b\" \/>\n<meta property=\"article:modified_time\" content=\"2026-03-20T12:19:30+00:00\" \/>\n<meta property=\"og:image\" content=\"https:\/\/naturalpoland.com\/wp-content\/uploads\/zelatyna.webp\" \/>\n\t<meta property=\"og:image:width\" content=\"1024\" \/>\n\t<meta property=\"og:image:height\" content=\"1024\" \/>\n\t<meta property=\"og:image:type\" content=\"image\/webp\" \/>\n<script type=\"application\/ld+json\" class=\"yoast-schema-graph\">{\"@context\":\"https:\\\/\\\/schema.org\",\"@graph\":[{\"@type\":\"WebPage\",\"@id\":\"https:\\\/\\\/naturalpoland.com\\\/tr\\\/urunler\\\/gida-hammaddeleri\\\/jelatin\\\/\",\"url\":\"https:\\\/\\\/naturalpoland.com\\\/tr\\\/urunler\\\/gida-hammaddeleri\\\/jelatin\\\/\",\"name\":\"Jelatin - Hurtowy Dystrybutor\",\"isPartOf\":{\"@id\":\"https:\\\/\\\/naturalpoland.com\\\/tr\\\/#website\"},\"primaryImageOfPage\":{\"@id\":\"https:\\\/\\\/naturalpoland.com\\\/tr\\\/urunler\\\/gida-hammaddeleri\\\/jelatin\\\/#primaryimage\"},\"image\":{\"@id\":\"https:\\\/\\\/naturalpoland.com\\\/tr\\\/urunler\\\/gida-hammaddeleri\\\/jelatin\\\/#primaryimage\"},\"thumbnailUrl\":\"https:\\\/\\\/naturalpoland.com\\\/wp-content\\\/uploads\\\/zelatyna.webp\",\"datePublished\":\"2026-03-19T11:42:00+00:00\",\"dateModified\":\"2026-03-20T12:19:30+00:00\",\"description\":\"Jelatin, jel olu\u015fturucu ve k\u0131vam art\u0131r\u0131c\u0131 \u00f6zelliklere sahip do\u011fal bir proteindir. G\u0131da, takviye edici g\u0131dalar ve teknolojik uygulamalar i\u00e7in bir hammaddedir.\",\"breadcrumb\":{\"@id\":\"https:\\\/\\\/naturalpoland.com\\\/tr\\\/urunler\\\/gida-hammaddeleri\\\/jelatin\\\/#breadcrumb\"},\"inLanguage\":\"tr\",\"potentialAction\":[{\"@type\":\"ReadAction\",\"target\":[\"https:\\\/\\\/naturalpoland.com\\\/tr\\\/urunler\\\/gida-hammaddeleri\\\/jelatin\\\/\"]}]},{\"@type\":\"ImageObject\",\"inLanguage\":\"tr\",\"@id\":\"https:\\\/\\\/naturalpoland.com\\\/tr\\\/urunler\\\/gida-hammaddeleri\\\/jelatin\\\/#primaryimage\",\"url\":\"https:\\\/\\\/naturalpoland.com\\\/wp-content\\\/uploads\\\/zelatyna.webp\",\"contentUrl\":\"https:\\\/\\\/naturalpoland.com\\\/wp-content\\\/uploads\\\/zelatyna.webp\",\"width\":1024,\"height\":1024,\"caption\":\"toz jelatin\"},{\"@type\":\"BreadcrumbList\",\"@id\":\"https:\\\/\\\/naturalpoland.com\\\/tr\\\/urunler\\\/gida-hammaddeleri\\\/jelatin\\\/#breadcrumb\",\"itemListElement\":[{\"@type\":\"ListItem\",\"position\":1,\"name\":\"Ana Sayfa\",\"item\":\"https:\\\/\\\/naturalpoland.com\\\/tr\\\/\"},{\"@type\":\"ListItem\",\"position\":2,\"name\":\"\u00dcr\u00fcnler\",\"item\":\"https:\\\/\\\/naturalpoland.com\\\/tr\\\/urunler\\\/\"},{\"@type\":\"ListItem\",\"position\":3,\"name\":\"Jelatin\"}]},{\"@type\":\"WebSite\",\"@id\":\"https:\\\/\\\/naturalpoland.com\\\/tr\\\/#website\",\"url\":\"https:\\\/\\\/naturalpoland.com\\\/tr\\\/\",\"name\":\"NATURAL POLAND - Hurtowy Dystrybutor Surowc\u00f3w\",\"description\":\"Surowce dla przemys\u0142u spo\u017cywczego, kosmetycznego i farmaceutycznego\",\"publisher\":{\"@id\":\"https:\\\/\\\/naturalpoland.com\\\/tr\\\/#organization\"},\"potentialAction\":[{\"@type\":\"SearchAction\",\"target\":{\"@type\":\"EntryPoint\",\"urlTemplate\":\"https:\\\/\\\/naturalpoland.com\\\/tr\\\/?s={search_term_string}\"},\"query-input\":{\"@type\":\"PropertyValueSpecification\",\"valueRequired\":true,\"valueName\":\"search_term_string\"}}],\"inLanguage\":\"tr\"},{\"@type\":\"Organization\",\"@id\":\"https:\\\/\\\/naturalpoland.com\\\/tr\\\/#organization\",\"name\":\"Natural Poland\",\"url\":\"https:\\\/\\\/naturalpoland.com\\\/tr\\\/\",\"logo\":{\"@type\":\"ImageObject\",\"inLanguage\":\"tr\",\"@id\":\"https:\\\/\\\/naturalpoland.com\\\/tr\\\/#\\\/schema\\\/logo\\\/image\\\/\",\"url\":\"https:\\\/\\\/naturalpoland.com\\\/wp-content\\\/uploads\\\/2021\\\/05\\\/natural-poland-icon.png\",\"contentUrl\":\"https:\\\/\\\/naturalpoland.com\\\/wp-content\\\/uploads\\\/2021\\\/05\\\/natural-poland-icon.png\",\"width\":512,\"height\":512,\"caption\":\"Natural Poland\"},\"image\":{\"@id\":\"https:\\\/\\\/naturalpoland.com\\\/tr\\\/#\\\/schema\\\/logo\\\/image\\\/\"},\"sameAs\":[\"https:\\\/\\\/www.facebook.com\\\/naturalpoland.b2b\",\"https:\\\/\\\/pl.linkedin.com\\\/company\\\/natural-poland\",\"https:\\\/\\\/www.youtube.com\\\/channel\\\/UCgeGGkvOMahZo-xu_MSEWxg\"]}]}<\/script>\n<!-- \/ Yoast SEO plugin. -->","yoast_head_json":{"title":"Jelatin - Hurtowy Dystrybutor","description":"Jelatin, jel olu\u015fturucu ve k\u0131vam art\u0131r\u0131c\u0131 \u00f6zelliklere sahip do\u011fal bir proteindir. G\u0131da, takviye edici g\u0131dalar ve teknolojik uygulamalar i\u00e7in bir hammaddedir.","robots":{"index":"index","follow":"follow","max-snippet":"max-snippet:-1","max-image-preview":"max-image-preview:large","max-video-preview":"max-video-preview:-1"},"canonical":"https:\/\/naturalpoland.com\/tr\/urunler\/gida-hammaddeleri\/jelatin\/","og_locale":"tr_TR","og_type":"article","og_title":"Jelatin - Hurtowy Dystrybutor","og_description":"Jelatin, jel olu\u015fturucu ve k\u0131vam art\u0131r\u0131c\u0131 \u00f6zelliklere sahip do\u011fal bir proteindir. G\u0131da, takviye edici g\u0131dalar ve teknolojik uygulamalar i\u00e7in bir hammaddedir.","og_url":"https:\/\/naturalpoland.com\/tr\/urunler\/gida-hammaddeleri\/jelatin\/","og_site_name":"NATURAL POLAND - Hurtowy Dystrybutor Surowc\u00f3w","article_publisher":"https:\/\/www.facebook.com\/naturalpoland.b2b","article_modified_time":"2026-03-20T12:19:30+00:00","og_image":[{"width":1024,"height":1024,"url":"https:\/\/naturalpoland.com\/wp-content\/uploads\/zelatyna.webp","type":"image\/webp"}],"schema":{"@context":"https:\/\/schema.org","@graph":[{"@type":"WebPage","@id":"https:\/\/naturalpoland.com\/tr\/urunler\/gida-hammaddeleri\/jelatin\/","url":"https:\/\/naturalpoland.com\/tr\/urunler\/gida-hammaddeleri\/jelatin\/","name":"Jelatin - Hurtowy Dystrybutor","isPartOf":{"@id":"https:\/\/naturalpoland.com\/tr\/#website"},"primaryImageOfPage":{"@id":"https:\/\/naturalpoland.com\/tr\/urunler\/gida-hammaddeleri\/jelatin\/#primaryimage"},"image":{"@id":"https:\/\/naturalpoland.com\/tr\/urunler\/gida-hammaddeleri\/jelatin\/#primaryimage"},"thumbnailUrl":"https:\/\/naturalpoland.com\/wp-content\/uploads\/zelatyna.webp","datePublished":"2026-03-19T11:42:00+00:00","dateModified":"2026-03-20T12:19:30+00:00","description":"Jelatin, jel olu\u015fturucu ve k\u0131vam art\u0131r\u0131c\u0131 \u00f6zelliklere sahip do\u011fal bir proteindir. G\u0131da, takviye edici g\u0131dalar ve teknolojik uygulamalar i\u00e7in bir hammaddedir.","breadcrumb":{"@id":"https:\/\/naturalpoland.com\/tr\/urunler\/gida-hammaddeleri\/jelatin\/#breadcrumb"},"inLanguage":"tr","potentialAction":[{"@type":"ReadAction","target":["https:\/\/naturalpoland.com\/tr\/urunler\/gida-hammaddeleri\/jelatin\/"]}]},{"@type":"ImageObject","inLanguage":"tr","@id":"https:\/\/naturalpoland.com\/tr\/urunler\/gida-hammaddeleri\/jelatin\/#primaryimage","url":"https:\/\/naturalpoland.com\/wp-content\/uploads\/zelatyna.webp","contentUrl":"https:\/\/naturalpoland.com\/wp-content\/uploads\/zelatyna.webp","width":1024,"height":1024,"caption":"toz jelatin"},{"@type":"BreadcrumbList","@id":"https:\/\/naturalpoland.com\/tr\/urunler\/gida-hammaddeleri\/jelatin\/#breadcrumb","itemListElement":[{"@type":"ListItem","position":1,"name":"Ana Sayfa","item":"https:\/\/naturalpoland.com\/tr\/"},{"@type":"ListItem","position":2,"name":"\u00dcr\u00fcnler","item":"https:\/\/naturalpoland.com\/tr\/urunler\/"},{"@type":"ListItem","position":3,"name":"Jelatin"}]},{"@type":"WebSite","@id":"https:\/\/naturalpoland.com\/tr\/#website","url":"https:\/\/naturalpoland.com\/tr\/","name":"NATURAL POLAND - Hurtowy Dystrybutor Surowc\u00f3w","description":"Surowce dla przemys\u0142u spo\u017cywczego, kosmetycznego i farmaceutycznego","publisher":{"@id":"https:\/\/naturalpoland.com\/tr\/#organization"},"potentialAction":[{"@type":"SearchAction","target":{"@type":"EntryPoint","urlTemplate":"https:\/\/naturalpoland.com\/tr\/?s={search_term_string}"},"query-input":{"@type":"PropertyValueSpecification","valueRequired":true,"valueName":"search_term_string"}}],"inLanguage":"tr"},{"@type":"Organization","@id":"https:\/\/naturalpoland.com\/tr\/#organization","name":"Natural Poland","url":"https:\/\/naturalpoland.com\/tr\/","logo":{"@type":"ImageObject","inLanguage":"tr","@id":"https:\/\/naturalpoland.com\/tr\/#\/schema\/logo\/image\/","url":"https:\/\/naturalpoland.com\/wp-content\/uploads\/2021\/05\/natural-poland-icon.png","contentUrl":"https:\/\/naturalpoland.com\/wp-content\/uploads\/2021\/05\/natural-poland-icon.png","width":512,"height":512,"caption":"Natural Poland"},"image":{"@id":"https:\/\/naturalpoland.com\/tr\/#\/schema\/logo\/image\/"},"sameAs":["https:\/\/www.facebook.com\/naturalpoland.b2b","https:\/\/pl.linkedin.com\/company\/natural-poland","https:\/\/www.youtube.com\/channel\/UCgeGGkvOMahZo-xu_MSEWxg"]}]}},"_links":{"self":[{"href":"https:\/\/naturalpoland.com\/tr\/wp-json\/wp\/v2\/product\/46928","targetHints":{"allow":["GET"]}}],"collection":[{"href":"https:\/\/naturalpoland.com\/tr\/wp-json\/wp\/v2\/product"}],"about":[{"href":"https:\/\/naturalpoland.com\/tr\/wp-json\/wp\/v2\/types\/product"}],"wp:featuredmedia":[{"embeddable":true,"href":"https:\/\/naturalpoland.com\/tr\/wp-json\/wp\/v2\/media\/46929"}],"wp:attachment":[{"href":"https:\/\/naturalpoland.com\/tr\/wp-json\/wp\/v2\/media?parent=46928"}],"wp:term":[{"taxonomy":"product_brand","embeddable":true,"href":"https:\/\/naturalpoland.com\/tr\/wp-json\/wp\/v2\/product_brand?post=46928"},{"taxonomy":"product_cat","embeddable":true,"href":"https:\/\/naturalpoland.com\/tr\/wp-json\/wp\/v2\/product_cat?post=46928"},{"taxonomy":"product_tag","embeddable":true,"href":"https:\/\/naturalpoland.com\/tr\/wp-json\/wp\/v2\/product_tag?post=46928"}],"curies":[{"name":"wp","href":"https:\/\/api.w.org\/{rel}","templated":true}]}}