{"id":46974,"date":"2026-03-19T12:13:47","date_gmt":"2026-03-19T11:13:47","guid":{"rendered":"https:\/\/naturalpoland.com\/produkty\/kategorilenmemis\/kreatin-hidrolizati\/"},"modified":"2026-03-20T13:25:52","modified_gmt":"2026-03-20T12:25:52","slug":"kreatin-hidrolizati","status":"publish","type":"product","link":"https:\/\/naturalpoland.com\/tr\/urunler\/kozmetik-hammaddeleri\/kozmetik-hammaddeleri-2\/kreatin-hidrolizati\/","title":{"rendered":"Kreatin Hidrolizat\u0131"},"content":{"rendered":"<h2>Kreatin hidrolizat\u0131n\u0131n \u00f6zellikleri<\/h2>\n<p>Keratin hidrolizat\u0131, sa\u00e7, cilt ve t\u0131rnaklar gibi keratinli yap\u0131lara y\u00fcksek afiniteye sahip bir proteindir. Hidroliz i\u015flemi sayesinde, sa\u00e7 yap\u0131s\u0131na n\u00fcfuz edebilen veya y\u00fczeyinde koruyucu bir film olu\u015fturarak sa\u00e7\u0131n kondisyonunu ve mekanik hasarlara kar\u015f\u0131 direncini art\u0131ran farkl\u0131 molek\u00fcler a\u011f\u0131rl\u0131klarda peptitler elde edilir. <\/p>\n<h2>Kreatin hidrolizat\u0131n\u0131n kullan\u0131m alanlar\u0131<\/h2>\n<p>Kozmetikte keratin hidrolizat\u0131 \u00f6ncelikle sa\u00e7 bak\u0131m \u00fcr\u00fcnlerinde kullan\u0131l\u0131r ve sa\u00e7lar\u0131n esnekli\u011fini art\u0131rmaya, p\u00fcr\u00fczs\u00fczle\u015fmesine ve d\u0131\u015f etkenlere kar\u015f\u0131 direncinin g\u00fc\u00e7lenmesine katk\u0131da bulunur. Cilt bak\u0131m preparatlar\u0131nda koruyucu bir tabaka olu\u015fturarak cildin kondisyonunu ve form\u00fclasyonun kullan\u0131m parametrelerini iyile\u015ftirebilir. Y\u00fcksek \u00e7\u00f6z\u00fcn\u00fcrl\u00fc\u011f\u00fc ve stabilitesi sayesinde bak\u0131m ve teknolojik preparatlar dahil olmak \u00fczere daha geli\u015fmi\u015f form\u00fclasyon sistemlerinde de kullan\u0131m alan\u0131 bulur.  <\/p>\n<p>Keratin hidrolizat\u0131 \u015fu \u00fcr\u00fcnlerde kullan\u0131l\u0131r:<\/p>\n<ul>\n<li>sa\u00e7 kozmetiklerinde (\u015fampuanlar, maskeler, sa\u00e7 kremleri),<\/li>\n<li>t\u0131rnak bak\u0131m preparatlar\u0131nda,<\/li>\n<li>onar\u0131c\u0131 ve g\u00fc\u00e7lendirici kozmetiklerde,<\/li>\n<li>cilt bak\u0131m preparatlar\u0131nda,<\/li>\n<li>deterjanlar ve kuma\u015f bak\u0131m \u00fcr\u00fcnlerinde.<\/li>\n<\/ul>\n","protected":false},"excerpt":{"rendered":"<p><strong>Hindi keratin hidrolizat\u0131<\/strong> kremsi-kehribar renkli toz formunda bulunur ve suda iyi \u00e7\u00f6z\u00fcn\u00fcrl\u00fc\u011fe sahiptir. Protein i\u00e7eri\u011fi \u2265%69&#8217;dur ve pH de\u011feri 6,5\u20137,5 aral\u0131\u011f\u0131ndad\u0131r. Hidroliz derecesine ba\u011fl\u0131 olarak farkl\u0131 molek\u00fcler a\u011f\u0131rl\u0131klarda (&lt;1 kDa&#8217;dan birka\u00e7 kDa&#8217;ya kadar) fraksiyonlar mevcuttur.  <\/p>\n","protected":false},"featured_media":46975,"template":"","meta":{"_acf_changed":false},"product_brand":[],"product_cat":[9557],"product_tag":[],"class_list":{"0":"post-46974","1":"product","2":"type-product","3":"status-publish","4":"has-post-thumbnail","6":"product_cat-kozmetik-hammaddeleri-2","7":"pa_certyfikaty-brcgs-gida","8":"pa_certyfikaty-helal","9":"pa_certyfikaty-ifs-gida","10":"pa_certyfikaty-ifs-lojistik","12":"first","13":"instock","14":"shipping-taxable","15":"product-type-simple"},"acf":[],"yoast_head":"<!-- This site is optimized with the Yoast SEO plugin v27.5 - https:\/\/yoast.com\/product\/yoast-seo-wordpress\/ -->\n<title>Kreatin Hidrolizat\u0131 - Hurtowy Dystrybutor<\/title>\n<meta name=\"description\" content=\"Keratin hidrolizat\u0131, sa\u00e7lar\u0131 g\u00fc\u00e7lendirici ve kondisyonlay\u0131c\u0131 etkiye sahip bir proteindir. Y\u00fcksek \u00e7\u00f6z\u00fcn\u00fcrl\u00fc\u011fe ve \u2265 protein i\u00e7eri\u011fine sahip kozmetik hammaddedir.\" \/>\n<meta name=\"robots\" content=\"index, follow, max-snippet:-1, max-image-preview:large, max-video-preview:-1\" \/>\n<link rel=\"canonical\" href=\"https:\/\/naturalpoland.com\/tr\/urunler\/kozmetik-hammaddeleri\/kozmetik-hammaddeleri-2\/kreatin-hidrolizati\/\" \/>\n<meta property=\"og:locale\" content=\"tr_TR\" \/>\n<meta property=\"og:type\" content=\"article\" \/>\n<meta property=\"og:title\" content=\"Kreatin Hidrolizat\u0131 - Hurtowy Dystrybutor\" \/>\n<meta property=\"og:description\" content=\"Keratin hidrolizat\u0131, sa\u00e7lar\u0131 g\u00fc\u00e7lendirici ve kondisyonlay\u0131c\u0131 etkiye sahip bir proteindir. Y\u00fcksek \u00e7\u00f6z\u00fcn\u00fcrl\u00fc\u011fe ve \u2265 protein i\u00e7eri\u011fine sahip kozmetik hammaddedir.\" \/>\n<meta property=\"og:url\" content=\"https:\/\/naturalpoland.com\/tr\/urunler\/kozmetik-hammaddeleri\/kozmetik-hammaddeleri-2\/kreatin-hidrolizati\/\" \/>\n<meta property=\"og:site_name\" content=\"NATURAL POLAND - Hurtowy Dystrybutor Surowc\u00f3w\" \/>\n<meta property=\"article:publisher\" content=\"https:\/\/www.facebook.com\/naturalpoland.b2b\" \/>\n<meta property=\"article:modified_time\" content=\"2026-03-20T12:25:52+00:00\" \/>\n<meta property=\"og:image\" content=\"https:\/\/naturalpoland.com\/wp-content\/uploads\/hydrolizat-kreatyny.webp\" \/>\n\t<meta property=\"og:image:width\" content=\"1024\" \/>\n\t<meta property=\"og:image:height\" content=\"1024\" \/>\n\t<meta property=\"og:image:type\" content=\"image\/webp\" \/>\n<script type=\"application\/ld+json\" class=\"yoast-schema-graph\">{\"@context\":\"https:\\\/\\\/schema.org\",\"@graph\":[{\"@type\":\"WebPage\",\"@id\":\"https:\\\/\\\/naturalpoland.com\\\/tr\\\/urunler\\\/kozmetik-hammaddeleri\\\/kozmetik-hammaddeleri-2\\\/kreatin-hidrolizati\\\/\",\"url\":\"https:\\\/\\\/naturalpoland.com\\\/tr\\\/urunler\\\/kozmetik-hammaddeleri\\\/kozmetik-hammaddeleri-2\\\/kreatin-hidrolizati\\\/\",\"name\":\"Kreatin Hidrolizat\u0131 - Hurtowy Dystrybutor\",\"isPartOf\":{\"@id\":\"https:\\\/\\\/naturalpoland.com\\\/tr\\\/#website\"},\"primaryImageOfPage\":{\"@id\":\"https:\\\/\\\/naturalpoland.com\\\/tr\\\/urunler\\\/kozmetik-hammaddeleri\\\/kozmetik-hammaddeleri-2\\\/kreatin-hidrolizati\\\/#primaryimage\"},\"image\":{\"@id\":\"https:\\\/\\\/naturalpoland.com\\\/tr\\\/urunler\\\/kozmetik-hammaddeleri\\\/kozmetik-hammaddeleri-2\\\/kreatin-hidrolizati\\\/#primaryimage\"},\"thumbnailUrl\":\"https:\\\/\\\/naturalpoland.com\\\/wp-content\\\/uploads\\\/hydrolizat-kreatyny.webp\",\"datePublished\":\"2026-03-19T11:13:47+00:00\",\"dateModified\":\"2026-03-20T12:25:52+00:00\",\"description\":\"Keratin hidrolizat\u0131, sa\u00e7lar\u0131 g\u00fc\u00e7lendirici ve kondisyonlay\u0131c\u0131 etkiye sahip bir proteindir. Y\u00fcksek \u00e7\u00f6z\u00fcn\u00fcrl\u00fc\u011fe ve \u2265 protein i\u00e7eri\u011fine sahip kozmetik hammaddedir.\",\"breadcrumb\":{\"@id\":\"https:\\\/\\\/naturalpoland.com\\\/tr\\\/urunler\\\/kozmetik-hammaddeleri\\\/kozmetik-hammaddeleri-2\\\/kreatin-hidrolizati\\\/#breadcrumb\"},\"inLanguage\":\"tr\",\"potentialAction\":[{\"@type\":\"ReadAction\",\"target\":[\"https:\\\/\\\/naturalpoland.com\\\/tr\\\/urunler\\\/kozmetik-hammaddeleri\\\/kozmetik-hammaddeleri-2\\\/kreatin-hidrolizati\\\/\"]}]},{\"@type\":\"ImageObject\",\"inLanguage\":\"tr\",\"@id\":\"https:\\\/\\\/naturalpoland.com\\\/tr\\\/urunler\\\/kozmetik-hammaddeleri\\\/kozmetik-hammaddeleri-2\\\/kreatin-hidrolizati\\\/#primaryimage\",\"url\":\"https:\\\/\\\/naturalpoland.com\\\/wp-content\\\/uploads\\\/hydrolizat-kreatyny.webp\",\"contentUrl\":\"https:\\\/\\\/naturalpoland.com\\\/wp-content\\\/uploads\\\/hydrolizat-kreatyny.webp\",\"width\":1024,\"height\":1024,\"caption\":\"kreatin hidrolizat\u0131\"},{\"@type\":\"BreadcrumbList\",\"@id\":\"https:\\\/\\\/naturalpoland.com\\\/tr\\\/urunler\\\/kozmetik-hammaddeleri\\\/kozmetik-hammaddeleri-2\\\/kreatin-hidrolizati\\\/#breadcrumb\",\"itemListElement\":[{\"@type\":\"ListItem\",\"position\":1,\"name\":\"Ana Sayfa\",\"item\":\"https:\\\/\\\/naturalpoland.com\\\/tr\\\/\"},{\"@type\":\"ListItem\",\"position\":2,\"name\":\"\u00dcr\u00fcnler\",\"item\":\"https:\\\/\\\/naturalpoland.com\\\/tr\\\/urunler\\\/\"},{\"@type\":\"ListItem\",\"position\":3,\"name\":\"Kreatin Hidrolizat\u0131\"}]},{\"@type\":\"WebSite\",\"@id\":\"https:\\\/\\\/naturalpoland.com\\\/tr\\\/#website\",\"url\":\"https:\\\/\\\/naturalpoland.com\\\/tr\\\/\",\"name\":\"NATURAL POLAND - Hurtowy Dystrybutor Surowc\u00f3w\",\"description\":\"Surowce dla przemys\u0142u spo\u017cywczego, kosmetycznego i farmaceutycznego\",\"publisher\":{\"@id\":\"https:\\\/\\\/naturalpoland.com\\\/tr\\\/#organization\"},\"potentialAction\":[{\"@type\":\"SearchAction\",\"target\":{\"@type\":\"EntryPoint\",\"urlTemplate\":\"https:\\\/\\\/naturalpoland.com\\\/tr\\\/?s={search_term_string}\"},\"query-input\":{\"@type\":\"PropertyValueSpecification\",\"valueRequired\":true,\"valueName\":\"search_term_string\"}}],\"inLanguage\":\"tr\"},{\"@type\":\"Organization\",\"@id\":\"https:\\\/\\\/naturalpoland.com\\\/tr\\\/#organization\",\"name\":\"Natural Poland\",\"url\":\"https:\\\/\\\/naturalpoland.com\\\/tr\\\/\",\"logo\":{\"@type\":\"ImageObject\",\"inLanguage\":\"tr\",\"@id\":\"https:\\\/\\\/naturalpoland.com\\\/tr\\\/#\\\/schema\\\/logo\\\/image\\\/\",\"url\":\"https:\\\/\\\/naturalpoland.com\\\/wp-content\\\/uploads\\\/2021\\\/05\\\/natural-poland-icon.png\",\"contentUrl\":\"https:\\\/\\\/naturalpoland.com\\\/wp-content\\\/uploads\\\/2021\\\/05\\\/natural-poland-icon.png\",\"width\":512,\"height\":512,\"caption\":\"Natural Poland\"},\"image\":{\"@id\":\"https:\\\/\\\/naturalpoland.com\\\/tr\\\/#\\\/schema\\\/logo\\\/image\\\/\"},\"sameAs\":[\"https:\\\/\\\/www.facebook.com\\\/naturalpoland.b2b\",\"https:\\\/\\\/pl.linkedin.com\\\/company\\\/natural-poland\",\"https:\\\/\\\/www.youtube.com\\\/channel\\\/UCgeGGkvOMahZo-xu_MSEWxg\"]}]}<\/script>\n<!-- \/ Yoast SEO plugin. -->","yoast_head_json":{"title":"Kreatin Hidrolizat\u0131 - Hurtowy Dystrybutor","description":"Keratin hidrolizat\u0131, sa\u00e7lar\u0131 g\u00fc\u00e7lendirici ve kondisyonlay\u0131c\u0131 etkiye sahip bir proteindir. Y\u00fcksek \u00e7\u00f6z\u00fcn\u00fcrl\u00fc\u011fe ve \u2265 protein i\u00e7eri\u011fine sahip kozmetik hammaddedir.","robots":{"index":"index","follow":"follow","max-snippet":"max-snippet:-1","max-image-preview":"max-image-preview:large","max-video-preview":"max-video-preview:-1"},"canonical":"https:\/\/naturalpoland.com\/tr\/urunler\/kozmetik-hammaddeleri\/kozmetik-hammaddeleri-2\/kreatin-hidrolizati\/","og_locale":"tr_TR","og_type":"article","og_title":"Kreatin Hidrolizat\u0131 - Hurtowy Dystrybutor","og_description":"Keratin hidrolizat\u0131, sa\u00e7lar\u0131 g\u00fc\u00e7lendirici ve kondisyonlay\u0131c\u0131 etkiye sahip bir proteindir. Y\u00fcksek \u00e7\u00f6z\u00fcn\u00fcrl\u00fc\u011fe ve \u2265 protein i\u00e7eri\u011fine sahip kozmetik hammaddedir.","og_url":"https:\/\/naturalpoland.com\/tr\/urunler\/kozmetik-hammaddeleri\/kozmetik-hammaddeleri-2\/kreatin-hidrolizati\/","og_site_name":"NATURAL POLAND - Hurtowy Dystrybutor Surowc\u00f3w","article_publisher":"https:\/\/www.facebook.com\/naturalpoland.b2b","article_modified_time":"2026-03-20T12:25:52+00:00","og_image":[{"width":1024,"height":1024,"url":"https:\/\/naturalpoland.com\/wp-content\/uploads\/hydrolizat-kreatyny.webp","type":"image\/webp"}],"schema":{"@context":"https:\/\/schema.org","@graph":[{"@type":"WebPage","@id":"https:\/\/naturalpoland.com\/tr\/urunler\/kozmetik-hammaddeleri\/kozmetik-hammaddeleri-2\/kreatin-hidrolizati\/","url":"https:\/\/naturalpoland.com\/tr\/urunler\/kozmetik-hammaddeleri\/kozmetik-hammaddeleri-2\/kreatin-hidrolizati\/","name":"Kreatin Hidrolizat\u0131 - Hurtowy Dystrybutor","isPartOf":{"@id":"https:\/\/naturalpoland.com\/tr\/#website"},"primaryImageOfPage":{"@id":"https:\/\/naturalpoland.com\/tr\/urunler\/kozmetik-hammaddeleri\/kozmetik-hammaddeleri-2\/kreatin-hidrolizati\/#primaryimage"},"image":{"@id":"https:\/\/naturalpoland.com\/tr\/urunler\/kozmetik-hammaddeleri\/kozmetik-hammaddeleri-2\/kreatin-hidrolizati\/#primaryimage"},"thumbnailUrl":"https:\/\/naturalpoland.com\/wp-content\/uploads\/hydrolizat-kreatyny.webp","datePublished":"2026-03-19T11:13:47+00:00","dateModified":"2026-03-20T12:25:52+00:00","description":"Keratin hidrolizat\u0131, sa\u00e7lar\u0131 g\u00fc\u00e7lendirici ve kondisyonlay\u0131c\u0131 etkiye sahip bir proteindir. Y\u00fcksek \u00e7\u00f6z\u00fcn\u00fcrl\u00fc\u011fe ve \u2265 protein i\u00e7eri\u011fine sahip kozmetik hammaddedir.","breadcrumb":{"@id":"https:\/\/naturalpoland.com\/tr\/urunler\/kozmetik-hammaddeleri\/kozmetik-hammaddeleri-2\/kreatin-hidrolizati\/#breadcrumb"},"inLanguage":"tr","potentialAction":[{"@type":"ReadAction","target":["https:\/\/naturalpoland.com\/tr\/urunler\/kozmetik-hammaddeleri\/kozmetik-hammaddeleri-2\/kreatin-hidrolizati\/"]}]},{"@type":"ImageObject","inLanguage":"tr","@id":"https:\/\/naturalpoland.com\/tr\/urunler\/kozmetik-hammaddeleri\/kozmetik-hammaddeleri-2\/kreatin-hidrolizati\/#primaryimage","url":"https:\/\/naturalpoland.com\/wp-content\/uploads\/hydrolizat-kreatyny.webp","contentUrl":"https:\/\/naturalpoland.com\/wp-content\/uploads\/hydrolizat-kreatyny.webp","width":1024,"height":1024,"caption":"kreatin hidrolizat\u0131"},{"@type":"BreadcrumbList","@id":"https:\/\/naturalpoland.com\/tr\/urunler\/kozmetik-hammaddeleri\/kozmetik-hammaddeleri-2\/kreatin-hidrolizati\/#breadcrumb","itemListElement":[{"@type":"ListItem","position":1,"name":"Ana Sayfa","item":"https:\/\/naturalpoland.com\/tr\/"},{"@type":"ListItem","position":2,"name":"\u00dcr\u00fcnler","item":"https:\/\/naturalpoland.com\/tr\/urunler\/"},{"@type":"ListItem","position":3,"name":"Kreatin Hidrolizat\u0131"}]},{"@type":"WebSite","@id":"https:\/\/naturalpoland.com\/tr\/#website","url":"https:\/\/naturalpoland.com\/tr\/","name":"NATURAL POLAND - Hurtowy Dystrybutor Surowc\u00f3w","description":"Surowce dla przemys\u0142u spo\u017cywczego, kosmetycznego i farmaceutycznego","publisher":{"@id":"https:\/\/naturalpoland.com\/tr\/#organization"},"potentialAction":[{"@type":"SearchAction","target":{"@type":"EntryPoint","urlTemplate":"https:\/\/naturalpoland.com\/tr\/?s={search_term_string}"},"query-input":{"@type":"PropertyValueSpecification","valueRequired":true,"valueName":"search_term_string"}}],"inLanguage":"tr"},{"@type":"Organization","@id":"https:\/\/naturalpoland.com\/tr\/#organization","name":"Natural Poland","url":"https:\/\/naturalpoland.com\/tr\/","logo":{"@type":"ImageObject","inLanguage":"tr","@id":"https:\/\/naturalpoland.com\/tr\/#\/schema\/logo\/image\/","url":"https:\/\/naturalpoland.com\/wp-content\/uploads\/2021\/05\/natural-poland-icon.png","contentUrl":"https:\/\/naturalpoland.com\/wp-content\/uploads\/2021\/05\/natural-poland-icon.png","width":512,"height":512,"caption":"Natural Poland"},"image":{"@id":"https:\/\/naturalpoland.com\/tr\/#\/schema\/logo\/image\/"},"sameAs":["https:\/\/www.facebook.com\/naturalpoland.b2b","https:\/\/pl.linkedin.com\/company\/natural-poland","https:\/\/www.youtube.com\/channel\/UCgeGGkvOMahZo-xu_MSEWxg"]}]}},"_links":{"self":[{"href":"https:\/\/naturalpoland.com\/tr\/wp-json\/wp\/v2\/product\/46974","targetHints":{"allow":["GET"]}}],"collection":[{"href":"https:\/\/naturalpoland.com\/tr\/wp-json\/wp\/v2\/product"}],"about":[{"href":"https:\/\/naturalpoland.com\/tr\/wp-json\/wp\/v2\/types\/product"}],"wp:featuredmedia":[{"embeddable":true,"href":"https:\/\/naturalpoland.com\/tr\/wp-json\/wp\/v2\/media\/46975"}],"wp:attachment":[{"href":"https:\/\/naturalpoland.com\/tr\/wp-json\/wp\/v2\/media?parent=46974"}],"wp:term":[{"taxonomy":"product_brand","embeddable":true,"href":"https:\/\/naturalpoland.com\/tr\/wp-json\/wp\/v2\/product_brand?post=46974"},{"taxonomy":"product_cat","embeddable":true,"href":"https:\/\/naturalpoland.com\/tr\/wp-json\/wp\/v2\/product_cat?post=46974"},{"taxonomy":"product_tag","embeddable":true,"href":"https:\/\/naturalpoland.com\/tr\/wp-json\/wp\/v2\/product_tag?post=46974"}],"curies":[{"name":"wp","href":"https:\/\/api.w.org\/{rel}","templated":true}]}}