{"id":47010,"date":"2026-03-12T14:42:25","date_gmt":"2026-03-12T13:42:25","guid":{"rendered":"https:\/\/naturalpoland.com\/produkty\/kategorilenmemis\/toz-hindistan-cevizi-sutu\/"},"modified":"2026-03-20T13:44:18","modified_gmt":"2026-03-20T12:44:18","slug":"toz-hindistan-cevizi-sutu","status":"publish","type":"product","link":"https:\/\/naturalpoland.com\/tr\/urunler\/gida-hammaddeleri\/uretim-hammaddeleri\/toz-hindistan-cevizi-sutu\/","title":{"rendered":"Toz Hindistan Cevizi S\u00fct\u00fc"},"content":{"rendered":"<p>Toz Hindistan cevizi s\u00fct\u00fc Sri Lanka men\u015felidir ve organik Hindistan cevizi s\u00fct\u00fc ile tozun yap\u0131s\u0131n\u0131 stabilize eden ve suda \u00e7\u00f6z\u00fcnmesini kolayla\u015ft\u0131ran organik tapyoka maltodekstrinden \u00fcretilir. Hammadde, karakteristik Hindistan cevizi aromas\u0131na ve narin, kremal\u0131 tad\u0131na sahip beyaz veya krem renkli ince bir toz formundad\u0131r. <\/p>\n<h2>Toz Hindistan Cevizi S\u00fct\u00fcn\u00fcn \u00d6zellikleri ve Etkileri<\/h2>\n<p>Toz Hindistan cevizi s\u00fct\u00fc, <strong>kremal\u0131 k\u0131vam\u0131 ve yo\u011fun tad\u0131ndan<\/strong> sorumlu y\u00fcksek miktarda do\u011fal Hindistan cevizi ya\u011f\u0131 i\u00e7erir. \u00dcr\u00fcn\u00fcn ya\u011f i\u00e7eri\u011fi yakla\u015f\u0131k %55\u201360&#8217;t\u0131r. Ya\u011f, zengin bir lezzet profili sa\u011flar ve kremal\u0131 doku gerektiren g\u0131da \u00fcr\u00fcnlerinde iyi bir bile\u015fen olmas\u0131n\u0131 sa\u011flar.  <\/p>\n<p>Dahas\u0131, Hindistan cevizi s\u00fct\u00fcnde bulunan ya\u011flar esas olarak <strong>orta zincirli doymu\u015f ya\u011f asitlerinden (MCT)<\/strong> olu\u015fur. Bunlar v\u00fccut taraf\u0131ndan kolayca emilir ve bitkisel, ketojenik diyetlerde ve fonksiyonel \u00fcr\u00fcnlerde h\u0131zl\u0131 bir enerji kayna\u011f\u0131 olabilir. <\/p>\n<p>\u00dcr\u00fcn ayr\u0131ca karbonhidrat ve az miktarda protein de sa\u011flar. Enerji de\u011feri 100 g \u00fcr\u00fcn ba\u015f\u0131na yakla\u015f\u0131k 684 kcal&#8217;dir. <\/p>\n<p>Do\u011fal bile\u015fimi nedeniyle toz Hindistan cevizi s\u00fct\u00fc, bitkisel beslenen veya s\u00fct \u00fcr\u00fcnlerinden ka\u00e7\u0131nan ki\u015filer i\u00e7in tasarlanm\u0131\u015f \u00fcr\u00fcnlerde pop\u00fcler bir bile\u015fendir. GDO i\u00e7ermez ve \u00fcretim s\u0131ras\u0131nda \u0131\u015f\u0131nlamaya maruz kalmam\u0131\u015ft\u0131r. <\/p>\n<h2>Kullan\u0131m:<\/h2>\n<p>Toz Hindistan cevizi s\u00fct\u00fc, \u00f6zellikle kremal\u0131 k\u0131vam ve do\u011fal Hindistan cevizi aromas\u0131 gerektiren \u00fcr\u00fcnlerde g\u0131da end\u00fcstrisi uygulamalar\u0131 i\u00e7in tasarlanm\u0131\u015ft\u0131r.<\/p>\n<p>Di\u011ferlerinin yan\u0131 s\u0131ra \u015funlarda kullan\u0131labilir:<\/p>\n<ul>\n<li>pastac\u0131l\u0131k \u00fcr\u00fcnleri ve tatl\u0131lar,<\/li>\n<li>dondurmalar ve dondurma kar\u0131\u015f\u0131mlar\u0131,<\/li>\n<li>bitkisel i\u00e7ecekler ve kokteyller,<\/li>\n<li>soslar ve Asya mutfa\u011f\u0131 yemekleri (\u00f6rn. k\u00f6ri),<\/li>\n<li>bitkisel yo\u011furtlar,<\/li>\n<li>barlar ve fonksiyonel \u00fcr\u00fcnler,<\/li>\n<li>haz\u0131r kar\u0131\u015f\u0131mlar ve pratik \u00fcr\u00fcnler.<\/li>\n<\/ul>\n<p>Toz formu sayesinde hammadde depolamas\u0131, ta\u015f\u0131nmas\u0131 ve dozajlamas\u0131 kolayd\u0131r. Suda \u00e7\u00f6z\u00fcnd\u00fc\u011f\u00fcnde, taze \u00fcr\u00fcne yak\u0131n k\u0131vamda Hindistan cevizi s\u00fct\u00fc elde edilmesini sa\u011flar. <\/p>\n","protected":false},"excerpt":{"rendered":"<p><strong>Toz Hindistan cevizi s\u00fct\u00fc<\/strong>, taze, olgun Hindistan cevizlerinin \u00f6z\u00fcnden elde edilen bitkisel bir g\u0131da hammaddesidir. \u00dcretim s\u00fcrecinde, Hindistan cevizi etinden elde edilen Hindistan cevizi s\u00fct\u00fc, sprey kurutma y\u00f6ntemiyle kurutulur, bu da do\u011fal tad\u0131n\u0131, aromas\u0131n\u0131 ve besin de\u011ferlerini korurken ayn\u0131 zamanda kullan\u0131m\u0131 kolay bir toz formu elde edilmesini sa\u011flar. <\/p>\n","protected":false},"featured_media":47011,"template":"","meta":{"_acf_changed":false},"product_brand":[],"product_cat":[9572],"product_tag":[],"class_list":{"0":"post-47010","1":"product","2":"type-product","3":"status-publish","4":"has-post-thumbnail","6":"product_cat-uretim-hammaddeleri","8":"first","9":"instock","10":"shipping-taxable","11":"product-type-simple"},"acf":[],"yoast_head":"<!-- This site is optimized with the Yoast SEO plugin v27.6 - https:\/\/yoast.com\/product\/yoast-seo-wordpress\/ -->\n<title>Toz Hindistan Cevizi S\u00fct\u00fc - Hurtowy Dystrybutor<\/title>\n<meta name=\"description\" content=\"Organik toz Hindistan cevizi s\u00fct\u00fc \u2013 i\u00e7ecekler ve di\u011fer g\u0131da \u00fcr\u00fcnleri i\u00e7in kremal\u0131 tada ve y\u00fcksek ya\u011f i\u00e7eri\u011fine sahip do\u011fal bitkisel hammadde.\" \/>\n<meta name=\"robots\" content=\"index, follow, max-snippet:-1, max-image-preview:large, max-video-preview:-1\" \/>\n<link rel=\"canonical\" href=\"https:\/\/naturalpoland.com\/tr\/urunler\/gida-hammaddeleri\/uretim-hammaddeleri\/toz-hindistan-cevizi-sutu\/\" \/>\n<meta property=\"og:locale\" content=\"tr_TR\" \/>\n<meta property=\"og:type\" content=\"article\" \/>\n<meta property=\"og:title\" content=\"Toz Hindistan Cevizi S\u00fct\u00fc - Hurtowy Dystrybutor\" \/>\n<meta property=\"og:description\" content=\"Organik toz Hindistan cevizi s\u00fct\u00fc \u2013 i\u00e7ecekler ve di\u011fer g\u0131da \u00fcr\u00fcnleri i\u00e7in kremal\u0131 tada ve y\u00fcksek ya\u011f i\u00e7eri\u011fine sahip do\u011fal bitkisel hammadde.\" \/>\n<meta property=\"og:url\" content=\"https:\/\/naturalpoland.com\/tr\/urunler\/gida-hammaddeleri\/uretim-hammaddeleri\/toz-hindistan-cevizi-sutu\/\" \/>\n<meta property=\"og:site_name\" content=\"NATURAL POLAND - Hurtowy Dystrybutor Surowc\u00f3w\" \/>\n<meta property=\"article:publisher\" content=\"https:\/\/www.facebook.com\/naturalpoland.b2b\" \/>\n<meta property=\"article:modified_time\" content=\"2026-03-20T12:44:18+00:00\" \/>\n<meta property=\"og:image\" content=\"https:\/\/naturalpoland.com\/wp-content\/uploads\/mleko-kokosowe-w-proszku.png\" \/>\n\t<meta property=\"og:image:width\" content=\"1024\" \/>\n\t<meta property=\"og:image:height\" content=\"1024\" \/>\n\t<meta property=\"og:image:type\" content=\"image\/png\" \/>\n<script type=\"application\/ld+json\" class=\"yoast-schema-graph\">{\"@context\":\"https:\\\/\\\/schema.org\",\"@graph\":[{\"@type\":\"WebPage\",\"@id\":\"https:\\\/\\\/naturalpoland.com\\\/tr\\\/urunler\\\/gida-hammaddeleri\\\/uretim-hammaddeleri\\\/toz-hindistan-cevizi-sutu\\\/\",\"url\":\"https:\\\/\\\/naturalpoland.com\\\/tr\\\/urunler\\\/gida-hammaddeleri\\\/uretim-hammaddeleri\\\/toz-hindistan-cevizi-sutu\\\/\",\"name\":\"Toz Hindistan Cevizi S\u00fct\u00fc - Hurtowy Dystrybutor\",\"isPartOf\":{\"@id\":\"https:\\\/\\\/naturalpoland.com\\\/tr\\\/#website\"},\"primaryImageOfPage\":{\"@id\":\"https:\\\/\\\/naturalpoland.com\\\/tr\\\/urunler\\\/gida-hammaddeleri\\\/uretim-hammaddeleri\\\/toz-hindistan-cevizi-sutu\\\/#primaryimage\"},\"image\":{\"@id\":\"https:\\\/\\\/naturalpoland.com\\\/tr\\\/urunler\\\/gida-hammaddeleri\\\/uretim-hammaddeleri\\\/toz-hindistan-cevizi-sutu\\\/#primaryimage\"},\"thumbnailUrl\":\"https:\\\/\\\/naturalpoland.com\\\/wp-content\\\/uploads\\\/mleko-kokosowe-w-proszku.png\",\"datePublished\":\"2026-03-12T13:42:25+00:00\",\"dateModified\":\"2026-03-20T12:44:18+00:00\",\"description\":\"Organik toz Hindistan cevizi s\u00fct\u00fc \u2013 i\u00e7ecekler ve di\u011fer g\u0131da \u00fcr\u00fcnleri i\u00e7in kremal\u0131 tada ve y\u00fcksek ya\u011f i\u00e7eri\u011fine sahip do\u011fal bitkisel hammadde.\",\"breadcrumb\":{\"@id\":\"https:\\\/\\\/naturalpoland.com\\\/tr\\\/urunler\\\/gida-hammaddeleri\\\/uretim-hammaddeleri\\\/toz-hindistan-cevizi-sutu\\\/#breadcrumb\"},\"inLanguage\":\"tr\",\"potentialAction\":[{\"@type\":\"ReadAction\",\"target\":[\"https:\\\/\\\/naturalpoland.com\\\/tr\\\/urunler\\\/gida-hammaddeleri\\\/uretim-hammaddeleri\\\/toz-hindistan-cevizi-sutu\\\/\"]}]},{\"@type\":\"ImageObject\",\"inLanguage\":\"tr\",\"@id\":\"https:\\\/\\\/naturalpoland.com\\\/tr\\\/urunler\\\/gida-hammaddeleri\\\/uretim-hammaddeleri\\\/toz-hindistan-cevizi-sutu\\\/#primaryimage\",\"url\":\"https:\\\/\\\/naturalpoland.com\\\/wp-content\\\/uploads\\\/mleko-kokosowe-w-proszku.png\",\"contentUrl\":\"https:\\\/\\\/naturalpoland.com\\\/wp-content\\\/uploads\\\/mleko-kokosowe-w-proszku.png\",\"width\":1024,\"height\":1024,\"caption\":\"toz Hindistan cevizi s\u00fct\u00fc\"},{\"@type\":\"BreadcrumbList\",\"@id\":\"https:\\\/\\\/naturalpoland.com\\\/tr\\\/urunler\\\/gida-hammaddeleri\\\/uretim-hammaddeleri\\\/toz-hindistan-cevizi-sutu\\\/#breadcrumb\",\"itemListElement\":[{\"@type\":\"ListItem\",\"position\":1,\"name\":\"Ana Sayfa\",\"item\":\"https:\\\/\\\/naturalpoland.com\\\/tr\\\/\"},{\"@type\":\"ListItem\",\"position\":2,\"name\":\"\u00dcr\u00fcnler\",\"item\":\"https:\\\/\\\/naturalpoland.com\\\/tr\\\/urunler\\\/\"},{\"@type\":\"ListItem\",\"position\":3,\"name\":\"Toz Hindistan Cevizi S\u00fct\u00fc\"}]},{\"@type\":\"WebSite\",\"@id\":\"https:\\\/\\\/naturalpoland.com\\\/tr\\\/#website\",\"url\":\"https:\\\/\\\/naturalpoland.com\\\/tr\\\/\",\"name\":\"NATURAL POLAND - Hurtowy Dystrybutor Surowc\u00f3w\",\"description\":\"Surowce dla przemys\u0142u spo\u017cywczego, kosmetycznego i farmaceutycznego\",\"publisher\":{\"@id\":\"https:\\\/\\\/naturalpoland.com\\\/tr\\\/#organization\"},\"potentialAction\":[{\"@type\":\"SearchAction\",\"target\":{\"@type\":\"EntryPoint\",\"urlTemplate\":\"https:\\\/\\\/naturalpoland.com\\\/tr\\\/?s={search_term_string}\"},\"query-input\":{\"@type\":\"PropertyValueSpecification\",\"valueRequired\":true,\"valueName\":\"search_term_string\"}}],\"inLanguage\":\"tr\"},{\"@type\":\"Organization\",\"@id\":\"https:\\\/\\\/naturalpoland.com\\\/tr\\\/#organization\",\"name\":\"Natural Poland\",\"url\":\"https:\\\/\\\/naturalpoland.com\\\/tr\\\/\",\"logo\":{\"@type\":\"ImageObject\",\"inLanguage\":\"tr\",\"@id\":\"https:\\\/\\\/naturalpoland.com\\\/tr\\\/#\\\/schema\\\/logo\\\/image\\\/\",\"url\":\"https:\\\/\\\/naturalpoland.com\\\/wp-content\\\/uploads\\\/2021\\\/05\\\/natural-poland-icon.png\",\"contentUrl\":\"https:\\\/\\\/naturalpoland.com\\\/wp-content\\\/uploads\\\/2021\\\/05\\\/natural-poland-icon.png\",\"width\":512,\"height\":512,\"caption\":\"Natural Poland\"},\"image\":{\"@id\":\"https:\\\/\\\/naturalpoland.com\\\/tr\\\/#\\\/schema\\\/logo\\\/image\\\/\"},\"sameAs\":[\"https:\\\/\\\/www.facebook.com\\\/naturalpoland.b2b\",\"https:\\\/\\\/pl.linkedin.com\\\/company\\\/natural-poland\",\"https:\\\/\\\/www.youtube.com\\\/channel\\\/UCgeGGkvOMahZo-xu_MSEWxg\"]}]}<\/script>\n<!-- \/ Yoast SEO plugin. -->","yoast_head_json":{"title":"Toz Hindistan Cevizi S\u00fct\u00fc - Hurtowy Dystrybutor","description":"Organik toz Hindistan cevizi s\u00fct\u00fc \u2013 i\u00e7ecekler ve di\u011fer g\u0131da \u00fcr\u00fcnleri i\u00e7in kremal\u0131 tada ve y\u00fcksek ya\u011f i\u00e7eri\u011fine sahip do\u011fal bitkisel hammadde.","robots":{"index":"index","follow":"follow","max-snippet":"max-snippet:-1","max-image-preview":"max-image-preview:large","max-video-preview":"max-video-preview:-1"},"canonical":"https:\/\/naturalpoland.com\/tr\/urunler\/gida-hammaddeleri\/uretim-hammaddeleri\/toz-hindistan-cevizi-sutu\/","og_locale":"tr_TR","og_type":"article","og_title":"Toz Hindistan Cevizi S\u00fct\u00fc - Hurtowy Dystrybutor","og_description":"Organik toz Hindistan cevizi s\u00fct\u00fc \u2013 i\u00e7ecekler ve di\u011fer g\u0131da \u00fcr\u00fcnleri i\u00e7in kremal\u0131 tada ve y\u00fcksek ya\u011f i\u00e7eri\u011fine sahip do\u011fal bitkisel hammadde.","og_url":"https:\/\/naturalpoland.com\/tr\/urunler\/gida-hammaddeleri\/uretim-hammaddeleri\/toz-hindistan-cevizi-sutu\/","og_site_name":"NATURAL POLAND - Hurtowy Dystrybutor Surowc\u00f3w","article_publisher":"https:\/\/www.facebook.com\/naturalpoland.b2b","article_modified_time":"2026-03-20T12:44:18+00:00","og_image":[{"width":1024,"height":1024,"url":"https:\/\/naturalpoland.com\/wp-content\/uploads\/mleko-kokosowe-w-proszku.png","type":"image\/png"}],"schema":{"@context":"https:\/\/schema.org","@graph":[{"@type":"WebPage","@id":"https:\/\/naturalpoland.com\/tr\/urunler\/gida-hammaddeleri\/uretim-hammaddeleri\/toz-hindistan-cevizi-sutu\/","url":"https:\/\/naturalpoland.com\/tr\/urunler\/gida-hammaddeleri\/uretim-hammaddeleri\/toz-hindistan-cevizi-sutu\/","name":"Toz Hindistan Cevizi S\u00fct\u00fc - Hurtowy Dystrybutor","isPartOf":{"@id":"https:\/\/naturalpoland.com\/tr\/#website"},"primaryImageOfPage":{"@id":"https:\/\/naturalpoland.com\/tr\/urunler\/gida-hammaddeleri\/uretim-hammaddeleri\/toz-hindistan-cevizi-sutu\/#primaryimage"},"image":{"@id":"https:\/\/naturalpoland.com\/tr\/urunler\/gida-hammaddeleri\/uretim-hammaddeleri\/toz-hindistan-cevizi-sutu\/#primaryimage"},"thumbnailUrl":"https:\/\/naturalpoland.com\/wp-content\/uploads\/mleko-kokosowe-w-proszku.png","datePublished":"2026-03-12T13:42:25+00:00","dateModified":"2026-03-20T12:44:18+00:00","description":"Organik toz Hindistan cevizi s\u00fct\u00fc \u2013 i\u00e7ecekler ve di\u011fer g\u0131da \u00fcr\u00fcnleri i\u00e7in kremal\u0131 tada ve y\u00fcksek ya\u011f i\u00e7eri\u011fine sahip do\u011fal bitkisel hammadde.","breadcrumb":{"@id":"https:\/\/naturalpoland.com\/tr\/urunler\/gida-hammaddeleri\/uretim-hammaddeleri\/toz-hindistan-cevizi-sutu\/#breadcrumb"},"inLanguage":"tr","potentialAction":[{"@type":"ReadAction","target":["https:\/\/naturalpoland.com\/tr\/urunler\/gida-hammaddeleri\/uretim-hammaddeleri\/toz-hindistan-cevizi-sutu\/"]}]},{"@type":"ImageObject","inLanguage":"tr","@id":"https:\/\/naturalpoland.com\/tr\/urunler\/gida-hammaddeleri\/uretim-hammaddeleri\/toz-hindistan-cevizi-sutu\/#primaryimage","url":"https:\/\/naturalpoland.com\/wp-content\/uploads\/mleko-kokosowe-w-proszku.png","contentUrl":"https:\/\/naturalpoland.com\/wp-content\/uploads\/mleko-kokosowe-w-proszku.png","width":1024,"height":1024,"caption":"toz Hindistan cevizi s\u00fct\u00fc"},{"@type":"BreadcrumbList","@id":"https:\/\/naturalpoland.com\/tr\/urunler\/gida-hammaddeleri\/uretim-hammaddeleri\/toz-hindistan-cevizi-sutu\/#breadcrumb","itemListElement":[{"@type":"ListItem","position":1,"name":"Ana Sayfa","item":"https:\/\/naturalpoland.com\/tr\/"},{"@type":"ListItem","position":2,"name":"\u00dcr\u00fcnler","item":"https:\/\/naturalpoland.com\/tr\/urunler\/"},{"@type":"ListItem","position":3,"name":"Toz Hindistan Cevizi S\u00fct\u00fc"}]},{"@type":"WebSite","@id":"https:\/\/naturalpoland.com\/tr\/#website","url":"https:\/\/naturalpoland.com\/tr\/","name":"NATURAL POLAND - Hurtowy Dystrybutor Surowc\u00f3w","description":"Surowce dla przemys\u0142u spo\u017cywczego, kosmetycznego i farmaceutycznego","publisher":{"@id":"https:\/\/naturalpoland.com\/tr\/#organization"},"potentialAction":[{"@type":"SearchAction","target":{"@type":"EntryPoint","urlTemplate":"https:\/\/naturalpoland.com\/tr\/?s={search_term_string}"},"query-input":{"@type":"PropertyValueSpecification","valueRequired":true,"valueName":"search_term_string"}}],"inLanguage":"tr"},{"@type":"Organization","@id":"https:\/\/naturalpoland.com\/tr\/#organization","name":"Natural Poland","url":"https:\/\/naturalpoland.com\/tr\/","logo":{"@type":"ImageObject","inLanguage":"tr","@id":"https:\/\/naturalpoland.com\/tr\/#\/schema\/logo\/image\/","url":"https:\/\/naturalpoland.com\/wp-content\/uploads\/2021\/05\/natural-poland-icon.png","contentUrl":"https:\/\/naturalpoland.com\/wp-content\/uploads\/2021\/05\/natural-poland-icon.png","width":512,"height":512,"caption":"Natural Poland"},"image":{"@id":"https:\/\/naturalpoland.com\/tr\/#\/schema\/logo\/image\/"},"sameAs":["https:\/\/www.facebook.com\/naturalpoland.b2b","https:\/\/pl.linkedin.com\/company\/natural-poland","https:\/\/www.youtube.com\/channel\/UCgeGGkvOMahZo-xu_MSEWxg"]}]}},"_links":{"self":[{"href":"https:\/\/naturalpoland.com\/tr\/wp-json\/wp\/v2\/product\/47010","targetHints":{"allow":["GET"]}}],"collection":[{"href":"https:\/\/naturalpoland.com\/tr\/wp-json\/wp\/v2\/product"}],"about":[{"href":"https:\/\/naturalpoland.com\/tr\/wp-json\/wp\/v2\/types\/product"}],"wp:featuredmedia":[{"embeddable":true,"href":"https:\/\/naturalpoland.com\/tr\/wp-json\/wp\/v2\/media\/47011"}],"wp:attachment":[{"href":"https:\/\/naturalpoland.com\/tr\/wp-json\/wp\/v2\/media?parent=47010"}],"wp:term":[{"taxonomy":"product_brand","embeddable":true,"href":"https:\/\/naturalpoland.com\/tr\/wp-json\/wp\/v2\/product_brand?post=47010"},{"taxonomy":"product_cat","embeddable":true,"href":"https:\/\/naturalpoland.com\/tr\/wp-json\/wp\/v2\/product_cat?post=47010"},{"taxonomy":"product_tag","embeddable":true,"href":"https:\/\/naturalpoland.com\/tr\/wp-json\/wp\/v2\/product_tag?post=47010"}],"curies":[{"name":"wp","href":"https:\/\/api.w.org\/{rel}","templated":true}]}}