{"id":47048,"date":"2026-03-20T15:12:25","date_gmt":"2026-03-20T14:12:25","guid":{"rendered":"https:\/\/naturalpoland.com\/produkty\/kategorilenmemis\/sodyum-butirat\/"},"modified":"2026-03-20T15:31:18","modified_gmt":"2026-03-20T14:31:18","slug":"sodyum-butirat","status":"publish","type":"product","link":"https:\/\/naturalpoland.com\/tr\/urunler\/farmasotik-hammaddeler\/takviye-edici-gida-bilesenleri\/sodyum-butirat\/","title":{"rendered":"Sodyum b\u00fctirat"},"content":{"rendered":"<p>Sodyum b\u00fctirat, ba\u011f\u0131rsak mikrobiyotas\u0131 taraf\u0131ndan diyet lifinin fermantasyonu sonucu kal\u0131n ba\u011f\u0131rsakta do\u011fal olarak bulunur. Fonksiyonel bir hammadde olarak takviye edici g\u0131dalarda ve sindirim sistemini desteklemeye y\u00f6nelik \u00fcr\u00fcnlerde kullan\u0131l\u0131r. <\/p>\n<p>Sunulan \u00fcr\u00fcn, aktif maddenin bir ya\u011f tabakas\u0131 ile korundu\u011fu <strong>kapl\u0131 formda<\/strong> sodyum b\u00fctiratt\u0131r. Bu, sindirim sisteminin sonraki b\u00f6l\u00fcmlerinde kontroll\u00fc sal\u0131m sa\u011flar ve hammaddenin karakteristik kokusunu azalt\u0131r. <\/p>\n<h2>Sodyum b\u00fctirat\u0131n \u00d6zellikleri ve Etkileri:<\/h2>\n<p>Sodyum b\u00fctirat, sindirim sistemi fonksiyonlar\u0131na y\u00f6nelik form\u00fclasyonlarda kullan\u0131l\u0131r. K\u0131sa zincirli bir ya\u011f asidi olarak, ba\u011f\u0131rsak epitel h\u00fccreleri i\u00e7in do\u011fal bir enerji kayna\u011f\u0131d\u0131r ve bu da ba\u011f\u0131rsak bariyerinin do\u011fru yap\u0131s\u0131n\u0131n ve fonksiyonunun korunmas\u0131na yard\u0131mc\u0131 olur. <\/p>\n<p>Bu bile\u015fik, mikroflora ve sindirim sistemindeki pH \u00fczerindeki etkisi arac\u0131l\u0131\u011f\u0131yla ba\u011f\u0131rsak ortam\u0131n\u0131n d\u00fczenlenmesinde rol oynar. Ba\u011f\u0131rsak mikrobiyolojik dengesinin korunmas\u0131na katk\u0131da bulunabilir ve faydal\u0131 bakterilerin b\u00fcy\u00fcmesini te\u015fvik edebilir. Ayr\u0131ca ba\u011f\u0131rsak epitelinin yenilenmesi ve ba\u011f\u0131rsak bariyerinin b\u00fct\u00fcnl\u00fc\u011f\u00fcn\u00fcn korunmas\u0131yla ilgili s\u00fcre\u00e7lerde de \u00f6nemli bir rol oynar.  <\/p>\n<p>Kapl\u0131 formun kullan\u0131lmas\u0131, teknolojik verimlili\u011fi art\u0131r\u0131r \u2013 bile\u015fen sindirim sisteminin \u00fcst k\u0131sm\u0131nda h\u0131zla par\u00e7alanmaz, bu nedenle ince ve kal\u0131n ba\u011f\u0131rsakta etkili olabilir. Ek olarak, kaplama, serbest b\u00fctirik asidin karakteristik yo\u011fun kokusunu s\u0131n\u0131rlar. <\/p>\n<h2>Sodyum b\u00fctirat\u0131n Kullan\u0131m Alanlar\u0131:<\/h2>\n<ul>\n<li><em>Ba\u011f\u0131rsak sa\u011fl\u0131\u011f\u0131<\/em> takviye edici g\u0131dalar\u0131,<\/li>\n<li>ba\u011f\u0131rsak fonksiyonunu destekleyen preparatlar,<\/li>\n<li>fonksiyonel g\u0131dalar,<\/li>\n<li>ba\u011f\u0131rsak mikrobiyotas\u0131na \u00f6zen g\u00f6steren ki\u015filer i\u00e7in \u00fcr\u00fcnler,<\/li>\n<li>veterinerlik ve yem uygulamalar\u0131.<\/li>\n<\/ul>\n<p>Fonksiyonelli\u011fi nedeniyle, bu hammadde genellikle prebiyotik ve probiyotik bile\u015fenleri birle\u015ftiren \u00fcr\u00fcnlerde kullan\u0131l\u0131r.<\/p>\n","protected":false},"excerpt":{"rendered":"<p>Sodyum b\u00fctirat, k\u0131sa zincirli ya\u011f asitleri (SCFA) grubuna ait bir b\u00fctirik asit sodyum tuzudur.<\/p>\n","protected":false},"featured_media":47073,"template":"","meta":{"_acf_changed":false},"product_brand":[],"product_cat":[9540],"product_tag":[],"class_list":{"0":"post-47048","1":"product","2":"type-product","3":"status-publish","4":"has-post-thumbnail","6":"product_cat-takviye-edici-gida-bilesenleri","8":"first","9":"instock","10":"shipping-taxable","11":"product-type-simple"},"acf":[],"yoast_head":"<!-- This site is optimized with the Yoast SEO plugin v27.5 - https:\/\/yoast.com\/product\/yoast-seo-wordpress\/ -->\n<title>Sodyum b\u00fctirat - Hurtowy Dystrybutor<\/title>\n<meta name=\"description\" content=\"Sodyum b\u00fctirat (kapl\u0131), ba\u011f\u0131rsaklar\u0131 ve mikrobiyotay\u0131 destekleyen takviye edici g\u0131dalar i\u00e7in bir hammaddedir. Kontroll\u00fc sal\u0131m ve y\u00fcksek kaliteye sahip stabil bir formdur.\" \/>\n<meta name=\"robots\" content=\"index, follow, max-snippet:-1, max-image-preview:large, max-video-preview:-1\" \/>\n<link rel=\"canonical\" href=\"https:\/\/naturalpoland.com\/tr\/urunler\/farmasotik-hammaddeler\/takviye-edici-gida-bilesenleri\/sodyum-butirat\/\" \/>\n<meta property=\"og:locale\" content=\"tr_TR\" \/>\n<meta property=\"og:type\" content=\"article\" \/>\n<meta property=\"og:title\" content=\"Sodyum b\u00fctirat - Hurtowy Dystrybutor\" \/>\n<meta property=\"og:description\" content=\"Sodyum b\u00fctirat (kapl\u0131), ba\u011f\u0131rsaklar\u0131 ve mikrobiyotay\u0131 destekleyen takviye edici g\u0131dalar i\u00e7in bir hammaddedir. Kontroll\u00fc sal\u0131m ve y\u00fcksek kaliteye sahip stabil bir formdur.\" \/>\n<meta property=\"og:url\" content=\"https:\/\/naturalpoland.com\/tr\/urunler\/farmasotik-hammaddeler\/takviye-edici-gida-bilesenleri\/sodyum-butirat\/\" \/>\n<meta property=\"og:site_name\" content=\"NATURAL POLAND - Hurtowy Dystrybutor Surowc\u00f3w\" \/>\n<meta property=\"article:publisher\" content=\"https:\/\/www.facebook.com\/naturalpoland.b2b\" \/>\n<meta property=\"article:modified_time\" content=\"2026-03-20T14:31:18+00:00\" \/>\n<meta property=\"og:image\" content=\"https:\/\/naturalpoland.com\/wp-content\/uploads\/maslan-sodu-otoczkowany.webp\" \/>\n\t<meta property=\"og:image:width\" content=\"1024\" \/>\n\t<meta property=\"og:image:height\" content=\"1024\" \/>\n\t<meta property=\"og:image:type\" content=\"image\/webp\" \/>\n<script type=\"application\/ld+json\" class=\"yoast-schema-graph\">{\"@context\":\"https:\\\/\\\/schema.org\",\"@graph\":[{\"@type\":\"WebPage\",\"@id\":\"https:\\\/\\\/naturalpoland.com\\\/tr\\\/urunler\\\/farmasotik-hammaddeler\\\/takviye-edici-gida-bilesenleri\\\/sodyum-butirat\\\/\",\"url\":\"https:\\\/\\\/naturalpoland.com\\\/tr\\\/urunler\\\/farmasotik-hammaddeler\\\/takviye-edici-gida-bilesenleri\\\/sodyum-butirat\\\/\",\"name\":\"Sodyum b\u00fctirat - Hurtowy Dystrybutor\",\"isPartOf\":{\"@id\":\"https:\\\/\\\/naturalpoland.com\\\/tr\\\/#website\"},\"primaryImageOfPage\":{\"@id\":\"https:\\\/\\\/naturalpoland.com\\\/tr\\\/urunler\\\/farmasotik-hammaddeler\\\/takviye-edici-gida-bilesenleri\\\/sodyum-butirat\\\/#primaryimage\"},\"image\":{\"@id\":\"https:\\\/\\\/naturalpoland.com\\\/tr\\\/urunler\\\/farmasotik-hammaddeler\\\/takviye-edici-gida-bilesenleri\\\/sodyum-butirat\\\/#primaryimage\"},\"thumbnailUrl\":\"https:\\\/\\\/naturalpoland.com\\\/wp-content\\\/uploads\\\/maslan-sodu-kapsulkowany.jpg\",\"datePublished\":\"2026-03-20T14:12:25+00:00\",\"dateModified\":\"2026-03-20T14:31:18+00:00\",\"description\":\"Sodyum b\u00fctirat (kapl\u0131), ba\u011f\u0131rsaklar\u0131 ve mikrobiyotay\u0131 destekleyen takviye edici g\u0131dalar i\u00e7in bir hammaddedir. Kontroll\u00fc sal\u0131m ve y\u00fcksek kaliteye sahip stabil bir formdur.\",\"breadcrumb\":{\"@id\":\"https:\\\/\\\/naturalpoland.com\\\/tr\\\/urunler\\\/farmasotik-hammaddeler\\\/takviye-edici-gida-bilesenleri\\\/sodyum-butirat\\\/#breadcrumb\"},\"inLanguage\":\"tr\",\"potentialAction\":[{\"@type\":\"ReadAction\",\"target\":[\"https:\\\/\\\/naturalpoland.com\\\/tr\\\/urunler\\\/farmasotik-hammaddeler\\\/takviye-edici-gida-bilesenleri\\\/sodyum-butirat\\\/\"]}]},{\"@type\":\"ImageObject\",\"inLanguage\":\"tr\",\"@id\":\"https:\\\/\\\/naturalpoland.com\\\/tr\\\/urunler\\\/farmasotik-hammaddeler\\\/takviye-edici-gida-bilesenleri\\\/sodyum-butirat\\\/#primaryimage\",\"url\":\"https:\\\/\\\/naturalpoland.com\\\/wp-content\\\/uploads\\\/maslan-sodu-kapsulkowany.jpg\",\"contentUrl\":\"https:\\\/\\\/naturalpoland.com\\\/wp-content\\\/uploads\\\/maslan-sodu-kapsulkowany.jpg\",\"width\":1024,\"height\":1024,\"caption\":\"ma\u015blan sodu kapsu\u0142kowany\"},{\"@type\":\"BreadcrumbList\",\"@id\":\"https:\\\/\\\/naturalpoland.com\\\/tr\\\/urunler\\\/farmasotik-hammaddeler\\\/takviye-edici-gida-bilesenleri\\\/sodyum-butirat\\\/#breadcrumb\",\"itemListElement\":[{\"@type\":\"ListItem\",\"position\":1,\"name\":\"Ana Sayfa\",\"item\":\"https:\\\/\\\/naturalpoland.com\\\/tr\\\/\"},{\"@type\":\"ListItem\",\"position\":2,\"name\":\"\u00dcr\u00fcnler\",\"item\":\"https:\\\/\\\/naturalpoland.com\\\/tr\\\/urunler\\\/\"},{\"@type\":\"ListItem\",\"position\":3,\"name\":\"Sodyum b\u00fctirat\"}]},{\"@type\":\"WebSite\",\"@id\":\"https:\\\/\\\/naturalpoland.com\\\/tr\\\/#website\",\"url\":\"https:\\\/\\\/naturalpoland.com\\\/tr\\\/\",\"name\":\"NATURAL POLAND - Hurtowy Dystrybutor Surowc\u00f3w\",\"description\":\"Surowce dla przemys\u0142u spo\u017cywczego, kosmetycznego i farmaceutycznego\",\"publisher\":{\"@id\":\"https:\\\/\\\/naturalpoland.com\\\/tr\\\/#organization\"},\"potentialAction\":[{\"@type\":\"SearchAction\",\"target\":{\"@type\":\"EntryPoint\",\"urlTemplate\":\"https:\\\/\\\/naturalpoland.com\\\/tr\\\/?s={search_term_string}\"},\"query-input\":{\"@type\":\"PropertyValueSpecification\",\"valueRequired\":true,\"valueName\":\"search_term_string\"}}],\"inLanguage\":\"tr\"},{\"@type\":\"Organization\",\"@id\":\"https:\\\/\\\/naturalpoland.com\\\/tr\\\/#organization\",\"name\":\"Natural Poland\",\"url\":\"https:\\\/\\\/naturalpoland.com\\\/tr\\\/\",\"logo\":{\"@type\":\"ImageObject\",\"inLanguage\":\"tr\",\"@id\":\"https:\\\/\\\/naturalpoland.com\\\/tr\\\/#\\\/schema\\\/logo\\\/image\\\/\",\"url\":\"https:\\\/\\\/naturalpoland.com\\\/wp-content\\\/uploads\\\/2021\\\/05\\\/natural-poland-icon.png\",\"contentUrl\":\"https:\\\/\\\/naturalpoland.com\\\/wp-content\\\/uploads\\\/2021\\\/05\\\/natural-poland-icon.png\",\"width\":512,\"height\":512,\"caption\":\"Natural Poland\"},\"image\":{\"@id\":\"https:\\\/\\\/naturalpoland.com\\\/tr\\\/#\\\/schema\\\/logo\\\/image\\\/\"},\"sameAs\":[\"https:\\\/\\\/www.facebook.com\\\/naturalpoland.b2b\",\"https:\\\/\\\/pl.linkedin.com\\\/company\\\/natural-poland\",\"https:\\\/\\\/www.youtube.com\\\/channel\\\/UCgeGGkvOMahZo-xu_MSEWxg\"]}]}<\/script>\n<!-- \/ Yoast SEO plugin. -->","yoast_head_json":{"title":"Sodyum b\u00fctirat - Hurtowy Dystrybutor","description":"Sodyum b\u00fctirat (kapl\u0131), ba\u011f\u0131rsaklar\u0131 ve mikrobiyotay\u0131 destekleyen takviye edici g\u0131dalar i\u00e7in bir hammaddedir. Kontroll\u00fc sal\u0131m ve y\u00fcksek kaliteye sahip stabil bir formdur.","robots":{"index":"index","follow":"follow","max-snippet":"max-snippet:-1","max-image-preview":"max-image-preview:large","max-video-preview":"max-video-preview:-1"},"canonical":"https:\/\/naturalpoland.com\/tr\/urunler\/farmasotik-hammaddeler\/takviye-edici-gida-bilesenleri\/sodyum-butirat\/","og_locale":"tr_TR","og_type":"article","og_title":"Sodyum b\u00fctirat - Hurtowy Dystrybutor","og_description":"Sodyum b\u00fctirat (kapl\u0131), ba\u011f\u0131rsaklar\u0131 ve mikrobiyotay\u0131 destekleyen takviye edici g\u0131dalar i\u00e7in bir hammaddedir. Kontroll\u00fc sal\u0131m ve y\u00fcksek kaliteye sahip stabil bir formdur.","og_url":"https:\/\/naturalpoland.com\/tr\/urunler\/farmasotik-hammaddeler\/takviye-edici-gida-bilesenleri\/sodyum-butirat\/","og_site_name":"NATURAL POLAND - Hurtowy Dystrybutor Surowc\u00f3w","article_publisher":"https:\/\/www.facebook.com\/naturalpoland.b2b","article_modified_time":"2026-03-20T14:31:18+00:00","og_image":[{"width":1024,"height":1024,"url":"https:\/\/naturalpoland.com\/wp-content\/uploads\/maslan-sodu-otoczkowany.webp","type":"image\/webp"}],"schema":{"@context":"https:\/\/schema.org","@graph":[{"@type":"WebPage","@id":"https:\/\/naturalpoland.com\/tr\/urunler\/farmasotik-hammaddeler\/takviye-edici-gida-bilesenleri\/sodyum-butirat\/","url":"https:\/\/naturalpoland.com\/tr\/urunler\/farmasotik-hammaddeler\/takviye-edici-gida-bilesenleri\/sodyum-butirat\/","name":"Sodyum b\u00fctirat - Hurtowy Dystrybutor","isPartOf":{"@id":"https:\/\/naturalpoland.com\/tr\/#website"},"primaryImageOfPage":{"@id":"https:\/\/naturalpoland.com\/tr\/urunler\/farmasotik-hammaddeler\/takviye-edici-gida-bilesenleri\/sodyum-butirat\/#primaryimage"},"image":{"@id":"https:\/\/naturalpoland.com\/tr\/urunler\/farmasotik-hammaddeler\/takviye-edici-gida-bilesenleri\/sodyum-butirat\/#primaryimage"},"thumbnailUrl":"https:\/\/naturalpoland.com\/wp-content\/uploads\/maslan-sodu-kapsulkowany.jpg","datePublished":"2026-03-20T14:12:25+00:00","dateModified":"2026-03-20T14:31:18+00:00","description":"Sodyum b\u00fctirat (kapl\u0131), ba\u011f\u0131rsaklar\u0131 ve mikrobiyotay\u0131 destekleyen takviye edici g\u0131dalar i\u00e7in bir hammaddedir. Kontroll\u00fc sal\u0131m ve y\u00fcksek kaliteye sahip stabil bir formdur.","breadcrumb":{"@id":"https:\/\/naturalpoland.com\/tr\/urunler\/farmasotik-hammaddeler\/takviye-edici-gida-bilesenleri\/sodyum-butirat\/#breadcrumb"},"inLanguage":"tr","potentialAction":[{"@type":"ReadAction","target":["https:\/\/naturalpoland.com\/tr\/urunler\/farmasotik-hammaddeler\/takviye-edici-gida-bilesenleri\/sodyum-butirat\/"]}]},{"@type":"ImageObject","inLanguage":"tr","@id":"https:\/\/naturalpoland.com\/tr\/urunler\/farmasotik-hammaddeler\/takviye-edici-gida-bilesenleri\/sodyum-butirat\/#primaryimage","url":"https:\/\/naturalpoland.com\/wp-content\/uploads\/maslan-sodu-kapsulkowany.jpg","contentUrl":"https:\/\/naturalpoland.com\/wp-content\/uploads\/maslan-sodu-kapsulkowany.jpg","width":1024,"height":1024,"caption":"ma\u015blan sodu kapsu\u0142kowany"},{"@type":"BreadcrumbList","@id":"https:\/\/naturalpoland.com\/tr\/urunler\/farmasotik-hammaddeler\/takviye-edici-gida-bilesenleri\/sodyum-butirat\/#breadcrumb","itemListElement":[{"@type":"ListItem","position":1,"name":"Ana Sayfa","item":"https:\/\/naturalpoland.com\/tr\/"},{"@type":"ListItem","position":2,"name":"\u00dcr\u00fcnler","item":"https:\/\/naturalpoland.com\/tr\/urunler\/"},{"@type":"ListItem","position":3,"name":"Sodyum b\u00fctirat"}]},{"@type":"WebSite","@id":"https:\/\/naturalpoland.com\/tr\/#website","url":"https:\/\/naturalpoland.com\/tr\/","name":"NATURAL POLAND - Hurtowy Dystrybutor Surowc\u00f3w","description":"Surowce dla przemys\u0142u spo\u017cywczego, kosmetycznego i farmaceutycznego","publisher":{"@id":"https:\/\/naturalpoland.com\/tr\/#organization"},"potentialAction":[{"@type":"SearchAction","target":{"@type":"EntryPoint","urlTemplate":"https:\/\/naturalpoland.com\/tr\/?s={search_term_string}"},"query-input":{"@type":"PropertyValueSpecification","valueRequired":true,"valueName":"search_term_string"}}],"inLanguage":"tr"},{"@type":"Organization","@id":"https:\/\/naturalpoland.com\/tr\/#organization","name":"Natural Poland","url":"https:\/\/naturalpoland.com\/tr\/","logo":{"@type":"ImageObject","inLanguage":"tr","@id":"https:\/\/naturalpoland.com\/tr\/#\/schema\/logo\/image\/","url":"https:\/\/naturalpoland.com\/wp-content\/uploads\/2021\/05\/natural-poland-icon.png","contentUrl":"https:\/\/naturalpoland.com\/wp-content\/uploads\/2021\/05\/natural-poland-icon.png","width":512,"height":512,"caption":"Natural Poland"},"image":{"@id":"https:\/\/naturalpoland.com\/tr\/#\/schema\/logo\/image\/"},"sameAs":["https:\/\/www.facebook.com\/naturalpoland.b2b","https:\/\/pl.linkedin.com\/company\/natural-poland","https:\/\/www.youtube.com\/channel\/UCgeGGkvOMahZo-xu_MSEWxg"]}]}},"_links":{"self":[{"href":"https:\/\/naturalpoland.com\/tr\/wp-json\/wp\/v2\/product\/47048","targetHints":{"allow":["GET"]}}],"collection":[{"href":"https:\/\/naturalpoland.com\/tr\/wp-json\/wp\/v2\/product"}],"about":[{"href":"https:\/\/naturalpoland.com\/tr\/wp-json\/wp\/v2\/types\/product"}],"wp:featuredmedia":[{"embeddable":true,"href":"https:\/\/naturalpoland.com\/tr\/wp-json\/wp\/v2\/media\/47073"}],"wp:attachment":[{"href":"https:\/\/naturalpoland.com\/tr\/wp-json\/wp\/v2\/media?parent=47048"}],"wp:term":[{"taxonomy":"product_brand","embeddable":true,"href":"https:\/\/naturalpoland.com\/tr\/wp-json\/wp\/v2\/product_brand?post=47048"},{"taxonomy":"product_cat","embeddable":true,"href":"https:\/\/naturalpoland.com\/tr\/wp-json\/wp\/v2\/product_cat?post=47048"},{"taxonomy":"product_tag","embeddable":true,"href":"https:\/\/naturalpoland.com\/tr\/wp-json\/wp\/v2\/product_tag?post=47048"}],"curies":[{"name":"wp","href":"https:\/\/api.w.org\/{rel}","templated":true}]}}