{"id":47079,"date":"2021-05-11T13:53:44","date_gmt":"2021-05-11T11:53:44","guid":{"rendered":"https:\/\/naturalpoland.com\/produkty\/kategorilenmemis\/frenk-uzumu-cekirdegi-peelingi\/"},"modified":"2026-03-24T13:49:54","modified_gmt":"2026-03-24T12:49:54","slug":"frenk-uzumu-cekirdegi-peelingi","status":"publish","type":"product","link":"https:\/\/naturalpoland.com\/tr\/urunler\/kozmetik-hammaddeleri\/peeling-urunleri\/frenk-uzumu-cekirdegi-peelingi\/","title":{"rendered":"Frenk \u00fcz\u00fcm\u00fc \u00e7ekirde\u011fi peelingi"},"content":{"rendered":"<p>Anahtar d\u00fczenliliktir:<br \/>\nPeeling d\u00fczenli olarak yap\u0131lmal\u0131d\u0131r. Bu sayede \u00f6l\u00fc deri tabakas\u0131 etkili bir \u015fekilde uzakla\u015ft\u0131r\u0131labilir ve gen\u00e7, hassas cildin b\u00fcy\u00fcmesi te\u015fvik edilebilir. Bu, cildin oksijenlenmesini ve dola\u015f\u0131m\u0131n\u0131n iyile\u015ftirilmesini sa\u011flayan bir y\u00f6ntemdir. Bu \u015fekilde cilt daha p\u00fcr\u00fczs\u00fcz hale gelir, daha parlak olur ve daha sa\u011fl\u0131kl\u0131 g\u00f6r\u00fcn\u00fcr. Renk e\u015fitsizliklerinden kurtulman\u0131n iyi bir yoludur.    <\/p>\n","protected":false},"excerpt":{"rendered":"<p><strong>Frenk \u00fcz\u00fcm\u00fc \u00e7ekirde\u011fi peelingi<\/strong> ya\u011fl\u0131, akneye e\u011filimli ve normal cilt bak\u0131m\u0131nda m\u00fckemmel sonu\u00e7 verir. Ancak akneye iltihapl\u0131 lezyonlar e\u015flik ediyorsa \u00f6nerilmez. Bu durumda peeling bunlar\u0131n daha fazla yay\u0131lmas\u0131na neden olabilir. Peeling, cildi sonraki i\u015flemlere haz\u0131rlamak ve \u00f6l\u00fc deriyi uzakla\u015ft\u0131rmak amac\u0131yla kullan\u0131l\u0131r.   <\/p>\n","protected":false},"featured_media":47081,"template":"","meta":{"_acf_changed":false},"product_brand":[],"product_cat":[9553],"product_tag":[],"class_list":{"0":"post-47079","1":"product","2":"type-product","3":"status-publish","4":"has-post-thumbnail","6":"product_cat-peeling-urunleri","8":"first","9":"instock","10":"shipping-taxable","11":"product-type-simple"},"acf":[],"yoast_head":"<!-- This site is optimized with the Yoast SEO plugin v27.5 - https:\/\/yoast.com\/product\/yoast-seo-wordpress\/ -->\n<title>Frenk \u00fcz\u00fcm\u00fc \u00e7ekirde\u011fi peelingi - Hurtowy Dystrybutor<\/title>\n<meta name=\"robots\" content=\"index, follow, max-snippet:-1, max-image-preview:large, max-video-preview:-1\" \/>\n<link rel=\"canonical\" href=\"https:\/\/naturalpoland.com\/tr\/urunler\/kozmetik-hammaddeleri\/peeling-urunleri\/frenk-uzumu-cekirdegi-peelingi\/\" \/>\n<meta property=\"og:locale\" content=\"tr_TR\" \/>\n<meta property=\"og:type\" content=\"article\" \/>\n<meta property=\"og:title\" content=\"Frenk \u00fcz\u00fcm\u00fc \u00e7ekirde\u011fi peelingi - Hurtowy Dystrybutor\" \/>\n<meta property=\"og:description\" content=\"Frenk \u00fcz\u00fcm\u00fc \u00e7ekirde\u011fi peelingi ya\u011fl\u0131, akneye e\u011filimli ve normal cilt bak\u0131m\u0131nda m\u00fckemmel sonu\u00e7 verir. Ancak akneye iltihapl\u0131 lezyonlar e\u015flik ediyorsa \u00f6nerilmez. Bu durumda peeling bunlar\u0131n daha fazla yay\u0131lmas\u0131na neden olabilir. Peeling, cildi sonraki i\u015flemlere haz\u0131rlamak ve \u00f6l\u00fc deriyi uzakla\u015ft\u0131rmak amac\u0131yla kullan\u0131l\u0131r.\" \/>\n<meta property=\"og:url\" content=\"https:\/\/naturalpoland.com\/tr\/urunler\/kozmetik-hammaddeleri\/peeling-urunleri\/frenk-uzumu-cekirdegi-peelingi\/\" \/>\n<meta property=\"og:site_name\" content=\"NATURAL POLAND - Hurtowy Dystrybutor Surowc\u00f3w\" \/>\n<meta property=\"article:publisher\" content=\"https:\/\/www.facebook.com\/naturalpoland.b2b\" \/>\n<meta property=\"article:modified_time\" content=\"2026-03-24T12:49:54+00:00\" \/>\n<meta property=\"og:image\" content=\"https:\/\/naturalpoland.com\/wp-content\/uploads\/peeling-z-nasion-czarnej-porzeczki.jpg\" \/>\n\t<meta property=\"og:image:width\" content=\"650\" \/>\n\t<meta property=\"og:image:height\" content=\"650\" \/>\n\t<meta property=\"og:image:type\" content=\"image\/jpeg\" \/>\n<script type=\"application\/ld+json\" class=\"yoast-schema-graph\">{\"@context\":\"https:\\\/\\\/schema.org\",\"@graph\":[{\"@type\":\"WebPage\",\"@id\":\"https:\\\/\\\/naturalpoland.com\\\/tr\\\/urunler\\\/kozmetik-hammaddeleri\\\/peeling-urunleri\\\/frenk-uzumu-cekirdegi-peelingi\\\/\",\"url\":\"https:\\\/\\\/naturalpoland.com\\\/tr\\\/urunler\\\/kozmetik-hammaddeleri\\\/peeling-urunleri\\\/frenk-uzumu-cekirdegi-peelingi\\\/\",\"name\":\"Frenk \u00fcz\u00fcm\u00fc \u00e7ekirde\u011fi peelingi - Hurtowy Dystrybutor\",\"isPartOf\":{\"@id\":\"https:\\\/\\\/naturalpoland.com\\\/tr\\\/#website\"},\"primaryImageOfPage\":{\"@id\":\"https:\\\/\\\/naturalpoland.com\\\/tr\\\/urunler\\\/kozmetik-hammaddeleri\\\/peeling-urunleri\\\/frenk-uzumu-cekirdegi-peelingi\\\/#primaryimage\"},\"image\":{\"@id\":\"https:\\\/\\\/naturalpoland.com\\\/tr\\\/urunler\\\/kozmetik-hammaddeleri\\\/peeling-urunleri\\\/frenk-uzumu-cekirdegi-peelingi\\\/#primaryimage\"},\"thumbnailUrl\":\"https:\\\/\\\/naturalpoland.com\\\/wp-content\\\/uploads\\\/peeling-z-nasion-czarnej-porzeczki.jpg\",\"datePublished\":\"2021-05-11T11:53:44+00:00\",\"dateModified\":\"2026-03-24T12:49:54+00:00\",\"breadcrumb\":{\"@id\":\"https:\\\/\\\/naturalpoland.com\\\/tr\\\/urunler\\\/kozmetik-hammaddeleri\\\/peeling-urunleri\\\/frenk-uzumu-cekirdegi-peelingi\\\/#breadcrumb\"},\"inLanguage\":\"tr\",\"potentialAction\":[{\"@type\":\"ReadAction\",\"target\":[\"https:\\\/\\\/naturalpoland.com\\\/tr\\\/urunler\\\/kozmetik-hammaddeleri\\\/peeling-urunleri\\\/frenk-uzumu-cekirdegi-peelingi\\\/\"]}]},{\"@type\":\"ImageObject\",\"inLanguage\":\"tr\",\"@id\":\"https:\\\/\\\/naturalpoland.com\\\/tr\\\/urunler\\\/kozmetik-hammaddeleri\\\/peeling-urunleri\\\/frenk-uzumu-cekirdegi-peelingi\\\/#primaryimage\",\"url\":\"https:\\\/\\\/naturalpoland.com\\\/wp-content\\\/uploads\\\/peeling-z-nasion-czarnej-porzeczki.jpg\",\"contentUrl\":\"https:\\\/\\\/naturalpoland.com\\\/wp-content\\\/uploads\\\/peeling-z-nasion-czarnej-porzeczki.jpg\",\"width\":650,\"height\":650,\"caption\":\"frenk \u00fcz\u00fcm\u00fc \u00e7ekirde\u011fi peelingi\"},{\"@type\":\"BreadcrumbList\",\"@id\":\"https:\\\/\\\/naturalpoland.com\\\/tr\\\/urunler\\\/kozmetik-hammaddeleri\\\/peeling-urunleri\\\/frenk-uzumu-cekirdegi-peelingi\\\/#breadcrumb\",\"itemListElement\":[{\"@type\":\"ListItem\",\"position\":1,\"name\":\"Ana Sayfa\",\"item\":\"https:\\\/\\\/naturalpoland.com\\\/tr\\\/\"},{\"@type\":\"ListItem\",\"position\":2,\"name\":\"\u00dcr\u00fcnler\",\"item\":\"https:\\\/\\\/naturalpoland.com\\\/tr\\\/urunler\\\/\"},{\"@type\":\"ListItem\",\"position\":3,\"name\":\"Frenk \u00fcz\u00fcm\u00fc \u00e7ekirde\u011fi peelingi\"}]},{\"@type\":\"WebSite\",\"@id\":\"https:\\\/\\\/naturalpoland.com\\\/tr\\\/#website\",\"url\":\"https:\\\/\\\/naturalpoland.com\\\/tr\\\/\",\"name\":\"NATURAL POLAND - Hurtowy Dystrybutor Surowc\u00f3w\",\"description\":\"Surowce dla przemys\u0142u spo\u017cywczego, kosmetycznego i farmaceutycznego\",\"publisher\":{\"@id\":\"https:\\\/\\\/naturalpoland.com\\\/tr\\\/#organization\"},\"potentialAction\":[{\"@type\":\"SearchAction\",\"target\":{\"@type\":\"EntryPoint\",\"urlTemplate\":\"https:\\\/\\\/naturalpoland.com\\\/tr\\\/?s={search_term_string}\"},\"query-input\":{\"@type\":\"PropertyValueSpecification\",\"valueRequired\":true,\"valueName\":\"search_term_string\"}}],\"inLanguage\":\"tr\"},{\"@type\":\"Organization\",\"@id\":\"https:\\\/\\\/naturalpoland.com\\\/tr\\\/#organization\",\"name\":\"Natural Poland\",\"url\":\"https:\\\/\\\/naturalpoland.com\\\/tr\\\/\",\"logo\":{\"@type\":\"ImageObject\",\"inLanguage\":\"tr\",\"@id\":\"https:\\\/\\\/naturalpoland.com\\\/tr\\\/#\\\/schema\\\/logo\\\/image\\\/\",\"url\":\"https:\\\/\\\/naturalpoland.com\\\/wp-content\\\/uploads\\\/2021\\\/05\\\/natural-poland-icon.png\",\"contentUrl\":\"https:\\\/\\\/naturalpoland.com\\\/wp-content\\\/uploads\\\/2021\\\/05\\\/natural-poland-icon.png\",\"width\":512,\"height\":512,\"caption\":\"Natural Poland\"},\"image\":{\"@id\":\"https:\\\/\\\/naturalpoland.com\\\/tr\\\/#\\\/schema\\\/logo\\\/image\\\/\"},\"sameAs\":[\"https:\\\/\\\/www.facebook.com\\\/naturalpoland.b2b\",\"https:\\\/\\\/pl.linkedin.com\\\/company\\\/natural-poland\",\"https:\\\/\\\/www.youtube.com\\\/channel\\\/UCgeGGkvOMahZo-xu_MSEWxg\"]}]}<\/script>\n<!-- \/ Yoast SEO plugin. -->","yoast_head_json":{"title":"Frenk \u00fcz\u00fcm\u00fc \u00e7ekirde\u011fi peelingi - Hurtowy Dystrybutor","robots":{"index":"index","follow":"follow","max-snippet":"max-snippet:-1","max-image-preview":"max-image-preview:large","max-video-preview":"max-video-preview:-1"},"canonical":"https:\/\/naturalpoland.com\/tr\/urunler\/kozmetik-hammaddeleri\/peeling-urunleri\/frenk-uzumu-cekirdegi-peelingi\/","og_locale":"tr_TR","og_type":"article","og_title":"Frenk \u00fcz\u00fcm\u00fc \u00e7ekirde\u011fi peelingi - Hurtowy Dystrybutor","og_description":"Frenk \u00fcz\u00fcm\u00fc \u00e7ekirde\u011fi peelingi ya\u011fl\u0131, akneye e\u011filimli ve normal cilt bak\u0131m\u0131nda m\u00fckemmel sonu\u00e7 verir. Ancak akneye iltihapl\u0131 lezyonlar e\u015flik ediyorsa \u00f6nerilmez. Bu durumda peeling bunlar\u0131n daha fazla yay\u0131lmas\u0131na neden olabilir. Peeling, cildi sonraki i\u015flemlere haz\u0131rlamak ve \u00f6l\u00fc deriyi uzakla\u015ft\u0131rmak amac\u0131yla kullan\u0131l\u0131r.","og_url":"https:\/\/naturalpoland.com\/tr\/urunler\/kozmetik-hammaddeleri\/peeling-urunleri\/frenk-uzumu-cekirdegi-peelingi\/","og_site_name":"NATURAL POLAND - Hurtowy Dystrybutor Surowc\u00f3w","article_publisher":"https:\/\/www.facebook.com\/naturalpoland.b2b","article_modified_time":"2026-03-24T12:49:54+00:00","og_image":[{"width":650,"height":650,"url":"https:\/\/naturalpoland.com\/wp-content\/uploads\/peeling-z-nasion-czarnej-porzeczki.jpg","type":"image\/jpeg"}],"schema":{"@context":"https:\/\/schema.org","@graph":[{"@type":"WebPage","@id":"https:\/\/naturalpoland.com\/tr\/urunler\/kozmetik-hammaddeleri\/peeling-urunleri\/frenk-uzumu-cekirdegi-peelingi\/","url":"https:\/\/naturalpoland.com\/tr\/urunler\/kozmetik-hammaddeleri\/peeling-urunleri\/frenk-uzumu-cekirdegi-peelingi\/","name":"Frenk \u00fcz\u00fcm\u00fc \u00e7ekirde\u011fi peelingi - Hurtowy Dystrybutor","isPartOf":{"@id":"https:\/\/naturalpoland.com\/tr\/#website"},"primaryImageOfPage":{"@id":"https:\/\/naturalpoland.com\/tr\/urunler\/kozmetik-hammaddeleri\/peeling-urunleri\/frenk-uzumu-cekirdegi-peelingi\/#primaryimage"},"image":{"@id":"https:\/\/naturalpoland.com\/tr\/urunler\/kozmetik-hammaddeleri\/peeling-urunleri\/frenk-uzumu-cekirdegi-peelingi\/#primaryimage"},"thumbnailUrl":"https:\/\/naturalpoland.com\/wp-content\/uploads\/peeling-z-nasion-czarnej-porzeczki.jpg","datePublished":"2021-05-11T11:53:44+00:00","dateModified":"2026-03-24T12:49:54+00:00","breadcrumb":{"@id":"https:\/\/naturalpoland.com\/tr\/urunler\/kozmetik-hammaddeleri\/peeling-urunleri\/frenk-uzumu-cekirdegi-peelingi\/#breadcrumb"},"inLanguage":"tr","potentialAction":[{"@type":"ReadAction","target":["https:\/\/naturalpoland.com\/tr\/urunler\/kozmetik-hammaddeleri\/peeling-urunleri\/frenk-uzumu-cekirdegi-peelingi\/"]}]},{"@type":"ImageObject","inLanguage":"tr","@id":"https:\/\/naturalpoland.com\/tr\/urunler\/kozmetik-hammaddeleri\/peeling-urunleri\/frenk-uzumu-cekirdegi-peelingi\/#primaryimage","url":"https:\/\/naturalpoland.com\/wp-content\/uploads\/peeling-z-nasion-czarnej-porzeczki.jpg","contentUrl":"https:\/\/naturalpoland.com\/wp-content\/uploads\/peeling-z-nasion-czarnej-porzeczki.jpg","width":650,"height":650,"caption":"frenk \u00fcz\u00fcm\u00fc \u00e7ekirde\u011fi peelingi"},{"@type":"BreadcrumbList","@id":"https:\/\/naturalpoland.com\/tr\/urunler\/kozmetik-hammaddeleri\/peeling-urunleri\/frenk-uzumu-cekirdegi-peelingi\/#breadcrumb","itemListElement":[{"@type":"ListItem","position":1,"name":"Ana Sayfa","item":"https:\/\/naturalpoland.com\/tr\/"},{"@type":"ListItem","position":2,"name":"\u00dcr\u00fcnler","item":"https:\/\/naturalpoland.com\/tr\/urunler\/"},{"@type":"ListItem","position":3,"name":"Frenk \u00fcz\u00fcm\u00fc \u00e7ekirde\u011fi peelingi"}]},{"@type":"WebSite","@id":"https:\/\/naturalpoland.com\/tr\/#website","url":"https:\/\/naturalpoland.com\/tr\/","name":"NATURAL POLAND - Hurtowy Dystrybutor Surowc\u00f3w","description":"Surowce dla przemys\u0142u spo\u017cywczego, kosmetycznego i farmaceutycznego","publisher":{"@id":"https:\/\/naturalpoland.com\/tr\/#organization"},"potentialAction":[{"@type":"SearchAction","target":{"@type":"EntryPoint","urlTemplate":"https:\/\/naturalpoland.com\/tr\/?s={search_term_string}"},"query-input":{"@type":"PropertyValueSpecification","valueRequired":true,"valueName":"search_term_string"}}],"inLanguage":"tr"},{"@type":"Organization","@id":"https:\/\/naturalpoland.com\/tr\/#organization","name":"Natural Poland","url":"https:\/\/naturalpoland.com\/tr\/","logo":{"@type":"ImageObject","inLanguage":"tr","@id":"https:\/\/naturalpoland.com\/tr\/#\/schema\/logo\/image\/","url":"https:\/\/naturalpoland.com\/wp-content\/uploads\/2021\/05\/natural-poland-icon.png","contentUrl":"https:\/\/naturalpoland.com\/wp-content\/uploads\/2021\/05\/natural-poland-icon.png","width":512,"height":512,"caption":"Natural Poland"},"image":{"@id":"https:\/\/naturalpoland.com\/tr\/#\/schema\/logo\/image\/"},"sameAs":["https:\/\/www.facebook.com\/naturalpoland.b2b","https:\/\/pl.linkedin.com\/company\/natural-poland","https:\/\/www.youtube.com\/channel\/UCgeGGkvOMahZo-xu_MSEWxg"]}]}},"_links":{"self":[{"href":"https:\/\/naturalpoland.com\/tr\/wp-json\/wp\/v2\/product\/47079","targetHints":{"allow":["GET"]}}],"collection":[{"href":"https:\/\/naturalpoland.com\/tr\/wp-json\/wp\/v2\/product"}],"about":[{"href":"https:\/\/naturalpoland.com\/tr\/wp-json\/wp\/v2\/types\/product"}],"wp:featuredmedia":[{"embeddable":true,"href":"https:\/\/naturalpoland.com\/tr\/wp-json\/wp\/v2\/media\/47081"}],"wp:attachment":[{"href":"https:\/\/naturalpoland.com\/tr\/wp-json\/wp\/v2\/media?parent=47079"}],"wp:term":[{"taxonomy":"product_brand","embeddable":true,"href":"https:\/\/naturalpoland.com\/tr\/wp-json\/wp\/v2\/product_brand?post=47079"},{"taxonomy":"product_cat","embeddable":true,"href":"https:\/\/naturalpoland.com\/tr\/wp-json\/wp\/v2\/product_cat?post=47079"},{"taxonomy":"product_tag","embeddable":true,"href":"https:\/\/naturalpoland.com\/tr\/wp-json\/wp\/v2\/product_tag?post=47079"}],"curies":[{"name":"wp","href":"https:\/\/api.w.org\/{rel}","templated":true}]}}