{"id":47086,"date":"2021-05-11T13:53:43","date_gmt":"2021-05-11T11:53:43","guid":{"rendered":"https:\/\/naturalpoland.com\/produkty\/kategorilenmemis\/aronya-cekirdegi-peelingi\/"},"modified":"2026-03-24T13:50:19","modified_gmt":"2026-03-24T12:50:19","slug":"aronya-cekirdegi-peelingi","status":"publish","type":"product","link":"https:\/\/naturalpoland.com\/tr\/urunler\/kozmetik-hammaddeleri\/peeling-urunleri\/aronya-cekirdegi-peelingi\/","title":{"rendered":"Aronya \u00c7ekirde\u011fi Peelingi"},"content":{"rendered":"<p>Yorgun ciltler i\u00e7in:<\/p>\n<p>Bu peeling, solgun ve yorgun cilde sahip ki\u015filer i\u00e7in \u00f6zellikle tavsiye edilir. \u00c7atlaklar, sel\u00fclit ve akne lezyonlar\u0131yla m\u00fccadeleye yard\u0131mc\u0131 olur. Sebore ve a\u015f\u0131r\u0131 sebum salg\u0131s\u0131yla m\u00fccadeleyi destekler. \u00d6l\u00fc cilt tabakas\u0131n\u0131n d\u00fczenli olarak temizlenmesi, cildin keratinle\u015fmesini azalt\u0131r, yumu\u015fat\u0131r ve p\u00fcr\u00fczs\u00fczle\u015ftirir. Ayr\u0131ca kan dola\u015f\u0131m\u0131n\u0131 iyile\u015ftirir ve cildin derin katmanlar\u0131n\u0131 oksijenlendirir. Bu sayede cilt daha taze g\u00f6r\u00fcn\u00fcr.     <\/p>\n","protected":false},"excerpt":{"rendered":"<p><strong>Aronya \u00e7ekirde\u011fi peelingi<\/strong>, \u00f6l\u00fc deriyi mekanik olarak temizlemek i\u00e7in kullan\u0131l\u0131r. Aronya \u00e7ekirdekleri antosiyaninler, C, B2, B6, PP, P, E vitaminleri, A provitamini, eser elementler, lif, pektin ve meyve asitleri a\u00e7\u0131s\u0131ndan zengindir. Bu sayede peeling, cildi etkili bir \u015fekilde besleyebilir ve yenilenmesini destekleyebilir.  <\/p>\n","protected":false},"featured_media":47088,"template":"","meta":{"_acf_changed":false},"product_brand":[],"product_cat":[9553],"product_tag":[],"class_list":{"0":"post-47086","1":"product","2":"type-product","3":"status-publish","4":"has-post-thumbnail","6":"product_cat-peeling-urunleri","8":"first","9":"instock","10":"shipping-taxable","11":"product-type-simple"},"acf":[],"yoast_head":"<!-- This site is optimized with the Yoast SEO plugin v27.5 - https:\/\/yoast.com\/product\/yoast-seo-wordpress\/ -->\n<title>Aronya \u00c7ekirde\u011fi Peelingi - Hurtowy Dystrybutor<\/title>\n<meta name=\"robots\" content=\"index, follow, max-snippet:-1, max-image-preview:large, max-video-preview:-1\" \/>\n<link rel=\"canonical\" href=\"https:\/\/naturalpoland.com\/tr\/urunler\/kozmetik-hammaddeleri\/peeling-urunleri\/aronya-cekirdegi-peelingi\/\" \/>\n<meta property=\"og:locale\" content=\"tr_TR\" \/>\n<meta property=\"og:type\" content=\"article\" \/>\n<meta property=\"og:title\" content=\"Aronya \u00c7ekirde\u011fi Peelingi - Hurtowy Dystrybutor\" \/>\n<meta property=\"og:description\" content=\"Aronya \u00e7ekirde\u011fi peelingi, \u00f6l\u00fc deriyi mekanik olarak temizlemek i\u00e7in kullan\u0131l\u0131r. Aronya \u00e7ekirdekleri antosiyaninler, C, B2, B6, PP, P, E vitaminleri, A provitamini, eser elementler, lif, pektin ve meyve asitleri a\u00e7\u0131s\u0131ndan zengindir. Bu sayede peeling, cildi etkili bir \u015fekilde besleyebilir ve yenilenmesini destekleyebilir.\" \/>\n<meta property=\"og:url\" content=\"https:\/\/naturalpoland.com\/tr\/urunler\/kozmetik-hammaddeleri\/peeling-urunleri\/aronya-cekirdegi-peelingi\/\" \/>\n<meta property=\"og:site_name\" content=\"NATURAL POLAND - Hurtowy Dystrybutor Surowc\u00f3w\" \/>\n<meta property=\"article:publisher\" content=\"https:\/\/www.facebook.com\/naturalpoland.b2b\" \/>\n<meta property=\"article:modified_time\" content=\"2026-03-24T12:50:19+00:00\" \/>\n<meta property=\"og:image\" content=\"https:\/\/naturalpoland.com\/wp-content\/uploads\/peeling-z-nasion-aronii.jpg\" \/>\n\t<meta property=\"og:image:width\" content=\"650\" \/>\n\t<meta property=\"og:image:height\" content=\"650\" \/>\n\t<meta property=\"og:image:type\" content=\"image\/jpeg\" \/>\n<script type=\"application\/ld+json\" class=\"yoast-schema-graph\">{\"@context\":\"https:\\\/\\\/schema.org\",\"@graph\":[{\"@type\":\"WebPage\",\"@id\":\"https:\\\/\\\/naturalpoland.com\\\/tr\\\/urunler\\\/kozmetik-hammaddeleri\\\/peeling-urunleri\\\/aronya-cekirdegi-peelingi\\\/\",\"url\":\"https:\\\/\\\/naturalpoland.com\\\/tr\\\/urunler\\\/kozmetik-hammaddeleri\\\/peeling-urunleri\\\/aronya-cekirdegi-peelingi\\\/\",\"name\":\"Aronya \u00c7ekirde\u011fi Peelingi - Hurtowy Dystrybutor\",\"isPartOf\":{\"@id\":\"https:\\\/\\\/naturalpoland.com\\\/tr\\\/#website\"},\"primaryImageOfPage\":{\"@id\":\"https:\\\/\\\/naturalpoland.com\\\/tr\\\/urunler\\\/kozmetik-hammaddeleri\\\/peeling-urunleri\\\/aronya-cekirdegi-peelingi\\\/#primaryimage\"},\"image\":{\"@id\":\"https:\\\/\\\/naturalpoland.com\\\/tr\\\/urunler\\\/kozmetik-hammaddeleri\\\/peeling-urunleri\\\/aronya-cekirdegi-peelingi\\\/#primaryimage\"},\"thumbnailUrl\":\"https:\\\/\\\/naturalpoland.com\\\/wp-content\\\/uploads\\\/peeling-z-nasion-aronii.jpg\",\"datePublished\":\"2021-05-11T11:53:43+00:00\",\"dateModified\":\"2026-03-24T12:50:19+00:00\",\"breadcrumb\":{\"@id\":\"https:\\\/\\\/naturalpoland.com\\\/tr\\\/urunler\\\/kozmetik-hammaddeleri\\\/peeling-urunleri\\\/aronya-cekirdegi-peelingi\\\/#breadcrumb\"},\"inLanguage\":\"tr\",\"potentialAction\":[{\"@type\":\"ReadAction\",\"target\":[\"https:\\\/\\\/naturalpoland.com\\\/tr\\\/urunler\\\/kozmetik-hammaddeleri\\\/peeling-urunleri\\\/aronya-cekirdegi-peelingi\\\/\"]}]},{\"@type\":\"ImageObject\",\"inLanguage\":\"tr\",\"@id\":\"https:\\\/\\\/naturalpoland.com\\\/tr\\\/urunler\\\/kozmetik-hammaddeleri\\\/peeling-urunleri\\\/aronya-cekirdegi-peelingi\\\/#primaryimage\",\"url\":\"https:\\\/\\\/naturalpoland.com\\\/wp-content\\\/uploads\\\/peeling-z-nasion-aronii.jpg\",\"contentUrl\":\"https:\\\/\\\/naturalpoland.com\\\/wp-content\\\/uploads\\\/peeling-z-nasion-aronii.jpg\",\"width\":650,\"height\":650,\"caption\":\"aronya tohumu peelingi\"},{\"@type\":\"BreadcrumbList\",\"@id\":\"https:\\\/\\\/naturalpoland.com\\\/tr\\\/urunler\\\/kozmetik-hammaddeleri\\\/peeling-urunleri\\\/aronya-cekirdegi-peelingi\\\/#breadcrumb\",\"itemListElement\":[{\"@type\":\"ListItem\",\"position\":1,\"name\":\"Ana Sayfa\",\"item\":\"https:\\\/\\\/naturalpoland.com\\\/tr\\\/\"},{\"@type\":\"ListItem\",\"position\":2,\"name\":\"\u00dcr\u00fcnler\",\"item\":\"https:\\\/\\\/naturalpoland.com\\\/tr\\\/urunler\\\/\"},{\"@type\":\"ListItem\",\"position\":3,\"name\":\"Aronya \u00c7ekirde\u011fi Peelingi\"}]},{\"@type\":\"WebSite\",\"@id\":\"https:\\\/\\\/naturalpoland.com\\\/tr\\\/#website\",\"url\":\"https:\\\/\\\/naturalpoland.com\\\/tr\\\/\",\"name\":\"NATURAL POLAND - Hurtowy Dystrybutor Surowc\u00f3w\",\"description\":\"Surowce dla przemys\u0142u spo\u017cywczego, kosmetycznego i farmaceutycznego\",\"publisher\":{\"@id\":\"https:\\\/\\\/naturalpoland.com\\\/tr\\\/#organization\"},\"potentialAction\":[{\"@type\":\"SearchAction\",\"target\":{\"@type\":\"EntryPoint\",\"urlTemplate\":\"https:\\\/\\\/naturalpoland.com\\\/tr\\\/?s={search_term_string}\"},\"query-input\":{\"@type\":\"PropertyValueSpecification\",\"valueRequired\":true,\"valueName\":\"search_term_string\"}}],\"inLanguage\":\"tr\"},{\"@type\":\"Organization\",\"@id\":\"https:\\\/\\\/naturalpoland.com\\\/tr\\\/#organization\",\"name\":\"Natural Poland\",\"url\":\"https:\\\/\\\/naturalpoland.com\\\/tr\\\/\",\"logo\":{\"@type\":\"ImageObject\",\"inLanguage\":\"tr\",\"@id\":\"https:\\\/\\\/naturalpoland.com\\\/tr\\\/#\\\/schema\\\/logo\\\/image\\\/\",\"url\":\"https:\\\/\\\/naturalpoland.com\\\/wp-content\\\/uploads\\\/2021\\\/05\\\/natural-poland-icon.png\",\"contentUrl\":\"https:\\\/\\\/naturalpoland.com\\\/wp-content\\\/uploads\\\/2021\\\/05\\\/natural-poland-icon.png\",\"width\":512,\"height\":512,\"caption\":\"Natural Poland\"},\"image\":{\"@id\":\"https:\\\/\\\/naturalpoland.com\\\/tr\\\/#\\\/schema\\\/logo\\\/image\\\/\"},\"sameAs\":[\"https:\\\/\\\/www.facebook.com\\\/naturalpoland.b2b\",\"https:\\\/\\\/pl.linkedin.com\\\/company\\\/natural-poland\",\"https:\\\/\\\/www.youtube.com\\\/channel\\\/UCgeGGkvOMahZo-xu_MSEWxg\"]}]}<\/script>\n<!-- \/ Yoast SEO plugin. -->","yoast_head_json":{"title":"Aronya \u00c7ekirde\u011fi Peelingi - Hurtowy Dystrybutor","robots":{"index":"index","follow":"follow","max-snippet":"max-snippet:-1","max-image-preview":"max-image-preview:large","max-video-preview":"max-video-preview:-1"},"canonical":"https:\/\/naturalpoland.com\/tr\/urunler\/kozmetik-hammaddeleri\/peeling-urunleri\/aronya-cekirdegi-peelingi\/","og_locale":"tr_TR","og_type":"article","og_title":"Aronya \u00c7ekirde\u011fi Peelingi - Hurtowy Dystrybutor","og_description":"Aronya \u00e7ekirde\u011fi peelingi, \u00f6l\u00fc deriyi mekanik olarak temizlemek i\u00e7in kullan\u0131l\u0131r. Aronya \u00e7ekirdekleri antosiyaninler, C, B2, B6, PP, P, E vitaminleri, A provitamini, eser elementler, lif, pektin ve meyve asitleri a\u00e7\u0131s\u0131ndan zengindir. Bu sayede peeling, cildi etkili bir \u015fekilde besleyebilir ve yenilenmesini destekleyebilir.","og_url":"https:\/\/naturalpoland.com\/tr\/urunler\/kozmetik-hammaddeleri\/peeling-urunleri\/aronya-cekirdegi-peelingi\/","og_site_name":"NATURAL POLAND - Hurtowy Dystrybutor Surowc\u00f3w","article_publisher":"https:\/\/www.facebook.com\/naturalpoland.b2b","article_modified_time":"2026-03-24T12:50:19+00:00","og_image":[{"width":650,"height":650,"url":"https:\/\/naturalpoland.com\/wp-content\/uploads\/peeling-z-nasion-aronii.jpg","type":"image\/jpeg"}],"schema":{"@context":"https:\/\/schema.org","@graph":[{"@type":"WebPage","@id":"https:\/\/naturalpoland.com\/tr\/urunler\/kozmetik-hammaddeleri\/peeling-urunleri\/aronya-cekirdegi-peelingi\/","url":"https:\/\/naturalpoland.com\/tr\/urunler\/kozmetik-hammaddeleri\/peeling-urunleri\/aronya-cekirdegi-peelingi\/","name":"Aronya \u00c7ekirde\u011fi Peelingi - Hurtowy Dystrybutor","isPartOf":{"@id":"https:\/\/naturalpoland.com\/tr\/#website"},"primaryImageOfPage":{"@id":"https:\/\/naturalpoland.com\/tr\/urunler\/kozmetik-hammaddeleri\/peeling-urunleri\/aronya-cekirdegi-peelingi\/#primaryimage"},"image":{"@id":"https:\/\/naturalpoland.com\/tr\/urunler\/kozmetik-hammaddeleri\/peeling-urunleri\/aronya-cekirdegi-peelingi\/#primaryimage"},"thumbnailUrl":"https:\/\/naturalpoland.com\/wp-content\/uploads\/peeling-z-nasion-aronii.jpg","datePublished":"2021-05-11T11:53:43+00:00","dateModified":"2026-03-24T12:50:19+00:00","breadcrumb":{"@id":"https:\/\/naturalpoland.com\/tr\/urunler\/kozmetik-hammaddeleri\/peeling-urunleri\/aronya-cekirdegi-peelingi\/#breadcrumb"},"inLanguage":"tr","potentialAction":[{"@type":"ReadAction","target":["https:\/\/naturalpoland.com\/tr\/urunler\/kozmetik-hammaddeleri\/peeling-urunleri\/aronya-cekirdegi-peelingi\/"]}]},{"@type":"ImageObject","inLanguage":"tr","@id":"https:\/\/naturalpoland.com\/tr\/urunler\/kozmetik-hammaddeleri\/peeling-urunleri\/aronya-cekirdegi-peelingi\/#primaryimage","url":"https:\/\/naturalpoland.com\/wp-content\/uploads\/peeling-z-nasion-aronii.jpg","contentUrl":"https:\/\/naturalpoland.com\/wp-content\/uploads\/peeling-z-nasion-aronii.jpg","width":650,"height":650,"caption":"aronya tohumu peelingi"},{"@type":"BreadcrumbList","@id":"https:\/\/naturalpoland.com\/tr\/urunler\/kozmetik-hammaddeleri\/peeling-urunleri\/aronya-cekirdegi-peelingi\/#breadcrumb","itemListElement":[{"@type":"ListItem","position":1,"name":"Ana Sayfa","item":"https:\/\/naturalpoland.com\/tr\/"},{"@type":"ListItem","position":2,"name":"\u00dcr\u00fcnler","item":"https:\/\/naturalpoland.com\/tr\/urunler\/"},{"@type":"ListItem","position":3,"name":"Aronya \u00c7ekirde\u011fi Peelingi"}]},{"@type":"WebSite","@id":"https:\/\/naturalpoland.com\/tr\/#website","url":"https:\/\/naturalpoland.com\/tr\/","name":"NATURAL POLAND - Hurtowy Dystrybutor Surowc\u00f3w","description":"Surowce dla przemys\u0142u spo\u017cywczego, kosmetycznego i farmaceutycznego","publisher":{"@id":"https:\/\/naturalpoland.com\/tr\/#organization"},"potentialAction":[{"@type":"SearchAction","target":{"@type":"EntryPoint","urlTemplate":"https:\/\/naturalpoland.com\/tr\/?s={search_term_string}"},"query-input":{"@type":"PropertyValueSpecification","valueRequired":true,"valueName":"search_term_string"}}],"inLanguage":"tr"},{"@type":"Organization","@id":"https:\/\/naturalpoland.com\/tr\/#organization","name":"Natural Poland","url":"https:\/\/naturalpoland.com\/tr\/","logo":{"@type":"ImageObject","inLanguage":"tr","@id":"https:\/\/naturalpoland.com\/tr\/#\/schema\/logo\/image\/","url":"https:\/\/naturalpoland.com\/wp-content\/uploads\/2021\/05\/natural-poland-icon.png","contentUrl":"https:\/\/naturalpoland.com\/wp-content\/uploads\/2021\/05\/natural-poland-icon.png","width":512,"height":512,"caption":"Natural Poland"},"image":{"@id":"https:\/\/naturalpoland.com\/tr\/#\/schema\/logo\/image\/"},"sameAs":["https:\/\/www.facebook.com\/naturalpoland.b2b","https:\/\/pl.linkedin.com\/company\/natural-poland","https:\/\/www.youtube.com\/channel\/UCgeGGkvOMahZo-xu_MSEWxg"]}]}},"_links":{"self":[{"href":"https:\/\/naturalpoland.com\/tr\/wp-json\/wp\/v2\/product\/47086","targetHints":{"allow":["GET"]}}],"collection":[{"href":"https:\/\/naturalpoland.com\/tr\/wp-json\/wp\/v2\/product"}],"about":[{"href":"https:\/\/naturalpoland.com\/tr\/wp-json\/wp\/v2\/types\/product"}],"wp:featuredmedia":[{"embeddable":true,"href":"https:\/\/naturalpoland.com\/tr\/wp-json\/wp\/v2\/media\/47088"}],"wp:attachment":[{"href":"https:\/\/naturalpoland.com\/tr\/wp-json\/wp\/v2\/media?parent=47086"}],"wp:term":[{"taxonomy":"product_brand","embeddable":true,"href":"https:\/\/naturalpoland.com\/tr\/wp-json\/wp\/v2\/product_brand?post=47086"},{"taxonomy":"product_cat","embeddable":true,"href":"https:\/\/naturalpoland.com\/tr\/wp-json\/wp\/v2\/product_cat?post=47086"},{"taxonomy":"product_tag","embeddable":true,"href":"https:\/\/naturalpoland.com\/tr\/wp-json\/wp\/v2\/product_tag?post=47086"}],"curies":[{"name":"wp","href":"https:\/\/api.w.org\/{rel}","templated":true}]}}