{"id":47103,"date":"2025-04-22T16:15:20","date_gmt":"2025-04-22T14:15:20","guid":{"rendered":"https:\/\/naturalpoland.com\/produkty\/kategorilenmemis\/kaktus-aromasi\/"},"modified":"2026-03-24T14:57:29","modified_gmt":"2026-03-24T13:57:29","slug":"kaktus-aromasi","status":"publish","type":"product","link":"https:\/\/naturalpoland.com\/tr\/urunler\/gida-hammaddeleri\/aromalar\/meyve-aromalari\/kaktus-aromasi\/","title":{"rendered":"Kakt\u00fcs Aromas\u0131"},"content":{"rendered":"<p class=\"\" data-start=\"0\" data-end=\"318\"><strong data-start=\"7\" data-end=\"20\">Kakt\u00fcs aromas\u0131<\/strong>, yo\u011funluk, koku ve tat notalar\u0131n\u0131n karakteri ve formu (s\u0131v\u0131 veya toz) a\u00e7\u0131s\u0131ndan farkl\u0131l\u0131k g\u00f6steren \u00e7e\u015fitli varyantlarda mevcuttur. Bu, g\u0131da end\u00fcstrisindeki belirli uygulamalara uyarlanmalar\u0131n\u0131 sa\u011flar. Varyantlar\u0131n ayr\u0131nt\u0131l\u0131 a\u00e7\u0131klamas\u0131 a\u015fa\u011f\u0131dad\u0131r: <\/p>\n<h3 data-start=\"320\" data-end=\"909\"><strong data-start=\"320\" data-end=\"362\">1. S\u0131v\u0131 (Glikoll\u00fc) Kakt\u00fcs Aromas\u0131<\/strong><\/h3>\n<p class=\"\" data-start=\"320\" data-end=\"909\">Bu, taze, ye\u015fil ve hafif meyvemsi bir profile sahip en evrensel varyantt\u0131r. Frenk inciri suyu ve aloe veraya benzer notalar, hafif kavun ve salatal\u0131k dokunu\u015flar\u0131yla hissedilir. Narin bir tatl\u0131l\u0131k, ferahlat\u0131c\u0131 bir asitlikle birle\u015fir. Bu varyant, s\u00fct \u00fcr\u00fcnlerinde (yo\u011furtlar, peynirler), \u015fekerleme \u00fcr\u00fcnlerinde (dolgular, kremalar) ve ayr\u0131ca izotonik i\u00e7eceklerde, limonatalarda veya tatl\u0131 gazl\u0131 i\u00e7eceklerde m\u00fckemmeldir. Ta\u015f\u0131y\u0131c\u0131 propilen glikol oldu\u011fundan, aroma su ve ya\u011f bazlar\u0131yla iyi b\u00fct\u00fcnle\u015fir.    <\/p>\n<h3 data-start=\"911\" data-end=\"1558\"><strong data-start=\"911\" data-end=\"969\">2. Konsantre Kakt\u00fcs Aromas\u0131 (S\u0131v\u0131, Glikoll\u00fc)<\/strong><\/h3>\n<p class=\"\" data-start=\"911\" data-end=\"1558\">G\u00fc\u00e7lendirilmi\u015f yo\u011funlu\u011fa ve daha derin bir koku-tat profiline sahip bir versiyondur. Sulu, ye\u015fil-meyvemsi notalar\u0131n\u0131 korurken, egzotik vurgular daha belirgindir \u2013 so\u011fuk, bitkisel bir nota ile kivi, frenk inciri ve beyaz \u00fcz\u00fcm kar\u0131\u015f\u0131m\u0131n\u0131 an\u0131msat\u0131r. Belirgin, taze bir aromayla etkilemesi gereken \u00fcr\u00fcnler i\u00e7in idealdir \u2013 \u00f6rne\u011fin, sak\u0131zlar, pastiller, serinletici etkili \u015fekerlemeler. Konsantre form\u00fcl\u00fc sayesinde daha az dozaj gereklidir, bu da \u00fcr\u00fcn\u00fcn k\u0131vam\u0131n\u0131 etkilemeden lezzet veya kokuyu yo\u011funla\u015ft\u0131rmak i\u00e7in faydal\u0131d\u0131r.   <\/p>\n<h3 data-start=\"1560\" data-end=\"2055\"><strong data-start=\"1560\" data-end=\"1593\">3. Toz Kakt\u00fcs Aromas\u0131<\/strong><\/h3>\n<p class=\"\" data-start=\"1560\" data-end=\"2055\">Kuru g\u0131da kar\u0131\u015f\u0131mlar\u0131 ve diyet takviyeleri i\u00e7in tasarlanm\u0131\u015f bir varyantt\u0131r. Ye\u015fil elma, aloe vera ve hafif narenciye tazeli\u011fi notalar\u0131yla narin, tatl\u0131-bitkisel bir aromaya sahiptir. Efervesan tabletlerde, shake kar\u0131\u015f\u0131mlar\u0131nda, fonksiyonel barlarda veya haz\u0131r \u00fcr\u00fcnlerde (j\u00f6leler, pudingler, kokteyller) iyi \u00e7al\u0131\u015f\u0131r. Toz formu, zorlu depolama ko\u015fullar\u0131nda bile aroman\u0131n kolayca dozajlanmas\u0131n\u0131 ve uzun s\u00fcre dayanmas\u0131n\u0131 sa\u011flar.   <\/p>\n<p class=\"\" data-start=\"2057\" data-end=\"2453\">Kakt\u00fcs aromas\u0131n\u0131n her varyant\u0131, kakt\u00fcs meyvelerinin karakteristik tazeli\u011fini, hafifli\u011fini ve egzotik tatl\u0131l\u0131\u011f\u0131n\u0131 yans\u0131t\u0131r, ancak belirli bir versiyonun se\u00e7imi uygulama t\u00fcr\u00fcne, beklenen yo\u011funlu\u011fa ve form\u00fclasyon baz\u0131na ba\u011fl\u0131d\u0131r. Bu aromalar, modern t\u00fcketici trendleriyle uyumludur \u2013 \u00f6zellikle gen\u00e7 hedef gruplar\u0131 aras\u0131nda ve &#8220;ferahlat\u0131c\u0131&#8221;, &#8220;detoks&#8221; ve &#8220;tropikal&#8221; \u00fcr\u00fcnlerde pop\u00fclerdir. <\/p>\n","protected":false},"excerpt":{"rendered":"<p><strong data-start=\"0\" data-end=\"20\">Kakt\u00fcs aromas\u0131<\/strong>, \u00f6zellikle frenk inciri olmak \u00fczere egzotik kakt\u00fcs meyvelerinin karakterinden ilham alan ferahlat\u0131c\u0131 bir koku ve tat profiline sahiptir.<\/p>\n","protected":false},"featured_media":47104,"template":"","meta":{"_acf_changed":false},"product_brand":[],"product_cat":[9564],"product_tag":[],"class_list":{"0":"post-47103","1":"product","2":"type-product","3":"status-publish","4":"has-post-thumbnail","6":"product_cat-meyve-aromalari","8":"first","9":"instock","10":"shipping-taxable","11":"product-type-simple"},"acf":[],"yoast_head":"<!-- This site is optimized with the Yoast SEO plugin v27.5 - https:\/\/yoast.com\/product\/yoast-seo-wordpress\/ -->\n<title>Kakt\u00fcs Aromas\u0131 - Hurtowy Dystrybutor<\/title>\n<meta name=\"description\" content=\"Kakt\u00fcs aromas\u0131, egzotik kakt\u00fcs meyvelerinin karakterinden ilham alan ferahlat\u0131c\u0131 bir koku ve tat profiline sahiptir.\" \/>\n<meta name=\"robots\" content=\"index, follow, max-snippet:-1, max-image-preview:large, max-video-preview:-1\" \/>\n<link rel=\"canonical\" href=\"https:\/\/naturalpoland.com\/tr\/urunler\/gida-hammaddeleri\/aromalar\/meyve-aromalari\/kaktus-aromasi\/\" \/>\n<meta property=\"og:locale\" content=\"tr_TR\" \/>\n<meta property=\"og:type\" content=\"article\" \/>\n<meta property=\"og:title\" content=\"Kakt\u00fcs Aromas\u0131 - Hurtowy Dystrybutor\" \/>\n<meta property=\"og:description\" content=\"Kakt\u00fcs aromas\u0131, egzotik kakt\u00fcs meyvelerinin karakterinden ilham alan ferahlat\u0131c\u0131 bir koku ve tat profiline sahiptir.\" \/>\n<meta property=\"og:url\" content=\"https:\/\/naturalpoland.com\/tr\/urunler\/gida-hammaddeleri\/aromalar\/meyve-aromalari\/kaktus-aromasi\/\" \/>\n<meta property=\"og:site_name\" content=\"NATURAL POLAND - Hurtowy Dystrybutor Surowc\u00f3w\" \/>\n<meta property=\"article:publisher\" content=\"https:\/\/www.facebook.com\/naturalpoland.b2b\" \/>\n<meta property=\"article:modified_time\" content=\"2026-03-24T13:57:29+00:00\" \/>\n<meta property=\"og:image\" content=\"https:\/\/naturalpoland.com\/wp-content\/uploads\/aromat-kaktusowy.webp\" \/>\n\t<meta property=\"og:image:width\" content=\"1024\" \/>\n\t<meta property=\"og:image:height\" content=\"1024\" \/>\n\t<meta property=\"og:image:type\" content=\"image\/webp\" \/>\n<script type=\"application\/ld+json\" class=\"yoast-schema-graph\">{\"@context\":\"https:\\\/\\\/schema.org\",\"@graph\":[{\"@type\":\"WebPage\",\"@id\":\"https:\\\/\\\/naturalpoland.com\\\/tr\\\/urunler\\\/gida-hammaddeleri\\\/aromalar\\\/meyve-aromalari\\\/kaktus-aromasi\\\/\",\"url\":\"https:\\\/\\\/naturalpoland.com\\\/tr\\\/urunler\\\/gida-hammaddeleri\\\/aromalar\\\/meyve-aromalari\\\/kaktus-aromasi\\\/\",\"name\":\"Kakt\u00fcs Aromas\u0131 - Hurtowy Dystrybutor\",\"isPartOf\":{\"@id\":\"https:\\\/\\\/naturalpoland.com\\\/tr\\\/#website\"},\"primaryImageOfPage\":{\"@id\":\"https:\\\/\\\/naturalpoland.com\\\/tr\\\/urunler\\\/gida-hammaddeleri\\\/aromalar\\\/meyve-aromalari\\\/kaktus-aromasi\\\/#primaryimage\"},\"image\":{\"@id\":\"https:\\\/\\\/naturalpoland.com\\\/tr\\\/urunler\\\/gida-hammaddeleri\\\/aromalar\\\/meyve-aromalari\\\/kaktus-aromasi\\\/#primaryimage\"},\"thumbnailUrl\":\"https:\\\/\\\/naturalpoland.com\\\/wp-content\\\/uploads\\\/aromat-kaktusowy.webp\",\"datePublished\":\"2025-04-22T14:15:20+00:00\",\"dateModified\":\"2026-03-24T13:57:29+00:00\",\"description\":\"Kakt\u00fcs aromas\u0131, egzotik kakt\u00fcs meyvelerinin karakterinden ilham alan ferahlat\u0131c\u0131 bir koku ve tat profiline sahiptir.\",\"breadcrumb\":{\"@id\":\"https:\\\/\\\/naturalpoland.com\\\/tr\\\/urunler\\\/gida-hammaddeleri\\\/aromalar\\\/meyve-aromalari\\\/kaktus-aromasi\\\/#breadcrumb\"},\"inLanguage\":\"tr\",\"potentialAction\":[{\"@type\":\"ReadAction\",\"target\":[\"https:\\\/\\\/naturalpoland.com\\\/tr\\\/urunler\\\/gida-hammaddeleri\\\/aromalar\\\/meyve-aromalari\\\/kaktus-aromasi\\\/\"]}]},{\"@type\":\"ImageObject\",\"inLanguage\":\"tr\",\"@id\":\"https:\\\/\\\/naturalpoland.com\\\/tr\\\/urunler\\\/gida-hammaddeleri\\\/aromalar\\\/meyve-aromalari\\\/kaktus-aromasi\\\/#primaryimage\",\"url\":\"https:\\\/\\\/naturalpoland.com\\\/wp-content\\\/uploads\\\/aromat-kaktusowy.webp\",\"contentUrl\":\"https:\\\/\\\/naturalpoland.com\\\/wp-content\\\/uploads\\\/aromat-kaktusowy.webp\",\"width\":1024,\"height\":1024,\"caption\":\"kakt\u00fcs aromas\u0131\"},{\"@type\":\"BreadcrumbList\",\"@id\":\"https:\\\/\\\/naturalpoland.com\\\/tr\\\/urunler\\\/gida-hammaddeleri\\\/aromalar\\\/meyve-aromalari\\\/kaktus-aromasi\\\/#breadcrumb\",\"itemListElement\":[{\"@type\":\"ListItem\",\"position\":1,\"name\":\"Ana Sayfa\",\"item\":\"https:\\\/\\\/naturalpoland.com\\\/tr\\\/\"},{\"@type\":\"ListItem\",\"position\":2,\"name\":\"\u00dcr\u00fcnler\",\"item\":\"https:\\\/\\\/naturalpoland.com\\\/tr\\\/urunler\\\/\"},{\"@type\":\"ListItem\",\"position\":3,\"name\":\"Kakt\u00fcs Aromas\u0131\"}]},{\"@type\":\"WebSite\",\"@id\":\"https:\\\/\\\/naturalpoland.com\\\/tr\\\/#website\",\"url\":\"https:\\\/\\\/naturalpoland.com\\\/tr\\\/\",\"name\":\"NATURAL POLAND - Hurtowy Dystrybutor Surowc\u00f3w\",\"description\":\"Surowce dla przemys\u0142u spo\u017cywczego, kosmetycznego i farmaceutycznego\",\"publisher\":{\"@id\":\"https:\\\/\\\/naturalpoland.com\\\/tr\\\/#organization\"},\"potentialAction\":[{\"@type\":\"SearchAction\",\"target\":{\"@type\":\"EntryPoint\",\"urlTemplate\":\"https:\\\/\\\/naturalpoland.com\\\/tr\\\/?s={search_term_string}\"},\"query-input\":{\"@type\":\"PropertyValueSpecification\",\"valueRequired\":true,\"valueName\":\"search_term_string\"}}],\"inLanguage\":\"tr\"},{\"@type\":\"Organization\",\"@id\":\"https:\\\/\\\/naturalpoland.com\\\/tr\\\/#organization\",\"name\":\"Natural Poland\",\"url\":\"https:\\\/\\\/naturalpoland.com\\\/tr\\\/\",\"logo\":{\"@type\":\"ImageObject\",\"inLanguage\":\"tr\",\"@id\":\"https:\\\/\\\/naturalpoland.com\\\/tr\\\/#\\\/schema\\\/logo\\\/image\\\/\",\"url\":\"https:\\\/\\\/naturalpoland.com\\\/wp-content\\\/uploads\\\/2021\\\/05\\\/natural-poland-icon.png\",\"contentUrl\":\"https:\\\/\\\/naturalpoland.com\\\/wp-content\\\/uploads\\\/2021\\\/05\\\/natural-poland-icon.png\",\"width\":512,\"height\":512,\"caption\":\"Natural Poland\"},\"image\":{\"@id\":\"https:\\\/\\\/naturalpoland.com\\\/tr\\\/#\\\/schema\\\/logo\\\/image\\\/\"},\"sameAs\":[\"https:\\\/\\\/www.facebook.com\\\/naturalpoland.b2b\",\"https:\\\/\\\/pl.linkedin.com\\\/company\\\/natural-poland\",\"https:\\\/\\\/www.youtube.com\\\/channel\\\/UCgeGGkvOMahZo-xu_MSEWxg\"]}]}<\/script>\n<!-- \/ Yoast SEO plugin. -->","yoast_head_json":{"title":"Kakt\u00fcs Aromas\u0131 - Hurtowy Dystrybutor","description":"Kakt\u00fcs aromas\u0131, egzotik kakt\u00fcs meyvelerinin karakterinden ilham alan ferahlat\u0131c\u0131 bir koku ve tat profiline sahiptir.","robots":{"index":"index","follow":"follow","max-snippet":"max-snippet:-1","max-image-preview":"max-image-preview:large","max-video-preview":"max-video-preview:-1"},"canonical":"https:\/\/naturalpoland.com\/tr\/urunler\/gida-hammaddeleri\/aromalar\/meyve-aromalari\/kaktus-aromasi\/","og_locale":"tr_TR","og_type":"article","og_title":"Kakt\u00fcs Aromas\u0131 - Hurtowy Dystrybutor","og_description":"Kakt\u00fcs aromas\u0131, egzotik kakt\u00fcs meyvelerinin karakterinden ilham alan ferahlat\u0131c\u0131 bir koku ve tat profiline sahiptir.","og_url":"https:\/\/naturalpoland.com\/tr\/urunler\/gida-hammaddeleri\/aromalar\/meyve-aromalari\/kaktus-aromasi\/","og_site_name":"NATURAL POLAND - Hurtowy Dystrybutor Surowc\u00f3w","article_publisher":"https:\/\/www.facebook.com\/naturalpoland.b2b","article_modified_time":"2026-03-24T13:57:29+00:00","og_image":[{"width":1024,"height":1024,"url":"https:\/\/naturalpoland.com\/wp-content\/uploads\/aromat-kaktusowy.webp","type":"image\/webp"}],"schema":{"@context":"https:\/\/schema.org","@graph":[{"@type":"WebPage","@id":"https:\/\/naturalpoland.com\/tr\/urunler\/gida-hammaddeleri\/aromalar\/meyve-aromalari\/kaktus-aromasi\/","url":"https:\/\/naturalpoland.com\/tr\/urunler\/gida-hammaddeleri\/aromalar\/meyve-aromalari\/kaktus-aromasi\/","name":"Kakt\u00fcs Aromas\u0131 - Hurtowy Dystrybutor","isPartOf":{"@id":"https:\/\/naturalpoland.com\/tr\/#website"},"primaryImageOfPage":{"@id":"https:\/\/naturalpoland.com\/tr\/urunler\/gida-hammaddeleri\/aromalar\/meyve-aromalari\/kaktus-aromasi\/#primaryimage"},"image":{"@id":"https:\/\/naturalpoland.com\/tr\/urunler\/gida-hammaddeleri\/aromalar\/meyve-aromalari\/kaktus-aromasi\/#primaryimage"},"thumbnailUrl":"https:\/\/naturalpoland.com\/wp-content\/uploads\/aromat-kaktusowy.webp","datePublished":"2025-04-22T14:15:20+00:00","dateModified":"2026-03-24T13:57:29+00:00","description":"Kakt\u00fcs aromas\u0131, egzotik kakt\u00fcs meyvelerinin karakterinden ilham alan ferahlat\u0131c\u0131 bir koku ve tat profiline sahiptir.","breadcrumb":{"@id":"https:\/\/naturalpoland.com\/tr\/urunler\/gida-hammaddeleri\/aromalar\/meyve-aromalari\/kaktus-aromasi\/#breadcrumb"},"inLanguage":"tr","potentialAction":[{"@type":"ReadAction","target":["https:\/\/naturalpoland.com\/tr\/urunler\/gida-hammaddeleri\/aromalar\/meyve-aromalari\/kaktus-aromasi\/"]}]},{"@type":"ImageObject","inLanguage":"tr","@id":"https:\/\/naturalpoland.com\/tr\/urunler\/gida-hammaddeleri\/aromalar\/meyve-aromalari\/kaktus-aromasi\/#primaryimage","url":"https:\/\/naturalpoland.com\/wp-content\/uploads\/aromat-kaktusowy.webp","contentUrl":"https:\/\/naturalpoland.com\/wp-content\/uploads\/aromat-kaktusowy.webp","width":1024,"height":1024,"caption":"kakt\u00fcs aromas\u0131"},{"@type":"BreadcrumbList","@id":"https:\/\/naturalpoland.com\/tr\/urunler\/gida-hammaddeleri\/aromalar\/meyve-aromalari\/kaktus-aromasi\/#breadcrumb","itemListElement":[{"@type":"ListItem","position":1,"name":"Ana Sayfa","item":"https:\/\/naturalpoland.com\/tr\/"},{"@type":"ListItem","position":2,"name":"\u00dcr\u00fcnler","item":"https:\/\/naturalpoland.com\/tr\/urunler\/"},{"@type":"ListItem","position":3,"name":"Kakt\u00fcs Aromas\u0131"}]},{"@type":"WebSite","@id":"https:\/\/naturalpoland.com\/tr\/#website","url":"https:\/\/naturalpoland.com\/tr\/","name":"NATURAL POLAND - Hurtowy Dystrybutor Surowc\u00f3w","description":"Surowce dla przemys\u0142u spo\u017cywczego, kosmetycznego i farmaceutycznego","publisher":{"@id":"https:\/\/naturalpoland.com\/tr\/#organization"},"potentialAction":[{"@type":"SearchAction","target":{"@type":"EntryPoint","urlTemplate":"https:\/\/naturalpoland.com\/tr\/?s={search_term_string}"},"query-input":{"@type":"PropertyValueSpecification","valueRequired":true,"valueName":"search_term_string"}}],"inLanguage":"tr"},{"@type":"Organization","@id":"https:\/\/naturalpoland.com\/tr\/#organization","name":"Natural Poland","url":"https:\/\/naturalpoland.com\/tr\/","logo":{"@type":"ImageObject","inLanguage":"tr","@id":"https:\/\/naturalpoland.com\/tr\/#\/schema\/logo\/image\/","url":"https:\/\/naturalpoland.com\/wp-content\/uploads\/2021\/05\/natural-poland-icon.png","contentUrl":"https:\/\/naturalpoland.com\/wp-content\/uploads\/2021\/05\/natural-poland-icon.png","width":512,"height":512,"caption":"Natural Poland"},"image":{"@id":"https:\/\/naturalpoland.com\/tr\/#\/schema\/logo\/image\/"},"sameAs":["https:\/\/www.facebook.com\/naturalpoland.b2b","https:\/\/pl.linkedin.com\/company\/natural-poland","https:\/\/www.youtube.com\/channel\/UCgeGGkvOMahZo-xu_MSEWxg"]}]}},"_links":{"self":[{"href":"https:\/\/naturalpoland.com\/tr\/wp-json\/wp\/v2\/product\/47103","targetHints":{"allow":["GET"]}}],"collection":[{"href":"https:\/\/naturalpoland.com\/tr\/wp-json\/wp\/v2\/product"}],"about":[{"href":"https:\/\/naturalpoland.com\/tr\/wp-json\/wp\/v2\/types\/product"}],"wp:featuredmedia":[{"embeddable":true,"href":"https:\/\/naturalpoland.com\/tr\/wp-json\/wp\/v2\/media\/47104"}],"wp:attachment":[{"href":"https:\/\/naturalpoland.com\/tr\/wp-json\/wp\/v2\/media?parent=47103"}],"wp:term":[{"taxonomy":"product_brand","embeddable":true,"href":"https:\/\/naturalpoland.com\/tr\/wp-json\/wp\/v2\/product_brand?post=47103"},{"taxonomy":"product_cat","embeddable":true,"href":"https:\/\/naturalpoland.com\/tr\/wp-json\/wp\/v2\/product_cat?post=47103"},{"taxonomy":"product_tag","embeddable":true,"href":"https:\/\/naturalpoland.com\/tr\/wp-json\/wp\/v2\/product_tag?post=47103"}],"curies":[{"name":"wp","href":"https:\/\/api.w.org\/{rel}","templated":true}]}}