{"id":47105,"date":"2025-03-06T15:12:17","date_gmt":"2025-03-06T14:12:17","guid":{"rendered":"https:\/\/naturalpoland.com\/produkty\/kategorilenmemis\/inorganik-pigmentler\/"},"modified":"2026-03-24T14:58:13","modified_gmt":"2026-03-24T13:58:13","slug":"inorganik-pigmentler","status":"publish","type":"product","link":"https:\/\/naturalpoland.com\/tr\/urunler\/kozmetik-hammaddeleri\/kozmetik-boyalar\/inorganik-pigmentler\/","title":{"rendered":"\u0130norganik Pigmentler"},"content":{"rendered":"<h2>\u0130norganik pigmentlerin avantajlar\u0131:<\/h2>\n<ul>\n<li>Cilt \u00fczerinde ve renkli kozmetiklerde kullan\u0131m i\u00e7in g\u00fcvenlidirler<\/li>\n<li>M\u00fckemmel kapat\u0131c\u0131l\u0131k sa\u011flar ve yo\u011fun renk verirler<\/li>\n<li>I\u015f\u0131\u011fa ve s\u0131cakl\u0131\u011fa kar\u015f\u0131 dayan\u0131kl\u0131d\u0131rlar<\/li>\n<li>Kimyasal olarak stabildir ve kozmetiklerdeki di\u011fer bile\u015fenlerle reaksiyona girmezler<\/li>\n<li>Su ve ya\u011flarda \u00e7\u00f6z\u00fcnmezler, bu sayede cilt y\u00fczeyinde kal\u0131rlar<\/li>\n<li>Hipoalerjeniktir ve nadiren alerjik reaksiyonlara neden olurlar<\/li>\n<li>Organik pigmentlere g\u00f6re cilt \u00fczerinde daha uzun s\u00fcre kal\u0131rlar<\/li>\n<li>\u0130\u015fleme \u015fekline ba\u011fl\u0131 olarak mat veya inci g\u00f6r\u00fcn\u00fcml\u00fc olabilirler<\/li>\n<\/ul>\n<h2>\u0130norganik pigment t\u00fcrleri:<\/h2>\n<h3>1. DEM\u0130R OKS\u0130TLER<\/h3>\n<p>En pop\u00fcler kozmetik pigmentlerden biridir. Stabil ve cilt i\u00e7in g\u00fcvenlidirler, bu nedenle mineral ve organik kozmetikler i\u00e7in \u00f6nerilirler. Farkl\u0131 tonlarda bulunurlar:  <\/p>\n<ol>\n<li style=\"list-style-type: none;\">\n<ul>\n<li>Sar\u0131 (C.I. 77492) \u2013 fond\u00f6ten, kapat\u0131c\u0131, pudra, g\u00f6z far\u0131 ve rujlarda kullan\u0131l\u0131r<\/li>\n<li>K\u0131rm\u0131z\u0131 (C.I. 77491) \u2013 all\u0131k, ruj, oje ve ayr\u0131ca sa\u00e7 boyama \u00fcr\u00fcnlerinde kullan\u0131l\u0131r<\/li>\n<li>Kahverengi (C.I. 77491, 77492, 77499) \u2013 bronzla\u015ft\u0131r\u0131c\u0131, pudra, ka\u015f kozmetikleri ve konturlama \u00fcr\u00fcnlerinde temel pigmenttir<\/li>\n<li>Siyah (C.I. 77499) \u2013 rimel, eyeliner, g\u00f6z kalemi ve ka\u015f kozmetiklerinin temel bile\u015fenidir<\/li>\n<\/ul>\n<\/li>\n<\/ol>\n<h3>2. ULTRAMAR\u0130NLER<\/h3>\n<p>Do\u011fal k\u00f6kenli pigmentlerdir. I\u015f\u0131k ve s\u0131cakl\u0131\u011fa kar\u015f\u0131 dayan\u0131kl\u0131d\u0131rlar, ancak asitlere kar\u015f\u0131 hassas olabilirler, bu nedenle baz\u0131 \u00fcr\u00fcnlerde \u00f6zel stabilizat\u00f6rler gerektirebilirler. Ultramarinler mavi, mor ve pembenin yo\u011fun tonlar\u0131na sahiptir:  <\/p>\n<ul>\n<li style=\"list-style-type: none;\">\n<ul>\n<li>Ultramarin mavi (C.I. 77007) \u2013 g\u00f6z far\u0131, oje, eyeliner&#8217;da kullan\u0131l\u0131r<\/li>\n<li>Ultramarin mor ve pembe (C.I. 77007) \u2013 all\u0131k, ruj, g\u00f6z far\u0131na renk verir<\/li>\n<\/ul>\n<\/li>\n<\/ul>\n<h3>3. PRUSYA MAV\u0130S\u0130 (C.I. 77510)<\/h3>\n<p>Yo\u011fun mavi pigmenttir, esas olarak g\u00f6z far\u0131, eyeliner, rimel gibi g\u00f6z kozmetiklerinde ve sa\u00e7 boyama \u00fcr\u00fcnlerinde kullan\u0131l\u0131r.<\/p>\n<h3>4. BEYAZ P\u0130GMENTLER<\/h3>\n<ul>\n<li style=\"list-style-type: none;\">\n<ul>\n<li>Titanyum dioksit (C.I. 77891) &#8211; fond\u00f6ten, kapat\u0131c\u0131, pudra, BB krem, g\u00fcne\u015f koruyucu (UV radyasyonunu yans\u0131t\u0131r), ruj, g\u00f6z far\u0131nda kullan\u0131lan \u00e7ok pop\u00fcler pigmenttir<\/li>\n<li>\u00c7inko oksit (C.I. 77947) &#8211; g\u00fcne\u015f koruyucu, hassas ciltler i\u00e7in pudra ve toz \u00fcr\u00fcnlerde kullan\u0131l\u0131r<\/li>\n<\/ul>\n<\/li>\n<\/ul>\n<h2>\u0130norganik pigmentlerin kozmetiklerdeki kullan\u0131m\u0131:<\/h2>\n<ul>\n<li>Makyaj \u2013 fond\u00f6ten, kapat\u0131c\u0131, g\u00f6z far\u0131, ruj, all\u0131k, ka\u015f kalemi<\/li>\n<li>Sa\u00e7 boyama \u2013 sa\u00e7 boyas\u0131 ve tonerler<\/li>\n<li>T\u0131rnak \u00fcr\u00fcnleri \u2013 oje, baz, \u00fcst kat<\/li>\n<li>Cilt bak\u0131m kozmetikleri \u2013 pudra, bronzla\u015ft\u0131r\u0131c\u0131, g\u00fcne\u015f koruyucu<\/li>\n<\/ul>\n","protected":false},"excerpt":{"rendered":"<p><strong>\u0130norganik kozmetik pigmentler<\/strong> kimyasal ve fiziksel olarak stabildir, \u0131\u015f\u0131\u011fa, s\u0131cakl\u0131\u011fa ve kimyasal fakt\u00f6rlerin etkisine kar\u015f\u0131 dayan\u0131kl\u0131d\u0131r. \u00c7e\u015fitli kozmetik \u00fcr\u00fcnlerin renklendirilmesinde kullan\u0131l\u0131rlar: makyaj kozmetikleri, cilt bak\u0131m\u0131, t\u0131rnak \u00fcr\u00fcnleri, sa\u00e7 boyalar\u0131. \u0130norganik pigmentler esas olarak mineraller ve metal oksitlerden olu\u015fur.  <\/p>\n","protected":false},"featured_media":47106,"template":"","meta":{"_acf_changed":false},"product_brand":[],"product_cat":[9544],"product_tag":[],"class_list":{"0":"post-47105","1":"product","2":"type-product","3":"status-publish","4":"has-post-thumbnail","6":"product_cat-kozmetik-boyalar","8":"first","9":"instock","10":"shipping-taxable","11":"product-type-simple"},"acf":[],"yoast_head":"<!-- This site is optimized with the Yoast SEO plugin v27.6 - https:\/\/yoast.com\/product\/yoast-seo-wordpress\/ -->\n<title>\u0130norganik Pigmentler - Hurtowy Dystrybutor<\/title>\n<meta name=\"description\" content=\"\u0130norganik pigmentler, renkli kozmetiklerde kullan\u0131lan temel boyalard\u0131r. Stabil, dayan\u0131kl\u0131, g\u00fcvenli ve iyi bir kal\u0131c\u0131l\u0131\u011fa sahiptirler.\" \/>\n<meta name=\"robots\" content=\"index, follow, max-snippet:-1, max-image-preview:large, max-video-preview:-1\" \/>\n<link rel=\"canonical\" href=\"https:\/\/naturalpoland.com\/tr\/urunler\/kozmetik-hammaddeleri\/kozmetik-boyalar\/inorganik-pigmentler\/\" \/>\n<meta property=\"og:locale\" content=\"tr_TR\" \/>\n<meta property=\"og:type\" content=\"article\" \/>\n<meta property=\"og:title\" content=\"\u0130norganik Pigmentler - Hurtowy Dystrybutor\" \/>\n<meta property=\"og:description\" content=\"\u0130norganik pigmentler, renkli kozmetiklerde kullan\u0131lan temel boyalard\u0131r. Stabil, dayan\u0131kl\u0131, g\u00fcvenli ve iyi bir kal\u0131c\u0131l\u0131\u011fa sahiptirler.\" \/>\n<meta property=\"og:url\" content=\"https:\/\/naturalpoland.com\/tr\/urunler\/kozmetik-hammaddeleri\/kozmetik-boyalar\/inorganik-pigmentler\/\" \/>\n<meta property=\"og:site_name\" content=\"NATURAL POLAND - Hurtowy Dystrybutor Surowc\u00f3w\" \/>\n<meta property=\"article:publisher\" content=\"https:\/\/www.facebook.com\/naturalpoland.b2b\" \/>\n<meta property=\"article:modified_time\" content=\"2026-03-24T13:58:13+00:00\" \/>\n<meta property=\"og:image\" content=\"https:\/\/naturalpoland.com\/wp-content\/uploads\/pigmenty-nieorganiczne.webp\" \/>\n\t<meta property=\"og:image:width\" content=\"821\" \/>\n\t<meta property=\"og:image:height\" content=\"821\" \/>\n\t<meta property=\"og:image:type\" content=\"image\/webp\" \/>\n<script type=\"application\/ld+json\" class=\"yoast-schema-graph\">{\"@context\":\"https:\\\/\\\/schema.org\",\"@graph\":[{\"@type\":\"WebPage\",\"@id\":\"https:\\\/\\\/naturalpoland.com\\\/tr\\\/urunler\\\/kozmetik-hammaddeleri\\\/kozmetik-boyalar\\\/inorganik-pigmentler\\\/\",\"url\":\"https:\\\/\\\/naturalpoland.com\\\/tr\\\/urunler\\\/kozmetik-hammaddeleri\\\/kozmetik-boyalar\\\/inorganik-pigmentler\\\/\",\"name\":\"\u0130norganik Pigmentler - Hurtowy Dystrybutor\",\"isPartOf\":{\"@id\":\"https:\\\/\\\/naturalpoland.com\\\/tr\\\/#website\"},\"primaryImageOfPage\":{\"@id\":\"https:\\\/\\\/naturalpoland.com\\\/tr\\\/urunler\\\/kozmetik-hammaddeleri\\\/kozmetik-boyalar\\\/inorganik-pigmentler\\\/#primaryimage\"},\"image\":{\"@id\":\"https:\\\/\\\/naturalpoland.com\\\/tr\\\/urunler\\\/kozmetik-hammaddeleri\\\/kozmetik-boyalar\\\/inorganik-pigmentler\\\/#primaryimage\"},\"thumbnailUrl\":\"https:\\\/\\\/naturalpoland.com\\\/wp-content\\\/uploads\\\/pigmenty-nieorganiczne.webp\",\"datePublished\":\"2025-03-06T14:12:17+00:00\",\"dateModified\":\"2026-03-24T13:58:13+00:00\",\"description\":\"\u0130norganik pigmentler, renkli kozmetiklerde kullan\u0131lan temel boyalard\u0131r. Stabil, dayan\u0131kl\u0131, g\u00fcvenli ve iyi bir kal\u0131c\u0131l\u0131\u011fa sahiptirler.\",\"breadcrumb\":{\"@id\":\"https:\\\/\\\/naturalpoland.com\\\/tr\\\/urunler\\\/kozmetik-hammaddeleri\\\/kozmetik-boyalar\\\/inorganik-pigmentler\\\/#breadcrumb\"},\"inLanguage\":\"tr\",\"potentialAction\":[{\"@type\":\"ReadAction\",\"target\":[\"https:\\\/\\\/naturalpoland.com\\\/tr\\\/urunler\\\/kozmetik-hammaddeleri\\\/kozmetik-boyalar\\\/inorganik-pigmentler\\\/\"]}]},{\"@type\":\"ImageObject\",\"inLanguage\":\"tr\",\"@id\":\"https:\\\/\\\/naturalpoland.com\\\/tr\\\/urunler\\\/kozmetik-hammaddeleri\\\/kozmetik-boyalar\\\/inorganik-pigmentler\\\/#primaryimage\",\"url\":\"https:\\\/\\\/naturalpoland.com\\\/wp-content\\\/uploads\\\/pigmenty-nieorganiczne.webp\",\"contentUrl\":\"https:\\\/\\\/naturalpoland.com\\\/wp-content\\\/uploads\\\/pigmenty-nieorganiczne.webp\",\"width\":821,\"height\":821,\"caption\":\"\u0130norganik Pigmentler\"},{\"@type\":\"BreadcrumbList\",\"@id\":\"https:\\\/\\\/naturalpoland.com\\\/tr\\\/urunler\\\/kozmetik-hammaddeleri\\\/kozmetik-boyalar\\\/inorganik-pigmentler\\\/#breadcrumb\",\"itemListElement\":[{\"@type\":\"ListItem\",\"position\":1,\"name\":\"Ana Sayfa\",\"item\":\"https:\\\/\\\/naturalpoland.com\\\/tr\\\/\"},{\"@type\":\"ListItem\",\"position\":2,\"name\":\"\u00dcr\u00fcnler\",\"item\":\"https:\\\/\\\/naturalpoland.com\\\/tr\\\/urunler\\\/\"},{\"@type\":\"ListItem\",\"position\":3,\"name\":\"\u0130norganik Pigmentler\"}]},{\"@type\":\"WebSite\",\"@id\":\"https:\\\/\\\/naturalpoland.com\\\/tr\\\/#website\",\"url\":\"https:\\\/\\\/naturalpoland.com\\\/tr\\\/\",\"name\":\"NATURAL POLAND - Hurtowy Dystrybutor Surowc\u00f3w\",\"description\":\"Surowce dla przemys\u0142u spo\u017cywczego, kosmetycznego i farmaceutycznego\",\"publisher\":{\"@id\":\"https:\\\/\\\/naturalpoland.com\\\/tr\\\/#organization\"},\"potentialAction\":[{\"@type\":\"SearchAction\",\"target\":{\"@type\":\"EntryPoint\",\"urlTemplate\":\"https:\\\/\\\/naturalpoland.com\\\/tr\\\/?s={search_term_string}\"},\"query-input\":{\"@type\":\"PropertyValueSpecification\",\"valueRequired\":true,\"valueName\":\"search_term_string\"}}],\"inLanguage\":\"tr\"},{\"@type\":\"Organization\",\"@id\":\"https:\\\/\\\/naturalpoland.com\\\/tr\\\/#organization\",\"name\":\"Natural Poland\",\"url\":\"https:\\\/\\\/naturalpoland.com\\\/tr\\\/\",\"logo\":{\"@type\":\"ImageObject\",\"inLanguage\":\"tr\",\"@id\":\"https:\\\/\\\/naturalpoland.com\\\/tr\\\/#\\\/schema\\\/logo\\\/image\\\/\",\"url\":\"https:\\\/\\\/naturalpoland.com\\\/wp-content\\\/uploads\\\/2021\\\/05\\\/natural-poland-icon.png\",\"contentUrl\":\"https:\\\/\\\/naturalpoland.com\\\/wp-content\\\/uploads\\\/2021\\\/05\\\/natural-poland-icon.png\",\"width\":512,\"height\":512,\"caption\":\"Natural Poland\"},\"image\":{\"@id\":\"https:\\\/\\\/naturalpoland.com\\\/tr\\\/#\\\/schema\\\/logo\\\/image\\\/\"},\"sameAs\":[\"https:\\\/\\\/www.facebook.com\\\/naturalpoland.b2b\",\"https:\\\/\\\/pl.linkedin.com\\\/company\\\/natural-poland\",\"https:\\\/\\\/www.youtube.com\\\/channel\\\/UCgeGGkvOMahZo-xu_MSEWxg\"]}]}<\/script>\n<!-- \/ Yoast SEO plugin. -->","yoast_head_json":{"title":"\u0130norganik Pigmentler - Hurtowy Dystrybutor","description":"\u0130norganik pigmentler, renkli kozmetiklerde kullan\u0131lan temel boyalard\u0131r. Stabil, dayan\u0131kl\u0131, g\u00fcvenli ve iyi bir kal\u0131c\u0131l\u0131\u011fa sahiptirler.","robots":{"index":"index","follow":"follow","max-snippet":"max-snippet:-1","max-image-preview":"max-image-preview:large","max-video-preview":"max-video-preview:-1"},"canonical":"https:\/\/naturalpoland.com\/tr\/urunler\/kozmetik-hammaddeleri\/kozmetik-boyalar\/inorganik-pigmentler\/","og_locale":"tr_TR","og_type":"article","og_title":"\u0130norganik Pigmentler - Hurtowy Dystrybutor","og_description":"\u0130norganik pigmentler, renkli kozmetiklerde kullan\u0131lan temel boyalard\u0131r. Stabil, dayan\u0131kl\u0131, g\u00fcvenli ve iyi bir kal\u0131c\u0131l\u0131\u011fa sahiptirler.","og_url":"https:\/\/naturalpoland.com\/tr\/urunler\/kozmetik-hammaddeleri\/kozmetik-boyalar\/inorganik-pigmentler\/","og_site_name":"NATURAL POLAND - Hurtowy Dystrybutor Surowc\u00f3w","article_publisher":"https:\/\/www.facebook.com\/naturalpoland.b2b","article_modified_time":"2026-03-24T13:58:13+00:00","og_image":[{"width":821,"height":821,"url":"https:\/\/naturalpoland.com\/wp-content\/uploads\/pigmenty-nieorganiczne.webp","type":"image\/webp"}],"schema":{"@context":"https:\/\/schema.org","@graph":[{"@type":"WebPage","@id":"https:\/\/naturalpoland.com\/tr\/urunler\/kozmetik-hammaddeleri\/kozmetik-boyalar\/inorganik-pigmentler\/","url":"https:\/\/naturalpoland.com\/tr\/urunler\/kozmetik-hammaddeleri\/kozmetik-boyalar\/inorganik-pigmentler\/","name":"\u0130norganik Pigmentler - Hurtowy Dystrybutor","isPartOf":{"@id":"https:\/\/naturalpoland.com\/tr\/#website"},"primaryImageOfPage":{"@id":"https:\/\/naturalpoland.com\/tr\/urunler\/kozmetik-hammaddeleri\/kozmetik-boyalar\/inorganik-pigmentler\/#primaryimage"},"image":{"@id":"https:\/\/naturalpoland.com\/tr\/urunler\/kozmetik-hammaddeleri\/kozmetik-boyalar\/inorganik-pigmentler\/#primaryimage"},"thumbnailUrl":"https:\/\/naturalpoland.com\/wp-content\/uploads\/pigmenty-nieorganiczne.webp","datePublished":"2025-03-06T14:12:17+00:00","dateModified":"2026-03-24T13:58:13+00:00","description":"\u0130norganik pigmentler, renkli kozmetiklerde kullan\u0131lan temel boyalard\u0131r. Stabil, dayan\u0131kl\u0131, g\u00fcvenli ve iyi bir kal\u0131c\u0131l\u0131\u011fa sahiptirler.","breadcrumb":{"@id":"https:\/\/naturalpoland.com\/tr\/urunler\/kozmetik-hammaddeleri\/kozmetik-boyalar\/inorganik-pigmentler\/#breadcrumb"},"inLanguage":"tr","potentialAction":[{"@type":"ReadAction","target":["https:\/\/naturalpoland.com\/tr\/urunler\/kozmetik-hammaddeleri\/kozmetik-boyalar\/inorganik-pigmentler\/"]}]},{"@type":"ImageObject","inLanguage":"tr","@id":"https:\/\/naturalpoland.com\/tr\/urunler\/kozmetik-hammaddeleri\/kozmetik-boyalar\/inorganik-pigmentler\/#primaryimage","url":"https:\/\/naturalpoland.com\/wp-content\/uploads\/pigmenty-nieorganiczne.webp","contentUrl":"https:\/\/naturalpoland.com\/wp-content\/uploads\/pigmenty-nieorganiczne.webp","width":821,"height":821,"caption":"\u0130norganik Pigmentler"},{"@type":"BreadcrumbList","@id":"https:\/\/naturalpoland.com\/tr\/urunler\/kozmetik-hammaddeleri\/kozmetik-boyalar\/inorganik-pigmentler\/#breadcrumb","itemListElement":[{"@type":"ListItem","position":1,"name":"Ana Sayfa","item":"https:\/\/naturalpoland.com\/tr\/"},{"@type":"ListItem","position":2,"name":"\u00dcr\u00fcnler","item":"https:\/\/naturalpoland.com\/tr\/urunler\/"},{"@type":"ListItem","position":3,"name":"\u0130norganik Pigmentler"}]},{"@type":"WebSite","@id":"https:\/\/naturalpoland.com\/tr\/#website","url":"https:\/\/naturalpoland.com\/tr\/","name":"NATURAL POLAND - Hurtowy Dystrybutor Surowc\u00f3w","description":"Surowce dla przemys\u0142u spo\u017cywczego, kosmetycznego i farmaceutycznego","publisher":{"@id":"https:\/\/naturalpoland.com\/tr\/#organization"},"potentialAction":[{"@type":"SearchAction","target":{"@type":"EntryPoint","urlTemplate":"https:\/\/naturalpoland.com\/tr\/?s={search_term_string}"},"query-input":{"@type":"PropertyValueSpecification","valueRequired":true,"valueName":"search_term_string"}}],"inLanguage":"tr"},{"@type":"Organization","@id":"https:\/\/naturalpoland.com\/tr\/#organization","name":"Natural Poland","url":"https:\/\/naturalpoland.com\/tr\/","logo":{"@type":"ImageObject","inLanguage":"tr","@id":"https:\/\/naturalpoland.com\/tr\/#\/schema\/logo\/image\/","url":"https:\/\/naturalpoland.com\/wp-content\/uploads\/2021\/05\/natural-poland-icon.png","contentUrl":"https:\/\/naturalpoland.com\/wp-content\/uploads\/2021\/05\/natural-poland-icon.png","width":512,"height":512,"caption":"Natural Poland"},"image":{"@id":"https:\/\/naturalpoland.com\/tr\/#\/schema\/logo\/image\/"},"sameAs":["https:\/\/www.facebook.com\/naturalpoland.b2b","https:\/\/pl.linkedin.com\/company\/natural-poland","https:\/\/www.youtube.com\/channel\/UCgeGGkvOMahZo-xu_MSEWxg"]}]}},"_links":{"self":[{"href":"https:\/\/naturalpoland.com\/tr\/wp-json\/wp\/v2\/product\/47105","targetHints":{"allow":["GET"]}}],"collection":[{"href":"https:\/\/naturalpoland.com\/tr\/wp-json\/wp\/v2\/product"}],"about":[{"href":"https:\/\/naturalpoland.com\/tr\/wp-json\/wp\/v2\/types\/product"}],"wp:featuredmedia":[{"embeddable":true,"href":"https:\/\/naturalpoland.com\/tr\/wp-json\/wp\/v2\/media\/47106"}],"wp:attachment":[{"href":"https:\/\/naturalpoland.com\/tr\/wp-json\/wp\/v2\/media?parent=47105"}],"wp:term":[{"taxonomy":"product_brand","embeddable":true,"href":"https:\/\/naturalpoland.com\/tr\/wp-json\/wp\/v2\/product_brand?post=47105"},{"taxonomy":"product_cat","embeddable":true,"href":"https:\/\/naturalpoland.com\/tr\/wp-json\/wp\/v2\/product_cat?post=47105"},{"taxonomy":"product_tag","embeddable":true,"href":"https:\/\/naturalpoland.com\/tr\/wp-json\/wp\/v2\/product_tag?post=47105"}],"curies":[{"name":"wp","href":"https:\/\/api.w.org\/{rel}","templated":true}]}}