{"id":47107,"date":"2025-04-22T16:10:19","date_gmt":"2025-04-22T14:10:19","guid":{"rendered":"https:\/\/naturalpoland.com\/produkty\/kategorilenmemis\/bira-aromasi\/"},"modified":"2026-03-24T14:58:17","modified_gmt":"2026-03-24T13:58:17","slug":"bira-aromasi","status":"publish","type":"product","link":"https:\/\/naturalpoland.com\/tr\/urunler\/gida-hammaddeleri\/aromalar\/alkollu-aromalar\/bira-aromasi\/","title":{"rendered":"Bira Aromas\u0131"},"content":{"rendered":"<p class=\"\" data-start=\"371\" data-end=\"970\">Bu aroma genellikle glikol ta\u015f\u0131y\u0131c\u0131 \u00fczerinde <strong data-start=\"406\" data-end=\"424\">s\u0131v\u0131 formda<\/strong> bulunur. G\u0131da uygulamalar\u0131nda, malt tipi alkols\u00fcz i\u00e7eceklerin, s\u0131ra d\u0131\u015f\u0131 bira notalar\u0131na sahip tatl\u0131lar\u0131n \u00fcretiminde, ayr\u0131ca orijinal, kuru bir tat verdi\u011fi at\u0131\u015ft\u0131rmal\u0131klarda ve haz\u0131r yemeklerde kullan\u0131l\u0131r.  <\/p>\n<p class=\"\" data-start=\"972\" data-end=\"1363\">Bira aromas\u0131 y\u00fcksek s\u0131cakl\u0131klara dayan\u0131kl\u0131 olup, \u0131s\u0131l i\u015flem gerektiren proseslerde kullan\u0131labilir. \u0130yi bir stabiliteye ve tipik bira aksanlar\u0131n\u0131n m\u00fckemmel bir \u015fekilde yeniden \u00fcretimine sahiptir \u2013 alkol i\u00e7ermez ve fermente edilmemi\u015ftir. Ayr\u0131ca veganlara ve alkolden ka\u00e7\u0131nan ki\u015filere y\u00f6nelik \u00fcr\u00fcnlerde de sadece koku ve tat i\u015flevi g\u00f6rerek kullan\u0131labilir.  <\/p>\n","protected":false},"excerpt":{"rendered":"<p><strong data-start=\"0\" data-end=\"16\">Bira aromas\u0131<\/strong>, a\u00e7\u0131k renkli, fermente edilmi\u015f biran\u0131n duyusal profilinden ilham alm\u0131\u015ft\u0131r. Varyant\u0131na ba\u011fl\u0131 olarak, malt notalar\u0131, hafif \u015ferbet\u00e7iotu, hafif ac\u0131ms\u0131 veya belirgin mayal\u0131 n\u00fcanslar i\u00e7erebilir. Genellikle, b\u00fct\u00fcne derinlik ve do\u011fall\u0131k katan arpa malt\u0131n\u0131n ince bir tatl\u0131l\u0131\u011f\u0131 da bulunur.  <\/p>\n","protected":false},"featured_media":47108,"template":"","meta":{"_acf_changed":false},"product_brand":[],"product_cat":[9560],"product_tag":[],"class_list":{"0":"post-47107","1":"product","2":"type-product","3":"status-publish","4":"has-post-thumbnail","6":"product_cat-alkollu-aromalar","8":"first","9":"instock","10":"shipping-taxable","11":"product-type-simple"},"acf":[],"yoast_head":"<!-- This site is optimized with the Yoast SEO plugin v27.5 - https:\/\/yoast.com\/product\/yoast-seo-wordpress\/ -->\n<title>Bira Aromas\u0131 - Hurtowy Dystrybutor<\/title>\n<meta name=\"description\" content=\"Bira aromas\u0131 y\u00fcksek s\u0131cakl\u0131klara dayan\u0131kl\u0131 olup, \u0131s\u0131l i\u015flem gerektiren proseslerde kullan\u0131labilir. \u0130yi bir stabiliteye sahiptir.\" \/>\n<meta name=\"robots\" content=\"index, follow, max-snippet:-1, max-image-preview:large, max-video-preview:-1\" \/>\n<link rel=\"canonical\" href=\"https:\/\/naturalpoland.com\/tr\/urunler\/gida-hammaddeleri\/aromalar\/alkollu-aromalar\/bira-aromasi\/\" \/>\n<meta property=\"og:locale\" content=\"tr_TR\" \/>\n<meta property=\"og:type\" content=\"article\" \/>\n<meta property=\"og:title\" content=\"Bira Aromas\u0131 - Hurtowy Dystrybutor\" \/>\n<meta property=\"og:description\" content=\"Bira aromas\u0131 y\u00fcksek s\u0131cakl\u0131klara dayan\u0131kl\u0131 olup, \u0131s\u0131l i\u015flem gerektiren proseslerde kullan\u0131labilir. \u0130yi bir stabiliteye sahiptir.\" \/>\n<meta property=\"og:url\" content=\"https:\/\/naturalpoland.com\/tr\/urunler\/gida-hammaddeleri\/aromalar\/alkollu-aromalar\/bira-aromasi\/\" \/>\n<meta property=\"og:site_name\" content=\"NATURAL POLAND - Hurtowy Dystrybutor Surowc\u00f3w\" \/>\n<meta property=\"article:publisher\" content=\"https:\/\/www.facebook.com\/naturalpoland.b2b\" \/>\n<meta property=\"article:modified_time\" content=\"2026-03-24T13:58:17+00:00\" \/>\n<meta property=\"og:image\" content=\"https:\/\/naturalpoland.com\/wp-content\/uploads\/aromat-piwa.webp\" \/>\n\t<meta property=\"og:image:width\" content=\"1024\" \/>\n\t<meta property=\"og:image:height\" content=\"1024\" \/>\n\t<meta property=\"og:image:type\" content=\"image\/webp\" \/>\n<script type=\"application\/ld+json\" class=\"yoast-schema-graph\">{\"@context\":\"https:\\\/\\\/schema.org\",\"@graph\":[{\"@type\":\"WebPage\",\"@id\":\"https:\\\/\\\/naturalpoland.com\\\/tr\\\/urunler\\\/gida-hammaddeleri\\\/aromalar\\\/alkollu-aromalar\\\/bira-aromasi\\\/\",\"url\":\"https:\\\/\\\/naturalpoland.com\\\/tr\\\/urunler\\\/gida-hammaddeleri\\\/aromalar\\\/alkollu-aromalar\\\/bira-aromasi\\\/\",\"name\":\"Bira Aromas\u0131 - Hurtowy Dystrybutor\",\"isPartOf\":{\"@id\":\"https:\\\/\\\/naturalpoland.com\\\/tr\\\/#website\"},\"primaryImageOfPage\":{\"@id\":\"https:\\\/\\\/naturalpoland.com\\\/tr\\\/urunler\\\/gida-hammaddeleri\\\/aromalar\\\/alkollu-aromalar\\\/bira-aromasi\\\/#primaryimage\"},\"image\":{\"@id\":\"https:\\\/\\\/naturalpoland.com\\\/tr\\\/urunler\\\/gida-hammaddeleri\\\/aromalar\\\/alkollu-aromalar\\\/bira-aromasi\\\/#primaryimage\"},\"thumbnailUrl\":\"https:\\\/\\\/naturalpoland.com\\\/wp-content\\\/uploads\\\/aromat-piwa.webp\",\"datePublished\":\"2025-04-22T14:10:19+00:00\",\"dateModified\":\"2026-03-24T13:58:17+00:00\",\"description\":\"Bira aromas\u0131 y\u00fcksek s\u0131cakl\u0131klara dayan\u0131kl\u0131 olup, \u0131s\u0131l i\u015flem gerektiren proseslerde kullan\u0131labilir. \u0130yi bir stabiliteye sahiptir.\",\"breadcrumb\":{\"@id\":\"https:\\\/\\\/naturalpoland.com\\\/tr\\\/urunler\\\/gida-hammaddeleri\\\/aromalar\\\/alkollu-aromalar\\\/bira-aromasi\\\/#breadcrumb\"},\"inLanguage\":\"tr\",\"potentialAction\":[{\"@type\":\"ReadAction\",\"target\":[\"https:\\\/\\\/naturalpoland.com\\\/tr\\\/urunler\\\/gida-hammaddeleri\\\/aromalar\\\/alkollu-aromalar\\\/bira-aromasi\\\/\"]}]},{\"@type\":\"ImageObject\",\"inLanguage\":\"tr\",\"@id\":\"https:\\\/\\\/naturalpoland.com\\\/tr\\\/urunler\\\/gida-hammaddeleri\\\/aromalar\\\/alkollu-aromalar\\\/bira-aromasi\\\/#primaryimage\",\"url\":\"https:\\\/\\\/naturalpoland.com\\\/wp-content\\\/uploads\\\/aromat-piwa.webp\",\"contentUrl\":\"https:\\\/\\\/naturalpoland.com\\\/wp-content\\\/uploads\\\/aromat-piwa.webp\",\"width\":1024,\"height\":1024,\"caption\":\"bira aromas\u0131\"},{\"@type\":\"BreadcrumbList\",\"@id\":\"https:\\\/\\\/naturalpoland.com\\\/tr\\\/urunler\\\/gida-hammaddeleri\\\/aromalar\\\/alkollu-aromalar\\\/bira-aromasi\\\/#breadcrumb\",\"itemListElement\":[{\"@type\":\"ListItem\",\"position\":1,\"name\":\"Ana Sayfa\",\"item\":\"https:\\\/\\\/naturalpoland.com\\\/tr\\\/\"},{\"@type\":\"ListItem\",\"position\":2,\"name\":\"\u00dcr\u00fcnler\",\"item\":\"https:\\\/\\\/naturalpoland.com\\\/tr\\\/urunler\\\/\"},{\"@type\":\"ListItem\",\"position\":3,\"name\":\"Bira Aromas\u0131\"}]},{\"@type\":\"WebSite\",\"@id\":\"https:\\\/\\\/naturalpoland.com\\\/tr\\\/#website\",\"url\":\"https:\\\/\\\/naturalpoland.com\\\/tr\\\/\",\"name\":\"NATURAL POLAND - Hurtowy Dystrybutor Surowc\u00f3w\",\"description\":\"Surowce dla przemys\u0142u spo\u017cywczego, kosmetycznego i farmaceutycznego\",\"publisher\":{\"@id\":\"https:\\\/\\\/naturalpoland.com\\\/tr\\\/#organization\"},\"potentialAction\":[{\"@type\":\"SearchAction\",\"target\":{\"@type\":\"EntryPoint\",\"urlTemplate\":\"https:\\\/\\\/naturalpoland.com\\\/tr\\\/?s={search_term_string}\"},\"query-input\":{\"@type\":\"PropertyValueSpecification\",\"valueRequired\":true,\"valueName\":\"search_term_string\"}}],\"inLanguage\":\"tr\"},{\"@type\":\"Organization\",\"@id\":\"https:\\\/\\\/naturalpoland.com\\\/tr\\\/#organization\",\"name\":\"Natural Poland\",\"url\":\"https:\\\/\\\/naturalpoland.com\\\/tr\\\/\",\"logo\":{\"@type\":\"ImageObject\",\"inLanguage\":\"tr\",\"@id\":\"https:\\\/\\\/naturalpoland.com\\\/tr\\\/#\\\/schema\\\/logo\\\/image\\\/\",\"url\":\"https:\\\/\\\/naturalpoland.com\\\/wp-content\\\/uploads\\\/2021\\\/05\\\/natural-poland-icon.png\",\"contentUrl\":\"https:\\\/\\\/naturalpoland.com\\\/wp-content\\\/uploads\\\/2021\\\/05\\\/natural-poland-icon.png\",\"width\":512,\"height\":512,\"caption\":\"Natural Poland\"},\"image\":{\"@id\":\"https:\\\/\\\/naturalpoland.com\\\/tr\\\/#\\\/schema\\\/logo\\\/image\\\/\"},\"sameAs\":[\"https:\\\/\\\/www.facebook.com\\\/naturalpoland.b2b\",\"https:\\\/\\\/pl.linkedin.com\\\/company\\\/natural-poland\",\"https:\\\/\\\/www.youtube.com\\\/channel\\\/UCgeGGkvOMahZo-xu_MSEWxg\"]}]}<\/script>\n<!-- \/ Yoast SEO plugin. -->","yoast_head_json":{"title":"Bira Aromas\u0131 - Hurtowy Dystrybutor","description":"Bira aromas\u0131 y\u00fcksek s\u0131cakl\u0131klara dayan\u0131kl\u0131 olup, \u0131s\u0131l i\u015flem gerektiren proseslerde kullan\u0131labilir. \u0130yi bir stabiliteye sahiptir.","robots":{"index":"index","follow":"follow","max-snippet":"max-snippet:-1","max-image-preview":"max-image-preview:large","max-video-preview":"max-video-preview:-1"},"canonical":"https:\/\/naturalpoland.com\/tr\/urunler\/gida-hammaddeleri\/aromalar\/alkollu-aromalar\/bira-aromasi\/","og_locale":"tr_TR","og_type":"article","og_title":"Bira Aromas\u0131 - Hurtowy Dystrybutor","og_description":"Bira aromas\u0131 y\u00fcksek s\u0131cakl\u0131klara dayan\u0131kl\u0131 olup, \u0131s\u0131l i\u015flem gerektiren proseslerde kullan\u0131labilir. \u0130yi bir stabiliteye sahiptir.","og_url":"https:\/\/naturalpoland.com\/tr\/urunler\/gida-hammaddeleri\/aromalar\/alkollu-aromalar\/bira-aromasi\/","og_site_name":"NATURAL POLAND - Hurtowy Dystrybutor Surowc\u00f3w","article_publisher":"https:\/\/www.facebook.com\/naturalpoland.b2b","article_modified_time":"2026-03-24T13:58:17+00:00","og_image":[{"width":1024,"height":1024,"url":"https:\/\/naturalpoland.com\/wp-content\/uploads\/aromat-piwa.webp","type":"image\/webp"}],"schema":{"@context":"https:\/\/schema.org","@graph":[{"@type":"WebPage","@id":"https:\/\/naturalpoland.com\/tr\/urunler\/gida-hammaddeleri\/aromalar\/alkollu-aromalar\/bira-aromasi\/","url":"https:\/\/naturalpoland.com\/tr\/urunler\/gida-hammaddeleri\/aromalar\/alkollu-aromalar\/bira-aromasi\/","name":"Bira Aromas\u0131 - Hurtowy Dystrybutor","isPartOf":{"@id":"https:\/\/naturalpoland.com\/tr\/#website"},"primaryImageOfPage":{"@id":"https:\/\/naturalpoland.com\/tr\/urunler\/gida-hammaddeleri\/aromalar\/alkollu-aromalar\/bira-aromasi\/#primaryimage"},"image":{"@id":"https:\/\/naturalpoland.com\/tr\/urunler\/gida-hammaddeleri\/aromalar\/alkollu-aromalar\/bira-aromasi\/#primaryimage"},"thumbnailUrl":"https:\/\/naturalpoland.com\/wp-content\/uploads\/aromat-piwa.webp","datePublished":"2025-04-22T14:10:19+00:00","dateModified":"2026-03-24T13:58:17+00:00","description":"Bira aromas\u0131 y\u00fcksek s\u0131cakl\u0131klara dayan\u0131kl\u0131 olup, \u0131s\u0131l i\u015flem gerektiren proseslerde kullan\u0131labilir. \u0130yi bir stabiliteye sahiptir.","breadcrumb":{"@id":"https:\/\/naturalpoland.com\/tr\/urunler\/gida-hammaddeleri\/aromalar\/alkollu-aromalar\/bira-aromasi\/#breadcrumb"},"inLanguage":"tr","potentialAction":[{"@type":"ReadAction","target":["https:\/\/naturalpoland.com\/tr\/urunler\/gida-hammaddeleri\/aromalar\/alkollu-aromalar\/bira-aromasi\/"]}]},{"@type":"ImageObject","inLanguage":"tr","@id":"https:\/\/naturalpoland.com\/tr\/urunler\/gida-hammaddeleri\/aromalar\/alkollu-aromalar\/bira-aromasi\/#primaryimage","url":"https:\/\/naturalpoland.com\/wp-content\/uploads\/aromat-piwa.webp","contentUrl":"https:\/\/naturalpoland.com\/wp-content\/uploads\/aromat-piwa.webp","width":1024,"height":1024,"caption":"bira aromas\u0131"},{"@type":"BreadcrumbList","@id":"https:\/\/naturalpoland.com\/tr\/urunler\/gida-hammaddeleri\/aromalar\/alkollu-aromalar\/bira-aromasi\/#breadcrumb","itemListElement":[{"@type":"ListItem","position":1,"name":"Ana Sayfa","item":"https:\/\/naturalpoland.com\/tr\/"},{"@type":"ListItem","position":2,"name":"\u00dcr\u00fcnler","item":"https:\/\/naturalpoland.com\/tr\/urunler\/"},{"@type":"ListItem","position":3,"name":"Bira Aromas\u0131"}]},{"@type":"WebSite","@id":"https:\/\/naturalpoland.com\/tr\/#website","url":"https:\/\/naturalpoland.com\/tr\/","name":"NATURAL POLAND - Hurtowy Dystrybutor Surowc\u00f3w","description":"Surowce dla przemys\u0142u spo\u017cywczego, kosmetycznego i farmaceutycznego","publisher":{"@id":"https:\/\/naturalpoland.com\/tr\/#organization"},"potentialAction":[{"@type":"SearchAction","target":{"@type":"EntryPoint","urlTemplate":"https:\/\/naturalpoland.com\/tr\/?s={search_term_string}"},"query-input":{"@type":"PropertyValueSpecification","valueRequired":true,"valueName":"search_term_string"}}],"inLanguage":"tr"},{"@type":"Organization","@id":"https:\/\/naturalpoland.com\/tr\/#organization","name":"Natural Poland","url":"https:\/\/naturalpoland.com\/tr\/","logo":{"@type":"ImageObject","inLanguage":"tr","@id":"https:\/\/naturalpoland.com\/tr\/#\/schema\/logo\/image\/","url":"https:\/\/naturalpoland.com\/wp-content\/uploads\/2021\/05\/natural-poland-icon.png","contentUrl":"https:\/\/naturalpoland.com\/wp-content\/uploads\/2021\/05\/natural-poland-icon.png","width":512,"height":512,"caption":"Natural Poland"},"image":{"@id":"https:\/\/naturalpoland.com\/tr\/#\/schema\/logo\/image\/"},"sameAs":["https:\/\/www.facebook.com\/naturalpoland.b2b","https:\/\/pl.linkedin.com\/company\/natural-poland","https:\/\/www.youtube.com\/channel\/UCgeGGkvOMahZo-xu_MSEWxg"]}]}},"_links":{"self":[{"href":"https:\/\/naturalpoland.com\/tr\/wp-json\/wp\/v2\/product\/47107","targetHints":{"allow":["GET"]}}],"collection":[{"href":"https:\/\/naturalpoland.com\/tr\/wp-json\/wp\/v2\/product"}],"about":[{"href":"https:\/\/naturalpoland.com\/tr\/wp-json\/wp\/v2\/types\/product"}],"wp:featuredmedia":[{"embeddable":true,"href":"https:\/\/naturalpoland.com\/tr\/wp-json\/wp\/v2\/media\/47108"}],"wp:attachment":[{"href":"https:\/\/naturalpoland.com\/tr\/wp-json\/wp\/v2\/media?parent=47107"}],"wp:term":[{"taxonomy":"product_brand","embeddable":true,"href":"https:\/\/naturalpoland.com\/tr\/wp-json\/wp\/v2\/product_brand?post=47107"},{"taxonomy":"product_cat","embeddable":true,"href":"https:\/\/naturalpoland.com\/tr\/wp-json\/wp\/v2\/product_cat?post=47107"},{"taxonomy":"product_tag","embeddable":true,"href":"https:\/\/naturalpoland.com\/tr\/wp-json\/wp\/v2\/product_tag?post=47107"}],"curies":[{"name":"wp","href":"https:\/\/api.w.org\/{rel}","templated":true}]}}