{"id":47113,"date":"2025-04-22T15:50:27","date_gmt":"2025-04-22T13:50:27","guid":{"rendered":"https:\/\/naturalpoland.com\/produkty\/kategorilenmemis\/ahududu-aromasi\/"},"modified":"2026-03-24T14:58:43","modified_gmt":"2026-03-24T13:58:43","slug":"ahududu-aromasi","status":"publish","type":"product","link":"https:\/\/naturalpoland.com\/tr\/urunler\/gida-hammaddeleri\/aromalar\/meyve-aromalari\/ahududu-aromasi\/","title":{"rendered":"Ahududu Aromas\u0131"},"content":{"rendered":"<p data-start=\"397\" data-end=\"893\">Farkl\u0131 uygulama ihtiya\u00e7lar\u0131na uygun bir\u00e7ok ahududu aromas\u0131 \u00e7e\u015fidi mevcuttur.<\/p>\n<h2 data-start=\"397\" data-end=\"893\">S\u0131v\u0131 Ahududu Aromalar\u0131:<\/h2>\n<p class=\"\" data-start=\"397\" data-end=\"893\">Glikol bazl\u0131 s\u0131v\u0131 \u00e7e\u015fitler aras\u0131nda, ya\u011fl\u0131 k\u00fctlelerde, kremalarda, soslarda veya dondurmalarda kullan\u0131m i\u00e7in ideal, <strong>\u015furup karakterli<\/strong> yo\u011fun ahududu aromas\u0131 bulunmaktad\u0131r. Ayr\u0131ca, \u00fcr\u00fcnlere meyveli, ormanl\u0131k bir karakter veren, belirgin bir <strong>da\u011f \u00e7ile\u011fi notas\u0131na<\/strong> sahip ahududu \u00e7e\u015fidi de mevcuttur. <strong>Ahududu-kremal\u0131<\/strong> versiyonda, ahududunun sulu tad\u0131 narin, s\u00fctl\u00fc bir arka planla i\u00e7 i\u00e7e ge\u00e7er \u2013 s\u00fctl\u00fc tatl\u0131lar, yo\u011furtlar, s\u00fctl\u00fc i\u00e7ecekler ve s\u00fctl\u00fc-meyveli barlar i\u00e7in idealdir.  <\/p>\n<h2 data-start=\"397\" data-end=\"893\">Toz Ahududu Aromalar\u0131:<\/h2>\n<p class=\"\" data-start=\"895\" data-end=\"1252\">Toz ahududu aromalar\u0131, genellikle unlu mamullerde, dolgularda, kek kar\u0131\u015f\u0131mlar\u0131nda, toz i\u00e7eceklerde ve diyet takviyelerinde kullan\u0131lan <strong>klasik<\/strong> \u2013 tatl\u0131, sulu ve do\u011fal meyveli \u2013 versiyonda bulunur.<\/p>\n<p class=\"\" data-start=\"895\" data-end=\"1252\"><strong>Ahududu-hindistan cevizi<\/strong> versiyonu, egzotik ve meyveli notalar\u0131n benzersiz birle\u015fimidir ve yenilik\u00e7i tatl\u0131 form\u00fclasyonlar\u0131nda harika sonu\u00e7lar verir.<\/p>\n<p class=\"\" data-start=\"1254\" data-end=\"1608\">T\u00fcm bu \u00e7e\u015fitler y\u00fcksek s\u0131cakl\u0131klarda stabil kal\u0131r, bu da onlar\u0131 hem so\u011fuk uygulamalarda hem de pi\u015firme veya past\u00f6rizasyon i\u015flemlerinde evrensel ve kullan\u0131\u015fl\u0131 k\u0131lar. Geni\u015f duyusal profil yelpazesi sayesinde ahududu aromas\u0131, piyasadaki en \u00e7ok y\u00f6nl\u00fc ve de\u011ferli lezzet bile\u015fenlerinden biri olmaya devam etmektedir. <\/p>\n","protected":false},"excerpt":{"rendered":"<p>Ahududu aromas\u0131, g\u0131da end\u00fcstrisinde en \u00e7ok tercih edilen koku ve tatlardan biridir; sulu, tatl\u0131-ek\u015fi profili ve taze toplanm\u0131\u015f meyve notalar\u0131yla ili\u015fkilendirilir.<\/p>\n","protected":false},"featured_media":47114,"template":"","meta":{"_acf_changed":false},"product_brand":[],"product_cat":[9564],"product_tag":[],"class_list":{"0":"post-47113","1":"product","2":"type-product","3":"status-publish","4":"has-post-thumbnail","6":"product_cat-meyve-aromalari","8":"first","9":"instock","10":"shipping-taxable","11":"product-type-simple"},"acf":[],"yoast_head":"<!-- This site is optimized with the Yoast SEO plugin v27.5 - https:\/\/yoast.com\/product\/yoast-seo-wordpress\/ -->\n<title>Ahududu Aromas\u0131 - Hurtowy Dystrybutor<\/title>\n<meta name=\"description\" content=\"S\u0131v\u0131 ve toz ahududu aromas\u0131, piyasadaki en \u00e7ok y\u00f6nl\u00fc ve de\u011ferli lezzet bile\u015fenlerinden biridir.\" \/>\n<meta name=\"robots\" content=\"index, follow, max-snippet:-1, max-image-preview:large, max-video-preview:-1\" \/>\n<link rel=\"canonical\" href=\"https:\/\/naturalpoland.com\/tr\/urunler\/gida-hammaddeleri\/aromalar\/meyve-aromalari\/ahududu-aromasi\/\" \/>\n<meta property=\"og:locale\" content=\"tr_TR\" \/>\n<meta property=\"og:type\" content=\"article\" \/>\n<meta property=\"og:title\" content=\"Ahududu Aromas\u0131 - Hurtowy Dystrybutor\" \/>\n<meta property=\"og:description\" content=\"S\u0131v\u0131 ve toz ahududu aromas\u0131, piyasadaki en \u00e7ok y\u00f6nl\u00fc ve de\u011ferli lezzet bile\u015fenlerinden biridir.\" \/>\n<meta property=\"og:url\" content=\"https:\/\/naturalpoland.com\/tr\/urunler\/gida-hammaddeleri\/aromalar\/meyve-aromalari\/ahududu-aromasi\/\" \/>\n<meta property=\"og:site_name\" content=\"NATURAL POLAND - Hurtowy Dystrybutor Surowc\u00f3w\" \/>\n<meta property=\"article:publisher\" content=\"https:\/\/www.facebook.com\/naturalpoland.b2b\" \/>\n<meta property=\"article:modified_time\" content=\"2026-03-24T13:58:43+00:00\" \/>\n<meta property=\"og:image\" content=\"https:\/\/naturalpoland.com\/wp-content\/uploads\/aromat-malinowy.webp\" \/>\n\t<meta property=\"og:image:width\" content=\"1024\" \/>\n\t<meta property=\"og:image:height\" content=\"1024\" \/>\n\t<meta property=\"og:image:type\" content=\"image\/webp\" \/>\n<script type=\"application\/ld+json\" class=\"yoast-schema-graph\">{\"@context\":\"https:\\\/\\\/schema.org\",\"@graph\":[{\"@type\":\"WebPage\",\"@id\":\"https:\\\/\\\/naturalpoland.com\\\/tr\\\/urunler\\\/gida-hammaddeleri\\\/aromalar\\\/meyve-aromalari\\\/ahududu-aromasi\\\/\",\"url\":\"https:\\\/\\\/naturalpoland.com\\\/tr\\\/urunler\\\/gida-hammaddeleri\\\/aromalar\\\/meyve-aromalari\\\/ahududu-aromasi\\\/\",\"name\":\"Ahududu Aromas\u0131 - Hurtowy Dystrybutor\",\"isPartOf\":{\"@id\":\"https:\\\/\\\/naturalpoland.com\\\/tr\\\/#website\"},\"primaryImageOfPage\":{\"@id\":\"https:\\\/\\\/naturalpoland.com\\\/tr\\\/urunler\\\/gida-hammaddeleri\\\/aromalar\\\/meyve-aromalari\\\/ahududu-aromasi\\\/#primaryimage\"},\"image\":{\"@id\":\"https:\\\/\\\/naturalpoland.com\\\/tr\\\/urunler\\\/gida-hammaddeleri\\\/aromalar\\\/meyve-aromalari\\\/ahududu-aromasi\\\/#primaryimage\"},\"thumbnailUrl\":\"https:\\\/\\\/naturalpoland.com\\\/wp-content\\\/uploads\\\/aromat-malinowy.webp\",\"datePublished\":\"2025-04-22T13:50:27+00:00\",\"dateModified\":\"2026-03-24T13:58:43+00:00\",\"description\":\"S\u0131v\u0131 ve toz ahududu aromas\u0131, piyasadaki en \u00e7ok y\u00f6nl\u00fc ve de\u011ferli lezzet bile\u015fenlerinden biridir.\",\"breadcrumb\":{\"@id\":\"https:\\\/\\\/naturalpoland.com\\\/tr\\\/urunler\\\/gida-hammaddeleri\\\/aromalar\\\/meyve-aromalari\\\/ahududu-aromasi\\\/#breadcrumb\"},\"inLanguage\":\"tr\",\"potentialAction\":[{\"@type\":\"ReadAction\",\"target\":[\"https:\\\/\\\/naturalpoland.com\\\/tr\\\/urunler\\\/gida-hammaddeleri\\\/aromalar\\\/meyve-aromalari\\\/ahududu-aromasi\\\/\"]}]},{\"@type\":\"ImageObject\",\"inLanguage\":\"tr\",\"@id\":\"https:\\\/\\\/naturalpoland.com\\\/tr\\\/urunler\\\/gida-hammaddeleri\\\/aromalar\\\/meyve-aromalari\\\/ahududu-aromasi\\\/#primaryimage\",\"url\":\"https:\\\/\\\/naturalpoland.com\\\/wp-content\\\/uploads\\\/aromat-malinowy.webp\",\"contentUrl\":\"https:\\\/\\\/naturalpoland.com\\\/wp-content\\\/uploads\\\/aromat-malinowy.webp\",\"width\":1024,\"height\":1024,\"caption\":\"ahududu aromas\u0131\"},{\"@type\":\"BreadcrumbList\",\"@id\":\"https:\\\/\\\/naturalpoland.com\\\/tr\\\/urunler\\\/gida-hammaddeleri\\\/aromalar\\\/meyve-aromalari\\\/ahududu-aromasi\\\/#breadcrumb\",\"itemListElement\":[{\"@type\":\"ListItem\",\"position\":1,\"name\":\"Ana Sayfa\",\"item\":\"https:\\\/\\\/naturalpoland.com\\\/tr\\\/\"},{\"@type\":\"ListItem\",\"position\":2,\"name\":\"\u00dcr\u00fcnler\",\"item\":\"https:\\\/\\\/naturalpoland.com\\\/tr\\\/urunler\\\/\"},{\"@type\":\"ListItem\",\"position\":3,\"name\":\"Ahududu Aromas\u0131\"}]},{\"@type\":\"WebSite\",\"@id\":\"https:\\\/\\\/naturalpoland.com\\\/tr\\\/#website\",\"url\":\"https:\\\/\\\/naturalpoland.com\\\/tr\\\/\",\"name\":\"NATURAL POLAND - Hurtowy Dystrybutor Surowc\u00f3w\",\"description\":\"Surowce dla przemys\u0142u spo\u017cywczego, kosmetycznego i farmaceutycznego\",\"publisher\":{\"@id\":\"https:\\\/\\\/naturalpoland.com\\\/tr\\\/#organization\"},\"potentialAction\":[{\"@type\":\"SearchAction\",\"target\":{\"@type\":\"EntryPoint\",\"urlTemplate\":\"https:\\\/\\\/naturalpoland.com\\\/tr\\\/?s={search_term_string}\"},\"query-input\":{\"@type\":\"PropertyValueSpecification\",\"valueRequired\":true,\"valueName\":\"search_term_string\"}}],\"inLanguage\":\"tr\"},{\"@type\":\"Organization\",\"@id\":\"https:\\\/\\\/naturalpoland.com\\\/tr\\\/#organization\",\"name\":\"Natural Poland\",\"url\":\"https:\\\/\\\/naturalpoland.com\\\/tr\\\/\",\"logo\":{\"@type\":\"ImageObject\",\"inLanguage\":\"tr\",\"@id\":\"https:\\\/\\\/naturalpoland.com\\\/tr\\\/#\\\/schema\\\/logo\\\/image\\\/\",\"url\":\"https:\\\/\\\/naturalpoland.com\\\/wp-content\\\/uploads\\\/2021\\\/05\\\/natural-poland-icon.png\",\"contentUrl\":\"https:\\\/\\\/naturalpoland.com\\\/wp-content\\\/uploads\\\/2021\\\/05\\\/natural-poland-icon.png\",\"width\":512,\"height\":512,\"caption\":\"Natural Poland\"},\"image\":{\"@id\":\"https:\\\/\\\/naturalpoland.com\\\/tr\\\/#\\\/schema\\\/logo\\\/image\\\/\"},\"sameAs\":[\"https:\\\/\\\/www.facebook.com\\\/naturalpoland.b2b\",\"https:\\\/\\\/pl.linkedin.com\\\/company\\\/natural-poland\",\"https:\\\/\\\/www.youtube.com\\\/channel\\\/UCgeGGkvOMahZo-xu_MSEWxg\"]}]}<\/script>\n<!-- \/ Yoast SEO plugin. -->","yoast_head_json":{"title":"Ahududu Aromas\u0131 - Hurtowy Dystrybutor","description":"S\u0131v\u0131 ve toz ahududu aromas\u0131, piyasadaki en \u00e7ok y\u00f6nl\u00fc ve de\u011ferli lezzet bile\u015fenlerinden biridir.","robots":{"index":"index","follow":"follow","max-snippet":"max-snippet:-1","max-image-preview":"max-image-preview:large","max-video-preview":"max-video-preview:-1"},"canonical":"https:\/\/naturalpoland.com\/tr\/urunler\/gida-hammaddeleri\/aromalar\/meyve-aromalari\/ahududu-aromasi\/","og_locale":"tr_TR","og_type":"article","og_title":"Ahududu Aromas\u0131 - Hurtowy Dystrybutor","og_description":"S\u0131v\u0131 ve toz ahududu aromas\u0131, piyasadaki en \u00e7ok y\u00f6nl\u00fc ve de\u011ferli lezzet bile\u015fenlerinden biridir.","og_url":"https:\/\/naturalpoland.com\/tr\/urunler\/gida-hammaddeleri\/aromalar\/meyve-aromalari\/ahududu-aromasi\/","og_site_name":"NATURAL POLAND - Hurtowy Dystrybutor Surowc\u00f3w","article_publisher":"https:\/\/www.facebook.com\/naturalpoland.b2b","article_modified_time":"2026-03-24T13:58:43+00:00","og_image":[{"width":1024,"height":1024,"url":"https:\/\/naturalpoland.com\/wp-content\/uploads\/aromat-malinowy.webp","type":"image\/webp"}],"schema":{"@context":"https:\/\/schema.org","@graph":[{"@type":"WebPage","@id":"https:\/\/naturalpoland.com\/tr\/urunler\/gida-hammaddeleri\/aromalar\/meyve-aromalari\/ahududu-aromasi\/","url":"https:\/\/naturalpoland.com\/tr\/urunler\/gida-hammaddeleri\/aromalar\/meyve-aromalari\/ahududu-aromasi\/","name":"Ahududu Aromas\u0131 - Hurtowy Dystrybutor","isPartOf":{"@id":"https:\/\/naturalpoland.com\/tr\/#website"},"primaryImageOfPage":{"@id":"https:\/\/naturalpoland.com\/tr\/urunler\/gida-hammaddeleri\/aromalar\/meyve-aromalari\/ahududu-aromasi\/#primaryimage"},"image":{"@id":"https:\/\/naturalpoland.com\/tr\/urunler\/gida-hammaddeleri\/aromalar\/meyve-aromalari\/ahududu-aromasi\/#primaryimage"},"thumbnailUrl":"https:\/\/naturalpoland.com\/wp-content\/uploads\/aromat-malinowy.webp","datePublished":"2025-04-22T13:50:27+00:00","dateModified":"2026-03-24T13:58:43+00:00","description":"S\u0131v\u0131 ve toz ahududu aromas\u0131, piyasadaki en \u00e7ok y\u00f6nl\u00fc ve de\u011ferli lezzet bile\u015fenlerinden biridir.","breadcrumb":{"@id":"https:\/\/naturalpoland.com\/tr\/urunler\/gida-hammaddeleri\/aromalar\/meyve-aromalari\/ahududu-aromasi\/#breadcrumb"},"inLanguage":"tr","potentialAction":[{"@type":"ReadAction","target":["https:\/\/naturalpoland.com\/tr\/urunler\/gida-hammaddeleri\/aromalar\/meyve-aromalari\/ahududu-aromasi\/"]}]},{"@type":"ImageObject","inLanguage":"tr","@id":"https:\/\/naturalpoland.com\/tr\/urunler\/gida-hammaddeleri\/aromalar\/meyve-aromalari\/ahududu-aromasi\/#primaryimage","url":"https:\/\/naturalpoland.com\/wp-content\/uploads\/aromat-malinowy.webp","contentUrl":"https:\/\/naturalpoland.com\/wp-content\/uploads\/aromat-malinowy.webp","width":1024,"height":1024,"caption":"ahududu aromas\u0131"},{"@type":"BreadcrumbList","@id":"https:\/\/naturalpoland.com\/tr\/urunler\/gida-hammaddeleri\/aromalar\/meyve-aromalari\/ahududu-aromasi\/#breadcrumb","itemListElement":[{"@type":"ListItem","position":1,"name":"Ana Sayfa","item":"https:\/\/naturalpoland.com\/tr\/"},{"@type":"ListItem","position":2,"name":"\u00dcr\u00fcnler","item":"https:\/\/naturalpoland.com\/tr\/urunler\/"},{"@type":"ListItem","position":3,"name":"Ahududu Aromas\u0131"}]},{"@type":"WebSite","@id":"https:\/\/naturalpoland.com\/tr\/#website","url":"https:\/\/naturalpoland.com\/tr\/","name":"NATURAL POLAND - Hurtowy Dystrybutor Surowc\u00f3w","description":"Surowce dla przemys\u0142u spo\u017cywczego, kosmetycznego i farmaceutycznego","publisher":{"@id":"https:\/\/naturalpoland.com\/tr\/#organization"},"potentialAction":[{"@type":"SearchAction","target":{"@type":"EntryPoint","urlTemplate":"https:\/\/naturalpoland.com\/tr\/?s={search_term_string}"},"query-input":{"@type":"PropertyValueSpecification","valueRequired":true,"valueName":"search_term_string"}}],"inLanguage":"tr"},{"@type":"Organization","@id":"https:\/\/naturalpoland.com\/tr\/#organization","name":"Natural Poland","url":"https:\/\/naturalpoland.com\/tr\/","logo":{"@type":"ImageObject","inLanguage":"tr","@id":"https:\/\/naturalpoland.com\/tr\/#\/schema\/logo\/image\/","url":"https:\/\/naturalpoland.com\/wp-content\/uploads\/2021\/05\/natural-poland-icon.png","contentUrl":"https:\/\/naturalpoland.com\/wp-content\/uploads\/2021\/05\/natural-poland-icon.png","width":512,"height":512,"caption":"Natural Poland"},"image":{"@id":"https:\/\/naturalpoland.com\/tr\/#\/schema\/logo\/image\/"},"sameAs":["https:\/\/www.facebook.com\/naturalpoland.b2b","https:\/\/pl.linkedin.com\/company\/natural-poland","https:\/\/www.youtube.com\/channel\/UCgeGGkvOMahZo-xu_MSEWxg"]}]}},"_links":{"self":[{"href":"https:\/\/naturalpoland.com\/tr\/wp-json\/wp\/v2\/product\/47113","targetHints":{"allow":["GET"]}}],"collection":[{"href":"https:\/\/naturalpoland.com\/tr\/wp-json\/wp\/v2\/product"}],"about":[{"href":"https:\/\/naturalpoland.com\/tr\/wp-json\/wp\/v2\/types\/product"}],"wp:featuredmedia":[{"embeddable":true,"href":"https:\/\/naturalpoland.com\/tr\/wp-json\/wp\/v2\/media\/47114"}],"wp:attachment":[{"href":"https:\/\/naturalpoland.com\/tr\/wp-json\/wp\/v2\/media?parent=47113"}],"wp:term":[{"taxonomy":"product_brand","embeddable":true,"href":"https:\/\/naturalpoland.com\/tr\/wp-json\/wp\/v2\/product_brand?post=47113"},{"taxonomy":"product_cat","embeddable":true,"href":"https:\/\/naturalpoland.com\/tr\/wp-json\/wp\/v2\/product_cat?post=47113"},{"taxonomy":"product_tag","embeddable":true,"href":"https:\/\/naturalpoland.com\/tr\/wp-json\/wp\/v2\/product_tag?post=47113"}],"curies":[{"name":"wp","href":"https:\/\/api.w.org\/{rel}","templated":true}]}}