{"id":47119,"date":"2025-03-07T15:28:49","date_gmt":"2025-03-07T14:28:49","guid":{"rendered":"https:\/\/naturalpoland.com\/produkty\/kategorilenmemis\/dogal-kaynakli-boyalar\/"},"modified":"2026-03-24T14:59:07","modified_gmt":"2026-03-24T13:59:07","slug":"dogal-kaynakli-boyalar","status":"publish","type":"product","link":"https:\/\/naturalpoland.com\/tr\/urunler\/kozmetik-hammaddeleri\/kozmetik-boyalar\/dogal-kaynakli-boyalar\/","title":{"rendered":"Do\u011fal Kaynakl\u0131 Boyalar"},"content":{"rendered":"<h2>Do\u011fal Boyalar\u0131n \u00d6zellikleri<\/h2>\n<ul>\n<li>Bitkisel, mineral veya hayvansal k\u00f6kenlidirler<\/li>\n<li>Cilt i\u00e7in g\u00fcvenlidirler ve genellikle hipoalerjeniktirler<\/li>\n<li>Do\u011fal ve ekolojik kozmetiklerde kullan\u0131m i\u00e7in tasarlanm\u0131\u015flard\u0131r<\/li>\n<li>Renk bozulmas\u0131n\u0131 \u00f6nlemek i\u00e7in stabilizasyon gerektirebilirler<\/li>\n<li>Daha az yo\u011fun ancak do\u011fal tonlar sa\u011flarlar<\/li>\n<\/ul>\n<h2>Do\u011fal boya t\u00fcrleri:<\/h2>\n<p><strong>B\u0130TK\u0130SEL BOYALAR<\/strong><\/p>\n<p>Pop\u00fcler bir bitkisel boya, y\u00fcz kremlerinde ve cildi ayd\u0131nlat\u0131c\u0131 kozmetiklerde kullan\u0131lan Kurkumin&#8217;dir (C.I. 75300). Antosiyaninler (Beetroot Red, C.I. 752) ruj ve dudak parlat\u0131c\u0131lar\u0131nda ile all\u0131klarda bulunabilir. <strong><a href=\"https:\/\/naturalpoland.com\/tr\/urunler\/farmasotik-hammaddeler\/takviye-edici-gida-bilesenleri\/klorofilin-bakir-kompleksi\/\">Klorofil<\/a><\/strong> (C.I. 75810) ise \u015fampuanlarda, sabunlarda ve cilt bak\u0131m \u00fcr\u00fcnlerinde bulunabilir.  <\/p>\n<p><strong>M\u0130NERAL BOYALAR<\/strong><\/p>\n<p>Mineral boyalar aras\u0131nda fond\u00f6ten, BB kremleri ve g\u00fcne\u015f koruyucularda kullan\u0131lan Titanyum Dioksit (C.I. 77891) ile y\u00fcz kozmetiklerinde, g\u00f6z farlar\u0131nda ve bronzerlarda kullan\u0131lan Demir Oksitler (C.I. 77491, 77492, 77499) say\u0131labilir.<\/p>\n<p><strong>HAYVANSAL BOYALAR<\/strong><\/p>\n<p>Ko\u015fenil Karmini (C.I. 75470), rujlarda, dudak parlat\u0131c\u0131lar\u0131nda ve all\u0131klarda kullan\u0131lan hayvansal k\u00f6kenli bir boyad\u0131r.<\/p>\n","protected":false},"excerpt":{"rendered":"<p>Do\u011fal kaynakl\u0131 boyalar, bitkilerden, minerallerden veya hayvansal organizmalardan elde edilir. \u00d6zellikle ekolojik ve organik \u00fcr\u00fcnlerde sentetik boyalara alternatif olu\u015ftururlar. <\/p>\n","protected":false},"featured_media":47120,"template":"","meta":{"_acf_changed":false},"product_brand":[],"product_cat":[9544],"product_tag":[],"class_list":{"0":"post-47119","1":"product","2":"type-product","3":"status-publish","4":"has-post-thumbnail","6":"product_cat-kozmetik-boyalar","8":"first","9":"instock","10":"shipping-taxable","11":"product-type-simple"},"acf":[],"yoast_head":"<!-- This site is optimized with the Yoast SEO plugin v27.6 - https:\/\/yoast.com\/product\/yoast-seo-wordpress\/ -->\n<title>Do\u011fal Kaynakl\u0131 Boyalar - Hurtowy Dystrybutor<\/title>\n<meta name=\"description\" content=\"Do\u011fal kaynakl\u0131 boyalar, ekolojik kozmetikte pop\u00fclerdir. Daha az yo\u011fun ancak do\u011fal tonlar sa\u011flarlar.\" \/>\n<meta name=\"robots\" content=\"index, follow, max-snippet:-1, max-image-preview:large, max-video-preview:-1\" \/>\n<link rel=\"canonical\" href=\"https:\/\/naturalpoland.com\/tr\/urunler\/kozmetik-hammaddeleri\/kozmetik-boyalar\/dogal-kaynakli-boyalar\/\" \/>\n<meta property=\"og:locale\" content=\"tr_TR\" \/>\n<meta property=\"og:type\" content=\"article\" \/>\n<meta property=\"og:title\" content=\"Do\u011fal Kaynakl\u0131 Boyalar - Hurtowy Dystrybutor\" \/>\n<meta property=\"og:description\" content=\"Do\u011fal kaynakl\u0131 boyalar, ekolojik kozmetikte pop\u00fclerdir. Daha az yo\u011fun ancak do\u011fal tonlar sa\u011flarlar.\" \/>\n<meta property=\"og:url\" content=\"https:\/\/naturalpoland.com\/tr\/urunler\/kozmetik-hammaddeleri\/kozmetik-boyalar\/dogal-kaynakli-boyalar\/\" \/>\n<meta property=\"og:site_name\" content=\"NATURAL POLAND - Hurtowy Dystrybutor Surowc\u00f3w\" \/>\n<meta property=\"article:publisher\" content=\"https:\/\/www.facebook.com\/naturalpoland.b2b\" \/>\n<meta property=\"article:modified_time\" content=\"2026-03-24T13:59:07+00:00\" \/>\n<meta property=\"og:image\" content=\"https:\/\/naturalpoland.com\/wp-content\/uploads\/barwniki-pochodzenia-naturalnego.webp\" \/>\n\t<meta property=\"og:image:width\" content=\"821\" \/>\n\t<meta property=\"og:image:height\" content=\"821\" \/>\n\t<meta property=\"og:image:type\" content=\"image\/webp\" \/>\n<script type=\"application\/ld+json\" class=\"yoast-schema-graph\">{\"@context\":\"https:\\\/\\\/schema.org\",\"@graph\":[{\"@type\":\"WebPage\",\"@id\":\"https:\\\/\\\/naturalpoland.com\\\/tr\\\/urunler\\\/kozmetik-hammaddeleri\\\/kozmetik-boyalar\\\/dogal-kaynakli-boyalar\\\/\",\"url\":\"https:\\\/\\\/naturalpoland.com\\\/tr\\\/urunler\\\/kozmetik-hammaddeleri\\\/kozmetik-boyalar\\\/dogal-kaynakli-boyalar\\\/\",\"name\":\"Do\u011fal Kaynakl\u0131 Boyalar - Hurtowy Dystrybutor\",\"isPartOf\":{\"@id\":\"https:\\\/\\\/naturalpoland.com\\\/tr\\\/#website\"},\"primaryImageOfPage\":{\"@id\":\"https:\\\/\\\/naturalpoland.com\\\/tr\\\/urunler\\\/kozmetik-hammaddeleri\\\/kozmetik-boyalar\\\/dogal-kaynakli-boyalar\\\/#primaryimage\"},\"image\":{\"@id\":\"https:\\\/\\\/naturalpoland.com\\\/tr\\\/urunler\\\/kozmetik-hammaddeleri\\\/kozmetik-boyalar\\\/dogal-kaynakli-boyalar\\\/#primaryimage\"},\"thumbnailUrl\":\"https:\\\/\\\/naturalpoland.com\\\/wp-content\\\/uploads\\\/barwniki-pochodzenia-naturalnego.webp\",\"datePublished\":\"2025-03-07T14:28:49+00:00\",\"dateModified\":\"2026-03-24T13:59:07+00:00\",\"description\":\"Do\u011fal kaynakl\u0131 boyalar, ekolojik kozmetikte pop\u00fclerdir. Daha az yo\u011fun ancak do\u011fal tonlar sa\u011flarlar.\",\"breadcrumb\":{\"@id\":\"https:\\\/\\\/naturalpoland.com\\\/tr\\\/urunler\\\/kozmetik-hammaddeleri\\\/kozmetik-boyalar\\\/dogal-kaynakli-boyalar\\\/#breadcrumb\"},\"inLanguage\":\"tr\",\"potentialAction\":[{\"@type\":\"ReadAction\",\"target\":[\"https:\\\/\\\/naturalpoland.com\\\/tr\\\/urunler\\\/kozmetik-hammaddeleri\\\/kozmetik-boyalar\\\/dogal-kaynakli-boyalar\\\/\"]}]},{\"@type\":\"ImageObject\",\"inLanguage\":\"tr\",\"@id\":\"https:\\\/\\\/naturalpoland.com\\\/tr\\\/urunler\\\/kozmetik-hammaddeleri\\\/kozmetik-boyalar\\\/dogal-kaynakli-boyalar\\\/#primaryimage\",\"url\":\"https:\\\/\\\/naturalpoland.com\\\/wp-content\\\/uploads\\\/barwniki-pochodzenia-naturalnego.webp\",\"contentUrl\":\"https:\\\/\\\/naturalpoland.com\\\/wp-content\\\/uploads\\\/barwniki-pochodzenia-naturalnego.webp\",\"width\":821,\"height\":821,\"caption\":\"Do\u011fal Kaynakl\u0131 Boyalar\"},{\"@type\":\"BreadcrumbList\",\"@id\":\"https:\\\/\\\/naturalpoland.com\\\/tr\\\/urunler\\\/kozmetik-hammaddeleri\\\/kozmetik-boyalar\\\/dogal-kaynakli-boyalar\\\/#breadcrumb\",\"itemListElement\":[{\"@type\":\"ListItem\",\"position\":1,\"name\":\"Ana Sayfa\",\"item\":\"https:\\\/\\\/naturalpoland.com\\\/tr\\\/\"},{\"@type\":\"ListItem\",\"position\":2,\"name\":\"\u00dcr\u00fcnler\",\"item\":\"https:\\\/\\\/naturalpoland.com\\\/tr\\\/urunler\\\/\"},{\"@type\":\"ListItem\",\"position\":3,\"name\":\"Do\u011fal Kaynakl\u0131 Boyalar\"}]},{\"@type\":\"WebSite\",\"@id\":\"https:\\\/\\\/naturalpoland.com\\\/tr\\\/#website\",\"url\":\"https:\\\/\\\/naturalpoland.com\\\/tr\\\/\",\"name\":\"NATURAL POLAND - Hurtowy Dystrybutor Surowc\u00f3w\",\"description\":\"Surowce dla przemys\u0142u spo\u017cywczego, kosmetycznego i farmaceutycznego\",\"publisher\":{\"@id\":\"https:\\\/\\\/naturalpoland.com\\\/tr\\\/#organization\"},\"potentialAction\":[{\"@type\":\"SearchAction\",\"target\":{\"@type\":\"EntryPoint\",\"urlTemplate\":\"https:\\\/\\\/naturalpoland.com\\\/tr\\\/?s={search_term_string}\"},\"query-input\":{\"@type\":\"PropertyValueSpecification\",\"valueRequired\":true,\"valueName\":\"search_term_string\"}}],\"inLanguage\":\"tr\"},{\"@type\":\"Organization\",\"@id\":\"https:\\\/\\\/naturalpoland.com\\\/tr\\\/#organization\",\"name\":\"Natural Poland\",\"url\":\"https:\\\/\\\/naturalpoland.com\\\/tr\\\/\",\"logo\":{\"@type\":\"ImageObject\",\"inLanguage\":\"tr\",\"@id\":\"https:\\\/\\\/naturalpoland.com\\\/tr\\\/#\\\/schema\\\/logo\\\/image\\\/\",\"url\":\"https:\\\/\\\/naturalpoland.com\\\/wp-content\\\/uploads\\\/2021\\\/05\\\/natural-poland-icon.png\",\"contentUrl\":\"https:\\\/\\\/naturalpoland.com\\\/wp-content\\\/uploads\\\/2021\\\/05\\\/natural-poland-icon.png\",\"width\":512,\"height\":512,\"caption\":\"Natural Poland\"},\"image\":{\"@id\":\"https:\\\/\\\/naturalpoland.com\\\/tr\\\/#\\\/schema\\\/logo\\\/image\\\/\"},\"sameAs\":[\"https:\\\/\\\/www.facebook.com\\\/naturalpoland.b2b\",\"https:\\\/\\\/pl.linkedin.com\\\/company\\\/natural-poland\",\"https:\\\/\\\/www.youtube.com\\\/channel\\\/UCgeGGkvOMahZo-xu_MSEWxg\"]}]}<\/script>\n<!-- \/ Yoast SEO plugin. -->","yoast_head_json":{"title":"Do\u011fal Kaynakl\u0131 Boyalar - Hurtowy Dystrybutor","description":"Do\u011fal kaynakl\u0131 boyalar, ekolojik kozmetikte pop\u00fclerdir. Daha az yo\u011fun ancak do\u011fal tonlar sa\u011flarlar.","robots":{"index":"index","follow":"follow","max-snippet":"max-snippet:-1","max-image-preview":"max-image-preview:large","max-video-preview":"max-video-preview:-1"},"canonical":"https:\/\/naturalpoland.com\/tr\/urunler\/kozmetik-hammaddeleri\/kozmetik-boyalar\/dogal-kaynakli-boyalar\/","og_locale":"tr_TR","og_type":"article","og_title":"Do\u011fal Kaynakl\u0131 Boyalar - Hurtowy Dystrybutor","og_description":"Do\u011fal kaynakl\u0131 boyalar, ekolojik kozmetikte pop\u00fclerdir. Daha az yo\u011fun ancak do\u011fal tonlar sa\u011flarlar.","og_url":"https:\/\/naturalpoland.com\/tr\/urunler\/kozmetik-hammaddeleri\/kozmetik-boyalar\/dogal-kaynakli-boyalar\/","og_site_name":"NATURAL POLAND - Hurtowy Dystrybutor Surowc\u00f3w","article_publisher":"https:\/\/www.facebook.com\/naturalpoland.b2b","article_modified_time":"2026-03-24T13:59:07+00:00","og_image":[{"width":821,"height":821,"url":"https:\/\/naturalpoland.com\/wp-content\/uploads\/barwniki-pochodzenia-naturalnego.webp","type":"image\/webp"}],"schema":{"@context":"https:\/\/schema.org","@graph":[{"@type":"WebPage","@id":"https:\/\/naturalpoland.com\/tr\/urunler\/kozmetik-hammaddeleri\/kozmetik-boyalar\/dogal-kaynakli-boyalar\/","url":"https:\/\/naturalpoland.com\/tr\/urunler\/kozmetik-hammaddeleri\/kozmetik-boyalar\/dogal-kaynakli-boyalar\/","name":"Do\u011fal Kaynakl\u0131 Boyalar - Hurtowy Dystrybutor","isPartOf":{"@id":"https:\/\/naturalpoland.com\/tr\/#website"},"primaryImageOfPage":{"@id":"https:\/\/naturalpoland.com\/tr\/urunler\/kozmetik-hammaddeleri\/kozmetik-boyalar\/dogal-kaynakli-boyalar\/#primaryimage"},"image":{"@id":"https:\/\/naturalpoland.com\/tr\/urunler\/kozmetik-hammaddeleri\/kozmetik-boyalar\/dogal-kaynakli-boyalar\/#primaryimage"},"thumbnailUrl":"https:\/\/naturalpoland.com\/wp-content\/uploads\/barwniki-pochodzenia-naturalnego.webp","datePublished":"2025-03-07T14:28:49+00:00","dateModified":"2026-03-24T13:59:07+00:00","description":"Do\u011fal kaynakl\u0131 boyalar, ekolojik kozmetikte pop\u00fclerdir. Daha az yo\u011fun ancak do\u011fal tonlar sa\u011flarlar.","breadcrumb":{"@id":"https:\/\/naturalpoland.com\/tr\/urunler\/kozmetik-hammaddeleri\/kozmetik-boyalar\/dogal-kaynakli-boyalar\/#breadcrumb"},"inLanguage":"tr","potentialAction":[{"@type":"ReadAction","target":["https:\/\/naturalpoland.com\/tr\/urunler\/kozmetik-hammaddeleri\/kozmetik-boyalar\/dogal-kaynakli-boyalar\/"]}]},{"@type":"ImageObject","inLanguage":"tr","@id":"https:\/\/naturalpoland.com\/tr\/urunler\/kozmetik-hammaddeleri\/kozmetik-boyalar\/dogal-kaynakli-boyalar\/#primaryimage","url":"https:\/\/naturalpoland.com\/wp-content\/uploads\/barwniki-pochodzenia-naturalnego.webp","contentUrl":"https:\/\/naturalpoland.com\/wp-content\/uploads\/barwniki-pochodzenia-naturalnego.webp","width":821,"height":821,"caption":"Do\u011fal Kaynakl\u0131 Boyalar"},{"@type":"BreadcrumbList","@id":"https:\/\/naturalpoland.com\/tr\/urunler\/kozmetik-hammaddeleri\/kozmetik-boyalar\/dogal-kaynakli-boyalar\/#breadcrumb","itemListElement":[{"@type":"ListItem","position":1,"name":"Ana Sayfa","item":"https:\/\/naturalpoland.com\/tr\/"},{"@type":"ListItem","position":2,"name":"\u00dcr\u00fcnler","item":"https:\/\/naturalpoland.com\/tr\/urunler\/"},{"@type":"ListItem","position":3,"name":"Do\u011fal Kaynakl\u0131 Boyalar"}]},{"@type":"WebSite","@id":"https:\/\/naturalpoland.com\/tr\/#website","url":"https:\/\/naturalpoland.com\/tr\/","name":"NATURAL POLAND - Hurtowy Dystrybutor Surowc\u00f3w","description":"Surowce dla przemys\u0142u spo\u017cywczego, kosmetycznego i farmaceutycznego","publisher":{"@id":"https:\/\/naturalpoland.com\/tr\/#organization"},"potentialAction":[{"@type":"SearchAction","target":{"@type":"EntryPoint","urlTemplate":"https:\/\/naturalpoland.com\/tr\/?s={search_term_string}"},"query-input":{"@type":"PropertyValueSpecification","valueRequired":true,"valueName":"search_term_string"}}],"inLanguage":"tr"},{"@type":"Organization","@id":"https:\/\/naturalpoland.com\/tr\/#organization","name":"Natural Poland","url":"https:\/\/naturalpoland.com\/tr\/","logo":{"@type":"ImageObject","inLanguage":"tr","@id":"https:\/\/naturalpoland.com\/tr\/#\/schema\/logo\/image\/","url":"https:\/\/naturalpoland.com\/wp-content\/uploads\/2021\/05\/natural-poland-icon.png","contentUrl":"https:\/\/naturalpoland.com\/wp-content\/uploads\/2021\/05\/natural-poland-icon.png","width":512,"height":512,"caption":"Natural Poland"},"image":{"@id":"https:\/\/naturalpoland.com\/tr\/#\/schema\/logo\/image\/"},"sameAs":["https:\/\/www.facebook.com\/naturalpoland.b2b","https:\/\/pl.linkedin.com\/company\/natural-poland","https:\/\/www.youtube.com\/channel\/UCgeGGkvOMahZo-xu_MSEWxg"]}]}},"_links":{"self":[{"href":"https:\/\/naturalpoland.com\/tr\/wp-json\/wp\/v2\/product\/47119","targetHints":{"allow":["GET"]}}],"collection":[{"href":"https:\/\/naturalpoland.com\/tr\/wp-json\/wp\/v2\/product"}],"about":[{"href":"https:\/\/naturalpoland.com\/tr\/wp-json\/wp\/v2\/types\/product"}],"wp:featuredmedia":[{"embeddable":true,"href":"https:\/\/naturalpoland.com\/tr\/wp-json\/wp\/v2\/media\/47120"}],"wp:attachment":[{"href":"https:\/\/naturalpoland.com\/tr\/wp-json\/wp\/v2\/media?parent=47119"}],"wp:term":[{"taxonomy":"product_brand","embeddable":true,"href":"https:\/\/naturalpoland.com\/tr\/wp-json\/wp\/v2\/product_brand?post=47119"},{"taxonomy":"product_cat","embeddable":true,"href":"https:\/\/naturalpoland.com\/tr\/wp-json\/wp\/v2\/product_cat?post=47119"},{"taxonomy":"product_tag","embeddable":true,"href":"https:\/\/naturalpoland.com\/tr\/wp-json\/wp\/v2\/product_tag?post=47119"}],"curies":[{"name":"wp","href":"https:\/\/api.w.org\/{rel}","templated":true}]}}