{"id":47123,"date":"2025-04-22T15:57:22","date_gmt":"2025-04-22T13:57:22","guid":{"rendered":"https:\/\/naturalpoland.com\/produkty\/kategorilenmemis\/elma-aromasi\/"},"modified":"2026-03-24T14:59:28","modified_gmt":"2026-03-24T13:59:28","slug":"elma-aromasi","status":"publish","type":"product","link":"https:\/\/naturalpoland.com\/tr\/urunler\/gida-hammaddeleri\/aromalar\/meyve-aromalari\/elma-aromasi\/","title":{"rendered":"Elma aromas\u0131"},"content":{"rendered":"<p>\u00dcr\u00fcn yelpazesinde hem s\u0131v\u0131 hem de toz varyantlar bulunmaktad\u0131r ve bunlar duyusal profil ve ta\u015f\u0131y\u0131c\u0131 a\u00e7\u0131s\u0131ndan farkl\u0131l\u0131k g\u00f6sterir:<\/p>\n<h2>S\u0131v\u0131 elma aromalar\u0131:<\/h2>\n<p class=\"\" data-start=\"497\" data-end=\"1000\"><strong data-start=\"503\" data-end=\"557\">Glikol bazl\u0131 s\u0131v\u0131 elma aromalar\u0131<\/strong> aras\u0131nda birka\u00e7 benzersiz profil \u00f6ne \u00e7\u0131kmaktad\u0131r. Klasik <strong data-start=\"607\" data-end=\"626\">tatl\u0131 elma<\/strong>, olgun elman\u0131n do\u011fal, sulu tad\u0131n\u0131 yans\u0131t\u0131r ve dolgularda, keklerde, bisk\u00fcvilerde, jelatinli \u015fekerlemelerde veya meyve barlar\u0131nda kullan\u0131m i\u00e7in idealdir. <strong data-start=\"783\" data-end=\"803\">Ye\u015fil elma<\/strong> versiyonu, belirgin, ek\u015fi-tatl\u0131, taze bir profil sunar; kabuk notas\u0131 ve karakteristik &#8220;\u00e7\u0131t\u0131r&#8221; vurgusu hissedilir \u2013 i\u00e7ecekler, sak\u0131zlar, \u015fekerlemeler ve ferahlat\u0131c\u0131 tatl\u0131lar i\u00e7in m\u00fckemmel bir se\u00e7imdir.  <\/p>\n<p class=\"\" data-start=\"1002\" data-end=\"1316\">Tatl\u0131 ve f\u0131r\u0131n \u00fcr\u00fcnleri \u00fcreticileri i\u00e7in <strong data-start=\"1064\" data-end=\"1091\">kavrulmu\u015f elma aromas\u0131<\/strong> \u00f6nerilir; bu aroma, baharatl\u0131 pi\u015fmi\u015f elman\u0131n karakterini m\u00fckemmel \u015fekilde yans\u0131t\u0131r \u2013 ince karamelizasyon vurgusu ve klasik elmal\u0131 turtay\u0131 an\u0131msatan s\u0131cak bir nota ile. Kekler, gevrek hamur i\u015fleri ve s\u00fctl\u00fc tatl\u0131lar i\u00e7in m\u00fckemmel bir \u00e7\u00f6z\u00fcmd\u00fcr. <\/p>\n<p class=\"\" data-start=\"1318\" data-end=\"1592\">Ayr\u0131ca <strong data-start=\"1345\" data-end=\"1370\">armut notal\u0131 elma<\/strong> versiyonu da mevcuttur; bu versiyon elman\u0131n sululu\u011funu hafif ball\u0131, kremsi armut arka plan\u0131 ile birle\u015ftirir. Bu varyant \u015fekerleme \u00fcr\u00fcnleri, yo\u011furtlar ve s\u00fct kokteylleri ile iyi uyum sa\u011flar ve onlara daha yumu\u015fak, daha tatl\u0131 bir karakter kazand\u0131r\u0131r. <\/p>\n<h2 data-start=\"1318\" data-end=\"1592\">Toz elma aromalar\u0131:<\/h2>\n<p class=\"\" data-start=\"1594\" data-end=\"1994\"><strong data-start=\"1600\" data-end=\"1635\">Toz elma aromalar\u0131<\/strong> aras\u0131nda, haz\u0131r \u00fcr\u00fcnler, dolgular, lapalar, m\u00fcsli ve takviye g\u0131dalara y\u00f6nelik klasik <strong data-start=\"1667\" data-end=\"1687\">tatl\u0131 elma<\/strong> profili bulunabilir. <strong data-start=\"1775\" data-end=\"1797\">Tar\u00e7\u0131nl\u0131 elma<\/strong> versiyonu, ev yap\u0131m\u0131 kompostonun veya elmal\u0131 hamur i\u015finin tad\u0131n\u0131 m\u00fckemmel \u015fekilde yans\u0131t\u0131r \u2013 dengeli, do\u011fal tar\u00e7\u0131n ve elma notas\u0131 ile. Bu varyant mevsimlik g\u0131da \u00fcr\u00fcnleri ve i\u00e7eceklerde harika sonu\u00e7 verir.  <\/p>\n<p class=\"\" data-start=\"1996\" data-end=\"2275\">Ayr\u0131ca belirgin ek\u015fi, taze profile sahip <strong data-start=\"2016\" data-end=\"2053\">toz ye\u015fil elma aromas\u0131<\/strong> da mevcuttur; bu aroma emme tabletlerinde, fonksiyonel i\u00e7eceklerde veya gazl\u0131 i\u00e7eceklerde kullan\u0131labilir. Karakteristik &#8220;ye\u015fil elma&#8221; notas\u0131 \u00fcr\u00fcnlere enerji ve gen\u00e7 bir karakter kazand\u0131r\u0131r. <\/p>\n","protected":false},"excerpt":{"rendered":"<p><strong>Elma aromas\u0131<\/strong>, piyasada mevcut en \u00e7e\u015fitli meyve aromalar\u0131ndan biridir ve bu sayede \u00fcr\u00fcn\u00fcn karakterine kolayca uyum sa\u011flar.<\/p>\n","protected":false},"featured_media":47124,"template":"","meta":{"_acf_changed":false},"product_brand":[],"product_cat":[9564],"product_tag":[],"class_list":{"0":"post-47123","1":"product","2":"type-product","3":"status-publish","4":"has-post-thumbnail","6":"product_cat-meyve-aromalari","8":"first","9":"instock","10":"shipping-taxable","11":"product-type-simple"},"acf":[],"yoast_head":"<!-- This site is optimized with the Yoast SEO plugin v27.5 - https:\/\/yoast.com\/product\/yoast-seo-wordpress\/ -->\n<title>Elma aromas\u0131 - Hurtowy Dystrybutor<\/title>\n<meta name=\"description\" content=\"Elma aromas\u0131, piyasada mevcut en \u00e7e\u015fitli meyve aromalar\u0131ndan biridir ve bu sayede \u00fcr\u00fcn\u00fcn karakterine kolayca uyum sa\u011flar\" \/>\n<meta name=\"robots\" content=\"index, follow, max-snippet:-1, max-image-preview:large, max-video-preview:-1\" \/>\n<link rel=\"canonical\" href=\"https:\/\/naturalpoland.com\/tr\/urunler\/gida-hammaddeleri\/aromalar\/meyve-aromalari\/elma-aromasi\/\" \/>\n<meta property=\"og:locale\" content=\"tr_TR\" \/>\n<meta property=\"og:type\" content=\"article\" \/>\n<meta property=\"og:title\" content=\"Elma aromas\u0131 - Hurtowy Dystrybutor\" \/>\n<meta property=\"og:description\" content=\"Elma aromas\u0131, piyasada mevcut en \u00e7e\u015fitli meyve aromalar\u0131ndan biridir ve bu sayede \u00fcr\u00fcn\u00fcn karakterine kolayca uyum sa\u011flar\" \/>\n<meta property=\"og:url\" content=\"https:\/\/naturalpoland.com\/tr\/urunler\/gida-hammaddeleri\/aromalar\/meyve-aromalari\/elma-aromasi\/\" \/>\n<meta property=\"og:site_name\" content=\"NATURAL POLAND - Hurtowy Dystrybutor Surowc\u00f3w\" \/>\n<meta property=\"article:publisher\" content=\"https:\/\/www.facebook.com\/naturalpoland.b2b\" \/>\n<meta property=\"article:modified_time\" content=\"2026-03-24T13:59:28+00:00\" \/>\n<meta property=\"og:image\" content=\"https:\/\/naturalpoland.com\/wp-content\/uploads\/aromat-jablkowy.webp\" \/>\n\t<meta property=\"og:image:width\" content=\"1024\" \/>\n\t<meta property=\"og:image:height\" content=\"1024\" \/>\n\t<meta property=\"og:image:type\" content=\"image\/webp\" \/>\n<script type=\"application\/ld+json\" class=\"yoast-schema-graph\">{\"@context\":\"https:\\\/\\\/schema.org\",\"@graph\":[{\"@type\":\"WebPage\",\"@id\":\"https:\\\/\\\/naturalpoland.com\\\/tr\\\/urunler\\\/gida-hammaddeleri\\\/aromalar\\\/meyve-aromalari\\\/elma-aromasi\\\/\",\"url\":\"https:\\\/\\\/naturalpoland.com\\\/tr\\\/urunler\\\/gida-hammaddeleri\\\/aromalar\\\/meyve-aromalari\\\/elma-aromasi\\\/\",\"name\":\"Elma aromas\u0131 - Hurtowy Dystrybutor\",\"isPartOf\":{\"@id\":\"https:\\\/\\\/naturalpoland.com\\\/tr\\\/#website\"},\"primaryImageOfPage\":{\"@id\":\"https:\\\/\\\/naturalpoland.com\\\/tr\\\/urunler\\\/gida-hammaddeleri\\\/aromalar\\\/meyve-aromalari\\\/elma-aromasi\\\/#primaryimage\"},\"image\":{\"@id\":\"https:\\\/\\\/naturalpoland.com\\\/tr\\\/urunler\\\/gida-hammaddeleri\\\/aromalar\\\/meyve-aromalari\\\/elma-aromasi\\\/#primaryimage\"},\"thumbnailUrl\":\"https:\\\/\\\/naturalpoland.com\\\/wp-content\\\/uploads\\\/aromat-jablkowy.webp\",\"datePublished\":\"2025-04-22T13:57:22+00:00\",\"dateModified\":\"2026-03-24T13:59:28+00:00\",\"description\":\"Elma aromas\u0131, piyasada mevcut en \u00e7e\u015fitli meyve aromalar\u0131ndan biridir ve bu sayede \u00fcr\u00fcn\u00fcn karakterine kolayca uyum sa\u011flar\",\"breadcrumb\":{\"@id\":\"https:\\\/\\\/naturalpoland.com\\\/tr\\\/urunler\\\/gida-hammaddeleri\\\/aromalar\\\/meyve-aromalari\\\/elma-aromasi\\\/#breadcrumb\"},\"inLanguage\":\"tr\",\"potentialAction\":[{\"@type\":\"ReadAction\",\"target\":[\"https:\\\/\\\/naturalpoland.com\\\/tr\\\/urunler\\\/gida-hammaddeleri\\\/aromalar\\\/meyve-aromalari\\\/elma-aromasi\\\/\"]}]},{\"@type\":\"ImageObject\",\"inLanguage\":\"tr\",\"@id\":\"https:\\\/\\\/naturalpoland.com\\\/tr\\\/urunler\\\/gida-hammaddeleri\\\/aromalar\\\/meyve-aromalari\\\/elma-aromasi\\\/#primaryimage\",\"url\":\"https:\\\/\\\/naturalpoland.com\\\/wp-content\\\/uploads\\\/aromat-jablkowy.webp\",\"contentUrl\":\"https:\\\/\\\/naturalpoland.com\\\/wp-content\\\/uploads\\\/aromat-jablkowy.webp\",\"width\":1024,\"height\":1024,\"caption\":\"elma aromas\u0131\"},{\"@type\":\"BreadcrumbList\",\"@id\":\"https:\\\/\\\/naturalpoland.com\\\/tr\\\/urunler\\\/gida-hammaddeleri\\\/aromalar\\\/meyve-aromalari\\\/elma-aromasi\\\/#breadcrumb\",\"itemListElement\":[{\"@type\":\"ListItem\",\"position\":1,\"name\":\"Ana Sayfa\",\"item\":\"https:\\\/\\\/naturalpoland.com\\\/tr\\\/\"},{\"@type\":\"ListItem\",\"position\":2,\"name\":\"\u00dcr\u00fcnler\",\"item\":\"https:\\\/\\\/naturalpoland.com\\\/tr\\\/urunler\\\/\"},{\"@type\":\"ListItem\",\"position\":3,\"name\":\"Elma aromas\u0131\"}]},{\"@type\":\"WebSite\",\"@id\":\"https:\\\/\\\/naturalpoland.com\\\/tr\\\/#website\",\"url\":\"https:\\\/\\\/naturalpoland.com\\\/tr\\\/\",\"name\":\"NATURAL POLAND - Hurtowy Dystrybutor Surowc\u00f3w\",\"description\":\"Surowce dla przemys\u0142u spo\u017cywczego, kosmetycznego i farmaceutycznego\",\"publisher\":{\"@id\":\"https:\\\/\\\/naturalpoland.com\\\/tr\\\/#organization\"},\"potentialAction\":[{\"@type\":\"SearchAction\",\"target\":{\"@type\":\"EntryPoint\",\"urlTemplate\":\"https:\\\/\\\/naturalpoland.com\\\/tr\\\/?s={search_term_string}\"},\"query-input\":{\"@type\":\"PropertyValueSpecification\",\"valueRequired\":true,\"valueName\":\"search_term_string\"}}],\"inLanguage\":\"tr\"},{\"@type\":\"Organization\",\"@id\":\"https:\\\/\\\/naturalpoland.com\\\/tr\\\/#organization\",\"name\":\"Natural Poland\",\"url\":\"https:\\\/\\\/naturalpoland.com\\\/tr\\\/\",\"logo\":{\"@type\":\"ImageObject\",\"inLanguage\":\"tr\",\"@id\":\"https:\\\/\\\/naturalpoland.com\\\/tr\\\/#\\\/schema\\\/logo\\\/image\\\/\",\"url\":\"https:\\\/\\\/naturalpoland.com\\\/wp-content\\\/uploads\\\/2021\\\/05\\\/natural-poland-icon.png\",\"contentUrl\":\"https:\\\/\\\/naturalpoland.com\\\/wp-content\\\/uploads\\\/2021\\\/05\\\/natural-poland-icon.png\",\"width\":512,\"height\":512,\"caption\":\"Natural Poland\"},\"image\":{\"@id\":\"https:\\\/\\\/naturalpoland.com\\\/tr\\\/#\\\/schema\\\/logo\\\/image\\\/\"},\"sameAs\":[\"https:\\\/\\\/www.facebook.com\\\/naturalpoland.b2b\",\"https:\\\/\\\/pl.linkedin.com\\\/company\\\/natural-poland\",\"https:\\\/\\\/www.youtube.com\\\/channel\\\/UCgeGGkvOMahZo-xu_MSEWxg\"]}]}<\/script>\n<!-- \/ Yoast SEO plugin. -->","yoast_head_json":{"title":"Elma aromas\u0131 - Hurtowy Dystrybutor","description":"Elma aromas\u0131, piyasada mevcut en \u00e7e\u015fitli meyve aromalar\u0131ndan biridir ve bu sayede \u00fcr\u00fcn\u00fcn karakterine kolayca uyum sa\u011flar","robots":{"index":"index","follow":"follow","max-snippet":"max-snippet:-1","max-image-preview":"max-image-preview:large","max-video-preview":"max-video-preview:-1"},"canonical":"https:\/\/naturalpoland.com\/tr\/urunler\/gida-hammaddeleri\/aromalar\/meyve-aromalari\/elma-aromasi\/","og_locale":"tr_TR","og_type":"article","og_title":"Elma aromas\u0131 - Hurtowy Dystrybutor","og_description":"Elma aromas\u0131, piyasada mevcut en \u00e7e\u015fitli meyve aromalar\u0131ndan biridir ve bu sayede \u00fcr\u00fcn\u00fcn karakterine kolayca uyum sa\u011flar","og_url":"https:\/\/naturalpoland.com\/tr\/urunler\/gida-hammaddeleri\/aromalar\/meyve-aromalari\/elma-aromasi\/","og_site_name":"NATURAL POLAND - Hurtowy Dystrybutor Surowc\u00f3w","article_publisher":"https:\/\/www.facebook.com\/naturalpoland.b2b","article_modified_time":"2026-03-24T13:59:28+00:00","og_image":[{"width":1024,"height":1024,"url":"https:\/\/naturalpoland.com\/wp-content\/uploads\/aromat-jablkowy.webp","type":"image\/webp"}],"schema":{"@context":"https:\/\/schema.org","@graph":[{"@type":"WebPage","@id":"https:\/\/naturalpoland.com\/tr\/urunler\/gida-hammaddeleri\/aromalar\/meyve-aromalari\/elma-aromasi\/","url":"https:\/\/naturalpoland.com\/tr\/urunler\/gida-hammaddeleri\/aromalar\/meyve-aromalari\/elma-aromasi\/","name":"Elma aromas\u0131 - Hurtowy Dystrybutor","isPartOf":{"@id":"https:\/\/naturalpoland.com\/tr\/#website"},"primaryImageOfPage":{"@id":"https:\/\/naturalpoland.com\/tr\/urunler\/gida-hammaddeleri\/aromalar\/meyve-aromalari\/elma-aromasi\/#primaryimage"},"image":{"@id":"https:\/\/naturalpoland.com\/tr\/urunler\/gida-hammaddeleri\/aromalar\/meyve-aromalari\/elma-aromasi\/#primaryimage"},"thumbnailUrl":"https:\/\/naturalpoland.com\/wp-content\/uploads\/aromat-jablkowy.webp","datePublished":"2025-04-22T13:57:22+00:00","dateModified":"2026-03-24T13:59:28+00:00","description":"Elma aromas\u0131, piyasada mevcut en \u00e7e\u015fitli meyve aromalar\u0131ndan biridir ve bu sayede \u00fcr\u00fcn\u00fcn karakterine kolayca uyum sa\u011flar","breadcrumb":{"@id":"https:\/\/naturalpoland.com\/tr\/urunler\/gida-hammaddeleri\/aromalar\/meyve-aromalari\/elma-aromasi\/#breadcrumb"},"inLanguage":"tr","potentialAction":[{"@type":"ReadAction","target":["https:\/\/naturalpoland.com\/tr\/urunler\/gida-hammaddeleri\/aromalar\/meyve-aromalari\/elma-aromasi\/"]}]},{"@type":"ImageObject","inLanguage":"tr","@id":"https:\/\/naturalpoland.com\/tr\/urunler\/gida-hammaddeleri\/aromalar\/meyve-aromalari\/elma-aromasi\/#primaryimage","url":"https:\/\/naturalpoland.com\/wp-content\/uploads\/aromat-jablkowy.webp","contentUrl":"https:\/\/naturalpoland.com\/wp-content\/uploads\/aromat-jablkowy.webp","width":1024,"height":1024,"caption":"elma aromas\u0131"},{"@type":"BreadcrumbList","@id":"https:\/\/naturalpoland.com\/tr\/urunler\/gida-hammaddeleri\/aromalar\/meyve-aromalari\/elma-aromasi\/#breadcrumb","itemListElement":[{"@type":"ListItem","position":1,"name":"Ana Sayfa","item":"https:\/\/naturalpoland.com\/tr\/"},{"@type":"ListItem","position":2,"name":"\u00dcr\u00fcnler","item":"https:\/\/naturalpoland.com\/tr\/urunler\/"},{"@type":"ListItem","position":3,"name":"Elma aromas\u0131"}]},{"@type":"WebSite","@id":"https:\/\/naturalpoland.com\/tr\/#website","url":"https:\/\/naturalpoland.com\/tr\/","name":"NATURAL POLAND - Hurtowy Dystrybutor Surowc\u00f3w","description":"Surowce dla przemys\u0142u spo\u017cywczego, kosmetycznego i farmaceutycznego","publisher":{"@id":"https:\/\/naturalpoland.com\/tr\/#organization"},"potentialAction":[{"@type":"SearchAction","target":{"@type":"EntryPoint","urlTemplate":"https:\/\/naturalpoland.com\/tr\/?s={search_term_string}"},"query-input":{"@type":"PropertyValueSpecification","valueRequired":true,"valueName":"search_term_string"}}],"inLanguage":"tr"},{"@type":"Organization","@id":"https:\/\/naturalpoland.com\/tr\/#organization","name":"Natural Poland","url":"https:\/\/naturalpoland.com\/tr\/","logo":{"@type":"ImageObject","inLanguage":"tr","@id":"https:\/\/naturalpoland.com\/tr\/#\/schema\/logo\/image\/","url":"https:\/\/naturalpoland.com\/wp-content\/uploads\/2021\/05\/natural-poland-icon.png","contentUrl":"https:\/\/naturalpoland.com\/wp-content\/uploads\/2021\/05\/natural-poland-icon.png","width":512,"height":512,"caption":"Natural Poland"},"image":{"@id":"https:\/\/naturalpoland.com\/tr\/#\/schema\/logo\/image\/"},"sameAs":["https:\/\/www.facebook.com\/naturalpoland.b2b","https:\/\/pl.linkedin.com\/company\/natural-poland","https:\/\/www.youtube.com\/channel\/UCgeGGkvOMahZo-xu_MSEWxg"]}]}},"_links":{"self":[{"href":"https:\/\/naturalpoland.com\/tr\/wp-json\/wp\/v2\/product\/47123","targetHints":{"allow":["GET"]}}],"collection":[{"href":"https:\/\/naturalpoland.com\/tr\/wp-json\/wp\/v2\/product"}],"about":[{"href":"https:\/\/naturalpoland.com\/tr\/wp-json\/wp\/v2\/types\/product"}],"wp:featuredmedia":[{"embeddable":true,"href":"https:\/\/naturalpoland.com\/tr\/wp-json\/wp\/v2\/media\/47124"}],"wp:attachment":[{"href":"https:\/\/naturalpoland.com\/tr\/wp-json\/wp\/v2\/media?parent=47123"}],"wp:term":[{"taxonomy":"product_brand","embeddable":true,"href":"https:\/\/naturalpoland.com\/tr\/wp-json\/wp\/v2\/product_brand?post=47123"},{"taxonomy":"product_cat","embeddable":true,"href":"https:\/\/naturalpoland.com\/tr\/wp-json\/wp\/v2\/product_cat?post=47123"},{"taxonomy":"product_tag","embeddable":true,"href":"https:\/\/naturalpoland.com\/tr\/wp-json\/wp\/v2\/product_tag?post=47123"}],"curies":[{"name":"wp","href":"https:\/\/api.w.org\/{rel}","templated":true}]}}