{"id":47130,"date":"2023-10-06T11:02:17","date_gmt":"2023-10-06T09:02:17","guid":{"rendered":"https:\/\/naturalpoland.com\/produkty\/kategorilenmemis\/fermente-kusburnu-meyvesi-ekstrakti\/"},"modified":"2026-03-25T15:03:06","modified_gmt":"2026-03-25T14:03:06","slug":"fermente-kusburnu-meyvesi-ekstrakti","status":"publish","type":"product","link":"https:\/\/naturalpoland.com\/tr\/urunler\/kozmetik-hammaddeleri\/fermente-ekstraktlar\/fermente-kusburnu-meyvesi-ekstrakti\/","title":{"rendered":"Fermente ku\u015fburnu meyvesi ekstrakt\u0131"},"content":{"rendered":"<p>Ku\u015fburnu ekstrakt\u0131, cildi oksidatif stresten ve serbest radikallerin zararl\u0131 etkilerinden etkili bir \u015fekilde koruyan g\u00fc\u00e7l\u00fc bir antioksidan olan y\u00fcksek C vitamini i\u00e7eri\u011fiyle \u00f6ne \u00e7\u0131kar. Bu sayede cildin gen\u00e7 ve \u0131\u015f\u0131lt\u0131l\u0131 g\u00f6r\u00fcn\u00fcm\u00fcn\u00fc korumas\u0131na yard\u0131mc\u0131 olur. C vitamini ayr\u0131ca kolajen sentezinde kilit rol oynayarak cildin elastikiyetini ve s\u0131k\u0131l\u0131\u011f\u0131n\u0131 art\u0131r\u0131r.  <\/p>\n<p>Fermente ku\u015fburnu meyvesi ekstrakt\u0131, cildi yo\u011fun bir \u015fekilde nemlendiren ve yenilenme s\u00fcre\u00e7lerini destekleyen de\u011ferli bir ya\u011f asitleri kayna\u011f\u0131d\u0131r. Bu bile\u015fenler hidrolipid bariyerini g\u00fc\u00e7lendirerek transepidermal su kayb\u0131n\u0131 (TEWL) s\u0131n\u0131rlar. D\u00fczenli kullan\u0131m, p\u00fcr\u00fczs\u00fcz, yumu\u015fak ve optimum d\u00fczeyde nemlenmi\u015f bir cilde kavu\u015fmay\u0131, ayr\u0131ca ince \u00e7izgilerin g\u00f6rsel olarak p\u00fcr\u00fczs\u00fczle\u015fmesini ve genel cilt yap\u0131s\u0131 ile tonunun iyile\u015fmesini destekler.  <\/p>\n<p>Ayd\u0131nlat\u0131c\u0131 ve p\u00fcr\u00fczs\u00fczle\u015ftirici \u00f6zellikleri sayesinde ekstrakt, e\u015fit olmayan cilt tonu, pigmentasyon, akne izleri ve di\u011fer kusurlar\u0131 olan ciltler i\u00e7in tasarlanm\u0131\u015f form\u00fclasyonlarda m\u00fckemmel sonu\u00e7 verir. Cilt tonunu e\u015fitleyerek cildin tazeli\u011fini ve sa\u011fl\u0131kl\u0131 g\u00f6r\u00fcn\u00fcm\u00fcn\u00fc geri kazand\u0131r\u0131r. <\/p>\n<p>Fermente ku\u015fburnu meyvesi ekstrakt\u0131, kremler, serumlar, maskeler, tonikler veya v\u00fccut losyonlar\u0131 gibi geni\u015f bir kozmetik \u00fcr\u00fcn yelpazesi i\u00e7in tavsiye edilir. \u00c7ok y\u00f6nl\u00fc \u00f6zellikleri, onu hassas, olgun ve sorunlu ciltler dahil olmak \u00fczere \u00e7e\u015fitli cilt tiplerine y\u00f6nelik form\u00fclasyonlar i\u00e7in de\u011ferli bir bile\u015fen haline getirir. <\/p>\n<p>Bu, etkili, do\u011fal cilt bak\u0131m\u0131 trendine m\u00fckemmel \u015fekilde uyan birinci s\u0131n\u0131f bir bile\u015fendir. G\u00fcvenli, fonksiyonel ve t\u00fcketiciler taraf\u0131ndan takdir edilen aktif hammaddeler arayan kozmetik markalar\u0131 i\u00e7in cazip bir \u00e7\u00f6z\u00fcm sunar. <\/p>\n","protected":false},"excerpt":{"rendered":"<p>Fermente Ku\u015fburnu Meyvesi Ekstrakt\u0131 (INCI: <em>Rose Hips Ferment Extract<\/em>), benzersiz ve g\u00fc\u00e7l\u00fc cilt bak\u0131m\u0131 \u00f6zellikleriyle kozmetik end\u00fcstrisinde olduk\u00e7a de\u011ferli bir bile\u015fendir. Ku\u015fburnu meyvelerinin geli\u015fmi\u015f bir fermantasyon s\u00fcreciyle \u00fcretilen bu ekstrakt, cilde zengin besinler, vitaminler ve antioksidanlar\u0131n sinerjisini sa\u011flar. <\/p>\n","protected":false},"featured_media":47131,"template":"","meta":{"_acf_changed":false},"product_brand":[],"product_cat":[9545],"product_tag":[],"class_list":{"0":"post-47130","1":"product","2":"type-product","3":"status-publish","4":"has-post-thumbnail","6":"product_cat-fermente-ekstraktlar","8":"first","9":"instock","10":"shipping-taxable","11":"product-type-simple"},"acf":[],"yoast_head":"<!-- This site is optimized with the Yoast SEO plugin v27.5 - https:\/\/yoast.com\/product\/yoast-seo-wordpress\/ -->\n<title>Fermente ku\u015fburnu meyvesi ekstrakt\u0131 - Hurtowy Dystrybutor<\/title>\n<meta name=\"robots\" content=\"index, follow, max-snippet:-1, max-image-preview:large, max-video-preview:-1\" \/>\n<link rel=\"canonical\" href=\"https:\/\/naturalpoland.com\/tr\/urunler\/kozmetik-hammaddeleri\/fermente-ekstraktlar\/fermente-kusburnu-meyvesi-ekstrakti\/\" \/>\n<meta property=\"og:locale\" content=\"tr_TR\" \/>\n<meta property=\"og:type\" content=\"article\" \/>\n<meta property=\"og:title\" content=\"Fermente ku\u015fburnu meyvesi ekstrakt\u0131 - Hurtowy Dystrybutor\" \/>\n<meta property=\"og:description\" content=\"Fermente Ku\u015fburnu Meyvesi Ekstrakt\u0131 (INCI: Rose Hips Ferment Extract), benzersiz ve g\u00fc\u00e7l\u00fc cilt bak\u0131m\u0131 \u00f6zellikleriyle kozmetik end\u00fcstrisinde olduk\u00e7a de\u011ferli bir bile\u015fendir. Ku\u015fburnu meyvelerinin geli\u015fmi\u015f bir fermantasyon s\u00fcreciyle \u00fcretilen bu ekstrakt, cilde zengin besinler, vitaminler ve antioksidanlar\u0131n sinerjisini sa\u011flar.\" \/>\n<meta property=\"og:url\" content=\"https:\/\/naturalpoland.com\/tr\/urunler\/kozmetik-hammaddeleri\/fermente-ekstraktlar\/fermente-kusburnu-meyvesi-ekstrakti\/\" \/>\n<meta property=\"og:site_name\" content=\"NATURAL POLAND - Hurtowy Dystrybutor Surowc\u00f3w\" \/>\n<meta property=\"article:publisher\" content=\"https:\/\/www.facebook.com\/naturalpoland.b2b\" \/>\n<meta property=\"article:modified_time\" content=\"2026-03-25T14:03:06+00:00\" \/>\n<meta property=\"og:image\" content=\"https:\/\/naturalpoland.com\/wp-content\/uploads\/fermentowany-ekstrakt-z-owocow-dzikiej-rozy.png\" \/>\n\t<meta property=\"og:image:width\" content=\"590\" \/>\n\t<meta property=\"og:image:height\" content=\"590\" \/>\n\t<meta property=\"og:image:type\" content=\"image\/png\" \/>\n<script type=\"application\/ld+json\" class=\"yoast-schema-graph\">{\"@context\":\"https:\\\/\\\/schema.org\",\"@graph\":[{\"@type\":\"WebPage\",\"@id\":\"https:\\\/\\\/naturalpoland.com\\\/tr\\\/urunler\\\/kozmetik-hammaddeleri\\\/fermente-ekstraktlar\\\/fermente-kusburnu-meyvesi-ekstrakti\\\/\",\"url\":\"https:\\\/\\\/naturalpoland.com\\\/tr\\\/urunler\\\/kozmetik-hammaddeleri\\\/fermente-ekstraktlar\\\/fermente-kusburnu-meyvesi-ekstrakti\\\/\",\"name\":\"Fermente ku\u015fburnu meyvesi ekstrakt\u0131 - Hurtowy Dystrybutor\",\"isPartOf\":{\"@id\":\"https:\\\/\\\/naturalpoland.com\\\/tr\\\/#website\"},\"primaryImageOfPage\":{\"@id\":\"https:\\\/\\\/naturalpoland.com\\\/tr\\\/urunler\\\/kozmetik-hammaddeleri\\\/fermente-ekstraktlar\\\/fermente-kusburnu-meyvesi-ekstrakti\\\/#primaryimage\"},\"image\":{\"@id\":\"https:\\\/\\\/naturalpoland.com\\\/tr\\\/urunler\\\/kozmetik-hammaddeleri\\\/fermente-ekstraktlar\\\/fermente-kusburnu-meyvesi-ekstrakti\\\/#primaryimage\"},\"thumbnailUrl\":\"https:\\\/\\\/naturalpoland.com\\\/wp-content\\\/uploads\\\/fermentowany-ekstrakt-z-owocow-dzikiej-rozy.png\",\"datePublished\":\"2023-10-06T09:02:17+00:00\",\"dateModified\":\"2026-03-25T14:03:06+00:00\",\"breadcrumb\":{\"@id\":\"https:\\\/\\\/naturalpoland.com\\\/tr\\\/urunler\\\/kozmetik-hammaddeleri\\\/fermente-ekstraktlar\\\/fermente-kusburnu-meyvesi-ekstrakti\\\/#breadcrumb\"},\"inLanguage\":\"tr\",\"potentialAction\":[{\"@type\":\"ReadAction\",\"target\":[\"https:\\\/\\\/naturalpoland.com\\\/tr\\\/urunler\\\/kozmetik-hammaddeleri\\\/fermente-ekstraktlar\\\/fermente-kusburnu-meyvesi-ekstrakti\\\/\"]}]},{\"@type\":\"ImageObject\",\"inLanguage\":\"tr\",\"@id\":\"https:\\\/\\\/naturalpoland.com\\\/tr\\\/urunler\\\/kozmetik-hammaddeleri\\\/fermente-ekstraktlar\\\/fermente-kusburnu-meyvesi-ekstrakti\\\/#primaryimage\",\"url\":\"https:\\\/\\\/naturalpoland.com\\\/wp-content\\\/uploads\\\/fermentowany-ekstrakt-z-owocow-dzikiej-rozy.png\",\"contentUrl\":\"https:\\\/\\\/naturalpoland.com\\\/wp-content\\\/uploads\\\/fermentowany-ekstrakt-z-owocow-dzikiej-rozy.png\",\"width\":590,\"height\":590,\"caption\":\"fermente ku\u015fburnu ekstrakt\u0131\"},{\"@type\":\"BreadcrumbList\",\"@id\":\"https:\\\/\\\/naturalpoland.com\\\/tr\\\/urunler\\\/kozmetik-hammaddeleri\\\/fermente-ekstraktlar\\\/fermente-kusburnu-meyvesi-ekstrakti\\\/#breadcrumb\",\"itemListElement\":[{\"@type\":\"ListItem\",\"position\":1,\"name\":\"Ana Sayfa\",\"item\":\"https:\\\/\\\/naturalpoland.com\\\/tr\\\/\"},{\"@type\":\"ListItem\",\"position\":2,\"name\":\"\u00dcr\u00fcnler\",\"item\":\"https:\\\/\\\/naturalpoland.com\\\/tr\\\/urunler\\\/\"},{\"@type\":\"ListItem\",\"position\":3,\"name\":\"Fermente ku\u015fburnu meyvesi ekstrakt\u0131\"}]},{\"@type\":\"WebSite\",\"@id\":\"https:\\\/\\\/naturalpoland.com\\\/tr\\\/#website\",\"url\":\"https:\\\/\\\/naturalpoland.com\\\/tr\\\/\",\"name\":\"NATURAL POLAND - Hurtowy Dystrybutor Surowc\u00f3w\",\"description\":\"Surowce dla przemys\u0142u spo\u017cywczego, kosmetycznego i farmaceutycznego\",\"publisher\":{\"@id\":\"https:\\\/\\\/naturalpoland.com\\\/tr\\\/#organization\"},\"potentialAction\":[{\"@type\":\"SearchAction\",\"target\":{\"@type\":\"EntryPoint\",\"urlTemplate\":\"https:\\\/\\\/naturalpoland.com\\\/tr\\\/?s={search_term_string}\"},\"query-input\":{\"@type\":\"PropertyValueSpecification\",\"valueRequired\":true,\"valueName\":\"search_term_string\"}}],\"inLanguage\":\"tr\"},{\"@type\":\"Organization\",\"@id\":\"https:\\\/\\\/naturalpoland.com\\\/tr\\\/#organization\",\"name\":\"Natural Poland\",\"url\":\"https:\\\/\\\/naturalpoland.com\\\/tr\\\/\",\"logo\":{\"@type\":\"ImageObject\",\"inLanguage\":\"tr\",\"@id\":\"https:\\\/\\\/naturalpoland.com\\\/tr\\\/#\\\/schema\\\/logo\\\/image\\\/\",\"url\":\"https:\\\/\\\/naturalpoland.com\\\/wp-content\\\/uploads\\\/2021\\\/05\\\/natural-poland-icon.png\",\"contentUrl\":\"https:\\\/\\\/naturalpoland.com\\\/wp-content\\\/uploads\\\/2021\\\/05\\\/natural-poland-icon.png\",\"width\":512,\"height\":512,\"caption\":\"Natural Poland\"},\"image\":{\"@id\":\"https:\\\/\\\/naturalpoland.com\\\/tr\\\/#\\\/schema\\\/logo\\\/image\\\/\"},\"sameAs\":[\"https:\\\/\\\/www.facebook.com\\\/naturalpoland.b2b\",\"https:\\\/\\\/pl.linkedin.com\\\/company\\\/natural-poland\",\"https:\\\/\\\/www.youtube.com\\\/channel\\\/UCgeGGkvOMahZo-xu_MSEWxg\"]}]}<\/script>\n<!-- \/ Yoast SEO plugin. -->","yoast_head_json":{"title":"Fermente ku\u015fburnu meyvesi ekstrakt\u0131 - Hurtowy Dystrybutor","robots":{"index":"index","follow":"follow","max-snippet":"max-snippet:-1","max-image-preview":"max-image-preview:large","max-video-preview":"max-video-preview:-1"},"canonical":"https:\/\/naturalpoland.com\/tr\/urunler\/kozmetik-hammaddeleri\/fermente-ekstraktlar\/fermente-kusburnu-meyvesi-ekstrakti\/","og_locale":"tr_TR","og_type":"article","og_title":"Fermente ku\u015fburnu meyvesi ekstrakt\u0131 - Hurtowy Dystrybutor","og_description":"Fermente Ku\u015fburnu Meyvesi Ekstrakt\u0131 (INCI: Rose Hips Ferment Extract), benzersiz ve g\u00fc\u00e7l\u00fc cilt bak\u0131m\u0131 \u00f6zellikleriyle kozmetik end\u00fcstrisinde olduk\u00e7a de\u011ferli bir bile\u015fendir. Ku\u015fburnu meyvelerinin geli\u015fmi\u015f bir fermantasyon s\u00fcreciyle \u00fcretilen bu ekstrakt, cilde zengin besinler, vitaminler ve antioksidanlar\u0131n sinerjisini sa\u011flar.","og_url":"https:\/\/naturalpoland.com\/tr\/urunler\/kozmetik-hammaddeleri\/fermente-ekstraktlar\/fermente-kusburnu-meyvesi-ekstrakti\/","og_site_name":"NATURAL POLAND - Hurtowy Dystrybutor Surowc\u00f3w","article_publisher":"https:\/\/www.facebook.com\/naturalpoland.b2b","article_modified_time":"2026-03-25T14:03:06+00:00","og_image":[{"width":590,"height":590,"url":"https:\/\/naturalpoland.com\/wp-content\/uploads\/fermentowany-ekstrakt-z-owocow-dzikiej-rozy.png","type":"image\/png"}],"schema":{"@context":"https:\/\/schema.org","@graph":[{"@type":"WebPage","@id":"https:\/\/naturalpoland.com\/tr\/urunler\/kozmetik-hammaddeleri\/fermente-ekstraktlar\/fermente-kusburnu-meyvesi-ekstrakti\/","url":"https:\/\/naturalpoland.com\/tr\/urunler\/kozmetik-hammaddeleri\/fermente-ekstraktlar\/fermente-kusburnu-meyvesi-ekstrakti\/","name":"Fermente ku\u015fburnu meyvesi ekstrakt\u0131 - Hurtowy Dystrybutor","isPartOf":{"@id":"https:\/\/naturalpoland.com\/tr\/#website"},"primaryImageOfPage":{"@id":"https:\/\/naturalpoland.com\/tr\/urunler\/kozmetik-hammaddeleri\/fermente-ekstraktlar\/fermente-kusburnu-meyvesi-ekstrakti\/#primaryimage"},"image":{"@id":"https:\/\/naturalpoland.com\/tr\/urunler\/kozmetik-hammaddeleri\/fermente-ekstraktlar\/fermente-kusburnu-meyvesi-ekstrakti\/#primaryimage"},"thumbnailUrl":"https:\/\/naturalpoland.com\/wp-content\/uploads\/fermentowany-ekstrakt-z-owocow-dzikiej-rozy.png","datePublished":"2023-10-06T09:02:17+00:00","dateModified":"2026-03-25T14:03:06+00:00","breadcrumb":{"@id":"https:\/\/naturalpoland.com\/tr\/urunler\/kozmetik-hammaddeleri\/fermente-ekstraktlar\/fermente-kusburnu-meyvesi-ekstrakti\/#breadcrumb"},"inLanguage":"tr","potentialAction":[{"@type":"ReadAction","target":["https:\/\/naturalpoland.com\/tr\/urunler\/kozmetik-hammaddeleri\/fermente-ekstraktlar\/fermente-kusburnu-meyvesi-ekstrakti\/"]}]},{"@type":"ImageObject","inLanguage":"tr","@id":"https:\/\/naturalpoland.com\/tr\/urunler\/kozmetik-hammaddeleri\/fermente-ekstraktlar\/fermente-kusburnu-meyvesi-ekstrakti\/#primaryimage","url":"https:\/\/naturalpoland.com\/wp-content\/uploads\/fermentowany-ekstrakt-z-owocow-dzikiej-rozy.png","contentUrl":"https:\/\/naturalpoland.com\/wp-content\/uploads\/fermentowany-ekstrakt-z-owocow-dzikiej-rozy.png","width":590,"height":590,"caption":"fermente ku\u015fburnu ekstrakt\u0131"},{"@type":"BreadcrumbList","@id":"https:\/\/naturalpoland.com\/tr\/urunler\/kozmetik-hammaddeleri\/fermente-ekstraktlar\/fermente-kusburnu-meyvesi-ekstrakti\/#breadcrumb","itemListElement":[{"@type":"ListItem","position":1,"name":"Ana Sayfa","item":"https:\/\/naturalpoland.com\/tr\/"},{"@type":"ListItem","position":2,"name":"\u00dcr\u00fcnler","item":"https:\/\/naturalpoland.com\/tr\/urunler\/"},{"@type":"ListItem","position":3,"name":"Fermente ku\u015fburnu meyvesi ekstrakt\u0131"}]},{"@type":"WebSite","@id":"https:\/\/naturalpoland.com\/tr\/#website","url":"https:\/\/naturalpoland.com\/tr\/","name":"NATURAL POLAND - Hurtowy Dystrybutor Surowc\u00f3w","description":"Surowce dla przemys\u0142u spo\u017cywczego, kosmetycznego i farmaceutycznego","publisher":{"@id":"https:\/\/naturalpoland.com\/tr\/#organization"},"potentialAction":[{"@type":"SearchAction","target":{"@type":"EntryPoint","urlTemplate":"https:\/\/naturalpoland.com\/tr\/?s={search_term_string}"},"query-input":{"@type":"PropertyValueSpecification","valueRequired":true,"valueName":"search_term_string"}}],"inLanguage":"tr"},{"@type":"Organization","@id":"https:\/\/naturalpoland.com\/tr\/#organization","name":"Natural Poland","url":"https:\/\/naturalpoland.com\/tr\/","logo":{"@type":"ImageObject","inLanguage":"tr","@id":"https:\/\/naturalpoland.com\/tr\/#\/schema\/logo\/image\/","url":"https:\/\/naturalpoland.com\/wp-content\/uploads\/2021\/05\/natural-poland-icon.png","contentUrl":"https:\/\/naturalpoland.com\/wp-content\/uploads\/2021\/05\/natural-poland-icon.png","width":512,"height":512,"caption":"Natural Poland"},"image":{"@id":"https:\/\/naturalpoland.com\/tr\/#\/schema\/logo\/image\/"},"sameAs":["https:\/\/www.facebook.com\/naturalpoland.b2b","https:\/\/pl.linkedin.com\/company\/natural-poland","https:\/\/www.youtube.com\/channel\/UCgeGGkvOMahZo-xu_MSEWxg"]}]}},"_links":{"self":[{"href":"https:\/\/naturalpoland.com\/tr\/wp-json\/wp\/v2\/product\/47130","targetHints":{"allow":["GET"]}}],"collection":[{"href":"https:\/\/naturalpoland.com\/tr\/wp-json\/wp\/v2\/product"}],"about":[{"href":"https:\/\/naturalpoland.com\/tr\/wp-json\/wp\/v2\/types\/product"}],"wp:featuredmedia":[{"embeddable":true,"href":"https:\/\/naturalpoland.com\/tr\/wp-json\/wp\/v2\/media\/47131"}],"wp:attachment":[{"href":"https:\/\/naturalpoland.com\/tr\/wp-json\/wp\/v2\/media?parent=47130"}],"wp:term":[{"taxonomy":"product_brand","embeddable":true,"href":"https:\/\/naturalpoland.com\/tr\/wp-json\/wp\/v2\/product_brand?post=47130"},{"taxonomy":"product_cat","embeddable":true,"href":"https:\/\/naturalpoland.com\/tr\/wp-json\/wp\/v2\/product_cat?post=47130"},{"taxonomy":"product_tag","embeddable":true,"href":"https:\/\/naturalpoland.com\/tr\/wp-json\/wp\/v2\/product_tag?post=47130"}],"curies":[{"name":"wp","href":"https:\/\/api.w.org\/{rel}","templated":true}]}}