{"id":47132,"date":"2023-10-06T09:52:28","date_gmt":"2023-10-06T07:52:28","guid":{"rendered":"https:\/\/naturalpoland.com\/produkty\/kategorilenmemis\/fermente-elma-ozu\/"},"modified":"2026-03-25T15:03:24","modified_gmt":"2026-03-25T14:03:24","slug":"fermente-elma-ozu","status":"publish","type":"product","link":"https:\/\/naturalpoland.com\/tr\/urunler\/kozmetik-hammaddeleri\/fermente-ekstraktlar\/fermente-elma-ozu\/","title":{"rendered":"Fermente Elma \u00d6z\u00fc"},"content":{"rendered":"<p>Elmalar, C vitamini ve antioksidanlar dahil olmak \u00fczere zengin bir vitamin kayna\u011f\u0131d\u0131r ve cilde serbest radikallerin zararl\u0131 etkilerine kar\u015f\u0131 koruma sa\u011flar. Bu, cildin erken ya\u015flanmas\u0131n\u0131 \u00f6nleyici etki g\u00f6stererek cildi \u0131\u015f\u0131lt\u0131l\u0131 ve enerjik b\u0131rak\u0131r. Elma \u00f6z\u00fc ayr\u0131ca cildi elastik ve yumu\u015fak tutmaya yard\u0131mc\u0131 olan, ince \u00e7izgilerin ve k\u0131r\u0131\u015f\u0131kl\u0131klar\u0131n g\u00f6r\u00fcn\u00fcm\u00fcn\u00fc azaltan nemlendirici \u00f6zellikleriyle bilinir.  <\/p>\n<p>Hafif peeling etkisi cildin h\u00fccresel yenilenmesini h\u0131zland\u0131rarak kusurlar\u0131 minimize etmeye ve cildin genel tonunu iyile\u015ftirmeye yard\u0131mc\u0131 olur. Fermente Elma \u00d6z\u00fc, probiyotik \u00f6zellikleri sayesinde cildin mikroflora dengesini de destekleyerek cilt i\u00e7in sa\u011fl\u0131kl\u0131 bir ortam olu\u015fturur ve do\u011fal koruyucu bariyerlerini g\u00fc\u00e7lendirir. <\/p>\n<p>Bu \u00e7ok i\u015flevli aktif bile\u015fen, kremler, balsamlar, serumlar, maskeler veya tonikler gibi \u00e7e\u015fitli kozmetik form\u00fclleri zenginle\u015ftirmek i\u00e7in m\u00fckemmel bir se\u00e7imdir. Olgun, kuru, hassas veya problemli cilt bak\u0131m\u0131na y\u00f6nelik \u00fcr\u00fcnlerde ideal \u015fekilde kullan\u0131l\u0131r ve cildin g\u00f6r\u00fcn\u00fcm\u00fcn\u00fc ve kondisyonunu iyile\u015ftiren kapsaml\u0131 bir etki sunar. <\/p>\n<p>Fermente Elma \u00d6z\u00fc, do\u011fal ve organik kozmetikler i\u00e7in paha bi\u00e7ilmez bir katk\u0131d\u0131r; sadece etkili de\u011fil, ayn\u0131 zamanda cilt i\u00e7in g\u00fcvenli bir se\u00e7imdir. Vegan bir \u00fcr\u00fcnd\u00fcr ve hayvanlar \u00fczerinde test edilmemi\u015ftir, bu da etik ve s\u00fcrd\u00fcr\u00fclebilir do\u011fas\u0131n\u0131 vurgular. <\/p>\n","protected":false},"excerpt":{"rendered":"<p>Fermente Elma \u00d6z\u00fc (INCI:<em> Apple Ferment Extract<\/em>), her cilt tipi i\u00e7in tasarlanm\u0131\u015f y\u00fcksek kaliteli bir aktif bile\u015fendir. Bu e\u015fsiz \u00f6z\u00fct, fermentasyon s\u00fcrecinin faydalar\u0131ndan yararlan\u0131r ve bu sayede elmalarda bulunan besin maddeleri h\u00fccresel d\u00fczeyde daha biyoyararlan\u0131labilir ve aktif hale gelir. <\/p>\n","protected":false},"featured_media":47133,"template":"","meta":{"_acf_changed":false},"product_brand":[],"product_cat":[9545],"product_tag":[],"class_list":{"0":"post-47132","1":"product","2":"type-product","3":"status-publish","4":"has-post-thumbnail","6":"product_cat-fermente-ekstraktlar","8":"first","9":"instock","10":"shipping-taxable","11":"product-type-simple"},"acf":[],"yoast_head":"<!-- This site is optimized with the Yoast SEO plugin v27.5 - https:\/\/yoast.com\/product\/yoast-seo-wordpress\/ -->\n<title>Fermente Elma \u00d6z\u00fc - Hurtowy Dystrybutor<\/title>\n<meta name=\"description\" content=\"Fermente Elma \u00d6z\u00fc (INCI: Apple Ferment Extract), her cilt tipi i\u00e7in tasarlanm\u0131\u015f y\u00fcksek kaliteli bir aktif bile\u015fendir.\" \/>\n<meta name=\"robots\" content=\"index, follow, max-snippet:-1, max-image-preview:large, max-video-preview:-1\" \/>\n<link rel=\"canonical\" href=\"https:\/\/naturalpoland.com\/tr\/urunler\/kozmetik-hammaddeleri\/fermente-ekstraktlar\/fermente-elma-ozu\/\" \/>\n<meta property=\"og:locale\" content=\"tr_TR\" \/>\n<meta property=\"og:type\" content=\"article\" \/>\n<meta property=\"og:title\" content=\"Fermente Elma \u00d6z\u00fc - Hurtowy Dystrybutor\" \/>\n<meta property=\"og:description\" content=\"Fermente Elma \u00d6z\u00fc (INCI: Apple Ferment Extract), her cilt tipi i\u00e7in tasarlanm\u0131\u015f y\u00fcksek kaliteli bir aktif bile\u015fendir.\" \/>\n<meta property=\"og:url\" content=\"https:\/\/naturalpoland.com\/tr\/urunler\/kozmetik-hammaddeleri\/fermente-ekstraktlar\/fermente-elma-ozu\/\" \/>\n<meta property=\"og:site_name\" content=\"NATURAL POLAND - Hurtowy Dystrybutor Surowc\u00f3w\" \/>\n<meta property=\"article:publisher\" content=\"https:\/\/www.facebook.com\/naturalpoland.b2b\" \/>\n<meta property=\"article:modified_time\" content=\"2026-03-25T14:03:24+00:00\" \/>\n<meta property=\"og:image\" content=\"https:\/\/naturalpoland.com\/wp-content\/uploads\/fermentowany-ekstrakt-z-jablka.jpg\" \/>\n\t<meta property=\"og:image:width\" content=\"590\" \/>\n\t<meta property=\"og:image:height\" content=\"590\" \/>\n\t<meta property=\"og:image:type\" content=\"image\/jpeg\" \/>\n<script type=\"application\/ld+json\" class=\"yoast-schema-graph\">{\"@context\":\"https:\\\/\\\/schema.org\",\"@graph\":[{\"@type\":\"WebPage\",\"@id\":\"https:\\\/\\\/naturalpoland.com\\\/tr\\\/urunler\\\/kozmetik-hammaddeleri\\\/fermente-ekstraktlar\\\/fermente-elma-ozu\\\/\",\"url\":\"https:\\\/\\\/naturalpoland.com\\\/tr\\\/urunler\\\/kozmetik-hammaddeleri\\\/fermente-ekstraktlar\\\/fermente-elma-ozu\\\/\",\"name\":\"Fermente Elma \u00d6z\u00fc - Hurtowy Dystrybutor\",\"isPartOf\":{\"@id\":\"https:\\\/\\\/naturalpoland.com\\\/tr\\\/#website\"},\"primaryImageOfPage\":{\"@id\":\"https:\\\/\\\/naturalpoland.com\\\/tr\\\/urunler\\\/kozmetik-hammaddeleri\\\/fermente-ekstraktlar\\\/fermente-elma-ozu\\\/#primaryimage\"},\"image\":{\"@id\":\"https:\\\/\\\/naturalpoland.com\\\/tr\\\/urunler\\\/kozmetik-hammaddeleri\\\/fermente-ekstraktlar\\\/fermente-elma-ozu\\\/#primaryimage\"},\"thumbnailUrl\":\"https:\\\/\\\/naturalpoland.com\\\/wp-content\\\/uploads\\\/fermentowany-ekstrakt-z-jablka.jpg\",\"datePublished\":\"2023-10-06T07:52:28+00:00\",\"dateModified\":\"2026-03-25T14:03:24+00:00\",\"description\":\"Fermente Elma \u00d6z\u00fc (INCI: Apple Ferment Extract), her cilt tipi i\u00e7in tasarlanm\u0131\u015f y\u00fcksek kaliteli bir aktif bile\u015fendir.\",\"breadcrumb\":{\"@id\":\"https:\\\/\\\/naturalpoland.com\\\/tr\\\/urunler\\\/kozmetik-hammaddeleri\\\/fermente-ekstraktlar\\\/fermente-elma-ozu\\\/#breadcrumb\"},\"inLanguage\":\"tr\",\"potentialAction\":[{\"@type\":\"ReadAction\",\"target\":[\"https:\\\/\\\/naturalpoland.com\\\/tr\\\/urunler\\\/kozmetik-hammaddeleri\\\/fermente-ekstraktlar\\\/fermente-elma-ozu\\\/\"]}]},{\"@type\":\"ImageObject\",\"inLanguage\":\"tr\",\"@id\":\"https:\\\/\\\/naturalpoland.com\\\/tr\\\/urunler\\\/kozmetik-hammaddeleri\\\/fermente-ekstraktlar\\\/fermente-elma-ozu\\\/#primaryimage\",\"url\":\"https:\\\/\\\/naturalpoland.com\\\/wp-content\\\/uploads\\\/fermentowany-ekstrakt-z-jablka.jpg\",\"contentUrl\":\"https:\\\/\\\/naturalpoland.com\\\/wp-content\\\/uploads\\\/fermentowany-ekstrakt-z-jablka.jpg\",\"width\":590,\"height\":590,\"caption\":\"fermente elma \u00f6z\u00fc\"},{\"@type\":\"BreadcrumbList\",\"@id\":\"https:\\\/\\\/naturalpoland.com\\\/tr\\\/urunler\\\/kozmetik-hammaddeleri\\\/fermente-ekstraktlar\\\/fermente-elma-ozu\\\/#breadcrumb\",\"itemListElement\":[{\"@type\":\"ListItem\",\"position\":1,\"name\":\"Ana Sayfa\",\"item\":\"https:\\\/\\\/naturalpoland.com\\\/tr\\\/\"},{\"@type\":\"ListItem\",\"position\":2,\"name\":\"\u00dcr\u00fcnler\",\"item\":\"https:\\\/\\\/naturalpoland.com\\\/tr\\\/urunler\\\/\"},{\"@type\":\"ListItem\",\"position\":3,\"name\":\"Fermente Elma \u00d6z\u00fc\"}]},{\"@type\":\"WebSite\",\"@id\":\"https:\\\/\\\/naturalpoland.com\\\/tr\\\/#website\",\"url\":\"https:\\\/\\\/naturalpoland.com\\\/tr\\\/\",\"name\":\"NATURAL POLAND - Hurtowy Dystrybutor Surowc\u00f3w\",\"description\":\"Surowce dla przemys\u0142u spo\u017cywczego, kosmetycznego i farmaceutycznego\",\"publisher\":{\"@id\":\"https:\\\/\\\/naturalpoland.com\\\/tr\\\/#organization\"},\"potentialAction\":[{\"@type\":\"SearchAction\",\"target\":{\"@type\":\"EntryPoint\",\"urlTemplate\":\"https:\\\/\\\/naturalpoland.com\\\/tr\\\/?s={search_term_string}\"},\"query-input\":{\"@type\":\"PropertyValueSpecification\",\"valueRequired\":true,\"valueName\":\"search_term_string\"}}],\"inLanguage\":\"tr\"},{\"@type\":\"Organization\",\"@id\":\"https:\\\/\\\/naturalpoland.com\\\/tr\\\/#organization\",\"name\":\"Natural Poland\",\"url\":\"https:\\\/\\\/naturalpoland.com\\\/tr\\\/\",\"logo\":{\"@type\":\"ImageObject\",\"inLanguage\":\"tr\",\"@id\":\"https:\\\/\\\/naturalpoland.com\\\/tr\\\/#\\\/schema\\\/logo\\\/image\\\/\",\"url\":\"https:\\\/\\\/naturalpoland.com\\\/wp-content\\\/uploads\\\/2021\\\/05\\\/natural-poland-icon.png\",\"contentUrl\":\"https:\\\/\\\/naturalpoland.com\\\/wp-content\\\/uploads\\\/2021\\\/05\\\/natural-poland-icon.png\",\"width\":512,\"height\":512,\"caption\":\"Natural Poland\"},\"image\":{\"@id\":\"https:\\\/\\\/naturalpoland.com\\\/tr\\\/#\\\/schema\\\/logo\\\/image\\\/\"},\"sameAs\":[\"https:\\\/\\\/www.facebook.com\\\/naturalpoland.b2b\",\"https:\\\/\\\/pl.linkedin.com\\\/company\\\/natural-poland\",\"https:\\\/\\\/www.youtube.com\\\/channel\\\/UCgeGGkvOMahZo-xu_MSEWxg\"]}]}<\/script>\n<!-- \/ Yoast SEO plugin. -->","yoast_head_json":{"title":"Fermente Elma \u00d6z\u00fc - Hurtowy Dystrybutor","description":"Fermente Elma \u00d6z\u00fc (INCI: Apple Ferment Extract), her cilt tipi i\u00e7in tasarlanm\u0131\u015f y\u00fcksek kaliteli bir aktif bile\u015fendir.","robots":{"index":"index","follow":"follow","max-snippet":"max-snippet:-1","max-image-preview":"max-image-preview:large","max-video-preview":"max-video-preview:-1"},"canonical":"https:\/\/naturalpoland.com\/tr\/urunler\/kozmetik-hammaddeleri\/fermente-ekstraktlar\/fermente-elma-ozu\/","og_locale":"tr_TR","og_type":"article","og_title":"Fermente Elma \u00d6z\u00fc - Hurtowy Dystrybutor","og_description":"Fermente Elma \u00d6z\u00fc (INCI: Apple Ferment Extract), her cilt tipi i\u00e7in tasarlanm\u0131\u015f y\u00fcksek kaliteli bir aktif bile\u015fendir.","og_url":"https:\/\/naturalpoland.com\/tr\/urunler\/kozmetik-hammaddeleri\/fermente-ekstraktlar\/fermente-elma-ozu\/","og_site_name":"NATURAL POLAND - Hurtowy Dystrybutor Surowc\u00f3w","article_publisher":"https:\/\/www.facebook.com\/naturalpoland.b2b","article_modified_time":"2026-03-25T14:03:24+00:00","og_image":[{"width":590,"height":590,"url":"https:\/\/naturalpoland.com\/wp-content\/uploads\/fermentowany-ekstrakt-z-jablka.jpg","type":"image\/jpeg"}],"schema":{"@context":"https:\/\/schema.org","@graph":[{"@type":"WebPage","@id":"https:\/\/naturalpoland.com\/tr\/urunler\/kozmetik-hammaddeleri\/fermente-ekstraktlar\/fermente-elma-ozu\/","url":"https:\/\/naturalpoland.com\/tr\/urunler\/kozmetik-hammaddeleri\/fermente-ekstraktlar\/fermente-elma-ozu\/","name":"Fermente Elma \u00d6z\u00fc - Hurtowy Dystrybutor","isPartOf":{"@id":"https:\/\/naturalpoland.com\/tr\/#website"},"primaryImageOfPage":{"@id":"https:\/\/naturalpoland.com\/tr\/urunler\/kozmetik-hammaddeleri\/fermente-ekstraktlar\/fermente-elma-ozu\/#primaryimage"},"image":{"@id":"https:\/\/naturalpoland.com\/tr\/urunler\/kozmetik-hammaddeleri\/fermente-ekstraktlar\/fermente-elma-ozu\/#primaryimage"},"thumbnailUrl":"https:\/\/naturalpoland.com\/wp-content\/uploads\/fermentowany-ekstrakt-z-jablka.jpg","datePublished":"2023-10-06T07:52:28+00:00","dateModified":"2026-03-25T14:03:24+00:00","description":"Fermente Elma \u00d6z\u00fc (INCI: Apple Ferment Extract), her cilt tipi i\u00e7in tasarlanm\u0131\u015f y\u00fcksek kaliteli bir aktif bile\u015fendir.","breadcrumb":{"@id":"https:\/\/naturalpoland.com\/tr\/urunler\/kozmetik-hammaddeleri\/fermente-ekstraktlar\/fermente-elma-ozu\/#breadcrumb"},"inLanguage":"tr","potentialAction":[{"@type":"ReadAction","target":["https:\/\/naturalpoland.com\/tr\/urunler\/kozmetik-hammaddeleri\/fermente-ekstraktlar\/fermente-elma-ozu\/"]}]},{"@type":"ImageObject","inLanguage":"tr","@id":"https:\/\/naturalpoland.com\/tr\/urunler\/kozmetik-hammaddeleri\/fermente-ekstraktlar\/fermente-elma-ozu\/#primaryimage","url":"https:\/\/naturalpoland.com\/wp-content\/uploads\/fermentowany-ekstrakt-z-jablka.jpg","contentUrl":"https:\/\/naturalpoland.com\/wp-content\/uploads\/fermentowany-ekstrakt-z-jablka.jpg","width":590,"height":590,"caption":"fermente elma \u00f6z\u00fc"},{"@type":"BreadcrumbList","@id":"https:\/\/naturalpoland.com\/tr\/urunler\/kozmetik-hammaddeleri\/fermente-ekstraktlar\/fermente-elma-ozu\/#breadcrumb","itemListElement":[{"@type":"ListItem","position":1,"name":"Ana Sayfa","item":"https:\/\/naturalpoland.com\/tr\/"},{"@type":"ListItem","position":2,"name":"\u00dcr\u00fcnler","item":"https:\/\/naturalpoland.com\/tr\/urunler\/"},{"@type":"ListItem","position":3,"name":"Fermente Elma \u00d6z\u00fc"}]},{"@type":"WebSite","@id":"https:\/\/naturalpoland.com\/tr\/#website","url":"https:\/\/naturalpoland.com\/tr\/","name":"NATURAL POLAND - Hurtowy Dystrybutor Surowc\u00f3w","description":"Surowce dla przemys\u0142u spo\u017cywczego, kosmetycznego i farmaceutycznego","publisher":{"@id":"https:\/\/naturalpoland.com\/tr\/#organization"},"potentialAction":[{"@type":"SearchAction","target":{"@type":"EntryPoint","urlTemplate":"https:\/\/naturalpoland.com\/tr\/?s={search_term_string}"},"query-input":{"@type":"PropertyValueSpecification","valueRequired":true,"valueName":"search_term_string"}}],"inLanguage":"tr"},{"@type":"Organization","@id":"https:\/\/naturalpoland.com\/tr\/#organization","name":"Natural Poland","url":"https:\/\/naturalpoland.com\/tr\/","logo":{"@type":"ImageObject","inLanguage":"tr","@id":"https:\/\/naturalpoland.com\/tr\/#\/schema\/logo\/image\/","url":"https:\/\/naturalpoland.com\/wp-content\/uploads\/2021\/05\/natural-poland-icon.png","contentUrl":"https:\/\/naturalpoland.com\/wp-content\/uploads\/2021\/05\/natural-poland-icon.png","width":512,"height":512,"caption":"Natural Poland"},"image":{"@id":"https:\/\/naturalpoland.com\/tr\/#\/schema\/logo\/image\/"},"sameAs":["https:\/\/www.facebook.com\/naturalpoland.b2b","https:\/\/pl.linkedin.com\/company\/natural-poland","https:\/\/www.youtube.com\/channel\/UCgeGGkvOMahZo-xu_MSEWxg"]}]}},"_links":{"self":[{"href":"https:\/\/naturalpoland.com\/tr\/wp-json\/wp\/v2\/product\/47132","targetHints":{"allow":["GET"]}}],"collection":[{"href":"https:\/\/naturalpoland.com\/tr\/wp-json\/wp\/v2\/product"}],"about":[{"href":"https:\/\/naturalpoland.com\/tr\/wp-json\/wp\/v2\/types\/product"}],"wp:featuredmedia":[{"embeddable":true,"href":"https:\/\/naturalpoland.com\/tr\/wp-json\/wp\/v2\/media\/47133"}],"wp:attachment":[{"href":"https:\/\/naturalpoland.com\/tr\/wp-json\/wp\/v2\/media?parent=47132"}],"wp:term":[{"taxonomy":"product_brand","embeddable":true,"href":"https:\/\/naturalpoland.com\/tr\/wp-json\/wp\/v2\/product_brand?post=47132"},{"taxonomy":"product_cat","embeddable":true,"href":"https:\/\/naturalpoland.com\/tr\/wp-json\/wp\/v2\/product_cat?post=47132"},{"taxonomy":"product_tag","embeddable":true,"href":"https:\/\/naturalpoland.com\/tr\/wp-json\/wp\/v2\/product_tag?post=47132"}],"curies":[{"name":"wp","href":"https:\/\/api.w.org\/{rel}","templated":true}]}}