{"id":47134,"date":"2023-10-06T10:28:28","date_gmt":"2023-10-06T08:28:28","guid":{"rendered":"https:\/\/naturalpoland.com\/produkty\/kategorilenmemis\/fermente-peygamber-cicegi-ekstrakti\/"},"modified":"2026-03-25T15:03:27","modified_gmt":"2026-03-25T14:03:27","slug":"fermente-peygamber-cicegi-ekstrakti","status":"publish","type":"product","link":"https:\/\/naturalpoland.com\/tr\/urunler\/kozmetik-hammaddeleri\/fermente-ekstraktlar\/fermente-peygamber-cicegi-ekstrakti\/","title":{"rendered":"Fermente Peygamber \u00c7i\u00e7e\u011fi Ekstrakt\u0131"},"content":{"rendered":"<p>Peygamber \u00e7i\u00e7e\u011fi, y\u00fczy\u0131llard\u0131r <strong><a href=\"https:\/\/naturalpoland.com\/artykuly\/produkty-naturalne\/fitochemia-jak-dzialaja-ekstrakty-roslinne\/\">fitokozmetikte<\/a><\/strong> bilinen ve de\u011fer verilen, g\u00fc\u00e7l\u00fc yat\u0131\u015ft\u0131r\u0131c\u0131 ve antienflamatuar \u00f6zelliklere sahip bir bile\u015fiktir. Fermantasyon sayesinde, flavonoidler ve antosiyaninler gibi aktif bile\u015fenleri g\u00fc\u00e7lenir ve cilt i\u00e7in daha eri\u015filebilir hale gelerek ekstrakt\u0131n etkisini yo\u011funla\u015ft\u0131r\u0131r. <\/p>\n<p>Fermente Peygamber \u00c7i\u00e7e\u011fi Ekstrakt\u0131 cildi yat\u0131\u015ft\u0131r\u0131r, k\u0131zar\u0131kl\u0131k ve tahri\u015fi en aza indirir. Bu, do\u011fal yat\u0131\u015ft\u0131r\u0131c\u0131 ve dengeleyici etkinin paha bi\u00e7ilmez oldu\u011fu hassas veya alerjiye yatk\u0131n cilde sahip ki\u015filer i\u00e7in \u00e7ok \u00f6nemlidir. Bu bile\u015fen, g\u00fcne\u015ften tahri\u015f olmu\u015f cilde rahatlama sa\u011flayabilece\u011fi g\u00fcne\u015f sonras\u0131 kozmetik \u00fcr\u00fcnlerinde de tavsiye edilmektedir.  <\/p>\n<p>Bu ekstrakt, s\u0131k\u0131la\u015ft\u0131r\u0131c\u0131 ve nemlendirici \u00f6zellikleriyle de de\u011ferlidir. Epidermisin uygun \u015fekilde nemlenmesini sa\u011flamaya yard\u0131mc\u0131 olur, bu da sa\u011fl\u0131kl\u0131 g\u00f6r\u00fcn\u00fcm\u00fc ve i\u015flevi i\u00e7in temeldir. Ayr\u0131ca cildin elastikiyetini ve s\u0131k\u0131l\u0131\u011f\u0131n\u0131 iyile\u015ftirerek ya\u015flanma kar\u015f\u0131t\u0131 \u00fcr\u00fcnler i\u00e7in m\u00fckemmel bir katk\u0131 maddesi olmas\u0131n\u0131 sa\u011flar.  <\/p>\n<p>Fermente Peygamber \u00c7i\u00e7e\u011fi Ekstrakt\u0131n\u0131n \u00e7e\u015fitli kullan\u0131m alanlar\u0131, onu kremler, serumlar, maskeler veya tonikler gibi \u00e7e\u015fitli kozmetik preparatlar i\u00e7in ideal bir bile\u015fen haline getirmektedir. Evrensel ancak g\u00fc\u00e7l\u00fc etkisi, hassas, olgun ve yenilenmeye ihtiya\u00e7 duyan cilt bak\u0131m\u0131 i\u00e7in tasarlanm\u0131\u015f kozmetik form\u00fclasyonlarda aranan bir bile\u015fen olmas\u0131n\u0131 sa\u011flamaktad\u0131r. <\/p>\n","protected":false},"excerpt":{"rendered":"<p>Fermente Peygamber \u00c7i\u00e7e\u011fi Ekstrakt\u0131 (INCI: <em>Cornflower Ferment Extract<\/em>), peygamber \u00e7i\u00e7e\u011finin geleneksel \u00f6zelliklerini ileri fermantasyon teknolojisiyle birle\u015ftiren se\u00e7kin bir kozmetik bile\u015fendir. Hassas ve yorgun cilde rahatl\u0131k ve konfor sa\u011flayan geni\u015f bir yelpazedeki bak\u0131m \u00fcr\u00fcnleri i\u00e7in uygun bir bile\u015fendir. <\/p>\n","protected":false},"featured_media":47135,"template":"","meta":{"_acf_changed":false},"product_brand":[],"product_cat":[9545],"product_tag":[],"class_list":{"0":"post-47134","1":"product","2":"type-product","3":"status-publish","4":"has-post-thumbnail","6":"product_cat-fermente-ekstraktlar","8":"first","9":"instock","10":"shipping-taxable","11":"product-type-simple"},"acf":[],"yoast_head":"<!-- This site is optimized with the Yoast SEO plugin v27.5 - https:\/\/yoast.com\/product\/yoast-seo-wordpress\/ -->\n<title>Fermente Peygamber \u00c7i\u00e7e\u011fi Ekstrakt\u0131 - Hurtowy Dystrybutor<\/title>\n<meta name=\"description\" content=\"Fermente Peygamber \u00c7i\u00e7e\u011fi Ekstrakt\u0131, peygamber \u00e7i\u00e7e\u011finin geleneksel \u00f6zelliklerini ileri fermantasyon teknolojisiyle bir araya getirmektedir.\" \/>\n<meta name=\"robots\" content=\"index, follow, max-snippet:-1, max-image-preview:large, max-video-preview:-1\" \/>\n<link rel=\"canonical\" href=\"https:\/\/naturalpoland.com\/tr\/urunler\/kozmetik-hammaddeleri\/fermente-ekstraktlar\/fermente-peygamber-cicegi-ekstrakti\/\" \/>\n<meta property=\"og:locale\" content=\"tr_TR\" \/>\n<meta property=\"og:type\" content=\"article\" \/>\n<meta property=\"og:title\" content=\"Fermente Peygamber \u00c7i\u00e7e\u011fi Ekstrakt\u0131 - Hurtowy Dystrybutor\" \/>\n<meta property=\"og:description\" content=\"Fermente Peygamber \u00c7i\u00e7e\u011fi Ekstrakt\u0131, peygamber \u00e7i\u00e7e\u011finin geleneksel \u00f6zelliklerini ileri fermantasyon teknolojisiyle bir araya getirmektedir.\" \/>\n<meta property=\"og:url\" content=\"https:\/\/naturalpoland.com\/tr\/urunler\/kozmetik-hammaddeleri\/fermente-ekstraktlar\/fermente-peygamber-cicegi-ekstrakti\/\" \/>\n<meta property=\"og:site_name\" content=\"NATURAL POLAND - Hurtowy Dystrybutor Surowc\u00f3w\" \/>\n<meta property=\"article:publisher\" content=\"https:\/\/www.facebook.com\/naturalpoland.b2b\" \/>\n<meta property=\"article:modified_time\" content=\"2026-03-25T14:03:27+00:00\" \/>\n<meta property=\"og:image\" content=\"https:\/\/naturalpoland.com\/wp-content\/uploads\/fermentowany-ekstrakt-z-chabra-blawatka.png\" \/>\n\t<meta property=\"og:image:width\" content=\"590\" \/>\n\t<meta property=\"og:image:height\" content=\"590\" \/>\n\t<meta property=\"og:image:type\" content=\"image\/png\" \/>\n<script type=\"application\/ld+json\" class=\"yoast-schema-graph\">{\"@context\":\"https:\\\/\\\/schema.org\",\"@graph\":[{\"@type\":\"WebPage\",\"@id\":\"https:\\\/\\\/naturalpoland.com\\\/tr\\\/urunler\\\/kozmetik-hammaddeleri\\\/fermente-ekstraktlar\\\/fermente-peygamber-cicegi-ekstrakti\\\/\",\"url\":\"https:\\\/\\\/naturalpoland.com\\\/tr\\\/urunler\\\/kozmetik-hammaddeleri\\\/fermente-ekstraktlar\\\/fermente-peygamber-cicegi-ekstrakti\\\/\",\"name\":\"Fermente Peygamber \u00c7i\u00e7e\u011fi Ekstrakt\u0131 - Hurtowy Dystrybutor\",\"isPartOf\":{\"@id\":\"https:\\\/\\\/naturalpoland.com\\\/tr\\\/#website\"},\"primaryImageOfPage\":{\"@id\":\"https:\\\/\\\/naturalpoland.com\\\/tr\\\/urunler\\\/kozmetik-hammaddeleri\\\/fermente-ekstraktlar\\\/fermente-peygamber-cicegi-ekstrakti\\\/#primaryimage\"},\"image\":{\"@id\":\"https:\\\/\\\/naturalpoland.com\\\/tr\\\/urunler\\\/kozmetik-hammaddeleri\\\/fermente-ekstraktlar\\\/fermente-peygamber-cicegi-ekstrakti\\\/#primaryimage\"},\"thumbnailUrl\":\"https:\\\/\\\/naturalpoland.com\\\/wp-content\\\/uploads\\\/fermentowany-ekstrakt-z-chabra-blawatka.png\",\"datePublished\":\"2023-10-06T08:28:28+00:00\",\"dateModified\":\"2026-03-25T14:03:27+00:00\",\"description\":\"Fermente Peygamber \u00c7i\u00e7e\u011fi Ekstrakt\u0131, peygamber \u00e7i\u00e7e\u011finin geleneksel \u00f6zelliklerini ileri fermantasyon teknolojisiyle bir araya getirmektedir.\",\"breadcrumb\":{\"@id\":\"https:\\\/\\\/naturalpoland.com\\\/tr\\\/urunler\\\/kozmetik-hammaddeleri\\\/fermente-ekstraktlar\\\/fermente-peygamber-cicegi-ekstrakti\\\/#breadcrumb\"},\"inLanguage\":\"tr\",\"potentialAction\":[{\"@type\":\"ReadAction\",\"target\":[\"https:\\\/\\\/naturalpoland.com\\\/tr\\\/urunler\\\/kozmetik-hammaddeleri\\\/fermente-ekstraktlar\\\/fermente-peygamber-cicegi-ekstrakti\\\/\"]}]},{\"@type\":\"ImageObject\",\"inLanguage\":\"tr\",\"@id\":\"https:\\\/\\\/naturalpoland.com\\\/tr\\\/urunler\\\/kozmetik-hammaddeleri\\\/fermente-ekstraktlar\\\/fermente-peygamber-cicegi-ekstrakti\\\/#primaryimage\",\"url\":\"https:\\\/\\\/naturalpoland.com\\\/wp-content\\\/uploads\\\/fermentowany-ekstrakt-z-chabra-blawatka.png\",\"contentUrl\":\"https:\\\/\\\/naturalpoland.com\\\/wp-content\\\/uploads\\\/fermentowany-ekstrakt-z-chabra-blawatka.png\",\"width\":590,\"height\":590,\"caption\":\"fermente peygamber \u00e7i\u00e7e\u011fi ekstrakt\u0131\"},{\"@type\":\"BreadcrumbList\",\"@id\":\"https:\\\/\\\/naturalpoland.com\\\/tr\\\/urunler\\\/kozmetik-hammaddeleri\\\/fermente-ekstraktlar\\\/fermente-peygamber-cicegi-ekstrakti\\\/#breadcrumb\",\"itemListElement\":[{\"@type\":\"ListItem\",\"position\":1,\"name\":\"Ana Sayfa\",\"item\":\"https:\\\/\\\/naturalpoland.com\\\/tr\\\/\"},{\"@type\":\"ListItem\",\"position\":2,\"name\":\"\u00dcr\u00fcnler\",\"item\":\"https:\\\/\\\/naturalpoland.com\\\/tr\\\/urunler\\\/\"},{\"@type\":\"ListItem\",\"position\":3,\"name\":\"Fermente Peygamber \u00c7i\u00e7e\u011fi Ekstrakt\u0131\"}]},{\"@type\":\"WebSite\",\"@id\":\"https:\\\/\\\/naturalpoland.com\\\/tr\\\/#website\",\"url\":\"https:\\\/\\\/naturalpoland.com\\\/tr\\\/\",\"name\":\"NATURAL POLAND - Hurtowy Dystrybutor Surowc\u00f3w\",\"description\":\"Surowce dla przemys\u0142u spo\u017cywczego, kosmetycznego i farmaceutycznego\",\"publisher\":{\"@id\":\"https:\\\/\\\/naturalpoland.com\\\/tr\\\/#organization\"},\"potentialAction\":[{\"@type\":\"SearchAction\",\"target\":{\"@type\":\"EntryPoint\",\"urlTemplate\":\"https:\\\/\\\/naturalpoland.com\\\/tr\\\/?s={search_term_string}\"},\"query-input\":{\"@type\":\"PropertyValueSpecification\",\"valueRequired\":true,\"valueName\":\"search_term_string\"}}],\"inLanguage\":\"tr\"},{\"@type\":\"Organization\",\"@id\":\"https:\\\/\\\/naturalpoland.com\\\/tr\\\/#organization\",\"name\":\"Natural Poland\",\"url\":\"https:\\\/\\\/naturalpoland.com\\\/tr\\\/\",\"logo\":{\"@type\":\"ImageObject\",\"inLanguage\":\"tr\",\"@id\":\"https:\\\/\\\/naturalpoland.com\\\/tr\\\/#\\\/schema\\\/logo\\\/image\\\/\",\"url\":\"https:\\\/\\\/naturalpoland.com\\\/wp-content\\\/uploads\\\/2021\\\/05\\\/natural-poland-icon.png\",\"contentUrl\":\"https:\\\/\\\/naturalpoland.com\\\/wp-content\\\/uploads\\\/2021\\\/05\\\/natural-poland-icon.png\",\"width\":512,\"height\":512,\"caption\":\"Natural Poland\"},\"image\":{\"@id\":\"https:\\\/\\\/naturalpoland.com\\\/tr\\\/#\\\/schema\\\/logo\\\/image\\\/\"},\"sameAs\":[\"https:\\\/\\\/www.facebook.com\\\/naturalpoland.b2b\",\"https:\\\/\\\/pl.linkedin.com\\\/company\\\/natural-poland\",\"https:\\\/\\\/www.youtube.com\\\/channel\\\/UCgeGGkvOMahZo-xu_MSEWxg\"]}]}<\/script>\n<!-- \/ Yoast SEO plugin. -->","yoast_head_json":{"title":"Fermente Peygamber \u00c7i\u00e7e\u011fi Ekstrakt\u0131 - Hurtowy Dystrybutor","description":"Fermente Peygamber \u00c7i\u00e7e\u011fi Ekstrakt\u0131, peygamber \u00e7i\u00e7e\u011finin geleneksel \u00f6zelliklerini ileri fermantasyon teknolojisiyle bir araya getirmektedir.","robots":{"index":"index","follow":"follow","max-snippet":"max-snippet:-1","max-image-preview":"max-image-preview:large","max-video-preview":"max-video-preview:-1"},"canonical":"https:\/\/naturalpoland.com\/tr\/urunler\/kozmetik-hammaddeleri\/fermente-ekstraktlar\/fermente-peygamber-cicegi-ekstrakti\/","og_locale":"tr_TR","og_type":"article","og_title":"Fermente Peygamber \u00c7i\u00e7e\u011fi Ekstrakt\u0131 - Hurtowy Dystrybutor","og_description":"Fermente Peygamber \u00c7i\u00e7e\u011fi Ekstrakt\u0131, peygamber \u00e7i\u00e7e\u011finin geleneksel \u00f6zelliklerini ileri fermantasyon teknolojisiyle bir araya getirmektedir.","og_url":"https:\/\/naturalpoland.com\/tr\/urunler\/kozmetik-hammaddeleri\/fermente-ekstraktlar\/fermente-peygamber-cicegi-ekstrakti\/","og_site_name":"NATURAL POLAND - Hurtowy Dystrybutor Surowc\u00f3w","article_publisher":"https:\/\/www.facebook.com\/naturalpoland.b2b","article_modified_time":"2026-03-25T14:03:27+00:00","og_image":[{"width":590,"height":590,"url":"https:\/\/naturalpoland.com\/wp-content\/uploads\/fermentowany-ekstrakt-z-chabra-blawatka.png","type":"image\/png"}],"schema":{"@context":"https:\/\/schema.org","@graph":[{"@type":"WebPage","@id":"https:\/\/naturalpoland.com\/tr\/urunler\/kozmetik-hammaddeleri\/fermente-ekstraktlar\/fermente-peygamber-cicegi-ekstrakti\/","url":"https:\/\/naturalpoland.com\/tr\/urunler\/kozmetik-hammaddeleri\/fermente-ekstraktlar\/fermente-peygamber-cicegi-ekstrakti\/","name":"Fermente Peygamber \u00c7i\u00e7e\u011fi Ekstrakt\u0131 - Hurtowy Dystrybutor","isPartOf":{"@id":"https:\/\/naturalpoland.com\/tr\/#website"},"primaryImageOfPage":{"@id":"https:\/\/naturalpoland.com\/tr\/urunler\/kozmetik-hammaddeleri\/fermente-ekstraktlar\/fermente-peygamber-cicegi-ekstrakti\/#primaryimage"},"image":{"@id":"https:\/\/naturalpoland.com\/tr\/urunler\/kozmetik-hammaddeleri\/fermente-ekstraktlar\/fermente-peygamber-cicegi-ekstrakti\/#primaryimage"},"thumbnailUrl":"https:\/\/naturalpoland.com\/wp-content\/uploads\/fermentowany-ekstrakt-z-chabra-blawatka.png","datePublished":"2023-10-06T08:28:28+00:00","dateModified":"2026-03-25T14:03:27+00:00","description":"Fermente Peygamber \u00c7i\u00e7e\u011fi Ekstrakt\u0131, peygamber \u00e7i\u00e7e\u011finin geleneksel \u00f6zelliklerini ileri fermantasyon teknolojisiyle bir araya getirmektedir.","breadcrumb":{"@id":"https:\/\/naturalpoland.com\/tr\/urunler\/kozmetik-hammaddeleri\/fermente-ekstraktlar\/fermente-peygamber-cicegi-ekstrakti\/#breadcrumb"},"inLanguage":"tr","potentialAction":[{"@type":"ReadAction","target":["https:\/\/naturalpoland.com\/tr\/urunler\/kozmetik-hammaddeleri\/fermente-ekstraktlar\/fermente-peygamber-cicegi-ekstrakti\/"]}]},{"@type":"ImageObject","inLanguage":"tr","@id":"https:\/\/naturalpoland.com\/tr\/urunler\/kozmetik-hammaddeleri\/fermente-ekstraktlar\/fermente-peygamber-cicegi-ekstrakti\/#primaryimage","url":"https:\/\/naturalpoland.com\/wp-content\/uploads\/fermentowany-ekstrakt-z-chabra-blawatka.png","contentUrl":"https:\/\/naturalpoland.com\/wp-content\/uploads\/fermentowany-ekstrakt-z-chabra-blawatka.png","width":590,"height":590,"caption":"fermente peygamber \u00e7i\u00e7e\u011fi ekstrakt\u0131"},{"@type":"BreadcrumbList","@id":"https:\/\/naturalpoland.com\/tr\/urunler\/kozmetik-hammaddeleri\/fermente-ekstraktlar\/fermente-peygamber-cicegi-ekstrakti\/#breadcrumb","itemListElement":[{"@type":"ListItem","position":1,"name":"Ana Sayfa","item":"https:\/\/naturalpoland.com\/tr\/"},{"@type":"ListItem","position":2,"name":"\u00dcr\u00fcnler","item":"https:\/\/naturalpoland.com\/tr\/urunler\/"},{"@type":"ListItem","position":3,"name":"Fermente Peygamber \u00c7i\u00e7e\u011fi Ekstrakt\u0131"}]},{"@type":"WebSite","@id":"https:\/\/naturalpoland.com\/tr\/#website","url":"https:\/\/naturalpoland.com\/tr\/","name":"NATURAL POLAND - Hurtowy Dystrybutor Surowc\u00f3w","description":"Surowce dla przemys\u0142u spo\u017cywczego, kosmetycznego i farmaceutycznego","publisher":{"@id":"https:\/\/naturalpoland.com\/tr\/#organization"},"potentialAction":[{"@type":"SearchAction","target":{"@type":"EntryPoint","urlTemplate":"https:\/\/naturalpoland.com\/tr\/?s={search_term_string}"},"query-input":{"@type":"PropertyValueSpecification","valueRequired":true,"valueName":"search_term_string"}}],"inLanguage":"tr"},{"@type":"Organization","@id":"https:\/\/naturalpoland.com\/tr\/#organization","name":"Natural Poland","url":"https:\/\/naturalpoland.com\/tr\/","logo":{"@type":"ImageObject","inLanguage":"tr","@id":"https:\/\/naturalpoland.com\/tr\/#\/schema\/logo\/image\/","url":"https:\/\/naturalpoland.com\/wp-content\/uploads\/2021\/05\/natural-poland-icon.png","contentUrl":"https:\/\/naturalpoland.com\/wp-content\/uploads\/2021\/05\/natural-poland-icon.png","width":512,"height":512,"caption":"Natural Poland"},"image":{"@id":"https:\/\/naturalpoland.com\/tr\/#\/schema\/logo\/image\/"},"sameAs":["https:\/\/www.facebook.com\/naturalpoland.b2b","https:\/\/pl.linkedin.com\/company\/natural-poland","https:\/\/www.youtube.com\/channel\/UCgeGGkvOMahZo-xu_MSEWxg"]}]}},"_links":{"self":[{"href":"https:\/\/naturalpoland.com\/tr\/wp-json\/wp\/v2\/product\/47134","targetHints":{"allow":["GET"]}}],"collection":[{"href":"https:\/\/naturalpoland.com\/tr\/wp-json\/wp\/v2\/product"}],"about":[{"href":"https:\/\/naturalpoland.com\/tr\/wp-json\/wp\/v2\/types\/product"}],"wp:featuredmedia":[{"embeddable":true,"href":"https:\/\/naturalpoland.com\/tr\/wp-json\/wp\/v2\/media\/47135"}],"wp:attachment":[{"href":"https:\/\/naturalpoland.com\/tr\/wp-json\/wp\/v2\/media?parent=47134"}],"wp:term":[{"taxonomy":"product_brand","embeddable":true,"href":"https:\/\/naturalpoland.com\/tr\/wp-json\/wp\/v2\/product_brand?post=47134"},{"taxonomy":"product_cat","embeddable":true,"href":"https:\/\/naturalpoland.com\/tr\/wp-json\/wp\/v2\/product_cat?post=47134"},{"taxonomy":"product_tag","embeddable":true,"href":"https:\/\/naturalpoland.com\/tr\/wp-json\/wp\/v2\/product_tag?post=47134"}],"curies":[{"name":"wp","href":"https:\/\/api.w.org\/{rel}","templated":true}]}}