{"id":47136,"date":"2023-10-06T09:39:24","date_gmt":"2023-10-06T07:39:24","guid":{"rendered":"https:\/\/naturalpoland.com\/produkty\/kategorilenmemis\/fermente-aloe-vera-ozu\/"},"modified":"2026-03-25T15:03:41","modified_gmt":"2026-03-25T14:03:41","slug":"fermente-aloe-vera-ozu","status":"publish","type":"product","link":"https:\/\/naturalpoland.com\/tr\/urunler\/kozmetik-hammaddeleri\/fermente-ekstraktlar\/fermente-aloe-vera-ozu\/","title":{"rendered":"Fermente aloe vera \u00f6z\u00fc"},"content":{"rendered":"<h2>\u00d6zellikler<\/h2>\n<p>Aloe vera, m\u00fckemmel <strong>nemlendirici ve yat\u0131\u015ft\u0131r\u0131c\u0131 \u00f6zellikleri<\/strong> nedeniyle kozmetikte uzun s\u00fcredir de\u011fer g\u00f6rmektedir. Fermente aloe vera \u00f6z\u00fc cildi yo\u011fun \u015fekilde nemlendirir, h\u00fccrelerin su dengesini korumaya yard\u0131mc\u0131 olur ve cilt y\u00fczeyinde koruyucu bir film olu\u015fturur. Tahri\u015f ve k\u0131zar\u0131kl\u0131klar\u0131 yat\u0131\u015ft\u0131rarak hassas ve reaktif cilde rahatlama sa\u011flar.  <\/p>\n<p>Ayr\u0131ca, \u00f6zde bulunan aktif bile\u015fenler <strong>cildin yenilenme s\u00fcre\u00e7lerini uyararak<\/strong> do\u011fal savunma ve onar\u0131m mekanizmalar\u0131n\u0131 destekler. \u00d6z\u00fcn antioksidan etkisi, cildi kirlilik veya UV radyasyonu gibi d\u0131\u015f fakt\u00f6rlerin olumsuz etkilerinden koruyarak erken ya\u015flanmay\u0131 \u00f6nler. <\/p>\n<h2>Kullan\u0131m:<\/h2>\n<p>Fermente aloe vera \u00f6z\u00fc, kremler, serumlar, em\u00fclsiyonlar, jeller veya maskeler gibi bir\u00e7ok kozmetik \u00fcr\u00fcne m\u00fckemmel bir katk\u0131d\u0131r. \u00d6zellikle hassas, kuru, olgun veya tahri\u015fe e\u011filimli olmak \u00fczere her cilt tipinin bak\u0131m\u0131na y\u00f6nelik \u00fcr\u00fcnlerde ba\u015far\u0131yla kullan\u0131labilir. <\/p>\n<p>\u00dcr\u00fcn tamamen do\u011fal, vegan ve sentetik katk\u0131 maddesi i\u00e7ermez, bu da her cilt tipi i\u00e7in g\u00fcvenli ve nazik olmas\u0131n\u0131 sa\u011flar. Fermente aloe vera \u00f6z\u00fc, en y\u00fcksek kalite ve etik standartlar\u0131 koruyarak kan\u0131tlanm\u0131\u015f, \u00e7ok y\u00f6nl\u00fc etkiye sahip \u00fcr\u00fcnler sunmak isteyen kozmetik markalar\u0131 i\u00e7in m\u00fckemmel bir se\u00e7imdir. <\/p>\n","protected":false},"excerpt":{"rendered":"<p>Fermente Aloe Vera \u00d6z\u00fc (INCI: <em>Aloe Ferment Extract<\/em>), cilt bak\u0131m\u0131 alan\u0131nda aloe veran\u0131n t\u00fcm faydal\u0131 \u00f6zelliklerini daha da konsantre ve aktif bir formda sunan yenilik\u00e7i bir bile\u015fendir. Fermentasyon s\u00fcreci yaln\u0131zca aloe veran\u0131n do\u011fal avantajlar\u0131n\u0131 g\u00fc\u00e7lendirmekle kalmaz, ayn\u0131 zamanda cilt taraf\u0131ndan daha kolay emilmesini sa\u011flayarak daha yo\u011fun bir etki elde edilmesini m\u00fcmk\u00fcn k\u0131lar. <\/p>\n","protected":false},"featured_media":47137,"template":"","meta":{"_acf_changed":false},"product_brand":[],"product_cat":[9545],"product_tag":[],"class_list":{"0":"post-47136","1":"product","2":"type-product","3":"status-publish","4":"has-post-thumbnail","6":"product_cat-fermente-ekstraktlar","8":"first","9":"instock","10":"shipping-taxable","11":"product-type-simple"},"acf":[],"yoast_head":"<!-- This site is optimized with the Yoast SEO plugin v27.6 - https:\/\/yoast.com\/product\/yoast-seo-wordpress\/ -->\n<title>Fermente aloe vera \u00f6z\u00fc - Natural Poland<\/title>\n<meta name=\"description\" content=\"Fermente Aloe Vera \u00d6z\u00fc, aloe veran\u0131n t\u00fcm faydal\u0131 \u00f6zelliklerini daha konsantre bir formda sunan cilt bak\u0131m\u0131 i\u00e7in yeni bir bile\u015fendir\" \/>\n<meta name=\"robots\" content=\"index, follow, max-snippet:-1, max-image-preview:large, max-video-preview:-1\" \/>\n<link rel=\"canonical\" href=\"https:\/\/naturalpoland.com\/tr\/urunler\/kozmetik-hammaddeleri\/fermente-ekstraktlar\/fermente-aloe-vera-ozu\/\" \/>\n<meta property=\"og:locale\" content=\"tr_TR\" \/>\n<meta property=\"og:type\" content=\"article\" \/>\n<meta property=\"og:title\" content=\"Fermente aloe vera \u00f6z\u00fc - Natural Poland\" \/>\n<meta property=\"og:description\" content=\"Fermente Aloe Vera \u00d6z\u00fc, aloe veran\u0131n t\u00fcm faydal\u0131 \u00f6zelliklerini daha konsantre bir formda sunan cilt bak\u0131m\u0131 i\u00e7in yeni bir bile\u015fendir\" \/>\n<meta property=\"og:url\" content=\"https:\/\/naturalpoland.com\/tr\/urunler\/kozmetik-hammaddeleri\/fermente-ekstraktlar\/fermente-aloe-vera-ozu\/\" \/>\n<meta property=\"og:site_name\" content=\"NATURAL POLAND - Hurtowy Dystrybutor Surowc\u00f3w\" \/>\n<meta property=\"article:publisher\" content=\"https:\/\/www.facebook.com\/naturalpoland.b2b\" \/>\n<meta property=\"article:modified_time\" content=\"2026-03-25T14:03:41+00:00\" \/>\n<meta property=\"og:image\" content=\"https:\/\/naturalpoland.com\/wp-content\/uploads\/fermentowany-ekstrakt-z-aloesu.png\" \/>\n\t<meta property=\"og:image:width\" content=\"590\" \/>\n\t<meta property=\"og:image:height\" content=\"590\" \/>\n\t<meta property=\"og:image:type\" content=\"image\/png\" \/>\n<script type=\"application\/ld+json\" class=\"yoast-schema-graph\">{\"@context\":\"https:\\\/\\\/schema.org\",\"@graph\":[{\"@type\":\"WebPage\",\"@id\":\"https:\\\/\\\/naturalpoland.com\\\/tr\\\/urunler\\\/kozmetik-hammaddeleri\\\/fermente-ekstraktlar\\\/fermente-aloe-vera-ozu\\\/\",\"url\":\"https:\\\/\\\/naturalpoland.com\\\/tr\\\/urunler\\\/kozmetik-hammaddeleri\\\/fermente-ekstraktlar\\\/fermente-aloe-vera-ozu\\\/\",\"name\":\"Fermente aloe vera \u00f6z\u00fc - Natural Poland\",\"isPartOf\":{\"@id\":\"https:\\\/\\\/naturalpoland.com\\\/tr\\\/#website\"},\"primaryImageOfPage\":{\"@id\":\"https:\\\/\\\/naturalpoland.com\\\/tr\\\/urunler\\\/kozmetik-hammaddeleri\\\/fermente-ekstraktlar\\\/fermente-aloe-vera-ozu\\\/#primaryimage\"},\"image\":{\"@id\":\"https:\\\/\\\/naturalpoland.com\\\/tr\\\/urunler\\\/kozmetik-hammaddeleri\\\/fermente-ekstraktlar\\\/fermente-aloe-vera-ozu\\\/#primaryimage\"},\"thumbnailUrl\":\"https:\\\/\\\/naturalpoland.com\\\/wp-content\\\/uploads\\\/fermentowany-ekstrakt-z-aloesu.png\",\"datePublished\":\"2023-10-06T07:39:24+00:00\",\"dateModified\":\"2026-03-25T14:03:41+00:00\",\"description\":\"Fermente Aloe Vera \u00d6z\u00fc, aloe veran\u0131n t\u00fcm faydal\u0131 \u00f6zelliklerini daha konsantre bir formda sunan cilt bak\u0131m\u0131 i\u00e7in yeni bir bile\u015fendir\",\"breadcrumb\":{\"@id\":\"https:\\\/\\\/naturalpoland.com\\\/tr\\\/urunler\\\/kozmetik-hammaddeleri\\\/fermente-ekstraktlar\\\/fermente-aloe-vera-ozu\\\/#breadcrumb\"},\"inLanguage\":\"tr\",\"potentialAction\":[{\"@type\":\"ReadAction\",\"target\":[\"https:\\\/\\\/naturalpoland.com\\\/tr\\\/urunler\\\/kozmetik-hammaddeleri\\\/fermente-ekstraktlar\\\/fermente-aloe-vera-ozu\\\/\"]}]},{\"@type\":\"ImageObject\",\"inLanguage\":\"tr\",\"@id\":\"https:\\\/\\\/naturalpoland.com\\\/tr\\\/urunler\\\/kozmetik-hammaddeleri\\\/fermente-ekstraktlar\\\/fermente-aloe-vera-ozu\\\/#primaryimage\",\"url\":\"https:\\\/\\\/naturalpoland.com\\\/wp-content\\\/uploads\\\/fermentowany-ekstrakt-z-aloesu.png\",\"contentUrl\":\"https:\\\/\\\/naturalpoland.com\\\/wp-content\\\/uploads\\\/fermentowany-ekstrakt-z-aloesu.png\",\"width\":590,\"height\":590,\"caption\":\"Fermente aloe vera \u00f6z\u00fc\"},{\"@type\":\"BreadcrumbList\",\"@id\":\"https:\\\/\\\/naturalpoland.com\\\/tr\\\/urunler\\\/kozmetik-hammaddeleri\\\/fermente-ekstraktlar\\\/fermente-aloe-vera-ozu\\\/#breadcrumb\",\"itemListElement\":[{\"@type\":\"ListItem\",\"position\":1,\"name\":\"Ana Sayfa\",\"item\":\"https:\\\/\\\/naturalpoland.com\\\/tr\\\/\"},{\"@type\":\"ListItem\",\"position\":2,\"name\":\"\u00dcr\u00fcnler\",\"item\":\"https:\\\/\\\/naturalpoland.com\\\/tr\\\/urunler\\\/\"},{\"@type\":\"ListItem\",\"position\":3,\"name\":\"Fermente aloe vera \u00f6z\u00fc\"}]},{\"@type\":\"WebSite\",\"@id\":\"https:\\\/\\\/naturalpoland.com\\\/tr\\\/#website\",\"url\":\"https:\\\/\\\/naturalpoland.com\\\/tr\\\/\",\"name\":\"NATURAL POLAND - Hurtowy Dystrybutor Surowc\u00f3w\",\"description\":\"Surowce dla przemys\u0142u spo\u017cywczego, kosmetycznego i farmaceutycznego\",\"publisher\":{\"@id\":\"https:\\\/\\\/naturalpoland.com\\\/tr\\\/#organization\"},\"potentialAction\":[{\"@type\":\"SearchAction\",\"target\":{\"@type\":\"EntryPoint\",\"urlTemplate\":\"https:\\\/\\\/naturalpoland.com\\\/tr\\\/?s={search_term_string}\"},\"query-input\":{\"@type\":\"PropertyValueSpecification\",\"valueRequired\":true,\"valueName\":\"search_term_string\"}}],\"inLanguage\":\"tr\"},{\"@type\":\"Organization\",\"@id\":\"https:\\\/\\\/naturalpoland.com\\\/tr\\\/#organization\",\"name\":\"Natural Poland\",\"url\":\"https:\\\/\\\/naturalpoland.com\\\/tr\\\/\",\"logo\":{\"@type\":\"ImageObject\",\"inLanguage\":\"tr\",\"@id\":\"https:\\\/\\\/naturalpoland.com\\\/tr\\\/#\\\/schema\\\/logo\\\/image\\\/\",\"url\":\"https:\\\/\\\/naturalpoland.com\\\/wp-content\\\/uploads\\\/2021\\\/05\\\/natural-poland-icon.png\",\"contentUrl\":\"https:\\\/\\\/naturalpoland.com\\\/wp-content\\\/uploads\\\/2021\\\/05\\\/natural-poland-icon.png\",\"width\":512,\"height\":512,\"caption\":\"Natural Poland\"},\"image\":{\"@id\":\"https:\\\/\\\/naturalpoland.com\\\/tr\\\/#\\\/schema\\\/logo\\\/image\\\/\"},\"sameAs\":[\"https:\\\/\\\/www.facebook.com\\\/naturalpoland.b2b\",\"https:\\\/\\\/pl.linkedin.com\\\/company\\\/natural-poland\",\"https:\\\/\\\/www.youtube.com\\\/channel\\\/UCgeGGkvOMahZo-xu_MSEWxg\"]}]}<\/script>\n<!-- \/ Yoast SEO plugin. -->","yoast_head_json":{"title":"Fermente aloe vera \u00f6z\u00fc - Natural Poland","description":"Fermente Aloe Vera \u00d6z\u00fc, aloe veran\u0131n t\u00fcm faydal\u0131 \u00f6zelliklerini daha konsantre bir formda sunan cilt bak\u0131m\u0131 i\u00e7in yeni bir bile\u015fendir","robots":{"index":"index","follow":"follow","max-snippet":"max-snippet:-1","max-image-preview":"max-image-preview:large","max-video-preview":"max-video-preview:-1"},"canonical":"https:\/\/naturalpoland.com\/tr\/urunler\/kozmetik-hammaddeleri\/fermente-ekstraktlar\/fermente-aloe-vera-ozu\/","og_locale":"tr_TR","og_type":"article","og_title":"Fermente aloe vera \u00f6z\u00fc - Natural Poland","og_description":"Fermente Aloe Vera \u00d6z\u00fc, aloe veran\u0131n t\u00fcm faydal\u0131 \u00f6zelliklerini daha konsantre bir formda sunan cilt bak\u0131m\u0131 i\u00e7in yeni bir bile\u015fendir","og_url":"https:\/\/naturalpoland.com\/tr\/urunler\/kozmetik-hammaddeleri\/fermente-ekstraktlar\/fermente-aloe-vera-ozu\/","og_site_name":"NATURAL POLAND - Hurtowy Dystrybutor Surowc\u00f3w","article_publisher":"https:\/\/www.facebook.com\/naturalpoland.b2b","article_modified_time":"2026-03-25T14:03:41+00:00","og_image":[{"width":590,"height":590,"url":"https:\/\/naturalpoland.com\/wp-content\/uploads\/fermentowany-ekstrakt-z-aloesu.png","type":"image\/png"}],"schema":{"@context":"https:\/\/schema.org","@graph":[{"@type":"WebPage","@id":"https:\/\/naturalpoland.com\/tr\/urunler\/kozmetik-hammaddeleri\/fermente-ekstraktlar\/fermente-aloe-vera-ozu\/","url":"https:\/\/naturalpoland.com\/tr\/urunler\/kozmetik-hammaddeleri\/fermente-ekstraktlar\/fermente-aloe-vera-ozu\/","name":"Fermente aloe vera \u00f6z\u00fc - Natural Poland","isPartOf":{"@id":"https:\/\/naturalpoland.com\/tr\/#website"},"primaryImageOfPage":{"@id":"https:\/\/naturalpoland.com\/tr\/urunler\/kozmetik-hammaddeleri\/fermente-ekstraktlar\/fermente-aloe-vera-ozu\/#primaryimage"},"image":{"@id":"https:\/\/naturalpoland.com\/tr\/urunler\/kozmetik-hammaddeleri\/fermente-ekstraktlar\/fermente-aloe-vera-ozu\/#primaryimage"},"thumbnailUrl":"https:\/\/naturalpoland.com\/wp-content\/uploads\/fermentowany-ekstrakt-z-aloesu.png","datePublished":"2023-10-06T07:39:24+00:00","dateModified":"2026-03-25T14:03:41+00:00","description":"Fermente Aloe Vera \u00d6z\u00fc, aloe veran\u0131n t\u00fcm faydal\u0131 \u00f6zelliklerini daha konsantre bir formda sunan cilt bak\u0131m\u0131 i\u00e7in yeni bir bile\u015fendir","breadcrumb":{"@id":"https:\/\/naturalpoland.com\/tr\/urunler\/kozmetik-hammaddeleri\/fermente-ekstraktlar\/fermente-aloe-vera-ozu\/#breadcrumb"},"inLanguage":"tr","potentialAction":[{"@type":"ReadAction","target":["https:\/\/naturalpoland.com\/tr\/urunler\/kozmetik-hammaddeleri\/fermente-ekstraktlar\/fermente-aloe-vera-ozu\/"]}]},{"@type":"ImageObject","inLanguage":"tr","@id":"https:\/\/naturalpoland.com\/tr\/urunler\/kozmetik-hammaddeleri\/fermente-ekstraktlar\/fermente-aloe-vera-ozu\/#primaryimage","url":"https:\/\/naturalpoland.com\/wp-content\/uploads\/fermentowany-ekstrakt-z-aloesu.png","contentUrl":"https:\/\/naturalpoland.com\/wp-content\/uploads\/fermentowany-ekstrakt-z-aloesu.png","width":590,"height":590,"caption":"Fermente aloe vera \u00f6z\u00fc"},{"@type":"BreadcrumbList","@id":"https:\/\/naturalpoland.com\/tr\/urunler\/kozmetik-hammaddeleri\/fermente-ekstraktlar\/fermente-aloe-vera-ozu\/#breadcrumb","itemListElement":[{"@type":"ListItem","position":1,"name":"Ana Sayfa","item":"https:\/\/naturalpoland.com\/tr\/"},{"@type":"ListItem","position":2,"name":"\u00dcr\u00fcnler","item":"https:\/\/naturalpoland.com\/tr\/urunler\/"},{"@type":"ListItem","position":3,"name":"Fermente aloe vera \u00f6z\u00fc"}]},{"@type":"WebSite","@id":"https:\/\/naturalpoland.com\/tr\/#website","url":"https:\/\/naturalpoland.com\/tr\/","name":"NATURAL POLAND - Hurtowy Dystrybutor Surowc\u00f3w","description":"Surowce dla przemys\u0142u spo\u017cywczego, kosmetycznego i farmaceutycznego","publisher":{"@id":"https:\/\/naturalpoland.com\/tr\/#organization"},"potentialAction":[{"@type":"SearchAction","target":{"@type":"EntryPoint","urlTemplate":"https:\/\/naturalpoland.com\/tr\/?s={search_term_string}"},"query-input":{"@type":"PropertyValueSpecification","valueRequired":true,"valueName":"search_term_string"}}],"inLanguage":"tr"},{"@type":"Organization","@id":"https:\/\/naturalpoland.com\/tr\/#organization","name":"Natural Poland","url":"https:\/\/naturalpoland.com\/tr\/","logo":{"@type":"ImageObject","inLanguage":"tr","@id":"https:\/\/naturalpoland.com\/tr\/#\/schema\/logo\/image\/","url":"https:\/\/naturalpoland.com\/wp-content\/uploads\/2021\/05\/natural-poland-icon.png","contentUrl":"https:\/\/naturalpoland.com\/wp-content\/uploads\/2021\/05\/natural-poland-icon.png","width":512,"height":512,"caption":"Natural Poland"},"image":{"@id":"https:\/\/naturalpoland.com\/tr\/#\/schema\/logo\/image\/"},"sameAs":["https:\/\/www.facebook.com\/naturalpoland.b2b","https:\/\/pl.linkedin.com\/company\/natural-poland","https:\/\/www.youtube.com\/channel\/UCgeGGkvOMahZo-xu_MSEWxg"]}]}},"_links":{"self":[{"href":"https:\/\/naturalpoland.com\/tr\/wp-json\/wp\/v2\/product\/47136","targetHints":{"allow":["GET"]}}],"collection":[{"href":"https:\/\/naturalpoland.com\/tr\/wp-json\/wp\/v2\/product"}],"about":[{"href":"https:\/\/naturalpoland.com\/tr\/wp-json\/wp\/v2\/types\/product"}],"wp:featuredmedia":[{"embeddable":true,"href":"https:\/\/naturalpoland.com\/tr\/wp-json\/wp\/v2\/media\/47137"}],"wp:attachment":[{"href":"https:\/\/naturalpoland.com\/tr\/wp-json\/wp\/v2\/media?parent=47136"}],"wp:term":[{"taxonomy":"product_brand","embeddable":true,"href":"https:\/\/naturalpoland.com\/tr\/wp-json\/wp\/v2\/product_brand?post=47136"},{"taxonomy":"product_cat","embeddable":true,"href":"https:\/\/naturalpoland.com\/tr\/wp-json\/wp\/v2\/product_cat?post=47136"},{"taxonomy":"product_tag","embeddable":true,"href":"https:\/\/naturalpoland.com\/tr\/wp-json\/wp\/v2\/product_tag?post=47136"}],"curies":[{"name":"wp","href":"https:\/\/api.w.org\/{rel}","templated":true}]}}