{"id":47138,"date":"2023-10-06T11:07:05","date_gmt":"2023-10-06T09:07:05","guid":{"rendered":"https:\/\/naturalpoland.com\/produkty\/kategorilenmemis\/fermente-kekik-ozu\/"},"modified":"2026-03-25T15:03:44","modified_gmt":"2026-03-25T14:03:44","slug":"fermente-kekik-ozu","status":"publish","type":"product","link":"https:\/\/naturalpoland.com\/tr\/urunler\/kozmetik-hammaddeleri\/fermente-ekstraktlar\/fermente-kekik-ozu\/","title":{"rendered":"Fermente Kekik \u00d6z\u00fc"},"content":{"rendered":"<p>Geleneksel <strong><a href=\"https:\/\/naturalpoland.com\/artykuly\/produkty-naturalne\/ziololecznictwo-a-fitoterapia-czym-sie-roznia\/\">bitkisel t\u0131pta<\/a><\/strong> bilinen ve de\u011fer verilen kekik, bu \u00f6ze g\u00fc\u00e7l\u00fc antibakteriyel, antienflamatuar ve antioksidan \u00f6zellikler katmaktad\u0131r. Bu, cildin kirlilik veya UV \u0131\u015f\u0131nlar\u0131 gibi \u00e7evresel stres fakt\u00f6rlerinin olumsuz etkilerinden korunmas\u0131na yard\u0131mc\u0131 olur. Kekik \u00f6z\u00fc, cildin do\u011fal koruyucu bariyerini destekleyerek sa\u011fl\u0131kl\u0131, yenilenmi\u015f bir g\u00f6r\u00fcn\u00fcme katk\u0131da bulunur.  <\/p>\n<p>Dahas\u0131, Fermente Kekik \u00d6z\u00fc, ya\u011fl\u0131 ve karma ciltler i\u00e7in m\u00fckemmel bir \u00e7\u00f6z\u00fcmd\u00fcr. \u0130\u00e7erdi\u011fi do\u011fal aktif bile\u015fenler sebum \u00fcretimini d\u00fczenleyerek kusurlar\u0131n olu\u015fumunu engeller ve mat bir etki sa\u011flar. Ek olarak, bu \u00f6z, cilt h\u00fccrelerinin yenilenmesini destekler, bu sayede olgun ciltler i\u00e7in tasarlanm\u0131\u015f \u00fcr\u00fcnlerde kullan\u0131labilir.  <\/p>\n<p>Bu \u00f6z\u00fcn tonikleyici ve s\u0131k\u0131la\u015ft\u0131r\u0131c\u0131 etkisi, cildin daha esnek ve gergin olmas\u0131n\u0131 sa\u011flarken, cilt tonunu e\u015fitler ve parlakl\u0131k verir. Bu nedenle, her cilt tipinin bak\u0131m\u0131 i\u00e7in tasarlanm\u0131\u015f kozmetik \u00fcr\u00fcnlerin form\u00fclasyonunda m\u00fckemmel bir bile\u015fendir. <\/p>\n<p>Fermente Kekik \u00d6z\u00fc, kremler, serumlar, tonikler, maskeler ve v\u00fccut bak\u0131m \u00fcr\u00fcnleri gibi geni\u015f bir kozmetik \u00fcr\u00fcn yelpazesinde etkili bir \u015fekilde kullan\u0131labilir. Evrenselli\u011fi ve geni\u015f etki spektrumu, kozmetik sekt\u00f6r\u00fcndeki paha bi\u00e7ilmez de\u011ferini olu\u015fturmaktad\u0131r. Bu bile\u015feni \u00fcr\u00fcn yelpazenize dahil etmeniz, m\u00fc\u015fterilerinize sunulan kozmetik \u00fcr\u00fcnlerin y\u00fcksek kalitesini ve etkinli\u011fini sa\u011flayacakt\u0131r.  <\/p>\n","protected":false},"excerpt":{"rendered":"<p>Fermente Kekik \u00d6z\u00fc (INCI: <em>Wild Thyme Ferment Extract<\/em>), ileri cilt bak\u0131m\u0131nda paha bi\u00e7ilmez, e\u015fsiz bir i\u00e7eriktir. Kekik otundan fermantasyon s\u00fcreciyle elde edilen bu \u00f6z, aktif bile\u015fiklerin biyoyararlan\u0131m\u0131n\u0131 art\u0131r\u0131r ve g\u00fcnl\u00fck cilt bak\u0131m\u0131na yenilik\u00e7i bir yakla\u015f\u0131m sunar. <\/p>\n","protected":false},"featured_media":47139,"template":"","meta":{"_acf_changed":false},"product_brand":[],"product_cat":[9545],"product_tag":[],"class_list":{"0":"post-47138","1":"product","2":"type-product","3":"status-publish","4":"has-post-thumbnail","6":"product_cat-fermente-ekstraktlar","8":"first","9":"instock","10":"shipping-taxable","11":"product-type-simple"},"acf":[],"yoast_head":"<!-- This site is optimized with the Yoast SEO plugin v27.6 - https:\/\/yoast.com\/product\/yoast-seo-wordpress\/ -->\n<title>Fermente Kekik \u00d6z\u00fc - Hurtowy Dystrybutor<\/title>\n<meta name=\"description\" content=\"Fermente Kekik \u00d6z\u00fc (INCI: Wild Thyme Ferment Extract), ileri cilt bak\u0131m\u0131nda paha bi\u00e7ilmez, e\u015fsiz bir i\u00e7eriktir.\" \/>\n<meta name=\"robots\" content=\"index, follow, max-snippet:-1, max-image-preview:large, max-video-preview:-1\" \/>\n<link rel=\"canonical\" href=\"https:\/\/naturalpoland.com\/tr\/urunler\/kozmetik-hammaddeleri\/fermente-ekstraktlar\/fermente-kekik-ozu\/\" \/>\n<meta property=\"og:locale\" content=\"tr_TR\" \/>\n<meta property=\"og:type\" content=\"article\" \/>\n<meta property=\"og:title\" content=\"Fermente Kekik \u00d6z\u00fc - Hurtowy Dystrybutor\" \/>\n<meta property=\"og:description\" content=\"Fermente Kekik \u00d6z\u00fc (INCI: Wild Thyme Ferment Extract), ileri cilt bak\u0131m\u0131nda paha bi\u00e7ilmez, e\u015fsiz bir i\u00e7eriktir.\" \/>\n<meta property=\"og:url\" content=\"https:\/\/naturalpoland.com\/tr\/urunler\/kozmetik-hammaddeleri\/fermente-ekstraktlar\/fermente-kekik-ozu\/\" \/>\n<meta property=\"og:site_name\" content=\"NATURAL POLAND - Hurtowy Dystrybutor Surowc\u00f3w\" \/>\n<meta property=\"article:publisher\" content=\"https:\/\/www.facebook.com\/naturalpoland.b2b\" \/>\n<meta property=\"article:modified_time\" content=\"2026-03-25T14:03:44+00:00\" \/>\n<meta property=\"og:image\" content=\"https:\/\/naturalpoland.com\/wp-content\/uploads\/fermentowany-ekstrakt-z-macierzanki.png\" \/>\n\t<meta property=\"og:image:width\" content=\"590\" \/>\n\t<meta property=\"og:image:height\" content=\"590\" \/>\n\t<meta property=\"og:image:type\" content=\"image\/png\" \/>\n<script type=\"application\/ld+json\" class=\"yoast-schema-graph\">{\"@context\":\"https:\\\/\\\/schema.org\",\"@graph\":[{\"@type\":\"WebPage\",\"@id\":\"https:\\\/\\\/naturalpoland.com\\\/tr\\\/urunler\\\/kozmetik-hammaddeleri\\\/fermente-ekstraktlar\\\/fermente-kekik-ozu\\\/\",\"url\":\"https:\\\/\\\/naturalpoland.com\\\/tr\\\/urunler\\\/kozmetik-hammaddeleri\\\/fermente-ekstraktlar\\\/fermente-kekik-ozu\\\/\",\"name\":\"Fermente Kekik \u00d6z\u00fc - Hurtowy Dystrybutor\",\"isPartOf\":{\"@id\":\"https:\\\/\\\/naturalpoland.com\\\/tr\\\/#website\"},\"primaryImageOfPage\":{\"@id\":\"https:\\\/\\\/naturalpoland.com\\\/tr\\\/urunler\\\/kozmetik-hammaddeleri\\\/fermente-ekstraktlar\\\/fermente-kekik-ozu\\\/#primaryimage\"},\"image\":{\"@id\":\"https:\\\/\\\/naturalpoland.com\\\/tr\\\/urunler\\\/kozmetik-hammaddeleri\\\/fermente-ekstraktlar\\\/fermente-kekik-ozu\\\/#primaryimage\"},\"thumbnailUrl\":\"https:\\\/\\\/naturalpoland.com\\\/wp-content\\\/uploads\\\/fermentowany-ekstrakt-z-macierzanki.png\",\"datePublished\":\"2023-10-06T09:07:05+00:00\",\"dateModified\":\"2026-03-25T14:03:44+00:00\",\"description\":\"Fermente Kekik \u00d6z\u00fc (INCI: Wild Thyme Ferment Extract), ileri cilt bak\u0131m\u0131nda paha bi\u00e7ilmez, e\u015fsiz bir i\u00e7eriktir.\",\"breadcrumb\":{\"@id\":\"https:\\\/\\\/naturalpoland.com\\\/tr\\\/urunler\\\/kozmetik-hammaddeleri\\\/fermente-ekstraktlar\\\/fermente-kekik-ozu\\\/#breadcrumb\"},\"inLanguage\":\"tr\",\"potentialAction\":[{\"@type\":\"ReadAction\",\"target\":[\"https:\\\/\\\/naturalpoland.com\\\/tr\\\/urunler\\\/kozmetik-hammaddeleri\\\/fermente-ekstraktlar\\\/fermente-kekik-ozu\\\/\"]}]},{\"@type\":\"ImageObject\",\"inLanguage\":\"tr\",\"@id\":\"https:\\\/\\\/naturalpoland.com\\\/tr\\\/urunler\\\/kozmetik-hammaddeleri\\\/fermente-ekstraktlar\\\/fermente-kekik-ozu\\\/#primaryimage\",\"url\":\"https:\\\/\\\/naturalpoland.com\\\/wp-content\\\/uploads\\\/fermentowany-ekstrakt-z-macierzanki.png\",\"contentUrl\":\"https:\\\/\\\/naturalpoland.com\\\/wp-content\\\/uploads\\\/fermentowany-ekstrakt-z-macierzanki.png\",\"width\":590,\"height\":590,\"caption\":\"fermente kekik \u00f6z\u00fc\"},{\"@type\":\"BreadcrumbList\",\"@id\":\"https:\\\/\\\/naturalpoland.com\\\/tr\\\/urunler\\\/kozmetik-hammaddeleri\\\/fermente-ekstraktlar\\\/fermente-kekik-ozu\\\/#breadcrumb\",\"itemListElement\":[{\"@type\":\"ListItem\",\"position\":1,\"name\":\"Ana Sayfa\",\"item\":\"https:\\\/\\\/naturalpoland.com\\\/tr\\\/\"},{\"@type\":\"ListItem\",\"position\":2,\"name\":\"\u00dcr\u00fcnler\",\"item\":\"https:\\\/\\\/naturalpoland.com\\\/tr\\\/urunler\\\/\"},{\"@type\":\"ListItem\",\"position\":3,\"name\":\"Fermente Kekik \u00d6z\u00fc\"}]},{\"@type\":\"WebSite\",\"@id\":\"https:\\\/\\\/naturalpoland.com\\\/tr\\\/#website\",\"url\":\"https:\\\/\\\/naturalpoland.com\\\/tr\\\/\",\"name\":\"NATURAL POLAND - Hurtowy Dystrybutor Surowc\u00f3w\",\"description\":\"Surowce dla przemys\u0142u spo\u017cywczego, kosmetycznego i farmaceutycznego\",\"publisher\":{\"@id\":\"https:\\\/\\\/naturalpoland.com\\\/tr\\\/#organization\"},\"potentialAction\":[{\"@type\":\"SearchAction\",\"target\":{\"@type\":\"EntryPoint\",\"urlTemplate\":\"https:\\\/\\\/naturalpoland.com\\\/tr\\\/?s={search_term_string}\"},\"query-input\":{\"@type\":\"PropertyValueSpecification\",\"valueRequired\":true,\"valueName\":\"search_term_string\"}}],\"inLanguage\":\"tr\"},{\"@type\":\"Organization\",\"@id\":\"https:\\\/\\\/naturalpoland.com\\\/tr\\\/#organization\",\"name\":\"Natural Poland\",\"url\":\"https:\\\/\\\/naturalpoland.com\\\/tr\\\/\",\"logo\":{\"@type\":\"ImageObject\",\"inLanguage\":\"tr\",\"@id\":\"https:\\\/\\\/naturalpoland.com\\\/tr\\\/#\\\/schema\\\/logo\\\/image\\\/\",\"url\":\"https:\\\/\\\/naturalpoland.com\\\/wp-content\\\/uploads\\\/2021\\\/05\\\/natural-poland-icon.png\",\"contentUrl\":\"https:\\\/\\\/naturalpoland.com\\\/wp-content\\\/uploads\\\/2021\\\/05\\\/natural-poland-icon.png\",\"width\":512,\"height\":512,\"caption\":\"Natural Poland\"},\"image\":{\"@id\":\"https:\\\/\\\/naturalpoland.com\\\/tr\\\/#\\\/schema\\\/logo\\\/image\\\/\"},\"sameAs\":[\"https:\\\/\\\/www.facebook.com\\\/naturalpoland.b2b\",\"https:\\\/\\\/pl.linkedin.com\\\/company\\\/natural-poland\",\"https:\\\/\\\/www.youtube.com\\\/channel\\\/UCgeGGkvOMahZo-xu_MSEWxg\"]}]}<\/script>\n<!-- \/ Yoast SEO plugin. -->","yoast_head_json":{"title":"Fermente Kekik \u00d6z\u00fc - Hurtowy Dystrybutor","description":"Fermente Kekik \u00d6z\u00fc (INCI: Wild Thyme Ferment Extract), ileri cilt bak\u0131m\u0131nda paha bi\u00e7ilmez, e\u015fsiz bir i\u00e7eriktir.","robots":{"index":"index","follow":"follow","max-snippet":"max-snippet:-1","max-image-preview":"max-image-preview:large","max-video-preview":"max-video-preview:-1"},"canonical":"https:\/\/naturalpoland.com\/tr\/urunler\/kozmetik-hammaddeleri\/fermente-ekstraktlar\/fermente-kekik-ozu\/","og_locale":"tr_TR","og_type":"article","og_title":"Fermente Kekik \u00d6z\u00fc - Hurtowy Dystrybutor","og_description":"Fermente Kekik \u00d6z\u00fc (INCI: Wild Thyme Ferment Extract), ileri cilt bak\u0131m\u0131nda paha bi\u00e7ilmez, e\u015fsiz bir i\u00e7eriktir.","og_url":"https:\/\/naturalpoland.com\/tr\/urunler\/kozmetik-hammaddeleri\/fermente-ekstraktlar\/fermente-kekik-ozu\/","og_site_name":"NATURAL POLAND - Hurtowy Dystrybutor Surowc\u00f3w","article_publisher":"https:\/\/www.facebook.com\/naturalpoland.b2b","article_modified_time":"2026-03-25T14:03:44+00:00","og_image":[{"width":590,"height":590,"url":"https:\/\/naturalpoland.com\/wp-content\/uploads\/fermentowany-ekstrakt-z-macierzanki.png","type":"image\/png"}],"schema":{"@context":"https:\/\/schema.org","@graph":[{"@type":"WebPage","@id":"https:\/\/naturalpoland.com\/tr\/urunler\/kozmetik-hammaddeleri\/fermente-ekstraktlar\/fermente-kekik-ozu\/","url":"https:\/\/naturalpoland.com\/tr\/urunler\/kozmetik-hammaddeleri\/fermente-ekstraktlar\/fermente-kekik-ozu\/","name":"Fermente Kekik \u00d6z\u00fc - Hurtowy Dystrybutor","isPartOf":{"@id":"https:\/\/naturalpoland.com\/tr\/#website"},"primaryImageOfPage":{"@id":"https:\/\/naturalpoland.com\/tr\/urunler\/kozmetik-hammaddeleri\/fermente-ekstraktlar\/fermente-kekik-ozu\/#primaryimage"},"image":{"@id":"https:\/\/naturalpoland.com\/tr\/urunler\/kozmetik-hammaddeleri\/fermente-ekstraktlar\/fermente-kekik-ozu\/#primaryimage"},"thumbnailUrl":"https:\/\/naturalpoland.com\/wp-content\/uploads\/fermentowany-ekstrakt-z-macierzanki.png","datePublished":"2023-10-06T09:07:05+00:00","dateModified":"2026-03-25T14:03:44+00:00","description":"Fermente Kekik \u00d6z\u00fc (INCI: Wild Thyme Ferment Extract), ileri cilt bak\u0131m\u0131nda paha bi\u00e7ilmez, e\u015fsiz bir i\u00e7eriktir.","breadcrumb":{"@id":"https:\/\/naturalpoland.com\/tr\/urunler\/kozmetik-hammaddeleri\/fermente-ekstraktlar\/fermente-kekik-ozu\/#breadcrumb"},"inLanguage":"tr","potentialAction":[{"@type":"ReadAction","target":["https:\/\/naturalpoland.com\/tr\/urunler\/kozmetik-hammaddeleri\/fermente-ekstraktlar\/fermente-kekik-ozu\/"]}]},{"@type":"ImageObject","inLanguage":"tr","@id":"https:\/\/naturalpoland.com\/tr\/urunler\/kozmetik-hammaddeleri\/fermente-ekstraktlar\/fermente-kekik-ozu\/#primaryimage","url":"https:\/\/naturalpoland.com\/wp-content\/uploads\/fermentowany-ekstrakt-z-macierzanki.png","contentUrl":"https:\/\/naturalpoland.com\/wp-content\/uploads\/fermentowany-ekstrakt-z-macierzanki.png","width":590,"height":590,"caption":"fermente kekik \u00f6z\u00fc"},{"@type":"BreadcrumbList","@id":"https:\/\/naturalpoland.com\/tr\/urunler\/kozmetik-hammaddeleri\/fermente-ekstraktlar\/fermente-kekik-ozu\/#breadcrumb","itemListElement":[{"@type":"ListItem","position":1,"name":"Ana Sayfa","item":"https:\/\/naturalpoland.com\/tr\/"},{"@type":"ListItem","position":2,"name":"\u00dcr\u00fcnler","item":"https:\/\/naturalpoland.com\/tr\/urunler\/"},{"@type":"ListItem","position":3,"name":"Fermente Kekik \u00d6z\u00fc"}]},{"@type":"WebSite","@id":"https:\/\/naturalpoland.com\/tr\/#website","url":"https:\/\/naturalpoland.com\/tr\/","name":"NATURAL POLAND - Hurtowy Dystrybutor Surowc\u00f3w","description":"Surowce dla przemys\u0142u spo\u017cywczego, kosmetycznego i farmaceutycznego","publisher":{"@id":"https:\/\/naturalpoland.com\/tr\/#organization"},"potentialAction":[{"@type":"SearchAction","target":{"@type":"EntryPoint","urlTemplate":"https:\/\/naturalpoland.com\/tr\/?s={search_term_string}"},"query-input":{"@type":"PropertyValueSpecification","valueRequired":true,"valueName":"search_term_string"}}],"inLanguage":"tr"},{"@type":"Organization","@id":"https:\/\/naturalpoland.com\/tr\/#organization","name":"Natural Poland","url":"https:\/\/naturalpoland.com\/tr\/","logo":{"@type":"ImageObject","inLanguage":"tr","@id":"https:\/\/naturalpoland.com\/tr\/#\/schema\/logo\/image\/","url":"https:\/\/naturalpoland.com\/wp-content\/uploads\/2021\/05\/natural-poland-icon.png","contentUrl":"https:\/\/naturalpoland.com\/wp-content\/uploads\/2021\/05\/natural-poland-icon.png","width":512,"height":512,"caption":"Natural Poland"},"image":{"@id":"https:\/\/naturalpoland.com\/tr\/#\/schema\/logo\/image\/"},"sameAs":["https:\/\/www.facebook.com\/naturalpoland.b2b","https:\/\/pl.linkedin.com\/company\/natural-poland","https:\/\/www.youtube.com\/channel\/UCgeGGkvOMahZo-xu_MSEWxg"]}]}},"_links":{"self":[{"href":"https:\/\/naturalpoland.com\/tr\/wp-json\/wp\/v2\/product\/47138","targetHints":{"allow":["GET"]}}],"collection":[{"href":"https:\/\/naturalpoland.com\/tr\/wp-json\/wp\/v2\/product"}],"about":[{"href":"https:\/\/naturalpoland.com\/tr\/wp-json\/wp\/v2\/types\/product"}],"wp:featuredmedia":[{"embeddable":true,"href":"https:\/\/naturalpoland.com\/tr\/wp-json\/wp\/v2\/media\/47139"}],"wp:attachment":[{"href":"https:\/\/naturalpoland.com\/tr\/wp-json\/wp\/v2\/media?parent=47138"}],"wp:term":[{"taxonomy":"product_brand","embeddable":true,"href":"https:\/\/naturalpoland.com\/tr\/wp-json\/wp\/v2\/product_brand?post=47138"},{"taxonomy":"product_cat","embeddable":true,"href":"https:\/\/naturalpoland.com\/tr\/wp-json\/wp\/v2\/product_cat?post=47138"},{"taxonomy":"product_tag","embeddable":true,"href":"https:\/\/naturalpoland.com\/tr\/wp-json\/wp\/v2\/product_tag?post=47138"}],"curies":[{"name":"wp","href":"https:\/\/api.w.org\/{rel}","templated":true}]}}