{"id":47140,"date":"2023-10-06T11:10:38","date_gmt":"2023-10-06T09:10:38","guid":{"rendered":"https:\/\/naturalpoland.com\/produkty\/kategorilenmemis\/yerba-santa-fermente-ekstrakti\/"},"modified":"2026-03-25T15:03:59","modified_gmt":"2026-03-25T14:03:59","slug":"yerba-santa-fermente-ekstrakti","status":"publish","type":"product","link":"https:\/\/naturalpoland.com\/tr\/urunler\/kozmetik-hammaddeleri\/fermente-ekstraktlar\/yerba-santa-fermente-ekstrakti\/","title":{"rendered":"Yerba Santa Fermente Ekstrakt\u0131"},"content":{"rendered":"<p>Bu ola\u011fan\u00fcst\u00fc bile\u015fen, yo\u011fun nemlendirici etkisiyle de\u011ferlidir. Yerba Santa Fermente Ekstrakt\u0131, ciltte optimum nem seviyesini korumaya yard\u0131mc\u0131 olur, su kayb\u0131n\u0131 \u00f6nler ve cildi yo\u011fun bir \u015fekilde nemlendirir. Bu, sa\u011fl\u0131kl\u0131, \u0131\u015f\u0131lt\u0131l\u0131 ve gen\u00e7 bir cilt g\u00f6r\u00fcn\u00fcm\u00fcn\u00fc s\u00fcrd\u00fcrmek i\u00e7in kritik \u00f6neme sahiptir.  <\/p>\n<p>Ek olarak, Yerba Santa ekstrakt\u0131 anti-inflamatuar ve yat\u0131\u015ft\u0131r\u0131c\u0131 \u00f6zelliklere sahiptir. Tahri\u015fleri hafifletir, k\u0131zar\u0131kl\u0131\u011f\u0131 azalt\u0131r ve cildin yenilenme s\u00fcre\u00e7lerini destekler. Benzersiz \u00f6zellikleri, onu hassas, kuperozlu veya tahri\u015fe yatk\u0131n ciltlerin bak\u0131m\u0131 i\u00e7in tasarlanm\u0131\u015f kozmetikler i\u00e7in ideal bir bile\u015fen haline getirir.  <\/p>\n<p>Fermentasyon s\u00fcreci sayesinde, Yerba Santa&#8217;da bulunan biyoaktif bile\u015fikler daha da konsantre ve cilt i\u00e7in biyoyararl\u0131 hale gelir, bu da etkinliklerini art\u0131r\u0131r. B\u00f6ylece, Yerba Santa Fermente Ekstrakt\u0131 sadece yo\u011fun nemlendirme de\u011fil, ayn\u0131 zamanda cildin do\u011fal savunma mekanizmalar\u0131na da destek sa\u011flar. <\/p>\n<p>Bu ekstrakt\u0131n kozmetik \u00fcr\u00fcnlerde kullan\u0131lmas\u0131, cildi a\u011f\u0131rla\u015ft\u0131rmadan derinlemesine bak\u0131m ve beslenme vaat eder. \u00d6zellikle yenilenmeye ve yat\u0131\u015fmaya ihtiya\u00e7 duyan farkl\u0131 cilt tipleri i\u00e7in kremler, serumlar, maskeler ve di\u011fer bak\u0131m \u00fcr\u00fcnlerinin form\u00fclasyonu i\u00e7in m\u00fckemmel bir bile\u015fendir. <\/p>\n<p>\u00c7ok y\u00f6nl\u00fc etkisi cilde rahatlama sa\u011flayarak onu p\u00fcr\u00fczs\u00fcz, yumu\u015fak ve tamamen yenilenmi\u015f b\u0131rak\u0131r. Yerba Santa Fermente Ekstrakt\u0131, cilt bak\u0131m\u0131 alan\u0131nda l\u00fcks ve etkinli\u011fin \u00f6z\u00fcd\u00fcr. Onu kozmetik form\u00fcllerinize dahil etmek, \u00fcr\u00fcn yelpazenizi kesinlikle zenginle\u015ftirecek ve en talepkar M\u00fc\u015fterileri memnun edecektir.  <\/p>\n","protected":false},"excerpt":{"rendered":"<p>Yerba Santa Fermente Ekstrakt\u0131 (INCI: <em>Yerba Santa Extract<\/em>), ola\u011fan\u00fcst\u00fc cilt bak\u0131m \u00f6zellikleriyle \u00f6ne \u00e7\u0131kan yenilik\u00e7i bir kozmetik bile\u015fendir. &#8220;Kutsal ot&#8221; olarak da bilinen Yerba Santa bitkisinden elde edilen bu \u00f6zel ekstrakt, cilt \u00fczerinde kan\u0131tlanm\u0131\u015f sa\u011fl\u0131k faydalar\u0131 olan benzersiz aktif bile\u015fikler a\u00e7\u0131s\u0131ndan zengindir. <\/p>\n","protected":false},"featured_media":47141,"template":"","meta":{"_acf_changed":false},"product_brand":[],"product_cat":[9545],"product_tag":[],"class_list":{"0":"post-47140","1":"product","2":"type-product","3":"status-publish","4":"has-post-thumbnail","6":"product_cat-fermente-ekstraktlar","8":"first","9":"instock","10":"shipping-taxable","11":"product-type-simple"},"acf":[],"yoast_head":"<!-- This site is optimized with the Yoast SEO plugin v27.5 - https:\/\/yoast.com\/product\/yoast-seo-wordpress\/ -->\n<title>Yerba Santa Fermente Ekstrakt\u0131 - Hurtowy Dystrybutor<\/title>\n<meta name=\"description\" content=\"Yerba Santa Fermente Ekstrakt\u0131, ola\u011fan\u00fcst\u00fc cilt bak\u0131m \u00f6zellikleriyle \u00f6ne \u00e7\u0131kan yenilik\u00e7i bir kozmetik bile\u015fendir.\" \/>\n<meta name=\"robots\" content=\"index, follow, max-snippet:-1, max-image-preview:large, max-video-preview:-1\" \/>\n<link rel=\"canonical\" href=\"https:\/\/naturalpoland.com\/tr\/urunler\/kozmetik-hammaddeleri\/fermente-ekstraktlar\/yerba-santa-fermente-ekstrakti\/\" \/>\n<meta property=\"og:locale\" content=\"tr_TR\" \/>\n<meta property=\"og:type\" content=\"article\" \/>\n<meta property=\"og:title\" content=\"Yerba Santa Fermente Ekstrakt\u0131 - Hurtowy Dystrybutor\" \/>\n<meta property=\"og:description\" content=\"Yerba Santa Fermente Ekstrakt\u0131, ola\u011fan\u00fcst\u00fc cilt bak\u0131m \u00f6zellikleriyle \u00f6ne \u00e7\u0131kan yenilik\u00e7i bir kozmetik bile\u015fendir.\" \/>\n<meta property=\"og:url\" content=\"https:\/\/naturalpoland.com\/tr\/urunler\/kozmetik-hammaddeleri\/fermente-ekstraktlar\/yerba-santa-fermente-ekstrakti\/\" \/>\n<meta property=\"og:site_name\" content=\"NATURAL POLAND - Hurtowy Dystrybutor Surowc\u00f3w\" \/>\n<meta property=\"article:publisher\" content=\"https:\/\/www.facebook.com\/naturalpoland.b2b\" \/>\n<meta property=\"article:modified_time\" content=\"2026-03-25T14:03:59+00:00\" \/>\n<meta property=\"og:image\" content=\"https:\/\/naturalpoland.com\/wp-content\/uploads\/fermentowany-ekstrakt-z-yerba-santa.png\" \/>\n\t<meta property=\"og:image:width\" content=\"590\" \/>\n\t<meta property=\"og:image:height\" content=\"590\" \/>\n\t<meta property=\"og:image:type\" content=\"image\/png\" \/>\n<script type=\"application\/ld+json\" class=\"yoast-schema-graph\">{\"@context\":\"https:\\\/\\\/schema.org\",\"@graph\":[{\"@type\":\"WebPage\",\"@id\":\"https:\\\/\\\/naturalpoland.com\\\/tr\\\/urunler\\\/kozmetik-hammaddeleri\\\/fermente-ekstraktlar\\\/yerba-santa-fermente-ekstrakti\\\/\",\"url\":\"https:\\\/\\\/naturalpoland.com\\\/tr\\\/urunler\\\/kozmetik-hammaddeleri\\\/fermente-ekstraktlar\\\/yerba-santa-fermente-ekstrakti\\\/\",\"name\":\"Yerba Santa Fermente Ekstrakt\u0131 - Hurtowy Dystrybutor\",\"isPartOf\":{\"@id\":\"https:\\\/\\\/naturalpoland.com\\\/tr\\\/#website\"},\"primaryImageOfPage\":{\"@id\":\"https:\\\/\\\/naturalpoland.com\\\/tr\\\/urunler\\\/kozmetik-hammaddeleri\\\/fermente-ekstraktlar\\\/yerba-santa-fermente-ekstrakti\\\/#primaryimage\"},\"image\":{\"@id\":\"https:\\\/\\\/naturalpoland.com\\\/tr\\\/urunler\\\/kozmetik-hammaddeleri\\\/fermente-ekstraktlar\\\/yerba-santa-fermente-ekstrakti\\\/#primaryimage\"},\"thumbnailUrl\":\"https:\\\/\\\/naturalpoland.com\\\/wp-content\\\/uploads\\\/fermentowany-ekstrakt-z-yerba-santa.png\",\"datePublished\":\"2023-10-06T09:10:38+00:00\",\"dateModified\":\"2026-03-25T14:03:59+00:00\",\"description\":\"Yerba Santa Fermente Ekstrakt\u0131, ola\u011fan\u00fcst\u00fc cilt bak\u0131m \u00f6zellikleriyle \u00f6ne \u00e7\u0131kan yenilik\u00e7i bir kozmetik bile\u015fendir.\",\"breadcrumb\":{\"@id\":\"https:\\\/\\\/naturalpoland.com\\\/tr\\\/urunler\\\/kozmetik-hammaddeleri\\\/fermente-ekstraktlar\\\/yerba-santa-fermente-ekstrakti\\\/#breadcrumb\"},\"inLanguage\":\"tr\",\"potentialAction\":[{\"@type\":\"ReadAction\",\"target\":[\"https:\\\/\\\/naturalpoland.com\\\/tr\\\/urunler\\\/kozmetik-hammaddeleri\\\/fermente-ekstraktlar\\\/yerba-santa-fermente-ekstrakti\\\/\"]}]},{\"@type\":\"ImageObject\",\"inLanguage\":\"tr\",\"@id\":\"https:\\\/\\\/naturalpoland.com\\\/tr\\\/urunler\\\/kozmetik-hammaddeleri\\\/fermente-ekstraktlar\\\/yerba-santa-fermente-ekstrakti\\\/#primaryimage\",\"url\":\"https:\\\/\\\/naturalpoland.com\\\/wp-content\\\/uploads\\\/fermentowany-ekstrakt-z-yerba-santa.png\",\"contentUrl\":\"https:\\\/\\\/naturalpoland.com\\\/wp-content\\\/uploads\\\/fermentowany-ekstrakt-z-yerba-santa.png\",\"width\":590,\"height\":590,\"caption\":\"Yerba Santa Fermente Ekstrakt\u0131\"},{\"@type\":\"BreadcrumbList\",\"@id\":\"https:\\\/\\\/naturalpoland.com\\\/tr\\\/urunler\\\/kozmetik-hammaddeleri\\\/fermente-ekstraktlar\\\/yerba-santa-fermente-ekstrakti\\\/#breadcrumb\",\"itemListElement\":[{\"@type\":\"ListItem\",\"position\":1,\"name\":\"Ana Sayfa\",\"item\":\"https:\\\/\\\/naturalpoland.com\\\/tr\\\/\"},{\"@type\":\"ListItem\",\"position\":2,\"name\":\"\u00dcr\u00fcnler\",\"item\":\"https:\\\/\\\/naturalpoland.com\\\/tr\\\/urunler\\\/\"},{\"@type\":\"ListItem\",\"position\":3,\"name\":\"Yerba Santa Fermente Ekstrakt\u0131\"}]},{\"@type\":\"WebSite\",\"@id\":\"https:\\\/\\\/naturalpoland.com\\\/tr\\\/#website\",\"url\":\"https:\\\/\\\/naturalpoland.com\\\/tr\\\/\",\"name\":\"NATURAL POLAND - Hurtowy Dystrybutor Surowc\u00f3w\",\"description\":\"Surowce dla przemys\u0142u spo\u017cywczego, kosmetycznego i farmaceutycznego\",\"publisher\":{\"@id\":\"https:\\\/\\\/naturalpoland.com\\\/tr\\\/#organization\"},\"potentialAction\":[{\"@type\":\"SearchAction\",\"target\":{\"@type\":\"EntryPoint\",\"urlTemplate\":\"https:\\\/\\\/naturalpoland.com\\\/tr\\\/?s={search_term_string}\"},\"query-input\":{\"@type\":\"PropertyValueSpecification\",\"valueRequired\":true,\"valueName\":\"search_term_string\"}}],\"inLanguage\":\"tr\"},{\"@type\":\"Organization\",\"@id\":\"https:\\\/\\\/naturalpoland.com\\\/tr\\\/#organization\",\"name\":\"Natural Poland\",\"url\":\"https:\\\/\\\/naturalpoland.com\\\/tr\\\/\",\"logo\":{\"@type\":\"ImageObject\",\"inLanguage\":\"tr\",\"@id\":\"https:\\\/\\\/naturalpoland.com\\\/tr\\\/#\\\/schema\\\/logo\\\/image\\\/\",\"url\":\"https:\\\/\\\/naturalpoland.com\\\/wp-content\\\/uploads\\\/2021\\\/05\\\/natural-poland-icon.png\",\"contentUrl\":\"https:\\\/\\\/naturalpoland.com\\\/wp-content\\\/uploads\\\/2021\\\/05\\\/natural-poland-icon.png\",\"width\":512,\"height\":512,\"caption\":\"Natural Poland\"},\"image\":{\"@id\":\"https:\\\/\\\/naturalpoland.com\\\/tr\\\/#\\\/schema\\\/logo\\\/image\\\/\"},\"sameAs\":[\"https:\\\/\\\/www.facebook.com\\\/naturalpoland.b2b\",\"https:\\\/\\\/pl.linkedin.com\\\/company\\\/natural-poland\",\"https:\\\/\\\/www.youtube.com\\\/channel\\\/UCgeGGkvOMahZo-xu_MSEWxg\"]}]}<\/script>\n<!-- \/ Yoast SEO plugin. -->","yoast_head_json":{"title":"Yerba Santa Fermente Ekstrakt\u0131 - Hurtowy Dystrybutor","description":"Yerba Santa Fermente Ekstrakt\u0131, ola\u011fan\u00fcst\u00fc cilt bak\u0131m \u00f6zellikleriyle \u00f6ne \u00e7\u0131kan yenilik\u00e7i bir kozmetik bile\u015fendir.","robots":{"index":"index","follow":"follow","max-snippet":"max-snippet:-1","max-image-preview":"max-image-preview:large","max-video-preview":"max-video-preview:-1"},"canonical":"https:\/\/naturalpoland.com\/tr\/urunler\/kozmetik-hammaddeleri\/fermente-ekstraktlar\/yerba-santa-fermente-ekstrakti\/","og_locale":"tr_TR","og_type":"article","og_title":"Yerba Santa Fermente Ekstrakt\u0131 - Hurtowy Dystrybutor","og_description":"Yerba Santa Fermente Ekstrakt\u0131, ola\u011fan\u00fcst\u00fc cilt bak\u0131m \u00f6zellikleriyle \u00f6ne \u00e7\u0131kan yenilik\u00e7i bir kozmetik bile\u015fendir.","og_url":"https:\/\/naturalpoland.com\/tr\/urunler\/kozmetik-hammaddeleri\/fermente-ekstraktlar\/yerba-santa-fermente-ekstrakti\/","og_site_name":"NATURAL POLAND - Hurtowy Dystrybutor Surowc\u00f3w","article_publisher":"https:\/\/www.facebook.com\/naturalpoland.b2b","article_modified_time":"2026-03-25T14:03:59+00:00","og_image":[{"width":590,"height":590,"url":"https:\/\/naturalpoland.com\/wp-content\/uploads\/fermentowany-ekstrakt-z-yerba-santa.png","type":"image\/png"}],"schema":{"@context":"https:\/\/schema.org","@graph":[{"@type":"WebPage","@id":"https:\/\/naturalpoland.com\/tr\/urunler\/kozmetik-hammaddeleri\/fermente-ekstraktlar\/yerba-santa-fermente-ekstrakti\/","url":"https:\/\/naturalpoland.com\/tr\/urunler\/kozmetik-hammaddeleri\/fermente-ekstraktlar\/yerba-santa-fermente-ekstrakti\/","name":"Yerba Santa Fermente Ekstrakt\u0131 - Hurtowy Dystrybutor","isPartOf":{"@id":"https:\/\/naturalpoland.com\/tr\/#website"},"primaryImageOfPage":{"@id":"https:\/\/naturalpoland.com\/tr\/urunler\/kozmetik-hammaddeleri\/fermente-ekstraktlar\/yerba-santa-fermente-ekstrakti\/#primaryimage"},"image":{"@id":"https:\/\/naturalpoland.com\/tr\/urunler\/kozmetik-hammaddeleri\/fermente-ekstraktlar\/yerba-santa-fermente-ekstrakti\/#primaryimage"},"thumbnailUrl":"https:\/\/naturalpoland.com\/wp-content\/uploads\/fermentowany-ekstrakt-z-yerba-santa.png","datePublished":"2023-10-06T09:10:38+00:00","dateModified":"2026-03-25T14:03:59+00:00","description":"Yerba Santa Fermente Ekstrakt\u0131, ola\u011fan\u00fcst\u00fc cilt bak\u0131m \u00f6zellikleriyle \u00f6ne \u00e7\u0131kan yenilik\u00e7i bir kozmetik bile\u015fendir.","breadcrumb":{"@id":"https:\/\/naturalpoland.com\/tr\/urunler\/kozmetik-hammaddeleri\/fermente-ekstraktlar\/yerba-santa-fermente-ekstrakti\/#breadcrumb"},"inLanguage":"tr","potentialAction":[{"@type":"ReadAction","target":["https:\/\/naturalpoland.com\/tr\/urunler\/kozmetik-hammaddeleri\/fermente-ekstraktlar\/yerba-santa-fermente-ekstrakti\/"]}]},{"@type":"ImageObject","inLanguage":"tr","@id":"https:\/\/naturalpoland.com\/tr\/urunler\/kozmetik-hammaddeleri\/fermente-ekstraktlar\/yerba-santa-fermente-ekstrakti\/#primaryimage","url":"https:\/\/naturalpoland.com\/wp-content\/uploads\/fermentowany-ekstrakt-z-yerba-santa.png","contentUrl":"https:\/\/naturalpoland.com\/wp-content\/uploads\/fermentowany-ekstrakt-z-yerba-santa.png","width":590,"height":590,"caption":"Yerba Santa Fermente Ekstrakt\u0131"},{"@type":"BreadcrumbList","@id":"https:\/\/naturalpoland.com\/tr\/urunler\/kozmetik-hammaddeleri\/fermente-ekstraktlar\/yerba-santa-fermente-ekstrakti\/#breadcrumb","itemListElement":[{"@type":"ListItem","position":1,"name":"Ana Sayfa","item":"https:\/\/naturalpoland.com\/tr\/"},{"@type":"ListItem","position":2,"name":"\u00dcr\u00fcnler","item":"https:\/\/naturalpoland.com\/tr\/urunler\/"},{"@type":"ListItem","position":3,"name":"Yerba Santa Fermente Ekstrakt\u0131"}]},{"@type":"WebSite","@id":"https:\/\/naturalpoland.com\/tr\/#website","url":"https:\/\/naturalpoland.com\/tr\/","name":"NATURAL POLAND - Hurtowy Dystrybutor Surowc\u00f3w","description":"Surowce dla przemys\u0142u spo\u017cywczego, kosmetycznego i farmaceutycznego","publisher":{"@id":"https:\/\/naturalpoland.com\/tr\/#organization"},"potentialAction":[{"@type":"SearchAction","target":{"@type":"EntryPoint","urlTemplate":"https:\/\/naturalpoland.com\/tr\/?s={search_term_string}"},"query-input":{"@type":"PropertyValueSpecification","valueRequired":true,"valueName":"search_term_string"}}],"inLanguage":"tr"},{"@type":"Organization","@id":"https:\/\/naturalpoland.com\/tr\/#organization","name":"Natural Poland","url":"https:\/\/naturalpoland.com\/tr\/","logo":{"@type":"ImageObject","inLanguage":"tr","@id":"https:\/\/naturalpoland.com\/tr\/#\/schema\/logo\/image\/","url":"https:\/\/naturalpoland.com\/wp-content\/uploads\/2021\/05\/natural-poland-icon.png","contentUrl":"https:\/\/naturalpoland.com\/wp-content\/uploads\/2021\/05\/natural-poland-icon.png","width":512,"height":512,"caption":"Natural Poland"},"image":{"@id":"https:\/\/naturalpoland.com\/tr\/#\/schema\/logo\/image\/"},"sameAs":["https:\/\/www.facebook.com\/naturalpoland.b2b","https:\/\/pl.linkedin.com\/company\/natural-poland","https:\/\/www.youtube.com\/channel\/UCgeGGkvOMahZo-xu_MSEWxg"]}]}},"_links":{"self":[{"href":"https:\/\/naturalpoland.com\/tr\/wp-json\/wp\/v2\/product\/47140","targetHints":{"allow":["GET"]}}],"collection":[{"href":"https:\/\/naturalpoland.com\/tr\/wp-json\/wp\/v2\/product"}],"about":[{"href":"https:\/\/naturalpoland.com\/tr\/wp-json\/wp\/v2\/types\/product"}],"wp:featuredmedia":[{"embeddable":true,"href":"https:\/\/naturalpoland.com\/tr\/wp-json\/wp\/v2\/media\/47141"}],"wp:attachment":[{"href":"https:\/\/naturalpoland.com\/tr\/wp-json\/wp\/v2\/media?parent=47140"}],"wp:term":[{"taxonomy":"product_brand","embeddable":true,"href":"https:\/\/naturalpoland.com\/tr\/wp-json\/wp\/v2\/product_brand?post=47140"},{"taxonomy":"product_cat","embeddable":true,"href":"https:\/\/naturalpoland.com\/tr\/wp-json\/wp\/v2\/product_cat?post=47140"},{"taxonomy":"product_tag","embeddable":true,"href":"https:\/\/naturalpoland.com\/tr\/wp-json\/wp\/v2\/product_tag?post=47140"}],"curies":[{"name":"wp","href":"https:\/\/api.w.org\/{rel}","templated":true}]}}