{"id":47142,"date":"2023-10-06T10:37:56","date_gmt":"2023-10-06T08:37:56","guid":{"rendered":"https:\/\/naturalpoland.com\/produkty\/kategorilenmemis\/fermente-lavanta-ozu\/"},"modified":"2026-03-25T15:04:13","modified_gmt":"2026-03-25T14:04:13","slug":"fermente-lavanta-ozu","status":"publish","type":"product","link":"https:\/\/naturalpoland.com\/tr\/urunler\/kozmetik-hammaddeleri\/fermente-ekstraktlar\/fermente-lavanta-ozu\/","title":{"rendered":"Fermente lavanta \u00f6z\u00fc"},"content":{"rendered":"<p>Lavanta, \u00f6zellikle yat\u0131\u015ft\u0131r\u0131c\u0131 ve onar\u0131c\u0131 \u00f6zellikleri nedeniyle kozmetolojide bilinen ve yayg\u0131n olarak kullan\u0131lan bir bile\u015fendir. Fermente lavanta \u00f6z\u00fc g\u00fc\u00e7l\u00fc nemlendirici etki g\u00f6stererek cildin uygun hidrasyon seviyesini korumas\u0131na yard\u0131mc\u0131 olur. Tahri\u015f ve k\u0131zar\u0131kl\u0131klar\u0131 yat\u0131\u015ft\u0131rarak hassas, reaktif ciltlere rahatlama ve konfor sa\u011flar.  <\/p>\n<p>Ayr\u0131ca bu bile\u015fen g\u00fc\u00e7l\u00fc antioksidan \u00f6zellikleriyle bilinir. Serbest radikallerin etkisini n\u00f6tralize eder ve cildi UV \u0131\u015f\u0131nlar\u0131 ve kirlilik gibi d\u0131\u015f fakt\u00f6rlerin zararl\u0131 etkilerine kar\u015f\u0131 korumaya destek olur. Rejenerasyon ve h\u00fccre yenilenmesi s\u00fcre\u00e7lerini de destekleyerek cildin daha p\u00fcr\u00fczs\u00fcz, s\u0131k\u0131 ve \u0131\u015f\u0131lt\u0131l\u0131 olmas\u0131n\u0131 sa\u011flar.  <\/p>\n<p>Ayn\u0131 zamanda yat\u0131\u015ft\u0131r\u0131c\u0131 ve antiseptik \u00f6zelliklere sahip bir bile\u015fendir. Cildin mikrofloras\u0131n\u0131n do\u011fru dengesini korumaya yard\u0131mc\u0131 olarak istenmeyen mikroorganizmalar\u0131n geli\u015fmesini \u00f6nler. K\u00fc\u00e7\u00fck iltihaplanmalar\u0131 yat\u0131\u015ft\u0131r\u0131r ve k\u00fc\u00e7\u00fck yaralar\u0131n ve tahri\u015f b\u00f6lgelerinin iyile\u015fmesini h\u0131zland\u0131r\u0131r.  <\/p>\n<p>Fermente Lavanta \u00d6z\u00fc, \u00f6zellikle hassas, kuru ve tahri\u015f olmu\u015f cilt bak\u0131m\u0131na y\u00f6nelik bir\u00e7ok kozmetik \u00fcr\u00fcn\u00fcn m\u00fckemmel bir bile\u015fenidir. Kremlerde, em\u00fclsiyonlarda, maskelerde ve sa\u00e7 derisi ile sa\u00e7 bak\u0131m \u00fcr\u00fcnlerinde m\u00fckemmel performans g\u00f6sterir. \u00c7ok y\u00f6nl\u00fcl\u00fc\u011f\u00fc ve geni\u015f etki spektrumu onu \u00e7e\u015fitli kozmetik form\u00fclasyonlar i\u00e7in de\u011ferli bir katk\u0131 maddesi yapar.  <\/p>\n","protected":false},"excerpt":{"rendered":"<p>Fermente Lavanta \u00d6z\u00fc (INCI: <em>Lavender Ferment Extract<\/em>), \u00e7ok y\u00f6nl\u00fc bak\u0131m etkisine sahip sofistike ve geli\u015fmi\u015f bir kozmetik bile\u015fendir. Olu\u015fturma s\u00fcrecinde lavantan\u0131n de\u011ferli \u00f6zellikleri kullan\u0131l\u0131r ve fermentasyon sonras\u0131nda bu \u00f6zellikler \u00f6nemli \u00f6l\u00e7\u00fcde g\u00fc\u00e7lenerek cilt i\u00e7in daha eri\u015filebilir hale gelir. <\/p>\n","protected":false},"featured_media":47143,"template":"","meta":{"_acf_changed":false},"product_brand":[],"product_cat":[9545],"product_tag":[],"class_list":{"0":"post-47142","1":"product","2":"type-product","3":"status-publish","4":"has-post-thumbnail","6":"product_cat-fermente-ekstraktlar","8":"first","9":"instock","10":"shipping-taxable","11":"product-type-simple"},"acf":[],"yoast_head":"<!-- This site is optimized with the Yoast SEO plugin v27.5 - https:\/\/yoast.com\/product\/yoast-seo-wordpress\/ -->\n<title>Fermente lavanta \u00f6z\u00fc - Hurtowy Dystrybutor<\/title>\n<meta name=\"description\" content=\"Fermente Lavanta \u00d6z\u00fc (INCI: Lavender Ferment Extract), \u00e7ok y\u00f6nl\u00fc bak\u0131m etkisine sahip sofistike ve geli\u015fmi\u015f bir kozmetik bile\u015fendir.\" \/>\n<meta name=\"robots\" content=\"index, follow, max-snippet:-1, max-image-preview:large, max-video-preview:-1\" \/>\n<link rel=\"canonical\" href=\"https:\/\/naturalpoland.com\/tr\/urunler\/kozmetik-hammaddeleri\/fermente-ekstraktlar\/fermente-lavanta-ozu\/\" \/>\n<meta property=\"og:locale\" content=\"tr_TR\" \/>\n<meta property=\"og:type\" content=\"article\" \/>\n<meta property=\"og:title\" content=\"Fermente lavanta \u00f6z\u00fc - Hurtowy Dystrybutor\" \/>\n<meta property=\"og:description\" content=\"Fermente Lavanta \u00d6z\u00fc (INCI: Lavender Ferment Extract), \u00e7ok y\u00f6nl\u00fc bak\u0131m etkisine sahip sofistike ve geli\u015fmi\u015f bir kozmetik bile\u015fendir.\" \/>\n<meta property=\"og:url\" content=\"https:\/\/naturalpoland.com\/tr\/urunler\/kozmetik-hammaddeleri\/fermente-ekstraktlar\/fermente-lavanta-ozu\/\" \/>\n<meta property=\"og:site_name\" content=\"NATURAL POLAND - Hurtowy Dystrybutor Surowc\u00f3w\" \/>\n<meta property=\"article:publisher\" content=\"https:\/\/www.facebook.com\/naturalpoland.b2b\" \/>\n<meta property=\"article:modified_time\" content=\"2026-03-25T14:04:13+00:00\" \/>\n<meta property=\"og:image\" content=\"https:\/\/naturalpoland.com\/wp-content\/uploads\/fermentowany-ekstrakt-z-lawendy.png\" \/>\n\t<meta property=\"og:image:width\" content=\"590\" \/>\n\t<meta property=\"og:image:height\" content=\"590\" \/>\n\t<meta property=\"og:image:type\" content=\"image\/png\" \/>\n<script type=\"application\/ld+json\" class=\"yoast-schema-graph\">{\"@context\":\"https:\\\/\\\/schema.org\",\"@graph\":[{\"@type\":\"WebPage\",\"@id\":\"https:\\\/\\\/naturalpoland.com\\\/tr\\\/urunler\\\/kozmetik-hammaddeleri\\\/fermente-ekstraktlar\\\/fermente-lavanta-ozu\\\/\",\"url\":\"https:\\\/\\\/naturalpoland.com\\\/tr\\\/urunler\\\/kozmetik-hammaddeleri\\\/fermente-ekstraktlar\\\/fermente-lavanta-ozu\\\/\",\"name\":\"Fermente lavanta \u00f6z\u00fc - Hurtowy Dystrybutor\",\"isPartOf\":{\"@id\":\"https:\\\/\\\/naturalpoland.com\\\/tr\\\/#website\"},\"primaryImageOfPage\":{\"@id\":\"https:\\\/\\\/naturalpoland.com\\\/tr\\\/urunler\\\/kozmetik-hammaddeleri\\\/fermente-ekstraktlar\\\/fermente-lavanta-ozu\\\/#primaryimage\"},\"image\":{\"@id\":\"https:\\\/\\\/naturalpoland.com\\\/tr\\\/urunler\\\/kozmetik-hammaddeleri\\\/fermente-ekstraktlar\\\/fermente-lavanta-ozu\\\/#primaryimage\"},\"thumbnailUrl\":\"https:\\\/\\\/naturalpoland.com\\\/wp-content\\\/uploads\\\/fermentowany-ekstrakt-z-lawendy.png\",\"datePublished\":\"2023-10-06T08:37:56+00:00\",\"dateModified\":\"2026-03-25T14:04:13+00:00\",\"description\":\"Fermente Lavanta \u00d6z\u00fc (INCI: Lavender Ferment Extract), \u00e7ok y\u00f6nl\u00fc bak\u0131m etkisine sahip sofistike ve geli\u015fmi\u015f bir kozmetik bile\u015fendir.\",\"breadcrumb\":{\"@id\":\"https:\\\/\\\/naturalpoland.com\\\/tr\\\/urunler\\\/kozmetik-hammaddeleri\\\/fermente-ekstraktlar\\\/fermente-lavanta-ozu\\\/#breadcrumb\"},\"inLanguage\":\"tr\",\"potentialAction\":[{\"@type\":\"ReadAction\",\"target\":[\"https:\\\/\\\/naturalpoland.com\\\/tr\\\/urunler\\\/kozmetik-hammaddeleri\\\/fermente-ekstraktlar\\\/fermente-lavanta-ozu\\\/\"]}]},{\"@type\":\"ImageObject\",\"inLanguage\":\"tr\",\"@id\":\"https:\\\/\\\/naturalpoland.com\\\/tr\\\/urunler\\\/kozmetik-hammaddeleri\\\/fermente-ekstraktlar\\\/fermente-lavanta-ozu\\\/#primaryimage\",\"url\":\"https:\\\/\\\/naturalpoland.com\\\/wp-content\\\/uploads\\\/fermentowany-ekstrakt-z-lawendy.png\",\"contentUrl\":\"https:\\\/\\\/naturalpoland.com\\\/wp-content\\\/uploads\\\/fermentowany-ekstrakt-z-lawendy.png\",\"width\":590,\"height\":590,\"caption\":\"Fermente Lavanta \u00d6z\u00fc\"},{\"@type\":\"BreadcrumbList\",\"@id\":\"https:\\\/\\\/naturalpoland.com\\\/tr\\\/urunler\\\/kozmetik-hammaddeleri\\\/fermente-ekstraktlar\\\/fermente-lavanta-ozu\\\/#breadcrumb\",\"itemListElement\":[{\"@type\":\"ListItem\",\"position\":1,\"name\":\"Ana Sayfa\",\"item\":\"https:\\\/\\\/naturalpoland.com\\\/tr\\\/\"},{\"@type\":\"ListItem\",\"position\":2,\"name\":\"\u00dcr\u00fcnler\",\"item\":\"https:\\\/\\\/naturalpoland.com\\\/tr\\\/urunler\\\/\"},{\"@type\":\"ListItem\",\"position\":3,\"name\":\"Fermente lavanta \u00f6z\u00fc\"}]},{\"@type\":\"WebSite\",\"@id\":\"https:\\\/\\\/naturalpoland.com\\\/tr\\\/#website\",\"url\":\"https:\\\/\\\/naturalpoland.com\\\/tr\\\/\",\"name\":\"NATURAL POLAND - Hurtowy Dystrybutor Surowc\u00f3w\",\"description\":\"Surowce dla przemys\u0142u spo\u017cywczego, kosmetycznego i farmaceutycznego\",\"publisher\":{\"@id\":\"https:\\\/\\\/naturalpoland.com\\\/tr\\\/#organization\"},\"potentialAction\":[{\"@type\":\"SearchAction\",\"target\":{\"@type\":\"EntryPoint\",\"urlTemplate\":\"https:\\\/\\\/naturalpoland.com\\\/tr\\\/?s={search_term_string}\"},\"query-input\":{\"@type\":\"PropertyValueSpecification\",\"valueRequired\":true,\"valueName\":\"search_term_string\"}}],\"inLanguage\":\"tr\"},{\"@type\":\"Organization\",\"@id\":\"https:\\\/\\\/naturalpoland.com\\\/tr\\\/#organization\",\"name\":\"Natural Poland\",\"url\":\"https:\\\/\\\/naturalpoland.com\\\/tr\\\/\",\"logo\":{\"@type\":\"ImageObject\",\"inLanguage\":\"tr\",\"@id\":\"https:\\\/\\\/naturalpoland.com\\\/tr\\\/#\\\/schema\\\/logo\\\/image\\\/\",\"url\":\"https:\\\/\\\/naturalpoland.com\\\/wp-content\\\/uploads\\\/2021\\\/05\\\/natural-poland-icon.png\",\"contentUrl\":\"https:\\\/\\\/naturalpoland.com\\\/wp-content\\\/uploads\\\/2021\\\/05\\\/natural-poland-icon.png\",\"width\":512,\"height\":512,\"caption\":\"Natural Poland\"},\"image\":{\"@id\":\"https:\\\/\\\/naturalpoland.com\\\/tr\\\/#\\\/schema\\\/logo\\\/image\\\/\"},\"sameAs\":[\"https:\\\/\\\/www.facebook.com\\\/naturalpoland.b2b\",\"https:\\\/\\\/pl.linkedin.com\\\/company\\\/natural-poland\",\"https:\\\/\\\/www.youtube.com\\\/channel\\\/UCgeGGkvOMahZo-xu_MSEWxg\"]}]}<\/script>\n<!-- \/ Yoast SEO plugin. -->","yoast_head_json":{"title":"Fermente lavanta \u00f6z\u00fc - Hurtowy Dystrybutor","description":"Fermente Lavanta \u00d6z\u00fc (INCI: Lavender Ferment Extract), \u00e7ok y\u00f6nl\u00fc bak\u0131m etkisine sahip sofistike ve geli\u015fmi\u015f bir kozmetik bile\u015fendir.","robots":{"index":"index","follow":"follow","max-snippet":"max-snippet:-1","max-image-preview":"max-image-preview:large","max-video-preview":"max-video-preview:-1"},"canonical":"https:\/\/naturalpoland.com\/tr\/urunler\/kozmetik-hammaddeleri\/fermente-ekstraktlar\/fermente-lavanta-ozu\/","og_locale":"tr_TR","og_type":"article","og_title":"Fermente lavanta \u00f6z\u00fc - Hurtowy Dystrybutor","og_description":"Fermente Lavanta \u00d6z\u00fc (INCI: Lavender Ferment Extract), \u00e7ok y\u00f6nl\u00fc bak\u0131m etkisine sahip sofistike ve geli\u015fmi\u015f bir kozmetik bile\u015fendir.","og_url":"https:\/\/naturalpoland.com\/tr\/urunler\/kozmetik-hammaddeleri\/fermente-ekstraktlar\/fermente-lavanta-ozu\/","og_site_name":"NATURAL POLAND - Hurtowy Dystrybutor Surowc\u00f3w","article_publisher":"https:\/\/www.facebook.com\/naturalpoland.b2b","article_modified_time":"2026-03-25T14:04:13+00:00","og_image":[{"width":590,"height":590,"url":"https:\/\/naturalpoland.com\/wp-content\/uploads\/fermentowany-ekstrakt-z-lawendy.png","type":"image\/png"}],"schema":{"@context":"https:\/\/schema.org","@graph":[{"@type":"WebPage","@id":"https:\/\/naturalpoland.com\/tr\/urunler\/kozmetik-hammaddeleri\/fermente-ekstraktlar\/fermente-lavanta-ozu\/","url":"https:\/\/naturalpoland.com\/tr\/urunler\/kozmetik-hammaddeleri\/fermente-ekstraktlar\/fermente-lavanta-ozu\/","name":"Fermente lavanta \u00f6z\u00fc - Hurtowy Dystrybutor","isPartOf":{"@id":"https:\/\/naturalpoland.com\/tr\/#website"},"primaryImageOfPage":{"@id":"https:\/\/naturalpoland.com\/tr\/urunler\/kozmetik-hammaddeleri\/fermente-ekstraktlar\/fermente-lavanta-ozu\/#primaryimage"},"image":{"@id":"https:\/\/naturalpoland.com\/tr\/urunler\/kozmetik-hammaddeleri\/fermente-ekstraktlar\/fermente-lavanta-ozu\/#primaryimage"},"thumbnailUrl":"https:\/\/naturalpoland.com\/wp-content\/uploads\/fermentowany-ekstrakt-z-lawendy.png","datePublished":"2023-10-06T08:37:56+00:00","dateModified":"2026-03-25T14:04:13+00:00","description":"Fermente Lavanta \u00d6z\u00fc (INCI: Lavender Ferment Extract), \u00e7ok y\u00f6nl\u00fc bak\u0131m etkisine sahip sofistike ve geli\u015fmi\u015f bir kozmetik bile\u015fendir.","breadcrumb":{"@id":"https:\/\/naturalpoland.com\/tr\/urunler\/kozmetik-hammaddeleri\/fermente-ekstraktlar\/fermente-lavanta-ozu\/#breadcrumb"},"inLanguage":"tr","potentialAction":[{"@type":"ReadAction","target":["https:\/\/naturalpoland.com\/tr\/urunler\/kozmetik-hammaddeleri\/fermente-ekstraktlar\/fermente-lavanta-ozu\/"]}]},{"@type":"ImageObject","inLanguage":"tr","@id":"https:\/\/naturalpoland.com\/tr\/urunler\/kozmetik-hammaddeleri\/fermente-ekstraktlar\/fermente-lavanta-ozu\/#primaryimage","url":"https:\/\/naturalpoland.com\/wp-content\/uploads\/fermentowany-ekstrakt-z-lawendy.png","contentUrl":"https:\/\/naturalpoland.com\/wp-content\/uploads\/fermentowany-ekstrakt-z-lawendy.png","width":590,"height":590,"caption":"Fermente Lavanta \u00d6z\u00fc"},{"@type":"BreadcrumbList","@id":"https:\/\/naturalpoland.com\/tr\/urunler\/kozmetik-hammaddeleri\/fermente-ekstraktlar\/fermente-lavanta-ozu\/#breadcrumb","itemListElement":[{"@type":"ListItem","position":1,"name":"Ana Sayfa","item":"https:\/\/naturalpoland.com\/tr\/"},{"@type":"ListItem","position":2,"name":"\u00dcr\u00fcnler","item":"https:\/\/naturalpoland.com\/tr\/urunler\/"},{"@type":"ListItem","position":3,"name":"Fermente lavanta \u00f6z\u00fc"}]},{"@type":"WebSite","@id":"https:\/\/naturalpoland.com\/tr\/#website","url":"https:\/\/naturalpoland.com\/tr\/","name":"NATURAL POLAND - Hurtowy Dystrybutor Surowc\u00f3w","description":"Surowce dla przemys\u0142u spo\u017cywczego, kosmetycznego i farmaceutycznego","publisher":{"@id":"https:\/\/naturalpoland.com\/tr\/#organization"},"potentialAction":[{"@type":"SearchAction","target":{"@type":"EntryPoint","urlTemplate":"https:\/\/naturalpoland.com\/tr\/?s={search_term_string}"},"query-input":{"@type":"PropertyValueSpecification","valueRequired":true,"valueName":"search_term_string"}}],"inLanguage":"tr"},{"@type":"Organization","@id":"https:\/\/naturalpoland.com\/tr\/#organization","name":"Natural Poland","url":"https:\/\/naturalpoland.com\/tr\/","logo":{"@type":"ImageObject","inLanguage":"tr","@id":"https:\/\/naturalpoland.com\/tr\/#\/schema\/logo\/image\/","url":"https:\/\/naturalpoland.com\/wp-content\/uploads\/2021\/05\/natural-poland-icon.png","contentUrl":"https:\/\/naturalpoland.com\/wp-content\/uploads\/2021\/05\/natural-poland-icon.png","width":512,"height":512,"caption":"Natural Poland"},"image":{"@id":"https:\/\/naturalpoland.com\/tr\/#\/schema\/logo\/image\/"},"sameAs":["https:\/\/www.facebook.com\/naturalpoland.b2b","https:\/\/pl.linkedin.com\/company\/natural-poland","https:\/\/www.youtube.com\/channel\/UCgeGGkvOMahZo-xu_MSEWxg"]}]}},"_links":{"self":[{"href":"https:\/\/naturalpoland.com\/tr\/wp-json\/wp\/v2\/product\/47142","targetHints":{"allow":["GET"]}}],"collection":[{"href":"https:\/\/naturalpoland.com\/tr\/wp-json\/wp\/v2\/product"}],"about":[{"href":"https:\/\/naturalpoland.com\/tr\/wp-json\/wp\/v2\/types\/product"}],"wp:featuredmedia":[{"embeddable":true,"href":"https:\/\/naturalpoland.com\/tr\/wp-json\/wp\/v2\/media\/47143"}],"wp:attachment":[{"href":"https:\/\/naturalpoland.com\/tr\/wp-json\/wp\/v2\/media?parent=47142"}],"wp:term":[{"taxonomy":"product_brand","embeddable":true,"href":"https:\/\/naturalpoland.com\/tr\/wp-json\/wp\/v2\/product_brand?post=47142"},{"taxonomy":"product_cat","embeddable":true,"href":"https:\/\/naturalpoland.com\/tr\/wp-json\/wp\/v2\/product_cat?post=47142"},{"taxonomy":"product_tag","embeddable":true,"href":"https:\/\/naturalpoland.com\/tr\/wp-json\/wp\/v2\/product_tag?post=47142"}],"curies":[{"name":"wp","href":"https:\/\/api.w.org\/{rel}","templated":true}]}}