{"id":47144,"date":"2023-10-06T10:22:27","date_gmt":"2023-10-06T08:22:27","guid":{"rendered":"https:\/\/naturalpoland.com\/produkty\/kategorilenmemis\/fermente-deniz-kadayifi-ekstrakti\/"},"modified":"2026-03-25T15:04:28","modified_gmt":"2026-03-25T14:04:28","slug":"fermente-deniz-kadayifi-ekstrakti","status":"publish","type":"product","link":"https:\/\/naturalpoland.com\/tr\/urunler\/kozmetik-hammaddeleri\/fermente-ekstraktlar\/fermente-deniz-kadayifi-ekstrakti\/","title":{"rendered":"Fermente Deniz Kaday\u0131f\u0131 Ekstrakt\u0131"},"content":{"rendered":"<p>Deniz kaday\u0131f\u0131, bir deniz bitkisi olarak, antibakteriyel ve ar\u0131nd\u0131r\u0131c\u0131 etki g\u00f6steren do\u011fal bir iyot kayna\u011f\u0131d\u0131r. Bu sayede deniz kaday\u0131f\u0131 ekstrakt\u0131, akne ile m\u00fccadeleye yard\u0131mc\u0131 olur, sebum salg\u0131s\u0131n\u0131 d\u00fczenler ve cilde sa\u011fl\u0131kl\u0131, mat bir g\u00f6r\u00fcn\u00fcm kazand\u0131r\u0131r. Ayr\u0131ca, fermantasyon s\u00fcreciyle g\u00fc\u00e7lendirilen magnezyum, kalsiyum, potasyum gibi de\u011ferli mineraller ve B grubu vitaminleri i\u00e7erir; bunlar cildi derinlemesine nemlendirir ve besler.  <\/p>\n<p>Fermantasyon s\u00fcreci, deniz kaday\u0131f\u0131nda bulunan aktif bile\u015fenlerin etkisini keskinle\u015ftirerek cilt taraf\u0131ndan daha iyi emilmelerini sa\u011flar. Fermente Deniz Kaday\u0131f\u0131 Ekstrakt\u0131, yo\u011fun nemlendirici ve p\u00fcr\u00fczs\u00fczle\u015ftirici etki g\u00f6stererek cilde esnekli\u011fini ve gen\u00e7lik \u0131\u015f\u0131lt\u0131s\u0131n\u0131 geri kazand\u0131r\u0131r. Kolajen ve elastin sentezini uyarma yetene\u011fi sayesinde cildin s\u0131k\u0131l\u0131\u011f\u0131nda ve esnekli\u011finde g\u00f6zle g\u00f6r\u00fcl\u00fcr bir iyile\u015fme sa\u011flad\u0131\u011f\u0131 i\u00e7in \u00f6zellikle ya\u015flanma kar\u015f\u0131t\u0131 kozmetiklerde de\u011ferli bir bile\u015fendir.  <\/p>\n<p>Ekstrakt\u0131n sundu\u011fu antioksidan koruma, cildi serbest radikallere ve d\u0131\u015f etkenlerin olumsuz etkilerine kar\u015f\u0131 etkili bir \u015fekilde korur. Bu sayede cilt sadece nemlenmekle ve beslenmekle kalmaz, ayn\u0131 zamanda erken ya\u015flanmaya kar\u015f\u0131 da korunur. <\/p>\n<p>Fermente Deniz Kaday\u0131f\u0131 Ekstrakt\u0131 kullan\u0131m\u0131 sayesinde kozmetikler e\u015fsiz, derin bir etki g\u00fcc\u00fc kazan\u0131r. Bu \u00fcr\u00fcn, \u00f6zellikle olgun, kuru, hassas ve akne sorunlu ciltler ba\u015fta olmak \u00fczere her cilt tipi i\u00e7in \u00f6nerilir. An\u0131nda yat\u0131\u015ft\u0131r\u0131c\u0131, nemlendirici ve cilt durumunu iyile\u015ftirici etki sa\u011flayarak, premium kozmetik \u00fcreticileri taraf\u0131ndan de\u011ferli bir bile\u015fen haline gelmi\u015ftir.  <\/p>\n","protected":false},"excerpt":{"rendered":"<p>Fermente Deniz Kaday\u0131f\u0131 Ekstrakt\u0131 (INCI: <em>Bladderwrack Ferment Extract<\/em>), deniz besin maddelerinin zenginli\u011finden faydalanan, e\u015fsiz g\u00fcce sahip kozmetik bir aktif bile\u015fendir. Bu vazge\u00e7ilmez bile\u015fen, cildin yo\u011fun bir bak\u0131m ve yenilenme porsiyonu almas\u0131n\u0131 sa\u011flayan mineraller ve vitaminler a\u00e7\u0131s\u0131ndan bir hazinedir. <\/p>\n","protected":false},"featured_media":47145,"template":"","meta":{"_acf_changed":false},"product_brand":[],"product_cat":[9545],"product_tag":[],"class_list":{"0":"post-47144","1":"product","2":"type-product","3":"status-publish","4":"has-post-thumbnail","6":"product_cat-fermente-ekstraktlar","8":"first","9":"instock","10":"shipping-taxable","11":"product-type-simple"},"acf":[],"yoast_head":"<!-- This site is optimized with the Yoast SEO plugin v27.5 - https:\/\/yoast.com\/product\/yoast-seo-wordpress\/ -->\n<title>Fermente Deniz Kaday\u0131f\u0131 Ekstrakt\u0131 - Hurtowy Dystrybutor<\/title>\n<meta name=\"description\" content=\"Fermente Deniz Kaday\u0131f\u0131 Ekstrakt\u0131, deniz besin maddelerinin zenginli\u011finden faydalanan, e\u015fsiz g\u00fcce sahip kozmetik bir aktif bile\u015fendir.\" \/>\n<meta name=\"robots\" content=\"index, follow, max-snippet:-1, max-image-preview:large, max-video-preview:-1\" \/>\n<link rel=\"canonical\" href=\"https:\/\/naturalpoland.com\/tr\/urunler\/kozmetik-hammaddeleri\/fermente-ekstraktlar\/fermente-deniz-kadayifi-ekstrakti\/\" \/>\n<meta property=\"og:locale\" content=\"tr_TR\" \/>\n<meta property=\"og:type\" content=\"article\" \/>\n<meta property=\"og:title\" content=\"Fermente Deniz Kaday\u0131f\u0131 Ekstrakt\u0131 - Hurtowy Dystrybutor\" \/>\n<meta property=\"og:description\" content=\"Fermente Deniz Kaday\u0131f\u0131 Ekstrakt\u0131, deniz besin maddelerinin zenginli\u011finden faydalanan, e\u015fsiz g\u00fcce sahip kozmetik bir aktif bile\u015fendir.\" \/>\n<meta property=\"og:url\" content=\"https:\/\/naturalpoland.com\/tr\/urunler\/kozmetik-hammaddeleri\/fermente-ekstraktlar\/fermente-deniz-kadayifi-ekstrakti\/\" \/>\n<meta property=\"og:site_name\" content=\"NATURAL POLAND - Hurtowy Dystrybutor Surowc\u00f3w\" \/>\n<meta property=\"article:publisher\" content=\"https:\/\/www.facebook.com\/naturalpoland.b2b\" \/>\n<meta property=\"article:modified_time\" content=\"2026-03-25T14:04:28+00:00\" \/>\n<meta property=\"og:image\" content=\"https:\/\/naturalpoland.com\/wp-content\/uploads\/fermentowany-ekstrakt-z-morszczynu.png\" \/>\n\t<meta property=\"og:image:width\" content=\"590\" \/>\n\t<meta property=\"og:image:height\" content=\"590\" \/>\n\t<meta property=\"og:image:type\" content=\"image\/png\" \/>\n<script type=\"application\/ld+json\" class=\"yoast-schema-graph\">{\"@context\":\"https:\\\/\\\/schema.org\",\"@graph\":[{\"@type\":\"WebPage\",\"@id\":\"https:\\\/\\\/naturalpoland.com\\\/tr\\\/urunler\\\/kozmetik-hammaddeleri\\\/fermente-ekstraktlar\\\/fermente-deniz-kadayifi-ekstrakti\\\/\",\"url\":\"https:\\\/\\\/naturalpoland.com\\\/tr\\\/urunler\\\/kozmetik-hammaddeleri\\\/fermente-ekstraktlar\\\/fermente-deniz-kadayifi-ekstrakti\\\/\",\"name\":\"Fermente Deniz Kaday\u0131f\u0131 Ekstrakt\u0131 - Hurtowy Dystrybutor\",\"isPartOf\":{\"@id\":\"https:\\\/\\\/naturalpoland.com\\\/tr\\\/#website\"},\"primaryImageOfPage\":{\"@id\":\"https:\\\/\\\/naturalpoland.com\\\/tr\\\/urunler\\\/kozmetik-hammaddeleri\\\/fermente-ekstraktlar\\\/fermente-deniz-kadayifi-ekstrakti\\\/#primaryimage\"},\"image\":{\"@id\":\"https:\\\/\\\/naturalpoland.com\\\/tr\\\/urunler\\\/kozmetik-hammaddeleri\\\/fermente-ekstraktlar\\\/fermente-deniz-kadayifi-ekstrakti\\\/#primaryimage\"},\"thumbnailUrl\":\"https:\\\/\\\/naturalpoland.com\\\/wp-content\\\/uploads\\\/fermentowany-ekstrakt-z-morszczynu.png\",\"datePublished\":\"2023-10-06T08:22:27+00:00\",\"dateModified\":\"2026-03-25T14:04:28+00:00\",\"description\":\"Fermente Deniz Kaday\u0131f\u0131 Ekstrakt\u0131, deniz besin maddelerinin zenginli\u011finden faydalanan, e\u015fsiz g\u00fcce sahip kozmetik bir aktif bile\u015fendir.\",\"breadcrumb\":{\"@id\":\"https:\\\/\\\/naturalpoland.com\\\/tr\\\/urunler\\\/kozmetik-hammaddeleri\\\/fermente-ekstraktlar\\\/fermente-deniz-kadayifi-ekstrakti\\\/#breadcrumb\"},\"inLanguage\":\"tr\",\"potentialAction\":[{\"@type\":\"ReadAction\",\"target\":[\"https:\\\/\\\/naturalpoland.com\\\/tr\\\/urunler\\\/kozmetik-hammaddeleri\\\/fermente-ekstraktlar\\\/fermente-deniz-kadayifi-ekstrakti\\\/\"]}]},{\"@type\":\"ImageObject\",\"inLanguage\":\"tr\",\"@id\":\"https:\\\/\\\/naturalpoland.com\\\/tr\\\/urunler\\\/kozmetik-hammaddeleri\\\/fermente-ekstraktlar\\\/fermente-deniz-kadayifi-ekstrakti\\\/#primaryimage\",\"url\":\"https:\\\/\\\/naturalpoland.com\\\/wp-content\\\/uploads\\\/fermentowany-ekstrakt-z-morszczynu.png\",\"contentUrl\":\"https:\\\/\\\/naturalpoland.com\\\/wp-content\\\/uploads\\\/fermentowany-ekstrakt-z-morszczynu.png\",\"width\":590,\"height\":590,\"caption\":\"fermente deniz kaday\u0131f\u0131 ekstrakt\u0131\"},{\"@type\":\"BreadcrumbList\",\"@id\":\"https:\\\/\\\/naturalpoland.com\\\/tr\\\/urunler\\\/kozmetik-hammaddeleri\\\/fermente-ekstraktlar\\\/fermente-deniz-kadayifi-ekstrakti\\\/#breadcrumb\",\"itemListElement\":[{\"@type\":\"ListItem\",\"position\":1,\"name\":\"Ana Sayfa\",\"item\":\"https:\\\/\\\/naturalpoland.com\\\/tr\\\/\"},{\"@type\":\"ListItem\",\"position\":2,\"name\":\"\u00dcr\u00fcnler\",\"item\":\"https:\\\/\\\/naturalpoland.com\\\/tr\\\/urunler\\\/\"},{\"@type\":\"ListItem\",\"position\":3,\"name\":\"Fermente Deniz Kaday\u0131f\u0131 Ekstrakt\u0131\"}]},{\"@type\":\"WebSite\",\"@id\":\"https:\\\/\\\/naturalpoland.com\\\/tr\\\/#website\",\"url\":\"https:\\\/\\\/naturalpoland.com\\\/tr\\\/\",\"name\":\"NATURAL POLAND - Hurtowy Dystrybutor Surowc\u00f3w\",\"description\":\"Surowce dla przemys\u0142u spo\u017cywczego, kosmetycznego i farmaceutycznego\",\"publisher\":{\"@id\":\"https:\\\/\\\/naturalpoland.com\\\/tr\\\/#organization\"},\"potentialAction\":[{\"@type\":\"SearchAction\",\"target\":{\"@type\":\"EntryPoint\",\"urlTemplate\":\"https:\\\/\\\/naturalpoland.com\\\/tr\\\/?s={search_term_string}\"},\"query-input\":{\"@type\":\"PropertyValueSpecification\",\"valueRequired\":true,\"valueName\":\"search_term_string\"}}],\"inLanguage\":\"tr\"},{\"@type\":\"Organization\",\"@id\":\"https:\\\/\\\/naturalpoland.com\\\/tr\\\/#organization\",\"name\":\"Natural Poland\",\"url\":\"https:\\\/\\\/naturalpoland.com\\\/tr\\\/\",\"logo\":{\"@type\":\"ImageObject\",\"inLanguage\":\"tr\",\"@id\":\"https:\\\/\\\/naturalpoland.com\\\/tr\\\/#\\\/schema\\\/logo\\\/image\\\/\",\"url\":\"https:\\\/\\\/naturalpoland.com\\\/wp-content\\\/uploads\\\/2021\\\/05\\\/natural-poland-icon.png\",\"contentUrl\":\"https:\\\/\\\/naturalpoland.com\\\/wp-content\\\/uploads\\\/2021\\\/05\\\/natural-poland-icon.png\",\"width\":512,\"height\":512,\"caption\":\"Natural Poland\"},\"image\":{\"@id\":\"https:\\\/\\\/naturalpoland.com\\\/tr\\\/#\\\/schema\\\/logo\\\/image\\\/\"},\"sameAs\":[\"https:\\\/\\\/www.facebook.com\\\/naturalpoland.b2b\",\"https:\\\/\\\/pl.linkedin.com\\\/company\\\/natural-poland\",\"https:\\\/\\\/www.youtube.com\\\/channel\\\/UCgeGGkvOMahZo-xu_MSEWxg\"]}]}<\/script>\n<!-- \/ Yoast SEO plugin. -->","yoast_head_json":{"title":"Fermente Deniz Kaday\u0131f\u0131 Ekstrakt\u0131 - Hurtowy Dystrybutor","description":"Fermente Deniz Kaday\u0131f\u0131 Ekstrakt\u0131, deniz besin maddelerinin zenginli\u011finden faydalanan, e\u015fsiz g\u00fcce sahip kozmetik bir aktif bile\u015fendir.","robots":{"index":"index","follow":"follow","max-snippet":"max-snippet:-1","max-image-preview":"max-image-preview:large","max-video-preview":"max-video-preview:-1"},"canonical":"https:\/\/naturalpoland.com\/tr\/urunler\/kozmetik-hammaddeleri\/fermente-ekstraktlar\/fermente-deniz-kadayifi-ekstrakti\/","og_locale":"tr_TR","og_type":"article","og_title":"Fermente Deniz Kaday\u0131f\u0131 Ekstrakt\u0131 - Hurtowy Dystrybutor","og_description":"Fermente Deniz Kaday\u0131f\u0131 Ekstrakt\u0131, deniz besin maddelerinin zenginli\u011finden faydalanan, e\u015fsiz g\u00fcce sahip kozmetik bir aktif bile\u015fendir.","og_url":"https:\/\/naturalpoland.com\/tr\/urunler\/kozmetik-hammaddeleri\/fermente-ekstraktlar\/fermente-deniz-kadayifi-ekstrakti\/","og_site_name":"NATURAL POLAND - Hurtowy Dystrybutor Surowc\u00f3w","article_publisher":"https:\/\/www.facebook.com\/naturalpoland.b2b","article_modified_time":"2026-03-25T14:04:28+00:00","og_image":[{"width":590,"height":590,"url":"https:\/\/naturalpoland.com\/wp-content\/uploads\/fermentowany-ekstrakt-z-morszczynu.png","type":"image\/png"}],"schema":{"@context":"https:\/\/schema.org","@graph":[{"@type":"WebPage","@id":"https:\/\/naturalpoland.com\/tr\/urunler\/kozmetik-hammaddeleri\/fermente-ekstraktlar\/fermente-deniz-kadayifi-ekstrakti\/","url":"https:\/\/naturalpoland.com\/tr\/urunler\/kozmetik-hammaddeleri\/fermente-ekstraktlar\/fermente-deniz-kadayifi-ekstrakti\/","name":"Fermente Deniz Kaday\u0131f\u0131 Ekstrakt\u0131 - Hurtowy Dystrybutor","isPartOf":{"@id":"https:\/\/naturalpoland.com\/tr\/#website"},"primaryImageOfPage":{"@id":"https:\/\/naturalpoland.com\/tr\/urunler\/kozmetik-hammaddeleri\/fermente-ekstraktlar\/fermente-deniz-kadayifi-ekstrakti\/#primaryimage"},"image":{"@id":"https:\/\/naturalpoland.com\/tr\/urunler\/kozmetik-hammaddeleri\/fermente-ekstraktlar\/fermente-deniz-kadayifi-ekstrakti\/#primaryimage"},"thumbnailUrl":"https:\/\/naturalpoland.com\/wp-content\/uploads\/fermentowany-ekstrakt-z-morszczynu.png","datePublished":"2023-10-06T08:22:27+00:00","dateModified":"2026-03-25T14:04:28+00:00","description":"Fermente Deniz Kaday\u0131f\u0131 Ekstrakt\u0131, deniz besin maddelerinin zenginli\u011finden faydalanan, e\u015fsiz g\u00fcce sahip kozmetik bir aktif bile\u015fendir.","breadcrumb":{"@id":"https:\/\/naturalpoland.com\/tr\/urunler\/kozmetik-hammaddeleri\/fermente-ekstraktlar\/fermente-deniz-kadayifi-ekstrakti\/#breadcrumb"},"inLanguage":"tr","potentialAction":[{"@type":"ReadAction","target":["https:\/\/naturalpoland.com\/tr\/urunler\/kozmetik-hammaddeleri\/fermente-ekstraktlar\/fermente-deniz-kadayifi-ekstrakti\/"]}]},{"@type":"ImageObject","inLanguage":"tr","@id":"https:\/\/naturalpoland.com\/tr\/urunler\/kozmetik-hammaddeleri\/fermente-ekstraktlar\/fermente-deniz-kadayifi-ekstrakti\/#primaryimage","url":"https:\/\/naturalpoland.com\/wp-content\/uploads\/fermentowany-ekstrakt-z-morszczynu.png","contentUrl":"https:\/\/naturalpoland.com\/wp-content\/uploads\/fermentowany-ekstrakt-z-morszczynu.png","width":590,"height":590,"caption":"fermente deniz kaday\u0131f\u0131 ekstrakt\u0131"},{"@type":"BreadcrumbList","@id":"https:\/\/naturalpoland.com\/tr\/urunler\/kozmetik-hammaddeleri\/fermente-ekstraktlar\/fermente-deniz-kadayifi-ekstrakti\/#breadcrumb","itemListElement":[{"@type":"ListItem","position":1,"name":"Ana Sayfa","item":"https:\/\/naturalpoland.com\/tr\/"},{"@type":"ListItem","position":2,"name":"\u00dcr\u00fcnler","item":"https:\/\/naturalpoland.com\/tr\/urunler\/"},{"@type":"ListItem","position":3,"name":"Fermente Deniz Kaday\u0131f\u0131 Ekstrakt\u0131"}]},{"@type":"WebSite","@id":"https:\/\/naturalpoland.com\/tr\/#website","url":"https:\/\/naturalpoland.com\/tr\/","name":"NATURAL POLAND - Hurtowy Dystrybutor Surowc\u00f3w","description":"Surowce dla przemys\u0142u spo\u017cywczego, kosmetycznego i farmaceutycznego","publisher":{"@id":"https:\/\/naturalpoland.com\/tr\/#organization"},"potentialAction":[{"@type":"SearchAction","target":{"@type":"EntryPoint","urlTemplate":"https:\/\/naturalpoland.com\/tr\/?s={search_term_string}"},"query-input":{"@type":"PropertyValueSpecification","valueRequired":true,"valueName":"search_term_string"}}],"inLanguage":"tr"},{"@type":"Organization","@id":"https:\/\/naturalpoland.com\/tr\/#organization","name":"Natural Poland","url":"https:\/\/naturalpoland.com\/tr\/","logo":{"@type":"ImageObject","inLanguage":"tr","@id":"https:\/\/naturalpoland.com\/tr\/#\/schema\/logo\/image\/","url":"https:\/\/naturalpoland.com\/wp-content\/uploads\/2021\/05\/natural-poland-icon.png","contentUrl":"https:\/\/naturalpoland.com\/wp-content\/uploads\/2021\/05\/natural-poland-icon.png","width":512,"height":512,"caption":"Natural Poland"},"image":{"@id":"https:\/\/naturalpoland.com\/tr\/#\/schema\/logo\/image\/"},"sameAs":["https:\/\/www.facebook.com\/naturalpoland.b2b","https:\/\/pl.linkedin.com\/company\/natural-poland","https:\/\/www.youtube.com\/channel\/UCgeGGkvOMahZo-xu_MSEWxg"]}]}},"_links":{"self":[{"href":"https:\/\/naturalpoland.com\/tr\/wp-json\/wp\/v2\/product\/47144","targetHints":{"allow":["GET"]}}],"collection":[{"href":"https:\/\/naturalpoland.com\/tr\/wp-json\/wp\/v2\/product"}],"about":[{"href":"https:\/\/naturalpoland.com\/tr\/wp-json\/wp\/v2\/types\/product"}],"wp:featuredmedia":[{"embeddable":true,"href":"https:\/\/naturalpoland.com\/tr\/wp-json\/wp\/v2\/media\/47145"}],"wp:attachment":[{"href":"https:\/\/naturalpoland.com\/tr\/wp-json\/wp\/v2\/media?parent=47144"}],"wp:term":[{"taxonomy":"product_brand","embeddable":true,"href":"https:\/\/naturalpoland.com\/tr\/wp-json\/wp\/v2\/product_brand?post=47144"},{"taxonomy":"product_cat","embeddable":true,"href":"https:\/\/naturalpoland.com\/tr\/wp-json\/wp\/v2\/product_cat?post=47144"},{"taxonomy":"product_tag","embeddable":true,"href":"https:\/\/naturalpoland.com\/tr\/wp-json\/wp\/v2\/product_tag?post=47144"}],"curies":[{"name":"wp","href":"https:\/\/api.w.org\/{rel}","templated":true}]}}