{"id":47154,"date":"2024-07-23T15:47:36","date_gmt":"2024-07-23T13:47:36","guid":{"rendered":"https:\/\/naturalpoland.com\/produkty\/kategorilenmemis\/siyah-frenk-uzumu-yapragi-hidrolati\/"},"modified":"2026-03-25T17:08:36","modified_gmt":"2026-03-25T16:08:36","slug":"siyah-frenk-uzumu-yapragi-hidrolati","status":"publish","type":"product","link":"https:\/\/naturalpoland.com\/tr\/urunler\/kozmetik-hammaddeleri\/hidrolatlar\/siyah-frenk-uzumu-yapragi-hidrolati\/","title":{"rendered":"Siyah Frenk \u00dcz\u00fcm\u00fc Yapra\u011f\u0131 Hidrolat\u0131"},"content":{"rendered":"<h2>\u00d6zellikler<\/h2>\n<p>Siyah Frenk \u00dcz\u00fcm\u00fc Yapra\u011f\u0131 Hidrolat\u0131, ar\u0131nd\u0131r\u0131c\u0131 ve tonikleyici \u00f6zellikler g\u00f6sterir. Cildin elastikiyetini art\u0131rarak m\u00fckemmel bir \u015fekilde nemlendirir. Kuru, hassas ve olgun cilt bak\u0131m\u0131 i\u00e7in en uygunudur. Tahri\u015fleri ve k\u0131zar\u0131kl\u0131klar\u0131 yat\u0131\u015ft\u0131r\u0131c\u0131 etkisi nedeniyle \u00f6zellikle alerjik reaksiyonlara e\u011filimli ciltler i\u00e7in tavsiye edilir.   <\/p>\n<h2>Kullan\u0131m alanlar\u0131<\/h2>\n<p>Siyah Frenk \u00dcz\u00fcm\u00fc Yapra\u011f\u0131 Hidrolat\u0131, y\u00fcz toni\u011fi, nemlendirici mist veya krem, losyon ve serumlar\u0131n bir bile\u015feni olarak kullan\u0131labilir. Bu hidrolat ayn\u0131 zamanda banyo \u00fcr\u00fcnleri, maskeler ve kompresler i\u00e7in de ideal bir bile\u015fendir. <\/p>\n","protected":false},"excerpt":{"rendered":"<p>Siyah Frenk \u00dcz\u00fcm\u00fc Yapra\u011f\u0131 Hidrolat\u0131, siyah frenk \u00fcz\u00fcm\u00fc (<em>Ribes nigrum<\/em>) yapraklar\u0131n\u0131n buhar distilasyonu i\u015flemiyle elde edilir.<\/p>\n","protected":false},"featured_media":47155,"template":"","meta":{"_acf_changed":false},"product_brand":[],"product_cat":[9547],"product_tag":[],"class_list":{"0":"post-47154","1":"product","2":"type-product","3":"status-publish","4":"has-post-thumbnail","6":"product_cat-hidrolatlar","8":"first","9":"instock","10":"shipping-taxable","11":"product-type-simple"},"acf":[],"yoast_head":"<!-- This site is optimized with the Yoast SEO plugin v27.5 - https:\/\/yoast.com\/product\/yoast-seo-wordpress\/ -->\n<title>Siyah Frenk \u00dcz\u00fcm\u00fc Yapra\u011f\u0131 Hidrolat\u0131 - NATURAL POLAND - Hurtowy Dystrybutor Surowc\u00f3w<\/title>\n<meta name=\"description\" content=\"Siyah Frenk \u00dcz\u00fcm\u00fc Yapra\u011f\u0131 Hidrolat\u0131, siyah frenk \u00fcz\u00fcm\u00fc (Ribes nigrum) yapraklar\u0131n\u0131n buhar distilasyonu i\u015flemiyle elde edilen y\u00fcksek kaliteli, do\u011fal bir \u00fcr\u00fcnd\u00fcr.\" \/>\n<meta name=\"robots\" content=\"index, follow, max-snippet:-1, max-image-preview:large, max-video-preview:-1\" \/>\n<link rel=\"canonical\" href=\"https:\/\/naturalpoland.com\/tr\/urunler\/kozmetik-hammaddeleri\/hidrolatlar\/siyah-frenk-uzumu-yapragi-hidrolati\/\" \/>\n<meta property=\"og:locale\" content=\"tr_TR\" \/>\n<meta property=\"og:type\" content=\"article\" \/>\n<meta property=\"og:title\" content=\"Siyah Frenk \u00dcz\u00fcm\u00fc Yapra\u011f\u0131 Hidrolat\u0131 - NATURAL POLAND - Hurtowy Dystrybutor Surowc\u00f3w\" \/>\n<meta property=\"og:description\" content=\"Siyah Frenk \u00dcz\u00fcm\u00fc Yapra\u011f\u0131 Hidrolat\u0131, siyah frenk \u00fcz\u00fcm\u00fc (Ribes nigrum) yapraklar\u0131n\u0131n buhar distilasyonu i\u015flemiyle elde edilen y\u00fcksek kaliteli, do\u011fal bir \u00fcr\u00fcnd\u00fcr.\" \/>\n<meta property=\"og:url\" content=\"https:\/\/naturalpoland.com\/tr\/urunler\/kozmetik-hammaddeleri\/hidrolatlar\/siyah-frenk-uzumu-yapragi-hidrolati\/\" \/>\n<meta property=\"og:site_name\" content=\"NATURAL POLAND - Hurtowy Dystrybutor Surowc\u00f3w\" \/>\n<meta property=\"article:publisher\" content=\"https:\/\/www.facebook.com\/naturalpoland.b2b\" \/>\n<meta property=\"article:modified_time\" content=\"2026-03-25T16:08:36+00:00\" \/>\n<meta property=\"og:image\" content=\"https:\/\/naturalpoland.com\/wp-content\/uploads\/hydrolat-z-lisci-czarnej-porzeczki.webp\" \/>\n\t<meta property=\"og:image:width\" content=\"615\" \/>\n\t<meta property=\"og:image:height\" content=\"615\" \/>\n\t<meta property=\"og:image:type\" content=\"image\/webp\" \/>\n<script type=\"application\/ld+json\" class=\"yoast-schema-graph\">{\"@context\":\"https:\\\/\\\/schema.org\",\"@graph\":[{\"@type\":\"WebPage\",\"@id\":\"https:\\\/\\\/naturalpoland.com\\\/tr\\\/urunler\\\/kozmetik-hammaddeleri\\\/hidrolatlar\\\/siyah-frenk-uzumu-yapragi-hidrolati\\\/\",\"url\":\"https:\\\/\\\/naturalpoland.com\\\/tr\\\/urunler\\\/kozmetik-hammaddeleri\\\/hidrolatlar\\\/siyah-frenk-uzumu-yapragi-hidrolati\\\/\",\"name\":\"Siyah Frenk \u00dcz\u00fcm\u00fc Yapra\u011f\u0131 Hidrolat\u0131 - NATURAL POLAND - Hurtowy Dystrybutor Surowc\u00f3w\",\"isPartOf\":{\"@id\":\"https:\\\/\\\/naturalpoland.com\\\/tr\\\/#website\"},\"primaryImageOfPage\":{\"@id\":\"https:\\\/\\\/naturalpoland.com\\\/tr\\\/urunler\\\/kozmetik-hammaddeleri\\\/hidrolatlar\\\/siyah-frenk-uzumu-yapragi-hidrolati\\\/#primaryimage\"},\"image\":{\"@id\":\"https:\\\/\\\/naturalpoland.com\\\/tr\\\/urunler\\\/kozmetik-hammaddeleri\\\/hidrolatlar\\\/siyah-frenk-uzumu-yapragi-hidrolati\\\/#primaryimage\"},\"thumbnailUrl\":\"https:\\\/\\\/naturalpoland.com\\\/wp-content\\\/uploads\\\/hydrolat-z-lisci-czarnej-porzeczki.webp\",\"datePublished\":\"2024-07-23T13:47:36+00:00\",\"dateModified\":\"2026-03-25T16:08:36+00:00\",\"description\":\"Siyah Frenk \u00dcz\u00fcm\u00fc Yapra\u011f\u0131 Hidrolat\u0131, siyah frenk \u00fcz\u00fcm\u00fc (Ribes nigrum) yapraklar\u0131n\u0131n buhar distilasyonu i\u015flemiyle elde edilen y\u00fcksek kaliteli, do\u011fal bir \u00fcr\u00fcnd\u00fcr.\",\"breadcrumb\":{\"@id\":\"https:\\\/\\\/naturalpoland.com\\\/tr\\\/urunler\\\/kozmetik-hammaddeleri\\\/hidrolatlar\\\/siyah-frenk-uzumu-yapragi-hidrolati\\\/#breadcrumb\"},\"inLanguage\":\"tr\",\"potentialAction\":[{\"@type\":\"ReadAction\",\"target\":[\"https:\\\/\\\/naturalpoland.com\\\/tr\\\/urunler\\\/kozmetik-hammaddeleri\\\/hidrolatlar\\\/siyah-frenk-uzumu-yapragi-hidrolati\\\/\"]}]},{\"@type\":\"ImageObject\",\"inLanguage\":\"tr\",\"@id\":\"https:\\\/\\\/naturalpoland.com\\\/tr\\\/urunler\\\/kozmetik-hammaddeleri\\\/hidrolatlar\\\/siyah-frenk-uzumu-yapragi-hidrolati\\\/#primaryimage\",\"url\":\"https:\\\/\\\/naturalpoland.com\\\/wp-content\\\/uploads\\\/hydrolat-z-lisci-czarnej-porzeczki.webp\",\"contentUrl\":\"https:\\\/\\\/naturalpoland.com\\\/wp-content\\\/uploads\\\/hydrolat-z-lisci-czarnej-porzeczki.webp\",\"width\":615,\"height\":615,\"caption\":\"Siyah Frenk \u00dcz\u00fcm\u00fc Yapra\u011f\u0131 Hidrolat\u0131\"},{\"@type\":\"BreadcrumbList\",\"@id\":\"https:\\\/\\\/naturalpoland.com\\\/tr\\\/urunler\\\/kozmetik-hammaddeleri\\\/hidrolatlar\\\/siyah-frenk-uzumu-yapragi-hidrolati\\\/#breadcrumb\",\"itemListElement\":[{\"@type\":\"ListItem\",\"position\":1,\"name\":\"Ana Sayfa\",\"item\":\"https:\\\/\\\/naturalpoland.com\\\/tr\\\/\"},{\"@type\":\"ListItem\",\"position\":2,\"name\":\"\u00dcr\u00fcnler\",\"item\":\"https:\\\/\\\/naturalpoland.com\\\/tr\\\/urunler\\\/\"},{\"@type\":\"ListItem\",\"position\":3,\"name\":\"Siyah Frenk \u00dcz\u00fcm\u00fc Yapra\u011f\u0131 Hidrolat\u0131\"}]},{\"@type\":\"WebSite\",\"@id\":\"https:\\\/\\\/naturalpoland.com\\\/tr\\\/#website\",\"url\":\"https:\\\/\\\/naturalpoland.com\\\/tr\\\/\",\"name\":\"NATURAL POLAND - Hurtowy Dystrybutor Surowc\u00f3w\",\"description\":\"Surowce dla przemys\u0142u spo\u017cywczego, kosmetycznego i farmaceutycznego\",\"publisher\":{\"@id\":\"https:\\\/\\\/naturalpoland.com\\\/tr\\\/#organization\"},\"potentialAction\":[{\"@type\":\"SearchAction\",\"target\":{\"@type\":\"EntryPoint\",\"urlTemplate\":\"https:\\\/\\\/naturalpoland.com\\\/tr\\\/?s={search_term_string}\"},\"query-input\":{\"@type\":\"PropertyValueSpecification\",\"valueRequired\":true,\"valueName\":\"search_term_string\"}}],\"inLanguage\":\"tr\"},{\"@type\":\"Organization\",\"@id\":\"https:\\\/\\\/naturalpoland.com\\\/tr\\\/#organization\",\"name\":\"Natural Poland\",\"url\":\"https:\\\/\\\/naturalpoland.com\\\/tr\\\/\",\"logo\":{\"@type\":\"ImageObject\",\"inLanguage\":\"tr\",\"@id\":\"https:\\\/\\\/naturalpoland.com\\\/tr\\\/#\\\/schema\\\/logo\\\/image\\\/\",\"url\":\"https:\\\/\\\/naturalpoland.com\\\/wp-content\\\/uploads\\\/2021\\\/05\\\/natural-poland-icon.png\",\"contentUrl\":\"https:\\\/\\\/naturalpoland.com\\\/wp-content\\\/uploads\\\/2021\\\/05\\\/natural-poland-icon.png\",\"width\":512,\"height\":512,\"caption\":\"Natural Poland\"},\"image\":{\"@id\":\"https:\\\/\\\/naturalpoland.com\\\/tr\\\/#\\\/schema\\\/logo\\\/image\\\/\"},\"sameAs\":[\"https:\\\/\\\/www.facebook.com\\\/naturalpoland.b2b\",\"https:\\\/\\\/pl.linkedin.com\\\/company\\\/natural-poland\",\"https:\\\/\\\/www.youtube.com\\\/channel\\\/UCgeGGkvOMahZo-xu_MSEWxg\"]}]}<\/script>\n<!-- \/ Yoast SEO plugin. -->","yoast_head_json":{"title":"Siyah Frenk \u00dcz\u00fcm\u00fc Yapra\u011f\u0131 Hidrolat\u0131 - NATURAL POLAND - Hurtowy Dystrybutor Surowc\u00f3w","description":"Siyah Frenk \u00dcz\u00fcm\u00fc Yapra\u011f\u0131 Hidrolat\u0131, siyah frenk \u00fcz\u00fcm\u00fc (Ribes nigrum) yapraklar\u0131n\u0131n buhar distilasyonu i\u015flemiyle elde edilen y\u00fcksek kaliteli, do\u011fal bir \u00fcr\u00fcnd\u00fcr.","robots":{"index":"index","follow":"follow","max-snippet":"max-snippet:-1","max-image-preview":"max-image-preview:large","max-video-preview":"max-video-preview:-1"},"canonical":"https:\/\/naturalpoland.com\/tr\/urunler\/kozmetik-hammaddeleri\/hidrolatlar\/siyah-frenk-uzumu-yapragi-hidrolati\/","og_locale":"tr_TR","og_type":"article","og_title":"Siyah Frenk \u00dcz\u00fcm\u00fc Yapra\u011f\u0131 Hidrolat\u0131 - NATURAL POLAND - Hurtowy Dystrybutor Surowc\u00f3w","og_description":"Siyah Frenk \u00dcz\u00fcm\u00fc Yapra\u011f\u0131 Hidrolat\u0131, siyah frenk \u00fcz\u00fcm\u00fc (Ribes nigrum) yapraklar\u0131n\u0131n buhar distilasyonu i\u015flemiyle elde edilen y\u00fcksek kaliteli, do\u011fal bir \u00fcr\u00fcnd\u00fcr.","og_url":"https:\/\/naturalpoland.com\/tr\/urunler\/kozmetik-hammaddeleri\/hidrolatlar\/siyah-frenk-uzumu-yapragi-hidrolati\/","og_site_name":"NATURAL POLAND - Hurtowy Dystrybutor Surowc\u00f3w","article_publisher":"https:\/\/www.facebook.com\/naturalpoland.b2b","article_modified_time":"2026-03-25T16:08:36+00:00","og_image":[{"width":615,"height":615,"url":"https:\/\/naturalpoland.com\/wp-content\/uploads\/hydrolat-z-lisci-czarnej-porzeczki.webp","type":"image\/webp"}],"schema":{"@context":"https:\/\/schema.org","@graph":[{"@type":"WebPage","@id":"https:\/\/naturalpoland.com\/tr\/urunler\/kozmetik-hammaddeleri\/hidrolatlar\/siyah-frenk-uzumu-yapragi-hidrolati\/","url":"https:\/\/naturalpoland.com\/tr\/urunler\/kozmetik-hammaddeleri\/hidrolatlar\/siyah-frenk-uzumu-yapragi-hidrolati\/","name":"Siyah Frenk \u00dcz\u00fcm\u00fc Yapra\u011f\u0131 Hidrolat\u0131 - NATURAL POLAND - Hurtowy Dystrybutor Surowc\u00f3w","isPartOf":{"@id":"https:\/\/naturalpoland.com\/tr\/#website"},"primaryImageOfPage":{"@id":"https:\/\/naturalpoland.com\/tr\/urunler\/kozmetik-hammaddeleri\/hidrolatlar\/siyah-frenk-uzumu-yapragi-hidrolati\/#primaryimage"},"image":{"@id":"https:\/\/naturalpoland.com\/tr\/urunler\/kozmetik-hammaddeleri\/hidrolatlar\/siyah-frenk-uzumu-yapragi-hidrolati\/#primaryimage"},"thumbnailUrl":"https:\/\/naturalpoland.com\/wp-content\/uploads\/hydrolat-z-lisci-czarnej-porzeczki.webp","datePublished":"2024-07-23T13:47:36+00:00","dateModified":"2026-03-25T16:08:36+00:00","description":"Siyah Frenk \u00dcz\u00fcm\u00fc Yapra\u011f\u0131 Hidrolat\u0131, siyah frenk \u00fcz\u00fcm\u00fc (Ribes nigrum) yapraklar\u0131n\u0131n buhar distilasyonu i\u015flemiyle elde edilen y\u00fcksek kaliteli, do\u011fal bir \u00fcr\u00fcnd\u00fcr.","breadcrumb":{"@id":"https:\/\/naturalpoland.com\/tr\/urunler\/kozmetik-hammaddeleri\/hidrolatlar\/siyah-frenk-uzumu-yapragi-hidrolati\/#breadcrumb"},"inLanguage":"tr","potentialAction":[{"@type":"ReadAction","target":["https:\/\/naturalpoland.com\/tr\/urunler\/kozmetik-hammaddeleri\/hidrolatlar\/siyah-frenk-uzumu-yapragi-hidrolati\/"]}]},{"@type":"ImageObject","inLanguage":"tr","@id":"https:\/\/naturalpoland.com\/tr\/urunler\/kozmetik-hammaddeleri\/hidrolatlar\/siyah-frenk-uzumu-yapragi-hidrolati\/#primaryimage","url":"https:\/\/naturalpoland.com\/wp-content\/uploads\/hydrolat-z-lisci-czarnej-porzeczki.webp","contentUrl":"https:\/\/naturalpoland.com\/wp-content\/uploads\/hydrolat-z-lisci-czarnej-porzeczki.webp","width":615,"height":615,"caption":"Siyah Frenk \u00dcz\u00fcm\u00fc Yapra\u011f\u0131 Hidrolat\u0131"},{"@type":"BreadcrumbList","@id":"https:\/\/naturalpoland.com\/tr\/urunler\/kozmetik-hammaddeleri\/hidrolatlar\/siyah-frenk-uzumu-yapragi-hidrolati\/#breadcrumb","itemListElement":[{"@type":"ListItem","position":1,"name":"Ana Sayfa","item":"https:\/\/naturalpoland.com\/tr\/"},{"@type":"ListItem","position":2,"name":"\u00dcr\u00fcnler","item":"https:\/\/naturalpoland.com\/tr\/urunler\/"},{"@type":"ListItem","position":3,"name":"Siyah Frenk \u00dcz\u00fcm\u00fc Yapra\u011f\u0131 Hidrolat\u0131"}]},{"@type":"WebSite","@id":"https:\/\/naturalpoland.com\/tr\/#website","url":"https:\/\/naturalpoland.com\/tr\/","name":"NATURAL POLAND - Hurtowy Dystrybutor Surowc\u00f3w","description":"Surowce dla przemys\u0142u spo\u017cywczego, kosmetycznego i farmaceutycznego","publisher":{"@id":"https:\/\/naturalpoland.com\/tr\/#organization"},"potentialAction":[{"@type":"SearchAction","target":{"@type":"EntryPoint","urlTemplate":"https:\/\/naturalpoland.com\/tr\/?s={search_term_string}"},"query-input":{"@type":"PropertyValueSpecification","valueRequired":true,"valueName":"search_term_string"}}],"inLanguage":"tr"},{"@type":"Organization","@id":"https:\/\/naturalpoland.com\/tr\/#organization","name":"Natural Poland","url":"https:\/\/naturalpoland.com\/tr\/","logo":{"@type":"ImageObject","inLanguage":"tr","@id":"https:\/\/naturalpoland.com\/tr\/#\/schema\/logo\/image\/","url":"https:\/\/naturalpoland.com\/wp-content\/uploads\/2021\/05\/natural-poland-icon.png","contentUrl":"https:\/\/naturalpoland.com\/wp-content\/uploads\/2021\/05\/natural-poland-icon.png","width":512,"height":512,"caption":"Natural Poland"},"image":{"@id":"https:\/\/naturalpoland.com\/tr\/#\/schema\/logo\/image\/"},"sameAs":["https:\/\/www.facebook.com\/naturalpoland.b2b","https:\/\/pl.linkedin.com\/company\/natural-poland","https:\/\/www.youtube.com\/channel\/UCgeGGkvOMahZo-xu_MSEWxg"]}]}},"_links":{"self":[{"href":"https:\/\/naturalpoland.com\/tr\/wp-json\/wp\/v2\/product\/47154","targetHints":{"allow":["GET"]}}],"collection":[{"href":"https:\/\/naturalpoland.com\/tr\/wp-json\/wp\/v2\/product"}],"about":[{"href":"https:\/\/naturalpoland.com\/tr\/wp-json\/wp\/v2\/types\/product"}],"wp:featuredmedia":[{"embeddable":true,"href":"https:\/\/naturalpoland.com\/tr\/wp-json\/wp\/v2\/media\/47155"}],"wp:attachment":[{"href":"https:\/\/naturalpoland.com\/tr\/wp-json\/wp\/v2\/media?parent=47154"}],"wp:term":[{"taxonomy":"product_brand","embeddable":true,"href":"https:\/\/naturalpoland.com\/tr\/wp-json\/wp\/v2\/product_brand?post=47154"},{"taxonomy":"product_cat","embeddable":true,"href":"https:\/\/naturalpoland.com\/tr\/wp-json\/wp\/v2\/product_cat?post=47154"},{"taxonomy":"product_tag","embeddable":true,"href":"https:\/\/naturalpoland.com\/tr\/wp-json\/wp\/v2\/product_tag?post=47154"}],"curies":[{"name":"wp","href":"https:\/\/api.w.org\/{rel}","templated":true}]}}