{"id":47196,"date":"2024-05-20T13:21:50","date_gmt":"2024-05-20T11:21:50","guid":{"rendered":"https:\/\/naturalpoland.com\/produkty\/kategorilenmemis\/peygamber-cicegi-hidrolati\/"},"modified":"2026-03-31T15:41:30","modified_gmt":"2026-03-31T13:41:30","slug":"peygamber-cicegi-hidrolati","status":"publish","type":"product","link":"https:\/\/naturalpoland.com\/tr\/urunler\/kozmetik-hammaddeleri\/hidrolatlar\/peygamber-cicegi-hidrolati\/","title":{"rendered":"Peygamber \u00c7i\u00e7e\u011fi Hidrolat\u0131"},"content":{"rendered":"<p>Peygamber \u00c7i\u00e7e\u011fi Hidrolat\u0131, <a href=\"https:\/\/naturalpoland.com\/artykuly\/produkty-naturalne\/czym-sa-i-jak-dzialaja-flawonoidy\/\"><strong>flavonoidler<\/strong><\/a>, <strong><a href=\"https:\/\/naturalpoland.com\/artykuly\/dodatki-do-zywnosci\/czym-sa-antocyjany-i-jakie-maja-zastosowanie\/\">antosiyaninler<\/a><\/strong> ve eser miktarda <strong><a href=\"https:\/\/naturalpoland.com\/artykuly\/produkty-naturalne\/rola-olejkow-eterycznych-w-produktach-relaksujacych\/\">u\u00e7ucu ya\u011flar<\/a><\/strong> gibi y\u00fcksek aktif bile\u015fen i\u00e7eri\u011fiyle \u00f6ne \u00e7\u0131kar; bunlar terap\u00f6tik etkilerinden sorumludur. G\u00fc\u00e7l\u00fc antioksidanlar olan flavonoidler, cilt h\u00fccrelerindeki oksidatif stresi azaltmaya katk\u0131da bulunarak cildin erken ya\u015flanmas\u0131n\u0131 \u00f6nleyebilir. Antosiyaninler ise mikro dola\u015f\u0131m\u0131 destekleyerek k\u0131zar\u0131kl\u0131klar\u0131n azalmas\u0131na ve cilt tonunun iyile\u015fmesine yard\u0131mc\u0131 olur.  <\/p>\n<h3>Peygamber \u00c7i\u00e7e\u011fi Hidrolat\u0131n\u0131n Terap\u00f6tik \u00d6zellikleri<\/h3>\n<p>Peygamber \u00c7i\u00e7e\u011fi Hidrolat\u0131, \u00f6zellikle hassas, tahri\u015fe e\u011filimli ciltler ve rozasea veya egzama gibi cilt sorunlar\u0131 ya\u015fayanlar i\u00e7in tavsiye edilir. Cildi yat\u0131\u015ft\u0131rmaya, iltihab\u0131 azaltmaya ve epidermal yenilenme s\u00fcre\u00e7lerini h\u0131zland\u0131rmaya yard\u0131mc\u0131 olabilir. <\/p>\n<p>Peygamber \u00c7i\u00e7e\u011fi Hidrolat\u0131, cildin yo\u011fun g\u00fcne\u015fe maruz kalmas\u0131ndan veya tahri\u015fe yol a\u00e7abilecek di\u011fer kozmetik i\u015flemlerden sonra kullan\u0131labilir. Yat\u0131\u015ft\u0131r\u0131c\u0131 etkileri, cildin rahatl\u0131\u011f\u0131n\u0131 ve sa\u011fl\u0131kl\u0131 g\u00f6r\u00fcn\u00fcm\u00fcn\u00fc geri kazand\u0131rmaya, hem k\u0131zar\u0131kl\u0131\u011f\u0131 hem de rahats\u0131zl\u0131k hissini azaltmaya yard\u0131mc\u0131 olur. <\/p>\n<h3>Kozmetikteki uygulamalar\u0131<\/h3>\n<p>Kozmetolojide peygamber \u00e7i\u00e7e\u011fi hidrolat\u0131, hassas ve sorunlu ciltler i\u00e7in tasarlanm\u0131\u015f tonik, maske ve kremlerin bir bile\u015feni olarak kullan\u0131l\u0131r. G\u00f6z \u00e7evresi bak\u0131m\u0131 i\u00e7in \u00f6zel \u00fcr\u00fcnlerde de kullan\u0131labilir. <\/p>\n<p>Tonikleyici ve ferahlat\u0131c\u0131 \u00f6zellikleri, cilt g\u00f6r\u00fcn\u00fcm\u00fcn\u00fc ve durumunu iyile\u015ftirmeyi ama\u00e7layan \u00fcr\u00fcnler i\u00e7in m\u00fckemmel bir bile\u015fen olmas\u0131n\u0131 sa\u011flayarak cilde daha e\u015fit ve sa\u011fl\u0131kl\u0131 bir g\u00f6r\u00fcn\u00fcm kazand\u0131r\u0131r. Peygamber \u00e7i\u00e7e\u011fi hidrolat\u0131, evrensel \u00f6zellikleri sayesinde g\u00fcnl\u00fck bak\u0131m \u00fcr\u00fcnlerinde geni\u015f bir uygulama alan\u0131 bulmu\u015ftur. <\/p>\n","protected":false},"excerpt":{"rendered":"<p>Peygamber \u00e7i\u00e7e\u011fi hidrolat\u0131, peygamber \u00e7i\u00e7e\u011fi suyu olarak da bilinir. Yat\u0131\u015ft\u0131r\u0131c\u0131 ve anti-inflamatuar \u00f6zelliklere sahiptir. Peygamber \u00e7i\u00e7e\u011fi \u00e7i\u00e7eklerinin buhar distilasyonu ile elde edilir.  <\/p>\n","protected":false},"featured_media":47197,"template":"","meta":[],"product_brand":[],"product_cat":[9547],"product_tag":[],"class_list":{"0":"post-47196","1":"product","2":"type-product","3":"status-publish","4":"has-post-thumbnail","6":"product_cat-hidrolatlar","8":"first","9":"instock","10":"shipping-taxable","11":"product-type-simple"},"yoast_head":"<!-- This site is optimized with the Yoast SEO plugin v27.3 - https:\/\/yoast.com\/product\/yoast-seo-wordpress\/ -->\n<title>Peygamber \u00c7i\u00e7e\u011fi Hidrolat\u0131 - NATURAL POLAND - Hurtowy Dystrybutor Surowc\u00f3w<\/title>\n<meta name=\"description\" content=\"Peygamber \u00c7i\u00e7e\u011fi Hidrolat\u0131, peygamber \u00e7i\u00e7e\u011fi suyu olarak da bilinen, do\u011fal kozmetolojide de\u011ferli bir hammaddedir. Anti-inflamatuar \u00f6zelliklere sahiptir.\" \/>\n<meta name=\"robots\" content=\"index, follow, max-snippet:-1, max-image-preview:large, max-video-preview:-1\" \/>\n<link rel=\"canonical\" href=\"https:\/\/naturalpoland.com\/tr\/urunler\/kozmetik-hammaddeleri\/hidrolatlar\/peygamber-cicegi-hidrolati\/\" \/>\n<meta property=\"og:locale\" content=\"tr_TR\" \/>\n<meta property=\"og:type\" content=\"article\" \/>\n<meta property=\"og:title\" content=\"Peygamber \u00c7i\u00e7e\u011fi Hidrolat\u0131 - NATURAL POLAND - Hurtowy Dystrybutor Surowc\u00f3w\" \/>\n<meta property=\"og:description\" content=\"Peygamber \u00c7i\u00e7e\u011fi Hidrolat\u0131, peygamber \u00e7i\u00e7e\u011fi suyu olarak da bilinen, do\u011fal kozmetolojide de\u011ferli bir hammaddedir. Anti-inflamatuar \u00f6zelliklere sahiptir.\" \/>\n<meta property=\"og:url\" content=\"https:\/\/naturalpoland.com\/tr\/urunler\/kozmetik-hammaddeleri\/hidrolatlar\/peygamber-cicegi-hidrolati\/\" \/>\n<meta property=\"og:site_name\" content=\"NATURAL POLAND - Hurtowy Dystrybutor Surowc\u00f3w\" \/>\n<meta property=\"article:publisher\" content=\"https:\/\/www.facebook.com\/naturalpoland.b2b\" \/>\n<meta property=\"article:modified_time\" content=\"2026-03-31T13:41:30+00:00\" \/>\n<meta property=\"og:image\" content=\"https:\/\/naturalpoland.com\/wp-content\/uploads\/hydrolat-z-chabra.webp\" \/>\n\t<meta property=\"og:image:width\" content=\"614\" \/>\n\t<meta property=\"og:image:height\" content=\"614\" \/>\n\t<meta property=\"og:image:type\" content=\"image\/webp\" \/>\n<script type=\"application\/ld+json\" class=\"yoast-schema-graph\">{\"@context\":\"https:\\\/\\\/schema.org\",\"@graph\":[{\"@type\":\"WebPage\",\"@id\":\"https:\\\/\\\/naturalpoland.com\\\/tr\\\/urunler\\\/kozmetik-hammaddeleri\\\/hidrolatlar\\\/peygamber-cicegi-hidrolati\\\/\",\"url\":\"https:\\\/\\\/naturalpoland.com\\\/tr\\\/urunler\\\/kozmetik-hammaddeleri\\\/hidrolatlar\\\/peygamber-cicegi-hidrolati\\\/\",\"name\":\"Peygamber \u00c7i\u00e7e\u011fi Hidrolat\u0131 - NATURAL POLAND - Hurtowy Dystrybutor Surowc\u00f3w\",\"isPartOf\":{\"@id\":\"https:\\\/\\\/naturalpoland.com\\\/tr\\\/#website\"},\"primaryImageOfPage\":{\"@id\":\"https:\\\/\\\/naturalpoland.com\\\/tr\\\/urunler\\\/kozmetik-hammaddeleri\\\/hidrolatlar\\\/peygamber-cicegi-hidrolati\\\/#primaryimage\"},\"image\":{\"@id\":\"https:\\\/\\\/naturalpoland.com\\\/tr\\\/urunler\\\/kozmetik-hammaddeleri\\\/hidrolatlar\\\/peygamber-cicegi-hidrolati\\\/#primaryimage\"},\"thumbnailUrl\":\"https:\\\/\\\/naturalpoland.com\\\/wp-content\\\/uploads\\\/hydrolat-z-chabra.webp\",\"datePublished\":\"2024-05-20T11:21:50+00:00\",\"dateModified\":\"2026-03-31T13:41:30+00:00\",\"description\":\"Peygamber \u00c7i\u00e7e\u011fi Hidrolat\u0131, peygamber \u00e7i\u00e7e\u011fi suyu olarak da bilinen, do\u011fal kozmetolojide de\u011ferli bir hammaddedir. Anti-inflamatuar \u00f6zelliklere sahiptir.\",\"breadcrumb\":{\"@id\":\"https:\\\/\\\/naturalpoland.com\\\/tr\\\/urunler\\\/kozmetik-hammaddeleri\\\/hidrolatlar\\\/peygamber-cicegi-hidrolati\\\/#breadcrumb\"},\"inLanguage\":\"tr\",\"potentialAction\":[{\"@type\":\"ReadAction\",\"target\":[\"https:\\\/\\\/naturalpoland.com\\\/tr\\\/urunler\\\/kozmetik-hammaddeleri\\\/hidrolatlar\\\/peygamber-cicegi-hidrolati\\\/\"]}]},{\"@type\":\"ImageObject\",\"inLanguage\":\"tr\",\"@id\":\"https:\\\/\\\/naturalpoland.com\\\/tr\\\/urunler\\\/kozmetik-hammaddeleri\\\/hidrolatlar\\\/peygamber-cicegi-hidrolati\\\/#primaryimage\",\"url\":\"https:\\\/\\\/naturalpoland.com\\\/wp-content\\\/uploads\\\/hydrolat-z-chabra.webp\",\"contentUrl\":\"https:\\\/\\\/naturalpoland.com\\\/wp-content\\\/uploads\\\/hydrolat-z-chabra.webp\",\"width\":614,\"height\":614,\"caption\":\"peygamber \u00e7i\u00e7e\u011fi hidrolat\u0131\"},{\"@type\":\"BreadcrumbList\",\"@id\":\"https:\\\/\\\/naturalpoland.com\\\/tr\\\/urunler\\\/kozmetik-hammaddeleri\\\/hidrolatlar\\\/peygamber-cicegi-hidrolati\\\/#breadcrumb\",\"itemListElement\":[{\"@type\":\"ListItem\",\"position\":1,\"name\":\"Ana Sayfa\",\"item\":\"https:\\\/\\\/naturalpoland.com\\\/tr\\\/\"},{\"@type\":\"ListItem\",\"position\":2,\"name\":\"\u00dcr\u00fcnler\",\"item\":\"https:\\\/\\\/naturalpoland.com\\\/tr\\\/urunler\\\/\"},{\"@type\":\"ListItem\",\"position\":3,\"name\":\"Peygamber \u00c7i\u00e7e\u011fi Hidrolat\u0131\"}]},{\"@type\":\"WebSite\",\"@id\":\"https:\\\/\\\/naturalpoland.com\\\/tr\\\/#website\",\"url\":\"https:\\\/\\\/naturalpoland.com\\\/tr\\\/\",\"name\":\"NATURAL POLAND - Hurtowy Dystrybutor Surowc\u00f3w\",\"description\":\"Surowce dla przemys\u0142u spo\u017cywczego, kosmetycznego i farmaceutycznego\",\"publisher\":{\"@id\":\"https:\\\/\\\/naturalpoland.com\\\/tr\\\/#organization\"},\"potentialAction\":[{\"@type\":\"SearchAction\",\"target\":{\"@type\":\"EntryPoint\",\"urlTemplate\":\"https:\\\/\\\/naturalpoland.com\\\/tr\\\/?s={search_term_string}\"},\"query-input\":{\"@type\":\"PropertyValueSpecification\",\"valueRequired\":true,\"valueName\":\"search_term_string\"}}],\"inLanguage\":\"tr\"},{\"@type\":\"Organization\",\"@id\":\"https:\\\/\\\/naturalpoland.com\\\/tr\\\/#organization\",\"name\":\"Natural Poland\",\"url\":\"https:\\\/\\\/naturalpoland.com\\\/tr\\\/\",\"logo\":{\"@type\":\"ImageObject\",\"inLanguage\":\"tr\",\"@id\":\"https:\\\/\\\/naturalpoland.com\\\/tr\\\/#\\\/schema\\\/logo\\\/image\\\/\",\"url\":\"https:\\\/\\\/naturalpoland.com\\\/wp-content\\\/uploads\\\/2021\\\/05\\\/natural-poland-icon.png\",\"contentUrl\":\"https:\\\/\\\/naturalpoland.com\\\/wp-content\\\/uploads\\\/2021\\\/05\\\/natural-poland-icon.png\",\"width\":512,\"height\":512,\"caption\":\"Natural Poland\"},\"image\":{\"@id\":\"https:\\\/\\\/naturalpoland.com\\\/tr\\\/#\\\/schema\\\/logo\\\/image\\\/\"},\"sameAs\":[\"https:\\\/\\\/www.facebook.com\\\/naturalpoland.b2b\",\"https:\\\/\\\/pl.linkedin.com\\\/company\\\/natural-poland\",\"https:\\\/\\\/www.youtube.com\\\/channel\\\/UCgeGGkvOMahZo-xu_MSEWxg\"]}]}<\/script>\n<!-- \/ Yoast SEO plugin. -->","yoast_head_json":{"title":"Peygamber \u00c7i\u00e7e\u011fi Hidrolat\u0131 - NATURAL POLAND - Hurtowy Dystrybutor Surowc\u00f3w","description":"Peygamber \u00c7i\u00e7e\u011fi Hidrolat\u0131, peygamber \u00e7i\u00e7e\u011fi suyu olarak da bilinen, do\u011fal kozmetolojide de\u011ferli bir hammaddedir. Anti-inflamatuar \u00f6zelliklere sahiptir.","robots":{"index":"index","follow":"follow","max-snippet":"max-snippet:-1","max-image-preview":"max-image-preview:large","max-video-preview":"max-video-preview:-1"},"canonical":"https:\/\/naturalpoland.com\/tr\/urunler\/kozmetik-hammaddeleri\/hidrolatlar\/peygamber-cicegi-hidrolati\/","og_locale":"tr_TR","og_type":"article","og_title":"Peygamber \u00c7i\u00e7e\u011fi Hidrolat\u0131 - NATURAL POLAND - Hurtowy Dystrybutor Surowc\u00f3w","og_description":"Peygamber \u00c7i\u00e7e\u011fi Hidrolat\u0131, peygamber \u00e7i\u00e7e\u011fi suyu olarak da bilinen, do\u011fal kozmetolojide de\u011ferli bir hammaddedir. Anti-inflamatuar \u00f6zelliklere sahiptir.","og_url":"https:\/\/naturalpoland.com\/tr\/urunler\/kozmetik-hammaddeleri\/hidrolatlar\/peygamber-cicegi-hidrolati\/","og_site_name":"NATURAL POLAND - Hurtowy Dystrybutor Surowc\u00f3w","article_publisher":"https:\/\/www.facebook.com\/naturalpoland.b2b","article_modified_time":"2026-03-31T13:41:30+00:00","og_image":[{"width":614,"height":614,"url":"https:\/\/naturalpoland.com\/wp-content\/uploads\/hydrolat-z-chabra.webp","type":"image\/webp"}],"schema":{"@context":"https:\/\/schema.org","@graph":[{"@type":"WebPage","@id":"https:\/\/naturalpoland.com\/tr\/urunler\/kozmetik-hammaddeleri\/hidrolatlar\/peygamber-cicegi-hidrolati\/","url":"https:\/\/naturalpoland.com\/tr\/urunler\/kozmetik-hammaddeleri\/hidrolatlar\/peygamber-cicegi-hidrolati\/","name":"Peygamber \u00c7i\u00e7e\u011fi Hidrolat\u0131 - NATURAL POLAND - Hurtowy Dystrybutor Surowc\u00f3w","isPartOf":{"@id":"https:\/\/naturalpoland.com\/tr\/#website"},"primaryImageOfPage":{"@id":"https:\/\/naturalpoland.com\/tr\/urunler\/kozmetik-hammaddeleri\/hidrolatlar\/peygamber-cicegi-hidrolati\/#primaryimage"},"image":{"@id":"https:\/\/naturalpoland.com\/tr\/urunler\/kozmetik-hammaddeleri\/hidrolatlar\/peygamber-cicegi-hidrolati\/#primaryimage"},"thumbnailUrl":"https:\/\/naturalpoland.com\/wp-content\/uploads\/hydrolat-z-chabra.webp","datePublished":"2024-05-20T11:21:50+00:00","dateModified":"2026-03-31T13:41:30+00:00","description":"Peygamber \u00c7i\u00e7e\u011fi Hidrolat\u0131, peygamber \u00e7i\u00e7e\u011fi suyu olarak da bilinen, do\u011fal kozmetolojide de\u011ferli bir hammaddedir. Anti-inflamatuar \u00f6zelliklere sahiptir.","breadcrumb":{"@id":"https:\/\/naturalpoland.com\/tr\/urunler\/kozmetik-hammaddeleri\/hidrolatlar\/peygamber-cicegi-hidrolati\/#breadcrumb"},"inLanguage":"tr","potentialAction":[{"@type":"ReadAction","target":["https:\/\/naturalpoland.com\/tr\/urunler\/kozmetik-hammaddeleri\/hidrolatlar\/peygamber-cicegi-hidrolati\/"]}]},{"@type":"ImageObject","inLanguage":"tr","@id":"https:\/\/naturalpoland.com\/tr\/urunler\/kozmetik-hammaddeleri\/hidrolatlar\/peygamber-cicegi-hidrolati\/#primaryimage","url":"https:\/\/naturalpoland.com\/wp-content\/uploads\/hydrolat-z-chabra.webp","contentUrl":"https:\/\/naturalpoland.com\/wp-content\/uploads\/hydrolat-z-chabra.webp","width":614,"height":614,"caption":"peygamber \u00e7i\u00e7e\u011fi hidrolat\u0131"},{"@type":"BreadcrumbList","@id":"https:\/\/naturalpoland.com\/tr\/urunler\/kozmetik-hammaddeleri\/hidrolatlar\/peygamber-cicegi-hidrolati\/#breadcrumb","itemListElement":[{"@type":"ListItem","position":1,"name":"Ana Sayfa","item":"https:\/\/naturalpoland.com\/tr\/"},{"@type":"ListItem","position":2,"name":"\u00dcr\u00fcnler","item":"https:\/\/naturalpoland.com\/tr\/urunler\/"},{"@type":"ListItem","position":3,"name":"Peygamber \u00c7i\u00e7e\u011fi Hidrolat\u0131"}]},{"@type":"WebSite","@id":"https:\/\/naturalpoland.com\/tr\/#website","url":"https:\/\/naturalpoland.com\/tr\/","name":"NATURAL POLAND - Hurtowy Dystrybutor Surowc\u00f3w","description":"Surowce dla przemys\u0142u spo\u017cywczego, kosmetycznego i farmaceutycznego","publisher":{"@id":"https:\/\/naturalpoland.com\/tr\/#organization"},"potentialAction":[{"@type":"SearchAction","target":{"@type":"EntryPoint","urlTemplate":"https:\/\/naturalpoland.com\/tr\/?s={search_term_string}"},"query-input":{"@type":"PropertyValueSpecification","valueRequired":true,"valueName":"search_term_string"}}],"inLanguage":"tr"},{"@type":"Organization","@id":"https:\/\/naturalpoland.com\/tr\/#organization","name":"Natural Poland","url":"https:\/\/naturalpoland.com\/tr\/","logo":{"@type":"ImageObject","inLanguage":"tr","@id":"https:\/\/naturalpoland.com\/tr\/#\/schema\/logo\/image\/","url":"https:\/\/naturalpoland.com\/wp-content\/uploads\/2021\/05\/natural-poland-icon.png","contentUrl":"https:\/\/naturalpoland.com\/wp-content\/uploads\/2021\/05\/natural-poland-icon.png","width":512,"height":512,"caption":"Natural Poland"},"image":{"@id":"https:\/\/naturalpoland.com\/tr\/#\/schema\/logo\/image\/"},"sameAs":["https:\/\/www.facebook.com\/naturalpoland.b2b","https:\/\/pl.linkedin.com\/company\/natural-poland","https:\/\/www.youtube.com\/channel\/UCgeGGkvOMahZo-xu_MSEWxg"]}]}},"_links":{"self":[{"href":"https:\/\/naturalpoland.com\/tr\/wp-json\/wp\/v2\/product\/47196","targetHints":{"allow":["GET"]}}],"collection":[{"href":"https:\/\/naturalpoland.com\/tr\/wp-json\/wp\/v2\/product"}],"about":[{"href":"https:\/\/naturalpoland.com\/tr\/wp-json\/wp\/v2\/types\/product"}],"wp:featuredmedia":[{"embeddable":true,"href":"https:\/\/naturalpoland.com\/tr\/wp-json\/wp\/v2\/media\/47197"}],"wp:attachment":[{"href":"https:\/\/naturalpoland.com\/tr\/wp-json\/wp\/v2\/media?parent=47196"}],"wp:term":[{"taxonomy":"product_brand","embeddable":true,"href":"https:\/\/naturalpoland.com\/tr\/wp-json\/wp\/v2\/product_brand?post=47196"},{"taxonomy":"product_cat","embeddable":true,"href":"https:\/\/naturalpoland.com\/tr\/wp-json\/wp\/v2\/product_cat?post=47196"},{"taxonomy":"product_tag","embeddable":true,"href":"https:\/\/naturalpoland.com\/tr\/wp-json\/wp\/v2\/product_tag?post=47196"}],"curies":[{"name":"wp","href":"https:\/\/api.w.org\/{rel}","templated":true}]}}