{"id":47214,"date":"2024-07-09T14:27:27","date_gmt":"2024-07-09T12:27:27","guid":{"rendered":"https:\/\/naturalpoland.com\/produkty\/kategorilenmemis\/havuc-meyvesi-hidrolati\/"},"modified":"2026-03-31T15:53:32","modified_gmt":"2026-03-31T13:53:32","slug":"havuc-meyvesi-hidrolati","status":"publish","type":"product","link":"https:\/\/naturalpoland.com\/tr\/urunler\/kozmetik-hammaddeleri\/hidrolatlar\/havuc-meyvesi-hidrolati\/","title":{"rendered":"Havu\u00e7 Meyvesi Hidrolat\u0131"},"content":{"rendered":"<h2>\u0130\u00e7erik ve Kalite:<\/h2>\n<p>Havu\u00e7 meyvesi hidrolat\u0131, \u00fcr\u00fcn i\u00e7eri\u011finin %99,2-99,3&#8217;\u00fcn\u00fc olu\u015fturmaktad\u0131r. Ayr\u0131ca pH stabilizasyonu ve koruyucu olarak sodyum benzoat (%0,4), potasyum sorbat (%0,2) ve sitrik asit (%0,1-0,2) i\u00e7ermektedir. Bu katk\u0131 maddeleri, \u00fcr\u00fcn\u00fcn mikroorganizmalardan ve kirleticilerden ar\u0131nd\u0131r\u0131lm\u0131\u015f kalmas\u0131n\u0131 sa\u011flayarak daha uzun raf \u00f6mr\u00fc ve kullan\u0131m g\u00fcvenli\u011fi sunar. <\/p>\n<h2>\u00d6zellikler:<\/h2>\n<p>Havu\u00e7 hidrolat\u0131, <strong><a href=\"https:\/\/naturalpoland.com\/tr\/urunler\/farmasotik-hammaddeler\/takviye-edici-gida-bilesenleri\/beta-karoten-%100-dogal\/\">A vitamini<\/a><\/strong> \u00f6nc\u00fcs\u00fc olan y\u00fcksek <strong><a href=\"https:\/\/naturalpoland.com\/tr\/urunler\/kozmetik-hammaddeleri\/kozmetik-hammaddeleri-2\/a-vitamini\/\">beta-karoten<\/a><\/strong> i\u00e7eri\u011fi sayesinde antioksidan \u00f6zellikleriyle bilinmektedir. Yenilenmeye ihtiya\u00e7 duyan ciltler i\u00e7in idealdir ve ya\u015flanma kar\u015f\u0131t\u0131 \u00fcr\u00fcnlerin bir bile\u015feni olarak da kullan\u0131labilir. Hidrolat\u0131n d\u00fczenli kullan\u0131m\u0131, cilt tonunu iyile\u015ftirmeye, elastikiyetini art\u0131rmaya ve nemlendirmeye yard\u0131mc\u0131 olabilir.  <\/p>\n<h2>Kullan\u0131m:<\/h2>\n<p>Havu\u00e7 hidrolat\u0131, y\u00fcz toni\u011fi, v\u00fccut spreyi olarak veya ev yap\u0131m\u0131 maske ve krem tariflerinde bir bile\u015fen olarak kullan\u0131labilir. Nazik form\u00fcl\u00fc sayesinde hassas cilde sahip ki\u015filer i\u00e7in bile uygundur. <\/p>\n<p>&nbsp;<\/p>\n","protected":false},"excerpt":{"rendered":"<p>Havu\u00e7 meyvesi hidrolat\u0131, havu\u00e7tan (<em>Daucus Carota Sativa<\/em>) elde edilen nazik, sulu bir ekstraktt\u0131r. Besleyici ve yenileyici \u00f6zellikleri sayesinde bu hidrolat, do\u011fal kozmetikte tonik, maske ve di\u011fer cilt bak\u0131m \u00fcr\u00fcnlerinin bir bile\u015feni olarak de\u011fer g\u00f6rmektedir. <\/p>\n<p>&nbsp;<\/p>\n","protected":false},"featured_media":47215,"template":"","meta":[],"product_brand":[],"product_cat":[9547],"product_tag":[],"class_list":{"0":"post-47214","1":"product","2":"type-product","3":"status-publish","4":"has-post-thumbnail","6":"product_cat-hidrolatlar","8":"first","9":"instock","10":"shipping-taxable","11":"product-type-simple"},"yoast_head":"<!-- This site is optimized with the Yoast SEO plugin v27.3 - https:\/\/yoast.com\/product\/yoast-seo-wordpress\/ -->\n<title>Havu\u00e7 Meyvesi Hidrolat\u0131 - NATURAL POLAND - Hurtowy Dystrybutor Surowc\u00f3w<\/title>\n<meta name=\"description\" content=\"Havu\u00e7 meyvesi hidrolat\u0131, besleyici ve yenileyici \u00f6zellikleri sayesinde \u00e7e\u015fitli cilt bak\u0131m \u00fcr\u00fcnlerinde kullan\u0131lmaktad\u0131r.\" \/>\n<meta name=\"robots\" content=\"index, follow, max-snippet:-1, max-image-preview:large, max-video-preview:-1\" \/>\n<link rel=\"canonical\" href=\"https:\/\/naturalpoland.com\/tr\/urunler\/kozmetik-hammaddeleri\/hidrolatlar\/havuc-meyvesi-hidrolati\/\" \/>\n<meta property=\"og:locale\" content=\"tr_TR\" \/>\n<meta property=\"og:type\" content=\"article\" \/>\n<meta property=\"og:title\" content=\"Havu\u00e7 Meyvesi Hidrolat\u0131 - NATURAL POLAND - Hurtowy Dystrybutor Surowc\u00f3w\" \/>\n<meta property=\"og:description\" content=\"Havu\u00e7 meyvesi hidrolat\u0131, besleyici ve yenileyici \u00f6zellikleri sayesinde \u00e7e\u015fitli cilt bak\u0131m \u00fcr\u00fcnlerinde kullan\u0131lmaktad\u0131r.\" \/>\n<meta property=\"og:url\" content=\"https:\/\/naturalpoland.com\/tr\/urunler\/kozmetik-hammaddeleri\/hidrolatlar\/havuc-meyvesi-hidrolati\/\" \/>\n<meta property=\"og:site_name\" content=\"NATURAL POLAND - Hurtowy Dystrybutor Surowc\u00f3w\" \/>\n<meta property=\"article:publisher\" content=\"https:\/\/www.facebook.com\/naturalpoland.b2b\" \/>\n<meta property=\"article:modified_time\" content=\"2026-03-31T13:53:32+00:00\" \/>\n<meta property=\"og:image\" content=\"https:\/\/naturalpoland.com\/wp-content\/uploads\/hydrolat-z-marchwi.webp\" \/>\n\t<meta property=\"og:image:width\" content=\"615\" \/>\n\t<meta property=\"og:image:height\" content=\"615\" \/>\n\t<meta property=\"og:image:type\" content=\"image\/webp\" \/>\n<script type=\"application\/ld+json\" class=\"yoast-schema-graph\">{\"@context\":\"https:\\\/\\\/schema.org\",\"@graph\":[{\"@type\":\"WebPage\",\"@id\":\"https:\\\/\\\/naturalpoland.com\\\/tr\\\/urunler\\\/kozmetik-hammaddeleri\\\/hidrolatlar\\\/havuc-meyvesi-hidrolati\\\/\",\"url\":\"https:\\\/\\\/naturalpoland.com\\\/tr\\\/urunler\\\/kozmetik-hammaddeleri\\\/hidrolatlar\\\/havuc-meyvesi-hidrolati\\\/\",\"name\":\"Havu\u00e7 Meyvesi Hidrolat\u0131 - NATURAL POLAND - Hurtowy Dystrybutor Surowc\u00f3w\",\"isPartOf\":{\"@id\":\"https:\\\/\\\/naturalpoland.com\\\/tr\\\/#website\"},\"primaryImageOfPage\":{\"@id\":\"https:\\\/\\\/naturalpoland.com\\\/tr\\\/urunler\\\/kozmetik-hammaddeleri\\\/hidrolatlar\\\/havuc-meyvesi-hidrolati\\\/#primaryimage\"},\"image\":{\"@id\":\"https:\\\/\\\/naturalpoland.com\\\/tr\\\/urunler\\\/kozmetik-hammaddeleri\\\/hidrolatlar\\\/havuc-meyvesi-hidrolati\\\/#primaryimage\"},\"thumbnailUrl\":\"https:\\\/\\\/naturalpoland.com\\\/wp-content\\\/uploads\\\/hydrolat-z-marchwi.webp\",\"datePublished\":\"2024-07-09T12:27:27+00:00\",\"dateModified\":\"2026-03-31T13:53:32+00:00\",\"description\":\"Havu\u00e7 meyvesi hidrolat\u0131, besleyici ve yenileyici \u00f6zellikleri sayesinde \u00e7e\u015fitli cilt bak\u0131m \u00fcr\u00fcnlerinde kullan\u0131lmaktad\u0131r.\",\"breadcrumb\":{\"@id\":\"https:\\\/\\\/naturalpoland.com\\\/tr\\\/urunler\\\/kozmetik-hammaddeleri\\\/hidrolatlar\\\/havuc-meyvesi-hidrolati\\\/#breadcrumb\"},\"inLanguage\":\"tr\",\"potentialAction\":[{\"@type\":\"ReadAction\",\"target\":[\"https:\\\/\\\/naturalpoland.com\\\/tr\\\/urunler\\\/kozmetik-hammaddeleri\\\/hidrolatlar\\\/havuc-meyvesi-hidrolati\\\/\"]}]},{\"@type\":\"ImageObject\",\"inLanguage\":\"tr\",\"@id\":\"https:\\\/\\\/naturalpoland.com\\\/tr\\\/urunler\\\/kozmetik-hammaddeleri\\\/hidrolatlar\\\/havuc-meyvesi-hidrolati\\\/#primaryimage\",\"url\":\"https:\\\/\\\/naturalpoland.com\\\/wp-content\\\/uploads\\\/hydrolat-z-marchwi.webp\",\"contentUrl\":\"https:\\\/\\\/naturalpoland.com\\\/wp-content\\\/uploads\\\/hydrolat-z-marchwi.webp\",\"width\":615,\"height\":615,\"caption\":\"havu\u00e7 hidrolat\u0131\"},{\"@type\":\"BreadcrumbList\",\"@id\":\"https:\\\/\\\/naturalpoland.com\\\/tr\\\/urunler\\\/kozmetik-hammaddeleri\\\/hidrolatlar\\\/havuc-meyvesi-hidrolati\\\/#breadcrumb\",\"itemListElement\":[{\"@type\":\"ListItem\",\"position\":1,\"name\":\"Ana Sayfa\",\"item\":\"https:\\\/\\\/naturalpoland.com\\\/tr\\\/\"},{\"@type\":\"ListItem\",\"position\":2,\"name\":\"\u00dcr\u00fcnler\",\"item\":\"https:\\\/\\\/naturalpoland.com\\\/tr\\\/urunler\\\/\"},{\"@type\":\"ListItem\",\"position\":3,\"name\":\"Havu\u00e7 Meyvesi Hidrolat\u0131\"}]},{\"@type\":\"WebSite\",\"@id\":\"https:\\\/\\\/naturalpoland.com\\\/tr\\\/#website\",\"url\":\"https:\\\/\\\/naturalpoland.com\\\/tr\\\/\",\"name\":\"NATURAL POLAND - Hurtowy Dystrybutor Surowc\u00f3w\",\"description\":\"Surowce dla przemys\u0142u spo\u017cywczego, kosmetycznego i farmaceutycznego\",\"publisher\":{\"@id\":\"https:\\\/\\\/naturalpoland.com\\\/tr\\\/#organization\"},\"potentialAction\":[{\"@type\":\"SearchAction\",\"target\":{\"@type\":\"EntryPoint\",\"urlTemplate\":\"https:\\\/\\\/naturalpoland.com\\\/tr\\\/?s={search_term_string}\"},\"query-input\":{\"@type\":\"PropertyValueSpecification\",\"valueRequired\":true,\"valueName\":\"search_term_string\"}}],\"inLanguage\":\"tr\"},{\"@type\":\"Organization\",\"@id\":\"https:\\\/\\\/naturalpoland.com\\\/tr\\\/#organization\",\"name\":\"Natural Poland\",\"url\":\"https:\\\/\\\/naturalpoland.com\\\/tr\\\/\",\"logo\":{\"@type\":\"ImageObject\",\"inLanguage\":\"tr\",\"@id\":\"https:\\\/\\\/naturalpoland.com\\\/tr\\\/#\\\/schema\\\/logo\\\/image\\\/\",\"url\":\"https:\\\/\\\/naturalpoland.com\\\/wp-content\\\/uploads\\\/2021\\\/05\\\/natural-poland-icon.png\",\"contentUrl\":\"https:\\\/\\\/naturalpoland.com\\\/wp-content\\\/uploads\\\/2021\\\/05\\\/natural-poland-icon.png\",\"width\":512,\"height\":512,\"caption\":\"Natural Poland\"},\"image\":{\"@id\":\"https:\\\/\\\/naturalpoland.com\\\/tr\\\/#\\\/schema\\\/logo\\\/image\\\/\"},\"sameAs\":[\"https:\\\/\\\/www.facebook.com\\\/naturalpoland.b2b\",\"https:\\\/\\\/pl.linkedin.com\\\/company\\\/natural-poland\",\"https:\\\/\\\/www.youtube.com\\\/channel\\\/UCgeGGkvOMahZo-xu_MSEWxg\"]}]}<\/script>\n<!-- \/ Yoast SEO plugin. -->","yoast_head_json":{"title":"Havu\u00e7 Meyvesi Hidrolat\u0131 - NATURAL POLAND - Hurtowy Dystrybutor Surowc\u00f3w","description":"Havu\u00e7 meyvesi hidrolat\u0131, besleyici ve yenileyici \u00f6zellikleri sayesinde \u00e7e\u015fitli cilt bak\u0131m \u00fcr\u00fcnlerinde kullan\u0131lmaktad\u0131r.","robots":{"index":"index","follow":"follow","max-snippet":"max-snippet:-1","max-image-preview":"max-image-preview:large","max-video-preview":"max-video-preview:-1"},"canonical":"https:\/\/naturalpoland.com\/tr\/urunler\/kozmetik-hammaddeleri\/hidrolatlar\/havuc-meyvesi-hidrolati\/","og_locale":"tr_TR","og_type":"article","og_title":"Havu\u00e7 Meyvesi Hidrolat\u0131 - NATURAL POLAND - Hurtowy Dystrybutor Surowc\u00f3w","og_description":"Havu\u00e7 meyvesi hidrolat\u0131, besleyici ve yenileyici \u00f6zellikleri sayesinde \u00e7e\u015fitli cilt bak\u0131m \u00fcr\u00fcnlerinde kullan\u0131lmaktad\u0131r.","og_url":"https:\/\/naturalpoland.com\/tr\/urunler\/kozmetik-hammaddeleri\/hidrolatlar\/havuc-meyvesi-hidrolati\/","og_site_name":"NATURAL POLAND - Hurtowy Dystrybutor Surowc\u00f3w","article_publisher":"https:\/\/www.facebook.com\/naturalpoland.b2b","article_modified_time":"2026-03-31T13:53:32+00:00","og_image":[{"width":615,"height":615,"url":"https:\/\/naturalpoland.com\/wp-content\/uploads\/hydrolat-z-marchwi.webp","type":"image\/webp"}],"schema":{"@context":"https:\/\/schema.org","@graph":[{"@type":"WebPage","@id":"https:\/\/naturalpoland.com\/tr\/urunler\/kozmetik-hammaddeleri\/hidrolatlar\/havuc-meyvesi-hidrolati\/","url":"https:\/\/naturalpoland.com\/tr\/urunler\/kozmetik-hammaddeleri\/hidrolatlar\/havuc-meyvesi-hidrolati\/","name":"Havu\u00e7 Meyvesi Hidrolat\u0131 - NATURAL POLAND - Hurtowy Dystrybutor Surowc\u00f3w","isPartOf":{"@id":"https:\/\/naturalpoland.com\/tr\/#website"},"primaryImageOfPage":{"@id":"https:\/\/naturalpoland.com\/tr\/urunler\/kozmetik-hammaddeleri\/hidrolatlar\/havuc-meyvesi-hidrolati\/#primaryimage"},"image":{"@id":"https:\/\/naturalpoland.com\/tr\/urunler\/kozmetik-hammaddeleri\/hidrolatlar\/havuc-meyvesi-hidrolati\/#primaryimage"},"thumbnailUrl":"https:\/\/naturalpoland.com\/wp-content\/uploads\/hydrolat-z-marchwi.webp","datePublished":"2024-07-09T12:27:27+00:00","dateModified":"2026-03-31T13:53:32+00:00","description":"Havu\u00e7 meyvesi hidrolat\u0131, besleyici ve yenileyici \u00f6zellikleri sayesinde \u00e7e\u015fitli cilt bak\u0131m \u00fcr\u00fcnlerinde kullan\u0131lmaktad\u0131r.","breadcrumb":{"@id":"https:\/\/naturalpoland.com\/tr\/urunler\/kozmetik-hammaddeleri\/hidrolatlar\/havuc-meyvesi-hidrolati\/#breadcrumb"},"inLanguage":"tr","potentialAction":[{"@type":"ReadAction","target":["https:\/\/naturalpoland.com\/tr\/urunler\/kozmetik-hammaddeleri\/hidrolatlar\/havuc-meyvesi-hidrolati\/"]}]},{"@type":"ImageObject","inLanguage":"tr","@id":"https:\/\/naturalpoland.com\/tr\/urunler\/kozmetik-hammaddeleri\/hidrolatlar\/havuc-meyvesi-hidrolati\/#primaryimage","url":"https:\/\/naturalpoland.com\/wp-content\/uploads\/hydrolat-z-marchwi.webp","contentUrl":"https:\/\/naturalpoland.com\/wp-content\/uploads\/hydrolat-z-marchwi.webp","width":615,"height":615,"caption":"havu\u00e7 hidrolat\u0131"},{"@type":"BreadcrumbList","@id":"https:\/\/naturalpoland.com\/tr\/urunler\/kozmetik-hammaddeleri\/hidrolatlar\/havuc-meyvesi-hidrolati\/#breadcrumb","itemListElement":[{"@type":"ListItem","position":1,"name":"Ana Sayfa","item":"https:\/\/naturalpoland.com\/tr\/"},{"@type":"ListItem","position":2,"name":"\u00dcr\u00fcnler","item":"https:\/\/naturalpoland.com\/tr\/urunler\/"},{"@type":"ListItem","position":3,"name":"Havu\u00e7 Meyvesi Hidrolat\u0131"}]},{"@type":"WebSite","@id":"https:\/\/naturalpoland.com\/tr\/#website","url":"https:\/\/naturalpoland.com\/tr\/","name":"NATURAL POLAND - Hurtowy Dystrybutor Surowc\u00f3w","description":"Surowce dla przemys\u0142u spo\u017cywczego, kosmetycznego i farmaceutycznego","publisher":{"@id":"https:\/\/naturalpoland.com\/tr\/#organization"},"potentialAction":[{"@type":"SearchAction","target":{"@type":"EntryPoint","urlTemplate":"https:\/\/naturalpoland.com\/tr\/?s={search_term_string}"},"query-input":{"@type":"PropertyValueSpecification","valueRequired":true,"valueName":"search_term_string"}}],"inLanguage":"tr"},{"@type":"Organization","@id":"https:\/\/naturalpoland.com\/tr\/#organization","name":"Natural Poland","url":"https:\/\/naturalpoland.com\/tr\/","logo":{"@type":"ImageObject","inLanguage":"tr","@id":"https:\/\/naturalpoland.com\/tr\/#\/schema\/logo\/image\/","url":"https:\/\/naturalpoland.com\/wp-content\/uploads\/2021\/05\/natural-poland-icon.png","contentUrl":"https:\/\/naturalpoland.com\/wp-content\/uploads\/2021\/05\/natural-poland-icon.png","width":512,"height":512,"caption":"Natural Poland"},"image":{"@id":"https:\/\/naturalpoland.com\/tr\/#\/schema\/logo\/image\/"},"sameAs":["https:\/\/www.facebook.com\/naturalpoland.b2b","https:\/\/pl.linkedin.com\/company\/natural-poland","https:\/\/www.youtube.com\/channel\/UCgeGGkvOMahZo-xu_MSEWxg"]}]}},"_links":{"self":[{"href":"https:\/\/naturalpoland.com\/tr\/wp-json\/wp\/v2\/product\/47214","targetHints":{"allow":["GET"]}}],"collection":[{"href":"https:\/\/naturalpoland.com\/tr\/wp-json\/wp\/v2\/product"}],"about":[{"href":"https:\/\/naturalpoland.com\/tr\/wp-json\/wp\/v2\/types\/product"}],"wp:featuredmedia":[{"embeddable":true,"href":"https:\/\/naturalpoland.com\/tr\/wp-json\/wp\/v2\/media\/47215"}],"wp:attachment":[{"href":"https:\/\/naturalpoland.com\/tr\/wp-json\/wp\/v2\/media?parent=47214"}],"wp:term":[{"taxonomy":"product_brand","embeddable":true,"href":"https:\/\/naturalpoland.com\/tr\/wp-json\/wp\/v2\/product_brand?post=47214"},{"taxonomy":"product_cat","embeddable":true,"href":"https:\/\/naturalpoland.com\/tr\/wp-json\/wp\/v2\/product_cat?post=47214"},{"taxonomy":"product_tag","embeddable":true,"href":"https:\/\/naturalpoland.com\/tr\/wp-json\/wp\/v2\/product_tag?post=47214"}],"curies":[{"name":"wp","href":"https:\/\/api.w.org\/{rel}","templated":true}]}}