{"id":47269,"date":"2021-05-11T13:52:31","date_gmt":"2021-05-11T11:52:31","guid":{"rendered":"https:\/\/naturalpoland.com\/produkty\/kategorilenmemis\/tamanu-cekirdegi-yagi\/"},"modified":"2026-04-01T13:20:01","modified_gmt":"2026-04-01T11:20:01","slug":"tamanu-cekirdegi-yagi","status":"publish","type":"product","link":"https:\/\/naturalpoland.com\/tr\/urunler\/kozmetik-hammaddeleri\/kozmetik-yaglari\/tamanu-cekirdegi-yagi\/","title":{"rendered":"Tamanu \u00e7ekirde\u011fi ya\u011f\u0131"},"content":{"rendered":"<h2>Tamanu ya\u011f\u0131n\u0131n \u00f6zellikleri ve etkileri<\/h2>\n<p>Tamanu ya\u011f\u0131, <strong>oleik asit<\/strong> ve <strong>linoleik asidin<\/strong> bask\u0131n oldu\u011fu, doymu\u015f fraksiyonlarla tamamlanan faydal\u0131 bir ya\u011f asidi profili ile \u00f6ne \u00e7\u0131kar. Bu kompozisyon, cildin lipid bariyerinin yenilenmesine ve elastikiyetinin ve d\u0131\u015f etkenlere kar\u015f\u0131 direncinin iyile\u015ftirilmesine katk\u0131da bulunur. <\/p>\n<p>Bu hammadde, \u00f6zellikle <strong>yenileyici \u00f6zellikleri ve cildin do\u011fal yenilenme s\u00fcre\u00e7lerini desteklemesi<\/strong> nedeniyle de\u011fer g\u00f6r\u00fcr. Tamanu \u00e7ekirde\u011fi ya\u011f\u0131, deste\u011fe ihtiya\u00e7 duyan ciltlerin bak\u0131m\u0131nda \u2013 tahri\u015fe e\u011filimli, kusurlu veya d\u00fczensiz yap\u0131ya sahip ciltlerde kullan\u0131m alan\u0131 bulur. Kozmetik form\u00fclasyonlarda, epidermisin yenilenmesini ve cildin genel g\u00f6r\u00fcn\u00fcm\u00fcn\u00fcn iyile\u015ftirilmesini destekleyen bir bile\u015fen olarak kullan\u0131l\u0131r.  <\/p>\n<p>Bu hammadde, yat\u0131\u015ft\u0131r\u0131c\u0131 ve dengeleyici \u00f6zelliklerin \u00f6nemli oldu\u011fu, problemli ve akneye e\u011filimli ciltlere y\u00f6nelik \u00fcr\u00fcnlerde kullan\u0131lmaktad\u0131r. Bu ya\u011f, \u00f6zel bak\u0131m gerektiren b\u00f6lgelerin bak\u0131m\u0131na yard\u0131mc\u0131 olarak cildin konforunu destekler. <\/p>\n<p><strong>Sa\u00e7 bak\u0131m\u0131nda<\/strong> tamanu \u00e7ekirde\u011fi ya\u011f\u0131, \u00f6zellikle sa\u00e7 derisi ve kuru, y\u0131pranm\u0131\u015f sa\u00e7lara y\u00f6nelik \u00fcr\u00fcnlerde besleyici ve g\u00fc\u00e7lendirici etki g\u00f6sterir. Sa\u00e7lar\u0131n kondisyonunun iyile\u015ftirilmesine, parlakl\u0131k kazand\u0131r\u0131lmas\u0131na ve a\u015f\u0131r\u0131 kurumaya kar\u015f\u0131 korunmas\u0131na katk\u0131da bulunabilir. <\/p>\n<h2>Kozmetik \u00fcr\u00fcnlerde kullan\u0131m\u0131<\/h2>\n<p>Tamanu \u00e7ekirde\u011fi ya\u011f\u0131, kozmetik hammadde olarak profesyonel kullan\u0131ma y\u00f6neliktir ve a\u015fa\u011f\u0131daki gibi geni\u015f bir form\u00fclasyon yelpazesinde kullan\u0131labilir:<\/p>\n<ul>\n<li>yenileyici etkili y\u00fcz kremleri ve serumlar\u0131,<\/li>\n<li>problemli ve kusurlu cilt bak\u0131m \u00fcr\u00fcnleri,<\/li>\n<li>v\u00fccut balsamlar\u0131 ve ya\u011flar\u0131,<\/li>\n<li>sa\u00e7 derisi i\u00e7in ya\u011flar ve serumlar,<\/li>\n<li>kuru, y\u0131pranm\u0131\u015f ve mat sa\u00e7lar i\u00e7in kozmetikler,<\/li>\n<li>ya\u011fl\u0131 booster tipi preparatlar ve spa rit\u00fcelleri i\u00e7in \u00fcr\u00fcnler.<\/li>\n<\/ul>\n<p>Lipid bile\u015fenlerin y\u00fcksek konsantrasyonu nedeniyle tamanu ya\u011f\u0131, hem tek ba\u015f\u0131na kullan\u0131lan \u00fcr\u00fcnlerde hem de daha karma\u015f\u0131k ya\u011f kompozisyonlar\u0131n\u0131n bir unsuru olarak kozmetik re\u00e7etelerde s\u0131kl\u0131kla aktif veya tamamlay\u0131c\u0131 bile\u015fen olarak kullan\u0131l\u0131r.<\/p>\n","protected":false},"excerpt":{"rendered":"<p><strong>Tamanu \u00e7ekirde\u011fi ya\u011f\u0131<\/strong>, Pasifik b\u00f6lgesinin ada alanlar\u0131nda do\u011fal olarak yeti\u015fen <em>Calophyllum inophyllum<\/em> a\u011fac\u0131n\u0131n meyve tohumlar\u0131n\u0131n preslenmesiyle elde edilir. Sundu\u011fumuz ya\u011f COSMOS sertifikas\u0131na sahiptir ve kozmetik kullan\u0131mlara y\u00f6neliktir. <\/p>\n","protected":false},"featured_media":47271,"template":"","meta":[],"product_brand":[],"product_cat":[9551],"product_tag":[],"class_list":{"0":"post-47269","1":"product","2":"type-product","3":"status-publish","4":"has-post-thumbnail","6":"product_cat-kozmetik-yaglari","7":"pa_czesc-rosliny-meyve-tohumlari","9":"first","10":"instock","11":"shipping-taxable","12":"product-type-simple"},"yoast_head":"<!-- This site is optimized with the Yoast SEO plugin v27.3 - https:\/\/yoast.com\/product\/yoast-seo-wordpress\/ -->\n<title>Tamanu \u00e7ekirde\u011fi ya\u011f\u0131 - Hurtowy Dystrybutor<\/title>\n<meta name=\"description\" content=\"Pasifik Okyanusu adalar\u0131nda yeti\u015fen gumiak ad\u0131 verilen a\u011fac\u0131n meyvelerinin \u00e7ekirdeklerinin preslenmesiyle elde edilen do\u011fal tamanu ya\u011f\u0131.\" \/>\n<meta name=\"robots\" content=\"index, follow, max-snippet:-1, max-image-preview:large, max-video-preview:-1\" \/>\n<link rel=\"canonical\" href=\"https:\/\/naturalpoland.com\/tr\/urunler\/kozmetik-hammaddeleri\/kozmetik-yaglari\/tamanu-cekirdegi-yagi\/\" \/>\n<meta property=\"og:locale\" content=\"tr_TR\" \/>\n<meta property=\"og:type\" content=\"article\" \/>\n<meta property=\"og:title\" content=\"Tamanu \u00e7ekirde\u011fi ya\u011f\u0131 - Hurtowy Dystrybutor\" \/>\n<meta property=\"og:description\" content=\"Pasifik Okyanusu adalar\u0131nda yeti\u015fen gumiak ad\u0131 verilen a\u011fac\u0131n meyvelerinin \u00e7ekirdeklerinin preslenmesiyle elde edilen do\u011fal tamanu ya\u011f\u0131.\" \/>\n<meta property=\"og:url\" content=\"https:\/\/naturalpoland.com\/tr\/urunler\/kozmetik-hammaddeleri\/kozmetik-yaglari\/tamanu-cekirdegi-yagi\/\" \/>\n<meta property=\"og:site_name\" content=\"NATURAL POLAND - Hurtowy Dystrybutor Surowc\u00f3w\" \/>\n<meta property=\"article:publisher\" content=\"https:\/\/www.facebook.com\/naturalpoland.b2b\" \/>\n<meta property=\"article:modified_time\" content=\"2026-04-01T11:20:01+00:00\" \/>\n<meta property=\"og:image\" content=\"https:\/\/naturalpoland.com\/wp-content\/uploads\/olej-tamanu.webp\" \/>\n\t<meta property=\"og:image:width\" content=\"1024\" \/>\n\t<meta property=\"og:image:height\" content=\"1024\" \/>\n\t<meta property=\"og:image:type\" content=\"image\/webp\" \/>\n<script type=\"application\/ld+json\" class=\"yoast-schema-graph\">{\"@context\":\"https:\\\/\\\/schema.org\",\"@graph\":[{\"@type\":\"WebPage\",\"@id\":\"https:\\\/\\\/naturalpoland.com\\\/tr\\\/urunler\\\/kozmetik-hammaddeleri\\\/kozmetik-yaglari\\\/tamanu-cekirdegi-yagi\\\/\",\"url\":\"https:\\\/\\\/naturalpoland.com\\\/tr\\\/urunler\\\/kozmetik-hammaddeleri\\\/kozmetik-yaglari\\\/tamanu-cekirdegi-yagi\\\/\",\"name\":\"Tamanu \u00e7ekirde\u011fi ya\u011f\u0131 - Hurtowy Dystrybutor\",\"isPartOf\":{\"@id\":\"https:\\\/\\\/naturalpoland.com\\\/tr\\\/#website\"},\"primaryImageOfPage\":{\"@id\":\"https:\\\/\\\/naturalpoland.com\\\/tr\\\/urunler\\\/kozmetik-hammaddeleri\\\/kozmetik-yaglari\\\/tamanu-cekirdegi-yagi\\\/#primaryimage\"},\"image\":{\"@id\":\"https:\\\/\\\/naturalpoland.com\\\/tr\\\/urunler\\\/kozmetik-hammaddeleri\\\/kozmetik-yaglari\\\/tamanu-cekirdegi-yagi\\\/#primaryimage\"},\"thumbnailUrl\":\"https:\\\/\\\/naturalpoland.com\\\/wp-content\\\/uploads\\\/olej-tamanu.webp\",\"datePublished\":\"2021-05-11T11:52:31+00:00\",\"dateModified\":\"2026-04-01T11:20:01+00:00\",\"description\":\"Pasifik Okyanusu adalar\u0131nda yeti\u015fen gumiak ad\u0131 verilen a\u011fac\u0131n meyvelerinin \u00e7ekirdeklerinin preslenmesiyle elde edilen do\u011fal tamanu ya\u011f\u0131.\",\"breadcrumb\":{\"@id\":\"https:\\\/\\\/naturalpoland.com\\\/tr\\\/urunler\\\/kozmetik-hammaddeleri\\\/kozmetik-yaglari\\\/tamanu-cekirdegi-yagi\\\/#breadcrumb\"},\"inLanguage\":\"tr\",\"potentialAction\":[{\"@type\":\"ReadAction\",\"target\":[\"https:\\\/\\\/naturalpoland.com\\\/tr\\\/urunler\\\/kozmetik-hammaddeleri\\\/kozmetik-yaglari\\\/tamanu-cekirdegi-yagi\\\/\"]}]},{\"@type\":\"ImageObject\",\"inLanguage\":\"tr\",\"@id\":\"https:\\\/\\\/naturalpoland.com\\\/tr\\\/urunler\\\/kozmetik-hammaddeleri\\\/kozmetik-yaglari\\\/tamanu-cekirdegi-yagi\\\/#primaryimage\",\"url\":\"https:\\\/\\\/naturalpoland.com\\\/wp-content\\\/uploads\\\/olej-tamanu.webp\",\"contentUrl\":\"https:\\\/\\\/naturalpoland.com\\\/wp-content\\\/uploads\\\/olej-tamanu.webp\",\"width\":1024,\"height\":1024,\"caption\":\"tamanu tohumu ya\u011f\u0131\"},{\"@type\":\"BreadcrumbList\",\"@id\":\"https:\\\/\\\/naturalpoland.com\\\/tr\\\/urunler\\\/kozmetik-hammaddeleri\\\/kozmetik-yaglari\\\/tamanu-cekirdegi-yagi\\\/#breadcrumb\",\"itemListElement\":[{\"@type\":\"ListItem\",\"position\":1,\"name\":\"Ana Sayfa\",\"item\":\"https:\\\/\\\/naturalpoland.com\\\/tr\\\/\"},{\"@type\":\"ListItem\",\"position\":2,\"name\":\"\u00dcr\u00fcnler\",\"item\":\"https:\\\/\\\/naturalpoland.com\\\/tr\\\/urunler\\\/\"},{\"@type\":\"ListItem\",\"position\":3,\"name\":\"Tamanu \u00e7ekirde\u011fi ya\u011f\u0131\"}]},{\"@type\":\"WebSite\",\"@id\":\"https:\\\/\\\/naturalpoland.com\\\/tr\\\/#website\",\"url\":\"https:\\\/\\\/naturalpoland.com\\\/tr\\\/\",\"name\":\"NATURAL POLAND - Hurtowy Dystrybutor Surowc\u00f3w\",\"description\":\"Surowce dla przemys\u0142u spo\u017cywczego, kosmetycznego i farmaceutycznego\",\"publisher\":{\"@id\":\"https:\\\/\\\/naturalpoland.com\\\/tr\\\/#organization\"},\"potentialAction\":[{\"@type\":\"SearchAction\",\"target\":{\"@type\":\"EntryPoint\",\"urlTemplate\":\"https:\\\/\\\/naturalpoland.com\\\/tr\\\/?s={search_term_string}\"},\"query-input\":{\"@type\":\"PropertyValueSpecification\",\"valueRequired\":true,\"valueName\":\"search_term_string\"}}],\"inLanguage\":\"tr\"},{\"@type\":\"Organization\",\"@id\":\"https:\\\/\\\/naturalpoland.com\\\/tr\\\/#organization\",\"name\":\"Natural Poland\",\"url\":\"https:\\\/\\\/naturalpoland.com\\\/tr\\\/\",\"logo\":{\"@type\":\"ImageObject\",\"inLanguage\":\"tr\",\"@id\":\"https:\\\/\\\/naturalpoland.com\\\/tr\\\/#\\\/schema\\\/logo\\\/image\\\/\",\"url\":\"https:\\\/\\\/naturalpoland.com\\\/wp-content\\\/uploads\\\/2021\\\/05\\\/natural-poland-icon.png\",\"contentUrl\":\"https:\\\/\\\/naturalpoland.com\\\/wp-content\\\/uploads\\\/2021\\\/05\\\/natural-poland-icon.png\",\"width\":512,\"height\":512,\"caption\":\"Natural Poland\"},\"image\":{\"@id\":\"https:\\\/\\\/naturalpoland.com\\\/tr\\\/#\\\/schema\\\/logo\\\/image\\\/\"},\"sameAs\":[\"https:\\\/\\\/www.facebook.com\\\/naturalpoland.b2b\",\"https:\\\/\\\/pl.linkedin.com\\\/company\\\/natural-poland\",\"https:\\\/\\\/www.youtube.com\\\/channel\\\/UCgeGGkvOMahZo-xu_MSEWxg\"]}]}<\/script>\n<!-- \/ Yoast SEO plugin. -->","yoast_head_json":{"title":"Tamanu \u00e7ekirde\u011fi ya\u011f\u0131 - Hurtowy Dystrybutor","description":"Pasifik Okyanusu adalar\u0131nda yeti\u015fen gumiak ad\u0131 verilen a\u011fac\u0131n meyvelerinin \u00e7ekirdeklerinin preslenmesiyle elde edilen do\u011fal tamanu ya\u011f\u0131.","robots":{"index":"index","follow":"follow","max-snippet":"max-snippet:-1","max-image-preview":"max-image-preview:large","max-video-preview":"max-video-preview:-1"},"canonical":"https:\/\/naturalpoland.com\/tr\/urunler\/kozmetik-hammaddeleri\/kozmetik-yaglari\/tamanu-cekirdegi-yagi\/","og_locale":"tr_TR","og_type":"article","og_title":"Tamanu \u00e7ekirde\u011fi ya\u011f\u0131 - Hurtowy Dystrybutor","og_description":"Pasifik Okyanusu adalar\u0131nda yeti\u015fen gumiak ad\u0131 verilen a\u011fac\u0131n meyvelerinin \u00e7ekirdeklerinin preslenmesiyle elde edilen do\u011fal tamanu ya\u011f\u0131.","og_url":"https:\/\/naturalpoland.com\/tr\/urunler\/kozmetik-hammaddeleri\/kozmetik-yaglari\/tamanu-cekirdegi-yagi\/","og_site_name":"NATURAL POLAND - Hurtowy Dystrybutor Surowc\u00f3w","article_publisher":"https:\/\/www.facebook.com\/naturalpoland.b2b","article_modified_time":"2026-04-01T11:20:01+00:00","og_image":[{"width":1024,"height":1024,"url":"https:\/\/naturalpoland.com\/wp-content\/uploads\/olej-tamanu.webp","type":"image\/webp"}],"schema":{"@context":"https:\/\/schema.org","@graph":[{"@type":"WebPage","@id":"https:\/\/naturalpoland.com\/tr\/urunler\/kozmetik-hammaddeleri\/kozmetik-yaglari\/tamanu-cekirdegi-yagi\/","url":"https:\/\/naturalpoland.com\/tr\/urunler\/kozmetik-hammaddeleri\/kozmetik-yaglari\/tamanu-cekirdegi-yagi\/","name":"Tamanu \u00e7ekirde\u011fi ya\u011f\u0131 - Hurtowy Dystrybutor","isPartOf":{"@id":"https:\/\/naturalpoland.com\/tr\/#website"},"primaryImageOfPage":{"@id":"https:\/\/naturalpoland.com\/tr\/urunler\/kozmetik-hammaddeleri\/kozmetik-yaglari\/tamanu-cekirdegi-yagi\/#primaryimage"},"image":{"@id":"https:\/\/naturalpoland.com\/tr\/urunler\/kozmetik-hammaddeleri\/kozmetik-yaglari\/tamanu-cekirdegi-yagi\/#primaryimage"},"thumbnailUrl":"https:\/\/naturalpoland.com\/wp-content\/uploads\/olej-tamanu.webp","datePublished":"2021-05-11T11:52:31+00:00","dateModified":"2026-04-01T11:20:01+00:00","description":"Pasifik Okyanusu adalar\u0131nda yeti\u015fen gumiak ad\u0131 verilen a\u011fac\u0131n meyvelerinin \u00e7ekirdeklerinin preslenmesiyle elde edilen do\u011fal tamanu ya\u011f\u0131.","breadcrumb":{"@id":"https:\/\/naturalpoland.com\/tr\/urunler\/kozmetik-hammaddeleri\/kozmetik-yaglari\/tamanu-cekirdegi-yagi\/#breadcrumb"},"inLanguage":"tr","potentialAction":[{"@type":"ReadAction","target":["https:\/\/naturalpoland.com\/tr\/urunler\/kozmetik-hammaddeleri\/kozmetik-yaglari\/tamanu-cekirdegi-yagi\/"]}]},{"@type":"ImageObject","inLanguage":"tr","@id":"https:\/\/naturalpoland.com\/tr\/urunler\/kozmetik-hammaddeleri\/kozmetik-yaglari\/tamanu-cekirdegi-yagi\/#primaryimage","url":"https:\/\/naturalpoland.com\/wp-content\/uploads\/olej-tamanu.webp","contentUrl":"https:\/\/naturalpoland.com\/wp-content\/uploads\/olej-tamanu.webp","width":1024,"height":1024,"caption":"tamanu tohumu ya\u011f\u0131"},{"@type":"BreadcrumbList","@id":"https:\/\/naturalpoland.com\/tr\/urunler\/kozmetik-hammaddeleri\/kozmetik-yaglari\/tamanu-cekirdegi-yagi\/#breadcrumb","itemListElement":[{"@type":"ListItem","position":1,"name":"Ana Sayfa","item":"https:\/\/naturalpoland.com\/tr\/"},{"@type":"ListItem","position":2,"name":"\u00dcr\u00fcnler","item":"https:\/\/naturalpoland.com\/tr\/urunler\/"},{"@type":"ListItem","position":3,"name":"Tamanu \u00e7ekirde\u011fi ya\u011f\u0131"}]},{"@type":"WebSite","@id":"https:\/\/naturalpoland.com\/tr\/#website","url":"https:\/\/naturalpoland.com\/tr\/","name":"NATURAL POLAND - Hurtowy Dystrybutor Surowc\u00f3w","description":"Surowce dla przemys\u0142u spo\u017cywczego, kosmetycznego i farmaceutycznego","publisher":{"@id":"https:\/\/naturalpoland.com\/tr\/#organization"},"potentialAction":[{"@type":"SearchAction","target":{"@type":"EntryPoint","urlTemplate":"https:\/\/naturalpoland.com\/tr\/?s={search_term_string}"},"query-input":{"@type":"PropertyValueSpecification","valueRequired":true,"valueName":"search_term_string"}}],"inLanguage":"tr"},{"@type":"Organization","@id":"https:\/\/naturalpoland.com\/tr\/#organization","name":"Natural Poland","url":"https:\/\/naturalpoland.com\/tr\/","logo":{"@type":"ImageObject","inLanguage":"tr","@id":"https:\/\/naturalpoland.com\/tr\/#\/schema\/logo\/image\/","url":"https:\/\/naturalpoland.com\/wp-content\/uploads\/2021\/05\/natural-poland-icon.png","contentUrl":"https:\/\/naturalpoland.com\/wp-content\/uploads\/2021\/05\/natural-poland-icon.png","width":512,"height":512,"caption":"Natural Poland"},"image":{"@id":"https:\/\/naturalpoland.com\/tr\/#\/schema\/logo\/image\/"},"sameAs":["https:\/\/www.facebook.com\/naturalpoland.b2b","https:\/\/pl.linkedin.com\/company\/natural-poland","https:\/\/www.youtube.com\/channel\/UCgeGGkvOMahZo-xu_MSEWxg"]}]}},"_links":{"self":[{"href":"https:\/\/naturalpoland.com\/tr\/wp-json\/wp\/v2\/product\/47269","targetHints":{"allow":["GET"]}}],"collection":[{"href":"https:\/\/naturalpoland.com\/tr\/wp-json\/wp\/v2\/product"}],"about":[{"href":"https:\/\/naturalpoland.com\/tr\/wp-json\/wp\/v2\/types\/product"}],"wp:featuredmedia":[{"embeddable":true,"href":"https:\/\/naturalpoland.com\/tr\/wp-json\/wp\/v2\/media\/47271"}],"wp:attachment":[{"href":"https:\/\/naturalpoland.com\/tr\/wp-json\/wp\/v2\/media?parent=47269"}],"wp:term":[{"taxonomy":"product_brand","embeddable":true,"href":"https:\/\/naturalpoland.com\/tr\/wp-json\/wp\/v2\/product_brand?post=47269"},{"taxonomy":"product_cat","embeddable":true,"href":"https:\/\/naturalpoland.com\/tr\/wp-json\/wp\/v2\/product_cat?post=47269"},{"taxonomy":"product_tag","embeddable":true,"href":"https:\/\/naturalpoland.com\/tr\/wp-json\/wp\/v2\/product_tag?post=47269"}],"curies":[{"name":"wp","href":"https:\/\/api.w.org\/{rel}","templated":true}]}}