{"id":47272,"date":"2021-05-11T13:52:32","date_gmt":"2021-05-11T11:52:32","guid":{"rendered":"https:\/\/naturalpoland.com\/produkty\/kategorilenmemis\/keten-tohumu-yagi\/"},"modified":"2026-04-01T13:20:05","modified_gmt":"2026-04-01T11:20:05","slug":"keten-tohumu-yagi","status":"publish","type":"product","link":"https:\/\/naturalpoland.com\/tr\/urunler\/gida-hammaddeleri\/gida-yaglari\/keten-tohumu-yagi\/","title":{"rendered":"Keten Tohumu Ya\u011f\u0131"},"content":{"rendered":"<p>Keten ya\u011f\u0131m\u0131z Polonya k\u00f6kenlidir. A\u00e7\u0131k sar\u0131 rengi, berrakl\u0131\u011f\u0131 ve tortu i\u00e7ermemesi ile karakterize edilir. Tad\u0131 ve kokusu so\u011fuk s\u0131k\u0131m keten ya\u011f\u0131na \u00f6zg\u00fcd\u00fcr. Bu ya\u011f %100 do\u011fald\u0131r ve koruyucu, yapay renklendirici veya aroma i\u00e7ermez.   <\/p>\n<p><strong>G\u0131da end\u00fcstrisinde keten ya\u011f\u0131<\/strong><\/p>\n<p>Keten ya\u011f\u0131ndaki ya\u011f asidi i\u00e7eri\u011fi etkileyicidir, \u00f6zellikle 100 g ya\u011fda 54 g olan omega-3 asitleri a\u00e7\u0131s\u0131ndan. \u00c7oklu doymam\u0131\u015f ya\u011f asitlerinin zenginli\u011fi (100 g&#8217;da 70 g), bunlar\u0131n aras\u0131nda tekli doymam\u0131\u015f (100 g&#8217;da 19 g) ve doymu\u015f (100 g&#8217;da 11 g) ya\u011f asitleri, say\u0131s\u0131z sa\u011fl\u0131k faydas\u0131na katk\u0131da bulunur. Keten ya\u011f\u0131 t\u00fcketimi metabolik s\u00fcre\u00e7lerin normalle\u015fmesini destekler, kan damarlar\u0131n\u0131n esnekli\u011fini art\u0131r\u0131r ve sindirim sisteminin \u00e7al\u0131\u015fmas\u0131n\u0131 d\u00fczenler. Ayr\u0131ca kilo vermeyi destekleyen \u00f6zellikleri ve s\u0131cak basmas\u0131 gibi menopoz semptomlar\u0131n\u0131 azaltmas\u0131 nedeniyle de de\u011ferlidir.   <\/p>\n<p><strong>Kozmetik end\u00fcstrisinde keten ya\u011f\u0131<\/strong><\/p>\n<p>Kozmetikte keten ya\u011f\u0131, y\u00fcz temizleme s\u0131v\u0131lar\u0131, du\u015f jelleri, nemlendirici kremler, g\u00fcne\u015f koruyucu kremler veya y\u00fcz maskeleri gibi \u00e7e\u015fitli bak\u0131m \u00fcr\u00fcnlerinin \u00fcretiminde kullan\u0131l\u0131r. Nemlendirici \u00f6zellikleri sayesinde bu ya\u011f cildin kondisyonunu iyile\u015ftirir, g\u00f6z alt\u0131 g\u00f6lgelerini azalt\u0131r, k\u0131r\u0131\u015f\u0131kl\u0131klar\u0131 hafifletir ve cildin genel tonunu iyile\u015ftirir. Sa\u00e7lara uyguland\u0131\u011f\u0131nda b\u00fcy\u00fcmelerini h\u0131zland\u0131r\u0131r ve parlak ve g\u00fc\u00e7l\u00fc olmalar\u0131n\u0131 sa\u011flar.  <\/p>\n","protected":false},"excerpt":{"rendered":"<p>So\u011fuk s\u0131k\u0131m ve rafine edilmemi\u015f keten ya\u011f\u0131, hem mutfakta hem de kozmetik end\u00fcstrisinde kullan\u0131m alan\u0131 bulan y\u00fcksek besin de\u011ferine sahip bir \u00fcr\u00fcnd\u00fcr.<\/p>\n","protected":false},"featured_media":47273,"template":"","meta":[],"product_brand":[],"product_cat":[9551,9532,9571],"product_tag":[],"class_list":{"0":"post-47272","1":"product","2":"type-product","3":"status-publish","4":"has-post-thumbnail","6":"product_cat-kozmetik-yaglari","7":"product_cat-gida-ve-kozmetik-yaglari","8":"product_cat-gida-yaglari","9":"pa_grupa-substancji-emolyenler","11":"first","12":"instock","13":"shipping-taxable","14":"product-type-simple"},"yoast_head":"<!-- This site is optimized with the Yoast SEO plugin v27.3 - https:\/\/yoast.com\/product\/yoast-seo-wordpress\/ -->\n<title>Keten Tohumu Ya\u011f\u0131 - Hurtowy Dystrybutor<\/title>\n<meta name=\"description\" content=\"So\u011fuk s\u0131k\u0131m ve rafine edilmemi\u015f keten tohumu ya\u011f\u0131, hem lezzet hem de sa\u011fl\u0131k a\u00e7\u0131s\u0131ndan faydalar sunar. Keten ya\u011f\u0131m\u0131z Polonya k\u00f6kenlidir.\" \/>\n<meta name=\"robots\" content=\"index, follow, max-snippet:-1, max-image-preview:large, max-video-preview:-1\" \/>\n<link rel=\"canonical\" href=\"https:\/\/naturalpoland.com\/tr\/urunler\/gida-hammaddeleri\/gida-yaglari\/keten-tohumu-yagi\/\" \/>\n<meta property=\"og:locale\" content=\"tr_TR\" \/>\n<meta property=\"og:type\" content=\"article\" \/>\n<meta property=\"og:title\" content=\"Keten Tohumu Ya\u011f\u0131 - Hurtowy Dystrybutor\" \/>\n<meta property=\"og:description\" content=\"So\u011fuk s\u0131k\u0131m ve rafine edilmemi\u015f keten tohumu ya\u011f\u0131, hem lezzet hem de sa\u011fl\u0131k a\u00e7\u0131s\u0131ndan faydalar sunar. Keten ya\u011f\u0131m\u0131z Polonya k\u00f6kenlidir.\" \/>\n<meta property=\"og:url\" content=\"https:\/\/naturalpoland.com\/tr\/urunler\/gida-hammaddeleri\/gida-yaglari\/keten-tohumu-yagi\/\" \/>\n<meta property=\"og:site_name\" content=\"NATURAL POLAND - Hurtowy Dystrybutor Surowc\u00f3w\" \/>\n<meta property=\"article:publisher\" content=\"https:\/\/www.facebook.com\/naturalpoland.b2b\" \/>\n<meta property=\"article:modified_time\" content=\"2026-04-01T11:20:05+00:00\" \/>\n<meta property=\"og:image\" content=\"https:\/\/naturalpoland.com\/wp-content\/uploads\/2021\/05\/flax-seed-oil.jpg\" \/>\n\t<meta property=\"og:image:width\" content=\"800\" \/>\n\t<meta property=\"og:image:height\" content=\"800\" \/>\n\t<meta property=\"og:image:type\" content=\"image\/jpeg\" \/>\n<script type=\"application\/ld+json\" class=\"yoast-schema-graph\">{\"@context\":\"https:\\\/\\\/schema.org\",\"@graph\":[{\"@type\":\"WebPage\",\"@id\":\"https:\\\/\\\/naturalpoland.com\\\/tr\\\/urunler\\\/gida-hammaddeleri\\\/gida-yaglari\\\/keten-tohumu-yagi\\\/\",\"url\":\"https:\\\/\\\/naturalpoland.com\\\/tr\\\/urunler\\\/gida-hammaddeleri\\\/gida-yaglari\\\/keten-tohumu-yagi\\\/\",\"name\":\"Keten Tohumu Ya\u011f\u0131 - Hurtowy Dystrybutor\",\"isPartOf\":{\"@id\":\"https:\\\/\\\/naturalpoland.com\\\/tr\\\/#website\"},\"primaryImageOfPage\":{\"@id\":\"https:\\\/\\\/naturalpoland.com\\\/tr\\\/urunler\\\/gida-hammaddeleri\\\/gida-yaglari\\\/keten-tohumu-yagi\\\/#primaryimage\"},\"image\":{\"@id\":\"https:\\\/\\\/naturalpoland.com\\\/tr\\\/urunler\\\/gida-hammaddeleri\\\/gida-yaglari\\\/keten-tohumu-yagi\\\/#primaryimage\"},\"thumbnailUrl\":\"https:\\\/\\\/naturalpoland.com\\\/wp-content\\\/uploads\\\/2021\\\/05\\\/flax-seed-oil.jpg\",\"datePublished\":\"2021-05-11T11:52:32+00:00\",\"dateModified\":\"2026-04-01T11:20:05+00:00\",\"description\":\"So\u011fuk s\u0131k\u0131m ve rafine edilmemi\u015f keten tohumu ya\u011f\u0131, hem lezzet hem de sa\u011fl\u0131k a\u00e7\u0131s\u0131ndan faydalar sunar. Keten ya\u011f\u0131m\u0131z Polonya k\u00f6kenlidir.\",\"breadcrumb\":{\"@id\":\"https:\\\/\\\/naturalpoland.com\\\/tr\\\/urunler\\\/gida-hammaddeleri\\\/gida-yaglari\\\/keten-tohumu-yagi\\\/#breadcrumb\"},\"inLanguage\":\"tr\",\"potentialAction\":[{\"@type\":\"ReadAction\",\"target\":[\"https:\\\/\\\/naturalpoland.com\\\/tr\\\/urunler\\\/gida-hammaddeleri\\\/gida-yaglari\\\/keten-tohumu-yagi\\\/\"]}]},{\"@type\":\"ImageObject\",\"inLanguage\":\"tr\",\"@id\":\"https:\\\/\\\/naturalpoland.com\\\/tr\\\/urunler\\\/gida-hammaddeleri\\\/gida-yaglari\\\/keten-tohumu-yagi\\\/#primaryimage\",\"url\":\"https:\\\/\\\/naturalpoland.com\\\/wp-content\\\/uploads\\\/2021\\\/05\\\/flax-seed-oil.jpg\",\"contentUrl\":\"https:\\\/\\\/naturalpoland.com\\\/wp-content\\\/uploads\\\/2021\\\/05\\\/flax-seed-oil.jpg\",\"width\":800,\"height\":800,\"caption\":\"Keten Tohumu Ya\u011f\u0131\"},{\"@type\":\"BreadcrumbList\",\"@id\":\"https:\\\/\\\/naturalpoland.com\\\/tr\\\/urunler\\\/gida-hammaddeleri\\\/gida-yaglari\\\/keten-tohumu-yagi\\\/#breadcrumb\",\"itemListElement\":[{\"@type\":\"ListItem\",\"position\":1,\"name\":\"Ana Sayfa\",\"item\":\"https:\\\/\\\/naturalpoland.com\\\/tr\\\/\"},{\"@type\":\"ListItem\",\"position\":2,\"name\":\"\u00dcr\u00fcnler\",\"item\":\"https:\\\/\\\/naturalpoland.com\\\/tr\\\/urunler\\\/\"},{\"@type\":\"ListItem\",\"position\":3,\"name\":\"Keten Tohumu Ya\u011f\u0131\"}]},{\"@type\":\"WebSite\",\"@id\":\"https:\\\/\\\/naturalpoland.com\\\/tr\\\/#website\",\"url\":\"https:\\\/\\\/naturalpoland.com\\\/tr\\\/\",\"name\":\"NATURAL POLAND - Hurtowy Dystrybutor Surowc\u00f3w\",\"description\":\"Surowce dla przemys\u0142u spo\u017cywczego, kosmetycznego i farmaceutycznego\",\"publisher\":{\"@id\":\"https:\\\/\\\/naturalpoland.com\\\/tr\\\/#organization\"},\"potentialAction\":[{\"@type\":\"SearchAction\",\"target\":{\"@type\":\"EntryPoint\",\"urlTemplate\":\"https:\\\/\\\/naturalpoland.com\\\/tr\\\/?s={search_term_string}\"},\"query-input\":{\"@type\":\"PropertyValueSpecification\",\"valueRequired\":true,\"valueName\":\"search_term_string\"}}],\"inLanguage\":\"tr\"},{\"@type\":\"Organization\",\"@id\":\"https:\\\/\\\/naturalpoland.com\\\/tr\\\/#organization\",\"name\":\"Natural Poland\",\"url\":\"https:\\\/\\\/naturalpoland.com\\\/tr\\\/\",\"logo\":{\"@type\":\"ImageObject\",\"inLanguage\":\"tr\",\"@id\":\"https:\\\/\\\/naturalpoland.com\\\/tr\\\/#\\\/schema\\\/logo\\\/image\\\/\",\"url\":\"https:\\\/\\\/naturalpoland.com\\\/wp-content\\\/uploads\\\/2021\\\/05\\\/natural-poland-icon.png\",\"contentUrl\":\"https:\\\/\\\/naturalpoland.com\\\/wp-content\\\/uploads\\\/2021\\\/05\\\/natural-poland-icon.png\",\"width\":512,\"height\":512,\"caption\":\"Natural Poland\"},\"image\":{\"@id\":\"https:\\\/\\\/naturalpoland.com\\\/tr\\\/#\\\/schema\\\/logo\\\/image\\\/\"},\"sameAs\":[\"https:\\\/\\\/www.facebook.com\\\/naturalpoland.b2b\",\"https:\\\/\\\/pl.linkedin.com\\\/company\\\/natural-poland\",\"https:\\\/\\\/www.youtube.com\\\/channel\\\/UCgeGGkvOMahZo-xu_MSEWxg\"]}]}<\/script>\n<!-- \/ Yoast SEO plugin. -->","yoast_head_json":{"title":"Keten Tohumu Ya\u011f\u0131 - Hurtowy Dystrybutor","description":"So\u011fuk s\u0131k\u0131m ve rafine edilmemi\u015f keten tohumu ya\u011f\u0131, hem lezzet hem de sa\u011fl\u0131k a\u00e7\u0131s\u0131ndan faydalar sunar. Keten ya\u011f\u0131m\u0131z Polonya k\u00f6kenlidir.","robots":{"index":"index","follow":"follow","max-snippet":"max-snippet:-1","max-image-preview":"max-image-preview:large","max-video-preview":"max-video-preview:-1"},"canonical":"https:\/\/naturalpoland.com\/tr\/urunler\/gida-hammaddeleri\/gida-yaglari\/keten-tohumu-yagi\/","og_locale":"tr_TR","og_type":"article","og_title":"Keten Tohumu Ya\u011f\u0131 - Hurtowy Dystrybutor","og_description":"So\u011fuk s\u0131k\u0131m ve rafine edilmemi\u015f keten tohumu ya\u011f\u0131, hem lezzet hem de sa\u011fl\u0131k a\u00e7\u0131s\u0131ndan faydalar sunar. Keten ya\u011f\u0131m\u0131z Polonya k\u00f6kenlidir.","og_url":"https:\/\/naturalpoland.com\/tr\/urunler\/gida-hammaddeleri\/gida-yaglari\/keten-tohumu-yagi\/","og_site_name":"NATURAL POLAND - Hurtowy Dystrybutor Surowc\u00f3w","article_publisher":"https:\/\/www.facebook.com\/naturalpoland.b2b","article_modified_time":"2026-04-01T11:20:05+00:00","og_image":[{"width":800,"height":800,"url":"https:\/\/naturalpoland.com\/wp-content\/uploads\/2021\/05\/flax-seed-oil.jpg","type":"image\/jpeg"}],"schema":{"@context":"https:\/\/schema.org","@graph":[{"@type":"WebPage","@id":"https:\/\/naturalpoland.com\/tr\/urunler\/gida-hammaddeleri\/gida-yaglari\/keten-tohumu-yagi\/","url":"https:\/\/naturalpoland.com\/tr\/urunler\/gida-hammaddeleri\/gida-yaglari\/keten-tohumu-yagi\/","name":"Keten Tohumu Ya\u011f\u0131 - Hurtowy Dystrybutor","isPartOf":{"@id":"https:\/\/naturalpoland.com\/tr\/#website"},"primaryImageOfPage":{"@id":"https:\/\/naturalpoland.com\/tr\/urunler\/gida-hammaddeleri\/gida-yaglari\/keten-tohumu-yagi\/#primaryimage"},"image":{"@id":"https:\/\/naturalpoland.com\/tr\/urunler\/gida-hammaddeleri\/gida-yaglari\/keten-tohumu-yagi\/#primaryimage"},"thumbnailUrl":"https:\/\/naturalpoland.com\/wp-content\/uploads\/2021\/05\/flax-seed-oil.jpg","datePublished":"2021-05-11T11:52:32+00:00","dateModified":"2026-04-01T11:20:05+00:00","description":"So\u011fuk s\u0131k\u0131m ve rafine edilmemi\u015f keten tohumu ya\u011f\u0131, hem lezzet hem de sa\u011fl\u0131k a\u00e7\u0131s\u0131ndan faydalar sunar. Keten ya\u011f\u0131m\u0131z Polonya k\u00f6kenlidir.","breadcrumb":{"@id":"https:\/\/naturalpoland.com\/tr\/urunler\/gida-hammaddeleri\/gida-yaglari\/keten-tohumu-yagi\/#breadcrumb"},"inLanguage":"tr","potentialAction":[{"@type":"ReadAction","target":["https:\/\/naturalpoland.com\/tr\/urunler\/gida-hammaddeleri\/gida-yaglari\/keten-tohumu-yagi\/"]}]},{"@type":"ImageObject","inLanguage":"tr","@id":"https:\/\/naturalpoland.com\/tr\/urunler\/gida-hammaddeleri\/gida-yaglari\/keten-tohumu-yagi\/#primaryimage","url":"https:\/\/naturalpoland.com\/wp-content\/uploads\/2021\/05\/flax-seed-oil.jpg","contentUrl":"https:\/\/naturalpoland.com\/wp-content\/uploads\/2021\/05\/flax-seed-oil.jpg","width":800,"height":800,"caption":"Keten Tohumu Ya\u011f\u0131"},{"@type":"BreadcrumbList","@id":"https:\/\/naturalpoland.com\/tr\/urunler\/gida-hammaddeleri\/gida-yaglari\/keten-tohumu-yagi\/#breadcrumb","itemListElement":[{"@type":"ListItem","position":1,"name":"Ana Sayfa","item":"https:\/\/naturalpoland.com\/tr\/"},{"@type":"ListItem","position":2,"name":"\u00dcr\u00fcnler","item":"https:\/\/naturalpoland.com\/tr\/urunler\/"},{"@type":"ListItem","position":3,"name":"Keten Tohumu Ya\u011f\u0131"}]},{"@type":"WebSite","@id":"https:\/\/naturalpoland.com\/tr\/#website","url":"https:\/\/naturalpoland.com\/tr\/","name":"NATURAL POLAND - Hurtowy Dystrybutor Surowc\u00f3w","description":"Surowce dla przemys\u0142u spo\u017cywczego, kosmetycznego i farmaceutycznego","publisher":{"@id":"https:\/\/naturalpoland.com\/tr\/#organization"},"potentialAction":[{"@type":"SearchAction","target":{"@type":"EntryPoint","urlTemplate":"https:\/\/naturalpoland.com\/tr\/?s={search_term_string}"},"query-input":{"@type":"PropertyValueSpecification","valueRequired":true,"valueName":"search_term_string"}}],"inLanguage":"tr"},{"@type":"Organization","@id":"https:\/\/naturalpoland.com\/tr\/#organization","name":"Natural Poland","url":"https:\/\/naturalpoland.com\/tr\/","logo":{"@type":"ImageObject","inLanguage":"tr","@id":"https:\/\/naturalpoland.com\/tr\/#\/schema\/logo\/image\/","url":"https:\/\/naturalpoland.com\/wp-content\/uploads\/2021\/05\/natural-poland-icon.png","contentUrl":"https:\/\/naturalpoland.com\/wp-content\/uploads\/2021\/05\/natural-poland-icon.png","width":512,"height":512,"caption":"Natural Poland"},"image":{"@id":"https:\/\/naturalpoland.com\/tr\/#\/schema\/logo\/image\/"},"sameAs":["https:\/\/www.facebook.com\/naturalpoland.b2b","https:\/\/pl.linkedin.com\/company\/natural-poland","https:\/\/www.youtube.com\/channel\/UCgeGGkvOMahZo-xu_MSEWxg"]}]}},"_links":{"self":[{"href":"https:\/\/naturalpoland.com\/tr\/wp-json\/wp\/v2\/product\/47272","targetHints":{"allow":["GET"]}}],"collection":[{"href":"https:\/\/naturalpoland.com\/tr\/wp-json\/wp\/v2\/product"}],"about":[{"href":"https:\/\/naturalpoland.com\/tr\/wp-json\/wp\/v2\/types\/product"}],"wp:featuredmedia":[{"embeddable":true,"href":"https:\/\/naturalpoland.com\/tr\/wp-json\/wp\/v2\/media\/47273"}],"wp:attachment":[{"href":"https:\/\/naturalpoland.com\/tr\/wp-json\/wp\/v2\/media?parent=47272"}],"wp:term":[{"taxonomy":"product_brand","embeddable":true,"href":"https:\/\/naturalpoland.com\/tr\/wp-json\/wp\/v2\/product_brand?post=47272"},{"taxonomy":"product_cat","embeddable":true,"href":"https:\/\/naturalpoland.com\/tr\/wp-json\/wp\/v2\/product_cat?post=47272"},{"taxonomy":"product_tag","embeddable":true,"href":"https:\/\/naturalpoland.com\/tr\/wp-json\/wp\/v2\/product_tag?post=47272"}],"curies":[{"name":"wp","href":"https:\/\/api.w.org\/{rel}","templated":true}]}}