{"id":47290,"date":"2021-05-11T13:52:32","date_gmt":"2021-05-11T11:52:32","guid":{"rendered":"https:\/\/naturalpoland.com\/produkty\/kategorilenmemis\/tahiti-monoi-yagi\/"},"modified":"2026-04-01T14:31:37","modified_gmt":"2026-04-01T12:31:37","slug":"tahiti-monoi-yagi","status":"publish","type":"product","link":"https:\/\/naturalpoland.com\/tr\/urunler\/kozmetik-hammaddeleri\/kozmetik-yaglari\/tahiti-monoi-yagi\/","title":{"rendered":"Tahiti Monoi Ya\u011f\u0131"},"content":{"rendered":"<p>Sundu\u011fumuz Tahiti Monoi Ya\u011f\u0131, do\u011fal tokoferol (<strong><a href=\"https:\/\/naturalpoland.com\/tr\/urunler\/farmasotik-hammaddeler\/vitaminler\/e-vitamini-tokoferil-asetat\/\">E vitamini<\/a><\/strong>) ve kal\u0131c\u0131, egzotik ve duyusal bir aroma kazand\u0131ran bir koku kompozisyonu ile zenginle\u015ftirilmi\u015ftir. A\u00e7\u0131k sar\u0131dan kehribar rengine kadar de\u011fi\u015fen, belirgin karakteristik kokulu, \u015feffaf, ya\u011fl\u0131 bir s\u0131v\u0131 formundad\u0131r. Y\u00fcksek sabunla\u015fma indeksi (252 mg KOH\/g), d\u00fc\u015f\u00fck oksidasyon seviyesi (0,2 meq O\u2082\/kg) ve hafif asitlik (1,5 mg KOH\/g) ile \u00f6ne \u00e7\u0131kar.  <\/p>\n<h2 data-start=\"910\" data-end=\"940\">\u00d6zellikler ve kullan\u0131m<\/h2>\n<p class=\"\" data-start=\"942\" data-end=\"1793\">Monoi de Tahiti besleyici, koruyucu ve onar\u0131c\u0131 \u00f6zellikleriyle bilinir. Yo\u011fun bir <strong>yumu\u015fat\u0131c\u0131<\/strong> olarak etki eder \u2013 cilt ve sa\u00e7\u0131 yumu\u015fat\u0131r ve p\u00fcr\u00fczs\u00fczle\u015ftirir, y\u00fczeylerinde nem kayb\u0131na kar\u015f\u0131 koruyan nazik bir t\u0131kay\u0131c\u0131 tabaka olu\u015fturur. E vitamini i\u00e7eri\u011fi sayesinde antioksidan etki g\u00f6sterir, cildin do\u011fal hidrolipit bariyerini destekler ve ya\u015flanma belirtilerini geciktirir. <strong>Gardenia \u00f6z\u00fc<\/strong> yat\u0131\u015ft\u0131r\u0131c\u0131 ve rahatlat\u0131c\u0131 \u00f6zellikler katar, bu nedenle kuru, hassas ve tahri\u015f olmu\u015f cilt bak\u0131m\u0131nda idealdir.  <\/p>\n<p class=\"\" data-start=\"942\" data-end=\"1793\">\u00dcr\u00fcn, l\u00fcks losyonlar, masaj ya\u011flar\u0131, sa\u00e7 maskeleri, v\u00fccut kremleri ve g\u00fcne\u015f koruyucu ve sonras\u0131 kozmetiklerin \u00fcretiminde kullan\u0131l\u0131r. Form\u00fcllere benzersiz, egzotik bir karakter kazand\u0131r\u0131r. \u00dcr\u00fcn yaln\u0131zca kozmetik kullan\u0131m i\u00e7indir.  <\/p>\n<p>&nbsp;<\/p>\n","protected":false},"excerpt":{"rendered":"<p><strong>Monoi-tiare ya\u011f\u0131<\/strong> Tahiti gardeniyas\u0131ndan elde edilir. Bu ya\u011f s\u0131kl\u0131kla Polinezya ya\u011f\u0131 olarak da adland\u0131r\u0131l\u0131r ve Tahiti adas\u0131ndan gelir. Bu ya\u011f, banyo ya\u011flar\u0131na, g\u00fcne\u015flenme sonras\u0131 \u00fcr\u00fcnlere ve sa\u00e7 maskelerine ve bak\u0131m kremlerine s\u0131k eklenen bir katk\u0131d\u0131r.  <\/p>\n","protected":false},"featured_media":47292,"template":"","meta":[],"product_brand":[],"product_cat":[9551],"product_tag":[],"class_list":{"0":"post-47290","1":"product","2":"type-product","3":"status-publish","4":"has-post-thumbnail","6":"product_cat-kozmetik-yaglari","7":"pa_grupa-substancji-emolyenler","9":"first","10":"instock","11":"shipping-taxable","12":"product-type-simple"},"yoast_head":"<!-- This site is optimized with the Yoast SEO plugin v27.3 - https:\/\/yoast.com\/product\/yoast-seo-wordpress\/ -->\n<title>Tahiti Monoi Ya\u011f\u0131 - Hurtowy Dystrybutor<\/title>\n<meta name=\"description\" content=\"Tahiti Monoi Ya\u011f\u0131 ola\u011fan\u00fcst\u00fc besleyici, koruyucu ve onar\u0131c\u0131 \u00f6zellikleriyle bilinir. Yo\u011fun bir yumu\u015fat\u0131c\u0131 olarak etki eder \u2013 yumu\u015fat\u0131r ve p\u00fcr\u00fczs\u00fczle\u015ftirir.\" \/>\n<meta name=\"robots\" content=\"index, follow, max-snippet:-1, max-image-preview:large, max-video-preview:-1\" \/>\n<link rel=\"canonical\" href=\"https:\/\/naturalpoland.com\/tr\/urunler\/kozmetik-hammaddeleri\/kozmetik-yaglari\/tahiti-monoi-yagi\/\" \/>\n<meta property=\"og:locale\" content=\"tr_TR\" \/>\n<meta property=\"og:type\" content=\"article\" \/>\n<meta property=\"og:title\" content=\"Tahiti Monoi Ya\u011f\u0131 - Hurtowy Dystrybutor\" \/>\n<meta property=\"og:description\" content=\"Tahiti Monoi Ya\u011f\u0131 ola\u011fan\u00fcst\u00fc besleyici, koruyucu ve onar\u0131c\u0131 \u00f6zellikleriyle bilinir. Yo\u011fun bir yumu\u015fat\u0131c\u0131 olarak etki eder \u2013 yumu\u015fat\u0131r ve p\u00fcr\u00fczs\u00fczle\u015ftirir.\" \/>\n<meta property=\"og:url\" content=\"https:\/\/naturalpoland.com\/tr\/urunler\/kozmetik-hammaddeleri\/kozmetik-yaglari\/tahiti-monoi-yagi\/\" \/>\n<meta property=\"og:site_name\" content=\"NATURAL POLAND - Hurtowy Dystrybutor Surowc\u00f3w\" \/>\n<meta property=\"article:publisher\" content=\"https:\/\/www.facebook.com\/naturalpoland.b2b\" \/>\n<meta property=\"article:modified_time\" content=\"2026-04-01T12:31:37+00:00\" \/>\n<meta property=\"og:image\" content=\"https:\/\/naturalpoland.com\/wp-content\/uploads\/olejek-monoi-z-tahiti.webp\" \/>\n\t<meta property=\"og:image:width\" content=\"1024\" \/>\n\t<meta property=\"og:image:height\" content=\"1024\" \/>\n\t<meta property=\"og:image:type\" content=\"image\/webp\" \/>\n<script type=\"application\/ld+json\" class=\"yoast-schema-graph\">{\"@context\":\"https:\\\/\\\/schema.org\",\"@graph\":[{\"@type\":\"WebPage\",\"@id\":\"https:\\\/\\\/naturalpoland.com\\\/tr\\\/urunler\\\/kozmetik-hammaddeleri\\\/kozmetik-yaglari\\\/tahiti-monoi-yagi\\\/\",\"url\":\"https:\\\/\\\/naturalpoland.com\\\/tr\\\/urunler\\\/kozmetik-hammaddeleri\\\/kozmetik-yaglari\\\/tahiti-monoi-yagi\\\/\",\"name\":\"Tahiti Monoi Ya\u011f\u0131 - Hurtowy Dystrybutor\",\"isPartOf\":{\"@id\":\"https:\\\/\\\/naturalpoland.com\\\/tr\\\/#website\"},\"primaryImageOfPage\":{\"@id\":\"https:\\\/\\\/naturalpoland.com\\\/tr\\\/urunler\\\/kozmetik-hammaddeleri\\\/kozmetik-yaglari\\\/tahiti-monoi-yagi\\\/#primaryimage\"},\"image\":{\"@id\":\"https:\\\/\\\/naturalpoland.com\\\/tr\\\/urunler\\\/kozmetik-hammaddeleri\\\/kozmetik-yaglari\\\/tahiti-monoi-yagi\\\/#primaryimage\"},\"thumbnailUrl\":\"https:\\\/\\\/naturalpoland.com\\\/wp-content\\\/uploads\\\/olejek-monoi-z-tahiti.webp\",\"datePublished\":\"2021-05-11T11:52:32+00:00\",\"dateModified\":\"2026-04-01T12:31:37+00:00\",\"description\":\"Tahiti Monoi Ya\u011f\u0131 ola\u011fan\u00fcst\u00fc besleyici, koruyucu ve onar\u0131c\u0131 \u00f6zellikleriyle bilinir. Yo\u011fun bir yumu\u015fat\u0131c\u0131 olarak etki eder \u2013 yumu\u015fat\u0131r ve p\u00fcr\u00fczs\u00fczle\u015ftirir.\",\"breadcrumb\":{\"@id\":\"https:\\\/\\\/naturalpoland.com\\\/tr\\\/urunler\\\/kozmetik-hammaddeleri\\\/kozmetik-yaglari\\\/tahiti-monoi-yagi\\\/#breadcrumb\"},\"inLanguage\":\"tr\",\"potentialAction\":[{\"@type\":\"ReadAction\",\"target\":[\"https:\\\/\\\/naturalpoland.com\\\/tr\\\/urunler\\\/kozmetik-hammaddeleri\\\/kozmetik-yaglari\\\/tahiti-monoi-yagi\\\/\"]}]},{\"@type\":\"ImageObject\",\"inLanguage\":\"tr\",\"@id\":\"https:\\\/\\\/naturalpoland.com\\\/tr\\\/urunler\\\/kozmetik-hammaddeleri\\\/kozmetik-yaglari\\\/tahiti-monoi-yagi\\\/#primaryimage\",\"url\":\"https:\\\/\\\/naturalpoland.com\\\/wp-content\\\/uploads\\\/olejek-monoi-z-tahiti.webp\",\"contentUrl\":\"https:\\\/\\\/naturalpoland.com\\\/wp-content\\\/uploads\\\/olejek-monoi-z-tahiti.webp\",\"width\":1024,\"height\":1024,\"caption\":\"Tahiti Monoi Ya\u011f\u0131\"},{\"@type\":\"BreadcrumbList\",\"@id\":\"https:\\\/\\\/naturalpoland.com\\\/tr\\\/urunler\\\/kozmetik-hammaddeleri\\\/kozmetik-yaglari\\\/tahiti-monoi-yagi\\\/#breadcrumb\",\"itemListElement\":[{\"@type\":\"ListItem\",\"position\":1,\"name\":\"Ana Sayfa\",\"item\":\"https:\\\/\\\/naturalpoland.com\\\/tr\\\/\"},{\"@type\":\"ListItem\",\"position\":2,\"name\":\"\u00dcr\u00fcnler\",\"item\":\"https:\\\/\\\/naturalpoland.com\\\/tr\\\/urunler\\\/\"},{\"@type\":\"ListItem\",\"position\":3,\"name\":\"Tahiti Monoi Ya\u011f\u0131\"}]},{\"@type\":\"WebSite\",\"@id\":\"https:\\\/\\\/naturalpoland.com\\\/tr\\\/#website\",\"url\":\"https:\\\/\\\/naturalpoland.com\\\/tr\\\/\",\"name\":\"NATURAL POLAND - Hurtowy Dystrybutor Surowc\u00f3w\",\"description\":\"Surowce dla przemys\u0142u spo\u017cywczego, kosmetycznego i farmaceutycznego\",\"publisher\":{\"@id\":\"https:\\\/\\\/naturalpoland.com\\\/tr\\\/#organization\"},\"potentialAction\":[{\"@type\":\"SearchAction\",\"target\":{\"@type\":\"EntryPoint\",\"urlTemplate\":\"https:\\\/\\\/naturalpoland.com\\\/tr\\\/?s={search_term_string}\"},\"query-input\":{\"@type\":\"PropertyValueSpecification\",\"valueRequired\":true,\"valueName\":\"search_term_string\"}}],\"inLanguage\":\"tr\"},{\"@type\":\"Organization\",\"@id\":\"https:\\\/\\\/naturalpoland.com\\\/tr\\\/#organization\",\"name\":\"Natural Poland\",\"url\":\"https:\\\/\\\/naturalpoland.com\\\/tr\\\/\",\"logo\":{\"@type\":\"ImageObject\",\"inLanguage\":\"tr\",\"@id\":\"https:\\\/\\\/naturalpoland.com\\\/tr\\\/#\\\/schema\\\/logo\\\/image\\\/\",\"url\":\"https:\\\/\\\/naturalpoland.com\\\/wp-content\\\/uploads\\\/2021\\\/05\\\/natural-poland-icon.png\",\"contentUrl\":\"https:\\\/\\\/naturalpoland.com\\\/wp-content\\\/uploads\\\/2021\\\/05\\\/natural-poland-icon.png\",\"width\":512,\"height\":512,\"caption\":\"Natural Poland\"},\"image\":{\"@id\":\"https:\\\/\\\/naturalpoland.com\\\/tr\\\/#\\\/schema\\\/logo\\\/image\\\/\"},\"sameAs\":[\"https:\\\/\\\/www.facebook.com\\\/naturalpoland.b2b\",\"https:\\\/\\\/pl.linkedin.com\\\/company\\\/natural-poland\",\"https:\\\/\\\/www.youtube.com\\\/channel\\\/UCgeGGkvOMahZo-xu_MSEWxg\"]}]}<\/script>\n<!-- \/ Yoast SEO plugin. -->","yoast_head_json":{"title":"Tahiti Monoi Ya\u011f\u0131 - Hurtowy Dystrybutor","description":"Tahiti Monoi Ya\u011f\u0131 ola\u011fan\u00fcst\u00fc besleyici, koruyucu ve onar\u0131c\u0131 \u00f6zellikleriyle bilinir. Yo\u011fun bir yumu\u015fat\u0131c\u0131 olarak etki eder \u2013 yumu\u015fat\u0131r ve p\u00fcr\u00fczs\u00fczle\u015ftirir.","robots":{"index":"index","follow":"follow","max-snippet":"max-snippet:-1","max-image-preview":"max-image-preview:large","max-video-preview":"max-video-preview:-1"},"canonical":"https:\/\/naturalpoland.com\/tr\/urunler\/kozmetik-hammaddeleri\/kozmetik-yaglari\/tahiti-monoi-yagi\/","og_locale":"tr_TR","og_type":"article","og_title":"Tahiti Monoi Ya\u011f\u0131 - Hurtowy Dystrybutor","og_description":"Tahiti Monoi Ya\u011f\u0131 ola\u011fan\u00fcst\u00fc besleyici, koruyucu ve onar\u0131c\u0131 \u00f6zellikleriyle bilinir. Yo\u011fun bir yumu\u015fat\u0131c\u0131 olarak etki eder \u2013 yumu\u015fat\u0131r ve p\u00fcr\u00fczs\u00fczle\u015ftirir.","og_url":"https:\/\/naturalpoland.com\/tr\/urunler\/kozmetik-hammaddeleri\/kozmetik-yaglari\/tahiti-monoi-yagi\/","og_site_name":"NATURAL POLAND - Hurtowy Dystrybutor Surowc\u00f3w","article_publisher":"https:\/\/www.facebook.com\/naturalpoland.b2b","article_modified_time":"2026-04-01T12:31:37+00:00","og_image":[{"width":1024,"height":1024,"url":"https:\/\/naturalpoland.com\/wp-content\/uploads\/olejek-monoi-z-tahiti.webp","type":"image\/webp"}],"schema":{"@context":"https:\/\/schema.org","@graph":[{"@type":"WebPage","@id":"https:\/\/naturalpoland.com\/tr\/urunler\/kozmetik-hammaddeleri\/kozmetik-yaglari\/tahiti-monoi-yagi\/","url":"https:\/\/naturalpoland.com\/tr\/urunler\/kozmetik-hammaddeleri\/kozmetik-yaglari\/tahiti-monoi-yagi\/","name":"Tahiti Monoi Ya\u011f\u0131 - Hurtowy Dystrybutor","isPartOf":{"@id":"https:\/\/naturalpoland.com\/tr\/#website"},"primaryImageOfPage":{"@id":"https:\/\/naturalpoland.com\/tr\/urunler\/kozmetik-hammaddeleri\/kozmetik-yaglari\/tahiti-monoi-yagi\/#primaryimage"},"image":{"@id":"https:\/\/naturalpoland.com\/tr\/urunler\/kozmetik-hammaddeleri\/kozmetik-yaglari\/tahiti-monoi-yagi\/#primaryimage"},"thumbnailUrl":"https:\/\/naturalpoland.com\/wp-content\/uploads\/olejek-monoi-z-tahiti.webp","datePublished":"2021-05-11T11:52:32+00:00","dateModified":"2026-04-01T12:31:37+00:00","description":"Tahiti Monoi Ya\u011f\u0131 ola\u011fan\u00fcst\u00fc besleyici, koruyucu ve onar\u0131c\u0131 \u00f6zellikleriyle bilinir. Yo\u011fun bir yumu\u015fat\u0131c\u0131 olarak etki eder \u2013 yumu\u015fat\u0131r ve p\u00fcr\u00fczs\u00fczle\u015ftirir.","breadcrumb":{"@id":"https:\/\/naturalpoland.com\/tr\/urunler\/kozmetik-hammaddeleri\/kozmetik-yaglari\/tahiti-monoi-yagi\/#breadcrumb"},"inLanguage":"tr","potentialAction":[{"@type":"ReadAction","target":["https:\/\/naturalpoland.com\/tr\/urunler\/kozmetik-hammaddeleri\/kozmetik-yaglari\/tahiti-monoi-yagi\/"]}]},{"@type":"ImageObject","inLanguage":"tr","@id":"https:\/\/naturalpoland.com\/tr\/urunler\/kozmetik-hammaddeleri\/kozmetik-yaglari\/tahiti-monoi-yagi\/#primaryimage","url":"https:\/\/naturalpoland.com\/wp-content\/uploads\/olejek-monoi-z-tahiti.webp","contentUrl":"https:\/\/naturalpoland.com\/wp-content\/uploads\/olejek-monoi-z-tahiti.webp","width":1024,"height":1024,"caption":"Tahiti Monoi Ya\u011f\u0131"},{"@type":"BreadcrumbList","@id":"https:\/\/naturalpoland.com\/tr\/urunler\/kozmetik-hammaddeleri\/kozmetik-yaglari\/tahiti-monoi-yagi\/#breadcrumb","itemListElement":[{"@type":"ListItem","position":1,"name":"Ana Sayfa","item":"https:\/\/naturalpoland.com\/tr\/"},{"@type":"ListItem","position":2,"name":"\u00dcr\u00fcnler","item":"https:\/\/naturalpoland.com\/tr\/urunler\/"},{"@type":"ListItem","position":3,"name":"Tahiti Monoi Ya\u011f\u0131"}]},{"@type":"WebSite","@id":"https:\/\/naturalpoland.com\/tr\/#website","url":"https:\/\/naturalpoland.com\/tr\/","name":"NATURAL POLAND - Hurtowy Dystrybutor Surowc\u00f3w","description":"Surowce dla przemys\u0142u spo\u017cywczego, kosmetycznego i farmaceutycznego","publisher":{"@id":"https:\/\/naturalpoland.com\/tr\/#organization"},"potentialAction":[{"@type":"SearchAction","target":{"@type":"EntryPoint","urlTemplate":"https:\/\/naturalpoland.com\/tr\/?s={search_term_string}"},"query-input":{"@type":"PropertyValueSpecification","valueRequired":true,"valueName":"search_term_string"}}],"inLanguage":"tr"},{"@type":"Organization","@id":"https:\/\/naturalpoland.com\/tr\/#organization","name":"Natural Poland","url":"https:\/\/naturalpoland.com\/tr\/","logo":{"@type":"ImageObject","inLanguage":"tr","@id":"https:\/\/naturalpoland.com\/tr\/#\/schema\/logo\/image\/","url":"https:\/\/naturalpoland.com\/wp-content\/uploads\/2021\/05\/natural-poland-icon.png","contentUrl":"https:\/\/naturalpoland.com\/wp-content\/uploads\/2021\/05\/natural-poland-icon.png","width":512,"height":512,"caption":"Natural Poland"},"image":{"@id":"https:\/\/naturalpoland.com\/tr\/#\/schema\/logo\/image\/"},"sameAs":["https:\/\/www.facebook.com\/naturalpoland.b2b","https:\/\/pl.linkedin.com\/company\/natural-poland","https:\/\/www.youtube.com\/channel\/UCgeGGkvOMahZo-xu_MSEWxg"]}]}},"_links":{"self":[{"href":"https:\/\/naturalpoland.com\/tr\/wp-json\/wp\/v2\/product\/47290","targetHints":{"allow":["GET"]}}],"collection":[{"href":"https:\/\/naturalpoland.com\/tr\/wp-json\/wp\/v2\/product"}],"about":[{"href":"https:\/\/naturalpoland.com\/tr\/wp-json\/wp\/v2\/types\/product"}],"wp:featuredmedia":[{"embeddable":true,"href":"https:\/\/naturalpoland.com\/tr\/wp-json\/wp\/v2\/media\/47292"}],"wp:attachment":[{"href":"https:\/\/naturalpoland.com\/tr\/wp-json\/wp\/v2\/media?parent=47290"}],"wp:term":[{"taxonomy":"product_brand","embeddable":true,"href":"https:\/\/naturalpoland.com\/tr\/wp-json\/wp\/v2\/product_brand?post=47290"},{"taxonomy":"product_cat","embeddable":true,"href":"https:\/\/naturalpoland.com\/tr\/wp-json\/wp\/v2\/product_cat?post=47290"},{"taxonomy":"product_tag","embeddable":true,"href":"https:\/\/naturalpoland.com\/tr\/wp-json\/wp\/v2\/product_tag?post=47290"}],"curies":[{"name":"wp","href":"https:\/\/api.w.org\/{rel}","templated":true}]}}