{"id":47359,"date":"2021-05-11T13:50:57","date_gmt":"2021-05-11T11:50:57","guid":{"rendered":"https:\/\/naturalpoland.com\/produkty\/kategorilenmemis\/hiyar-cekirdegi-yagi\/"},"modified":"2026-04-02T15:47:32","modified_gmt":"2026-04-02T13:47:32","slug":"hiyar-cekirdegi-yagi","status":"publish","type":"product","link":"https:\/\/naturalpoland.com\/tr\/urunler\/gida-hammaddeleri\/gida-yaglari\/hiyar-cekirdegi-yagi\/","title":{"rendered":"H\u0131yar \u00c7ekirde\u011fi Ya\u011f\u0131"},"content":{"rendered":"<p>H\u0131yar ya\u011f\u0131 cilde uyguland\u0131\u011f\u0131nda cildi tazelenir, gen\u00e7le\u015ftirir, akneyi tedavi eder ve g\u00fcne\u015ften zarar g\u00f6rm\u00fc\u015f b\u00f6lgeleri yat\u0131\u015ft\u0131r\u0131r. Egzama, sedef hastal\u0131\u011f\u0131 belirtilerini ve iltihaplanmalar\u0131 hafifletir. K\u0131zar\u0131kl\u0131klar\u0131 ve cilt tahri\u015flerini azalt\u0131r, ya\u015fl\u0131l\u0131k lekelerini a\u00e7ar.  <\/p>\n","protected":false},"excerpt":{"rendered":"<p>G\u0131da ve kozmetik kalitesinde h\u0131yar \u00e7ekirde\u011fi ya\u011f\u0131 hafif bir k\u0131vama sahiptir. Cilde h\u0131zla emilir, ya\u011fl\u0131 bir tabaka b\u0131rakmaz. <\/p>\n","protected":false},"featured_media":47361,"template":"","meta":[],"product_brand":[],"product_cat":[9551,9532,9571],"product_tag":[],"class_list":{"0":"post-47359","1":"product","2":"type-product","3":"status-publish","4":"has-post-thumbnail","6":"product_cat-kozmetik-yaglari","7":"product_cat-gida-ve-kozmetik-yaglari","8":"product_cat-gida-yaglari","10":"first","11":"instock","12":"shipping-taxable","13":"product-type-simple"},"yoast_head":"<!-- This site is optimized with the Yoast SEO plugin v27.3 - https:\/\/yoast.com\/product\/yoast-seo-wordpress\/ -->\n<title>H\u0131yar \u00c7ekirde\u011fi Ya\u011f\u0131 - Hurtowy Dystrybutor<\/title>\n<meta name=\"robots\" content=\"index, follow, max-snippet:-1, max-image-preview:large, max-video-preview:-1\" \/>\n<link rel=\"canonical\" href=\"https:\/\/naturalpoland.com\/tr\/urunler\/gida-hammaddeleri\/gida-yaglari\/hiyar-cekirdegi-yagi\/\" \/>\n<meta property=\"og:locale\" content=\"tr_TR\" \/>\n<meta property=\"og:type\" content=\"article\" \/>\n<meta property=\"og:title\" content=\"H\u0131yar \u00c7ekirde\u011fi Ya\u011f\u0131 - Hurtowy Dystrybutor\" \/>\n<meta property=\"og:description\" content=\"G\u0131da ve kozmetik kalitesinde h\u0131yar \u00e7ekirde\u011fi ya\u011f\u0131 hafif bir k\u0131vama sahiptir. Cilde h\u0131zla emilir, ya\u011fl\u0131 bir tabaka b\u0131rakmaz.\" \/>\n<meta property=\"og:url\" content=\"https:\/\/naturalpoland.com\/tr\/urunler\/gida-hammaddeleri\/gida-yaglari\/hiyar-cekirdegi-yagi\/\" \/>\n<meta property=\"og:site_name\" content=\"NATURAL POLAND - Hurtowy Dystrybutor Surowc\u00f3w\" \/>\n<meta property=\"article:publisher\" content=\"https:\/\/www.facebook.com\/naturalpoland.b2b\" \/>\n<meta property=\"article:modified_time\" content=\"2026-04-02T13:47:32+00:00\" \/>\n<meta property=\"og:image\" content=\"https:\/\/naturalpoland.com\/wp-content\/uploads\/Olej-z-nasion-ogorka.jpg\" \/>\n\t<meta property=\"og:image:width\" content=\"650\" \/>\n\t<meta property=\"og:image:height\" content=\"650\" \/>\n\t<meta property=\"og:image:type\" content=\"image\/jpeg\" \/>\n<script type=\"application\/ld+json\" class=\"yoast-schema-graph\">{\"@context\":\"https:\\\/\\\/schema.org\",\"@graph\":[{\"@type\":\"WebPage\",\"@id\":\"https:\\\/\\\/naturalpoland.com\\\/tr\\\/urunler\\\/gida-hammaddeleri\\\/gida-yaglari\\\/hiyar-cekirdegi-yagi\\\/\",\"url\":\"https:\\\/\\\/naturalpoland.com\\\/tr\\\/urunler\\\/gida-hammaddeleri\\\/gida-yaglari\\\/hiyar-cekirdegi-yagi\\\/\",\"name\":\"H\u0131yar \u00c7ekirde\u011fi Ya\u011f\u0131 - Hurtowy Dystrybutor\",\"isPartOf\":{\"@id\":\"https:\\\/\\\/naturalpoland.com\\\/tr\\\/#website\"},\"primaryImageOfPage\":{\"@id\":\"https:\\\/\\\/naturalpoland.com\\\/tr\\\/urunler\\\/gida-hammaddeleri\\\/gida-yaglari\\\/hiyar-cekirdegi-yagi\\\/#primaryimage\"},\"image\":{\"@id\":\"https:\\\/\\\/naturalpoland.com\\\/tr\\\/urunler\\\/gida-hammaddeleri\\\/gida-yaglari\\\/hiyar-cekirdegi-yagi\\\/#primaryimage\"},\"thumbnailUrl\":\"https:\\\/\\\/naturalpoland.com\\\/wp-content\\\/uploads\\\/Olej-z-nasion-ogorka.jpg\",\"datePublished\":\"2021-05-11T11:50:57+00:00\",\"dateModified\":\"2026-04-02T13:47:32+00:00\",\"breadcrumb\":{\"@id\":\"https:\\\/\\\/naturalpoland.com\\\/tr\\\/urunler\\\/gida-hammaddeleri\\\/gida-yaglari\\\/hiyar-cekirdegi-yagi\\\/#breadcrumb\"},\"inLanguage\":\"tr\",\"potentialAction\":[{\"@type\":\"ReadAction\",\"target\":[\"https:\\\/\\\/naturalpoland.com\\\/tr\\\/urunler\\\/gida-hammaddeleri\\\/gida-yaglari\\\/hiyar-cekirdegi-yagi\\\/\"]}]},{\"@type\":\"ImageObject\",\"inLanguage\":\"tr\",\"@id\":\"https:\\\/\\\/naturalpoland.com\\\/tr\\\/urunler\\\/gida-hammaddeleri\\\/gida-yaglari\\\/hiyar-cekirdegi-yagi\\\/#primaryimage\",\"url\":\"https:\\\/\\\/naturalpoland.com\\\/wp-content\\\/uploads\\\/Olej-z-nasion-ogorka.jpg\",\"contentUrl\":\"https:\\\/\\\/naturalpoland.com\\\/wp-content\\\/uploads\\\/Olej-z-nasion-ogorka.jpg\",\"width\":650,\"height\":650,\"caption\":\"H\u0131yar \u00c7ekirde\u011fi Ya\u011f\u0131\"},{\"@type\":\"BreadcrumbList\",\"@id\":\"https:\\\/\\\/naturalpoland.com\\\/tr\\\/urunler\\\/gida-hammaddeleri\\\/gida-yaglari\\\/hiyar-cekirdegi-yagi\\\/#breadcrumb\",\"itemListElement\":[{\"@type\":\"ListItem\",\"position\":1,\"name\":\"Ana Sayfa\",\"item\":\"https:\\\/\\\/naturalpoland.com\\\/tr\\\/\"},{\"@type\":\"ListItem\",\"position\":2,\"name\":\"\u00dcr\u00fcnler\",\"item\":\"https:\\\/\\\/naturalpoland.com\\\/tr\\\/urunler\\\/\"},{\"@type\":\"ListItem\",\"position\":3,\"name\":\"H\u0131yar \u00c7ekirde\u011fi Ya\u011f\u0131\"}]},{\"@type\":\"WebSite\",\"@id\":\"https:\\\/\\\/naturalpoland.com\\\/tr\\\/#website\",\"url\":\"https:\\\/\\\/naturalpoland.com\\\/tr\\\/\",\"name\":\"NATURAL POLAND - Hurtowy Dystrybutor Surowc\u00f3w\",\"description\":\"Surowce dla przemys\u0142u spo\u017cywczego, kosmetycznego i farmaceutycznego\",\"publisher\":{\"@id\":\"https:\\\/\\\/naturalpoland.com\\\/tr\\\/#organization\"},\"potentialAction\":[{\"@type\":\"SearchAction\",\"target\":{\"@type\":\"EntryPoint\",\"urlTemplate\":\"https:\\\/\\\/naturalpoland.com\\\/tr\\\/?s={search_term_string}\"},\"query-input\":{\"@type\":\"PropertyValueSpecification\",\"valueRequired\":true,\"valueName\":\"search_term_string\"}}],\"inLanguage\":\"tr\"},{\"@type\":\"Organization\",\"@id\":\"https:\\\/\\\/naturalpoland.com\\\/tr\\\/#organization\",\"name\":\"Natural Poland\",\"url\":\"https:\\\/\\\/naturalpoland.com\\\/tr\\\/\",\"logo\":{\"@type\":\"ImageObject\",\"inLanguage\":\"tr\",\"@id\":\"https:\\\/\\\/naturalpoland.com\\\/tr\\\/#\\\/schema\\\/logo\\\/image\\\/\",\"url\":\"https:\\\/\\\/naturalpoland.com\\\/wp-content\\\/uploads\\\/2021\\\/05\\\/natural-poland-icon.png\",\"contentUrl\":\"https:\\\/\\\/naturalpoland.com\\\/wp-content\\\/uploads\\\/2021\\\/05\\\/natural-poland-icon.png\",\"width\":512,\"height\":512,\"caption\":\"Natural Poland\"},\"image\":{\"@id\":\"https:\\\/\\\/naturalpoland.com\\\/tr\\\/#\\\/schema\\\/logo\\\/image\\\/\"},\"sameAs\":[\"https:\\\/\\\/www.facebook.com\\\/naturalpoland.b2b\",\"https:\\\/\\\/pl.linkedin.com\\\/company\\\/natural-poland\",\"https:\\\/\\\/www.youtube.com\\\/channel\\\/UCgeGGkvOMahZo-xu_MSEWxg\"]}]}<\/script>\n<!-- \/ Yoast SEO plugin. -->","yoast_head_json":{"title":"H\u0131yar \u00c7ekirde\u011fi Ya\u011f\u0131 - Hurtowy Dystrybutor","robots":{"index":"index","follow":"follow","max-snippet":"max-snippet:-1","max-image-preview":"max-image-preview:large","max-video-preview":"max-video-preview:-1"},"canonical":"https:\/\/naturalpoland.com\/tr\/urunler\/gida-hammaddeleri\/gida-yaglari\/hiyar-cekirdegi-yagi\/","og_locale":"tr_TR","og_type":"article","og_title":"H\u0131yar \u00c7ekirde\u011fi Ya\u011f\u0131 - Hurtowy Dystrybutor","og_description":"G\u0131da ve kozmetik kalitesinde h\u0131yar \u00e7ekirde\u011fi ya\u011f\u0131 hafif bir k\u0131vama sahiptir. Cilde h\u0131zla emilir, ya\u011fl\u0131 bir tabaka b\u0131rakmaz.","og_url":"https:\/\/naturalpoland.com\/tr\/urunler\/gida-hammaddeleri\/gida-yaglari\/hiyar-cekirdegi-yagi\/","og_site_name":"NATURAL POLAND - Hurtowy Dystrybutor Surowc\u00f3w","article_publisher":"https:\/\/www.facebook.com\/naturalpoland.b2b","article_modified_time":"2026-04-02T13:47:32+00:00","og_image":[{"width":650,"height":650,"url":"https:\/\/naturalpoland.com\/wp-content\/uploads\/Olej-z-nasion-ogorka.jpg","type":"image\/jpeg"}],"schema":{"@context":"https:\/\/schema.org","@graph":[{"@type":"WebPage","@id":"https:\/\/naturalpoland.com\/tr\/urunler\/gida-hammaddeleri\/gida-yaglari\/hiyar-cekirdegi-yagi\/","url":"https:\/\/naturalpoland.com\/tr\/urunler\/gida-hammaddeleri\/gida-yaglari\/hiyar-cekirdegi-yagi\/","name":"H\u0131yar \u00c7ekirde\u011fi Ya\u011f\u0131 - Hurtowy Dystrybutor","isPartOf":{"@id":"https:\/\/naturalpoland.com\/tr\/#website"},"primaryImageOfPage":{"@id":"https:\/\/naturalpoland.com\/tr\/urunler\/gida-hammaddeleri\/gida-yaglari\/hiyar-cekirdegi-yagi\/#primaryimage"},"image":{"@id":"https:\/\/naturalpoland.com\/tr\/urunler\/gida-hammaddeleri\/gida-yaglari\/hiyar-cekirdegi-yagi\/#primaryimage"},"thumbnailUrl":"https:\/\/naturalpoland.com\/wp-content\/uploads\/Olej-z-nasion-ogorka.jpg","datePublished":"2021-05-11T11:50:57+00:00","dateModified":"2026-04-02T13:47:32+00:00","breadcrumb":{"@id":"https:\/\/naturalpoland.com\/tr\/urunler\/gida-hammaddeleri\/gida-yaglari\/hiyar-cekirdegi-yagi\/#breadcrumb"},"inLanguage":"tr","potentialAction":[{"@type":"ReadAction","target":["https:\/\/naturalpoland.com\/tr\/urunler\/gida-hammaddeleri\/gida-yaglari\/hiyar-cekirdegi-yagi\/"]}]},{"@type":"ImageObject","inLanguage":"tr","@id":"https:\/\/naturalpoland.com\/tr\/urunler\/gida-hammaddeleri\/gida-yaglari\/hiyar-cekirdegi-yagi\/#primaryimage","url":"https:\/\/naturalpoland.com\/wp-content\/uploads\/Olej-z-nasion-ogorka.jpg","contentUrl":"https:\/\/naturalpoland.com\/wp-content\/uploads\/Olej-z-nasion-ogorka.jpg","width":650,"height":650,"caption":"H\u0131yar \u00c7ekirde\u011fi Ya\u011f\u0131"},{"@type":"BreadcrumbList","@id":"https:\/\/naturalpoland.com\/tr\/urunler\/gida-hammaddeleri\/gida-yaglari\/hiyar-cekirdegi-yagi\/#breadcrumb","itemListElement":[{"@type":"ListItem","position":1,"name":"Ana Sayfa","item":"https:\/\/naturalpoland.com\/tr\/"},{"@type":"ListItem","position":2,"name":"\u00dcr\u00fcnler","item":"https:\/\/naturalpoland.com\/tr\/urunler\/"},{"@type":"ListItem","position":3,"name":"H\u0131yar \u00c7ekirde\u011fi Ya\u011f\u0131"}]},{"@type":"WebSite","@id":"https:\/\/naturalpoland.com\/tr\/#website","url":"https:\/\/naturalpoland.com\/tr\/","name":"NATURAL POLAND - Hurtowy Dystrybutor Surowc\u00f3w","description":"Surowce dla przemys\u0142u spo\u017cywczego, kosmetycznego i farmaceutycznego","publisher":{"@id":"https:\/\/naturalpoland.com\/tr\/#organization"},"potentialAction":[{"@type":"SearchAction","target":{"@type":"EntryPoint","urlTemplate":"https:\/\/naturalpoland.com\/tr\/?s={search_term_string}"},"query-input":{"@type":"PropertyValueSpecification","valueRequired":true,"valueName":"search_term_string"}}],"inLanguage":"tr"},{"@type":"Organization","@id":"https:\/\/naturalpoland.com\/tr\/#organization","name":"Natural Poland","url":"https:\/\/naturalpoland.com\/tr\/","logo":{"@type":"ImageObject","inLanguage":"tr","@id":"https:\/\/naturalpoland.com\/tr\/#\/schema\/logo\/image\/","url":"https:\/\/naturalpoland.com\/wp-content\/uploads\/2021\/05\/natural-poland-icon.png","contentUrl":"https:\/\/naturalpoland.com\/wp-content\/uploads\/2021\/05\/natural-poland-icon.png","width":512,"height":512,"caption":"Natural Poland"},"image":{"@id":"https:\/\/naturalpoland.com\/tr\/#\/schema\/logo\/image\/"},"sameAs":["https:\/\/www.facebook.com\/naturalpoland.b2b","https:\/\/pl.linkedin.com\/company\/natural-poland","https:\/\/www.youtube.com\/channel\/UCgeGGkvOMahZo-xu_MSEWxg"]}]}},"_links":{"self":[{"href":"https:\/\/naturalpoland.com\/tr\/wp-json\/wp\/v2\/product\/47359","targetHints":{"allow":["GET"]}}],"collection":[{"href":"https:\/\/naturalpoland.com\/tr\/wp-json\/wp\/v2\/product"}],"about":[{"href":"https:\/\/naturalpoland.com\/tr\/wp-json\/wp\/v2\/types\/product"}],"wp:featuredmedia":[{"embeddable":true,"href":"https:\/\/naturalpoland.com\/tr\/wp-json\/wp\/v2\/media\/47361"}],"wp:attachment":[{"href":"https:\/\/naturalpoland.com\/tr\/wp-json\/wp\/v2\/media?parent=47359"}],"wp:term":[{"taxonomy":"product_brand","embeddable":true,"href":"https:\/\/naturalpoland.com\/tr\/wp-json\/wp\/v2\/product_brand?post=47359"},{"taxonomy":"product_cat","embeddable":true,"href":"https:\/\/naturalpoland.com\/tr\/wp-json\/wp\/v2\/product_cat?post=47359"},{"taxonomy":"product_tag","embeddable":true,"href":"https:\/\/naturalpoland.com\/tr\/wp-json\/wp\/v2\/product_tag?post=47359"}],"curies":[{"name":"wp","href":"https:\/\/api.w.org\/{rel}","templated":true}]}}