{"id":47362,"date":"2021-05-11T13:50:56","date_gmt":"2021-05-11T11:50:56","guid":{"rendered":"https:\/\/naturalpoland.com\/produkty\/kategorilenmemis\/havuc-tohumu-yagi\/"},"modified":"2026-04-02T15:47:38","modified_gmt":"2026-04-02T13:47:38","slug":"havuc-tohumu-yagi","status":"publish","type":"product","link":"https:\/\/naturalpoland.com\/tr\/urunler\/gida-hammaddeleri\/gida-yaglari\/havuc-tohumu-yagi\/","title":{"rendered":"Havu\u00e7 Tohumu Ya\u011f\u0131"},"content":{"rendered":"<h2>\u00d6zellikler<\/h2>\n<p>Havu\u00e7 ya\u011f\u0131, <strong>yabani havu\u00e7 tohumlar\u0131ndan<\/strong> elde edilmekte olup ye\u015filimsi rengi ve bitkisel-baharatl\u0131 kokusuyla karakterizedir. Kozmetikte, zengin sa\u011fl\u0131k ve bak\u0131m \u00f6zellikleri nedeniyle kuru, normal ve olgun ciltler dahil olmak \u00fczere \u00e7e\u015fitli cilt tipleri i\u00e7in tavsiye edilmektedir. <\/p>\n<p>Havu\u00e7 tohumu ya\u011f\u0131ndaki ya\u011f asitlerinin i\u00e7eri\u011fi \u00e7e\u015fitlilik g\u00f6stermekte ve elde edilme y\u00f6ntemine ba\u011fl\u0131 olarak de\u011fi\u015fmektedir. Bu ya\u011f, bile\u015fiminin yakla\u015f\u0131k %80&#8217;ini olu\u015fturan oleik asit gibi tekli doymam\u0131\u015f ya\u011f asitleri a\u00e7\u0131s\u0131ndan zengin bir kaynakt\u0131r. Ayr\u0131ca, linoleik asit ile daha az miktarda palmitik ve stearik asit de i\u00e7ermektedir. Bu besin maddeleri, ya\u011f\u0131n benzersiz <strong>nemlendirici ve yenileyici \u00f6zelliklerine<\/strong> katk\u0131da bulunmaktad\u0131r.   <\/p>\n<h2>Etki<\/h2>\n<p><strong>G\u0131da uygulamalar\u0131nda<\/strong> havu\u00e7 ya\u011f\u0131, karaci\u011fer fonksiyonunu destekleyici, kolesterol seviyesini d\u00fc\u015f\u00fcr\u00fcc\u00fc ve kalbi koruyucu etkileriyle bilinmektedir. Ayr\u0131ca, antifungal, antibakteriyel ve antienflamatuar \u00f6zellikleri sayesinde akne ve sedef hastal\u0131\u011f\u0131 gibi \u00e7e\u015fitli cilt sorunlar\u0131n\u0131n hafifletilmesinde etkilidir. Bu ya\u011f, g\u00f6rme yetene\u011fini destekleyici \u00f6zellikleriyle de de\u011fer g\u00f6rmektedir.  <\/p>\n<p><strong>Kozmetik bak\u0131mda<\/strong>, havu\u00e7 tohumu ya\u011f\u0131 k\u0131r\u0131\u015f\u0131kl\u0131k kar\u015f\u0131t\u0131, s\u0131k\u0131la\u015ft\u0131r\u0131c\u0131, tonikleyici ve nemlendirici etkilere sahiptir. Epidermisin yenilenmesini h\u0131zland\u0131r\u0131r, yara izlerini ve renk farkl\u0131l\u0131klar\u0131n\u0131 ayd\u0131nlat\u0131r ve antioksidan i\u00e7eri\u011fi sayesinde cildi serbest radikallerin zararl\u0131 etkilerinden korumaya yard\u0131mc\u0131 olabilir. Ya\u011fda bulunan C vitamini, cilt ya\u015flanmas\u0131n\u0131n etkilerine kar\u015f\u0131 koyarak h\u00fccre yenilenmesini destekler.  <\/p>\n<h2>Kullan\u0131m<\/h2>\n<p>Havu\u00e7 tohumu ya\u011f\u0131, do\u011frudan temizlenmi\u015f cilde tek ba\u015f\u0131na veya <strong><a href=\"https:\/\/naturalpoland.com\/tr\/urunler\/gida-hammaddeleri\/gida-yaglari\/badem-yagi\/\">tatl\u0131 badem ya\u011flar\u0131<\/a><\/strong> ya da <strong><a href=\"https:\/\/naturalpoland.com\/tr\/urunler\/kozmetik-hammaddeleri\/kozmetik-yaglari\/altin-jojoba-yagi\/\">jojoba<\/a><\/strong> gibi di\u011fer baz \u00fcr\u00fcnlerle birlikte kullan\u0131labilir. En sevdi\u011finiz krem, serum veya aloe vera gibi maskeye birka\u00e7 damla ya\u011f eklemek, nemlendirici ve yenileyici etkilerini g\u00fc\u00e7lendirecektir. Ya\u011fda bulunan <strong><a href=\"https:\/\/naturalpoland.com\/tr\/urunler\/farmasotik-hammaddeler\/takviye-edici-gida-bilesenleri\/beta-karoten-%100-dogal\/\">Beta-karoten<\/a><\/strong> kolajen liflerinin sentezini uyar\u0131r ve UV radyasyonunun zararl\u0131 etkilerinden korurken, <strong><a href=\"https:\/\/naturalpoland.com\/tr\/urunler\/farmasotik-hammaddeler\/vitaminler\/e-vitamini-tokoferil-asetat\/\">E vitamini<\/a><\/strong> cildin nemlenmesinden ve elastikiyetinden sorumludur. <\/p>\n<p>&nbsp;<\/p>\n<hr>\n<h3>Ya\u011f Asidi \u0130\u00e7eri\u011fi:<\/h3>\n<table>\n<tbody>\n<tr>\n<th>YA\u011e AS\u0130D\u0130 ADI<\/th>\n<th>C-Z\u0130NC\u0130R\u0130<\/th>\n<th>ARALIK (%)<\/th>\n<th>SONU\u00c7 y\u00f6ntem: PB-191\/LF<\/th>\n<\/tr>\n<tr>\n<td>PALM\u0130T\u0130K<\/td>\n<td>C16:0<\/td>\n<td>3,0-7,0<\/td>\n<td>4,5<\/td>\n<\/tr>\n<tr>\n<td>STEAR\u0130K<\/td>\n<td>C18:0<\/td>\n<td>0,05-4,0<\/td>\n<td>0,7<\/td>\n<\/tr>\n<tr>\n<td>OLE\u0130K<\/td>\n<td>C18:1<\/td>\n<td>73,0-85,0<\/td>\n<td>79,9<\/td>\n<\/tr>\n<tr>\n<td>L\u0130NOLE\u0130K<\/td>\n<td>C18:2<\/td>\n<td>5,0-15,0<\/td>\n<td>10,3<\/td>\n<\/tr>\n<tr>\n<td>L\u0130NOLE\u0130K<\/td>\n<td>C18:3<\/td>\n<td>0,0-1,0<\/td>\n<td>0,6<\/td>\n<\/tr>\n<\/tbody>\n<\/table>\n","protected":false},"excerpt":{"rendered":"<p>Havu\u00e7 tohumu ya\u011f\u0131 (<em>Daucus Carota Sativa Seed Oil<\/em>), so\u011fuk preslenmi\u015f olup gen\u00e7le\u015ftirici ve canland\u0131r\u0131c\u0131 \u00f6zellikleriyle de\u011fer g\u00f6rmektedir.<\/p>\n","protected":false},"featured_media":47365,"template":"","meta":[],"product_brand":[],"product_cat":[9551,9532,9571],"product_tag":[],"class_list":{"0":"post-47362","1":"product","2":"type-product","3":"status-publish","4":"has-post-thumbnail","6":"product_cat-kozmetik-yaglari","7":"product_cat-gida-ve-kozmetik-yaglari","8":"product_cat-gida-yaglari","10":"first","11":"instock","12":"shipping-taxable","13":"product-type-simple"},"yoast_head":"<!-- This site is optimized with the Yoast SEO plugin v27.3 - https:\/\/yoast.com\/product\/yoast-seo-wordpress\/ -->\n<title>Havu\u00e7 Tohumu Ya\u011f\u0131 - NATURAL POLAND - Hurtowy Dystrybutor Surowc\u00f3w<\/title>\n<meta name=\"description\" content=\"Havu\u00e7 Tohumu Ya\u011f\u0131 (Daucus Carota Sativa Seed Oil) so\u011fuk presleme y\u00f6ntemiyle \u00fcretilmektedir. Cilt ya\u015flanmas\u0131n\u0131n etkilerini geciktirici etkisi vard\u0131r.\" \/>\n<meta name=\"robots\" content=\"index, follow, max-snippet:-1, max-image-preview:large, max-video-preview:-1\" \/>\n<link rel=\"canonical\" href=\"https:\/\/naturalpoland.com\/tr\/urunler\/gida-hammaddeleri\/gida-yaglari\/havuc-tohumu-yagi\/\" \/>\n<meta property=\"og:locale\" content=\"tr_TR\" \/>\n<meta property=\"og:type\" content=\"article\" \/>\n<meta property=\"og:title\" content=\"Havu\u00e7 Tohumu Ya\u011f\u0131 - NATURAL POLAND - Hurtowy Dystrybutor Surowc\u00f3w\" \/>\n<meta property=\"og:description\" content=\"Havu\u00e7 Tohumu Ya\u011f\u0131 (Daucus Carota Sativa Seed Oil) so\u011fuk presleme y\u00f6ntemiyle \u00fcretilmektedir. Cilt ya\u015flanmas\u0131n\u0131n etkilerini geciktirici etkisi vard\u0131r.\" \/>\n<meta property=\"og:url\" content=\"https:\/\/naturalpoland.com\/tr\/urunler\/gida-hammaddeleri\/gida-yaglari\/havuc-tohumu-yagi\/\" \/>\n<meta property=\"og:site_name\" content=\"NATURAL POLAND - Hurtowy Dystrybutor Surowc\u00f3w\" \/>\n<meta property=\"article:publisher\" content=\"https:\/\/www.facebook.com\/naturalpoland.b2b\" \/>\n<meta property=\"article:modified_time\" content=\"2026-04-02T13:47:38+00:00\" \/>\n<meta property=\"og:image\" content=\"https:\/\/naturalpoland.com\/wp-content\/uploads\/olej-z-nasion-marchwi-1.jpg\" \/>\n\t<meta property=\"og:image:width\" content=\"650\" \/>\n\t<meta property=\"og:image:height\" content=\"650\" \/>\n\t<meta property=\"og:image:type\" content=\"image\/jpeg\" \/>\n<script type=\"application\/ld+json\" class=\"yoast-schema-graph\">{\"@context\":\"https:\\\/\\\/schema.org\",\"@graph\":[{\"@type\":\"WebPage\",\"@id\":\"https:\\\/\\\/naturalpoland.com\\\/tr\\\/urunler\\\/gida-hammaddeleri\\\/gida-yaglari\\\/havuc-tohumu-yagi\\\/\",\"url\":\"https:\\\/\\\/naturalpoland.com\\\/tr\\\/urunler\\\/gida-hammaddeleri\\\/gida-yaglari\\\/havuc-tohumu-yagi\\\/\",\"name\":\"Havu\u00e7 Tohumu Ya\u011f\u0131 - NATURAL POLAND - Hurtowy Dystrybutor Surowc\u00f3w\",\"isPartOf\":{\"@id\":\"https:\\\/\\\/naturalpoland.com\\\/tr\\\/#website\"},\"primaryImageOfPage\":{\"@id\":\"https:\\\/\\\/naturalpoland.com\\\/tr\\\/urunler\\\/gida-hammaddeleri\\\/gida-yaglari\\\/havuc-tohumu-yagi\\\/#primaryimage\"},\"image\":{\"@id\":\"https:\\\/\\\/naturalpoland.com\\\/tr\\\/urunler\\\/gida-hammaddeleri\\\/gida-yaglari\\\/havuc-tohumu-yagi\\\/#primaryimage\"},\"thumbnailUrl\":\"https:\\\/\\\/naturalpoland.com\\\/wp-content\\\/uploads\\\/olej-z-nasion-marchwi-1.jpg\",\"datePublished\":\"2021-05-11T11:50:56+00:00\",\"dateModified\":\"2026-04-02T13:47:38+00:00\",\"description\":\"Havu\u00e7 Tohumu Ya\u011f\u0131 (Daucus Carota Sativa Seed Oil) so\u011fuk presleme y\u00f6ntemiyle \u00fcretilmektedir. Cilt ya\u015flanmas\u0131n\u0131n etkilerini geciktirici etkisi vard\u0131r.\",\"breadcrumb\":{\"@id\":\"https:\\\/\\\/naturalpoland.com\\\/tr\\\/urunler\\\/gida-hammaddeleri\\\/gida-yaglari\\\/havuc-tohumu-yagi\\\/#breadcrumb\"},\"inLanguage\":\"tr\",\"potentialAction\":[{\"@type\":\"ReadAction\",\"target\":[\"https:\\\/\\\/naturalpoland.com\\\/tr\\\/urunler\\\/gida-hammaddeleri\\\/gida-yaglari\\\/havuc-tohumu-yagi\\\/\"]}]},{\"@type\":\"ImageObject\",\"inLanguage\":\"tr\",\"@id\":\"https:\\\/\\\/naturalpoland.com\\\/tr\\\/urunler\\\/gida-hammaddeleri\\\/gida-yaglari\\\/havuc-tohumu-yagi\\\/#primaryimage\",\"url\":\"https:\\\/\\\/naturalpoland.com\\\/wp-content\\\/uploads\\\/olej-z-nasion-marchwi-1.jpg\",\"contentUrl\":\"https:\\\/\\\/naturalpoland.com\\\/wp-content\\\/uploads\\\/olej-z-nasion-marchwi-1.jpg\",\"width\":650,\"height\":650,\"caption\":\"havu\u00e7 tohumu ya\u011f\u0131\"},{\"@type\":\"BreadcrumbList\",\"@id\":\"https:\\\/\\\/naturalpoland.com\\\/tr\\\/urunler\\\/gida-hammaddeleri\\\/gida-yaglari\\\/havuc-tohumu-yagi\\\/#breadcrumb\",\"itemListElement\":[{\"@type\":\"ListItem\",\"position\":1,\"name\":\"Ana Sayfa\",\"item\":\"https:\\\/\\\/naturalpoland.com\\\/tr\\\/\"},{\"@type\":\"ListItem\",\"position\":2,\"name\":\"\u00dcr\u00fcnler\",\"item\":\"https:\\\/\\\/naturalpoland.com\\\/tr\\\/urunler\\\/\"},{\"@type\":\"ListItem\",\"position\":3,\"name\":\"Havu\u00e7 Tohumu Ya\u011f\u0131\"}]},{\"@type\":\"WebSite\",\"@id\":\"https:\\\/\\\/naturalpoland.com\\\/tr\\\/#website\",\"url\":\"https:\\\/\\\/naturalpoland.com\\\/tr\\\/\",\"name\":\"NATURAL POLAND - Hurtowy Dystrybutor Surowc\u00f3w\",\"description\":\"Surowce dla przemys\u0142u spo\u017cywczego, kosmetycznego i farmaceutycznego\",\"publisher\":{\"@id\":\"https:\\\/\\\/naturalpoland.com\\\/tr\\\/#organization\"},\"potentialAction\":[{\"@type\":\"SearchAction\",\"target\":{\"@type\":\"EntryPoint\",\"urlTemplate\":\"https:\\\/\\\/naturalpoland.com\\\/tr\\\/?s={search_term_string}\"},\"query-input\":{\"@type\":\"PropertyValueSpecification\",\"valueRequired\":true,\"valueName\":\"search_term_string\"}}],\"inLanguage\":\"tr\"},{\"@type\":\"Organization\",\"@id\":\"https:\\\/\\\/naturalpoland.com\\\/tr\\\/#organization\",\"name\":\"Natural Poland\",\"url\":\"https:\\\/\\\/naturalpoland.com\\\/tr\\\/\",\"logo\":{\"@type\":\"ImageObject\",\"inLanguage\":\"tr\",\"@id\":\"https:\\\/\\\/naturalpoland.com\\\/tr\\\/#\\\/schema\\\/logo\\\/image\\\/\",\"url\":\"https:\\\/\\\/naturalpoland.com\\\/wp-content\\\/uploads\\\/2021\\\/05\\\/natural-poland-icon.png\",\"contentUrl\":\"https:\\\/\\\/naturalpoland.com\\\/wp-content\\\/uploads\\\/2021\\\/05\\\/natural-poland-icon.png\",\"width\":512,\"height\":512,\"caption\":\"Natural Poland\"},\"image\":{\"@id\":\"https:\\\/\\\/naturalpoland.com\\\/tr\\\/#\\\/schema\\\/logo\\\/image\\\/\"},\"sameAs\":[\"https:\\\/\\\/www.facebook.com\\\/naturalpoland.b2b\",\"https:\\\/\\\/pl.linkedin.com\\\/company\\\/natural-poland\",\"https:\\\/\\\/www.youtube.com\\\/channel\\\/UCgeGGkvOMahZo-xu_MSEWxg\"]}]}<\/script>\n<!-- \/ Yoast SEO plugin. -->","yoast_head_json":{"title":"Havu\u00e7 Tohumu Ya\u011f\u0131 - NATURAL POLAND - Hurtowy Dystrybutor Surowc\u00f3w","description":"Havu\u00e7 Tohumu Ya\u011f\u0131 (Daucus Carota Sativa Seed Oil) so\u011fuk presleme y\u00f6ntemiyle \u00fcretilmektedir. Cilt ya\u015flanmas\u0131n\u0131n etkilerini geciktirici etkisi vard\u0131r.","robots":{"index":"index","follow":"follow","max-snippet":"max-snippet:-1","max-image-preview":"max-image-preview:large","max-video-preview":"max-video-preview:-1"},"canonical":"https:\/\/naturalpoland.com\/tr\/urunler\/gida-hammaddeleri\/gida-yaglari\/havuc-tohumu-yagi\/","og_locale":"tr_TR","og_type":"article","og_title":"Havu\u00e7 Tohumu Ya\u011f\u0131 - NATURAL POLAND - Hurtowy Dystrybutor Surowc\u00f3w","og_description":"Havu\u00e7 Tohumu Ya\u011f\u0131 (Daucus Carota Sativa Seed Oil) so\u011fuk presleme y\u00f6ntemiyle \u00fcretilmektedir. Cilt ya\u015flanmas\u0131n\u0131n etkilerini geciktirici etkisi vard\u0131r.","og_url":"https:\/\/naturalpoland.com\/tr\/urunler\/gida-hammaddeleri\/gida-yaglari\/havuc-tohumu-yagi\/","og_site_name":"NATURAL POLAND - Hurtowy Dystrybutor Surowc\u00f3w","article_publisher":"https:\/\/www.facebook.com\/naturalpoland.b2b","article_modified_time":"2026-04-02T13:47:38+00:00","og_image":[{"width":650,"height":650,"url":"https:\/\/naturalpoland.com\/wp-content\/uploads\/olej-z-nasion-marchwi-1.jpg","type":"image\/jpeg"}],"schema":{"@context":"https:\/\/schema.org","@graph":[{"@type":"WebPage","@id":"https:\/\/naturalpoland.com\/tr\/urunler\/gida-hammaddeleri\/gida-yaglari\/havuc-tohumu-yagi\/","url":"https:\/\/naturalpoland.com\/tr\/urunler\/gida-hammaddeleri\/gida-yaglari\/havuc-tohumu-yagi\/","name":"Havu\u00e7 Tohumu Ya\u011f\u0131 - NATURAL POLAND - Hurtowy Dystrybutor Surowc\u00f3w","isPartOf":{"@id":"https:\/\/naturalpoland.com\/tr\/#website"},"primaryImageOfPage":{"@id":"https:\/\/naturalpoland.com\/tr\/urunler\/gida-hammaddeleri\/gida-yaglari\/havuc-tohumu-yagi\/#primaryimage"},"image":{"@id":"https:\/\/naturalpoland.com\/tr\/urunler\/gida-hammaddeleri\/gida-yaglari\/havuc-tohumu-yagi\/#primaryimage"},"thumbnailUrl":"https:\/\/naturalpoland.com\/wp-content\/uploads\/olej-z-nasion-marchwi-1.jpg","datePublished":"2021-05-11T11:50:56+00:00","dateModified":"2026-04-02T13:47:38+00:00","description":"Havu\u00e7 Tohumu Ya\u011f\u0131 (Daucus Carota Sativa Seed Oil) so\u011fuk presleme y\u00f6ntemiyle \u00fcretilmektedir. Cilt ya\u015flanmas\u0131n\u0131n etkilerini geciktirici etkisi vard\u0131r.","breadcrumb":{"@id":"https:\/\/naturalpoland.com\/tr\/urunler\/gida-hammaddeleri\/gida-yaglari\/havuc-tohumu-yagi\/#breadcrumb"},"inLanguage":"tr","potentialAction":[{"@type":"ReadAction","target":["https:\/\/naturalpoland.com\/tr\/urunler\/gida-hammaddeleri\/gida-yaglari\/havuc-tohumu-yagi\/"]}]},{"@type":"ImageObject","inLanguage":"tr","@id":"https:\/\/naturalpoland.com\/tr\/urunler\/gida-hammaddeleri\/gida-yaglari\/havuc-tohumu-yagi\/#primaryimage","url":"https:\/\/naturalpoland.com\/wp-content\/uploads\/olej-z-nasion-marchwi-1.jpg","contentUrl":"https:\/\/naturalpoland.com\/wp-content\/uploads\/olej-z-nasion-marchwi-1.jpg","width":650,"height":650,"caption":"havu\u00e7 tohumu ya\u011f\u0131"},{"@type":"BreadcrumbList","@id":"https:\/\/naturalpoland.com\/tr\/urunler\/gida-hammaddeleri\/gida-yaglari\/havuc-tohumu-yagi\/#breadcrumb","itemListElement":[{"@type":"ListItem","position":1,"name":"Ana Sayfa","item":"https:\/\/naturalpoland.com\/tr\/"},{"@type":"ListItem","position":2,"name":"\u00dcr\u00fcnler","item":"https:\/\/naturalpoland.com\/tr\/urunler\/"},{"@type":"ListItem","position":3,"name":"Havu\u00e7 Tohumu Ya\u011f\u0131"}]},{"@type":"WebSite","@id":"https:\/\/naturalpoland.com\/tr\/#website","url":"https:\/\/naturalpoland.com\/tr\/","name":"NATURAL POLAND - Hurtowy Dystrybutor Surowc\u00f3w","description":"Surowce dla przemys\u0142u spo\u017cywczego, kosmetycznego i farmaceutycznego","publisher":{"@id":"https:\/\/naturalpoland.com\/tr\/#organization"},"potentialAction":[{"@type":"SearchAction","target":{"@type":"EntryPoint","urlTemplate":"https:\/\/naturalpoland.com\/tr\/?s={search_term_string}"},"query-input":{"@type":"PropertyValueSpecification","valueRequired":true,"valueName":"search_term_string"}}],"inLanguage":"tr"},{"@type":"Organization","@id":"https:\/\/naturalpoland.com\/tr\/#organization","name":"Natural Poland","url":"https:\/\/naturalpoland.com\/tr\/","logo":{"@type":"ImageObject","inLanguage":"tr","@id":"https:\/\/naturalpoland.com\/tr\/#\/schema\/logo\/image\/","url":"https:\/\/naturalpoland.com\/wp-content\/uploads\/2021\/05\/natural-poland-icon.png","contentUrl":"https:\/\/naturalpoland.com\/wp-content\/uploads\/2021\/05\/natural-poland-icon.png","width":512,"height":512,"caption":"Natural Poland"},"image":{"@id":"https:\/\/naturalpoland.com\/tr\/#\/schema\/logo\/image\/"},"sameAs":["https:\/\/www.facebook.com\/naturalpoland.b2b","https:\/\/pl.linkedin.com\/company\/natural-poland","https:\/\/www.youtube.com\/channel\/UCgeGGkvOMahZo-xu_MSEWxg"]}]}},"_links":{"self":[{"href":"https:\/\/naturalpoland.com\/tr\/wp-json\/wp\/v2\/product\/47362","targetHints":{"allow":["GET"]}}],"collection":[{"href":"https:\/\/naturalpoland.com\/tr\/wp-json\/wp\/v2\/product"}],"about":[{"href":"https:\/\/naturalpoland.com\/tr\/wp-json\/wp\/v2\/types\/product"}],"wp:featuredmedia":[{"embeddable":true,"href":"https:\/\/naturalpoland.com\/tr\/wp-json\/wp\/v2\/media\/47365"}],"wp:attachment":[{"href":"https:\/\/naturalpoland.com\/tr\/wp-json\/wp\/v2\/media?parent=47362"}],"wp:term":[{"taxonomy":"product_brand","embeddable":true,"href":"https:\/\/naturalpoland.com\/tr\/wp-json\/wp\/v2\/product_brand?post=47362"},{"taxonomy":"product_cat","embeddable":true,"href":"https:\/\/naturalpoland.com\/tr\/wp-json\/wp\/v2\/product_cat?post=47362"},{"taxonomy":"product_tag","embeddable":true,"href":"https:\/\/naturalpoland.com\/tr\/wp-json\/wp\/v2\/product_tag?post=47362"}],"curies":[{"name":"wp","href":"https:\/\/api.w.org\/{rel}","templated":true}]}}