{"id":47409,"date":"2026-04-10T16:00:35","date_gmt":"2026-04-10T14:00:35","guid":{"rendered":"https:\/\/naturalpoland.com\/produkty\/kategorilenmemis\/arabinogalaktan\/"},"modified":"2026-04-16T11:51:16","modified_gmt":"2026-04-16T09:51:16","slug":"arabinogalaktan","status":"publish","type":"product","link":"https:\/\/naturalpoland.com\/tr\/urunler\/farmasotik-hammaddeler\/takviye-edici-gida-bilesenleri\/arabinogalaktan\/","title":{"rendered":"Arabinogalaktan"},"content":{"rendered":"<h2>Arabinogalaktan\u0131n \u00f6zellikleri ve etkisi<\/h2>\n<p>Arabinogalaktan, <strong>prebiyotik \u00f6zelliklere<\/strong> sahip polisakkarit grubuna aittir ve bu sayede ba\u011f\u0131rsak mikrobiyotas\u0131na ve sindirim sisteminin i\u015fleyi\u015fine y\u00f6nelik form\u00fclasyonlarda de\u011ferli bir bile\u015fendir. \u00c7\u00f6z\u00fcn\u00fcr bir lif olarak yararl\u0131 ba\u011f\u0131rsak bakterileri i\u00e7in besin kayna\u011f\u0131 olu\u015fturabilir ve <strong>mikroflora dengesini<\/strong> etkileyebilir. <\/p>\n<p>Kimyasal yap\u0131s\u0131 nedeniyle arabinogalaktan ayr\u0131ca <strong>\u00fcr\u00fcnlerin tekst\u00fcr\u00fcn\u00fc, stabilitesini ve teknolojik \u00f6zelliklerini etkileyebilir<\/strong>. \u0130yi \u00e7\u00f6z\u00fcn\u00fcrl\u00fc\u011f\u00fc ve d\u00fc\u015f\u00fck viskozitesi sayesinde y\u00fcksek konsantrasyonlarda bile kullan\u0131m\u0131 kolayd\u0131r. <\/p>\n<p>N\u00fctras\u00f6tik \u00fcr\u00fcnlerde arabinogalaktan, &#8220;gut health&#8221; tipi form\u00fclasyonlar\u0131 destekleyen bir bile\u015fen ve sistemik karakterdeki preparatlar olarak kullan\u0131l\u0131r.<\/p>\n<h2>Kara\u00e7am ekstrakt\u0131n\u0131n kullan\u0131m\u0131<\/h2>\n<ul>\n<li>takviye g\u0131dalar (ba\u011f\u0131rsak mikrobiyotas\u0131n\u0131 destekleyen \u00fcr\u00fcnler),<\/li>\n<li>fonksiyonel g\u0131dalar ve i\u00e7ecekler,<\/li>\n<li>prebiyotik tipi \u00fcr\u00fcnler,<\/li>\n<li>toz ve instant form\u00fclasyonlar,<\/li>\n<li>diyet ve \u00f6zel ama\u00e7l\u0131 \u00fcr\u00fcnler.<\/li>\n<\/ul>\n<p>N\u00f6tr duyusal profili, fonksiyonel i\u00e7eceklerde, toz takviyelerde ve kaps\u00fcllerde kullan\u0131m\u0131na olanak tan\u0131r.<\/p>\n","protected":false},"excerpt":{"rendered":"<p><strong>Arabinogalaktan<\/strong> (<strong>kara\u00e7am ekstrakt\u0131<\/strong>), kara\u00e7am a\u011fac\u0131ndan (<em>Larix gmelinii<\/em>) elde edilen do\u011fal bir bitkisel polisakkarittir. Hammadde, \u00e7ok iyi \u00e7\u00f6z\u00fcn\u00fcrl\u00fc\u011fe ve n\u00f6tr tada sahip, hafif krem rengi bir toz formunda, y\u00fcksek safl\u0131kta olup takviye g\u0131da ve fonksiyonel g\u0131da end\u00fcstrisinde yayg\u0131n olarak kullan\u0131lmaktad\u0131r. <\/p>\n","protected":false},"featured_media":47413,"template":"","meta":{"_acf_changed":false},"product_brand":[],"product_cat":[9540],"product_tag":[],"class_list":{"0":"post-47409","1":"product","2":"type-product","3":"status-publish","4":"has-post-thumbnail","6":"product_cat-takviye-edici-gida-bilesenleri","8":"first","9":"instock","10":"shipping-taxable","11":"product-type-simple"},"acf":[],"yoast_head":"<!-- This site is optimized with the Yoast SEO plugin v27.4 - https:\/\/yoast.com\/product\/yoast-seo-wordpress\/ -->\n<title>Arabinogalaktan - Hurtowy Dystrybutor<\/title>\n<meta name=\"description\" content=\"Kara\u00e7am arabinogalaktan\u0131, prebiyotik \u00f6zelliklere sahip do\u011fal bir \u00e7\u00f6z\u00fcn\u00fcr liftir. Takviyeler ve fonksiyonel g\u0131dalar i\u00e7in hammadde.\" \/>\n<meta name=\"robots\" content=\"index, follow, max-snippet:-1, max-image-preview:large, max-video-preview:-1\" \/>\n<link rel=\"canonical\" href=\"https:\/\/naturalpoland.com\/tr\/urunler\/farmasotik-hammaddeler\/takviye-edici-gida-bilesenleri\/arabinogalaktan\/\" \/>\n<meta property=\"og:locale\" content=\"tr_TR\" \/>\n<meta property=\"og:type\" content=\"article\" \/>\n<meta property=\"og:title\" content=\"Arabinogalaktan - Hurtowy Dystrybutor\" \/>\n<meta property=\"og:description\" content=\"Kara\u00e7am arabinogalaktan\u0131, prebiyotik \u00f6zelliklere sahip do\u011fal bir \u00e7\u00f6z\u00fcn\u00fcr liftir. Takviyeler ve fonksiyonel g\u0131dalar i\u00e7in hammadde.\" \/>\n<meta property=\"og:url\" content=\"https:\/\/naturalpoland.com\/tr\/urunler\/farmasotik-hammaddeler\/takviye-edici-gida-bilesenleri\/arabinogalaktan\/\" \/>\n<meta property=\"og:site_name\" content=\"NATURAL POLAND - Hurtowy Dystrybutor Surowc\u00f3w\" \/>\n<meta property=\"article:publisher\" content=\"https:\/\/www.facebook.com\/naturalpoland.b2b\" \/>\n<meta property=\"article:modified_time\" content=\"2026-04-16T09:51:16+00:00\" \/>\n<meta property=\"og:image\" content=\"https:\/\/naturalpoland.com\/wp-content\/uploads\/arabinogalaktan.png\" \/>\n\t<meta property=\"og:image:width\" content=\"1024\" \/>\n\t<meta property=\"og:image:height\" content=\"1024\" \/>\n\t<meta property=\"og:image:type\" content=\"image\/png\" \/>\n<script type=\"application\/ld+json\" class=\"yoast-schema-graph\">{\"@context\":\"https:\\\/\\\/schema.org\",\"@graph\":[{\"@type\":\"WebPage\",\"@id\":\"https:\\\/\\\/naturalpoland.com\\\/tr\\\/urunler\\\/farmasotik-hammaddeler\\\/takviye-edici-gida-bilesenleri\\\/arabinogalaktan\\\/\",\"url\":\"https:\\\/\\\/naturalpoland.com\\\/tr\\\/urunler\\\/farmasotik-hammaddeler\\\/takviye-edici-gida-bilesenleri\\\/arabinogalaktan\\\/\",\"name\":\"Arabinogalaktan - Hurtowy Dystrybutor\",\"isPartOf\":{\"@id\":\"https:\\\/\\\/naturalpoland.com\\\/tr\\\/#website\"},\"primaryImageOfPage\":{\"@id\":\"https:\\\/\\\/naturalpoland.com\\\/tr\\\/urunler\\\/farmasotik-hammaddeler\\\/takviye-edici-gida-bilesenleri\\\/arabinogalaktan\\\/#primaryimage\"},\"image\":{\"@id\":\"https:\\\/\\\/naturalpoland.com\\\/tr\\\/urunler\\\/farmasotik-hammaddeler\\\/takviye-edici-gida-bilesenleri\\\/arabinogalaktan\\\/#primaryimage\"},\"thumbnailUrl\":\"https:\\\/\\\/naturalpoland.com\\\/wp-content\\\/uploads\\\/arabinogalaktan.png\",\"datePublished\":\"2026-04-10T14:00:35+00:00\",\"dateModified\":\"2026-04-16T09:51:16+00:00\",\"description\":\"Kara\u00e7am arabinogalaktan\u0131, prebiyotik \u00f6zelliklere sahip do\u011fal bir \u00e7\u00f6z\u00fcn\u00fcr liftir. Takviyeler ve fonksiyonel g\u0131dalar i\u00e7in hammadde.\",\"breadcrumb\":{\"@id\":\"https:\\\/\\\/naturalpoland.com\\\/tr\\\/urunler\\\/farmasotik-hammaddeler\\\/takviye-edici-gida-bilesenleri\\\/arabinogalaktan\\\/#breadcrumb\"},\"inLanguage\":\"tr\",\"potentialAction\":[{\"@type\":\"ReadAction\",\"target\":[\"https:\\\/\\\/naturalpoland.com\\\/tr\\\/urunler\\\/farmasotik-hammaddeler\\\/takviye-edici-gida-bilesenleri\\\/arabinogalaktan\\\/\"]}]},{\"@type\":\"ImageObject\",\"inLanguage\":\"tr\",\"@id\":\"https:\\\/\\\/naturalpoland.com\\\/tr\\\/urunler\\\/farmasotik-hammaddeler\\\/takviye-edici-gida-bilesenleri\\\/arabinogalaktan\\\/#primaryimage\",\"url\":\"https:\\\/\\\/naturalpoland.com\\\/wp-content\\\/uploads\\\/arabinogalaktan.png\",\"contentUrl\":\"https:\\\/\\\/naturalpoland.com\\\/wp-content\\\/uploads\\\/arabinogalaktan.png\",\"width\":1024,\"height\":1024,\"caption\":\"Arabinogalaktan\"},{\"@type\":\"BreadcrumbList\",\"@id\":\"https:\\\/\\\/naturalpoland.com\\\/tr\\\/urunler\\\/farmasotik-hammaddeler\\\/takviye-edici-gida-bilesenleri\\\/arabinogalaktan\\\/#breadcrumb\",\"itemListElement\":[{\"@type\":\"ListItem\",\"position\":1,\"name\":\"Ana Sayfa\",\"item\":\"https:\\\/\\\/naturalpoland.com\\\/tr\\\/\"},{\"@type\":\"ListItem\",\"position\":2,\"name\":\"\u00dcr\u00fcnler\",\"item\":\"https:\\\/\\\/naturalpoland.com\\\/tr\\\/urunler\\\/\"},{\"@type\":\"ListItem\",\"position\":3,\"name\":\"Arabinogalaktan\"}]},{\"@type\":\"WebSite\",\"@id\":\"https:\\\/\\\/naturalpoland.com\\\/tr\\\/#website\",\"url\":\"https:\\\/\\\/naturalpoland.com\\\/tr\\\/\",\"name\":\"NATURAL POLAND - Hurtowy Dystrybutor Surowc\u00f3w\",\"description\":\"Surowce dla przemys\u0142u spo\u017cywczego, kosmetycznego i farmaceutycznego\",\"publisher\":{\"@id\":\"https:\\\/\\\/naturalpoland.com\\\/tr\\\/#organization\"},\"potentialAction\":[{\"@type\":\"SearchAction\",\"target\":{\"@type\":\"EntryPoint\",\"urlTemplate\":\"https:\\\/\\\/naturalpoland.com\\\/tr\\\/?s={search_term_string}\"},\"query-input\":{\"@type\":\"PropertyValueSpecification\",\"valueRequired\":true,\"valueName\":\"search_term_string\"}}],\"inLanguage\":\"tr\"},{\"@type\":\"Organization\",\"@id\":\"https:\\\/\\\/naturalpoland.com\\\/tr\\\/#organization\",\"name\":\"Natural Poland\",\"url\":\"https:\\\/\\\/naturalpoland.com\\\/tr\\\/\",\"logo\":{\"@type\":\"ImageObject\",\"inLanguage\":\"tr\",\"@id\":\"https:\\\/\\\/naturalpoland.com\\\/tr\\\/#\\\/schema\\\/logo\\\/image\\\/\",\"url\":\"https:\\\/\\\/naturalpoland.com\\\/wp-content\\\/uploads\\\/2021\\\/05\\\/natural-poland-icon.png\",\"contentUrl\":\"https:\\\/\\\/naturalpoland.com\\\/wp-content\\\/uploads\\\/2021\\\/05\\\/natural-poland-icon.png\",\"width\":512,\"height\":512,\"caption\":\"Natural Poland\"},\"image\":{\"@id\":\"https:\\\/\\\/naturalpoland.com\\\/tr\\\/#\\\/schema\\\/logo\\\/image\\\/\"},\"sameAs\":[\"https:\\\/\\\/www.facebook.com\\\/naturalpoland.b2b\",\"https:\\\/\\\/pl.linkedin.com\\\/company\\\/natural-poland\",\"https:\\\/\\\/www.youtube.com\\\/channel\\\/UCgeGGkvOMahZo-xu_MSEWxg\"]}]}<\/script>\n<!-- \/ Yoast SEO plugin. -->","yoast_head_json":{"title":"Arabinogalaktan - Hurtowy Dystrybutor","description":"Kara\u00e7am arabinogalaktan\u0131, prebiyotik \u00f6zelliklere sahip do\u011fal bir \u00e7\u00f6z\u00fcn\u00fcr liftir. Takviyeler ve fonksiyonel g\u0131dalar i\u00e7in hammadde.","robots":{"index":"index","follow":"follow","max-snippet":"max-snippet:-1","max-image-preview":"max-image-preview:large","max-video-preview":"max-video-preview:-1"},"canonical":"https:\/\/naturalpoland.com\/tr\/urunler\/farmasotik-hammaddeler\/takviye-edici-gida-bilesenleri\/arabinogalaktan\/","og_locale":"tr_TR","og_type":"article","og_title":"Arabinogalaktan - Hurtowy Dystrybutor","og_description":"Kara\u00e7am arabinogalaktan\u0131, prebiyotik \u00f6zelliklere sahip do\u011fal bir \u00e7\u00f6z\u00fcn\u00fcr liftir. Takviyeler ve fonksiyonel g\u0131dalar i\u00e7in hammadde.","og_url":"https:\/\/naturalpoland.com\/tr\/urunler\/farmasotik-hammaddeler\/takviye-edici-gida-bilesenleri\/arabinogalaktan\/","og_site_name":"NATURAL POLAND - Hurtowy Dystrybutor Surowc\u00f3w","article_publisher":"https:\/\/www.facebook.com\/naturalpoland.b2b","article_modified_time":"2026-04-16T09:51:16+00:00","og_image":[{"width":1024,"height":1024,"url":"https:\/\/naturalpoland.com\/wp-content\/uploads\/arabinogalaktan.png","type":"image\/png"}],"schema":{"@context":"https:\/\/schema.org","@graph":[{"@type":"WebPage","@id":"https:\/\/naturalpoland.com\/tr\/urunler\/farmasotik-hammaddeler\/takviye-edici-gida-bilesenleri\/arabinogalaktan\/","url":"https:\/\/naturalpoland.com\/tr\/urunler\/farmasotik-hammaddeler\/takviye-edici-gida-bilesenleri\/arabinogalaktan\/","name":"Arabinogalaktan - Hurtowy Dystrybutor","isPartOf":{"@id":"https:\/\/naturalpoland.com\/tr\/#website"},"primaryImageOfPage":{"@id":"https:\/\/naturalpoland.com\/tr\/urunler\/farmasotik-hammaddeler\/takviye-edici-gida-bilesenleri\/arabinogalaktan\/#primaryimage"},"image":{"@id":"https:\/\/naturalpoland.com\/tr\/urunler\/farmasotik-hammaddeler\/takviye-edici-gida-bilesenleri\/arabinogalaktan\/#primaryimage"},"thumbnailUrl":"https:\/\/naturalpoland.com\/wp-content\/uploads\/arabinogalaktan.png","datePublished":"2026-04-10T14:00:35+00:00","dateModified":"2026-04-16T09:51:16+00:00","description":"Kara\u00e7am arabinogalaktan\u0131, prebiyotik \u00f6zelliklere sahip do\u011fal bir \u00e7\u00f6z\u00fcn\u00fcr liftir. Takviyeler ve fonksiyonel g\u0131dalar i\u00e7in hammadde.","breadcrumb":{"@id":"https:\/\/naturalpoland.com\/tr\/urunler\/farmasotik-hammaddeler\/takviye-edici-gida-bilesenleri\/arabinogalaktan\/#breadcrumb"},"inLanguage":"tr","potentialAction":[{"@type":"ReadAction","target":["https:\/\/naturalpoland.com\/tr\/urunler\/farmasotik-hammaddeler\/takviye-edici-gida-bilesenleri\/arabinogalaktan\/"]}]},{"@type":"ImageObject","inLanguage":"tr","@id":"https:\/\/naturalpoland.com\/tr\/urunler\/farmasotik-hammaddeler\/takviye-edici-gida-bilesenleri\/arabinogalaktan\/#primaryimage","url":"https:\/\/naturalpoland.com\/wp-content\/uploads\/arabinogalaktan.png","contentUrl":"https:\/\/naturalpoland.com\/wp-content\/uploads\/arabinogalaktan.png","width":1024,"height":1024,"caption":"Arabinogalaktan"},{"@type":"BreadcrumbList","@id":"https:\/\/naturalpoland.com\/tr\/urunler\/farmasotik-hammaddeler\/takviye-edici-gida-bilesenleri\/arabinogalaktan\/#breadcrumb","itemListElement":[{"@type":"ListItem","position":1,"name":"Ana Sayfa","item":"https:\/\/naturalpoland.com\/tr\/"},{"@type":"ListItem","position":2,"name":"\u00dcr\u00fcnler","item":"https:\/\/naturalpoland.com\/tr\/urunler\/"},{"@type":"ListItem","position":3,"name":"Arabinogalaktan"}]},{"@type":"WebSite","@id":"https:\/\/naturalpoland.com\/tr\/#website","url":"https:\/\/naturalpoland.com\/tr\/","name":"NATURAL POLAND - Hurtowy Dystrybutor Surowc\u00f3w","description":"Surowce dla przemys\u0142u spo\u017cywczego, kosmetycznego i farmaceutycznego","publisher":{"@id":"https:\/\/naturalpoland.com\/tr\/#organization"},"potentialAction":[{"@type":"SearchAction","target":{"@type":"EntryPoint","urlTemplate":"https:\/\/naturalpoland.com\/tr\/?s={search_term_string}"},"query-input":{"@type":"PropertyValueSpecification","valueRequired":true,"valueName":"search_term_string"}}],"inLanguage":"tr"},{"@type":"Organization","@id":"https:\/\/naturalpoland.com\/tr\/#organization","name":"Natural Poland","url":"https:\/\/naturalpoland.com\/tr\/","logo":{"@type":"ImageObject","inLanguage":"tr","@id":"https:\/\/naturalpoland.com\/tr\/#\/schema\/logo\/image\/","url":"https:\/\/naturalpoland.com\/wp-content\/uploads\/2021\/05\/natural-poland-icon.png","contentUrl":"https:\/\/naturalpoland.com\/wp-content\/uploads\/2021\/05\/natural-poland-icon.png","width":512,"height":512,"caption":"Natural Poland"},"image":{"@id":"https:\/\/naturalpoland.com\/tr\/#\/schema\/logo\/image\/"},"sameAs":["https:\/\/www.facebook.com\/naturalpoland.b2b","https:\/\/pl.linkedin.com\/company\/natural-poland","https:\/\/www.youtube.com\/channel\/UCgeGGkvOMahZo-xu_MSEWxg"]}]}},"_links":{"self":[{"href":"https:\/\/naturalpoland.com\/tr\/wp-json\/wp\/v2\/product\/47409","targetHints":{"allow":["GET"]}}],"collection":[{"href":"https:\/\/naturalpoland.com\/tr\/wp-json\/wp\/v2\/product"}],"about":[{"href":"https:\/\/naturalpoland.com\/tr\/wp-json\/wp\/v2\/types\/product"}],"wp:featuredmedia":[{"embeddable":true,"href":"https:\/\/naturalpoland.com\/tr\/wp-json\/wp\/v2\/media\/47413"}],"wp:attachment":[{"href":"https:\/\/naturalpoland.com\/tr\/wp-json\/wp\/v2\/media?parent=47409"}],"wp:term":[{"taxonomy":"product_brand","embeddable":true,"href":"https:\/\/naturalpoland.com\/tr\/wp-json\/wp\/v2\/product_brand?post=47409"},{"taxonomy":"product_cat","embeddable":true,"href":"https:\/\/naturalpoland.com\/tr\/wp-json\/wp\/v2\/product_cat?post=47409"},{"taxonomy":"product_tag","embeddable":true,"href":"https:\/\/naturalpoland.com\/tr\/wp-json\/wp\/v2\/product_tag?post=47409"}],"curies":[{"name":"wp","href":"https:\/\/api.w.org\/{rel}","templated":true}]}}