{"id":47426,"date":"2026-04-10T16:14:04","date_gmt":"2026-04-10T14:14:04","guid":{"rendered":"https:\/\/naturalpoland.com\/produkty\/kategorilenmemis\/5-mthf\/"},"modified":"2026-04-16T11:51:43","modified_gmt":"2026-04-16T09:51:43","slug":"5-mthf","status":"publish","type":"product","link":"https:\/\/naturalpoland.com\/tr\/urunler\/farmasotik-hammaddeler\/vitaminler\/5-mthf\/","title":{"rendered":"5-MTHF"},"content":{"rendered":"<h2>5-MTHF&#8217;nin \u00f6zellikleri ve etkisi:<\/h2>\n<p>5-MTHF, DNA sentezi, h\u00fccre b\u00f6l\u00fcnmesi ve amino asit metabolizmas\u0131 ile ilgili s\u00fcre\u00e7lerde yer alarak tek karbonlu metabolizmada \u00f6nemli bir rol oynar. Folat\u0131n aktif formu olarak organizm taraf\u0131ndan do\u011frudan kullan\u0131labilir, bu da folik asidi d\u00f6n\u00fc\u015ft\u00fcrme kapasitesi s\u0131n\u0131rl\u0131 olan ki\u015filer i\u00e7in tasarlanan form\u00fclasyonlarda \u00f6nem ta\u015f\u0131r. <\/p>\n<p>Bu bile\u015fik <strong>sinir sistemi ve bili\u015fsel fonksiyonlar\u0131n desteklenmesine<\/strong> y\u00f6nelik \u00fcr\u00fcnlerde kullan\u0131lmaktad\u0131r. Homosistein metabolizmas\u0131nda rol al\u0131r, bu da onu geni\u015f sistemik uygulama alan\u0131na sahip takviyelerde kullan\u0131lan form\u00fclasyonlar\u0131n bir bile\u015feni yapar. <\/p>\n<p>Stabilitesi ve biyoyararlan\u0131m\u0131 nedeniyle 5-MTHF, klasik folik aside k\u0131yasla modern takviye g\u0131dalarda tercih edilen bir bile\u015fendir.<\/p>\n<h2>5-MTHF&#8217;nin kullan\u0131m alanlar\u0131:<\/h2>\n<ul>\n<li>takviye g\u0131dalar (vitamin \u00fcr\u00fcnleri ve B kompleksleri),<\/li>\n<li>hamile ve hamilelik planlayan kad\u0131nlar i\u00e7in preparatlar,<\/li>\n<li>sinir sistemini destekleyen \u00fcr\u00fcnler,<\/li>\n<li>fonksiyonel g\u0131dalar ve n\u00fctras\u00f6tikler,<\/li>\n<\/ul>\n<p>\u0130yi stabilitesi sayesinde kaps\u00fcl, tablet ve toz kar\u0131\u015f\u0131m formlar\u0131nda kullan\u0131labilir.<\/p>\n","protected":false},"excerpt":{"rendered":"<p><strong>5-metiltetrahidrofolat kalsiyum<\/strong>, takviye g\u0131dalarda ve fonksiyonel g\u0131dalarda kullan\u0131lan <strong>folik asidin<\/strong> (<strong>B9 vitamini<\/strong>) biyolojik olarak aktif formudur. Sentetik folik asidin aksine organizmada ek metabolik d\u00f6n\u00fc\u015f\u00fcm gerektirmez, bu sayede biyokimyasal s\u00fcre\u00e7lerde do\u011frudan kullan\u0131labilir. <\/p>\n","protected":false},"featured_media":47428,"template":"","meta":{"_acf_changed":false},"product_brand":[],"product_cat":[9542],"product_tag":[],"class_list":{"0":"post-47426","1":"product","2":"type-product","3":"status-publish","4":"has-post-thumbnail","6":"product_cat-vitaminler","8":"first","9":"instock","10":"shipping-taxable","11":"product-type-simple"},"acf":[],"yoast_head":"<!-- This site is optimized with the Yoast SEO plugin v27.4 - https:\/\/yoast.com\/product\/yoast-seo-wordpress\/ -->\n<title>5-MTHF - Hurtowy Dystrybutor<\/title>\n<meta name=\"description\" content=\"5-MTHF (aktif folat) \u2013 y\u00fcksek safl\u0131kta (USP43) biyoyararlan\u0131m\u0131 y\u00fcksek B9 vitamini formu. Takviye g\u0131dalar ve fonksiyonel g\u0131dalar i\u00e7in hammadde.\" \/>\n<meta name=\"robots\" content=\"index, follow, max-snippet:-1, max-image-preview:large, max-video-preview:-1\" \/>\n<link rel=\"canonical\" href=\"https:\/\/naturalpoland.com\/tr\/urunler\/farmasotik-hammaddeler\/vitaminler\/5-mthf\/\" \/>\n<meta property=\"og:locale\" content=\"tr_TR\" \/>\n<meta property=\"og:type\" content=\"article\" \/>\n<meta property=\"og:title\" content=\"5-MTHF - Hurtowy Dystrybutor\" \/>\n<meta property=\"og:description\" content=\"5-MTHF (aktif folat) \u2013 y\u00fcksek safl\u0131kta (USP43) biyoyararlan\u0131m\u0131 y\u00fcksek B9 vitamini formu. Takviye g\u0131dalar ve fonksiyonel g\u0131dalar i\u00e7in hammadde.\" \/>\n<meta property=\"og:url\" content=\"https:\/\/naturalpoland.com\/tr\/urunler\/farmasotik-hammaddeler\/vitaminler\/5-mthf\/\" \/>\n<meta property=\"og:site_name\" content=\"NATURAL POLAND - Hurtowy Dystrybutor Surowc\u00f3w\" \/>\n<meta property=\"article:publisher\" content=\"https:\/\/www.facebook.com\/naturalpoland.b2b\" \/>\n<meta property=\"article:modified_time\" content=\"2026-04-16T09:51:43+00:00\" \/>\n<meta property=\"og:image\" content=\"https:\/\/naturalpoland.com\/wp-content\/uploads\/5-mthf.png\" \/>\n\t<meta property=\"og:image:width\" content=\"1024\" \/>\n\t<meta property=\"og:image:height\" content=\"1024\" \/>\n\t<meta property=\"og:image:type\" content=\"image\/png\" \/>\n<script type=\"application\/ld+json\" class=\"yoast-schema-graph\">{\"@context\":\"https:\\\/\\\/schema.org\",\"@graph\":[{\"@type\":\"WebPage\",\"@id\":\"https:\\\/\\\/naturalpoland.com\\\/tr\\\/urunler\\\/farmasotik-hammaddeler\\\/vitaminler\\\/5-mthf\\\/\",\"url\":\"https:\\\/\\\/naturalpoland.com\\\/tr\\\/urunler\\\/farmasotik-hammaddeler\\\/vitaminler\\\/5-mthf\\\/\",\"name\":\"5-MTHF - Hurtowy Dystrybutor\",\"isPartOf\":{\"@id\":\"https:\\\/\\\/naturalpoland.com\\\/tr\\\/#website\"},\"primaryImageOfPage\":{\"@id\":\"https:\\\/\\\/naturalpoland.com\\\/tr\\\/urunler\\\/farmasotik-hammaddeler\\\/vitaminler\\\/5-mthf\\\/#primaryimage\"},\"image\":{\"@id\":\"https:\\\/\\\/naturalpoland.com\\\/tr\\\/urunler\\\/farmasotik-hammaddeler\\\/vitaminler\\\/5-mthf\\\/#primaryimage\"},\"thumbnailUrl\":\"https:\\\/\\\/naturalpoland.com\\\/wp-content\\\/uploads\\\/5-mthf.png\",\"datePublished\":\"2026-04-10T14:14:04+00:00\",\"dateModified\":\"2026-04-16T09:51:43+00:00\",\"description\":\"5-MTHF (aktif folat) \u2013 y\u00fcksek safl\u0131kta (USP43) biyoyararlan\u0131m\u0131 y\u00fcksek B9 vitamini formu. Takviye g\u0131dalar ve fonksiyonel g\u0131dalar i\u00e7in hammadde.\",\"breadcrumb\":{\"@id\":\"https:\\\/\\\/naturalpoland.com\\\/tr\\\/urunler\\\/farmasotik-hammaddeler\\\/vitaminler\\\/5-mthf\\\/#breadcrumb\"},\"inLanguage\":\"tr\",\"potentialAction\":[{\"@type\":\"ReadAction\",\"target\":[\"https:\\\/\\\/naturalpoland.com\\\/tr\\\/urunler\\\/farmasotik-hammaddeler\\\/vitaminler\\\/5-mthf\\\/\"]}]},{\"@type\":\"ImageObject\",\"inLanguage\":\"tr\",\"@id\":\"https:\\\/\\\/naturalpoland.com\\\/tr\\\/urunler\\\/farmasotik-hammaddeler\\\/vitaminler\\\/5-mthf\\\/#primaryimage\",\"url\":\"https:\\\/\\\/naturalpoland.com\\\/wp-content\\\/uploads\\\/5-mthf.png\",\"contentUrl\":\"https:\\\/\\\/naturalpoland.com\\\/wp-content\\\/uploads\\\/5-mthf.png\",\"width\":1024,\"height\":1024,\"caption\":\"5-MTHF\"},{\"@type\":\"BreadcrumbList\",\"@id\":\"https:\\\/\\\/naturalpoland.com\\\/tr\\\/urunler\\\/farmasotik-hammaddeler\\\/vitaminler\\\/5-mthf\\\/#breadcrumb\",\"itemListElement\":[{\"@type\":\"ListItem\",\"position\":1,\"name\":\"Ana Sayfa\",\"item\":\"https:\\\/\\\/naturalpoland.com\\\/tr\\\/\"},{\"@type\":\"ListItem\",\"position\":2,\"name\":\"\u00dcr\u00fcnler\",\"item\":\"https:\\\/\\\/naturalpoland.com\\\/tr\\\/urunler\\\/\"},{\"@type\":\"ListItem\",\"position\":3,\"name\":\"5-MTHF\"}]},{\"@type\":\"WebSite\",\"@id\":\"https:\\\/\\\/naturalpoland.com\\\/tr\\\/#website\",\"url\":\"https:\\\/\\\/naturalpoland.com\\\/tr\\\/\",\"name\":\"NATURAL POLAND - Hurtowy Dystrybutor Surowc\u00f3w\",\"description\":\"Surowce dla przemys\u0142u spo\u017cywczego, kosmetycznego i farmaceutycznego\",\"publisher\":{\"@id\":\"https:\\\/\\\/naturalpoland.com\\\/tr\\\/#organization\"},\"potentialAction\":[{\"@type\":\"SearchAction\",\"target\":{\"@type\":\"EntryPoint\",\"urlTemplate\":\"https:\\\/\\\/naturalpoland.com\\\/tr\\\/?s={search_term_string}\"},\"query-input\":{\"@type\":\"PropertyValueSpecification\",\"valueRequired\":true,\"valueName\":\"search_term_string\"}}],\"inLanguage\":\"tr\"},{\"@type\":\"Organization\",\"@id\":\"https:\\\/\\\/naturalpoland.com\\\/tr\\\/#organization\",\"name\":\"Natural Poland\",\"url\":\"https:\\\/\\\/naturalpoland.com\\\/tr\\\/\",\"logo\":{\"@type\":\"ImageObject\",\"inLanguage\":\"tr\",\"@id\":\"https:\\\/\\\/naturalpoland.com\\\/tr\\\/#\\\/schema\\\/logo\\\/image\\\/\",\"url\":\"https:\\\/\\\/naturalpoland.com\\\/wp-content\\\/uploads\\\/2021\\\/05\\\/natural-poland-icon.png\",\"contentUrl\":\"https:\\\/\\\/naturalpoland.com\\\/wp-content\\\/uploads\\\/2021\\\/05\\\/natural-poland-icon.png\",\"width\":512,\"height\":512,\"caption\":\"Natural Poland\"},\"image\":{\"@id\":\"https:\\\/\\\/naturalpoland.com\\\/tr\\\/#\\\/schema\\\/logo\\\/image\\\/\"},\"sameAs\":[\"https:\\\/\\\/www.facebook.com\\\/naturalpoland.b2b\",\"https:\\\/\\\/pl.linkedin.com\\\/company\\\/natural-poland\",\"https:\\\/\\\/www.youtube.com\\\/channel\\\/UCgeGGkvOMahZo-xu_MSEWxg\"]}]}<\/script>\n<!-- \/ Yoast SEO plugin. -->","yoast_head_json":{"title":"5-MTHF - Hurtowy Dystrybutor","description":"5-MTHF (aktif folat) \u2013 y\u00fcksek safl\u0131kta (USP43) biyoyararlan\u0131m\u0131 y\u00fcksek B9 vitamini formu. Takviye g\u0131dalar ve fonksiyonel g\u0131dalar i\u00e7in hammadde.","robots":{"index":"index","follow":"follow","max-snippet":"max-snippet:-1","max-image-preview":"max-image-preview:large","max-video-preview":"max-video-preview:-1"},"canonical":"https:\/\/naturalpoland.com\/tr\/urunler\/farmasotik-hammaddeler\/vitaminler\/5-mthf\/","og_locale":"tr_TR","og_type":"article","og_title":"5-MTHF - Hurtowy Dystrybutor","og_description":"5-MTHF (aktif folat) \u2013 y\u00fcksek safl\u0131kta (USP43) biyoyararlan\u0131m\u0131 y\u00fcksek B9 vitamini formu. Takviye g\u0131dalar ve fonksiyonel g\u0131dalar i\u00e7in hammadde.","og_url":"https:\/\/naturalpoland.com\/tr\/urunler\/farmasotik-hammaddeler\/vitaminler\/5-mthf\/","og_site_name":"NATURAL POLAND - Hurtowy Dystrybutor Surowc\u00f3w","article_publisher":"https:\/\/www.facebook.com\/naturalpoland.b2b","article_modified_time":"2026-04-16T09:51:43+00:00","og_image":[{"width":1024,"height":1024,"url":"https:\/\/naturalpoland.com\/wp-content\/uploads\/5-mthf.png","type":"image\/png"}],"schema":{"@context":"https:\/\/schema.org","@graph":[{"@type":"WebPage","@id":"https:\/\/naturalpoland.com\/tr\/urunler\/farmasotik-hammaddeler\/vitaminler\/5-mthf\/","url":"https:\/\/naturalpoland.com\/tr\/urunler\/farmasotik-hammaddeler\/vitaminler\/5-mthf\/","name":"5-MTHF - Hurtowy Dystrybutor","isPartOf":{"@id":"https:\/\/naturalpoland.com\/tr\/#website"},"primaryImageOfPage":{"@id":"https:\/\/naturalpoland.com\/tr\/urunler\/farmasotik-hammaddeler\/vitaminler\/5-mthf\/#primaryimage"},"image":{"@id":"https:\/\/naturalpoland.com\/tr\/urunler\/farmasotik-hammaddeler\/vitaminler\/5-mthf\/#primaryimage"},"thumbnailUrl":"https:\/\/naturalpoland.com\/wp-content\/uploads\/5-mthf.png","datePublished":"2026-04-10T14:14:04+00:00","dateModified":"2026-04-16T09:51:43+00:00","description":"5-MTHF (aktif folat) \u2013 y\u00fcksek safl\u0131kta (USP43) biyoyararlan\u0131m\u0131 y\u00fcksek B9 vitamini formu. Takviye g\u0131dalar ve fonksiyonel g\u0131dalar i\u00e7in hammadde.","breadcrumb":{"@id":"https:\/\/naturalpoland.com\/tr\/urunler\/farmasotik-hammaddeler\/vitaminler\/5-mthf\/#breadcrumb"},"inLanguage":"tr","potentialAction":[{"@type":"ReadAction","target":["https:\/\/naturalpoland.com\/tr\/urunler\/farmasotik-hammaddeler\/vitaminler\/5-mthf\/"]}]},{"@type":"ImageObject","inLanguage":"tr","@id":"https:\/\/naturalpoland.com\/tr\/urunler\/farmasotik-hammaddeler\/vitaminler\/5-mthf\/#primaryimage","url":"https:\/\/naturalpoland.com\/wp-content\/uploads\/5-mthf.png","contentUrl":"https:\/\/naturalpoland.com\/wp-content\/uploads\/5-mthf.png","width":1024,"height":1024,"caption":"5-MTHF"},{"@type":"BreadcrumbList","@id":"https:\/\/naturalpoland.com\/tr\/urunler\/farmasotik-hammaddeler\/vitaminler\/5-mthf\/#breadcrumb","itemListElement":[{"@type":"ListItem","position":1,"name":"Ana Sayfa","item":"https:\/\/naturalpoland.com\/tr\/"},{"@type":"ListItem","position":2,"name":"\u00dcr\u00fcnler","item":"https:\/\/naturalpoland.com\/tr\/urunler\/"},{"@type":"ListItem","position":3,"name":"5-MTHF"}]},{"@type":"WebSite","@id":"https:\/\/naturalpoland.com\/tr\/#website","url":"https:\/\/naturalpoland.com\/tr\/","name":"NATURAL POLAND - Hurtowy Dystrybutor Surowc\u00f3w","description":"Surowce dla przemys\u0142u spo\u017cywczego, kosmetycznego i farmaceutycznego","publisher":{"@id":"https:\/\/naturalpoland.com\/tr\/#organization"},"potentialAction":[{"@type":"SearchAction","target":{"@type":"EntryPoint","urlTemplate":"https:\/\/naturalpoland.com\/tr\/?s={search_term_string}"},"query-input":{"@type":"PropertyValueSpecification","valueRequired":true,"valueName":"search_term_string"}}],"inLanguage":"tr"},{"@type":"Organization","@id":"https:\/\/naturalpoland.com\/tr\/#organization","name":"Natural Poland","url":"https:\/\/naturalpoland.com\/tr\/","logo":{"@type":"ImageObject","inLanguage":"tr","@id":"https:\/\/naturalpoland.com\/tr\/#\/schema\/logo\/image\/","url":"https:\/\/naturalpoland.com\/wp-content\/uploads\/2021\/05\/natural-poland-icon.png","contentUrl":"https:\/\/naturalpoland.com\/wp-content\/uploads\/2021\/05\/natural-poland-icon.png","width":512,"height":512,"caption":"Natural Poland"},"image":{"@id":"https:\/\/naturalpoland.com\/tr\/#\/schema\/logo\/image\/"},"sameAs":["https:\/\/www.facebook.com\/naturalpoland.b2b","https:\/\/pl.linkedin.com\/company\/natural-poland","https:\/\/www.youtube.com\/channel\/UCgeGGkvOMahZo-xu_MSEWxg"]}]}},"_links":{"self":[{"href":"https:\/\/naturalpoland.com\/tr\/wp-json\/wp\/v2\/product\/47426","targetHints":{"allow":["GET"]}}],"collection":[{"href":"https:\/\/naturalpoland.com\/tr\/wp-json\/wp\/v2\/product"}],"about":[{"href":"https:\/\/naturalpoland.com\/tr\/wp-json\/wp\/v2\/types\/product"}],"wp:featuredmedia":[{"embeddable":true,"href":"https:\/\/naturalpoland.com\/tr\/wp-json\/wp\/v2\/media\/47428"}],"wp:attachment":[{"href":"https:\/\/naturalpoland.com\/tr\/wp-json\/wp\/v2\/media?parent=47426"}],"wp:term":[{"taxonomy":"product_brand","embeddable":true,"href":"https:\/\/naturalpoland.com\/tr\/wp-json\/wp\/v2\/product_brand?post=47426"},{"taxonomy":"product_cat","embeddable":true,"href":"https:\/\/naturalpoland.com\/tr\/wp-json\/wp\/v2\/product_cat?post=47426"},{"taxonomy":"product_tag","embeddable":true,"href":"https:\/\/naturalpoland.com\/tr\/wp-json\/wp\/v2\/product_tag?post=47426"}],"curies":[{"name":"wp","href":"https:\/\/api.w.org\/{rel}","templated":true}]}}