{"id":47626,"date":"2021-05-11T13:52:09","date_gmt":"2021-05-11T11:52:09","guid":{"rendered":"https:\/\/naturalpoland.com\/produkty\/kategorilenmemis\/deniz-igdesi-meyve-yagi\/"},"modified":"2026-04-24T13:31:32","modified_gmt":"2026-04-24T11:31:32","slug":"deniz-igdesi-meyve-yagi","status":"publish","type":"product","link":"https:\/\/naturalpoland.com\/tr\/urunler\/gida-hammaddeleri\/gida-yaglari\/deniz-igdesi-meyve-yagi\/","title":{"rendered":"Deniz \u0130\u011fdesi Meyve Ya\u011f\u0131"},"content":{"rendered":"<p>G\u0131da kalitesindeki <strong>deniz i\u011fdesi ya\u011f\u0131m\u0131z<\/strong>, <strong>g\u0131da<\/strong> end\u00fcstrisinde hem t\u0131bbi hem de lezzet verici bir \u00fcr\u00fcn olarak, ayr\u0131ca cilt bak\u0131m\u0131nda <strong>kozmetik<\/strong> end\u00fcstrisinde kullan\u0131labilir.<\/p>\n<h2>\u00d6zellikler<\/h2>\n<p>Meyve etindeki ya\u011f i\u00e7eri\u011fi yakla\u015f\u0131k %1,5-3&#8217;t\u00fcr (taze a\u011f\u0131rl\u0131kta).<br \/>\nDeniz i\u011fdesi meyve ya\u011f\u0131, tekli doymam\u0131\u015f ya\u011f asitleri ve karotenoidlerin yan\u0131 s\u0131ra y\u00fcksek miktarda tokoferol, tokotrienol ve bitkisel steroller i\u00e7erir.<\/p>\n<p>Adi deniz i\u011fdesi tohumu ve meyve ya\u011flar\u0131, ya\u011f asidi profilleri a\u00e7\u0131s\u0131ndan farkl\u0131l\u0131k g\u00f6sterir. Linoleik asit ve \u03b1-linolenik asit, tohum ya\u011f\u0131ndaki ana ya\u011f asitleridir; oysa <strong>deniz i\u011fdesi meyve ya\u011f\u0131, yakla\u015f\u0131k %65 oran\u0131nda birle\u015fik tekli doymam\u0131\u015f asitler, oleopalmitik asitler ve doymu\u015f ya\u011f asidi olan palmitik asit i\u00e7erir<\/strong>. Bu durum, iki ya\u011f aras\u0131nda g\u00f6r\u00fcn\u00fcm ve k\u0131vam a\u00e7\u0131s\u0131ndan temel bir fark yarat\u0131r.  <\/p>\n<p><strong>Deniz i\u011fdesi meyve ya\u011f\u0131 \u015feffaf, koyu turuncu renkte ve yo\u011fun k\u0131vaml\u0131d\u0131r<\/strong>. Karotenoidler, deniz i\u011fdesi meyvesine kendine \u00f6zg\u00fc turuncu-k\u0131rm\u0131z\u0131 rengini veren pigmentlerdir ve bu bile\u015fikler, preslenmi\u015f ya\u011fda \u00f6nemli miktarlarda bulunur. Deniz i\u011fdesi meyve ya\u011f\u0131nda bulunan ba\u015fl\u0131ca karotenoidler beta-karoten, zeaksantin ve likopendir.  <\/p>\n<p>Ya\u011f, ac\u0131ms\u0131 bir nota ile karakteristik, ham bir tada sahiptir, istenmeyen kokular i\u00e7ermez.<\/p>\n<h3>Deniz i\u011fdesi meyve ya\u011f\u0131m\u0131z, minimum 250 mg karotenoid y\u00fcksek konsantrasyonuna sahiptir. <\/h3>\n<p><img decoding=\"async\" class=\"size-full wp-image-4159 alignright\" src=\"https:\/\/naturalpoland.com\/wp-content\/uploads\/olej-z-owocu-rokitnika-brokat.jpg\" alt=\"deniz i\u011fdesi meyve ya\u011f\u0131 toptan\" width=\"163\" height=\"143\">Deniz i\u011fdesi ya\u011f\u0131, bu bitkinin meyvelerinden elde edilir. Bu \u00fcr\u00fcn preslenmi\u015f ve rafine edilmemi\u015ftir, bu sayede bir\u00e7ok do\u011fal, sa\u011fl\u0131\u011f\u0131 destekleyici \u00f6zelli\u011fini korur. Deniz i\u011fdesi meyve ya\u011f\u0131, y\u00fcksek miktarda doymam\u0131\u015f ya\u011flar, \u00f6zellikle oleopalmitik asit, ayr\u0131ca C vitamini, riboflavinler, A, E ve B12 vitaminleri a\u00e7\u0131s\u0131ndan zengindir. \u0130\u00e7eri\u011finde selenyum, demir, bak\u0131r, fosfor ve magnezyum gibi mikro elementler bulunur. Organik deniz i\u011fdesi ya\u011f\u0131, sindirim sistemi iltihaplar\u0131n\u0131 \u00f6nler, mide rahats\u0131zl\u0131klar\u0131n\u0131 azalt\u0131r, cildi m\u00fckemmel \u015fekilde nemlendirir ve ya\u015flanmas\u0131n\u0131 engeller.    <\/p>\n<h2>Sa\u011fl\u0131k faydalar\u0131:<\/h2>\n<ol>\n<li>Epidermisin yenilenmesine yard\u0131mc\u0131 olur, yara iyile\u015fmesini destekler ve cildi serbest radikallerin etkilerinden korur.<\/li>\n<li>Tahri\u015fleri yat\u0131\u015ft\u0131r\u0131r, ciltteki k\u0131zar\u0131kl\u0131klar\u0131 ve iltihaplar\u0131 azalt\u0131r; ayr\u0131ca sorunlu, kuru ve olgun ciltlerin bak\u0131m\u0131nda kullan\u0131labilir.<\/li>\n<li>Ba\u011f\u0131\u015f\u0131kl\u0131k sistemini olumlu y\u00f6nde etkiler, v\u00fccudun oksidatif strese kar\u015f\u0131 korunmas\u0131na yard\u0131mc\u0131 olur.<\/li>\n<\/ol>\n<h2>Kullan\u0131m:<\/h2>\n<p>Kozmetikte deniz i\u011fdesi ya\u011f\u0131 do\u011frudan cilde veya kozmetik \u00fcr\u00fcnlere katk\u0131 maddesi olarak uygulanabilir.<\/p>\n<p>Besin takviyelerinde, sindirim ve ba\u011f\u0131\u015f\u0131kl\u0131k sistemlerinin d\u00fczg\u00fcn \u00e7al\u0131\u015fmas\u0131n\u0131 destekler.<\/p>\n<p>G\u0131da end\u00fcstrisinde, de\u011ferli besin maddeleri sa\u011flayan bir yemeklik ya\u011f olarak kullan\u0131labilir. \u00d6zg\u00fcn tad\u0131 nedeniyle, salatalara ve soslara k\u00fc\u00e7\u00fck miktarlarda ek olarak en iyi \u015fekilde kullan\u0131l\u0131r. <\/p>\n<h4><\/h4>\n","protected":false},"excerpt":{"rendered":"<p>Deniz \u0130\u011fdesi Ya\u011f\u0131 (Sea Buckthorn Oil), deniz i\u011fdesi meyvelerinden elde edilen do\u011fal, so\u011fuk preslenmi\u015f bir bitkisel ya\u011fd\u0131r.<\/p>\n<p>Biz, <strong>\u00e7ok y\u00fcksek <a href=\"https:\/\/naturalpoland.com\/artykuly\/produkty-naturalne\/karotenoidy-skladniki-ktore-nadaja-olejowi-z-rokitnika-jego-charakterystyczny-blysk\/\">karotenoid<\/a> konsantrasyonuna sahip<\/strong> bu do\u011fal ya\u011f\u0131n toptan distrib\u00fct\u00f6r\u00fcy\u00fcz. \u00dcr\u00fcn yelpazemizdeki ya\u011f, minimum 250 mg\/100 g karotenoid i\u00e7erirken, piyasadaki di\u011fer deniz i\u011fdesi ya\u011flar\u0131nda bu oran 180 mg\/100 g&#8217;d\u0131r. Bu kadar y\u00fcksek bile\u015fik i\u00e7eri\u011fi, ya\u011f\u0131m\u0131z\u0131n &#8220;parlamas\u0131na&#8221; neden olur; karotenoidler ya\u011fda kristalle\u015ferek yanard\u00f6ner, hatta &#8220;\u0131\u015f\u0131lt\u0131l\u0131&#8221; bir etki yarat\u0131r.  <\/p>\n<h4><strong>Mevcut miktarlar: 20 kg&#8217;dan itibaren<\/strong><\/h4>\n","protected":false},"featured_media":47627,"template":"","meta":{"_acf_changed":false},"product_brand":[],"product_cat":[9551,9532,9571],"product_tag":[],"class_list":{"0":"post-47626","1":"product","2":"type-product","3":"status-publish","4":"has-post-thumbnail","6":"product_cat-kozmetik-yaglari","7":"product_cat-gida-ve-kozmetik-yaglari","8":"product_cat-gida-yaglari","10":"first","11":"instock","12":"shipping-taxable","13":"product-type-simple"},"acf":[],"yoast_head":"<!-- This site is optimized with the Yoast SEO plugin v27.4 - https:\/\/yoast.com\/product\/yoast-seo-wordpress\/ -->\n<title>Deniz \u0130\u011fdesi Meyve Ya\u011f\u0131 - NATURAL POLAND - Hurtowy Dystrybutor Surowc\u00f3w<\/title>\n<meta name=\"description\" content=\"Deniz \u0130\u011fdesi Ya\u011f\u0131 (Sea Buckthorn Oil), g\u00fcnl\u00fck bak\u0131mda ve sa\u011fl\u0131kl\u0131 beslenmede do\u011fal \u00e7\u00f6z\u00fcmler arayan ki\u015filere \u00f6zel olarak sunulmaktad\u0131r.\" \/>\n<meta name=\"robots\" content=\"index, follow, max-snippet:-1, max-image-preview:large, max-video-preview:-1\" \/>\n<link rel=\"canonical\" href=\"https:\/\/naturalpoland.com\/tr\/urunler\/gida-hammaddeleri\/gida-yaglari\/deniz-igdesi-meyve-yagi\/\" \/>\n<meta property=\"og:locale\" content=\"tr_TR\" \/>\n<meta property=\"og:type\" content=\"article\" \/>\n<meta property=\"og:title\" content=\"Deniz \u0130\u011fdesi Meyve Ya\u011f\u0131 - NATURAL POLAND - Hurtowy Dystrybutor Surowc\u00f3w\" \/>\n<meta property=\"og:description\" content=\"Deniz \u0130\u011fdesi Ya\u011f\u0131 (Sea Buckthorn Oil), g\u00fcnl\u00fck bak\u0131mda ve sa\u011fl\u0131kl\u0131 beslenmede do\u011fal \u00e7\u00f6z\u00fcmler arayan ki\u015filere \u00f6zel olarak sunulmaktad\u0131r.\" \/>\n<meta property=\"og:url\" content=\"https:\/\/naturalpoland.com\/tr\/urunler\/gida-hammaddeleri\/gida-yaglari\/deniz-igdesi-meyve-yagi\/\" \/>\n<meta property=\"og:site_name\" content=\"NATURAL POLAND - Hurtowy Dystrybutor Surowc\u00f3w\" \/>\n<meta property=\"article:publisher\" content=\"https:\/\/www.facebook.com\/naturalpoland.b2b\" \/>\n<meta property=\"article:modified_time\" content=\"2026-04-24T11:31:32+00:00\" \/>\n<meta property=\"og:image\" content=\"https:\/\/naturalpoland.com\/wp-content\/uploads\/2021\/05\/olej-z-owocu-rokitnika.jpg\" \/>\n\t<meta property=\"og:image:width\" content=\"800\" \/>\n\t<meta property=\"og:image:height\" content=\"800\" \/>\n\t<meta property=\"og:image:type\" content=\"image\/jpeg\" \/>\n<script type=\"application\/ld+json\" class=\"yoast-schema-graph\">{\"@context\":\"https:\\\/\\\/schema.org\",\"@graph\":[{\"@type\":\"WebPage\",\"@id\":\"https:\\\/\\\/naturalpoland.com\\\/tr\\\/urunler\\\/gida-hammaddeleri\\\/gida-yaglari\\\/deniz-igdesi-meyve-yagi\\\/\",\"url\":\"https:\\\/\\\/naturalpoland.com\\\/tr\\\/urunler\\\/gida-hammaddeleri\\\/gida-yaglari\\\/deniz-igdesi-meyve-yagi\\\/\",\"name\":\"Deniz \u0130\u011fdesi Meyve Ya\u011f\u0131 - NATURAL POLAND - Hurtowy Dystrybutor Surowc\u00f3w\",\"isPartOf\":{\"@id\":\"https:\\\/\\\/naturalpoland.com\\\/tr\\\/#website\"},\"primaryImageOfPage\":{\"@id\":\"https:\\\/\\\/naturalpoland.com\\\/tr\\\/urunler\\\/gida-hammaddeleri\\\/gida-yaglari\\\/deniz-igdesi-meyve-yagi\\\/#primaryimage\"},\"image\":{\"@id\":\"https:\\\/\\\/naturalpoland.com\\\/tr\\\/urunler\\\/gida-hammaddeleri\\\/gida-yaglari\\\/deniz-igdesi-meyve-yagi\\\/#primaryimage\"},\"thumbnailUrl\":\"https:\\\/\\\/naturalpoland.com\\\/wp-content\\\/uploads\\\/2021\\\/05\\\/olej-z-owocu-rokitnika.jpg\",\"datePublished\":\"2021-05-11T11:52:09+00:00\",\"dateModified\":\"2026-04-24T11:31:32+00:00\",\"description\":\"Deniz \u0130\u011fdesi Ya\u011f\u0131 (Sea Buckthorn Oil), g\u00fcnl\u00fck bak\u0131mda ve sa\u011fl\u0131kl\u0131 beslenmede do\u011fal \u00e7\u00f6z\u00fcmler arayan ki\u015filere \u00f6zel olarak sunulmaktad\u0131r.\",\"breadcrumb\":{\"@id\":\"https:\\\/\\\/naturalpoland.com\\\/tr\\\/urunler\\\/gida-hammaddeleri\\\/gida-yaglari\\\/deniz-igdesi-meyve-yagi\\\/#breadcrumb\"},\"inLanguage\":\"tr\",\"potentialAction\":[{\"@type\":\"ReadAction\",\"target\":[\"https:\\\/\\\/naturalpoland.com\\\/tr\\\/urunler\\\/gida-hammaddeleri\\\/gida-yaglari\\\/deniz-igdesi-meyve-yagi\\\/\"]}]},{\"@type\":\"ImageObject\",\"inLanguage\":\"tr\",\"@id\":\"https:\\\/\\\/naturalpoland.com\\\/tr\\\/urunler\\\/gida-hammaddeleri\\\/gida-yaglari\\\/deniz-igdesi-meyve-yagi\\\/#primaryimage\",\"url\":\"https:\\\/\\\/naturalpoland.com\\\/wp-content\\\/uploads\\\/2021\\\/05\\\/olej-z-owocu-rokitnika.jpg\",\"contentUrl\":\"https:\\\/\\\/naturalpoland.com\\\/wp-content\\\/uploads\\\/2021\\\/05\\\/olej-z-owocu-rokitnika.jpg\",\"width\":800,\"height\":800,\"caption\":\"Deniz \u0130\u011fdesi Meyve Ya\u011f\u0131\"},{\"@type\":\"BreadcrumbList\",\"@id\":\"https:\\\/\\\/naturalpoland.com\\\/tr\\\/urunler\\\/gida-hammaddeleri\\\/gida-yaglari\\\/deniz-igdesi-meyve-yagi\\\/#breadcrumb\",\"itemListElement\":[{\"@type\":\"ListItem\",\"position\":1,\"name\":\"Ana Sayfa\",\"item\":\"https:\\\/\\\/naturalpoland.com\\\/tr\\\/\"},{\"@type\":\"ListItem\",\"position\":2,\"name\":\"\u00dcr\u00fcnler\",\"item\":\"https:\\\/\\\/naturalpoland.com\\\/tr\\\/urunler\\\/\"},{\"@type\":\"ListItem\",\"position\":3,\"name\":\"Deniz \u0130\u011fdesi Meyve Ya\u011f\u0131\"}]},{\"@type\":\"WebSite\",\"@id\":\"https:\\\/\\\/naturalpoland.com\\\/tr\\\/#website\",\"url\":\"https:\\\/\\\/naturalpoland.com\\\/tr\\\/\",\"name\":\"NATURAL POLAND - Hurtowy Dystrybutor Surowc\u00f3w\",\"description\":\"Surowce dla przemys\u0142u spo\u017cywczego, kosmetycznego i farmaceutycznego\",\"publisher\":{\"@id\":\"https:\\\/\\\/naturalpoland.com\\\/tr\\\/#organization\"},\"potentialAction\":[{\"@type\":\"SearchAction\",\"target\":{\"@type\":\"EntryPoint\",\"urlTemplate\":\"https:\\\/\\\/naturalpoland.com\\\/tr\\\/?s={search_term_string}\"},\"query-input\":{\"@type\":\"PropertyValueSpecification\",\"valueRequired\":true,\"valueName\":\"search_term_string\"}}],\"inLanguage\":\"tr\"},{\"@type\":\"Organization\",\"@id\":\"https:\\\/\\\/naturalpoland.com\\\/tr\\\/#organization\",\"name\":\"Natural Poland\",\"url\":\"https:\\\/\\\/naturalpoland.com\\\/tr\\\/\",\"logo\":{\"@type\":\"ImageObject\",\"inLanguage\":\"tr\",\"@id\":\"https:\\\/\\\/naturalpoland.com\\\/tr\\\/#\\\/schema\\\/logo\\\/image\\\/\",\"url\":\"https:\\\/\\\/naturalpoland.com\\\/wp-content\\\/uploads\\\/2021\\\/05\\\/natural-poland-icon.png\",\"contentUrl\":\"https:\\\/\\\/naturalpoland.com\\\/wp-content\\\/uploads\\\/2021\\\/05\\\/natural-poland-icon.png\",\"width\":512,\"height\":512,\"caption\":\"Natural Poland\"},\"image\":{\"@id\":\"https:\\\/\\\/naturalpoland.com\\\/tr\\\/#\\\/schema\\\/logo\\\/image\\\/\"},\"sameAs\":[\"https:\\\/\\\/www.facebook.com\\\/naturalpoland.b2b\",\"https:\\\/\\\/pl.linkedin.com\\\/company\\\/natural-poland\",\"https:\\\/\\\/www.youtube.com\\\/channel\\\/UCgeGGkvOMahZo-xu_MSEWxg\"]}]}<\/script>\n<!-- \/ Yoast SEO plugin. -->","yoast_head_json":{"title":"Deniz \u0130\u011fdesi Meyve Ya\u011f\u0131 - NATURAL POLAND - Hurtowy Dystrybutor Surowc\u00f3w","description":"Deniz \u0130\u011fdesi Ya\u011f\u0131 (Sea Buckthorn Oil), g\u00fcnl\u00fck bak\u0131mda ve sa\u011fl\u0131kl\u0131 beslenmede do\u011fal \u00e7\u00f6z\u00fcmler arayan ki\u015filere \u00f6zel olarak sunulmaktad\u0131r.","robots":{"index":"index","follow":"follow","max-snippet":"max-snippet:-1","max-image-preview":"max-image-preview:large","max-video-preview":"max-video-preview:-1"},"canonical":"https:\/\/naturalpoland.com\/tr\/urunler\/gida-hammaddeleri\/gida-yaglari\/deniz-igdesi-meyve-yagi\/","og_locale":"tr_TR","og_type":"article","og_title":"Deniz \u0130\u011fdesi Meyve Ya\u011f\u0131 - NATURAL POLAND - Hurtowy Dystrybutor Surowc\u00f3w","og_description":"Deniz \u0130\u011fdesi Ya\u011f\u0131 (Sea Buckthorn Oil), g\u00fcnl\u00fck bak\u0131mda ve sa\u011fl\u0131kl\u0131 beslenmede do\u011fal \u00e7\u00f6z\u00fcmler arayan ki\u015filere \u00f6zel olarak sunulmaktad\u0131r.","og_url":"https:\/\/naturalpoland.com\/tr\/urunler\/gida-hammaddeleri\/gida-yaglari\/deniz-igdesi-meyve-yagi\/","og_site_name":"NATURAL POLAND - Hurtowy Dystrybutor Surowc\u00f3w","article_publisher":"https:\/\/www.facebook.com\/naturalpoland.b2b","article_modified_time":"2026-04-24T11:31:32+00:00","og_image":[{"width":800,"height":800,"url":"https:\/\/naturalpoland.com\/wp-content\/uploads\/2021\/05\/olej-z-owocu-rokitnika.jpg","type":"image\/jpeg"}],"schema":{"@context":"https:\/\/schema.org","@graph":[{"@type":"WebPage","@id":"https:\/\/naturalpoland.com\/tr\/urunler\/gida-hammaddeleri\/gida-yaglari\/deniz-igdesi-meyve-yagi\/","url":"https:\/\/naturalpoland.com\/tr\/urunler\/gida-hammaddeleri\/gida-yaglari\/deniz-igdesi-meyve-yagi\/","name":"Deniz \u0130\u011fdesi Meyve Ya\u011f\u0131 - NATURAL POLAND - Hurtowy Dystrybutor Surowc\u00f3w","isPartOf":{"@id":"https:\/\/naturalpoland.com\/tr\/#website"},"primaryImageOfPage":{"@id":"https:\/\/naturalpoland.com\/tr\/urunler\/gida-hammaddeleri\/gida-yaglari\/deniz-igdesi-meyve-yagi\/#primaryimage"},"image":{"@id":"https:\/\/naturalpoland.com\/tr\/urunler\/gida-hammaddeleri\/gida-yaglari\/deniz-igdesi-meyve-yagi\/#primaryimage"},"thumbnailUrl":"https:\/\/naturalpoland.com\/wp-content\/uploads\/2021\/05\/olej-z-owocu-rokitnika.jpg","datePublished":"2021-05-11T11:52:09+00:00","dateModified":"2026-04-24T11:31:32+00:00","description":"Deniz \u0130\u011fdesi Ya\u011f\u0131 (Sea Buckthorn Oil), g\u00fcnl\u00fck bak\u0131mda ve sa\u011fl\u0131kl\u0131 beslenmede do\u011fal \u00e7\u00f6z\u00fcmler arayan ki\u015filere \u00f6zel olarak sunulmaktad\u0131r.","breadcrumb":{"@id":"https:\/\/naturalpoland.com\/tr\/urunler\/gida-hammaddeleri\/gida-yaglari\/deniz-igdesi-meyve-yagi\/#breadcrumb"},"inLanguage":"tr","potentialAction":[{"@type":"ReadAction","target":["https:\/\/naturalpoland.com\/tr\/urunler\/gida-hammaddeleri\/gida-yaglari\/deniz-igdesi-meyve-yagi\/"]}]},{"@type":"ImageObject","inLanguage":"tr","@id":"https:\/\/naturalpoland.com\/tr\/urunler\/gida-hammaddeleri\/gida-yaglari\/deniz-igdesi-meyve-yagi\/#primaryimage","url":"https:\/\/naturalpoland.com\/wp-content\/uploads\/2021\/05\/olej-z-owocu-rokitnika.jpg","contentUrl":"https:\/\/naturalpoland.com\/wp-content\/uploads\/2021\/05\/olej-z-owocu-rokitnika.jpg","width":800,"height":800,"caption":"Deniz \u0130\u011fdesi Meyve Ya\u011f\u0131"},{"@type":"BreadcrumbList","@id":"https:\/\/naturalpoland.com\/tr\/urunler\/gida-hammaddeleri\/gida-yaglari\/deniz-igdesi-meyve-yagi\/#breadcrumb","itemListElement":[{"@type":"ListItem","position":1,"name":"Ana Sayfa","item":"https:\/\/naturalpoland.com\/tr\/"},{"@type":"ListItem","position":2,"name":"\u00dcr\u00fcnler","item":"https:\/\/naturalpoland.com\/tr\/urunler\/"},{"@type":"ListItem","position":3,"name":"Deniz \u0130\u011fdesi Meyve Ya\u011f\u0131"}]},{"@type":"WebSite","@id":"https:\/\/naturalpoland.com\/tr\/#website","url":"https:\/\/naturalpoland.com\/tr\/","name":"NATURAL POLAND - Hurtowy Dystrybutor Surowc\u00f3w","description":"Surowce dla przemys\u0142u spo\u017cywczego, kosmetycznego i farmaceutycznego","publisher":{"@id":"https:\/\/naturalpoland.com\/tr\/#organization"},"potentialAction":[{"@type":"SearchAction","target":{"@type":"EntryPoint","urlTemplate":"https:\/\/naturalpoland.com\/tr\/?s={search_term_string}"},"query-input":{"@type":"PropertyValueSpecification","valueRequired":true,"valueName":"search_term_string"}}],"inLanguage":"tr"},{"@type":"Organization","@id":"https:\/\/naturalpoland.com\/tr\/#organization","name":"Natural Poland","url":"https:\/\/naturalpoland.com\/tr\/","logo":{"@type":"ImageObject","inLanguage":"tr","@id":"https:\/\/naturalpoland.com\/tr\/#\/schema\/logo\/image\/","url":"https:\/\/naturalpoland.com\/wp-content\/uploads\/2021\/05\/natural-poland-icon.png","contentUrl":"https:\/\/naturalpoland.com\/wp-content\/uploads\/2021\/05\/natural-poland-icon.png","width":512,"height":512,"caption":"Natural Poland"},"image":{"@id":"https:\/\/naturalpoland.com\/tr\/#\/schema\/logo\/image\/"},"sameAs":["https:\/\/www.facebook.com\/naturalpoland.b2b","https:\/\/pl.linkedin.com\/company\/natural-poland","https:\/\/www.youtube.com\/channel\/UCgeGGkvOMahZo-xu_MSEWxg"]}]}},"_links":{"self":[{"href":"https:\/\/naturalpoland.com\/tr\/wp-json\/wp\/v2\/product\/47626","targetHints":{"allow":["GET"]}}],"collection":[{"href":"https:\/\/naturalpoland.com\/tr\/wp-json\/wp\/v2\/product"}],"about":[{"href":"https:\/\/naturalpoland.com\/tr\/wp-json\/wp\/v2\/types\/product"}],"wp:featuredmedia":[{"embeddable":true,"href":"https:\/\/naturalpoland.com\/tr\/wp-json\/wp\/v2\/media\/47627"}],"wp:attachment":[{"href":"https:\/\/naturalpoland.com\/tr\/wp-json\/wp\/v2\/media?parent=47626"}],"wp:term":[{"taxonomy":"product_brand","embeddable":true,"href":"https:\/\/naturalpoland.com\/tr\/wp-json\/wp\/v2\/product_brand?post=47626"},{"taxonomy":"product_cat","embeddable":true,"href":"https:\/\/naturalpoland.com\/tr\/wp-json\/wp\/v2\/product_cat?post=47626"},{"taxonomy":"product_tag","embeddable":true,"href":"https:\/\/naturalpoland.com\/tr\/wp-json\/wp\/v2\/product_tag?post=47626"}],"curies":[{"name":"wp","href":"https:\/\/api.w.org\/{rel}","templated":true}]}}