{"id":47630,"date":"2024-07-09T13:28:18","date_gmt":"2024-07-09T11:28:18","guid":{"rendered":"https:\/\/naturalpoland.com\/produkty\/kategorilenmemis\/deniz-igdesi-tohumu-ekstrakti\/"},"modified":"2026-04-24T13:31:39","modified_gmt":"2026-04-24T11:31:39","slug":"deniz-igdesi-tohumu-ekstrakti","status":"publish","type":"product","link":"https:\/\/naturalpoland.com\/tr\/urunler\/bitkisel-ekstraktlar\/deniz-igdesi-tohumu-ekstrakti\/","title":{"rendered":"Deniz \u0130\u011fdesi Tohumu Ekstrakt\u0131"},"content":{"rendered":"<h2>CO2 Ekstrakt\u0131<\/h2>\n<p>\u00dcr\u00fcn yelpazemizde organik deniz i\u011fdesi tohumu CO2 ekstrakt\u0131 bulunmaktad\u0131r. S\u00fcperkritik CO2 ekstraksiyon tekni\u011fi, geleneksel \u00e7\u00f6z\u00fcc\u00fcler kullan\u0131lmadan y\u00fcksek konsantrasyonlu ekstraktlar elde edilmesini sa\u011flar. Bu s\u00fcre\u00e7, deniz i\u011fdesinin biyoaktif bile\u015fenlerinin safl\u0131\u011f\u0131n\u0131 ve maksimum aktivitesini garanti eder. 1 kg ekstrakt elde etmek i\u00e7in 11 ila 17 kg kurutulmu\u015f tohuma ihtiya\u00e7 duyulmas\u0131, \u00fcr\u00fcn\u00fcn yo\u011funlu\u011funu ve de\u011ferini g\u00f6stermektedir.   <\/p>\n<h2>\u00d6z\u00fct\u00fcn \u00f6zellikleri<\/h2>\n<p>Deniz i\u011fdesi ekstrakt\u0131, a\u015fa\u011f\u0131daki gibi y\u00fcksek oranda ya\u011f asitleri i\u00e7erir:<\/p>\n<ul>\n<li>Linoleik (Omega-6) \u2013 %40,7<\/li>\n<li>Alfa-linolenik (Omega-3) \u2013 %28,4<\/li>\n<li>Oleik (Omega-9) \u2013 %18,1<\/li>\n<\/ul>\n<p>Bu ya\u011f asitleri, cildin koruyucu bariyerini s\u00fcrd\u00fcrmek, nemlenmeyi d\u00fczenlemek ve elastikiyetini sa\u011flamak i\u00e7in hayati \u00f6neme sahiptir. Ayr\u0131ca, ekstrakt tokoferoller (E vitamini) ve <a href=\"https:\/\/naturalpoland.com\/artykuly\/produkty-naturalne\/karotenoidy-skladniki-ktore-nadaja-olejowi-z-rokitnika-jego-charakterystyczny-blysk\/\">karotenoidler<\/a> i\u00e7erir; bunlar cildi erken ya\u015flanmaya kar\u015f\u0131 koruyan g\u00fc\u00e7l\u00fc antioksidan \u00f6zellikler sunar. <\/p>\n<h2>Kozmetikteki uygulamalar\u0131<\/h2>\n<p>Yenileyici ve besleyici \u00f6zellikleri sayesinde, deniz i\u011fdesi tohumu ekstrakt\u0131, kuru, olgun ve hasarl\u0131 ciltler i\u00e7in krem, serum ve losyonlarda ideal bir bile\u015fendir. K\u0131r\u0131\u015f\u0131kl\u0131klar\u0131n azalt\u0131lmas\u0131na yard\u0131mc\u0131 olur, cilt s\u0131k\u0131l\u0131\u011f\u0131n\u0131 art\u0131r\u0131r ve k\u00fc\u00e7\u00fck yaralar\u0131n ve tahri\u015flerin iyile\u015fmesini destekler. <\/p>\n<h2>Takviyede Kullan\u0131m\u0131<\/h2>\n<p>Bir besin takviyesi olarak, deniz i\u011fdesi ekstrakt\u0131, anti-inflamatuar ve yenileyici \u00f6zellikleri sayesinde kardiyovask\u00fcler sa\u011fl\u0131\u011f\u0131 destekleyebilir, ba\u011f\u0131\u015f\u0131kl\u0131k sistemini g\u00fc\u00e7lendirebilir ve cilt, sa\u00e7 ve t\u0131rnaklar\u0131n genel durumunu iyile\u015ftirebilir.<\/p>\n<p>&nbsp;<\/p>\n","protected":false},"excerpt":{"rendered":"<p>Kurutulmu\u015f deniz i\u011fdesi (<em>Hippophae rhamnoides<\/em>) tohumlar\u0131ndan elde edilen deniz i\u011fdesi tohumu ekstrakt\u0131, y\u00fcksek oranda esansiyel doymam\u0131\u015f ya\u011f asitleri, antioksidanlar ve di\u011fer biyoaktif bile\u015fikler i\u00e7ermesiyle bilinir. <\/p>\n","protected":false},"featured_media":47631,"template":"","meta":{"_acf_changed":false},"product_brand":[],"product_cat":[9531],"product_tag":[],"class_list":{"0":"post-47630","1":"product","2":"type-product","3":"status-publish","4":"has-post-thumbnail","6":"product_cat-bitkisel-ekstraktlar","8":"first","9":"instock","10":"shipping-taxable","11":"product-type-simple"},"acf":[],"yoast_head":"<!-- This site is optimized with the Yoast SEO plugin v27.4 - https:\/\/yoast.com\/product\/yoast-seo-wordpress\/ -->\n<title>Deniz \u0130\u011fdesi Tohumu Ekstrakt\u0131 - NATURAL POLAND - Hurtowy Dystrybutor Surowc\u00f3w<\/title>\n<meta name=\"description\" content=\"Deniz \u0130\u011fdesi Tohumu Ekstrakt\u0131, sa\u011fl\u0131k ve g\u00fczellik i\u00e7in \u00f6nemli faydalar sunan, do\u011fal besin maddeleri a\u00e7\u0131s\u0131ndan son derece zengin bir kaynakt\u0131r.\" \/>\n<meta name=\"robots\" content=\"index, follow, max-snippet:-1, max-image-preview:large, max-video-preview:-1\" \/>\n<link rel=\"canonical\" href=\"https:\/\/naturalpoland.com\/tr\/urunler\/bitkisel-ekstraktlar\/deniz-igdesi-tohumu-ekstrakti\/\" \/>\n<meta property=\"og:locale\" content=\"tr_TR\" \/>\n<meta property=\"og:type\" content=\"article\" \/>\n<meta property=\"og:title\" content=\"Deniz \u0130\u011fdesi Tohumu Ekstrakt\u0131 - NATURAL POLAND - Hurtowy Dystrybutor Surowc\u00f3w\" \/>\n<meta property=\"og:description\" content=\"Deniz \u0130\u011fdesi Tohumu Ekstrakt\u0131, sa\u011fl\u0131k ve g\u00fczellik i\u00e7in \u00f6nemli faydalar sunan, do\u011fal besin maddeleri a\u00e7\u0131s\u0131ndan son derece zengin bir kaynakt\u0131r.\" \/>\n<meta property=\"og:url\" content=\"https:\/\/naturalpoland.com\/tr\/urunler\/bitkisel-ekstraktlar\/deniz-igdesi-tohumu-ekstrakti\/\" \/>\n<meta property=\"og:site_name\" content=\"NATURAL POLAND - Hurtowy Dystrybutor Surowc\u00f3w\" \/>\n<meta property=\"article:publisher\" content=\"https:\/\/www.facebook.com\/naturalpoland.b2b\" \/>\n<meta property=\"article:modified_time\" content=\"2026-04-24T11:31:39+00:00\" \/>\n<meta property=\"og:image\" content=\"https:\/\/naturalpoland.com\/wp-content\/uploads\/ekstrakt-z-rokitnika.webp\" \/>\n\t<meta property=\"og:image:width\" content=\"615\" \/>\n\t<meta property=\"og:image:height\" content=\"615\" \/>\n\t<meta property=\"og:image:type\" content=\"image\/webp\" \/>\n<script type=\"application\/ld+json\" class=\"yoast-schema-graph\">{\"@context\":\"https:\\\/\\\/schema.org\",\"@graph\":[{\"@type\":\"WebPage\",\"@id\":\"https:\\\/\\\/naturalpoland.com\\\/tr\\\/urunler\\\/bitkisel-ekstraktlar\\\/deniz-igdesi-tohumu-ekstrakti\\\/\",\"url\":\"https:\\\/\\\/naturalpoland.com\\\/tr\\\/urunler\\\/bitkisel-ekstraktlar\\\/deniz-igdesi-tohumu-ekstrakti\\\/\",\"name\":\"Deniz \u0130\u011fdesi Tohumu Ekstrakt\u0131 - NATURAL POLAND - Hurtowy Dystrybutor Surowc\u00f3w\",\"isPartOf\":{\"@id\":\"https:\\\/\\\/naturalpoland.com\\\/tr\\\/#website\"},\"primaryImageOfPage\":{\"@id\":\"https:\\\/\\\/naturalpoland.com\\\/tr\\\/urunler\\\/bitkisel-ekstraktlar\\\/deniz-igdesi-tohumu-ekstrakti\\\/#primaryimage\"},\"image\":{\"@id\":\"https:\\\/\\\/naturalpoland.com\\\/tr\\\/urunler\\\/bitkisel-ekstraktlar\\\/deniz-igdesi-tohumu-ekstrakti\\\/#primaryimage\"},\"thumbnailUrl\":\"https:\\\/\\\/naturalpoland.com\\\/wp-content\\\/uploads\\\/ekstrakt-z-rokitnika.webp\",\"datePublished\":\"2024-07-09T11:28:18+00:00\",\"dateModified\":\"2026-04-24T11:31:39+00:00\",\"description\":\"Deniz \u0130\u011fdesi Tohumu Ekstrakt\u0131, sa\u011fl\u0131k ve g\u00fczellik i\u00e7in \u00f6nemli faydalar sunan, do\u011fal besin maddeleri a\u00e7\u0131s\u0131ndan son derece zengin bir kaynakt\u0131r.\",\"breadcrumb\":{\"@id\":\"https:\\\/\\\/naturalpoland.com\\\/tr\\\/urunler\\\/bitkisel-ekstraktlar\\\/deniz-igdesi-tohumu-ekstrakti\\\/#breadcrumb\"},\"inLanguage\":\"tr\",\"potentialAction\":[{\"@type\":\"ReadAction\",\"target\":[\"https:\\\/\\\/naturalpoland.com\\\/tr\\\/urunler\\\/bitkisel-ekstraktlar\\\/deniz-igdesi-tohumu-ekstrakti\\\/\"]}]},{\"@type\":\"ImageObject\",\"inLanguage\":\"tr\",\"@id\":\"https:\\\/\\\/naturalpoland.com\\\/tr\\\/urunler\\\/bitkisel-ekstraktlar\\\/deniz-igdesi-tohumu-ekstrakti\\\/#primaryimage\",\"url\":\"https:\\\/\\\/naturalpoland.com\\\/wp-content\\\/uploads\\\/ekstrakt-z-rokitnika.webp\",\"contentUrl\":\"https:\\\/\\\/naturalpoland.com\\\/wp-content\\\/uploads\\\/ekstrakt-z-rokitnika.webp\",\"width\":615,\"height\":615,\"caption\":\"deniz i\u011fdesi ekstrakt\u0131\"},{\"@type\":\"BreadcrumbList\",\"@id\":\"https:\\\/\\\/naturalpoland.com\\\/tr\\\/urunler\\\/bitkisel-ekstraktlar\\\/deniz-igdesi-tohumu-ekstrakti\\\/#breadcrumb\",\"itemListElement\":[{\"@type\":\"ListItem\",\"position\":1,\"name\":\"Ana Sayfa\",\"item\":\"https:\\\/\\\/naturalpoland.com\\\/tr\\\/\"},{\"@type\":\"ListItem\",\"position\":2,\"name\":\"\u00dcr\u00fcnler\",\"item\":\"https:\\\/\\\/naturalpoland.com\\\/tr\\\/urunler\\\/\"},{\"@type\":\"ListItem\",\"position\":3,\"name\":\"Deniz \u0130\u011fdesi Tohumu Ekstrakt\u0131\"}]},{\"@type\":\"WebSite\",\"@id\":\"https:\\\/\\\/naturalpoland.com\\\/tr\\\/#website\",\"url\":\"https:\\\/\\\/naturalpoland.com\\\/tr\\\/\",\"name\":\"NATURAL POLAND - Hurtowy Dystrybutor Surowc\u00f3w\",\"description\":\"Surowce dla przemys\u0142u spo\u017cywczego, kosmetycznego i farmaceutycznego\",\"publisher\":{\"@id\":\"https:\\\/\\\/naturalpoland.com\\\/tr\\\/#organization\"},\"potentialAction\":[{\"@type\":\"SearchAction\",\"target\":{\"@type\":\"EntryPoint\",\"urlTemplate\":\"https:\\\/\\\/naturalpoland.com\\\/tr\\\/?s={search_term_string}\"},\"query-input\":{\"@type\":\"PropertyValueSpecification\",\"valueRequired\":true,\"valueName\":\"search_term_string\"}}],\"inLanguage\":\"tr\"},{\"@type\":\"Organization\",\"@id\":\"https:\\\/\\\/naturalpoland.com\\\/tr\\\/#organization\",\"name\":\"Natural Poland\",\"url\":\"https:\\\/\\\/naturalpoland.com\\\/tr\\\/\",\"logo\":{\"@type\":\"ImageObject\",\"inLanguage\":\"tr\",\"@id\":\"https:\\\/\\\/naturalpoland.com\\\/tr\\\/#\\\/schema\\\/logo\\\/image\\\/\",\"url\":\"https:\\\/\\\/naturalpoland.com\\\/wp-content\\\/uploads\\\/2021\\\/05\\\/natural-poland-icon.png\",\"contentUrl\":\"https:\\\/\\\/naturalpoland.com\\\/wp-content\\\/uploads\\\/2021\\\/05\\\/natural-poland-icon.png\",\"width\":512,\"height\":512,\"caption\":\"Natural Poland\"},\"image\":{\"@id\":\"https:\\\/\\\/naturalpoland.com\\\/tr\\\/#\\\/schema\\\/logo\\\/image\\\/\"},\"sameAs\":[\"https:\\\/\\\/www.facebook.com\\\/naturalpoland.b2b\",\"https:\\\/\\\/pl.linkedin.com\\\/company\\\/natural-poland\",\"https:\\\/\\\/www.youtube.com\\\/channel\\\/UCgeGGkvOMahZo-xu_MSEWxg\"]}]}<\/script>\n<!-- \/ Yoast SEO plugin. -->","yoast_head_json":{"title":"Deniz \u0130\u011fdesi Tohumu Ekstrakt\u0131 - NATURAL POLAND - Hurtowy Dystrybutor Surowc\u00f3w","description":"Deniz \u0130\u011fdesi Tohumu Ekstrakt\u0131, sa\u011fl\u0131k ve g\u00fczellik i\u00e7in \u00f6nemli faydalar sunan, do\u011fal besin maddeleri a\u00e7\u0131s\u0131ndan son derece zengin bir kaynakt\u0131r.","robots":{"index":"index","follow":"follow","max-snippet":"max-snippet:-1","max-image-preview":"max-image-preview:large","max-video-preview":"max-video-preview:-1"},"canonical":"https:\/\/naturalpoland.com\/tr\/urunler\/bitkisel-ekstraktlar\/deniz-igdesi-tohumu-ekstrakti\/","og_locale":"tr_TR","og_type":"article","og_title":"Deniz \u0130\u011fdesi Tohumu Ekstrakt\u0131 - NATURAL POLAND - Hurtowy Dystrybutor Surowc\u00f3w","og_description":"Deniz \u0130\u011fdesi Tohumu Ekstrakt\u0131, sa\u011fl\u0131k ve g\u00fczellik i\u00e7in \u00f6nemli faydalar sunan, do\u011fal besin maddeleri a\u00e7\u0131s\u0131ndan son derece zengin bir kaynakt\u0131r.","og_url":"https:\/\/naturalpoland.com\/tr\/urunler\/bitkisel-ekstraktlar\/deniz-igdesi-tohumu-ekstrakti\/","og_site_name":"NATURAL POLAND - Hurtowy Dystrybutor Surowc\u00f3w","article_publisher":"https:\/\/www.facebook.com\/naturalpoland.b2b","article_modified_time":"2026-04-24T11:31:39+00:00","og_image":[{"width":615,"height":615,"url":"https:\/\/naturalpoland.com\/wp-content\/uploads\/ekstrakt-z-rokitnika.webp","type":"image\/webp"}],"schema":{"@context":"https:\/\/schema.org","@graph":[{"@type":"WebPage","@id":"https:\/\/naturalpoland.com\/tr\/urunler\/bitkisel-ekstraktlar\/deniz-igdesi-tohumu-ekstrakti\/","url":"https:\/\/naturalpoland.com\/tr\/urunler\/bitkisel-ekstraktlar\/deniz-igdesi-tohumu-ekstrakti\/","name":"Deniz \u0130\u011fdesi Tohumu Ekstrakt\u0131 - NATURAL POLAND - Hurtowy Dystrybutor Surowc\u00f3w","isPartOf":{"@id":"https:\/\/naturalpoland.com\/tr\/#website"},"primaryImageOfPage":{"@id":"https:\/\/naturalpoland.com\/tr\/urunler\/bitkisel-ekstraktlar\/deniz-igdesi-tohumu-ekstrakti\/#primaryimage"},"image":{"@id":"https:\/\/naturalpoland.com\/tr\/urunler\/bitkisel-ekstraktlar\/deniz-igdesi-tohumu-ekstrakti\/#primaryimage"},"thumbnailUrl":"https:\/\/naturalpoland.com\/wp-content\/uploads\/ekstrakt-z-rokitnika.webp","datePublished":"2024-07-09T11:28:18+00:00","dateModified":"2026-04-24T11:31:39+00:00","description":"Deniz \u0130\u011fdesi Tohumu Ekstrakt\u0131, sa\u011fl\u0131k ve g\u00fczellik i\u00e7in \u00f6nemli faydalar sunan, do\u011fal besin maddeleri a\u00e7\u0131s\u0131ndan son derece zengin bir kaynakt\u0131r.","breadcrumb":{"@id":"https:\/\/naturalpoland.com\/tr\/urunler\/bitkisel-ekstraktlar\/deniz-igdesi-tohumu-ekstrakti\/#breadcrumb"},"inLanguage":"tr","potentialAction":[{"@type":"ReadAction","target":["https:\/\/naturalpoland.com\/tr\/urunler\/bitkisel-ekstraktlar\/deniz-igdesi-tohumu-ekstrakti\/"]}]},{"@type":"ImageObject","inLanguage":"tr","@id":"https:\/\/naturalpoland.com\/tr\/urunler\/bitkisel-ekstraktlar\/deniz-igdesi-tohumu-ekstrakti\/#primaryimage","url":"https:\/\/naturalpoland.com\/wp-content\/uploads\/ekstrakt-z-rokitnika.webp","contentUrl":"https:\/\/naturalpoland.com\/wp-content\/uploads\/ekstrakt-z-rokitnika.webp","width":615,"height":615,"caption":"deniz i\u011fdesi ekstrakt\u0131"},{"@type":"BreadcrumbList","@id":"https:\/\/naturalpoland.com\/tr\/urunler\/bitkisel-ekstraktlar\/deniz-igdesi-tohumu-ekstrakti\/#breadcrumb","itemListElement":[{"@type":"ListItem","position":1,"name":"Ana Sayfa","item":"https:\/\/naturalpoland.com\/tr\/"},{"@type":"ListItem","position":2,"name":"\u00dcr\u00fcnler","item":"https:\/\/naturalpoland.com\/tr\/urunler\/"},{"@type":"ListItem","position":3,"name":"Deniz \u0130\u011fdesi Tohumu Ekstrakt\u0131"}]},{"@type":"WebSite","@id":"https:\/\/naturalpoland.com\/tr\/#website","url":"https:\/\/naturalpoland.com\/tr\/","name":"NATURAL POLAND - Hurtowy Dystrybutor Surowc\u00f3w","description":"Surowce dla przemys\u0142u spo\u017cywczego, kosmetycznego i farmaceutycznego","publisher":{"@id":"https:\/\/naturalpoland.com\/tr\/#organization"},"potentialAction":[{"@type":"SearchAction","target":{"@type":"EntryPoint","urlTemplate":"https:\/\/naturalpoland.com\/tr\/?s={search_term_string}"},"query-input":{"@type":"PropertyValueSpecification","valueRequired":true,"valueName":"search_term_string"}}],"inLanguage":"tr"},{"@type":"Organization","@id":"https:\/\/naturalpoland.com\/tr\/#organization","name":"Natural Poland","url":"https:\/\/naturalpoland.com\/tr\/","logo":{"@type":"ImageObject","inLanguage":"tr","@id":"https:\/\/naturalpoland.com\/tr\/#\/schema\/logo\/image\/","url":"https:\/\/naturalpoland.com\/wp-content\/uploads\/2021\/05\/natural-poland-icon.png","contentUrl":"https:\/\/naturalpoland.com\/wp-content\/uploads\/2021\/05\/natural-poland-icon.png","width":512,"height":512,"caption":"Natural Poland"},"image":{"@id":"https:\/\/naturalpoland.com\/tr\/#\/schema\/logo\/image\/"},"sameAs":["https:\/\/www.facebook.com\/naturalpoland.b2b","https:\/\/pl.linkedin.com\/company\/natural-poland","https:\/\/www.youtube.com\/channel\/UCgeGGkvOMahZo-xu_MSEWxg"]}]}},"_links":{"self":[{"href":"https:\/\/naturalpoland.com\/tr\/wp-json\/wp\/v2\/product\/47630","targetHints":{"allow":["GET"]}}],"collection":[{"href":"https:\/\/naturalpoland.com\/tr\/wp-json\/wp\/v2\/product"}],"about":[{"href":"https:\/\/naturalpoland.com\/tr\/wp-json\/wp\/v2\/types\/product"}],"wp:featuredmedia":[{"embeddable":true,"href":"https:\/\/naturalpoland.com\/tr\/wp-json\/wp\/v2\/media\/47631"}],"wp:attachment":[{"href":"https:\/\/naturalpoland.com\/tr\/wp-json\/wp\/v2\/media?parent=47630"}],"wp:term":[{"taxonomy":"product_brand","embeddable":true,"href":"https:\/\/naturalpoland.com\/tr\/wp-json\/wp\/v2\/product_brand?post=47630"},{"taxonomy":"product_cat","embeddable":true,"href":"https:\/\/naturalpoland.com\/tr\/wp-json\/wp\/v2\/product_cat?post=47630"},{"taxonomy":"product_tag","embeddable":true,"href":"https:\/\/naturalpoland.com\/tr\/wp-json\/wp\/v2\/product_tag?post=47630"}],"curies":[{"name":"wp","href":"https:\/\/api.w.org\/{rel}","templated":true}]}}