{"id":47952,"date":"2026-04-24T15:48:58","date_gmt":"2026-04-24T13:48:58","guid":{"rendered":"https:\/\/naturalpoland.com\/produkty\/kategorilenmemis\/frenk-uzumu-kuspesi\/"},"modified":"2026-04-28T11:46:57","modified_gmt":"2026-04-28T09:46:57","slug":"frenk-uzumu-kuspesi","status":"publish","type":"product","link":"https:\/\/naturalpoland.com\/tr\/urunler\/hayvanlar-icin-hammaddeler\/buyukbas-hayvan-yem-hammaddeleri\/frenk-uzumu-kuspesi\/","title":{"rendered":"Frenk \u00dcz\u00fcm\u00fc K\u00fcspesi"},"content":{"rendered":"<h2>\u00d6zellikler ve Etkileri:<\/h2>\n<p>Hammadde, do\u011fal lif fraksiyonlar\u0131n\u0131n ve <strong>bitkisel proteinler<\/strong> ve <strong>fenolik bile\u015fikler<\/strong> gibi besin maddesi kal\u0131nt\u0131lar\u0131n\u0131n varl\u0131\u011f\u0131 ile karakterize edilir. Pratikte bu, hayvanlar\u0131n sindirim sisteminin d\u00fczg\u00fcn \u00e7al\u0131\u015fmas\u0131n\u0131 destekleyen i\u015flevine d\u00f6n\u00fc\u015f\u00fcr. <\/p>\n<p><strong>Temel parametreler:<\/strong><\/p>\n<ul>\n<li>Protein: yakl. 13%<\/li>\n<li>Ham lif: yakl. 21%<\/li>\n<li>Nem: &lt; %13<\/li>\n<\/ul>\n<p>Y\u00fcksek lif i\u00e7eri\u011fi ba\u011f\u0131rsak peristaltizmini iyile\u015ftirir ve sindirim s\u00fcre\u00e7lerinin d\u00fczenlenmesini etkiler. Ayn\u0131 zamanda \u0131l\u0131ml\u0131 protein seviyesi, tamamlay\u0131c\u0131 bir beslenme bile\u015feni olarak kullan\u0131lmas\u0131na olanak tan\u0131r. <\/p>\n<p>Antosiyaninler ve polifenoller (frenk \u00fcz\u00fcm\u00fcne \u00f6zg\u00fc) gibi do\u011fal bitki bile\u015fiklerinin varl\u0131\u011f\u0131, ek bir fonksiyonel de\u011fer olu\u015fturabilir.<\/p>\n<h2>Kullan\u0131m:<\/h2>\n<p>Kurutulmu\u015f frenk \u00fcz\u00fcm\u00fc k\u00fcspesi \u015fu \u015fekilde kullan\u0131m alan\u0131 bulur:<\/p>\n<ul>\n<li>s\u0131\u011f\u0131r, domuz ve kanatl\u0131 hayvanlar i\u00e7in yem bile\u015feni,<\/li>\n<li>yem kar\u0131\u015f\u0131mlar\u0131nda lif i\u00e7eri\u011fini art\u0131ran katk\u0131 maddesi,<\/li>\n<li>sindirim deste\u011fi gerektiren hayvanlar\u0131n diyetlerinde tamamlay\u0131c\u0131 hammadde.<\/li>\n<\/ul>\n<p>Bitkisel k\u00f6kenli olmas\u0131 ve i\u015flenmi\u015f formu nedeniyle \u00e7iftlik hayvanlar\u0131n\u0131n \u00e7e\u015fitli beslenme sistemlerinde kullan\u0131labilir.<\/p>\n","protected":false},"excerpt":{"rendered":"<p><strong>Kurutulmu\u015f frenk \u00fcz\u00fcm\u00fc k\u00fcspesi<\/strong>, <em>Ribes nigrum<\/em> meyvelerinden meyve suyu s\u0131kma i\u015flemi s\u0131ras\u0131nda olu\u015fan do\u011fal bir yan \u00fcr\u00fcnd\u00fcr. Bu hammadde, lif ve meyve kabuklar\u0131nda ve tohumlar\u0131nda bulunan art\u0131k biyoaktif bile\u015fenler a\u00e7\u0131s\u0131ndan zengin, bitkisel k\u00f6kenli de\u011ferli bir yem bile\u015fenidir. Kurutma i\u015flemi, mikrobiyolojik stabiliteyi ve uzun s\u00fcreli depolama i\u00e7in uygunlu\u011fu korumay\u0131 sa\u011flar.  <\/p>\n","protected":false},"featured_media":47953,"template":"","meta":{"_acf_changed":false},"product_brand":[],"product_cat":[9537],"product_tag":[],"class_list":{"0":"post-47952","1":"product","2":"type-product","3":"status-publish","4":"has-post-thumbnail","6":"product_cat-buyukbas-hayvan-yem-hammaddeleri","8":"first","9":"instock","10":"shipping-taxable","11":"product-type-simple"},"acf":[],"yoast_head":"<!-- This site is optimized with the Yoast SEO plugin v27.5 - https:\/\/yoast.com\/product\/yoast-seo-wordpress\/ -->\n<title>Frenk \u00dcz\u00fcm\u00fc K\u00fcspesi - Hurtowy Dystrybutor<\/title>\n<meta name=\"description\" content=\"Kurutulmu\u015f frenk \u00fcz\u00fcm\u00fc k\u00fcspesi, lif a\u00e7\u0131s\u0131ndan zengin do\u011fal bir yem hammaddesidir. Yem kar\u0131\u015f\u0131mlar\u0131nda sindirime destek olan bitkisel bir bile\u015fendir.\" \/>\n<meta name=\"robots\" content=\"index, follow, max-snippet:-1, max-image-preview:large, max-video-preview:-1\" \/>\n<link rel=\"canonical\" href=\"https:\/\/naturalpoland.com\/tr\/urunler\/hayvanlar-icin-hammaddeler\/buyukbas-hayvan-yem-hammaddeleri\/frenk-uzumu-kuspesi\/\" \/>\n<meta property=\"og:locale\" content=\"tr_TR\" \/>\n<meta property=\"og:type\" content=\"article\" \/>\n<meta property=\"og:title\" content=\"Frenk \u00dcz\u00fcm\u00fc K\u00fcspesi - Hurtowy Dystrybutor\" \/>\n<meta property=\"og:description\" content=\"Kurutulmu\u015f frenk \u00fcz\u00fcm\u00fc k\u00fcspesi, lif a\u00e7\u0131s\u0131ndan zengin do\u011fal bir yem hammaddesidir. Yem kar\u0131\u015f\u0131mlar\u0131nda sindirime destek olan bitkisel bir bile\u015fendir.\" \/>\n<meta property=\"og:url\" content=\"https:\/\/naturalpoland.com\/tr\/urunler\/hayvanlar-icin-hammaddeler\/buyukbas-hayvan-yem-hammaddeleri\/frenk-uzumu-kuspesi\/\" \/>\n<meta property=\"og:site_name\" content=\"NATURAL POLAND - Hurtowy Dystrybutor Surowc\u00f3w\" \/>\n<meta property=\"article:publisher\" content=\"https:\/\/www.facebook.com\/naturalpoland.b2b\" \/>\n<meta property=\"article:modified_time\" content=\"2026-04-28T09:46:57+00:00\" \/>\n<meta property=\"og:image\" content=\"https:\/\/naturalpoland.com\/wp-content\/uploads\/suszone-wytloki-z-czarnej-porzeczki.png\" \/>\n\t<meta property=\"og:image:width\" content=\"1024\" \/>\n\t<meta property=\"og:image:height\" content=\"1024\" \/>\n\t<meta property=\"og:image:type\" content=\"image\/png\" \/>\n<script type=\"application\/ld+json\" class=\"yoast-schema-graph\">{\"@context\":\"https:\\\/\\\/schema.org\",\"@graph\":[{\"@type\":\"WebPage\",\"@id\":\"https:\\\/\\\/naturalpoland.com\\\/tr\\\/urunler\\\/hayvanlar-icin-hammaddeler\\\/buyukbas-hayvan-yem-hammaddeleri\\\/frenk-uzumu-kuspesi\\\/\",\"url\":\"https:\\\/\\\/naturalpoland.com\\\/tr\\\/urunler\\\/hayvanlar-icin-hammaddeler\\\/buyukbas-hayvan-yem-hammaddeleri\\\/frenk-uzumu-kuspesi\\\/\",\"name\":\"Frenk \u00dcz\u00fcm\u00fc K\u00fcspesi - Hurtowy Dystrybutor\",\"isPartOf\":{\"@id\":\"https:\\\/\\\/naturalpoland.com\\\/tr\\\/#website\"},\"primaryImageOfPage\":{\"@id\":\"https:\\\/\\\/naturalpoland.com\\\/tr\\\/urunler\\\/hayvanlar-icin-hammaddeler\\\/buyukbas-hayvan-yem-hammaddeleri\\\/frenk-uzumu-kuspesi\\\/#primaryimage\"},\"image\":{\"@id\":\"https:\\\/\\\/naturalpoland.com\\\/tr\\\/urunler\\\/hayvanlar-icin-hammaddeler\\\/buyukbas-hayvan-yem-hammaddeleri\\\/frenk-uzumu-kuspesi\\\/#primaryimage\"},\"thumbnailUrl\":\"https:\\\/\\\/naturalpoland.com\\\/wp-content\\\/uploads\\\/suszone-wytloki-z-czarnej-porzeczki.png\",\"datePublished\":\"2026-04-24T13:48:58+00:00\",\"dateModified\":\"2026-04-28T09:46:57+00:00\",\"description\":\"Kurutulmu\u015f frenk \u00fcz\u00fcm\u00fc k\u00fcspesi, lif a\u00e7\u0131s\u0131ndan zengin do\u011fal bir yem hammaddesidir. Yem kar\u0131\u015f\u0131mlar\u0131nda sindirime destek olan bitkisel bir bile\u015fendir.\",\"breadcrumb\":{\"@id\":\"https:\\\/\\\/naturalpoland.com\\\/tr\\\/urunler\\\/hayvanlar-icin-hammaddeler\\\/buyukbas-hayvan-yem-hammaddeleri\\\/frenk-uzumu-kuspesi\\\/#breadcrumb\"},\"inLanguage\":\"tr\",\"potentialAction\":[{\"@type\":\"ReadAction\",\"target\":[\"https:\\\/\\\/naturalpoland.com\\\/tr\\\/urunler\\\/hayvanlar-icin-hammaddeler\\\/buyukbas-hayvan-yem-hammaddeleri\\\/frenk-uzumu-kuspesi\\\/\"]}]},{\"@type\":\"ImageObject\",\"inLanguage\":\"tr\",\"@id\":\"https:\\\/\\\/naturalpoland.com\\\/tr\\\/urunler\\\/hayvanlar-icin-hammaddeler\\\/buyukbas-hayvan-yem-hammaddeleri\\\/frenk-uzumu-kuspesi\\\/#primaryimage\",\"url\":\"https:\\\/\\\/naturalpoland.com\\\/wp-content\\\/uploads\\\/suszone-wytloki-z-czarnej-porzeczki.png\",\"contentUrl\":\"https:\\\/\\\/naturalpoland.com\\\/wp-content\\\/uploads\\\/suszone-wytloki-z-czarnej-porzeczki.png\",\"width\":1024,\"height\":1024,\"caption\":\"kurutulmu\u015f frenk \u00fcz\u00fcm\u00fc k\u00fcspesi\"},{\"@type\":\"BreadcrumbList\",\"@id\":\"https:\\\/\\\/naturalpoland.com\\\/tr\\\/urunler\\\/hayvanlar-icin-hammaddeler\\\/buyukbas-hayvan-yem-hammaddeleri\\\/frenk-uzumu-kuspesi\\\/#breadcrumb\",\"itemListElement\":[{\"@type\":\"ListItem\",\"position\":1,\"name\":\"Ana Sayfa\",\"item\":\"https:\\\/\\\/naturalpoland.com\\\/tr\\\/\"},{\"@type\":\"ListItem\",\"position\":2,\"name\":\"\u00dcr\u00fcnler\",\"item\":\"https:\\\/\\\/naturalpoland.com\\\/tr\\\/urunler\\\/\"},{\"@type\":\"ListItem\",\"position\":3,\"name\":\"Frenk \u00dcz\u00fcm\u00fc K\u00fcspesi\"}]},{\"@type\":\"WebSite\",\"@id\":\"https:\\\/\\\/naturalpoland.com\\\/tr\\\/#website\",\"url\":\"https:\\\/\\\/naturalpoland.com\\\/tr\\\/\",\"name\":\"NATURAL POLAND - Hurtowy Dystrybutor Surowc\u00f3w\",\"description\":\"Surowce dla przemys\u0142u spo\u017cywczego, kosmetycznego i farmaceutycznego\",\"publisher\":{\"@id\":\"https:\\\/\\\/naturalpoland.com\\\/tr\\\/#organization\"},\"potentialAction\":[{\"@type\":\"SearchAction\",\"target\":{\"@type\":\"EntryPoint\",\"urlTemplate\":\"https:\\\/\\\/naturalpoland.com\\\/tr\\\/?s={search_term_string}\"},\"query-input\":{\"@type\":\"PropertyValueSpecification\",\"valueRequired\":true,\"valueName\":\"search_term_string\"}}],\"inLanguage\":\"tr\"},{\"@type\":\"Organization\",\"@id\":\"https:\\\/\\\/naturalpoland.com\\\/tr\\\/#organization\",\"name\":\"Natural Poland\",\"url\":\"https:\\\/\\\/naturalpoland.com\\\/tr\\\/\",\"logo\":{\"@type\":\"ImageObject\",\"inLanguage\":\"tr\",\"@id\":\"https:\\\/\\\/naturalpoland.com\\\/tr\\\/#\\\/schema\\\/logo\\\/image\\\/\",\"url\":\"https:\\\/\\\/naturalpoland.com\\\/wp-content\\\/uploads\\\/2021\\\/05\\\/natural-poland-icon.png\",\"contentUrl\":\"https:\\\/\\\/naturalpoland.com\\\/wp-content\\\/uploads\\\/2021\\\/05\\\/natural-poland-icon.png\",\"width\":512,\"height\":512,\"caption\":\"Natural Poland\"},\"image\":{\"@id\":\"https:\\\/\\\/naturalpoland.com\\\/tr\\\/#\\\/schema\\\/logo\\\/image\\\/\"},\"sameAs\":[\"https:\\\/\\\/www.facebook.com\\\/naturalpoland.b2b\",\"https:\\\/\\\/pl.linkedin.com\\\/company\\\/natural-poland\",\"https:\\\/\\\/www.youtube.com\\\/channel\\\/UCgeGGkvOMahZo-xu_MSEWxg\"]}]}<\/script>\n<!-- \/ Yoast SEO plugin. -->","yoast_head_json":{"title":"Frenk \u00dcz\u00fcm\u00fc K\u00fcspesi - Hurtowy Dystrybutor","description":"Kurutulmu\u015f frenk \u00fcz\u00fcm\u00fc k\u00fcspesi, lif a\u00e7\u0131s\u0131ndan zengin do\u011fal bir yem hammaddesidir. Yem kar\u0131\u015f\u0131mlar\u0131nda sindirime destek olan bitkisel bir bile\u015fendir.","robots":{"index":"index","follow":"follow","max-snippet":"max-snippet:-1","max-image-preview":"max-image-preview:large","max-video-preview":"max-video-preview:-1"},"canonical":"https:\/\/naturalpoland.com\/tr\/urunler\/hayvanlar-icin-hammaddeler\/buyukbas-hayvan-yem-hammaddeleri\/frenk-uzumu-kuspesi\/","og_locale":"tr_TR","og_type":"article","og_title":"Frenk \u00dcz\u00fcm\u00fc K\u00fcspesi - Hurtowy Dystrybutor","og_description":"Kurutulmu\u015f frenk \u00fcz\u00fcm\u00fc k\u00fcspesi, lif a\u00e7\u0131s\u0131ndan zengin do\u011fal bir yem hammaddesidir. Yem kar\u0131\u015f\u0131mlar\u0131nda sindirime destek olan bitkisel bir bile\u015fendir.","og_url":"https:\/\/naturalpoland.com\/tr\/urunler\/hayvanlar-icin-hammaddeler\/buyukbas-hayvan-yem-hammaddeleri\/frenk-uzumu-kuspesi\/","og_site_name":"NATURAL POLAND - Hurtowy Dystrybutor Surowc\u00f3w","article_publisher":"https:\/\/www.facebook.com\/naturalpoland.b2b","article_modified_time":"2026-04-28T09:46:57+00:00","og_image":[{"width":1024,"height":1024,"url":"https:\/\/naturalpoland.com\/wp-content\/uploads\/suszone-wytloki-z-czarnej-porzeczki.png","type":"image\/png"}],"schema":{"@context":"https:\/\/schema.org","@graph":[{"@type":"WebPage","@id":"https:\/\/naturalpoland.com\/tr\/urunler\/hayvanlar-icin-hammaddeler\/buyukbas-hayvan-yem-hammaddeleri\/frenk-uzumu-kuspesi\/","url":"https:\/\/naturalpoland.com\/tr\/urunler\/hayvanlar-icin-hammaddeler\/buyukbas-hayvan-yem-hammaddeleri\/frenk-uzumu-kuspesi\/","name":"Frenk \u00dcz\u00fcm\u00fc K\u00fcspesi - Hurtowy Dystrybutor","isPartOf":{"@id":"https:\/\/naturalpoland.com\/tr\/#website"},"primaryImageOfPage":{"@id":"https:\/\/naturalpoland.com\/tr\/urunler\/hayvanlar-icin-hammaddeler\/buyukbas-hayvan-yem-hammaddeleri\/frenk-uzumu-kuspesi\/#primaryimage"},"image":{"@id":"https:\/\/naturalpoland.com\/tr\/urunler\/hayvanlar-icin-hammaddeler\/buyukbas-hayvan-yem-hammaddeleri\/frenk-uzumu-kuspesi\/#primaryimage"},"thumbnailUrl":"https:\/\/naturalpoland.com\/wp-content\/uploads\/suszone-wytloki-z-czarnej-porzeczki.png","datePublished":"2026-04-24T13:48:58+00:00","dateModified":"2026-04-28T09:46:57+00:00","description":"Kurutulmu\u015f frenk \u00fcz\u00fcm\u00fc k\u00fcspesi, lif a\u00e7\u0131s\u0131ndan zengin do\u011fal bir yem hammaddesidir. Yem kar\u0131\u015f\u0131mlar\u0131nda sindirime destek olan bitkisel bir bile\u015fendir.","breadcrumb":{"@id":"https:\/\/naturalpoland.com\/tr\/urunler\/hayvanlar-icin-hammaddeler\/buyukbas-hayvan-yem-hammaddeleri\/frenk-uzumu-kuspesi\/#breadcrumb"},"inLanguage":"tr","potentialAction":[{"@type":"ReadAction","target":["https:\/\/naturalpoland.com\/tr\/urunler\/hayvanlar-icin-hammaddeler\/buyukbas-hayvan-yem-hammaddeleri\/frenk-uzumu-kuspesi\/"]}]},{"@type":"ImageObject","inLanguage":"tr","@id":"https:\/\/naturalpoland.com\/tr\/urunler\/hayvanlar-icin-hammaddeler\/buyukbas-hayvan-yem-hammaddeleri\/frenk-uzumu-kuspesi\/#primaryimage","url":"https:\/\/naturalpoland.com\/wp-content\/uploads\/suszone-wytloki-z-czarnej-porzeczki.png","contentUrl":"https:\/\/naturalpoland.com\/wp-content\/uploads\/suszone-wytloki-z-czarnej-porzeczki.png","width":1024,"height":1024,"caption":"kurutulmu\u015f frenk \u00fcz\u00fcm\u00fc k\u00fcspesi"},{"@type":"BreadcrumbList","@id":"https:\/\/naturalpoland.com\/tr\/urunler\/hayvanlar-icin-hammaddeler\/buyukbas-hayvan-yem-hammaddeleri\/frenk-uzumu-kuspesi\/#breadcrumb","itemListElement":[{"@type":"ListItem","position":1,"name":"Ana Sayfa","item":"https:\/\/naturalpoland.com\/tr\/"},{"@type":"ListItem","position":2,"name":"\u00dcr\u00fcnler","item":"https:\/\/naturalpoland.com\/tr\/urunler\/"},{"@type":"ListItem","position":3,"name":"Frenk \u00dcz\u00fcm\u00fc K\u00fcspesi"}]},{"@type":"WebSite","@id":"https:\/\/naturalpoland.com\/tr\/#website","url":"https:\/\/naturalpoland.com\/tr\/","name":"NATURAL POLAND - Hurtowy Dystrybutor Surowc\u00f3w","description":"Surowce dla przemys\u0142u spo\u017cywczego, kosmetycznego i farmaceutycznego","publisher":{"@id":"https:\/\/naturalpoland.com\/tr\/#organization"},"potentialAction":[{"@type":"SearchAction","target":{"@type":"EntryPoint","urlTemplate":"https:\/\/naturalpoland.com\/tr\/?s={search_term_string}"},"query-input":{"@type":"PropertyValueSpecification","valueRequired":true,"valueName":"search_term_string"}}],"inLanguage":"tr"},{"@type":"Organization","@id":"https:\/\/naturalpoland.com\/tr\/#organization","name":"Natural Poland","url":"https:\/\/naturalpoland.com\/tr\/","logo":{"@type":"ImageObject","inLanguage":"tr","@id":"https:\/\/naturalpoland.com\/tr\/#\/schema\/logo\/image\/","url":"https:\/\/naturalpoland.com\/wp-content\/uploads\/2021\/05\/natural-poland-icon.png","contentUrl":"https:\/\/naturalpoland.com\/wp-content\/uploads\/2021\/05\/natural-poland-icon.png","width":512,"height":512,"caption":"Natural Poland"},"image":{"@id":"https:\/\/naturalpoland.com\/tr\/#\/schema\/logo\/image\/"},"sameAs":["https:\/\/www.facebook.com\/naturalpoland.b2b","https:\/\/pl.linkedin.com\/company\/natural-poland","https:\/\/www.youtube.com\/channel\/UCgeGGkvOMahZo-xu_MSEWxg"]}]}},"_links":{"self":[{"href":"https:\/\/naturalpoland.com\/tr\/wp-json\/wp\/v2\/product\/47952","targetHints":{"allow":["GET"]}}],"collection":[{"href":"https:\/\/naturalpoland.com\/tr\/wp-json\/wp\/v2\/product"}],"about":[{"href":"https:\/\/naturalpoland.com\/tr\/wp-json\/wp\/v2\/types\/product"}],"wp:featuredmedia":[{"embeddable":true,"href":"https:\/\/naturalpoland.com\/tr\/wp-json\/wp\/v2\/media\/47953"}],"wp:attachment":[{"href":"https:\/\/naturalpoland.com\/tr\/wp-json\/wp\/v2\/media?parent=47952"}],"wp:term":[{"taxonomy":"product_brand","embeddable":true,"href":"https:\/\/naturalpoland.com\/tr\/wp-json\/wp\/v2\/product_brand?post=47952"},{"taxonomy":"product_cat","embeddable":true,"href":"https:\/\/naturalpoland.com\/tr\/wp-json\/wp\/v2\/product_cat?post=47952"},{"taxonomy":"product_tag","embeddable":true,"href":"https:\/\/naturalpoland.com\/tr\/wp-json\/wp\/v2\/product_tag?post=47952"}],"curies":[{"name":"wp","href":"https:\/\/api.w.org\/{rel}","templated":true}]}}