{"id":47978,"date":"2026-04-24T14:55:14","date_gmt":"2026-04-24T12:55:14","guid":{"rendered":"https:\/\/naturalpoland.com\/produkty\/kategorilenmemis\/kizilotesi-mikronize-misir-gevregi\/"},"modified":"2026-04-28T11:59:39","modified_gmt":"2026-04-28T09:59:39","slug":"kizilotesi-mikronize-misir-gevregi","status":"publish","type":"product","link":"https:\/\/naturalpoland.com\/tr\/urunler\/hayvanlar-icin-hammaddeler\/buyukbas-hayvan-yem-hammaddeleri\/kizilotesi-mikronize-misir-gevregi\/","title":{"rendered":"K\u0131z\u0131l\u00f6tesi Mikronize M\u0131s\u0131r Gevre\u011fi"},"content":{"rendered":"<p>\u00dcr\u00fcn, besin maddelerinin y\u00fcksek oranda emiliminin kritik \u00f6neme sahip oldu\u011fu gen\u00e7 \u00e7iftlik hayvanlar\u0131n\u0131n beslenmesi i\u00e7in \u00f6zel olarak tasarlanm\u0131\u015ft\u0131r.<\/p>\n<h2>\u00d6zellikler ve Etkileri:<\/h2>\n<p>Mikronize m\u0131s\u0131r gevre\u011finin temel \u00f6zelli\u011fi <strong>modifiye edilmi\u015f ni\u015fasta yap\u0131s\u0131d\u0131r<\/strong>. Y\u00fcksek s\u0131cakl\u0131k ve IR radyasyonu etkisiyle ni\u015fasta par\u00e7alan\u0131r ve \u015fi\u015fer, bu da sindirim enzimlerinin etkinli\u011fini ve yemdeki enerjinin daha verimli kullan\u0131lmas\u0131n\u0131 kolayla\u015ft\u0131r\u0131r. <\/p>\n<p>\u00dcr\u00fcn, kolayca sindirilebilir karbonhidratlar\u0131n konsantre bir kayna\u011f\u0131n\u0131 olu\u015ftururken, ayn\u0131 zamanda orta d\u00fczeyde protein ve ya\u011f i\u00e7erir.<\/p>\n<h2>Analitik Bile\u015fenler:<\/h2>\n<ul>\n<li>Ni\u015fasta: yakla\u015f\u0131k %60 \u2013 ana enerji kayna\u011f\u0131 <\/li>\n<li>Ham Protein: yakla\u015f\u0131k 8,5%<\/li>\n<li>Ham Ya\u011f: yakla\u015f\u0131k 3,0%<\/li>\n<li>Ham lif: yakl. 2,0%<\/li>\n<li>Nem: yakla\u015f\u0131k 14,0%<\/li>\n<li>Ham K\u00fcl: yakla\u015f\u0131k 1,3%<\/li>\n<\/ul>\n<p>Dengeli bile\u015fen profili sayesinde \u00fcr\u00fcn, hem enerji bile\u015feni hem de yem kar\u0131\u015f\u0131mlar\u0131n\u0131n tamamlay\u0131c\u0131 bir bile\u015feni olarak kullan\u0131labilir.<\/p>\n<h2>Kullan\u0131m:<\/h2>\n<p>Mikronize m\u0131s\u0131r gevre\u011fi ba\u015fl\u0131ca \u015fu alanlarda kullan\u0131l\u0131r:<\/p>\n<ul>\n<li>gen\u00e7 \u00e7iftlik hayvanlar\u0131n\u0131n (buza\u011f\u0131lar, domuz yavrular\u0131, k\u00fcmes hayvanlar\u0131) beslenmesinde,<\/li>\n<li>kolay sindirilebilir diyet bile\u015fenleri gerektiren hayvanlarda,<\/li>\n<li>y\u00fcksek enerji de\u011ferine sahip yem kar\u0131\u015f\u0131mlar\u0131nda.<\/li>\n<\/ul>\n<p>Ana avantajlar\u0131 y\u00fcksek sindirilebilirli\u011fidir, bu nedenle besin maddelerinin maksimum d\u00fczeyde kullan\u0131lmas\u0131 ve sindirim sisteminin y\u00fck\u00fcn\u00fcn azalt\u0131lmas\u0131n\u0131n kritik oldu\u011fu erken yeti\u015ftirme a\u015famalar\u0131nda tavsiye edilirler.<\/p>\n","protected":false},"excerpt":{"rendered":"<p><strong>Mikronize m\u0131s\u0131r gevre\u011fi<\/strong>, m\u0131s\u0131r tanelerinin k\u0131z\u0131l\u00f6tesi radyasyon kullan\u0131larak termal i\u015flemden ge\u00e7irilmesiyle elde edilen bir yem hammaddesidir. Bu i\u015flem, ni\u015fastan\u0131n jelatinle\u015fmesine yol a\u00e7arak hayvanlar i\u00e7in sindirilebilirli\u011fini ve enerji biyoyararlan\u0131m\u0131n\u0131 \u00f6nemli \u00f6l\u00e7\u00fcde art\u0131r\u0131r. <\/p>\n","protected":false},"featured_media":47979,"template":"","meta":{"_acf_changed":false},"product_brand":[],"product_cat":[9537],"product_tag":[],"class_list":{"0":"post-47978","1":"product","2":"type-product","3":"status-publish","4":"has-post-thumbnail","6":"product_cat-buyukbas-hayvan-yem-hammaddeleri","8":"first","9":"instock","10":"shipping-taxable","11":"product-type-simple"},"acf":[],"yoast_head":"<!-- This site is optimized with the Yoast SEO plugin v27.5 - https:\/\/yoast.com\/product\/yoast-seo-wordpress\/ -->\n<title>Mikronize M\u0131s\u0131r Gevre\u011fi - Toptan Distrib\u00fct\u00f6r<\/title>\n<meta name=\"description\" content=\"Mikronize M\u0131s\u0131r Gevre\u011fi \u2013 y\u00fcksek sindirilebilirli\u011fe sahip, y\u00fcksek ni\u015fasta i\u00e7erikli bir yem hammaddesidir. Gen\u00e7 \u00e7iftlik hayvanlar\u0131 i\u00e7in ideal bir enerji kayna\u011f\u0131d\u0131r.\" \/>\n<meta name=\"robots\" content=\"index, follow, max-snippet:-1, max-image-preview:large, max-video-preview:-1\" \/>\n<link rel=\"canonical\" href=\"https:\/\/naturalpoland.com\/tr\/urunler\/hayvanlar-icin-hammaddeler\/buyukbas-hayvan-yem-hammaddeleri\/kizilotesi-mikronize-misir-gevregi\/\" \/>\n<meta property=\"og:locale\" content=\"tr_TR\" \/>\n<meta property=\"og:type\" content=\"article\" \/>\n<meta property=\"og:title\" content=\"Mikronize M\u0131s\u0131r Gevre\u011fi - Toptan Distrib\u00fct\u00f6r\" \/>\n<meta property=\"og:description\" content=\"Mikronize M\u0131s\u0131r Gevre\u011fi \u2013 y\u00fcksek sindirilebilirli\u011fe sahip, y\u00fcksek ni\u015fasta i\u00e7erikli bir yem hammaddesidir. Gen\u00e7 \u00e7iftlik hayvanlar\u0131 i\u00e7in ideal bir enerji kayna\u011f\u0131d\u0131r.\" \/>\n<meta property=\"og:url\" content=\"https:\/\/naturalpoland.com\/tr\/urunler\/hayvanlar-icin-hammaddeler\/buyukbas-hayvan-yem-hammaddeleri\/kizilotesi-mikronize-misir-gevregi\/\" \/>\n<meta property=\"og:site_name\" content=\"NATURAL POLAND - Hurtowy Dystrybutor Surowc\u00f3w\" \/>\n<meta property=\"article:publisher\" content=\"https:\/\/www.facebook.com\/naturalpoland.b2b\" \/>\n<meta property=\"article:modified_time\" content=\"2026-04-28T09:59:39+00:00\" \/>\n<meta property=\"og:image\" content=\"https:\/\/naturalpoland.com\/wp-content\/uploads\/platki-kukurydziane-mikronizowane.png\" \/>\n\t<meta property=\"og:image:width\" content=\"1024\" \/>\n\t<meta property=\"og:image:height\" content=\"1024\" \/>\n\t<meta property=\"og:image:type\" content=\"image\/png\" \/>\n<script type=\"application\/ld+json\" class=\"yoast-schema-graph\">{\"@context\":\"https:\\\/\\\/schema.org\",\"@graph\":[{\"@type\":\"WebPage\",\"@id\":\"https:\\\/\\\/naturalpoland.com\\\/tr\\\/urunler\\\/hayvanlar-icin-hammaddeler\\\/buyukbas-hayvan-yem-hammaddeleri\\\/kizilotesi-mikronize-misir-gevregi\\\/\",\"url\":\"https:\\\/\\\/naturalpoland.com\\\/tr\\\/urunler\\\/hayvanlar-icin-hammaddeler\\\/buyukbas-hayvan-yem-hammaddeleri\\\/kizilotesi-mikronize-misir-gevregi\\\/\",\"name\":\"Mikronize M\u0131s\u0131r Gevre\u011fi - Toptan Distrib\u00fct\u00f6r\",\"isPartOf\":{\"@id\":\"https:\\\/\\\/naturalpoland.com\\\/tr\\\/#website\"},\"primaryImageOfPage\":{\"@id\":\"https:\\\/\\\/naturalpoland.com\\\/tr\\\/urunler\\\/hayvanlar-icin-hammaddeler\\\/buyukbas-hayvan-yem-hammaddeleri\\\/kizilotesi-mikronize-misir-gevregi\\\/#primaryimage\"},\"image\":{\"@id\":\"https:\\\/\\\/naturalpoland.com\\\/tr\\\/urunler\\\/hayvanlar-icin-hammaddeler\\\/buyukbas-hayvan-yem-hammaddeleri\\\/kizilotesi-mikronize-misir-gevregi\\\/#primaryimage\"},\"thumbnailUrl\":\"https:\\\/\\\/naturalpoland.com\\\/wp-content\\\/uploads\\\/platki-kukurydziane-mikronizowane.png\",\"datePublished\":\"2026-04-24T12:55:14+00:00\",\"dateModified\":\"2026-04-28T09:59:39+00:00\",\"description\":\"Mikronize M\u0131s\u0131r Gevre\u011fi \u2013 y\u00fcksek sindirilebilirli\u011fe sahip, y\u00fcksek ni\u015fasta i\u00e7erikli bir yem hammaddesidir. Gen\u00e7 \u00e7iftlik hayvanlar\u0131 i\u00e7in ideal bir enerji kayna\u011f\u0131d\u0131r.\",\"breadcrumb\":{\"@id\":\"https:\\\/\\\/naturalpoland.com\\\/tr\\\/urunler\\\/hayvanlar-icin-hammaddeler\\\/buyukbas-hayvan-yem-hammaddeleri\\\/kizilotesi-mikronize-misir-gevregi\\\/#breadcrumb\"},\"inLanguage\":\"tr\",\"potentialAction\":[{\"@type\":\"ReadAction\",\"target\":[\"https:\\\/\\\/naturalpoland.com\\\/tr\\\/urunler\\\/hayvanlar-icin-hammaddeler\\\/buyukbas-hayvan-yem-hammaddeleri\\\/kizilotesi-mikronize-misir-gevregi\\\/\"]}]},{\"@type\":\"ImageObject\",\"inLanguage\":\"tr\",\"@id\":\"https:\\\/\\\/naturalpoland.com\\\/tr\\\/urunler\\\/hayvanlar-icin-hammaddeler\\\/buyukbas-hayvan-yem-hammaddeleri\\\/kizilotesi-mikronize-misir-gevregi\\\/#primaryimage\",\"url\":\"https:\\\/\\\/naturalpoland.com\\\/wp-content\\\/uploads\\\/platki-kukurydziane-mikronizowane.png\",\"contentUrl\":\"https:\\\/\\\/naturalpoland.com\\\/wp-content\\\/uploads\\\/platki-kukurydziane-mikronizowane.png\",\"width\":1024,\"height\":1024,\"caption\":\"K\u0131z\u0131l\u00f6tesi Mikronize M\u0131s\u0131r Gevre\u011fi\"},{\"@type\":\"BreadcrumbList\",\"@id\":\"https:\\\/\\\/naturalpoland.com\\\/tr\\\/urunler\\\/hayvanlar-icin-hammaddeler\\\/buyukbas-hayvan-yem-hammaddeleri\\\/kizilotesi-mikronize-misir-gevregi\\\/#breadcrumb\",\"itemListElement\":[{\"@type\":\"ListItem\",\"position\":1,\"name\":\"Ana Sayfa\",\"item\":\"https:\\\/\\\/naturalpoland.com\\\/tr\\\/\"},{\"@type\":\"ListItem\",\"position\":2,\"name\":\"\u00dcr\u00fcnler\",\"item\":\"https:\\\/\\\/naturalpoland.com\\\/tr\\\/urunler\\\/\"},{\"@type\":\"ListItem\",\"position\":3,\"name\":\"K\u0131z\u0131l\u00f6tesi Mikronize M\u0131s\u0131r Gevre\u011fi\"}]},{\"@type\":\"WebSite\",\"@id\":\"https:\\\/\\\/naturalpoland.com\\\/tr\\\/#website\",\"url\":\"https:\\\/\\\/naturalpoland.com\\\/tr\\\/\",\"name\":\"NATURAL POLAND - Hurtowy Dystrybutor Surowc\u00f3w\",\"description\":\"Surowce dla przemys\u0142u spo\u017cywczego, kosmetycznego i farmaceutycznego\",\"publisher\":{\"@id\":\"https:\\\/\\\/naturalpoland.com\\\/tr\\\/#organization\"},\"potentialAction\":[{\"@type\":\"SearchAction\",\"target\":{\"@type\":\"EntryPoint\",\"urlTemplate\":\"https:\\\/\\\/naturalpoland.com\\\/tr\\\/?s={search_term_string}\"},\"query-input\":{\"@type\":\"PropertyValueSpecification\",\"valueRequired\":true,\"valueName\":\"search_term_string\"}}],\"inLanguage\":\"tr\"},{\"@type\":\"Organization\",\"@id\":\"https:\\\/\\\/naturalpoland.com\\\/tr\\\/#organization\",\"name\":\"Natural Poland\",\"url\":\"https:\\\/\\\/naturalpoland.com\\\/tr\\\/\",\"logo\":{\"@type\":\"ImageObject\",\"inLanguage\":\"tr\",\"@id\":\"https:\\\/\\\/naturalpoland.com\\\/tr\\\/#\\\/schema\\\/logo\\\/image\\\/\",\"url\":\"https:\\\/\\\/naturalpoland.com\\\/wp-content\\\/uploads\\\/2021\\\/05\\\/natural-poland-icon.png\",\"contentUrl\":\"https:\\\/\\\/naturalpoland.com\\\/wp-content\\\/uploads\\\/2021\\\/05\\\/natural-poland-icon.png\",\"width\":512,\"height\":512,\"caption\":\"Natural Poland\"},\"image\":{\"@id\":\"https:\\\/\\\/naturalpoland.com\\\/tr\\\/#\\\/schema\\\/logo\\\/image\\\/\"},\"sameAs\":[\"https:\\\/\\\/www.facebook.com\\\/naturalpoland.b2b\",\"https:\\\/\\\/pl.linkedin.com\\\/company\\\/natural-poland\",\"https:\\\/\\\/www.youtube.com\\\/channel\\\/UCgeGGkvOMahZo-xu_MSEWxg\"]}]}<\/script>\n<!-- \/ Yoast SEO plugin. -->","yoast_head_json":{"title":"Mikronize M\u0131s\u0131r Gevre\u011fi - Toptan Distrib\u00fct\u00f6r","description":"Mikronize M\u0131s\u0131r Gevre\u011fi \u2013 y\u00fcksek sindirilebilirli\u011fe sahip, y\u00fcksek ni\u015fasta i\u00e7erikli bir yem hammaddesidir. Gen\u00e7 \u00e7iftlik hayvanlar\u0131 i\u00e7in ideal bir enerji kayna\u011f\u0131d\u0131r.","robots":{"index":"index","follow":"follow","max-snippet":"max-snippet:-1","max-image-preview":"max-image-preview:large","max-video-preview":"max-video-preview:-1"},"canonical":"https:\/\/naturalpoland.com\/tr\/urunler\/hayvanlar-icin-hammaddeler\/buyukbas-hayvan-yem-hammaddeleri\/kizilotesi-mikronize-misir-gevregi\/","og_locale":"tr_TR","og_type":"article","og_title":"Mikronize M\u0131s\u0131r Gevre\u011fi - Toptan Distrib\u00fct\u00f6r","og_description":"Mikronize M\u0131s\u0131r Gevre\u011fi \u2013 y\u00fcksek sindirilebilirli\u011fe sahip, y\u00fcksek ni\u015fasta i\u00e7erikli bir yem hammaddesidir. Gen\u00e7 \u00e7iftlik hayvanlar\u0131 i\u00e7in ideal bir enerji kayna\u011f\u0131d\u0131r.","og_url":"https:\/\/naturalpoland.com\/tr\/urunler\/hayvanlar-icin-hammaddeler\/buyukbas-hayvan-yem-hammaddeleri\/kizilotesi-mikronize-misir-gevregi\/","og_site_name":"NATURAL POLAND - Hurtowy Dystrybutor Surowc\u00f3w","article_publisher":"https:\/\/www.facebook.com\/naturalpoland.b2b","article_modified_time":"2026-04-28T09:59:39+00:00","og_image":[{"width":1024,"height":1024,"url":"https:\/\/naturalpoland.com\/wp-content\/uploads\/platki-kukurydziane-mikronizowane.png","type":"image\/png"}],"schema":{"@context":"https:\/\/schema.org","@graph":[{"@type":"WebPage","@id":"https:\/\/naturalpoland.com\/tr\/urunler\/hayvanlar-icin-hammaddeler\/buyukbas-hayvan-yem-hammaddeleri\/kizilotesi-mikronize-misir-gevregi\/","url":"https:\/\/naturalpoland.com\/tr\/urunler\/hayvanlar-icin-hammaddeler\/buyukbas-hayvan-yem-hammaddeleri\/kizilotesi-mikronize-misir-gevregi\/","name":"Mikronize M\u0131s\u0131r Gevre\u011fi - Toptan Distrib\u00fct\u00f6r","isPartOf":{"@id":"https:\/\/naturalpoland.com\/tr\/#website"},"primaryImageOfPage":{"@id":"https:\/\/naturalpoland.com\/tr\/urunler\/hayvanlar-icin-hammaddeler\/buyukbas-hayvan-yem-hammaddeleri\/kizilotesi-mikronize-misir-gevregi\/#primaryimage"},"image":{"@id":"https:\/\/naturalpoland.com\/tr\/urunler\/hayvanlar-icin-hammaddeler\/buyukbas-hayvan-yem-hammaddeleri\/kizilotesi-mikronize-misir-gevregi\/#primaryimage"},"thumbnailUrl":"https:\/\/naturalpoland.com\/wp-content\/uploads\/platki-kukurydziane-mikronizowane.png","datePublished":"2026-04-24T12:55:14+00:00","dateModified":"2026-04-28T09:59:39+00:00","description":"Mikronize M\u0131s\u0131r Gevre\u011fi \u2013 y\u00fcksek sindirilebilirli\u011fe sahip, y\u00fcksek ni\u015fasta i\u00e7erikli bir yem hammaddesidir. Gen\u00e7 \u00e7iftlik hayvanlar\u0131 i\u00e7in ideal bir enerji kayna\u011f\u0131d\u0131r.","breadcrumb":{"@id":"https:\/\/naturalpoland.com\/tr\/urunler\/hayvanlar-icin-hammaddeler\/buyukbas-hayvan-yem-hammaddeleri\/kizilotesi-mikronize-misir-gevregi\/#breadcrumb"},"inLanguage":"tr","potentialAction":[{"@type":"ReadAction","target":["https:\/\/naturalpoland.com\/tr\/urunler\/hayvanlar-icin-hammaddeler\/buyukbas-hayvan-yem-hammaddeleri\/kizilotesi-mikronize-misir-gevregi\/"]}]},{"@type":"ImageObject","inLanguage":"tr","@id":"https:\/\/naturalpoland.com\/tr\/urunler\/hayvanlar-icin-hammaddeler\/buyukbas-hayvan-yem-hammaddeleri\/kizilotesi-mikronize-misir-gevregi\/#primaryimage","url":"https:\/\/naturalpoland.com\/wp-content\/uploads\/platki-kukurydziane-mikronizowane.png","contentUrl":"https:\/\/naturalpoland.com\/wp-content\/uploads\/platki-kukurydziane-mikronizowane.png","width":1024,"height":1024,"caption":"K\u0131z\u0131l\u00f6tesi Mikronize M\u0131s\u0131r Gevre\u011fi"},{"@type":"BreadcrumbList","@id":"https:\/\/naturalpoland.com\/tr\/urunler\/hayvanlar-icin-hammaddeler\/buyukbas-hayvan-yem-hammaddeleri\/kizilotesi-mikronize-misir-gevregi\/#breadcrumb","itemListElement":[{"@type":"ListItem","position":1,"name":"Ana Sayfa","item":"https:\/\/naturalpoland.com\/tr\/"},{"@type":"ListItem","position":2,"name":"\u00dcr\u00fcnler","item":"https:\/\/naturalpoland.com\/tr\/urunler\/"},{"@type":"ListItem","position":3,"name":"K\u0131z\u0131l\u00f6tesi Mikronize M\u0131s\u0131r Gevre\u011fi"}]},{"@type":"WebSite","@id":"https:\/\/naturalpoland.com\/tr\/#website","url":"https:\/\/naturalpoland.com\/tr\/","name":"NATURAL POLAND - Hurtowy Dystrybutor Surowc\u00f3w","description":"Surowce dla przemys\u0142u spo\u017cywczego, kosmetycznego i farmaceutycznego","publisher":{"@id":"https:\/\/naturalpoland.com\/tr\/#organization"},"potentialAction":[{"@type":"SearchAction","target":{"@type":"EntryPoint","urlTemplate":"https:\/\/naturalpoland.com\/tr\/?s={search_term_string}"},"query-input":{"@type":"PropertyValueSpecification","valueRequired":true,"valueName":"search_term_string"}}],"inLanguage":"tr"},{"@type":"Organization","@id":"https:\/\/naturalpoland.com\/tr\/#organization","name":"Natural Poland","url":"https:\/\/naturalpoland.com\/tr\/","logo":{"@type":"ImageObject","inLanguage":"tr","@id":"https:\/\/naturalpoland.com\/tr\/#\/schema\/logo\/image\/","url":"https:\/\/naturalpoland.com\/wp-content\/uploads\/2021\/05\/natural-poland-icon.png","contentUrl":"https:\/\/naturalpoland.com\/wp-content\/uploads\/2021\/05\/natural-poland-icon.png","width":512,"height":512,"caption":"Natural Poland"},"image":{"@id":"https:\/\/naturalpoland.com\/tr\/#\/schema\/logo\/image\/"},"sameAs":["https:\/\/www.facebook.com\/naturalpoland.b2b","https:\/\/pl.linkedin.com\/company\/natural-poland","https:\/\/www.youtube.com\/channel\/UCgeGGkvOMahZo-xu_MSEWxg"]}]}},"_links":{"self":[{"href":"https:\/\/naturalpoland.com\/tr\/wp-json\/wp\/v2\/product\/47978","targetHints":{"allow":["GET"]}}],"collection":[{"href":"https:\/\/naturalpoland.com\/tr\/wp-json\/wp\/v2\/product"}],"about":[{"href":"https:\/\/naturalpoland.com\/tr\/wp-json\/wp\/v2\/types\/product"}],"wp:featuredmedia":[{"embeddable":true,"href":"https:\/\/naturalpoland.com\/tr\/wp-json\/wp\/v2\/media\/47979"}],"wp:attachment":[{"href":"https:\/\/naturalpoland.com\/tr\/wp-json\/wp\/v2\/media?parent=47978"}],"wp:term":[{"taxonomy":"product_brand","embeddable":true,"href":"https:\/\/naturalpoland.com\/tr\/wp-json\/wp\/v2\/product_brand?post=47978"},{"taxonomy":"product_cat","embeddable":true,"href":"https:\/\/naturalpoland.com\/tr\/wp-json\/wp\/v2\/product_cat?post=47978"},{"taxonomy":"product_tag","embeddable":true,"href":"https:\/\/naturalpoland.com\/tr\/wp-json\/wp\/v2\/product_tag?post=47978"}],"curies":[{"name":"wp","href":"https:\/\/api.w.org\/{rel}","templated":true}]}}