{"id":47994,"date":"2026-04-24T13:47:17","date_gmt":"2026-04-24T11:47:17","guid":{"rendered":"https:\/\/naturalpoland.com\/produkty\/kategorilenmemis\/keten-kuspesi\/"},"modified":"2026-04-28T12:10:35","modified_gmt":"2026-04-28T10:10:35","slug":"keten-kuspesi","status":"publish","type":"product","link":"https:\/\/naturalpoland.com\/tr\/urunler\/hayvanlar-icin-hammaddeler\/buyukbas-hayvan-yem-hammaddeleri\/keten-kuspesi\/","title":{"rendered":"Keten K\u00fcspesi"},"content":{"rendered":"<p>Keten k\u00fcspesi, a\u011f\u0131rl\u0131kl\u0131 olarak Do\u011fu Avrupa ve Orta Asya b\u00f6lgelerinden gelen alt\u0131n veya kahverengi keten tohumlar\u0131ndan elde edilir. Ya\u011f\u0131n bir k\u0131sm\u0131n\u0131n korunmas\u0131 ve do\u011fal biyoaktif bile\u015fiklerin varl\u0131\u011f\u0131 sayesinde, \u00e7iftlik hayvanlar\u0131n\u0131n dengeli diyetinde de\u011ferli bir yem bile\u015fenidir. <\/p>\n<h2>\u00d6zellikler ve bile\u015fim:<\/h2>\n<p>Hammaddedeki protein i\u00e7eri\u011fi minimum %30&#8217;dur. Kalan keten ya\u011f\u0131n\u0131n varl\u0131\u011f\u0131, pa\u015fan\u0131n besin de\u011ferini art\u0131rabilen alfa-linolenik asit (omega-3) dahil olmak \u00fczere doymam\u0131\u015f ya\u011f asitleri sa\u011flar. Kuru maddede ya\u011f \u2264 %8, ham sel\u00fcloz: \u2264 %11 ve nem: \u2264 %10 seviyesindedir.  <\/p>\n<p>\u00dcr\u00fcn, AB d\u00fczenlemelerine uygun olarak pestisit i\u00e7eri\u011fi gerekliliklerini kar\u015f\u0131lamakta olup, a\u011f\u0131r metal ve mikotoksin seviyeleri belirlenmi\u015f g\u00fcvenlik normlar\u0131nda tutulmaktad\u0131r.<\/p>\n<h2>Kullan\u0131m:<\/h2>\n<p>Keten k\u00fcspesi \u015fu ama\u00e7larla kullan\u0131l\u0131r:<\/p>\n<ul>\n<li>s\u0131\u011f\u0131r, domuz ve kanatl\u0131 hayvanlar i\u00e7in yem bile\u015feni,<\/li>\n<li>kar\u0131\u015f\u0131mlarda protein i\u00e7eri\u011fini art\u0131ran katk\u0131,<\/li>\n<li>pa\u015fan\u0131n ya\u011f asidi profilini iyile\u015ftiren hammadde.<\/li>\n<\/ul>\n","protected":false},"excerpt":{"rendered":"<p><strong>Keten k\u00fcspesi<\/strong>, keten tohumlar\u0131ndan (<em>Linum usitatissimum<\/em>) ya\u011f presleme i\u015flemi s\u0131ras\u0131nda olu\u015fan bir yan \u00fcr\u00fcnd\u00fcr. Y\u00fcksek protein i\u00e7eri\u011fi ve faydal\u0131 besin bile\u015feni profili ile de\u011ferli bir yem hammaddesi olu\u015fturur. <\/p>\n","protected":false},"featured_media":47995,"template":"","meta":{"_acf_changed":false},"product_brand":[],"product_cat":[9537],"product_tag":[],"class_list":{"0":"post-47994","1":"product","2":"type-product","3":"status-publish","4":"has-post-thumbnail","6":"product_cat-buyukbas-hayvan-yem-hammaddeleri","7":"pa_przeznaczenie-surowca-yem-maddesi","9":"first","10":"instock","11":"shipping-taxable","12":"product-type-simple"},"acf":[],"yoast_head":"<!-- This site is optimized with the Yoast SEO plugin v27.5 - https:\/\/yoast.com\/product\/yoast-seo-wordpress\/ -->\n<title>Keten K\u00fcspesi - Hurtowy Dystrybutor<\/title>\n<meta name=\"description\" content=\"Keten k\u00fcspesi, keten tohumlar\u0131ndan elde edilen y\u00fcksek proteinli bir yem hammaddesidir. Hayvanlar i\u00e7in yem kar\u0131\u015f\u0131mlar\u0131nda do\u011fal protein ve omega-3 ya\u011f asitleri kayna\u011f\u0131d\u0131r.\" \/>\n<meta name=\"robots\" content=\"index, follow, max-snippet:-1, max-image-preview:large, max-video-preview:-1\" \/>\n<link rel=\"canonical\" href=\"https:\/\/naturalpoland.com\/tr\/urunler\/hayvanlar-icin-hammaddeler\/buyukbas-hayvan-yem-hammaddeleri\/keten-kuspesi\/\" \/>\n<meta property=\"og:locale\" content=\"tr_TR\" \/>\n<meta property=\"og:type\" content=\"article\" \/>\n<meta property=\"og:title\" content=\"Keten K\u00fcspesi - Hurtowy Dystrybutor\" \/>\n<meta property=\"og:description\" content=\"Keten k\u00fcspesi, keten tohumlar\u0131ndan elde edilen y\u00fcksek proteinli bir yem hammaddesidir. Hayvanlar i\u00e7in yem kar\u0131\u015f\u0131mlar\u0131nda do\u011fal protein ve omega-3 ya\u011f asitleri kayna\u011f\u0131d\u0131r.\" \/>\n<meta property=\"og:url\" content=\"https:\/\/naturalpoland.com\/tr\/urunler\/hayvanlar-icin-hammaddeler\/buyukbas-hayvan-yem-hammaddeleri\/keten-kuspesi\/\" \/>\n<meta property=\"og:site_name\" content=\"NATURAL POLAND - Hurtowy Dystrybutor Surowc\u00f3w\" \/>\n<meta property=\"article:publisher\" content=\"https:\/\/www.facebook.com\/naturalpoland.b2b\" \/>\n<meta property=\"article:modified_time\" content=\"2026-04-28T10:10:35+00:00\" \/>\n<meta property=\"og:image\" content=\"https:\/\/naturalpoland.com\/wp-content\/uploads\/makuch-lniany.png\" \/>\n\t<meta property=\"og:image:width\" content=\"1024\" \/>\n\t<meta property=\"og:image:height\" content=\"1024\" \/>\n\t<meta property=\"og:image:type\" content=\"image\/png\" \/>\n<script type=\"application\/ld+json\" class=\"yoast-schema-graph\">{\"@context\":\"https:\\\/\\\/schema.org\",\"@graph\":[{\"@type\":\"WebPage\",\"@id\":\"https:\\\/\\\/naturalpoland.com\\\/tr\\\/urunler\\\/hayvanlar-icin-hammaddeler\\\/buyukbas-hayvan-yem-hammaddeleri\\\/keten-kuspesi\\\/\",\"url\":\"https:\\\/\\\/naturalpoland.com\\\/tr\\\/urunler\\\/hayvanlar-icin-hammaddeler\\\/buyukbas-hayvan-yem-hammaddeleri\\\/keten-kuspesi\\\/\",\"name\":\"Keten K\u00fcspesi - Hurtowy Dystrybutor\",\"isPartOf\":{\"@id\":\"https:\\\/\\\/naturalpoland.com\\\/tr\\\/#website\"},\"primaryImageOfPage\":{\"@id\":\"https:\\\/\\\/naturalpoland.com\\\/tr\\\/urunler\\\/hayvanlar-icin-hammaddeler\\\/buyukbas-hayvan-yem-hammaddeleri\\\/keten-kuspesi\\\/#primaryimage\"},\"image\":{\"@id\":\"https:\\\/\\\/naturalpoland.com\\\/tr\\\/urunler\\\/hayvanlar-icin-hammaddeler\\\/buyukbas-hayvan-yem-hammaddeleri\\\/keten-kuspesi\\\/#primaryimage\"},\"thumbnailUrl\":\"https:\\\/\\\/naturalpoland.com\\\/wp-content\\\/uploads\\\/makuch-lniany.png\",\"datePublished\":\"2026-04-24T11:47:17+00:00\",\"dateModified\":\"2026-04-28T10:10:35+00:00\",\"description\":\"Keten k\u00fcspesi, keten tohumlar\u0131ndan elde edilen y\u00fcksek proteinli bir yem hammaddesidir. Hayvanlar i\u00e7in yem kar\u0131\u015f\u0131mlar\u0131nda do\u011fal protein ve omega-3 ya\u011f asitleri kayna\u011f\u0131d\u0131r.\",\"breadcrumb\":{\"@id\":\"https:\\\/\\\/naturalpoland.com\\\/tr\\\/urunler\\\/hayvanlar-icin-hammaddeler\\\/buyukbas-hayvan-yem-hammaddeleri\\\/keten-kuspesi\\\/#breadcrumb\"},\"inLanguage\":\"tr\",\"potentialAction\":[{\"@type\":\"ReadAction\",\"target\":[\"https:\\\/\\\/naturalpoland.com\\\/tr\\\/urunler\\\/hayvanlar-icin-hammaddeler\\\/buyukbas-hayvan-yem-hammaddeleri\\\/keten-kuspesi\\\/\"]}]},{\"@type\":\"ImageObject\",\"inLanguage\":\"tr\",\"@id\":\"https:\\\/\\\/naturalpoland.com\\\/tr\\\/urunler\\\/hayvanlar-icin-hammaddeler\\\/buyukbas-hayvan-yem-hammaddeleri\\\/keten-kuspesi\\\/#primaryimage\",\"url\":\"https:\\\/\\\/naturalpoland.com\\\/wp-content\\\/uploads\\\/makuch-lniany.png\",\"contentUrl\":\"https:\\\/\\\/naturalpoland.com\\\/wp-content\\\/uploads\\\/makuch-lniany.png\",\"width\":1024,\"height\":1024,\"caption\":\"keten k\u00fcspesi\"},{\"@type\":\"BreadcrumbList\",\"@id\":\"https:\\\/\\\/naturalpoland.com\\\/tr\\\/urunler\\\/hayvanlar-icin-hammaddeler\\\/buyukbas-hayvan-yem-hammaddeleri\\\/keten-kuspesi\\\/#breadcrumb\",\"itemListElement\":[{\"@type\":\"ListItem\",\"position\":1,\"name\":\"Ana Sayfa\",\"item\":\"https:\\\/\\\/naturalpoland.com\\\/tr\\\/\"},{\"@type\":\"ListItem\",\"position\":2,\"name\":\"\u00dcr\u00fcnler\",\"item\":\"https:\\\/\\\/naturalpoland.com\\\/tr\\\/urunler\\\/\"},{\"@type\":\"ListItem\",\"position\":3,\"name\":\"Keten K\u00fcspesi\"}]},{\"@type\":\"WebSite\",\"@id\":\"https:\\\/\\\/naturalpoland.com\\\/tr\\\/#website\",\"url\":\"https:\\\/\\\/naturalpoland.com\\\/tr\\\/\",\"name\":\"NATURAL POLAND - Hurtowy Dystrybutor Surowc\u00f3w\",\"description\":\"Surowce dla przemys\u0142u spo\u017cywczego, kosmetycznego i farmaceutycznego\",\"publisher\":{\"@id\":\"https:\\\/\\\/naturalpoland.com\\\/tr\\\/#organization\"},\"potentialAction\":[{\"@type\":\"SearchAction\",\"target\":{\"@type\":\"EntryPoint\",\"urlTemplate\":\"https:\\\/\\\/naturalpoland.com\\\/tr\\\/?s={search_term_string}\"},\"query-input\":{\"@type\":\"PropertyValueSpecification\",\"valueRequired\":true,\"valueName\":\"search_term_string\"}}],\"inLanguage\":\"tr\"},{\"@type\":\"Organization\",\"@id\":\"https:\\\/\\\/naturalpoland.com\\\/tr\\\/#organization\",\"name\":\"Natural Poland\",\"url\":\"https:\\\/\\\/naturalpoland.com\\\/tr\\\/\",\"logo\":{\"@type\":\"ImageObject\",\"inLanguage\":\"tr\",\"@id\":\"https:\\\/\\\/naturalpoland.com\\\/tr\\\/#\\\/schema\\\/logo\\\/image\\\/\",\"url\":\"https:\\\/\\\/naturalpoland.com\\\/wp-content\\\/uploads\\\/2021\\\/05\\\/natural-poland-icon.png\",\"contentUrl\":\"https:\\\/\\\/naturalpoland.com\\\/wp-content\\\/uploads\\\/2021\\\/05\\\/natural-poland-icon.png\",\"width\":512,\"height\":512,\"caption\":\"Natural Poland\"},\"image\":{\"@id\":\"https:\\\/\\\/naturalpoland.com\\\/tr\\\/#\\\/schema\\\/logo\\\/image\\\/\"},\"sameAs\":[\"https:\\\/\\\/www.facebook.com\\\/naturalpoland.b2b\",\"https:\\\/\\\/pl.linkedin.com\\\/company\\\/natural-poland\",\"https:\\\/\\\/www.youtube.com\\\/channel\\\/UCgeGGkvOMahZo-xu_MSEWxg\"]}]}<\/script>\n<!-- \/ Yoast SEO plugin. -->","yoast_head_json":{"title":"Keten K\u00fcspesi - Hurtowy Dystrybutor","description":"Keten k\u00fcspesi, keten tohumlar\u0131ndan elde edilen y\u00fcksek proteinli bir yem hammaddesidir. Hayvanlar i\u00e7in yem kar\u0131\u015f\u0131mlar\u0131nda do\u011fal protein ve omega-3 ya\u011f asitleri kayna\u011f\u0131d\u0131r.","robots":{"index":"index","follow":"follow","max-snippet":"max-snippet:-1","max-image-preview":"max-image-preview:large","max-video-preview":"max-video-preview:-1"},"canonical":"https:\/\/naturalpoland.com\/tr\/urunler\/hayvanlar-icin-hammaddeler\/buyukbas-hayvan-yem-hammaddeleri\/keten-kuspesi\/","og_locale":"tr_TR","og_type":"article","og_title":"Keten K\u00fcspesi - Hurtowy Dystrybutor","og_description":"Keten k\u00fcspesi, keten tohumlar\u0131ndan elde edilen y\u00fcksek proteinli bir yem hammaddesidir. Hayvanlar i\u00e7in yem kar\u0131\u015f\u0131mlar\u0131nda do\u011fal protein ve omega-3 ya\u011f asitleri kayna\u011f\u0131d\u0131r.","og_url":"https:\/\/naturalpoland.com\/tr\/urunler\/hayvanlar-icin-hammaddeler\/buyukbas-hayvan-yem-hammaddeleri\/keten-kuspesi\/","og_site_name":"NATURAL POLAND - Hurtowy Dystrybutor Surowc\u00f3w","article_publisher":"https:\/\/www.facebook.com\/naturalpoland.b2b","article_modified_time":"2026-04-28T10:10:35+00:00","og_image":[{"width":1024,"height":1024,"url":"https:\/\/naturalpoland.com\/wp-content\/uploads\/makuch-lniany.png","type":"image\/png"}],"schema":{"@context":"https:\/\/schema.org","@graph":[{"@type":"WebPage","@id":"https:\/\/naturalpoland.com\/tr\/urunler\/hayvanlar-icin-hammaddeler\/buyukbas-hayvan-yem-hammaddeleri\/keten-kuspesi\/","url":"https:\/\/naturalpoland.com\/tr\/urunler\/hayvanlar-icin-hammaddeler\/buyukbas-hayvan-yem-hammaddeleri\/keten-kuspesi\/","name":"Keten K\u00fcspesi - Hurtowy Dystrybutor","isPartOf":{"@id":"https:\/\/naturalpoland.com\/tr\/#website"},"primaryImageOfPage":{"@id":"https:\/\/naturalpoland.com\/tr\/urunler\/hayvanlar-icin-hammaddeler\/buyukbas-hayvan-yem-hammaddeleri\/keten-kuspesi\/#primaryimage"},"image":{"@id":"https:\/\/naturalpoland.com\/tr\/urunler\/hayvanlar-icin-hammaddeler\/buyukbas-hayvan-yem-hammaddeleri\/keten-kuspesi\/#primaryimage"},"thumbnailUrl":"https:\/\/naturalpoland.com\/wp-content\/uploads\/makuch-lniany.png","datePublished":"2026-04-24T11:47:17+00:00","dateModified":"2026-04-28T10:10:35+00:00","description":"Keten k\u00fcspesi, keten tohumlar\u0131ndan elde edilen y\u00fcksek proteinli bir yem hammaddesidir. Hayvanlar i\u00e7in yem kar\u0131\u015f\u0131mlar\u0131nda do\u011fal protein ve omega-3 ya\u011f asitleri kayna\u011f\u0131d\u0131r.","breadcrumb":{"@id":"https:\/\/naturalpoland.com\/tr\/urunler\/hayvanlar-icin-hammaddeler\/buyukbas-hayvan-yem-hammaddeleri\/keten-kuspesi\/#breadcrumb"},"inLanguage":"tr","potentialAction":[{"@type":"ReadAction","target":["https:\/\/naturalpoland.com\/tr\/urunler\/hayvanlar-icin-hammaddeler\/buyukbas-hayvan-yem-hammaddeleri\/keten-kuspesi\/"]}]},{"@type":"ImageObject","inLanguage":"tr","@id":"https:\/\/naturalpoland.com\/tr\/urunler\/hayvanlar-icin-hammaddeler\/buyukbas-hayvan-yem-hammaddeleri\/keten-kuspesi\/#primaryimage","url":"https:\/\/naturalpoland.com\/wp-content\/uploads\/makuch-lniany.png","contentUrl":"https:\/\/naturalpoland.com\/wp-content\/uploads\/makuch-lniany.png","width":1024,"height":1024,"caption":"keten k\u00fcspesi"},{"@type":"BreadcrumbList","@id":"https:\/\/naturalpoland.com\/tr\/urunler\/hayvanlar-icin-hammaddeler\/buyukbas-hayvan-yem-hammaddeleri\/keten-kuspesi\/#breadcrumb","itemListElement":[{"@type":"ListItem","position":1,"name":"Ana Sayfa","item":"https:\/\/naturalpoland.com\/tr\/"},{"@type":"ListItem","position":2,"name":"\u00dcr\u00fcnler","item":"https:\/\/naturalpoland.com\/tr\/urunler\/"},{"@type":"ListItem","position":3,"name":"Keten K\u00fcspesi"}]},{"@type":"WebSite","@id":"https:\/\/naturalpoland.com\/tr\/#website","url":"https:\/\/naturalpoland.com\/tr\/","name":"NATURAL POLAND - Hurtowy Dystrybutor Surowc\u00f3w","description":"Surowce dla przemys\u0142u spo\u017cywczego, kosmetycznego i farmaceutycznego","publisher":{"@id":"https:\/\/naturalpoland.com\/tr\/#organization"},"potentialAction":[{"@type":"SearchAction","target":{"@type":"EntryPoint","urlTemplate":"https:\/\/naturalpoland.com\/tr\/?s={search_term_string}"},"query-input":{"@type":"PropertyValueSpecification","valueRequired":true,"valueName":"search_term_string"}}],"inLanguage":"tr"},{"@type":"Organization","@id":"https:\/\/naturalpoland.com\/tr\/#organization","name":"Natural Poland","url":"https:\/\/naturalpoland.com\/tr\/","logo":{"@type":"ImageObject","inLanguage":"tr","@id":"https:\/\/naturalpoland.com\/tr\/#\/schema\/logo\/image\/","url":"https:\/\/naturalpoland.com\/wp-content\/uploads\/2021\/05\/natural-poland-icon.png","contentUrl":"https:\/\/naturalpoland.com\/wp-content\/uploads\/2021\/05\/natural-poland-icon.png","width":512,"height":512,"caption":"Natural Poland"},"image":{"@id":"https:\/\/naturalpoland.com\/tr\/#\/schema\/logo\/image\/"},"sameAs":["https:\/\/www.facebook.com\/naturalpoland.b2b","https:\/\/pl.linkedin.com\/company\/natural-poland","https:\/\/www.youtube.com\/channel\/UCgeGGkvOMahZo-xu_MSEWxg"]}]}},"_links":{"self":[{"href":"https:\/\/naturalpoland.com\/tr\/wp-json\/wp\/v2\/product\/47994","targetHints":{"allow":["GET"]}}],"collection":[{"href":"https:\/\/naturalpoland.com\/tr\/wp-json\/wp\/v2\/product"}],"about":[{"href":"https:\/\/naturalpoland.com\/tr\/wp-json\/wp\/v2\/types\/product"}],"wp:featuredmedia":[{"embeddable":true,"href":"https:\/\/naturalpoland.com\/tr\/wp-json\/wp\/v2\/media\/47995"}],"wp:attachment":[{"href":"https:\/\/naturalpoland.com\/tr\/wp-json\/wp\/v2\/media?parent=47994"}],"wp:term":[{"taxonomy":"product_brand","embeddable":true,"href":"https:\/\/naturalpoland.com\/tr\/wp-json\/wp\/v2\/product_brand?post=47994"},{"taxonomy":"product_cat","embeddable":true,"href":"https:\/\/naturalpoland.com\/tr\/wp-json\/wp\/v2\/product_cat?post=47994"},{"taxonomy":"product_tag","embeddable":true,"href":"https:\/\/naturalpoland.com\/tr\/wp-json\/wp\/v2\/product_tag?post=47994"}],"curies":[{"name":"wp","href":"https:\/\/api.w.org\/{rel}","templated":true}]}}