{"id":48052,"date":"2026-04-03T14:03:58","date_gmt":"2026-04-03T12:03:58","guid":{"rendered":"https:\/\/naturalpoland.com\/produkty\/kategorilenmemis\/cinko-hiyaluronat\/"},"modified":"2026-04-28T12:37:12","modified_gmt":"2026-04-28T10:37:12","slug":"cinko-hiyaluronat","status":"publish","type":"product","link":"https:\/\/naturalpoland.com\/tr\/urunler\/kozmetik-hammaddeleri\/kozmetik-hammaddeleri-2\/cinko-hiyaluronat\/","title":{"rendered":"\u00c7inko Hiyal\u00fcronat"},"content":{"rendered":"<p>\u00c7inko hiyal\u00fcronat, kozmetik ve dermatolojik uygulamalar i\u00e7in y\u00fcksek safl\u0131kta (yakla\u015f\u0131k %98,43) beyaz toz formunda bulunur. Hiyal\u00fcronik asidin yap\u0131s\u0131n\u0131n \u00f6nemli bir unsuru olan glukuronik asidin y\u00fcksek i\u00e7eri\u011fi (yakla\u015f\u0131k %47,45) ile karakterize edilir. Yakla\u015f\u0131k 1,15 \u00d7 10\u2076 Da molek\u00fcler a\u011f\u0131rl\u0131k, hammaddenin y\u00fczey ve koruyucu \u00f6zelliklerinden sorumlu y\u00fcksek molek\u00fcler a\u011f\u0131rl\u0131kl\u0131 formunu g\u00f6sterir.  <\/p>\n<h2>\u00c7inko hiyal\u00fcronat\u0131n \u00f6zellikleri ve etkisi:<\/h2>\n<p>Bu hammadde, iki temel bile\u015fenin varl\u0131\u011f\u0131ndan kaynaklanan sinerjik etki g\u00f6sterir \u2013 <strong>hiyal\u00fcronik asit<\/strong> ve <strong>\u00e7inko<\/strong>. Bir yandan su ba\u011flama ve y\u00fczeyinde koruyucu bir tabaka olu\u015fturma yetene\u011fi sayesinde <strong>cildin yo\u011fun nemlenmesinden<\/strong> sorumludur. Di\u011fer yandan \u00e7inko iyonlar\u0131, ciltte meydana gelen s\u00fcre\u00e7lerin d\u00fczenlenmesini, <strong>a\u015f\u0131r\u0131 sebum bezi aktivitesinin azalt\u0131lmas\u0131n\u0131<\/strong> ve <strong>problemli cildin durumunun iyile\u015ftirilmesini<\/strong> etkiler.  <\/p>\n<p>\u00c7inko hiyal\u00fcronat, cilt y\u00fczeyinde su kayb\u0131n\u0131 (TEWL) s\u0131n\u0131rlayan, epidermisin elastikiyetini ve p\u00fcr\u00fczs\u00fczl\u00fc\u011f\u00fcn\u00fc art\u0131ran hassas bir film olu\u015fturur. \u00c7inko varl\u0131\u011f\u0131, bu bile\u015feni ya\u011fl\u0131, karma ve kusurlu cilt bak\u0131m\u0131na y\u00f6nelik preparatlarda \u00f6zellikle de\u011ferli k\u0131lar. <\/p>\n<p>Hammadde ayr\u0131ca cildin rejenerasyonunu destekleyen ve genel durumunu iyile\u015ftiren \u00f6zellikler g\u00f6sterir. Nemlendirme ile d\u00fczenleyici etki aras\u0131nda denge gerektiren <strong>hassas cilt bak\u0131m\u0131na<\/strong> y\u00f6nelik form\u00fclasyonlarda kullan\u0131labilir. <\/p>\n<h2>\u00c7inko hiyal\u00fcronat\u0131n kullan\u0131m\u0131:<\/h2>\n<p>\u00c7inko hiyal\u00fcronat geni\u015f bir kozmetik \u00fcr\u00fcn yelpazesinde kullan\u0131m alan\u0131 bulur:<\/p>\n<ul>\n<li>nemlendirici kremler ve serumlar,<\/li>\n<li>ya\u011fl\u0131 ve akneye e\u011filimli cilt kozmetikleri,<\/li>\n<li>sebum salg\u0131s\u0131n\u0131 d\u00fczenleyen preparatlar,<\/li>\n<li>dermokozmetikler ve rejeneratif \u00fcr\u00fcnler,<\/li>\n<li>tonikler, em\u00fclsiyonlar ve bak\u0131m jelleri.<\/li>\n<\/ul>\n<p><strong>\u0130yi \u00e7\u00f6z\u00fcn\u00fcrl\u00fck<\/strong> ve stabilite sayesinde sulu ve em\u00fclsiyon form\u00fclasyonlar\u0131nda kullan\u0131labilir.<\/p>\n","protected":false},"excerpt":{"rendered":"<p><strong>\u00c7inko hiyal\u00fcronat<\/strong>, hiyal\u00fcronik asit ile \u00e7inko iyonlar\u0131n\u0131n kombinasyonu olan geli\u015fmi\u015f bir kozmetik hammaddedir. Hiyal\u00fcronat\u0131n karakteristik nemlendirici ve film olu\u015fturucu \u00f6zelliklerini \u00e7inkonun d\u00fczenleyici ve koruyucu etkisiyle birle\u015ftirir. <\/p>\n","protected":false},"featured_media":48053,"template":"","meta":{"_acf_changed":false},"product_brand":[],"product_cat":[9557],"product_tag":[],"class_list":{"0":"post-48052","1":"product","2":"type-product","3":"status-publish","4":"has-post-thumbnail","6":"product_cat-kozmetik-hammaddeleri-2","8":"first","9":"instock","10":"shipping-taxable","11":"product-type-simple"},"acf":[],"yoast_head":"<!-- This site is optimized with the Yoast SEO plugin v27.5 - https:\/\/yoast.com\/product\/yoast-seo-wordpress\/ -->\n<title>\u00c7inko Hiyal\u00fcronat - Hurtowy Dystrybutor<\/title>\n<meta name=\"description\" content=\"\u00c7inko hiyal\u00fcronat, nemlendirici ve d\u00fczenleyici etkiye sahip hiyal\u00fcronik asit ve \u00e7inko kombinasyonudur. Ya\u011fl\u0131 ve problemli cilt bak\u0131m\u0131 i\u00e7in kozmetik hammadde.\" \/>\n<meta name=\"robots\" content=\"index, follow, max-snippet:-1, max-image-preview:large, max-video-preview:-1\" \/>\n<link rel=\"canonical\" href=\"https:\/\/naturalpoland.com\/tr\/urunler\/kozmetik-hammaddeleri\/kozmetik-hammaddeleri-2\/cinko-hiyaluronat\/\" \/>\n<meta property=\"og:locale\" content=\"tr_TR\" \/>\n<meta property=\"og:type\" content=\"article\" \/>\n<meta property=\"og:title\" content=\"\u00c7inko Hiyal\u00fcronat - Hurtowy Dystrybutor\" \/>\n<meta property=\"og:description\" content=\"\u00c7inko hiyal\u00fcronat, nemlendirici ve d\u00fczenleyici etkiye sahip hiyal\u00fcronik asit ve \u00e7inko kombinasyonudur. Ya\u011fl\u0131 ve problemli cilt bak\u0131m\u0131 i\u00e7in kozmetik hammadde.\" \/>\n<meta property=\"og:url\" content=\"https:\/\/naturalpoland.com\/tr\/urunler\/kozmetik-hammaddeleri\/kozmetik-hammaddeleri-2\/cinko-hiyaluronat\/\" \/>\n<meta property=\"og:site_name\" content=\"NATURAL POLAND - Hurtowy Dystrybutor Surowc\u00f3w\" \/>\n<meta property=\"article:publisher\" content=\"https:\/\/www.facebook.com\/naturalpoland.b2b\" \/>\n<meta property=\"article:modified_time\" content=\"2026-04-28T10:37:12+00:00\" \/>\n<meta property=\"og:image\" content=\"https:\/\/naturalpoland.com\/wp-content\/uploads\/hialuronian-cynku.png\" \/>\n\t<meta property=\"og:image:width\" content=\"1024\" \/>\n\t<meta property=\"og:image:height\" content=\"1024\" \/>\n\t<meta property=\"og:image:type\" content=\"image\/png\" \/>\n<script type=\"application\/ld+json\" class=\"yoast-schema-graph\">{\"@context\":\"https:\\\/\\\/schema.org\",\"@graph\":[{\"@type\":\"WebPage\",\"@id\":\"https:\\\/\\\/naturalpoland.com\\\/tr\\\/urunler\\\/kozmetik-hammaddeleri\\\/kozmetik-hammaddeleri-2\\\/cinko-hiyaluronat\\\/\",\"url\":\"https:\\\/\\\/naturalpoland.com\\\/tr\\\/urunler\\\/kozmetik-hammaddeleri\\\/kozmetik-hammaddeleri-2\\\/cinko-hiyaluronat\\\/\",\"name\":\"\u00c7inko Hiyal\u00fcronat - Hurtowy Dystrybutor\",\"isPartOf\":{\"@id\":\"https:\\\/\\\/naturalpoland.com\\\/tr\\\/#website\"},\"primaryImageOfPage\":{\"@id\":\"https:\\\/\\\/naturalpoland.com\\\/tr\\\/urunler\\\/kozmetik-hammaddeleri\\\/kozmetik-hammaddeleri-2\\\/cinko-hiyaluronat\\\/#primaryimage\"},\"image\":{\"@id\":\"https:\\\/\\\/naturalpoland.com\\\/tr\\\/urunler\\\/kozmetik-hammaddeleri\\\/kozmetik-hammaddeleri-2\\\/cinko-hiyaluronat\\\/#primaryimage\"},\"thumbnailUrl\":\"https:\\\/\\\/naturalpoland.com\\\/wp-content\\\/uploads\\\/hialuronian-cynku.png\",\"datePublished\":\"2026-04-03T12:03:58+00:00\",\"dateModified\":\"2026-04-28T10:37:12+00:00\",\"description\":\"\u00c7inko hiyal\u00fcronat, nemlendirici ve d\u00fczenleyici etkiye sahip hiyal\u00fcronik asit ve \u00e7inko kombinasyonudur. Ya\u011fl\u0131 ve problemli cilt bak\u0131m\u0131 i\u00e7in kozmetik hammadde.\",\"breadcrumb\":{\"@id\":\"https:\\\/\\\/naturalpoland.com\\\/tr\\\/urunler\\\/kozmetik-hammaddeleri\\\/kozmetik-hammaddeleri-2\\\/cinko-hiyaluronat\\\/#breadcrumb\"},\"inLanguage\":\"tr\",\"potentialAction\":[{\"@type\":\"ReadAction\",\"target\":[\"https:\\\/\\\/naturalpoland.com\\\/tr\\\/urunler\\\/kozmetik-hammaddeleri\\\/kozmetik-hammaddeleri-2\\\/cinko-hiyaluronat\\\/\"]}]},{\"@type\":\"ImageObject\",\"inLanguage\":\"tr\",\"@id\":\"https:\\\/\\\/naturalpoland.com\\\/tr\\\/urunler\\\/kozmetik-hammaddeleri\\\/kozmetik-hammaddeleri-2\\\/cinko-hiyaluronat\\\/#primaryimage\",\"url\":\"https:\\\/\\\/naturalpoland.com\\\/wp-content\\\/uploads\\\/hialuronian-cynku.png\",\"contentUrl\":\"https:\\\/\\\/naturalpoland.com\\\/wp-content\\\/uploads\\\/hialuronian-cynku.png\",\"width\":1024,\"height\":1024,\"caption\":\"\u00e7inko hiyal\u00fcronat\"},{\"@type\":\"BreadcrumbList\",\"@id\":\"https:\\\/\\\/naturalpoland.com\\\/tr\\\/urunler\\\/kozmetik-hammaddeleri\\\/kozmetik-hammaddeleri-2\\\/cinko-hiyaluronat\\\/#breadcrumb\",\"itemListElement\":[{\"@type\":\"ListItem\",\"position\":1,\"name\":\"Ana Sayfa\",\"item\":\"https:\\\/\\\/naturalpoland.com\\\/tr\\\/\"},{\"@type\":\"ListItem\",\"position\":2,\"name\":\"\u00dcr\u00fcnler\",\"item\":\"https:\\\/\\\/naturalpoland.com\\\/tr\\\/urunler\\\/\"},{\"@type\":\"ListItem\",\"position\":3,\"name\":\"\u00c7inko Hiyal\u00fcronat\"}]},{\"@type\":\"WebSite\",\"@id\":\"https:\\\/\\\/naturalpoland.com\\\/tr\\\/#website\",\"url\":\"https:\\\/\\\/naturalpoland.com\\\/tr\\\/\",\"name\":\"NATURAL POLAND - Hurtowy Dystrybutor Surowc\u00f3w\",\"description\":\"Surowce dla przemys\u0142u spo\u017cywczego, kosmetycznego i farmaceutycznego\",\"publisher\":{\"@id\":\"https:\\\/\\\/naturalpoland.com\\\/tr\\\/#organization\"},\"potentialAction\":[{\"@type\":\"SearchAction\",\"target\":{\"@type\":\"EntryPoint\",\"urlTemplate\":\"https:\\\/\\\/naturalpoland.com\\\/tr\\\/?s={search_term_string}\"},\"query-input\":{\"@type\":\"PropertyValueSpecification\",\"valueRequired\":true,\"valueName\":\"search_term_string\"}}],\"inLanguage\":\"tr\"},{\"@type\":\"Organization\",\"@id\":\"https:\\\/\\\/naturalpoland.com\\\/tr\\\/#organization\",\"name\":\"Natural Poland\",\"url\":\"https:\\\/\\\/naturalpoland.com\\\/tr\\\/\",\"logo\":{\"@type\":\"ImageObject\",\"inLanguage\":\"tr\",\"@id\":\"https:\\\/\\\/naturalpoland.com\\\/tr\\\/#\\\/schema\\\/logo\\\/image\\\/\",\"url\":\"https:\\\/\\\/naturalpoland.com\\\/wp-content\\\/uploads\\\/2021\\\/05\\\/natural-poland-icon.png\",\"contentUrl\":\"https:\\\/\\\/naturalpoland.com\\\/wp-content\\\/uploads\\\/2021\\\/05\\\/natural-poland-icon.png\",\"width\":512,\"height\":512,\"caption\":\"Natural Poland\"},\"image\":{\"@id\":\"https:\\\/\\\/naturalpoland.com\\\/tr\\\/#\\\/schema\\\/logo\\\/image\\\/\"},\"sameAs\":[\"https:\\\/\\\/www.facebook.com\\\/naturalpoland.b2b\",\"https:\\\/\\\/pl.linkedin.com\\\/company\\\/natural-poland\",\"https:\\\/\\\/www.youtube.com\\\/channel\\\/UCgeGGkvOMahZo-xu_MSEWxg\"]}]}<\/script>\n<!-- \/ Yoast SEO plugin. -->","yoast_head_json":{"title":"\u00c7inko Hiyal\u00fcronat - Hurtowy Dystrybutor","description":"\u00c7inko hiyal\u00fcronat, nemlendirici ve d\u00fczenleyici etkiye sahip hiyal\u00fcronik asit ve \u00e7inko kombinasyonudur. Ya\u011fl\u0131 ve problemli cilt bak\u0131m\u0131 i\u00e7in kozmetik hammadde.","robots":{"index":"index","follow":"follow","max-snippet":"max-snippet:-1","max-image-preview":"max-image-preview:large","max-video-preview":"max-video-preview:-1"},"canonical":"https:\/\/naturalpoland.com\/tr\/urunler\/kozmetik-hammaddeleri\/kozmetik-hammaddeleri-2\/cinko-hiyaluronat\/","og_locale":"tr_TR","og_type":"article","og_title":"\u00c7inko Hiyal\u00fcronat - Hurtowy Dystrybutor","og_description":"\u00c7inko hiyal\u00fcronat, nemlendirici ve d\u00fczenleyici etkiye sahip hiyal\u00fcronik asit ve \u00e7inko kombinasyonudur. Ya\u011fl\u0131 ve problemli cilt bak\u0131m\u0131 i\u00e7in kozmetik hammadde.","og_url":"https:\/\/naturalpoland.com\/tr\/urunler\/kozmetik-hammaddeleri\/kozmetik-hammaddeleri-2\/cinko-hiyaluronat\/","og_site_name":"NATURAL POLAND - Hurtowy Dystrybutor Surowc\u00f3w","article_publisher":"https:\/\/www.facebook.com\/naturalpoland.b2b","article_modified_time":"2026-04-28T10:37:12+00:00","og_image":[{"width":1024,"height":1024,"url":"https:\/\/naturalpoland.com\/wp-content\/uploads\/hialuronian-cynku.png","type":"image\/png"}],"schema":{"@context":"https:\/\/schema.org","@graph":[{"@type":"WebPage","@id":"https:\/\/naturalpoland.com\/tr\/urunler\/kozmetik-hammaddeleri\/kozmetik-hammaddeleri-2\/cinko-hiyaluronat\/","url":"https:\/\/naturalpoland.com\/tr\/urunler\/kozmetik-hammaddeleri\/kozmetik-hammaddeleri-2\/cinko-hiyaluronat\/","name":"\u00c7inko Hiyal\u00fcronat - Hurtowy Dystrybutor","isPartOf":{"@id":"https:\/\/naturalpoland.com\/tr\/#website"},"primaryImageOfPage":{"@id":"https:\/\/naturalpoland.com\/tr\/urunler\/kozmetik-hammaddeleri\/kozmetik-hammaddeleri-2\/cinko-hiyaluronat\/#primaryimage"},"image":{"@id":"https:\/\/naturalpoland.com\/tr\/urunler\/kozmetik-hammaddeleri\/kozmetik-hammaddeleri-2\/cinko-hiyaluronat\/#primaryimage"},"thumbnailUrl":"https:\/\/naturalpoland.com\/wp-content\/uploads\/hialuronian-cynku.png","datePublished":"2026-04-03T12:03:58+00:00","dateModified":"2026-04-28T10:37:12+00:00","description":"\u00c7inko hiyal\u00fcronat, nemlendirici ve d\u00fczenleyici etkiye sahip hiyal\u00fcronik asit ve \u00e7inko kombinasyonudur. Ya\u011fl\u0131 ve problemli cilt bak\u0131m\u0131 i\u00e7in kozmetik hammadde.","breadcrumb":{"@id":"https:\/\/naturalpoland.com\/tr\/urunler\/kozmetik-hammaddeleri\/kozmetik-hammaddeleri-2\/cinko-hiyaluronat\/#breadcrumb"},"inLanguage":"tr","potentialAction":[{"@type":"ReadAction","target":["https:\/\/naturalpoland.com\/tr\/urunler\/kozmetik-hammaddeleri\/kozmetik-hammaddeleri-2\/cinko-hiyaluronat\/"]}]},{"@type":"ImageObject","inLanguage":"tr","@id":"https:\/\/naturalpoland.com\/tr\/urunler\/kozmetik-hammaddeleri\/kozmetik-hammaddeleri-2\/cinko-hiyaluronat\/#primaryimage","url":"https:\/\/naturalpoland.com\/wp-content\/uploads\/hialuronian-cynku.png","contentUrl":"https:\/\/naturalpoland.com\/wp-content\/uploads\/hialuronian-cynku.png","width":1024,"height":1024,"caption":"\u00e7inko hiyal\u00fcronat"},{"@type":"BreadcrumbList","@id":"https:\/\/naturalpoland.com\/tr\/urunler\/kozmetik-hammaddeleri\/kozmetik-hammaddeleri-2\/cinko-hiyaluronat\/#breadcrumb","itemListElement":[{"@type":"ListItem","position":1,"name":"Ana Sayfa","item":"https:\/\/naturalpoland.com\/tr\/"},{"@type":"ListItem","position":2,"name":"\u00dcr\u00fcnler","item":"https:\/\/naturalpoland.com\/tr\/urunler\/"},{"@type":"ListItem","position":3,"name":"\u00c7inko Hiyal\u00fcronat"}]},{"@type":"WebSite","@id":"https:\/\/naturalpoland.com\/tr\/#website","url":"https:\/\/naturalpoland.com\/tr\/","name":"NATURAL POLAND - Hurtowy Dystrybutor Surowc\u00f3w","description":"Surowce dla przemys\u0142u spo\u017cywczego, kosmetycznego i farmaceutycznego","publisher":{"@id":"https:\/\/naturalpoland.com\/tr\/#organization"},"potentialAction":[{"@type":"SearchAction","target":{"@type":"EntryPoint","urlTemplate":"https:\/\/naturalpoland.com\/tr\/?s={search_term_string}"},"query-input":{"@type":"PropertyValueSpecification","valueRequired":true,"valueName":"search_term_string"}}],"inLanguage":"tr"},{"@type":"Organization","@id":"https:\/\/naturalpoland.com\/tr\/#organization","name":"Natural Poland","url":"https:\/\/naturalpoland.com\/tr\/","logo":{"@type":"ImageObject","inLanguage":"tr","@id":"https:\/\/naturalpoland.com\/tr\/#\/schema\/logo\/image\/","url":"https:\/\/naturalpoland.com\/wp-content\/uploads\/2021\/05\/natural-poland-icon.png","contentUrl":"https:\/\/naturalpoland.com\/wp-content\/uploads\/2021\/05\/natural-poland-icon.png","width":512,"height":512,"caption":"Natural Poland"},"image":{"@id":"https:\/\/naturalpoland.com\/tr\/#\/schema\/logo\/image\/"},"sameAs":["https:\/\/www.facebook.com\/naturalpoland.b2b","https:\/\/pl.linkedin.com\/company\/natural-poland","https:\/\/www.youtube.com\/channel\/UCgeGGkvOMahZo-xu_MSEWxg"]}]}},"_links":{"self":[{"href":"https:\/\/naturalpoland.com\/tr\/wp-json\/wp\/v2\/product\/48052","targetHints":{"allow":["GET"]}}],"collection":[{"href":"https:\/\/naturalpoland.com\/tr\/wp-json\/wp\/v2\/product"}],"about":[{"href":"https:\/\/naturalpoland.com\/tr\/wp-json\/wp\/v2\/types\/product"}],"wp:featuredmedia":[{"embeddable":true,"href":"https:\/\/naturalpoland.com\/tr\/wp-json\/wp\/v2\/media\/48053"}],"wp:attachment":[{"href":"https:\/\/naturalpoland.com\/tr\/wp-json\/wp\/v2\/media?parent=48052"}],"wp:term":[{"taxonomy":"product_brand","embeddable":true,"href":"https:\/\/naturalpoland.com\/tr\/wp-json\/wp\/v2\/product_brand?post=48052"},{"taxonomy":"product_cat","embeddable":true,"href":"https:\/\/naturalpoland.com\/tr\/wp-json\/wp\/v2\/product_cat?post=48052"},{"taxonomy":"product_tag","embeddable":true,"href":"https:\/\/naturalpoland.com\/tr\/wp-json\/wp\/v2\/product_tag?post=48052"}],"curies":[{"name":"wp","href":"https:\/\/api.w.org\/{rel}","templated":true}]}}