{"id":48072,"date":"2026-04-03T13:44:25","date_gmt":"2026-04-03T11:44:25","guid":{"rendered":"https:\/\/naturalpoland.com\/produkty\/kategorilenmemis\/ogutulmus-yesil-kahve\/"},"modified":"2026-04-28T13:00:25","modified_gmt":"2026-04-28T11:00:25","slug":"ogutulmus-yesil-kahve","status":"publish","type":"product","link":"https:\/\/naturalpoland.com\/tr\/urunler\/bitkisel-urunler\/ogutulmus-yesil-kahve\/","title":{"rendered":"\u00d6\u011f\u00fct\u00fclm\u00fc\u015f Ye\u015fil Kahve"},"content":{"rendered":"<h2>\u00d6\u011f\u00fct\u00fclm\u00fc\u015f ye\u015fil kahvenin \u00f6zellikleri ve etkisi:<\/h2>\n<p>\u00d6\u011f\u00fct\u00fclm\u00fc\u015f ye\u015fil kahve, gri-ye\u015fil renkte ve karakteristik kokuda ince toz formundad\u0131r. Hammadde, Brezilya k\u00f6kenli \u00e7ekirdeklerden Polonya&#8217;da \u00fcretilmektedir. <\/p>\n<p>Hammadde, ba\u015fta <strong>klorojenik asitler<\/strong> ve <strong>kafein<\/strong> olmak \u00fczere do\u011fal biyoaktif bile\u015fikler i\u00e7erir ve enerji metabolizmas\u0131na y\u00f6nelik \u00fcr\u00fcnlerde kullan\u0131l\u0131r.<\/p>\n<p><strong>Klorojenik asit<\/strong> polifenoller grubuna aittir ve antioksidan \u00f6zellikler g\u00f6sterir. G\u0131da takviyelerinde glikoz ve lipit metabolizmas\u0131n\u0131 destekleyici rol oynar. <\/p>\n<p>Kozmetikte \u00f6\u011f\u00fct\u00fclm\u00fc\u015f ye\u015fil kahve s\u0131k\u0131la\u015ft\u0131r\u0131c\u0131 ve p\u00fcr\u00fczs\u00fczle\u015ftirici etkiye sahiptir. Kafein sayesinde bu hammadde, gerginli\u011fin iyile\u015ftirilmesini gerektiren cilt bak\u0131m\u0131na y\u00f6nelik preparatlarda ve antisel\u00fclit \u00fcr\u00fcnlerinde kullan\u0131l\u0131r. Ayr\u0131ca antioksidan \u00f6zellikleri cildin \u00e7evresel fakt\u00f6rlere kar\u015f\u0131 korunmas\u0131n\u0131 destekler.  <\/p>\n<p>Hammadde ayn\u0131 zamanda mekanik peelinglerde peeling bile\u015feni olarak da i\u015flev g\u00f6rebilir, \u00f6l\u00fc deri h\u00fccrelerinin uzakla\u015ft\u0131r\u0131lmas\u0131na ve cildin g\u00f6r\u00fcn\u00fcm\u00fcn\u00fcn iyile\u015ftirilmesine yard\u0131mc\u0131 olur.<\/p>\n<h2>\u00d6\u011f\u00fct\u00fclm\u00fc\u015f ye\u015fil kahvenin kullan\u0131m alanlar\u0131:<\/h2>\n<p>\u00d6\u011f\u00fct\u00fclm\u00fc\u015f ye\u015fil kahve \u015fu alanlarda kullan\u0131l\u0131r:<\/p>\n<ul>\n<li>g\u0131da takviyeleri (metabolizmay\u0131 destekleyen \u00fcr\u00fcnler),<\/li>\n<li>fonksiyonel g\u0131dalar ve i\u00e7ecekler,<\/li>\n<li>antisel\u00fclit ve s\u0131k\u0131la\u015ft\u0131r\u0131c\u0131 kozmetikler,<\/li>\n<li>peelingler ve peeling \u00fcr\u00fcnleri,<\/li>\n<li>do\u011fal ve bitkisel kozmetikler.<\/li>\n<\/ul>\n<p>Toz formu sayesinde kuru ve yar\u0131 kat\u0131 form\u00fclasyonlara kolayca eklenebilir.<\/p>\n","protected":false},"excerpt":{"rendered":"<p><strong>\u00d6\u011f\u00fct\u00fclm\u00fc\u015f ye\u015fil kahve<\/strong>, kavrulmam\u0131\u015f <em>Coffea arabica<\/em> kahve \u00e7ekirdeklerinden elde edilir. Kavrulmu\u015f kahvenin aksine, hammaddede bulunan aktif bile\u015fenlerin do\u011fal profilini korur. Hammadde, g\u0131da takviyeleri ve kozmetikte kullan\u0131m i\u00e7in tasarlanm\u0131\u015ft\u0131r.  <\/p>\n","protected":false},"featured_media":48074,"template":"","meta":{"_acf_changed":false},"product_brand":[],"product_cat":[9535],"product_tag":[],"class_list":{"0":"post-48072","1":"product","2":"type-product","3":"status-publish","4":"has-post-thumbnail","6":"product_cat-bitkisel-urunler","8":"first","9":"instock","10":"shipping-taxable","11":"product-type-simple"},"acf":[],"yoast_head":"<!-- This site is optimized with the Yoast SEO plugin v27.5 - https:\/\/yoast.com\/product\/yoast-seo-wordpress\/ -->\n<title>\u00d6\u011f\u00fct\u00fclm\u00fc\u015f Ye\u015fil Kahve - Hurtowy Dystrybutor<\/title>\n<meta name=\"description\" content=\"Kafein ve polifenollerden zengin \u00f6\u011f\u00fct\u00fclm\u00fc\u015f ye\u015fil kahve (Coffea arabica); takviyelerde, antisel\u00fclit kozmetiklerinde ve fonksiyonel \u00fcr\u00fcnlerde kullan\u0131l\u0131r\" \/>\n<meta name=\"robots\" content=\"index, follow, max-snippet:-1, max-image-preview:large, max-video-preview:-1\" \/>\n<link rel=\"canonical\" href=\"https:\/\/naturalpoland.com\/tr\/urunler\/bitkisel-urunler\/ogutulmus-yesil-kahve\/\" \/>\n<meta property=\"og:locale\" content=\"tr_TR\" \/>\n<meta property=\"og:type\" content=\"article\" \/>\n<meta property=\"og:title\" content=\"\u00d6\u011f\u00fct\u00fclm\u00fc\u015f Ye\u015fil Kahve - Hurtowy Dystrybutor\" \/>\n<meta property=\"og:description\" content=\"Kafein ve polifenollerden zengin \u00f6\u011f\u00fct\u00fclm\u00fc\u015f ye\u015fil kahve (Coffea arabica); takviyelerde, antisel\u00fclit kozmetiklerinde ve fonksiyonel \u00fcr\u00fcnlerde kullan\u0131l\u0131r\" \/>\n<meta property=\"og:url\" content=\"https:\/\/naturalpoland.com\/tr\/urunler\/bitkisel-urunler\/ogutulmus-yesil-kahve\/\" \/>\n<meta property=\"og:site_name\" content=\"NATURAL POLAND - Hurtowy Dystrybutor Surowc\u00f3w\" \/>\n<meta property=\"article:publisher\" content=\"https:\/\/www.facebook.com\/naturalpoland.b2b\" \/>\n<meta property=\"article:modified_time\" content=\"2026-04-28T11:00:25+00:00\" \/>\n<meta property=\"og:image\" content=\"https:\/\/naturalpoland.com\/wp-content\/uploads\/mielona-kawa-zielona.png\" \/>\n\t<meta property=\"og:image:width\" content=\"1024\" \/>\n\t<meta property=\"og:image:height\" content=\"1024\" \/>\n\t<meta property=\"og:image:type\" content=\"image\/png\" \/>\n<script type=\"application\/ld+json\" class=\"yoast-schema-graph\">{\"@context\":\"https:\\\/\\\/schema.org\",\"@graph\":[{\"@type\":\"WebPage\",\"@id\":\"https:\\\/\\\/naturalpoland.com\\\/tr\\\/urunler\\\/bitkisel-urunler\\\/ogutulmus-yesil-kahve\\\/\",\"url\":\"https:\\\/\\\/naturalpoland.com\\\/tr\\\/urunler\\\/bitkisel-urunler\\\/ogutulmus-yesil-kahve\\\/\",\"name\":\"\u00d6\u011f\u00fct\u00fclm\u00fc\u015f Ye\u015fil Kahve - Hurtowy Dystrybutor\",\"isPartOf\":{\"@id\":\"https:\\\/\\\/naturalpoland.com\\\/tr\\\/#website\"},\"primaryImageOfPage\":{\"@id\":\"https:\\\/\\\/naturalpoland.com\\\/tr\\\/urunler\\\/bitkisel-urunler\\\/ogutulmus-yesil-kahve\\\/#primaryimage\"},\"image\":{\"@id\":\"https:\\\/\\\/naturalpoland.com\\\/tr\\\/urunler\\\/bitkisel-urunler\\\/ogutulmus-yesil-kahve\\\/#primaryimage\"},\"thumbnailUrl\":\"https:\\\/\\\/naturalpoland.com\\\/wp-content\\\/uploads\\\/mielona-kawa-zielona.png\",\"datePublished\":\"2026-04-03T11:44:25+00:00\",\"dateModified\":\"2026-04-28T11:00:25+00:00\",\"description\":\"Kafein ve polifenollerden zengin \u00f6\u011f\u00fct\u00fclm\u00fc\u015f ye\u015fil kahve (Coffea arabica); takviyelerde, antisel\u00fclit kozmetiklerinde ve fonksiyonel \u00fcr\u00fcnlerde kullan\u0131l\u0131r\",\"breadcrumb\":{\"@id\":\"https:\\\/\\\/naturalpoland.com\\\/tr\\\/urunler\\\/bitkisel-urunler\\\/ogutulmus-yesil-kahve\\\/#breadcrumb\"},\"inLanguage\":\"tr\",\"potentialAction\":[{\"@type\":\"ReadAction\",\"target\":[\"https:\\\/\\\/naturalpoland.com\\\/tr\\\/urunler\\\/bitkisel-urunler\\\/ogutulmus-yesil-kahve\\\/\"]}]},{\"@type\":\"ImageObject\",\"inLanguage\":\"tr\",\"@id\":\"https:\\\/\\\/naturalpoland.com\\\/tr\\\/urunler\\\/bitkisel-urunler\\\/ogutulmus-yesil-kahve\\\/#primaryimage\",\"url\":\"https:\\\/\\\/naturalpoland.com\\\/wp-content\\\/uploads\\\/mielona-kawa-zielona.png\",\"contentUrl\":\"https:\\\/\\\/naturalpoland.com\\\/wp-content\\\/uploads\\\/mielona-kawa-zielona.png\",\"width\":1024,\"height\":1024,\"caption\":\"\u00f6\u011f\u00fct\u00fclm\u00fc\u015f ye\u015fil kahve\"},{\"@type\":\"BreadcrumbList\",\"@id\":\"https:\\\/\\\/naturalpoland.com\\\/tr\\\/urunler\\\/bitkisel-urunler\\\/ogutulmus-yesil-kahve\\\/#breadcrumb\",\"itemListElement\":[{\"@type\":\"ListItem\",\"position\":1,\"name\":\"Ana Sayfa\",\"item\":\"https:\\\/\\\/naturalpoland.com\\\/tr\\\/\"},{\"@type\":\"ListItem\",\"position\":2,\"name\":\"\u00dcr\u00fcnler\",\"item\":\"https:\\\/\\\/naturalpoland.com\\\/tr\\\/urunler\\\/\"},{\"@type\":\"ListItem\",\"position\":3,\"name\":\"\u00d6\u011f\u00fct\u00fclm\u00fc\u015f Ye\u015fil Kahve\"}]},{\"@type\":\"WebSite\",\"@id\":\"https:\\\/\\\/naturalpoland.com\\\/tr\\\/#website\",\"url\":\"https:\\\/\\\/naturalpoland.com\\\/tr\\\/\",\"name\":\"NATURAL POLAND - Hurtowy Dystrybutor Surowc\u00f3w\",\"description\":\"Surowce dla przemys\u0142u spo\u017cywczego, kosmetycznego i farmaceutycznego\",\"publisher\":{\"@id\":\"https:\\\/\\\/naturalpoland.com\\\/tr\\\/#organization\"},\"potentialAction\":[{\"@type\":\"SearchAction\",\"target\":{\"@type\":\"EntryPoint\",\"urlTemplate\":\"https:\\\/\\\/naturalpoland.com\\\/tr\\\/?s={search_term_string}\"},\"query-input\":{\"@type\":\"PropertyValueSpecification\",\"valueRequired\":true,\"valueName\":\"search_term_string\"}}],\"inLanguage\":\"tr\"},{\"@type\":\"Organization\",\"@id\":\"https:\\\/\\\/naturalpoland.com\\\/tr\\\/#organization\",\"name\":\"Natural Poland\",\"url\":\"https:\\\/\\\/naturalpoland.com\\\/tr\\\/\",\"logo\":{\"@type\":\"ImageObject\",\"inLanguage\":\"tr\",\"@id\":\"https:\\\/\\\/naturalpoland.com\\\/tr\\\/#\\\/schema\\\/logo\\\/image\\\/\",\"url\":\"https:\\\/\\\/naturalpoland.com\\\/wp-content\\\/uploads\\\/2021\\\/05\\\/natural-poland-icon.png\",\"contentUrl\":\"https:\\\/\\\/naturalpoland.com\\\/wp-content\\\/uploads\\\/2021\\\/05\\\/natural-poland-icon.png\",\"width\":512,\"height\":512,\"caption\":\"Natural Poland\"},\"image\":{\"@id\":\"https:\\\/\\\/naturalpoland.com\\\/tr\\\/#\\\/schema\\\/logo\\\/image\\\/\"},\"sameAs\":[\"https:\\\/\\\/www.facebook.com\\\/naturalpoland.b2b\",\"https:\\\/\\\/pl.linkedin.com\\\/company\\\/natural-poland\",\"https:\\\/\\\/www.youtube.com\\\/channel\\\/UCgeGGkvOMahZo-xu_MSEWxg\"]}]}<\/script>\n<!-- \/ Yoast SEO plugin. -->","yoast_head_json":{"title":"\u00d6\u011f\u00fct\u00fclm\u00fc\u015f Ye\u015fil Kahve - Hurtowy Dystrybutor","description":"Kafein ve polifenollerden zengin \u00f6\u011f\u00fct\u00fclm\u00fc\u015f ye\u015fil kahve (Coffea arabica); takviyelerde, antisel\u00fclit kozmetiklerinde ve fonksiyonel \u00fcr\u00fcnlerde kullan\u0131l\u0131r","robots":{"index":"index","follow":"follow","max-snippet":"max-snippet:-1","max-image-preview":"max-image-preview:large","max-video-preview":"max-video-preview:-1"},"canonical":"https:\/\/naturalpoland.com\/tr\/urunler\/bitkisel-urunler\/ogutulmus-yesil-kahve\/","og_locale":"tr_TR","og_type":"article","og_title":"\u00d6\u011f\u00fct\u00fclm\u00fc\u015f Ye\u015fil Kahve - Hurtowy Dystrybutor","og_description":"Kafein ve polifenollerden zengin \u00f6\u011f\u00fct\u00fclm\u00fc\u015f ye\u015fil kahve (Coffea arabica); takviyelerde, antisel\u00fclit kozmetiklerinde ve fonksiyonel \u00fcr\u00fcnlerde kullan\u0131l\u0131r","og_url":"https:\/\/naturalpoland.com\/tr\/urunler\/bitkisel-urunler\/ogutulmus-yesil-kahve\/","og_site_name":"NATURAL POLAND - Hurtowy Dystrybutor Surowc\u00f3w","article_publisher":"https:\/\/www.facebook.com\/naturalpoland.b2b","article_modified_time":"2026-04-28T11:00:25+00:00","og_image":[{"width":1024,"height":1024,"url":"https:\/\/naturalpoland.com\/wp-content\/uploads\/mielona-kawa-zielona.png","type":"image\/png"}],"schema":{"@context":"https:\/\/schema.org","@graph":[{"@type":"WebPage","@id":"https:\/\/naturalpoland.com\/tr\/urunler\/bitkisel-urunler\/ogutulmus-yesil-kahve\/","url":"https:\/\/naturalpoland.com\/tr\/urunler\/bitkisel-urunler\/ogutulmus-yesil-kahve\/","name":"\u00d6\u011f\u00fct\u00fclm\u00fc\u015f Ye\u015fil Kahve - Hurtowy Dystrybutor","isPartOf":{"@id":"https:\/\/naturalpoland.com\/tr\/#website"},"primaryImageOfPage":{"@id":"https:\/\/naturalpoland.com\/tr\/urunler\/bitkisel-urunler\/ogutulmus-yesil-kahve\/#primaryimage"},"image":{"@id":"https:\/\/naturalpoland.com\/tr\/urunler\/bitkisel-urunler\/ogutulmus-yesil-kahve\/#primaryimage"},"thumbnailUrl":"https:\/\/naturalpoland.com\/wp-content\/uploads\/mielona-kawa-zielona.png","datePublished":"2026-04-03T11:44:25+00:00","dateModified":"2026-04-28T11:00:25+00:00","description":"Kafein ve polifenollerden zengin \u00f6\u011f\u00fct\u00fclm\u00fc\u015f ye\u015fil kahve (Coffea arabica); takviyelerde, antisel\u00fclit kozmetiklerinde ve fonksiyonel \u00fcr\u00fcnlerde kullan\u0131l\u0131r","breadcrumb":{"@id":"https:\/\/naturalpoland.com\/tr\/urunler\/bitkisel-urunler\/ogutulmus-yesil-kahve\/#breadcrumb"},"inLanguage":"tr","potentialAction":[{"@type":"ReadAction","target":["https:\/\/naturalpoland.com\/tr\/urunler\/bitkisel-urunler\/ogutulmus-yesil-kahve\/"]}]},{"@type":"ImageObject","inLanguage":"tr","@id":"https:\/\/naturalpoland.com\/tr\/urunler\/bitkisel-urunler\/ogutulmus-yesil-kahve\/#primaryimage","url":"https:\/\/naturalpoland.com\/wp-content\/uploads\/mielona-kawa-zielona.png","contentUrl":"https:\/\/naturalpoland.com\/wp-content\/uploads\/mielona-kawa-zielona.png","width":1024,"height":1024,"caption":"\u00f6\u011f\u00fct\u00fclm\u00fc\u015f ye\u015fil kahve"},{"@type":"BreadcrumbList","@id":"https:\/\/naturalpoland.com\/tr\/urunler\/bitkisel-urunler\/ogutulmus-yesil-kahve\/#breadcrumb","itemListElement":[{"@type":"ListItem","position":1,"name":"Ana Sayfa","item":"https:\/\/naturalpoland.com\/tr\/"},{"@type":"ListItem","position":2,"name":"\u00dcr\u00fcnler","item":"https:\/\/naturalpoland.com\/tr\/urunler\/"},{"@type":"ListItem","position":3,"name":"\u00d6\u011f\u00fct\u00fclm\u00fc\u015f Ye\u015fil Kahve"}]},{"@type":"WebSite","@id":"https:\/\/naturalpoland.com\/tr\/#website","url":"https:\/\/naturalpoland.com\/tr\/","name":"NATURAL POLAND - Hurtowy Dystrybutor Surowc\u00f3w","description":"Surowce dla przemys\u0142u spo\u017cywczego, kosmetycznego i farmaceutycznego","publisher":{"@id":"https:\/\/naturalpoland.com\/tr\/#organization"},"potentialAction":[{"@type":"SearchAction","target":{"@type":"EntryPoint","urlTemplate":"https:\/\/naturalpoland.com\/tr\/?s={search_term_string}"},"query-input":{"@type":"PropertyValueSpecification","valueRequired":true,"valueName":"search_term_string"}}],"inLanguage":"tr"},{"@type":"Organization","@id":"https:\/\/naturalpoland.com\/tr\/#organization","name":"Natural Poland","url":"https:\/\/naturalpoland.com\/tr\/","logo":{"@type":"ImageObject","inLanguage":"tr","@id":"https:\/\/naturalpoland.com\/tr\/#\/schema\/logo\/image\/","url":"https:\/\/naturalpoland.com\/wp-content\/uploads\/2021\/05\/natural-poland-icon.png","contentUrl":"https:\/\/naturalpoland.com\/wp-content\/uploads\/2021\/05\/natural-poland-icon.png","width":512,"height":512,"caption":"Natural Poland"},"image":{"@id":"https:\/\/naturalpoland.com\/tr\/#\/schema\/logo\/image\/"},"sameAs":["https:\/\/www.facebook.com\/naturalpoland.b2b","https:\/\/pl.linkedin.com\/company\/natural-poland","https:\/\/www.youtube.com\/channel\/UCgeGGkvOMahZo-xu_MSEWxg"]}]}},"_links":{"self":[{"href":"https:\/\/naturalpoland.com\/tr\/wp-json\/wp\/v2\/product\/48072","targetHints":{"allow":["GET"]}}],"collection":[{"href":"https:\/\/naturalpoland.com\/tr\/wp-json\/wp\/v2\/product"}],"about":[{"href":"https:\/\/naturalpoland.com\/tr\/wp-json\/wp\/v2\/types\/product"}],"wp:featuredmedia":[{"embeddable":true,"href":"https:\/\/naturalpoland.com\/tr\/wp-json\/wp\/v2\/media\/48074"}],"wp:attachment":[{"href":"https:\/\/naturalpoland.com\/tr\/wp-json\/wp\/v2\/media?parent=48072"}],"wp:term":[{"taxonomy":"product_brand","embeddable":true,"href":"https:\/\/naturalpoland.com\/tr\/wp-json\/wp\/v2\/product_brand?post=48072"},{"taxonomy":"product_cat","embeddable":true,"href":"https:\/\/naturalpoland.com\/tr\/wp-json\/wp\/v2\/product_cat?post=48072"},{"taxonomy":"product_tag","embeddable":true,"href":"https:\/\/naturalpoland.com\/tr\/wp-json\/wp\/v2\/product_tag?post=48072"}],"curies":[{"name":"wp","href":"https:\/\/api.w.org\/{rel}","templated":true}]}}