{"id":21999,"date":"2021-05-11T13:49:22","date_gmt":"2023-04-14T13:25:33","guid":{"rendered":"https:\/\/naturalpoland.pl\/produkty\/uncategorized\/avocado-persea-gratissima-oil-%e9%b3%84%e6%a2%a8%e6%b2%b9\/"},"modified":"2024-04-29T13:27:51","modified_gmt":"2024-04-29T11:27:51","slug":"%e9%b3%84%e6%a2%a8%e6%b2%b9","status":"publish","type":"product","link":"https:\/\/naturalpoland.com\/zh-hans\/produkty\/shipinyu-jiuzhuang-you\/%e9%b3%84%e6%a2%a8%e6%b2%b9\/","title":{"rendered":"Avocado (Persea Gratissima) oil \/ \u9cc4\u68a8\u6cb9"},"content":{"rendered":"<p>\u9cc4\u68a8\u6cb9\u662f\u4ece\u8fd9\u4e9b\u6c34\u679c\u7684\u679c\u8089\u4e2d\u83b7\u5f97\u7684\u3002 \u5b83\u7684\u538b\u69a8\u65b9\u5f0f\u4f7f\u6cb9\u542b\u6709\u5c3d\u53ef\u80fd\u591a\u7684\u6709\u76ca\u6210\u5206\u3002 \u8fd9\u79cd\u6cb9\u542b\u6709\u4e30\u5bcc\u7684\u4e0d\u9971\u548c\u8102\u80aa\u3002 \u5176\u4e2d\u6bd4\u4f8b\u6700\u5927\u7684\u662f\u6cb9\u9178\uff0c\u53ef\u7528\u4e8e\u6cbb\u7597\u5fc3\u8840\u7ba1\u75be\u75c5\u3002 \u826f\u597d\u8102\u80aa\u7684\u9ad8\u542b\u91cf\u8fd8\u80fd\u6539\u5584\u76ae\u80a4\u548c\u5934\u53d1\u7684\u72b6\u51b5\uff0c\u589e\u52a0\u5b83\u4eec\u7684\u6c34\u5206\u542b\u91cf\uff0c\u5e76\u63d0\u9ad8\u5b83\u4eec\u7684\u5916\u89c2\u3002<\/p>\n<h1>\u9cc4\u68a8\u6cb9&#8211;\u5728\u5316\u5986\u54c1\u4e2d\u7684\u7279\u6027\u548c\u7528\u9014<\/h1>\n<p>\u725b\u6cb9\u679c\u88ab\u8ba4\u4e3a\u662f\u4e16\u754c\u4e0a\u6700\u5065\u5eb7\u7684\u6c34\u679c\u4e4b\u4e00\u3002 \u7136\u800c\uff0c\u5b83\u7684\u72ec\u7279\u5c5e\u6027\u4e0d\u4ec5\u53ef\u4ee5\u901a\u8fc7\u98df\u7528\u6c34\u679c\u672c\u8eab\u6765\u6b23\u8d4f\u3002 \u9cc4\u68a8\u6cb9\u53ef\u7528\u4e8e\u70f9\u996a\u3001\u5929\u7136\u836f\u7269\u548c\u5316\u5986\u54c1\u3002<\/p>\n<h2>\u9cc4\u68a8\u6cb9 &#8211; \u5316\u5b66\u6210\u5206<\/h2>\n<p>\u4e0e\u5927\u591a\u6570\u690d\u7269\u6cb9\u4e0d\u540c\uff0c\u9cc4\u68a8\u6cb9\u4e0d\u662f\u4ece\u79cd\u5b50\u800c\u662f\u4ece\u679c\u8089\u4e2d\u63d0\u53d6\u7684\u3002 \u5b83\u53ef\u4ee5\u901a\u8fc7\u51b7\u538b\uff08\u4fdd\u7559\u5176\u5927\u90e8\u5206\u4fc3\u8fdb\u5065\u5eb7\u7684\u7279\u6027\uff09\u6216\u901a\u8fc7\u9ad8\u6e29\u3001\u9176\u6216\u6709\u673a\u6eb6\u5242\u63d0\u70bc\u83b7\u5f97\u3002 \u9cc4\u68a8\u6cb9\u7531\u8bb8\u591a <strong><a href=\"\/?product_cat=\u7ef4\u751f\u7d20\">\u7ef4\u751f\u7d20<\/a><\/strong>&#8211; \u7ef4\u751f\u7d20A\u3001B\u65cf\uff08B1\u3001B2\u3001B3\u3001B5\u3001B6\u3001B7\uff09\u3001D\u3001E\u3001K\u548c\u8425\u517b\u6d3b\u6027\u77ff\u7269\u76d0\u3002<\/p>\n<p>\u50cf\u4efb\u4f55\u6cb9\u4e00\u6837\uff0c\u5b83\u4e5f\u542b\u6709\u5b9d\u8d35\u7684\u8102\u80aa\u9178\u3002 \u5176\u4e2d\u5305\u62ec\u9971\u548c\u9178\uff08\u68d5\u6988\u9178\u3001\u786c\u8102\u9178\uff09\uff0c\u4ee5\u53ca\u6b27\u7c73\u4f3d3\u3001\u6b27\u7c73\u4f3d6\u548c\u6b27\u7c73\u4f3d9\u9178\uff0c\u5305\u62ec\u6cb9\u9178\u3001\u4e9a\u6cb9\u9178\u3001\u4e9a\u9ebb\u9178\u3002 \u9cc4\u68a8\u6cb9\u4e2d\u8fd8\u5b58\u5728\u5375\u78f7\u8102\u3001\u690d\u7269\u753e\u9187\u3001\u86cb\u767d\u8d28\u548c <strong><a href=\"https:\/\/naturalpoland.com\/zh-hans\/\u4ea7\u54c1\/%e7%94%a8%e4%ba%8e%e5%8c%96%e5%a6%86%e5%93%81%e8%a1%8c%e4%b8%9a%e7%9a%84%e4%ba%a7%e5%93%81\/%e5%8c%96%e5%a6%86%e5%93%81%e5%8e%9f%e6%96%99\/%e6%a9%84%e6%a6%84\/\">\u89d2\u9ca8\u70f7<\/a><\/strong>.<\/p>\n<h3>\u8102\u80aa\u9178\u542b\u91cf<\/h3>\n<table>\n<tbody>\n<tr>\n<th>\u9178\u6027\u7269\u8d28\u540d\u79f0<\/th>\n<th>C-CHAIN<\/th>\n<th>\u5e45\u5ea6(%)<\/th>\n<\/tr>\n<tr>\n<td>PALMITIC<\/td>\n<td>C16:0<\/td>\n<td>5.0 &#8211; 25.0<\/td>\n<\/tr>\n<tr>\n<td>PALMITOLEIC<\/td>\n<td>C16:1<\/td>\n<td>1.0 &#8211; 12.0<\/td>\n<\/tr>\n<tr>\n<td>STEARIC<\/td>\n<td>C18:0<\/td>\n<td>\u22643.0<\/td>\n<\/tr>\n<tr>\n<td>OLEIC<\/td>\n<td>C18:1<\/td>\n<td>50.0 &#8211; 74.0<\/td>\n<\/tr>\n<tr>\n<td>LINOLEIC<\/td>\n<td>C18:2<\/td>\n<td>6.0 &#8211; 20.0<\/td>\n<\/tr>\n<tr>\n<td>LINOLENIC<\/td>\n<td>C18:3<\/td>\n<td>&lt; 3.0<\/td>\n<\/tr>\n<\/tbody>\n<\/table>\n<h2>\u9cc4\u68a8\u6cb9\u7684\u7f8e\u5bb9\u7279\u6027<\/h2>\n<p>\u4e30\u5bcc\u7684\u751f\u7269\u6d3b\u6027\u6210\u5206\u610f\u5473\u7740\u725b\u6cb9\u679c\u6cb9\u4e0d\u4ec5\u7528\u4e8e\u98df\u54c1\u884c\u4e1a\u3002 \u867d\u7136\u5176\u964d\u4f4e\u80c6\u56fa\u9187\u7684\u7279\u6027\u548c\u5bf9\u5fc3\u8840\u7ba1\u7cfb\u7edf\u7684\u6709\u76ca\u5f71\u54cd\u4e3b\u8981\u5728\u53a8\u623f\u4e2d\u5f97\u5230\u8d5e\u8d4f\uff0c\u4f46\u9cc4\u68a8\u6cb9\u5728\u5316\u5986\u54c1\u4e2d\u4e5f\u8d8a\u6765\u8d8a\u53d7\u6b22\u8fce\u3002<\/p>\n<p>\u7531\u4e8e\u542b\u6709\u8102\u80aa\u9178\uff0c<strong>\u725b\u6cb9\u679c\u6cb9\u80fd\u52a0\u5f3a\u76ae\u80a4\u7684\u5929\u7136\u4fdd\u62a4\u5c4f\u969c\uff0c<\/strong>\u63d0\u9ad8\u5176\u5f39\u6027\uff0c\u8fd8\u80fd\u8212\u7f13\u523a\u6fc0\uff0c\u4fc3\u8fdb\u8868\u76ae\u518d\u751f\u3002 \u5176\u4ed6\u5b58\u5728\u7684\u5316\u5408\u7269\uff0c\u5305\u62ec\u89d2\u9ca8\u70f7\u3001\u6709\u6548\u7684\u6297\u6c27\u5316\u5242\u751f\u80b2\u915a\u6216\u03b2-\u8c37\u753e\u9187\uff0c\u6269\u5c55\u4e86\u9cc4\u68a8\u6cb9\u7684\u7f8e\u5bb9\u6548\u679c\u3002 \u9664\u5176\u4ed6\u5916\uff0c\u5b83\u8868\u73b0\u51fa\u6297\u83cc\u548c\u6297\u771f\u83cc\u7279\u6027\uff0c\u523a\u6fc0\u80f6\u539f\u86cb\u767d\u7684\u4ea7\u751f\uff0c\u8f6f\u5316\u548c\u6ecb\u6da6\u76ae\u80a4\uff0c\u5e76\u5bf9\u6709\u5bb3\u7684\u7d2b\u5916\u7ebf\u8f90\u5c04\u6709\u4fdd\u62a4\u4f5c\u7528\u3002<\/p>\n<h2>\u725b\u6cb9\u679c\u6cb9\u5728\u5316\u5986\u54c1\u4e2d\u7684\u4f7f\u7528<\/h2>\n<p>\u7531\u4e8e\u5176\u591a\u65b9\u5411\u7684\u4f5c\u7528\u548c\u4e30\u5bcc\u7684\u6d3b\u6027\u6210\u5206\uff0c\u9cc4\u68a8\u6cb9\u88ab\u5e7f\u6cdb\u7528\u4e8e\u5316\u5986\u54c1\u4e2d\u3002<\/p>\n<h3>\u725b\u6cb9\u679c\u6cb9\u7528\u4e8e\u9762\u90e8<\/h3>\n<p>\u542b\u6709\u725b\u6cb9\u679c\u6cb9\u7684\u5316\u5986\u54c1\u7279\u522b\u63a8\u8350\u7528\u4e8e\u9762\u90e8\u62a4\u7406\uff0c\u5305\u62ec\u90a3\u4e9b\u6210\u719f\u3001\u6613\u957f\u75e4\u75ae\u3001\u5e72\u71e5\u548c\u523a\u6fc0\u6027\u76ae\u80a4\u3002 \u5b83\u4e0d\u4ec5\u80fd\u6ecb\u6da6\u76ae\u80a4\u548c\u8212\u7f13\u523a\u6fc0\uff0c\u800c\u4e14\u7531\u4e8e\u5176\u9ad8\u6297\u6c27\u5316\u5242\u542b\u91cf\uff0c\u5b83\u8fd8\u8868\u73b0\u51fa\u6297\u8870\u8001\u7279\u6027\u3002 \u6b64\u5916\uff0c\u725b\u6cb9\u679c\u6cb9\u7684\u6297\u83cc\u548c\u6297\u708e\u7279\u6027\u4f7f\u5176\u6210\u4e3a\u75e4\u75ae\u548c\u76ae\u80a4\u75be\u75c5\uff08\u5982\u6e7f\u75b9\u3001\u94f6\u5c51\u75c5\u548c\u7279\u5e94\u6027\u76ae\u708e\uff09\u7684\u6709\u6548\u6cbb\u7597\u624b\u6bb5\u3002<\/p>\n<h3>\u8eab\u4f53\u62a4\u7406\u4e2d\u7684\u9cc4\u68a8\u6cb9<\/h3>\n<p>\u542b\u6709\u725b\u6cb9\u679c\u6cb9\u7684\u4ea7\u54c1\u4e5f\u53ef\u4ee5\u6210\u529f\u7528\u4e8e\u65e5\u5e38\u5168\u8eab\u62a4\u7406\u3002 \u9664\u4e86\u4fdd\u6e7f\u548c\u52a0\u5f3a\u76ae\u80a4\u5c4f\u969c\u7684\u7279\u6027\u5916\uff0c\u5b83\u7684\u6e05\u6d01\u7279\u6027\u5728\u8fd9\u91cc\u4e5f\u5f97\u5230\u4e86\u8d5e\u8d4f &#8211; \u5b83\u4e0d\u4ec5\u53ef\u4ee5\u4f5c\u4e3a\u8eab\u4f53\u4e73\u971c\u548c\u5976\u6cb9\u7684\u6210\u5206\uff0c\u4e5f\u53ef\u4ee5\u7528\u4e8e\u6c90\u6d74\u9732\u3002 \u4f5c\u4e3a\u4e00\u79cd\u6e29\u548c\u4e14\u5f88\u5c11\u8fc7\u654f\u7684\u6210\u5206\uff0c\u5b83\u53ef\u4ee5\u5b89\u5168\u5730\u7528\u4e8e\u654f\u611f\u76ae\u80a4\u62a4\u7406\u4ee5\u53ca\u5b55\u5987\u3002 \u6709\u8da3\u7684\u662f\uff0c\u6700\u8fd1\u7684\u4e34\u5e8a\u62a5\u544a\u8fd8\u8868\u660e\uff0c\u725b\u6cb9\u679c\u6cb9\u7684\u975e\u7682\u5316\u90e8\u5206\u6709\u53ef\u80fd\u7f13\u89e3\u9aa8\u5173\u8282\u708e\u7684\u75c7\u72b6\u3002<\/p>\n<h3>\u725b\u6cb9\u679c\u6cb9\u7684\u5934\u53d1<\/h3>\n<p>\u7136\u800c\uff0c\u725b\u6cb9\u679c\u6cb9\u5728\u5316\u5986\u54c1\u4e2d\u4e0d\u4ec5\u7528\u4e8e\u76ae\u80a4\u62a4\u7406\u4ea7\u54c1\uff0c\u4e5f\u7528\u4e8e\u5934\u53d1\u3002 \u5b83\u53ef\u4ee5\u5305\u542b\u5728\u6d17\u53d1\u6c34\u3001\u62a4\u53d1\u7d20\u548c\u53d1\u819c\u4e2d\u3002 \u9664\u4e86\u4fdd\u62a4\u548c\u4fdd\u6e7f\u7279\u6027\u5916\uff0c\u725b\u6cb9\u679c\u6cb9\u8fd8\u5177\u6709\u53bb\u5934\u76ae\u5c51\u7684\u4f5c\u7528\uff0c\u4f7f\u5934\u53d1\u6709\u5149\u6cfd\u5e76\u6ecb\u517b\u5934\u76ae\uff0c\u5176\u8f7b\u76c8\u7684\u8d28\u5730\u4e0d\u4f1a\u4f7f\u5934\u53d1\u53d8\u5f97\u6c89\u91cd\u3002<\/p>\n<hr \/>\n<p><small><br \/>\n<strong>\u6587\u5b66<\/strong><\/small><\/p>\n<ol>\n<li>Schafer N, Sobczyk M, Burczyk D i wsp. Mo\u017cliwo\u015bci zastosowania olej\u00f3w ro\u015blinnych w piel\u0119gnacji sk\u00f3ry tr\u0105dzikowej. <em>Aesthetic Cosmetology and Medicine<\/em> (2022), 2(11): 49-55.<\/li>\n<li>Walewska E. Skuteczno\u015b\u0107 stosowania niezmydlaj\u0105cych si\u0119 frakcji awokado i oleju sojowego w chorobie zwyrodnieniowej staw\u00f3w. <em>Medycyna Fakt\u00f3w <\/em>(2021), 2(51): 188-192.<\/li>\n<li>Mo\u017cd\u017ce\u0144 K, Barabasz-Krasny B, Szymacha K i wsp. Ro\u015bliny wykorzystywane w maskach kosmetycznych. <em>Pol J Cosmet<\/em>ol (2016), 19(4): 372-379.<\/li>\n<li>https:\/\/informatormasarski.pl\/maszyny-i-technologie\/moda-a-moze-koniecznosc-wykorzystanie-odpadow-w-przemysle-miesnym\/<\/li>\n<\/ol>\n<p>&nbsp;<\/p>\n<hr \/>\n<p>&nbsp;<\/p>\n","protected":false},"excerpt":{"rendered":"<p>\u9cc4\u68a8\u6cb9\u6709\u591a\u79cd\u5065\u5eb7\u76ca\u5904\u3002 \u5b83\u6709\u52a9\u4e8e\u964d\u4f4e\u80c6\u56fa\u9187\u548c\u8840\u538b\uff0c\u6392\u6bd2\uff0c\u6539\u5584\u8425\u517b\u7d20\u5438\u6536\uff0c\u9884\u9632\u764c\u75c7\u3002 \u9cc4\u68a8\u6cb9\u4e5f\u53ef\u7528\u4e8e\u5316\u5986\u54c1\uff0c\u5b83\u6cbb\u7597\u76ae\u80a4\u95ee\u9898\u3001\u6ecb\u517b\u5934\u53d1\u5e76\u9632\u6b62\u5934\u76ae\u53d1\u708e\u3002 \u9cc4\u68a8\u5bcc\u542b\u7ef4\u751f\u7d20A\u548cE\uff0c\u6709\u52a9\u4e8e\u6ecb\u517b\u548c\u4fee\u590d\u76ae\u80a4\u5c4f\u969c\u3002<\/p>\n","protected":false},"featured_media":21678,"template":"","meta":{"_acf_changed":false},"product_brand":[],"product_cat":[489],"product_tag":[],"class_list":{"0":"post-21999","1":"product","2":"type-product","3":"status-publish","4":"has-post-thumbnail","6":"product_cat-shipinyu-jiuzhuang-you","7":"pa_grupa-substancji-6764","8":"pa_metoda-pozyskiwania-2117","10":"first","11":"instock","12":"shipping-taxable","13":"product-type-simple"},"acf":[],"yoast_head":"<!-- This site is optimized with the Yoast SEO plugin v27.4 - https:\/\/yoast.com\/product\/yoast-seo-wordpress\/ -->\n<title>Avocado (Persea Gratissima) oil \/ \u9cc4\u68a8\u6cb9 - \u6279\u53d1\u5206\u9500\u5546<\/title>\n<meta name=\"robots\" content=\"index, follow, max-snippet:-1, max-image-preview:large, max-video-preview:-1\" \/>\n<link rel=\"canonical\" href=\"https:\/\/naturalpoland.com\/zh-hans\/produkty\/shipinyu-jiuzhuang-you\/%e9%b3%84%e6%a2%a8%e6%b2%b9\/\" \/>\n<meta property=\"og:locale\" content=\"zh_CN\" \/>\n<meta property=\"og:type\" content=\"article\" \/>\n<meta property=\"og:title\" content=\"Avocado (Persea Gratissima) oil \/ \u9cc4\u68a8\u6cb9 - \u6279\u53d1\u5206\u9500\u5546\" \/>\n<meta property=\"og:description\" content=\"\u9cc4\u68a8\u6cb9\u6709\u591a\u79cd\u5065\u5eb7\u76ca\u5904\u3002 \u5b83\u6709\u52a9\u4e8e\u964d\u4f4e\u80c6\u56fa\u9187\u548c\u8840\u538b\uff0c\u6392\u6bd2\uff0c\u6539\u5584\u8425\u517b\u7d20\u5438\u6536\uff0c\u9884\u9632\u764c\u75c7\u3002 \u9cc4\u68a8\u6cb9\u4e5f\u53ef\u7528\u4e8e\u5316\u5986\u54c1\uff0c\u5b83\u6cbb\u7597\u76ae\u80a4\u95ee\u9898\u3001\u6ecb\u517b\u5934\u53d1\u5e76\u9632\u6b62\u5934\u76ae\u53d1\u708e\u3002 \u9cc4\u68a8\u5bcc\u542b\u7ef4\u751f\u7d20A\u548cE\uff0c\u6709\u52a9\u4e8e\u6ecb\u517b\u548c\u4fee\u590d\u76ae\u80a4\u5c4f\u969c\u3002\" \/>\n<meta property=\"og:url\" content=\"https:\/\/naturalpoland.com\/zh-hans\/produkty\/shipinyu-jiuzhuang-you\/%e9%b3%84%e6%a2%a8%e6%b2%b9\/\" \/>\n<meta property=\"og:site_name\" content=\"\u56fd\u9645\u8fdb\u53e3\u690d\u7269\u539f\u6599\u548c\u4f18\u8d28\u5316\u5986\u54c1\u539f\u6599-NATURAL POLAND\" \/>\n<meta property=\"article:publisher\" content=\"https:\/\/www.facebook.com\/naturalpoland.b2b\" \/>\n<meta property=\"article:modified_time\" content=\"2024-04-29T11:27:51+00:00\" \/>\n<meta property=\"og:image\" content=\"https:\/\/naturalpoland.com\/wp-content\/uploads\/2021\/05\/avocado-oil.jpg\" \/>\n\t<meta property=\"og:image:width\" content=\"2533\" \/>\n\t<meta property=\"og:image:height\" content=\"1980\" \/>\n\t<meta property=\"og:image:type\" content=\"image\/jpeg\" \/>\n<script type=\"application\/ld+json\" class=\"yoast-schema-graph\">{\"@context\":\"https:\\\/\\\/schema.org\",\"@graph\":[{\"@type\":\"WebPage\",\"@id\":\"https:\\\/\\\/naturalpoland.com\\\/zh-hans\\\/produkty\\\/shipinyu-jiuzhuang-you\\\/%e9%b3%84%e6%a2%a8%e6%b2%b9\\\/\",\"url\":\"https:\\\/\\\/naturalpoland.com\\\/zh-hans\\\/produkty\\\/shipinyu-jiuzhuang-you\\\/%e9%b3%84%e6%a2%a8%e6%b2%b9\\\/\",\"name\":\"Avocado (Persea Gratissima) oil \\\/ \u9cc4\u68a8\u6cb9 - \u6279\u53d1\u5206\u9500\u5546\",\"isPartOf\":{\"@id\":\"https:\\\/\\\/naturalpoland.com\\\/zh-hans\\\/#website\"},\"primaryImageOfPage\":{\"@id\":\"https:\\\/\\\/naturalpoland.com\\\/zh-hans\\\/produkty\\\/shipinyu-jiuzhuang-you\\\/%e9%b3%84%e6%a2%a8%e6%b2%b9\\\/#primaryimage\"},\"image\":{\"@id\":\"https:\\\/\\\/naturalpoland.com\\\/zh-hans\\\/produkty\\\/shipinyu-jiuzhuang-you\\\/%e9%b3%84%e6%a2%a8%e6%b2%b9\\\/#primaryimage\"},\"thumbnailUrl\":\"https:\\\/\\\/naturalpoland.com\\\/wp-content\\\/uploads\\\/2021\\\/05\\\/avocado-oil.jpg\",\"datePublished\":\"2023-04-14T13:25:33+00:00\",\"dateModified\":\"2024-04-29T11:27:51+00:00\",\"breadcrumb\":{\"@id\":\"https:\\\/\\\/naturalpoland.com\\\/zh-hans\\\/produkty\\\/shipinyu-jiuzhuang-you\\\/%e9%b3%84%e6%a2%a8%e6%b2%b9\\\/#breadcrumb\"},\"inLanguage\":\"zh-Hans\",\"potentialAction\":[{\"@type\":\"ReadAction\",\"target\":[\"https:\\\/\\\/naturalpoland.com\\\/zh-hans\\\/produkty\\\/shipinyu-jiuzhuang-you\\\/%e9%b3%84%e6%a2%a8%e6%b2%b9\\\/\"]}]},{\"@type\":\"ImageObject\",\"inLanguage\":\"zh-Hans\",\"@id\":\"https:\\\/\\\/naturalpoland.com\\\/zh-hans\\\/produkty\\\/shipinyu-jiuzhuang-you\\\/%e9%b3%84%e6%a2%a8%e6%b2%b9\\\/#primaryimage\",\"url\":\"https:\\\/\\\/naturalpoland.com\\\/wp-content\\\/uploads\\\/2021\\\/05\\\/avocado-oil.jpg\",\"contentUrl\":\"https:\\\/\\\/naturalpoland.com\\\/wp-content\\\/uploads\\\/2021\\\/05\\\/avocado-oil.jpg\",\"width\":2533,\"height\":1980},{\"@type\":\"BreadcrumbList\",\"@id\":\"https:\\\/\\\/naturalpoland.com\\\/zh-hans\\\/produkty\\\/shipinyu-jiuzhuang-you\\\/%e9%b3%84%e6%a2%a8%e6%b2%b9\\\/#breadcrumb\",\"itemListElement\":[{\"@type\":\"ListItem\",\"position\":1,\"name\":\"\u9996\u9875\",\"item\":\"https:\\\/\\\/naturalpoland.com\\\/zh-hans\\\/\"},{\"@type\":\"ListItem\",\"position\":2,\"name\":\"\u6210\u54c1\",\"item\":\"https:\\\/\\\/naturalpoland.com\\\/zh-hans\\\/%e4%ba%a7%e5%93%81\\\/\"},{\"@type\":\"ListItem\",\"position\":3,\"name\":\"Avocado (Persea Gratissima) oil \\\/ \u9cc4\u68a8\u6cb9\"}]},{\"@type\":\"WebSite\",\"@id\":\"https:\\\/\\\/naturalpoland.com\\\/zh-hans\\\/#website\",\"url\":\"https:\\\/\\\/naturalpoland.com\\\/zh-hans\\\/\",\"name\":\"\u56fd\u9645\u8fdb\u53e3\u690d\u7269\u539f\u6599\u548c\u4f18\u8d28\u5316\u5986\u54c1\u539f\u6599-NATURAL POLAND\",\"description\":\"\u6765\u81ea\u6ce2\u5170\u7684NATURAL POLAND\u4e3b\u8981\u4ece\u4e8b\u5168\u7403\u5316\u5986\u54c1\u539f\u6599\uff0c\u5236\u836f\u539f\u6599\uff0c\u98df\u7528\u7ea7\u5929\u7136\u690d\u7269\u6cb9\u7684\u8fdb\u53e3\u3001\u751f\u4ea7\u3001\u51fa\u53e3\u53ca\u5206\u9500\u3002\u4ea7\u54c1\u8d28\u91cf\u548c\u751f\u4ea7\u5de5\u827a\u7b26\u5408\u6b27\u6d32\u89c4\u8303\u548c\u6807\u51c6\u3002\",\"publisher\":{\"@id\":\"https:\\\/\\\/naturalpoland.com\\\/zh-hans\\\/#organization\"},\"potentialAction\":[{\"@type\":\"SearchAction\",\"target\":{\"@type\":\"EntryPoint\",\"urlTemplate\":\"https:\\\/\\\/naturalpoland.com\\\/zh-hans\\\/?s={search_term_string}\"},\"query-input\":{\"@type\":\"PropertyValueSpecification\",\"valueRequired\":true,\"valueName\":\"search_term_string\"}}],\"inLanguage\":\"zh-Hans\"},{\"@type\":\"Organization\",\"@id\":\"https:\\\/\\\/naturalpoland.com\\\/zh-hans\\\/#organization\",\"name\":\"Natural Poland\",\"url\":\"https:\\\/\\\/naturalpoland.com\\\/zh-hans\\\/\",\"logo\":{\"@type\":\"ImageObject\",\"inLanguage\":\"zh-Hans\",\"@id\":\"https:\\\/\\\/naturalpoland.com\\\/zh-hans\\\/#\\\/schema\\\/logo\\\/image\\\/\",\"url\":\"https:\\\/\\\/naturalpoland.com\\\/wp-content\\\/uploads\\\/2021\\\/05\\\/natural-poland-icon.png\",\"contentUrl\":\"https:\\\/\\\/naturalpoland.com\\\/wp-content\\\/uploads\\\/2021\\\/05\\\/natural-poland-icon.png\",\"width\":512,\"height\":512,\"caption\":\"Natural Poland\"},\"image\":{\"@id\":\"https:\\\/\\\/naturalpoland.com\\\/zh-hans\\\/#\\\/schema\\\/logo\\\/image\\\/\"},\"sameAs\":[\"https:\\\/\\\/www.facebook.com\\\/naturalpoland.b2b\",\"https:\\\/\\\/pl.linkedin.com\\\/company\\\/natural-poland\",\"https:\\\/\\\/www.youtube.com\\\/channel\\\/UCgeGGkvOMahZo-xu_MSEWxg\"]}]}<\/script>\n<!-- \/ Yoast SEO plugin. -->","yoast_head_json":{"title":"Avocado (Persea Gratissima) oil \/ \u9cc4\u68a8\u6cb9 - \u6279\u53d1\u5206\u9500\u5546","robots":{"index":"index","follow":"follow","max-snippet":"max-snippet:-1","max-image-preview":"max-image-preview:large","max-video-preview":"max-video-preview:-1"},"canonical":"https:\/\/naturalpoland.com\/zh-hans\/produkty\/shipinyu-jiuzhuang-you\/%e9%b3%84%e6%a2%a8%e6%b2%b9\/","og_locale":"zh_CN","og_type":"article","og_title":"Avocado (Persea Gratissima) oil \/ \u9cc4\u68a8\u6cb9 - \u6279\u53d1\u5206\u9500\u5546","og_description":"\u9cc4\u68a8\u6cb9\u6709\u591a\u79cd\u5065\u5eb7\u76ca\u5904\u3002 \u5b83\u6709\u52a9\u4e8e\u964d\u4f4e\u80c6\u56fa\u9187\u548c\u8840\u538b\uff0c\u6392\u6bd2\uff0c\u6539\u5584\u8425\u517b\u7d20\u5438\u6536\uff0c\u9884\u9632\u764c\u75c7\u3002 \u9cc4\u68a8\u6cb9\u4e5f\u53ef\u7528\u4e8e\u5316\u5986\u54c1\uff0c\u5b83\u6cbb\u7597\u76ae\u80a4\u95ee\u9898\u3001\u6ecb\u517b\u5934\u53d1\u5e76\u9632\u6b62\u5934\u76ae\u53d1\u708e\u3002 \u9cc4\u68a8\u5bcc\u542b\u7ef4\u751f\u7d20A\u548cE\uff0c\u6709\u52a9\u4e8e\u6ecb\u517b\u548c\u4fee\u590d\u76ae\u80a4\u5c4f\u969c\u3002","og_url":"https:\/\/naturalpoland.com\/zh-hans\/produkty\/shipinyu-jiuzhuang-you\/%e9%b3%84%e6%a2%a8%e6%b2%b9\/","og_site_name":"\u56fd\u9645\u8fdb\u53e3\u690d\u7269\u539f\u6599\u548c\u4f18\u8d28\u5316\u5986\u54c1\u539f\u6599-NATURAL POLAND","article_publisher":"https:\/\/www.facebook.com\/naturalpoland.b2b","article_modified_time":"2024-04-29T11:27:51+00:00","og_image":[{"width":2533,"height":1980,"url":"https:\/\/naturalpoland.com\/wp-content\/uploads\/2021\/05\/avocado-oil.jpg","type":"image\/jpeg"}],"schema":{"@context":"https:\/\/schema.org","@graph":[{"@type":"WebPage","@id":"https:\/\/naturalpoland.com\/zh-hans\/produkty\/shipinyu-jiuzhuang-you\/%e9%b3%84%e6%a2%a8%e6%b2%b9\/","url":"https:\/\/naturalpoland.com\/zh-hans\/produkty\/shipinyu-jiuzhuang-you\/%e9%b3%84%e6%a2%a8%e6%b2%b9\/","name":"Avocado (Persea Gratissima) oil \/ \u9cc4\u68a8\u6cb9 - \u6279\u53d1\u5206\u9500\u5546","isPartOf":{"@id":"https:\/\/naturalpoland.com\/zh-hans\/#website"},"primaryImageOfPage":{"@id":"https:\/\/naturalpoland.com\/zh-hans\/produkty\/shipinyu-jiuzhuang-you\/%e9%b3%84%e6%a2%a8%e6%b2%b9\/#primaryimage"},"image":{"@id":"https:\/\/naturalpoland.com\/zh-hans\/produkty\/shipinyu-jiuzhuang-you\/%e9%b3%84%e6%a2%a8%e6%b2%b9\/#primaryimage"},"thumbnailUrl":"https:\/\/naturalpoland.com\/wp-content\/uploads\/2021\/05\/avocado-oil.jpg","datePublished":"2023-04-14T13:25:33+00:00","dateModified":"2024-04-29T11:27:51+00:00","breadcrumb":{"@id":"https:\/\/naturalpoland.com\/zh-hans\/produkty\/shipinyu-jiuzhuang-you\/%e9%b3%84%e6%a2%a8%e6%b2%b9\/#breadcrumb"},"inLanguage":"zh-Hans","potentialAction":[{"@type":"ReadAction","target":["https:\/\/naturalpoland.com\/zh-hans\/produkty\/shipinyu-jiuzhuang-you\/%e9%b3%84%e6%a2%a8%e6%b2%b9\/"]}]},{"@type":"ImageObject","inLanguage":"zh-Hans","@id":"https:\/\/naturalpoland.com\/zh-hans\/produkty\/shipinyu-jiuzhuang-you\/%e9%b3%84%e6%a2%a8%e6%b2%b9\/#primaryimage","url":"https:\/\/naturalpoland.com\/wp-content\/uploads\/2021\/05\/avocado-oil.jpg","contentUrl":"https:\/\/naturalpoland.com\/wp-content\/uploads\/2021\/05\/avocado-oil.jpg","width":2533,"height":1980},{"@type":"BreadcrumbList","@id":"https:\/\/naturalpoland.com\/zh-hans\/produkty\/shipinyu-jiuzhuang-you\/%e9%b3%84%e6%a2%a8%e6%b2%b9\/#breadcrumb","itemListElement":[{"@type":"ListItem","position":1,"name":"\u9996\u9875","item":"https:\/\/naturalpoland.com\/zh-hans\/"},{"@type":"ListItem","position":2,"name":"\u6210\u54c1","item":"https:\/\/naturalpoland.com\/zh-hans\/%e4%ba%a7%e5%93%81\/"},{"@type":"ListItem","position":3,"name":"Avocado (Persea Gratissima) oil \/ \u9cc4\u68a8\u6cb9"}]},{"@type":"WebSite","@id":"https:\/\/naturalpoland.com\/zh-hans\/#website","url":"https:\/\/naturalpoland.com\/zh-hans\/","name":"\u56fd\u9645\u8fdb\u53e3\u690d\u7269\u539f\u6599\u548c\u4f18\u8d28\u5316\u5986\u54c1\u539f\u6599-NATURAL POLAND","description":"\u6765\u81ea\u6ce2\u5170\u7684NATURAL POLAND\u4e3b\u8981\u4ece\u4e8b\u5168\u7403\u5316\u5986\u54c1\u539f\u6599\uff0c\u5236\u836f\u539f\u6599\uff0c\u98df\u7528\u7ea7\u5929\u7136\u690d\u7269\u6cb9\u7684\u8fdb\u53e3\u3001\u751f\u4ea7\u3001\u51fa\u53e3\u53ca\u5206\u9500\u3002\u4ea7\u54c1\u8d28\u91cf\u548c\u751f\u4ea7\u5de5\u827a\u7b26\u5408\u6b27\u6d32\u89c4\u8303\u548c\u6807\u51c6\u3002","publisher":{"@id":"https:\/\/naturalpoland.com\/zh-hans\/#organization"},"potentialAction":[{"@type":"SearchAction","target":{"@type":"EntryPoint","urlTemplate":"https:\/\/naturalpoland.com\/zh-hans\/?s={search_term_string}"},"query-input":{"@type":"PropertyValueSpecification","valueRequired":true,"valueName":"search_term_string"}}],"inLanguage":"zh-Hans"},{"@type":"Organization","@id":"https:\/\/naturalpoland.com\/zh-hans\/#organization","name":"Natural Poland","url":"https:\/\/naturalpoland.com\/zh-hans\/","logo":{"@type":"ImageObject","inLanguage":"zh-Hans","@id":"https:\/\/naturalpoland.com\/zh-hans\/#\/schema\/logo\/image\/","url":"https:\/\/naturalpoland.com\/wp-content\/uploads\/2021\/05\/natural-poland-icon.png","contentUrl":"https:\/\/naturalpoland.com\/wp-content\/uploads\/2021\/05\/natural-poland-icon.png","width":512,"height":512,"caption":"Natural Poland"},"image":{"@id":"https:\/\/naturalpoland.com\/zh-hans\/#\/schema\/logo\/image\/"},"sameAs":["https:\/\/www.facebook.com\/naturalpoland.b2b","https:\/\/pl.linkedin.com\/company\/natural-poland","https:\/\/www.youtube.com\/channel\/UCgeGGkvOMahZo-xu_MSEWxg"]}]}},"_links":{"self":[{"href":"https:\/\/naturalpoland.com\/zh-hans\/wp-json\/wp\/v2\/product\/21999","targetHints":{"allow":["GET"]}}],"collection":[{"href":"https:\/\/naturalpoland.com\/zh-hans\/wp-json\/wp\/v2\/product"}],"about":[{"href":"https:\/\/naturalpoland.com\/zh-hans\/wp-json\/wp\/v2\/types\/product"}],"wp:featuredmedia":[{"embeddable":true,"href":"https:\/\/naturalpoland.com\/zh-hans\/wp-json\/wp\/v2\/media\/21678"}],"wp:attachment":[{"href":"https:\/\/naturalpoland.com\/zh-hans\/wp-json\/wp\/v2\/media?parent=21999"}],"wp:term":[{"taxonomy":"product_brand","embeddable":true,"href":"https:\/\/naturalpoland.com\/zh-hans\/wp-json\/wp\/v2\/product_brand?post=21999"},{"taxonomy":"product_cat","embeddable":true,"href":"https:\/\/naturalpoland.com\/zh-hans\/wp-json\/wp\/v2\/product_cat?post=21999"},{"taxonomy":"product_tag","embeddable":true,"href":"https:\/\/naturalpoland.com\/zh-hans\/wp-json\/wp\/v2\/product_tag?post=21999"}],"curies":[{"name":"wp","href":"https:\/\/api.w.org\/{rel}","templated":true}]}}