{"id":22227,"date":"2021-05-11T13:43:23","date_gmt":"2023-04-14T17:15:29","guid":{"rendered":"https:\/\/naturalpoland.pl\/produkty\/uncategorized\/%e6%b0%b4%e5%90%88%e7%8e%ab%e7%91%b0\/"},"modified":"2023-04-14T19:15:29","modified_gmt":"2023-04-14T17:15:29","slug":"%e6%b0%a2%e6%b0%a7%e5%8c%96%e9%93%9d","status":"publish","type":"product","link":"https:\/\/naturalpoland.com\/zh-hans\/produkty\/huazhuangpin-chanyechanpin\/hydrosols-cn\/%e6%b0%a2%e6%b0%a7%e5%8c%96%e9%93%9d\/","title":{"rendered":"\u6c34\u5408\u73ab\u7470"},"content":{"rendered":"<p>\u672c\u4ea7\u54c1\u7684\u5176\u4ed6\u540d\u79f0\uff1a\u5927\u9a6c\u58eb\u9769\u73ab\u7470\u84b8\u998f\u7269\u3001\u82b1\u6c34\u3001\u73ab\u7470\u84b8\u998f\u7269\u3001\u5927\u9a6c\u58eb\u9769\u73ab\u7470\u6c34\u3001\u5927\u9a6c\u58eb\u9769\u73ab\u7470\u6c34\u5408\u7269\u3001\u5927\u9a6c\u58eb\u9769\u73ab\u7470\u84b8\u998f\u7269\u3001\u5927\u9a6c\u58eb\u9769\u73ab\u7470\uff08\u73ab\u7470\uff09\u84b8\u998f\u7269\u3001\u5927\u9a6c\u58eb\u9769\u73ab\u7470\u6c34\u3001\u5927\u9a6c\u58eb\u9769\u73ab\u7470\u6c34\u3001\u73ab\u7470\uff08\u5927\u9a6c\u58eb\u9769\u73ab\u7470\uff09\u9c9c\u82b1\u84b8\u998f\u7269\u3001\u5927\u9a6c\u58eb\u9769\u73ab\u7470\uff08\u4fdd\u52a0\u5229\u4e9a\u73ab\u7470\uff09\u9c9c\u82b1\u6c34<\/p>\n","protected":false},"excerpt":{"rendered":"<p>\u6211\u4eec\u662f\u771f\u6b63\u7684<strong>\u5927\u9a6c\u58eb\u9769\u73ab\u7470\u6c34\u5408\u5242<\/strong>\u7684\u6279\u53d1\u5546\uff0c100%\u5929\u7136\uff0c\u4e0d\u542b\u6dfb\u52a0\u5242\u3002 \u6211\u4eec\u76f4\u63a5\u4ece\u5236\u9020\u5546\u90a3\u91cc\u63d0\u4f9b\u65b0\u9c9c\u4ea7\u54c1\u3002<\/p>\n<p>\u73ab\u7470\u6c34\u5408\u7269\u5bf9\u76ae\u80a4\u6709\u6ecb\u6da6\u548c\u8212\u7f13\u4f5c\u7528\u3002 \u5b83\u662f\u901a\u8fc7\u84b8\u998f\u5927\u9a6c\u58eb\u9769\u73ab\u7470\u7684\u82b1\u6735\u800c\u83b7\u5f97\u7684\u3002 \u5b83\u662f\u4e00\u79cd\u5e7f\u6cdb\u7528\u4e8e\u7f8e\u5bb9\u4e1a\u7684\u6d41\u884c\u539f\u6599\u3002<\/p>\n<p>&nbsp;<\/p>\n","protected":false},"featured_media":37577,"template":"","meta":[],"product_brand":[],"product_cat":[2067,3547],"product_tag":[],"class_list":{"0":"post-22227","1":"product","2":"type-product","3":"status-publish","4":"has-post-thumbnail","6":"product_cat-zhiwu-tizhiwu","7":"product_cat-hydrosols-cn","8":"pa_certyfikaty-qing-zhen-ren-zheng","9":"pa_certyfikaty-you-tai-jie-shi-ren-zheng","10":"pa_czesc-rosliny-2151","11":"pa_grupa-substancji-4026","12":"pa_metoda-pozyskiwania-2152","14":"first","15":"instock","16":"shipping-taxable","17":"product-type-simple"},"yoast_head":"<!-- This site is optimized with the Yoast SEO plugin v27.4 - https:\/\/yoast.com\/product\/yoast-seo-wordpress\/ -->\n<title>\u6c34\u5408\u73ab\u7470 - \u6279\u53d1\u5206\u9500\u5546<\/title>\n<meta name=\"robots\" content=\"index, follow, max-snippet:-1, max-image-preview:large, max-video-preview:-1\" \/>\n<link rel=\"canonical\" href=\"https:\/\/naturalpoland.com\/zh-hans\/produkty\/huazhuangpin-chanyechanpin\/hydrosols-cn\/%e6%b0%a2%e6%b0%a7%e5%8c%96%e9%93%9d\/\" \/>\n<meta property=\"og:locale\" content=\"zh_CN\" \/>\n<meta property=\"og:type\" content=\"article\" \/>\n<meta property=\"og:title\" content=\"\u6c34\u5408\u73ab\u7470 - \u6279\u53d1\u5206\u9500\u5546\" \/>\n<meta property=\"og:description\" content=\"\u6211\u4eec\u662f\u771f\u6b63\u7684\u5927\u9a6c\u58eb\u9769\u73ab\u7470\u6c34\u5408\u5242\u7684\u6279\u53d1\u5546\uff0c100%\u5929\u7136\uff0c\u4e0d\u542b\u6dfb\u52a0\u5242\u3002 \u6211\u4eec\u76f4\u63a5\u4ece\u5236\u9020\u5546\u90a3\u91cc\u63d0\u4f9b\u65b0\u9c9c\u4ea7\u54c1\u3002 \u73ab\u7470\u6c34\u5408\u7269\u5bf9\u76ae\u80a4\u6709\u6ecb\u6da6\u548c\u8212\u7f13\u4f5c\u7528\u3002 \u5b83\u662f\u901a\u8fc7\u84b8\u998f\u5927\u9a6c\u58eb\u9769\u73ab\u7470\u7684\u82b1\u6735\u800c\u83b7\u5f97\u7684\u3002 \u5b83\u662f\u4e00\u79cd\u5e7f\u6cdb\u7528\u4e8e\u7f8e\u5bb9\u4e1a\u7684\u6d41\u884c\u539f\u6599\u3002 &nbsp;\" \/>\n<meta property=\"og:url\" content=\"https:\/\/naturalpoland.com\/zh-hans\/produkty\/huazhuangpin-chanyechanpin\/hydrosols-cn\/%e6%b0%a2%e6%b0%a7%e5%8c%96%e9%93%9d\/\" \/>\n<meta property=\"og:site_name\" content=\"\u56fd\u9645\u8fdb\u53e3\u690d\u7269\u539f\u6599\u548c\u4f18\u8d28\u5316\u5986\u54c1\u539f\u6599-NATURAL POLAND\" \/>\n<meta property=\"article:publisher\" content=\"https:\/\/www.facebook.com\/naturalpoland.b2b\" \/>\n<meta property=\"og:image\" content=\"https:\/\/naturalpoland.com\/wp-content\/uploads\/hydrolat-z-rozy-damascenskiej.webp\" \/>\n\t<meta property=\"og:image:width\" content=\"614\" \/>\n\t<meta property=\"og:image:height\" content=\"614\" \/>\n\t<meta property=\"og:image:type\" content=\"image\/webp\" \/>\n<script type=\"application\/ld+json\" class=\"yoast-schema-graph\">{\"@context\":\"https:\\\/\\\/schema.org\",\"@graph\":[{\"@type\":\"WebPage\",\"@id\":\"https:\\\/\\\/naturalpoland.com\\\/zh-hans\\\/produkty\\\/huazhuangpin-chanyechanpin\\\/hydrosols-cn\\\/%e6%b0%a2%e6%b0%a7%e5%8c%96%e9%93%9d\\\/\",\"url\":\"https:\\\/\\\/naturalpoland.com\\\/zh-hans\\\/produkty\\\/huazhuangpin-chanyechanpin\\\/hydrosols-cn\\\/%e6%b0%a2%e6%b0%a7%e5%8c%96%e9%93%9d\\\/\",\"name\":\"\u6c34\u5408\u73ab\u7470 - \u6279\u53d1\u5206\u9500\u5546\",\"isPartOf\":{\"@id\":\"https:\\\/\\\/naturalpoland.com\\\/zh-hans\\\/#website\"},\"primaryImageOfPage\":{\"@id\":\"https:\\\/\\\/naturalpoland.com\\\/zh-hans\\\/produkty\\\/huazhuangpin-chanyechanpin\\\/hydrosols-cn\\\/%e6%b0%a2%e6%b0%a7%e5%8c%96%e9%93%9d\\\/#primaryimage\"},\"image\":{\"@id\":\"https:\\\/\\\/naturalpoland.com\\\/zh-hans\\\/produkty\\\/huazhuangpin-chanyechanpin\\\/hydrosols-cn\\\/%e6%b0%a2%e6%b0%a7%e5%8c%96%e9%93%9d\\\/#primaryimage\"},\"thumbnailUrl\":\"https:\\\/\\\/naturalpoland.com\\\/wp-content\\\/uploads\\\/hydrolat-z-rozy-damascenskiej.webp\",\"datePublished\":\"2023-04-14T17:15:29+00:00\",\"breadcrumb\":{\"@id\":\"https:\\\/\\\/naturalpoland.com\\\/zh-hans\\\/produkty\\\/huazhuangpin-chanyechanpin\\\/hydrosols-cn\\\/%e6%b0%a2%e6%b0%a7%e5%8c%96%e9%93%9d\\\/#breadcrumb\"},\"inLanguage\":\"zh-Hans\",\"potentialAction\":[{\"@type\":\"ReadAction\",\"target\":[\"https:\\\/\\\/naturalpoland.com\\\/zh-hans\\\/produkty\\\/huazhuangpin-chanyechanpin\\\/hydrosols-cn\\\/%e6%b0%a2%e6%b0%a7%e5%8c%96%e9%93%9d\\\/\"]}]},{\"@type\":\"ImageObject\",\"inLanguage\":\"zh-Hans\",\"@id\":\"https:\\\/\\\/naturalpoland.com\\\/zh-hans\\\/produkty\\\/huazhuangpin-chanyechanpin\\\/hydrosols-cn\\\/%e6%b0%a2%e6%b0%a7%e5%8c%96%e9%93%9d\\\/#primaryimage\",\"url\":\"https:\\\/\\\/naturalpoland.com\\\/wp-content\\\/uploads\\\/hydrolat-z-rozy-damascenskiej.webp\",\"contentUrl\":\"https:\\\/\\\/naturalpoland.com\\\/wp-content\\\/uploads\\\/hydrolat-z-rozy-damascenskiej.webp\",\"width\":614,\"height\":614,\"caption\":\"Hydrolat r\u00f3\u017cany z r\u00f3\u017cy damasce\u0144skiej\"},{\"@type\":\"BreadcrumbList\",\"@id\":\"https:\\\/\\\/naturalpoland.com\\\/zh-hans\\\/produkty\\\/huazhuangpin-chanyechanpin\\\/hydrosols-cn\\\/%e6%b0%a2%e6%b0%a7%e5%8c%96%e9%93%9d\\\/#breadcrumb\",\"itemListElement\":[{\"@type\":\"ListItem\",\"position\":1,\"name\":\"\u9996\u9875\",\"item\":\"https:\\\/\\\/naturalpoland.com\\\/zh-hans\\\/\"},{\"@type\":\"ListItem\",\"position\":2,\"name\":\"\u6210\u54c1\",\"item\":\"https:\\\/\\\/naturalpoland.com\\\/zh-hans\\\/%e4%ba%a7%e5%93%81\\\/\"},{\"@type\":\"ListItem\",\"position\":3,\"name\":\"\u6c34\u5408\u73ab\u7470\"}]},{\"@type\":\"WebSite\",\"@id\":\"https:\\\/\\\/naturalpoland.com\\\/zh-hans\\\/#website\",\"url\":\"https:\\\/\\\/naturalpoland.com\\\/zh-hans\\\/\",\"name\":\"\u56fd\u9645\u8fdb\u53e3\u690d\u7269\u539f\u6599\u548c\u4f18\u8d28\u5316\u5986\u54c1\u539f\u6599-NATURAL POLAND\",\"description\":\"\u6765\u81ea\u6ce2\u5170\u7684NATURAL POLAND\u4e3b\u8981\u4ece\u4e8b\u5168\u7403\u5316\u5986\u54c1\u539f\u6599\uff0c\u5236\u836f\u539f\u6599\uff0c\u98df\u7528\u7ea7\u5929\u7136\u690d\u7269\u6cb9\u7684\u8fdb\u53e3\u3001\u751f\u4ea7\u3001\u51fa\u53e3\u53ca\u5206\u9500\u3002\u4ea7\u54c1\u8d28\u91cf\u548c\u751f\u4ea7\u5de5\u827a\u7b26\u5408\u6b27\u6d32\u89c4\u8303\u548c\u6807\u51c6\u3002\",\"publisher\":{\"@id\":\"https:\\\/\\\/naturalpoland.com\\\/zh-hans\\\/#organization\"},\"potentialAction\":[{\"@type\":\"SearchAction\",\"target\":{\"@type\":\"EntryPoint\",\"urlTemplate\":\"https:\\\/\\\/naturalpoland.com\\\/zh-hans\\\/?s={search_term_string}\"},\"query-input\":{\"@type\":\"PropertyValueSpecification\",\"valueRequired\":true,\"valueName\":\"search_term_string\"}}],\"inLanguage\":\"zh-Hans\"},{\"@type\":\"Organization\",\"@id\":\"https:\\\/\\\/naturalpoland.com\\\/zh-hans\\\/#organization\",\"name\":\"Natural Poland\",\"url\":\"https:\\\/\\\/naturalpoland.com\\\/zh-hans\\\/\",\"logo\":{\"@type\":\"ImageObject\",\"inLanguage\":\"zh-Hans\",\"@id\":\"https:\\\/\\\/naturalpoland.com\\\/zh-hans\\\/#\\\/schema\\\/logo\\\/image\\\/\",\"url\":\"https:\\\/\\\/naturalpoland.com\\\/wp-content\\\/uploads\\\/2021\\\/05\\\/natural-poland-icon.png\",\"contentUrl\":\"https:\\\/\\\/naturalpoland.com\\\/wp-content\\\/uploads\\\/2021\\\/05\\\/natural-poland-icon.png\",\"width\":512,\"height\":512,\"caption\":\"Natural Poland\"},\"image\":{\"@id\":\"https:\\\/\\\/naturalpoland.com\\\/zh-hans\\\/#\\\/schema\\\/logo\\\/image\\\/\"},\"sameAs\":[\"https:\\\/\\\/www.facebook.com\\\/naturalpoland.b2b\",\"https:\\\/\\\/pl.linkedin.com\\\/company\\\/natural-poland\",\"https:\\\/\\\/www.youtube.com\\\/channel\\\/UCgeGGkvOMahZo-xu_MSEWxg\"]}]}<\/script>\n<!-- \/ Yoast SEO plugin. -->","yoast_head_json":{"title":"\u6c34\u5408\u73ab\u7470 - \u6279\u53d1\u5206\u9500\u5546","robots":{"index":"index","follow":"follow","max-snippet":"max-snippet:-1","max-image-preview":"max-image-preview:large","max-video-preview":"max-video-preview:-1"},"canonical":"https:\/\/naturalpoland.com\/zh-hans\/produkty\/huazhuangpin-chanyechanpin\/hydrosols-cn\/%e6%b0%a2%e6%b0%a7%e5%8c%96%e9%93%9d\/","og_locale":"zh_CN","og_type":"article","og_title":"\u6c34\u5408\u73ab\u7470 - \u6279\u53d1\u5206\u9500\u5546","og_description":"\u6211\u4eec\u662f\u771f\u6b63\u7684\u5927\u9a6c\u58eb\u9769\u73ab\u7470\u6c34\u5408\u5242\u7684\u6279\u53d1\u5546\uff0c100%\u5929\u7136\uff0c\u4e0d\u542b\u6dfb\u52a0\u5242\u3002 \u6211\u4eec\u76f4\u63a5\u4ece\u5236\u9020\u5546\u90a3\u91cc\u63d0\u4f9b\u65b0\u9c9c\u4ea7\u54c1\u3002 \u73ab\u7470\u6c34\u5408\u7269\u5bf9\u76ae\u80a4\u6709\u6ecb\u6da6\u548c\u8212\u7f13\u4f5c\u7528\u3002 \u5b83\u662f\u901a\u8fc7\u84b8\u998f\u5927\u9a6c\u58eb\u9769\u73ab\u7470\u7684\u82b1\u6735\u800c\u83b7\u5f97\u7684\u3002 \u5b83\u662f\u4e00\u79cd\u5e7f\u6cdb\u7528\u4e8e\u7f8e\u5bb9\u4e1a\u7684\u6d41\u884c\u539f\u6599\u3002 &nbsp;","og_url":"https:\/\/naturalpoland.com\/zh-hans\/produkty\/huazhuangpin-chanyechanpin\/hydrosols-cn\/%e6%b0%a2%e6%b0%a7%e5%8c%96%e9%93%9d\/","og_site_name":"\u56fd\u9645\u8fdb\u53e3\u690d\u7269\u539f\u6599\u548c\u4f18\u8d28\u5316\u5986\u54c1\u539f\u6599-NATURAL POLAND","article_publisher":"https:\/\/www.facebook.com\/naturalpoland.b2b","og_image":[{"width":614,"height":614,"url":"https:\/\/naturalpoland.com\/wp-content\/uploads\/hydrolat-z-rozy-damascenskiej.webp","type":"image\/webp"}],"schema":{"@context":"https:\/\/schema.org","@graph":[{"@type":"WebPage","@id":"https:\/\/naturalpoland.com\/zh-hans\/produkty\/huazhuangpin-chanyechanpin\/hydrosols-cn\/%e6%b0%a2%e6%b0%a7%e5%8c%96%e9%93%9d\/","url":"https:\/\/naturalpoland.com\/zh-hans\/produkty\/huazhuangpin-chanyechanpin\/hydrosols-cn\/%e6%b0%a2%e6%b0%a7%e5%8c%96%e9%93%9d\/","name":"\u6c34\u5408\u73ab\u7470 - \u6279\u53d1\u5206\u9500\u5546","isPartOf":{"@id":"https:\/\/naturalpoland.com\/zh-hans\/#website"},"primaryImageOfPage":{"@id":"https:\/\/naturalpoland.com\/zh-hans\/produkty\/huazhuangpin-chanyechanpin\/hydrosols-cn\/%e6%b0%a2%e6%b0%a7%e5%8c%96%e9%93%9d\/#primaryimage"},"image":{"@id":"https:\/\/naturalpoland.com\/zh-hans\/produkty\/huazhuangpin-chanyechanpin\/hydrosols-cn\/%e6%b0%a2%e6%b0%a7%e5%8c%96%e9%93%9d\/#primaryimage"},"thumbnailUrl":"https:\/\/naturalpoland.com\/wp-content\/uploads\/hydrolat-z-rozy-damascenskiej.webp","datePublished":"2023-04-14T17:15:29+00:00","breadcrumb":{"@id":"https:\/\/naturalpoland.com\/zh-hans\/produkty\/huazhuangpin-chanyechanpin\/hydrosols-cn\/%e6%b0%a2%e6%b0%a7%e5%8c%96%e9%93%9d\/#breadcrumb"},"inLanguage":"zh-Hans","potentialAction":[{"@type":"ReadAction","target":["https:\/\/naturalpoland.com\/zh-hans\/produkty\/huazhuangpin-chanyechanpin\/hydrosols-cn\/%e6%b0%a2%e6%b0%a7%e5%8c%96%e9%93%9d\/"]}]},{"@type":"ImageObject","inLanguage":"zh-Hans","@id":"https:\/\/naturalpoland.com\/zh-hans\/produkty\/huazhuangpin-chanyechanpin\/hydrosols-cn\/%e6%b0%a2%e6%b0%a7%e5%8c%96%e9%93%9d\/#primaryimage","url":"https:\/\/naturalpoland.com\/wp-content\/uploads\/hydrolat-z-rozy-damascenskiej.webp","contentUrl":"https:\/\/naturalpoland.com\/wp-content\/uploads\/hydrolat-z-rozy-damascenskiej.webp","width":614,"height":614,"caption":"Hydrolat r\u00f3\u017cany z r\u00f3\u017cy damasce\u0144skiej"},{"@type":"BreadcrumbList","@id":"https:\/\/naturalpoland.com\/zh-hans\/produkty\/huazhuangpin-chanyechanpin\/hydrosols-cn\/%e6%b0%a2%e6%b0%a7%e5%8c%96%e9%93%9d\/#breadcrumb","itemListElement":[{"@type":"ListItem","position":1,"name":"\u9996\u9875","item":"https:\/\/naturalpoland.com\/zh-hans\/"},{"@type":"ListItem","position":2,"name":"\u6210\u54c1","item":"https:\/\/naturalpoland.com\/zh-hans\/%e4%ba%a7%e5%93%81\/"},{"@type":"ListItem","position":3,"name":"\u6c34\u5408\u73ab\u7470"}]},{"@type":"WebSite","@id":"https:\/\/naturalpoland.com\/zh-hans\/#website","url":"https:\/\/naturalpoland.com\/zh-hans\/","name":"\u56fd\u9645\u8fdb\u53e3\u690d\u7269\u539f\u6599\u548c\u4f18\u8d28\u5316\u5986\u54c1\u539f\u6599-NATURAL POLAND","description":"\u6765\u81ea\u6ce2\u5170\u7684NATURAL POLAND\u4e3b\u8981\u4ece\u4e8b\u5168\u7403\u5316\u5986\u54c1\u539f\u6599\uff0c\u5236\u836f\u539f\u6599\uff0c\u98df\u7528\u7ea7\u5929\u7136\u690d\u7269\u6cb9\u7684\u8fdb\u53e3\u3001\u751f\u4ea7\u3001\u51fa\u53e3\u53ca\u5206\u9500\u3002\u4ea7\u54c1\u8d28\u91cf\u548c\u751f\u4ea7\u5de5\u827a\u7b26\u5408\u6b27\u6d32\u89c4\u8303\u548c\u6807\u51c6\u3002","publisher":{"@id":"https:\/\/naturalpoland.com\/zh-hans\/#organization"},"potentialAction":[{"@type":"SearchAction","target":{"@type":"EntryPoint","urlTemplate":"https:\/\/naturalpoland.com\/zh-hans\/?s={search_term_string}"},"query-input":{"@type":"PropertyValueSpecification","valueRequired":true,"valueName":"search_term_string"}}],"inLanguage":"zh-Hans"},{"@type":"Organization","@id":"https:\/\/naturalpoland.com\/zh-hans\/#organization","name":"Natural Poland","url":"https:\/\/naturalpoland.com\/zh-hans\/","logo":{"@type":"ImageObject","inLanguage":"zh-Hans","@id":"https:\/\/naturalpoland.com\/zh-hans\/#\/schema\/logo\/image\/","url":"https:\/\/naturalpoland.com\/wp-content\/uploads\/2021\/05\/natural-poland-icon.png","contentUrl":"https:\/\/naturalpoland.com\/wp-content\/uploads\/2021\/05\/natural-poland-icon.png","width":512,"height":512,"caption":"Natural Poland"},"image":{"@id":"https:\/\/naturalpoland.com\/zh-hans\/#\/schema\/logo\/image\/"},"sameAs":["https:\/\/www.facebook.com\/naturalpoland.b2b","https:\/\/pl.linkedin.com\/company\/natural-poland","https:\/\/www.youtube.com\/channel\/UCgeGGkvOMahZo-xu_MSEWxg"]}]}},"_links":{"self":[{"href":"https:\/\/naturalpoland.com\/zh-hans\/wp-json\/wp\/v2\/product\/22227","targetHints":{"allow":["GET"]}}],"collection":[{"href":"https:\/\/naturalpoland.com\/zh-hans\/wp-json\/wp\/v2\/product"}],"about":[{"href":"https:\/\/naturalpoland.com\/zh-hans\/wp-json\/wp\/v2\/types\/product"}],"wp:featuredmedia":[{"embeddable":true,"href":"https:\/\/naturalpoland.com\/zh-hans\/wp-json\/wp\/v2\/media\/37577"}],"wp:attachment":[{"href":"https:\/\/naturalpoland.com\/zh-hans\/wp-json\/wp\/v2\/media?parent=22227"}],"wp:term":[{"taxonomy":"product_brand","embeddable":true,"href":"https:\/\/naturalpoland.com\/zh-hans\/wp-json\/wp\/v2\/product_brand?post=22227"},{"taxonomy":"product_cat","embeddable":true,"href":"https:\/\/naturalpoland.com\/zh-hans\/wp-json\/wp\/v2\/product_cat?post=22227"},{"taxonomy":"product_tag","embeddable":true,"href":"https:\/\/naturalpoland.com\/zh-hans\/wp-json\/wp\/v2\/product_tag?post=22227"}],"curies":[{"name":"wp","href":"https:\/\/api.w.org\/{rel}","templated":true}]}}