{"id":22352,"date":"2021-06-09T14:36:17","date_gmt":"2023-04-14T17:27:16","guid":{"rendered":"https:\/\/naturalpoland.pl\/produkty\/uncategorized\/%e8%9b%87%e5%ba%8a%e5%ad%90%e4%b9%b3%e9%a6%99%e6%8f%90%e5%8f%96%e7%89%a9\/"},"modified":"2024-08-23T15:04:15","modified_gmt":"2024-08-23T13:04:15","slug":"%e8%8b%8f%e6%89%93%e6%b0%b4%e6%8f%90%e5%8f%96%e6%b6%b2-serrata","status":"publish","type":"product","link":"https:\/\/naturalpoland.com\/zh-hans\/produkty\/zhiwu-tizhiwu\/%e8%8b%8f%e6%89%93%e6%b0%b4%e6%8f%90%e5%8f%96%e6%b6%b2-serrata\/","title":{"rendered":"\u86c7\u5e8a\u5b50\u4e73\u9999\u63d0\u53d6\u7269"},"content":{"rendered":"<p>\u4e73\u9999\u63d0\u53d6\u7269\u4e3b\u8981\u901a\u8fc7\u6291\u5236 5-\u8102\u6c27\u5408\u9176\uff085-LOX\uff09\u53d1\u6325\u4f5c\u7528\uff0c\u4ece\u800c\u51cf\u5c11\u767d\u4e09\u70ef\u7684\u4ea7\u751f\uff0c\u767d\u4e09\u70ef\u662f\u5bfc\u81f4\u4f53\u5185\u708e\u75c7\u8fc7\u7a0b\u7684\u5316\u5408\u7269\u3002<br \/>\n\u56e0\u6b64\uff0c\u4e73\u9999\u80fd\u6709\u6548\u51cf\u8f7b\u708e\u75c7\u3001\u75bc\u75db\u548c\u80bf\u80c0\uff0c\u5c24\u5176\u662f\u5728<strong> \u5173\u8282\u708e\u3001\u98ce\u6e7f\u75c5<\/strong>\u548c<strong>\u54ee\u5598<\/strong>\u7b49<strong>\u547c\u5438\u9053<\/strong><strong> \u75be\u75c5<\/strong>\u65b9\u9762\u3002<br \/>\n\u6b64\u5916\uff0c\u4e73\u9999\u9178\u8fd8\u5177\u6709\u4fdd\u62a4\u8f6f\u9aa8\u7ec4\u7ec7\u7684\u6f5c\u529b\uff0c\u53ef\u4fc3\u8fdb\u5173\u8282\u5065\u5eb7\u3002<br \/>\n\u8be5\u4ea7\u54c1\u5448\u767d\u8272\u81f3\u4e73\u767d\u8272\u7684\u7ec6\u7c89\u672b\u72b6\u3002<br \/>\n\u5176\u7279\u70b9\u662f\u5177\u6709\u690d\u7269\u539f\u6599\u7279\u6709\u7684\u72ec\u7279\u3001\u7ec6\u817b\u7684\u9999\u6c14\u3002      <\/p>\n<h2>\u4f7f\u7528\u4e73\u9999\u63d0\u53d6\u7269\uff1a<\/h2>\n<p> \u4e73\u9999\u63d0\u53d6\u7269\u5e38\u7528\u4e8e\u80f6\u56ca\u3001\u7247\u5242\u6216\u7c89\u672b\u72b6\u7684\u81b3\u98df\u8865\u5145\u5242\uff0c\u7528\u4e8e\u6cbb\u7597\u5173\u8282\u548c\u547c\u5438\u7cfb\u7edf\u75be\u75c5\u4ee5\u53ca\u6162\u6027\u708e\u75c7\u3002<br \/>\n\u7531\u4e8e\u4e73\u9999\u5177\u6709\u6297\u708e\u7279\u6027\uff0c\u56e0\u6b64\u5e38\u88ab\u7528\u4e8e\u51cf\u8f7b\u5173\u8282\u708e\u6216\u5176\u4ed6\u98ce\u6e7f\u6027\u75be\u75c5\u60a3\u8005\u7684\u75bc\u75db\u5e76\u6539\u5584\u5173\u8282\u6d3b\u52a8\u5ea6\u3002<br \/>\n\u4e73\u9999\u53ef\u4f5c\u4e3a\u4e00\u79cd\u5929\u7136\u6210\u5206\uff0c\u7528\u4e8e\u6cbb\u7597<strong> \u808c\u8089\u548c\u5173\u8282\u75bc\u75db\u7684<\/strong>\u4f53\u529b\u6d3b\u52a8\u4eba\u58eb\u3002  <\/p>\n","protected":false},"excerpt":{"rendered":"<p><strong>\u4e73\u9999\u63d0\u53d6\u7269<\/strong>\u53c8\u79f0<strong>\u5370\u5ea6<\/strong> <em>\u4e73\u9999<\/em>\uff0c\u662f\u4e00\u79cd\u4ece<em>\u4e73\u9999<\/em>\u6811\u6811\u8102\u4e2d\u63d0\u53d6\u7684\u5929\u7136\u4ea7\u54c1\u3002<br \/>\n\u8fd9\u79cd\u63d0\u53d6\u7269\u7ecf\u8fc7\u6807\u51c6\u5316\u5904\u7406\uff0c\u542b\u6709<strong> \u4e73\u9999\u9178\uff0c\u800c\u4e73\u9999\u9178<\/strong>\u662f\u5177\u6709\u4fdd\u5065\u529f\u6548\u7684\u4e3b\u8981\u6d3b\u6027\u5316\u5408\u7269\u3002 <\/p>\n","protected":false},"featured_media":34849,"template":"","meta":{"_acf_changed":false},"product_brand":[],"product_cat":[2067],"product_tag":[],"class_list":{"0":"post-22352","1":"product","2":"type-product","3":"status-publish","4":"has-post-thumbnail","6":"product_cat-zhiwu-tizhiwu","7":"pa_certyfikaty-qing-zhen-ren-zheng","8":"pa_certyfikaty-you-tai-jie-shi-ren-zheng","9":"pa_czesc-rosliny-5242","10":"pa_skladnik-aktywny-5248","12":"first","13":"instock","14":"shipping-taxable","15":"product-type-simple"},"acf":[],"yoast_head":"<!-- This site is optimized with the Yoast SEO plugin v27.4 - https:\/\/yoast.com\/product\/yoast-seo-wordpress\/ -->\n<title>\u86c7\u5e8a\u5b50\u4e73\u9999\u63d0\u53d6\u7269 - \u56fd\u9645\u8fdb\u53e3\u690d\u7269\u539f\u6599\u548c\u4f18\u8d28\u5316\u5986\u54c1\u539f\u6599-NATURAL POLAND<\/title>\n<meta name=\"description\" content=\"\u4e73\u9999\u63d0\u53d6\u7269\u53ef\u7528\u4e8e\u81b3\u98df\u8865\u5145\u5242\u548c\u4ea7\u54c1\uff0c\u4ee5\u652f\u6301\u5173\u8282\u548c\u547c\u5438\u7cfb\u7edf\u5065\u5eb7\u3002\" \/>\n<meta name=\"robots\" content=\"index, follow, max-snippet:-1, max-image-preview:large, max-video-preview:-1\" \/>\n<link rel=\"canonical\" href=\"https:\/\/naturalpoland.com\/zh-hans\/produkty\/zhiwu-tizhiwu\/%e8%8b%8f%e6%89%93%e6%b0%b4%e6%8f%90%e5%8f%96%e6%b6%b2-serrata\/\" \/>\n<meta property=\"og:locale\" content=\"zh_CN\" \/>\n<meta property=\"og:type\" content=\"article\" \/>\n<meta property=\"og:title\" content=\"\u86c7\u5e8a\u5b50\u4e73\u9999\u63d0\u53d6\u7269 - \u56fd\u9645\u8fdb\u53e3\u690d\u7269\u539f\u6599\u548c\u4f18\u8d28\u5316\u5986\u54c1\u539f\u6599-NATURAL POLAND\" \/>\n<meta property=\"og:description\" content=\"\u4e73\u9999\u63d0\u53d6\u7269\u53ef\u7528\u4e8e\u81b3\u98df\u8865\u5145\u5242\u548c\u4ea7\u54c1\uff0c\u4ee5\u652f\u6301\u5173\u8282\u548c\u547c\u5438\u7cfb\u7edf\u5065\u5eb7\u3002\" \/>\n<meta property=\"og:url\" content=\"https:\/\/naturalpoland.com\/zh-hans\/produkty\/zhiwu-tizhiwu\/%e8%8b%8f%e6%89%93%e6%b0%b4%e6%8f%90%e5%8f%96%e6%b6%b2-serrata\/\" \/>\n<meta property=\"og:site_name\" content=\"\u56fd\u9645\u8fdb\u53e3\u690d\u7269\u539f\u6599\u548c\u4f18\u8d28\u5316\u5986\u54c1\u539f\u6599-NATURAL POLAND\" \/>\n<meta property=\"article:publisher\" content=\"https:\/\/www.facebook.com\/naturalpoland.b2b\" \/>\n<meta property=\"article:modified_time\" content=\"2024-08-23T13:04:15+00:00\" \/>\n<meta property=\"og:image\" content=\"https:\/\/naturalpoland.com\/wp-content\/uploads\/boswellia_serrata_extract.webp\" \/>\n\t<meta property=\"og:image:width\" content=\"619\" \/>\n\t<meta property=\"og:image:height\" content=\"619\" \/>\n\t<meta property=\"og:image:type\" content=\"image\/webp\" \/>\n<script type=\"application\/ld+json\" class=\"yoast-schema-graph\">{\"@context\":\"https:\\\/\\\/schema.org\",\"@graph\":[{\"@type\":\"WebPage\",\"@id\":\"https:\\\/\\\/naturalpoland.com\\\/zh-hans\\\/produkty\\\/zhiwu-tizhiwu\\\/%e8%8b%8f%e6%89%93%e6%b0%b4%e6%8f%90%e5%8f%96%e6%b6%b2-serrata\\\/\",\"url\":\"https:\\\/\\\/naturalpoland.com\\\/zh-hans\\\/produkty\\\/zhiwu-tizhiwu\\\/%e8%8b%8f%e6%89%93%e6%b0%b4%e6%8f%90%e5%8f%96%e6%b6%b2-serrata\\\/\",\"name\":\"\u86c7\u5e8a\u5b50\u4e73\u9999\u63d0\u53d6\u7269 - \u56fd\u9645\u8fdb\u53e3\u690d\u7269\u539f\u6599\u548c\u4f18\u8d28\u5316\u5986\u54c1\u539f\u6599-NATURAL POLAND\",\"isPartOf\":{\"@id\":\"https:\\\/\\\/naturalpoland.com\\\/zh-hans\\\/#website\"},\"primaryImageOfPage\":{\"@id\":\"https:\\\/\\\/naturalpoland.com\\\/zh-hans\\\/produkty\\\/zhiwu-tizhiwu\\\/%e8%8b%8f%e6%89%93%e6%b0%b4%e6%8f%90%e5%8f%96%e6%b6%b2-serrata\\\/#primaryimage\"},\"image\":{\"@id\":\"https:\\\/\\\/naturalpoland.com\\\/zh-hans\\\/produkty\\\/zhiwu-tizhiwu\\\/%e8%8b%8f%e6%89%93%e6%b0%b4%e6%8f%90%e5%8f%96%e6%b6%b2-serrata\\\/#primaryimage\"},\"thumbnailUrl\":\"https:\\\/\\\/naturalpoland.com\\\/wp-content\\\/uploads\\\/boswellia_serrata_extract.webp\",\"datePublished\":\"2023-04-14T17:27:16+00:00\",\"dateModified\":\"2024-08-23T13:04:15+00:00\",\"description\":\"\u4e73\u9999\u63d0\u53d6\u7269\u53ef\u7528\u4e8e\u81b3\u98df\u8865\u5145\u5242\u548c\u4ea7\u54c1\uff0c\u4ee5\u652f\u6301\u5173\u8282\u548c\u547c\u5438\u7cfb\u7edf\u5065\u5eb7\u3002\",\"breadcrumb\":{\"@id\":\"https:\\\/\\\/naturalpoland.com\\\/zh-hans\\\/produkty\\\/zhiwu-tizhiwu\\\/%e8%8b%8f%e6%89%93%e6%b0%b4%e6%8f%90%e5%8f%96%e6%b6%b2-serrata\\\/#breadcrumb\"},\"inLanguage\":\"zh-Hans\",\"potentialAction\":[{\"@type\":\"ReadAction\",\"target\":[\"https:\\\/\\\/naturalpoland.com\\\/zh-hans\\\/produkty\\\/zhiwu-tizhiwu\\\/%e8%8b%8f%e6%89%93%e6%b0%b4%e6%8f%90%e5%8f%96%e6%b6%b2-serrata\\\/\"]}]},{\"@type\":\"ImageObject\",\"inLanguage\":\"zh-Hans\",\"@id\":\"https:\\\/\\\/naturalpoland.com\\\/zh-hans\\\/produkty\\\/zhiwu-tizhiwu\\\/%e8%8b%8f%e6%89%93%e6%b0%b4%e6%8f%90%e5%8f%96%e6%b6%b2-serrata\\\/#primaryimage\",\"url\":\"https:\\\/\\\/naturalpoland.com\\\/wp-content\\\/uploads\\\/boswellia_serrata_extract.webp\",\"contentUrl\":\"https:\\\/\\\/naturalpoland.com\\\/wp-content\\\/uploads\\\/boswellia_serrata_extract.webp\",\"width\":619,\"height\":619,\"caption\":\"Ekstrakt z boswellia serrata pochodz\u0105cy z \u017cywicy drzewa Boswellia serrata ma posta\u0107 drobnego proszku o kolorze od bia\u0142ego do kremowego.\"},{\"@type\":\"BreadcrumbList\",\"@id\":\"https:\\\/\\\/naturalpoland.com\\\/zh-hans\\\/produkty\\\/zhiwu-tizhiwu\\\/%e8%8b%8f%e6%89%93%e6%b0%b4%e6%8f%90%e5%8f%96%e6%b6%b2-serrata\\\/#breadcrumb\",\"itemListElement\":[{\"@type\":\"ListItem\",\"position\":1,\"name\":\"\u9996\u9875\",\"item\":\"https:\\\/\\\/naturalpoland.com\\\/zh-hans\\\/\"},{\"@type\":\"ListItem\",\"position\":2,\"name\":\"\u6210\u54c1\",\"item\":\"https:\\\/\\\/naturalpoland.com\\\/zh-hans\\\/%e4%ba%a7%e5%93%81\\\/\"},{\"@type\":\"ListItem\",\"position\":3,\"name\":\"\u86c7\u5e8a\u5b50\u4e73\u9999\u63d0\u53d6\u7269\"}]},{\"@type\":\"WebSite\",\"@id\":\"https:\\\/\\\/naturalpoland.com\\\/zh-hans\\\/#website\",\"url\":\"https:\\\/\\\/naturalpoland.com\\\/zh-hans\\\/\",\"name\":\"\u56fd\u9645\u8fdb\u53e3\u690d\u7269\u539f\u6599\u548c\u4f18\u8d28\u5316\u5986\u54c1\u539f\u6599-NATURAL POLAND\",\"description\":\"\u6765\u81ea\u6ce2\u5170\u7684NATURAL POLAND\u4e3b\u8981\u4ece\u4e8b\u5168\u7403\u5316\u5986\u54c1\u539f\u6599\uff0c\u5236\u836f\u539f\u6599\uff0c\u98df\u7528\u7ea7\u5929\u7136\u690d\u7269\u6cb9\u7684\u8fdb\u53e3\u3001\u751f\u4ea7\u3001\u51fa\u53e3\u53ca\u5206\u9500\u3002\u4ea7\u54c1\u8d28\u91cf\u548c\u751f\u4ea7\u5de5\u827a\u7b26\u5408\u6b27\u6d32\u89c4\u8303\u548c\u6807\u51c6\u3002\",\"publisher\":{\"@id\":\"https:\\\/\\\/naturalpoland.com\\\/zh-hans\\\/#organization\"},\"potentialAction\":[{\"@type\":\"SearchAction\",\"target\":{\"@type\":\"EntryPoint\",\"urlTemplate\":\"https:\\\/\\\/naturalpoland.com\\\/zh-hans\\\/?s={search_term_string}\"},\"query-input\":{\"@type\":\"PropertyValueSpecification\",\"valueRequired\":true,\"valueName\":\"search_term_string\"}}],\"inLanguage\":\"zh-Hans\"},{\"@type\":\"Organization\",\"@id\":\"https:\\\/\\\/naturalpoland.com\\\/zh-hans\\\/#organization\",\"name\":\"Natural Poland\",\"url\":\"https:\\\/\\\/naturalpoland.com\\\/zh-hans\\\/\",\"logo\":{\"@type\":\"ImageObject\",\"inLanguage\":\"zh-Hans\",\"@id\":\"https:\\\/\\\/naturalpoland.com\\\/zh-hans\\\/#\\\/schema\\\/logo\\\/image\\\/\",\"url\":\"https:\\\/\\\/naturalpoland.com\\\/wp-content\\\/uploads\\\/2021\\\/05\\\/natural-poland-icon.png\",\"contentUrl\":\"https:\\\/\\\/naturalpoland.com\\\/wp-content\\\/uploads\\\/2021\\\/05\\\/natural-poland-icon.png\",\"width\":512,\"height\":512,\"caption\":\"Natural Poland\"},\"image\":{\"@id\":\"https:\\\/\\\/naturalpoland.com\\\/zh-hans\\\/#\\\/schema\\\/logo\\\/image\\\/\"},\"sameAs\":[\"https:\\\/\\\/www.facebook.com\\\/naturalpoland.b2b\",\"https:\\\/\\\/pl.linkedin.com\\\/company\\\/natural-poland\",\"https:\\\/\\\/www.youtube.com\\\/channel\\\/UCgeGGkvOMahZo-xu_MSEWxg\"]}]}<\/script>\n<!-- \/ Yoast SEO plugin. -->","yoast_head_json":{"title":"\u86c7\u5e8a\u5b50\u4e73\u9999\u63d0\u53d6\u7269 - \u56fd\u9645\u8fdb\u53e3\u690d\u7269\u539f\u6599\u548c\u4f18\u8d28\u5316\u5986\u54c1\u539f\u6599-NATURAL POLAND","description":"\u4e73\u9999\u63d0\u53d6\u7269\u53ef\u7528\u4e8e\u81b3\u98df\u8865\u5145\u5242\u548c\u4ea7\u54c1\uff0c\u4ee5\u652f\u6301\u5173\u8282\u548c\u547c\u5438\u7cfb\u7edf\u5065\u5eb7\u3002","robots":{"index":"index","follow":"follow","max-snippet":"max-snippet:-1","max-image-preview":"max-image-preview:large","max-video-preview":"max-video-preview:-1"},"canonical":"https:\/\/naturalpoland.com\/zh-hans\/produkty\/zhiwu-tizhiwu\/%e8%8b%8f%e6%89%93%e6%b0%b4%e6%8f%90%e5%8f%96%e6%b6%b2-serrata\/","og_locale":"zh_CN","og_type":"article","og_title":"\u86c7\u5e8a\u5b50\u4e73\u9999\u63d0\u53d6\u7269 - \u56fd\u9645\u8fdb\u53e3\u690d\u7269\u539f\u6599\u548c\u4f18\u8d28\u5316\u5986\u54c1\u539f\u6599-NATURAL POLAND","og_description":"\u4e73\u9999\u63d0\u53d6\u7269\u53ef\u7528\u4e8e\u81b3\u98df\u8865\u5145\u5242\u548c\u4ea7\u54c1\uff0c\u4ee5\u652f\u6301\u5173\u8282\u548c\u547c\u5438\u7cfb\u7edf\u5065\u5eb7\u3002","og_url":"https:\/\/naturalpoland.com\/zh-hans\/produkty\/zhiwu-tizhiwu\/%e8%8b%8f%e6%89%93%e6%b0%b4%e6%8f%90%e5%8f%96%e6%b6%b2-serrata\/","og_site_name":"\u56fd\u9645\u8fdb\u53e3\u690d\u7269\u539f\u6599\u548c\u4f18\u8d28\u5316\u5986\u54c1\u539f\u6599-NATURAL POLAND","article_publisher":"https:\/\/www.facebook.com\/naturalpoland.b2b","article_modified_time":"2024-08-23T13:04:15+00:00","og_image":[{"width":619,"height":619,"url":"https:\/\/naturalpoland.com\/wp-content\/uploads\/boswellia_serrata_extract.webp","type":"image\/webp"}],"schema":{"@context":"https:\/\/schema.org","@graph":[{"@type":"WebPage","@id":"https:\/\/naturalpoland.com\/zh-hans\/produkty\/zhiwu-tizhiwu\/%e8%8b%8f%e6%89%93%e6%b0%b4%e6%8f%90%e5%8f%96%e6%b6%b2-serrata\/","url":"https:\/\/naturalpoland.com\/zh-hans\/produkty\/zhiwu-tizhiwu\/%e8%8b%8f%e6%89%93%e6%b0%b4%e6%8f%90%e5%8f%96%e6%b6%b2-serrata\/","name":"\u86c7\u5e8a\u5b50\u4e73\u9999\u63d0\u53d6\u7269 - \u56fd\u9645\u8fdb\u53e3\u690d\u7269\u539f\u6599\u548c\u4f18\u8d28\u5316\u5986\u54c1\u539f\u6599-NATURAL POLAND","isPartOf":{"@id":"https:\/\/naturalpoland.com\/zh-hans\/#website"},"primaryImageOfPage":{"@id":"https:\/\/naturalpoland.com\/zh-hans\/produkty\/zhiwu-tizhiwu\/%e8%8b%8f%e6%89%93%e6%b0%b4%e6%8f%90%e5%8f%96%e6%b6%b2-serrata\/#primaryimage"},"image":{"@id":"https:\/\/naturalpoland.com\/zh-hans\/produkty\/zhiwu-tizhiwu\/%e8%8b%8f%e6%89%93%e6%b0%b4%e6%8f%90%e5%8f%96%e6%b6%b2-serrata\/#primaryimage"},"thumbnailUrl":"https:\/\/naturalpoland.com\/wp-content\/uploads\/boswellia_serrata_extract.webp","datePublished":"2023-04-14T17:27:16+00:00","dateModified":"2024-08-23T13:04:15+00:00","description":"\u4e73\u9999\u63d0\u53d6\u7269\u53ef\u7528\u4e8e\u81b3\u98df\u8865\u5145\u5242\u548c\u4ea7\u54c1\uff0c\u4ee5\u652f\u6301\u5173\u8282\u548c\u547c\u5438\u7cfb\u7edf\u5065\u5eb7\u3002","breadcrumb":{"@id":"https:\/\/naturalpoland.com\/zh-hans\/produkty\/zhiwu-tizhiwu\/%e8%8b%8f%e6%89%93%e6%b0%b4%e6%8f%90%e5%8f%96%e6%b6%b2-serrata\/#breadcrumb"},"inLanguage":"zh-Hans","potentialAction":[{"@type":"ReadAction","target":["https:\/\/naturalpoland.com\/zh-hans\/produkty\/zhiwu-tizhiwu\/%e8%8b%8f%e6%89%93%e6%b0%b4%e6%8f%90%e5%8f%96%e6%b6%b2-serrata\/"]}]},{"@type":"ImageObject","inLanguage":"zh-Hans","@id":"https:\/\/naturalpoland.com\/zh-hans\/produkty\/zhiwu-tizhiwu\/%e8%8b%8f%e6%89%93%e6%b0%b4%e6%8f%90%e5%8f%96%e6%b6%b2-serrata\/#primaryimage","url":"https:\/\/naturalpoland.com\/wp-content\/uploads\/boswellia_serrata_extract.webp","contentUrl":"https:\/\/naturalpoland.com\/wp-content\/uploads\/boswellia_serrata_extract.webp","width":619,"height":619,"caption":"Ekstrakt z boswellia serrata pochodz\u0105cy z \u017cywicy drzewa Boswellia serrata ma posta\u0107 drobnego proszku o kolorze od bia\u0142ego do kremowego."},{"@type":"BreadcrumbList","@id":"https:\/\/naturalpoland.com\/zh-hans\/produkty\/zhiwu-tizhiwu\/%e8%8b%8f%e6%89%93%e6%b0%b4%e6%8f%90%e5%8f%96%e6%b6%b2-serrata\/#breadcrumb","itemListElement":[{"@type":"ListItem","position":1,"name":"\u9996\u9875","item":"https:\/\/naturalpoland.com\/zh-hans\/"},{"@type":"ListItem","position":2,"name":"\u6210\u54c1","item":"https:\/\/naturalpoland.com\/zh-hans\/%e4%ba%a7%e5%93%81\/"},{"@type":"ListItem","position":3,"name":"\u86c7\u5e8a\u5b50\u4e73\u9999\u63d0\u53d6\u7269"}]},{"@type":"WebSite","@id":"https:\/\/naturalpoland.com\/zh-hans\/#website","url":"https:\/\/naturalpoland.com\/zh-hans\/","name":"\u56fd\u9645\u8fdb\u53e3\u690d\u7269\u539f\u6599\u548c\u4f18\u8d28\u5316\u5986\u54c1\u539f\u6599-NATURAL POLAND","description":"\u6765\u81ea\u6ce2\u5170\u7684NATURAL POLAND\u4e3b\u8981\u4ece\u4e8b\u5168\u7403\u5316\u5986\u54c1\u539f\u6599\uff0c\u5236\u836f\u539f\u6599\uff0c\u98df\u7528\u7ea7\u5929\u7136\u690d\u7269\u6cb9\u7684\u8fdb\u53e3\u3001\u751f\u4ea7\u3001\u51fa\u53e3\u53ca\u5206\u9500\u3002\u4ea7\u54c1\u8d28\u91cf\u548c\u751f\u4ea7\u5de5\u827a\u7b26\u5408\u6b27\u6d32\u89c4\u8303\u548c\u6807\u51c6\u3002","publisher":{"@id":"https:\/\/naturalpoland.com\/zh-hans\/#organization"},"potentialAction":[{"@type":"SearchAction","target":{"@type":"EntryPoint","urlTemplate":"https:\/\/naturalpoland.com\/zh-hans\/?s={search_term_string}"},"query-input":{"@type":"PropertyValueSpecification","valueRequired":true,"valueName":"search_term_string"}}],"inLanguage":"zh-Hans"},{"@type":"Organization","@id":"https:\/\/naturalpoland.com\/zh-hans\/#organization","name":"Natural Poland","url":"https:\/\/naturalpoland.com\/zh-hans\/","logo":{"@type":"ImageObject","inLanguage":"zh-Hans","@id":"https:\/\/naturalpoland.com\/zh-hans\/#\/schema\/logo\/image\/","url":"https:\/\/naturalpoland.com\/wp-content\/uploads\/2021\/05\/natural-poland-icon.png","contentUrl":"https:\/\/naturalpoland.com\/wp-content\/uploads\/2021\/05\/natural-poland-icon.png","width":512,"height":512,"caption":"Natural Poland"},"image":{"@id":"https:\/\/naturalpoland.com\/zh-hans\/#\/schema\/logo\/image\/"},"sameAs":["https:\/\/www.facebook.com\/naturalpoland.b2b","https:\/\/pl.linkedin.com\/company\/natural-poland","https:\/\/www.youtube.com\/channel\/UCgeGGkvOMahZo-xu_MSEWxg"]}]}},"_links":{"self":[{"href":"https:\/\/naturalpoland.com\/zh-hans\/wp-json\/wp\/v2\/product\/22352","targetHints":{"allow":["GET"]}}],"collection":[{"href":"https:\/\/naturalpoland.com\/zh-hans\/wp-json\/wp\/v2\/product"}],"about":[{"href":"https:\/\/naturalpoland.com\/zh-hans\/wp-json\/wp\/v2\/types\/product"}],"wp:featuredmedia":[{"embeddable":true,"href":"https:\/\/naturalpoland.com\/zh-hans\/wp-json\/wp\/v2\/media\/34849"}],"wp:attachment":[{"href":"https:\/\/naturalpoland.com\/zh-hans\/wp-json\/wp\/v2\/media?parent=22352"}],"wp:term":[{"taxonomy":"product_brand","embeddable":true,"href":"https:\/\/naturalpoland.com\/zh-hans\/wp-json\/wp\/v2\/product_brand?post=22352"},{"taxonomy":"product_cat","embeddable":true,"href":"https:\/\/naturalpoland.com\/zh-hans\/wp-json\/wp\/v2\/product_cat?post=22352"},{"taxonomy":"product_tag","embeddable":true,"href":"https:\/\/naturalpoland.com\/zh-hans\/wp-json\/wp\/v2\/product_tag?post=22352"}],"curies":[{"name":"wp","href":"https:\/\/api.w.org\/{rel}","templated":true}]}}