{"id":22448,"date":"2021-06-14T16:56:14","date_gmt":"2023-04-14T18:07:23","guid":{"rendered":"https:\/\/naturalpoland.pl\/produkty\/uncategorized\/%e8%91%a1%e8%90%84%e7%b1%bd%e6%8f%90%e5%8f%96%e7%89%a9-2\/"},"modified":"2024-10-07T12:01:47","modified_gmt":"2024-10-07T10:01:47","slug":"%e8%91%a1%e8%90%84%e7%b1%bd%e6%8f%90%e5%8f%96%e7%89%a9-2","status":"publish","type":"product","link":"https:\/\/naturalpoland.com\/zh-hans\/produkty\/zhiwu-tizhiwu\/%e8%91%a1%e8%90%84%e7%b1%bd%e6%8f%90%e5%8f%96%e7%89%a9-2\/","title":{"rendered":"\u8461\u8404\u7c7d\u63d0\u53d6\u7269"},"content":{"rendered":"<h2>\u83bc\u83dc\u63d0\u53d6\u7269\u7684\u7279\u6027<\/h2>\n<p> \u7d2b\u4e91\u82f1\u63d0\u53d6\u7269\u542b\u6709\u751f\u7269\u6d3b\u6027\u5316\u5408\u7269\uff0c\u5982<strong>\u58ec\u9170\u4e59\u9170\u7519<\/strong>\u548c\u7ef4\u751f\u7d20\uff0c\u5305\u62ec\u7ef4\u751f\u7d20 C\u3001\u7ef4\u751f\u7d20 B\u3001\u7ef4\u751f\u7d20 E \u548c\u7ef4\u751f\u7d20 K\uff0c\u4ee5\u53ca\u9541\u3001\u78f7\u3001\u94be\u3001\u94c1\u548c\u950c\u7b49\u77ff\u7269\u8d28\u3002<br \/>\n\u7ef4\u751f\u7d20 C\u3001B\u3001E \u548c K\uff0c\u4ee5\u53ca\u9541\u3001\u78f7\u3001\u94be\u3001\u94c1\u548c\u950c\u7b49\u77ff\u7269\u8d28\u3002<br \/>\n\u8fd9\u4e9b\u5316\u5408\u7269\u4ece\u591a\u4e2a\u5c42\u9762\u652f\u6301\u8eab\u4f53\u7684\u8fd0\u4f5c\uff0c\u5305\u62ec\u589e\u5f3a\u514d\u75ab\u529b\u548c\u9632\u6b62\u611f\u67d3\u3002    <\/p>\n<h2>\u83bc\u83dc\u63d0\u53d6\u7269\u7684\u529f\u6548<\/h2>\n<p> \u8461\u8404\u7c7d\u63d0\u53d6\u7269\u7684\u6700\u5927\u7279\u70b9\u662f<strong>\u6297\u764c<\/strong>\u3002<br \/>\n\u63d0\u53d6\u7269\u4e2d\u542b\u6709\u5927\u91cf\u7684\u4e59\u9170\u82f7\u5143\uff0c\u80fd\u591f\u9009\u62e9\u6027\u5730\u7834\u574f\u764c\u7ec6\u80de\uff0c\u800c\u4e0d\u4f24\u5bb3\u5065\u5eb7\u7ec6\u80de\u3002<br \/>\n\u8461\u8404\u7d2b\u5bf9\u4e73\u817a\u764c\u3001\u524d\u5217\u817a\u764c\u3001\u80f0\u817a\u764c\u3001\u80ba\u764c\u548c\u7ed3\u80a0\u76f4\u80a0\u764c\u7b49\u764c\u75c7\u5177\u6709\u5f88\u9ad8\u7684\u7597\u6548\u3002<br \/>\n\u5176\u4f5c\u7528\u673a\u5236\u662f\u6291\u5236\u764c\u7ec6\u80de\u819c\u4e2d\u7684\u9176\uff0c\u4ece\u800c\u963b\u6b62\u764c\u7ec6\u80de\u8fdb\u4e00\u6b65\u53d1\u5c55\u3002<br \/>\n\u4e0d\u8fc7\uff0c\u5229\u7528\u837c\u863c\u63d0\u53d6\u7269\u5f00\u53d1\u6709\u6548\u6297\u764c\u65b0\u836f\u7684\u7814\u7a76\u4ecd\u5728\u8fdb\u884c\u4e2d\u3002<br \/>\n\u9e9d\u9999\u8349\u63d0\u53d6\u7269\u8fd8\u5177\u6709\u5f88\u5f3a\u7684<strong>\u6297\u83cc\u548c\u6297\u5bc4\u751f\u866b\u7279\u6027<\/strong>\u3002<br \/>\n\u837c\u863c\u79cd\u5b50\u5386\u6765\u88ab\u7528\u6765\u5bf9\u4ed8\u5bc4\u751f\u866b\uff0c\u800c\u679c\u5b9e\u548c\u53f6\u5b50\u7684\u63d0\u53d6\u7269\u5219\u88ab\u7528\u6765\u5bf9\u4ed8\u7ec6\u83cc\u611f\u67d3\u3001\u771f\u83cc\u611f\u67d3\u4ee5\u53ca\u6cbb\u7597\u725b\u76ae\u7663\u548c\u6e7f\u75b9\u7b49\u76ae\u80a4\u75c5\u3002<br \/>\n\u4f7f\u7528\u8fd9\u79cd\u63d0\u53d6\u7269\u6709\u52a9\u4e8e\u6d88\u9664\u5185\u90e8\u548c\u5916\u90e8\u611f\u67d3\uff0c\u589e\u5f3a\u514d\u75ab\u7cfb\u7edf\u3002<br \/>\n\u8461\u8404\u7d2b\u5bf9<strong>\u5fc3\u8840\u7ba1\u7cfb\u7edf<\/strong>\u4e5f\u6709\u597d\u5904\uff0c\u80fd\u964d\u4f4e\u8840\u538b\u548c\u652f\u6301\u5fc3\u810f\u529f\u80fd\u3002<br \/>\n\u690d\u7269\u4e2d\u7684\u5316\u5408\u7269\u80fd\u6269\u5f20\u8840\u7ba1\uff0c\u964d\u4f4e\u5fc3\u7387\u3002<br \/>\n\u8fd9\u79cd\u63d0\u53d6\u7269\u8fd8\u5177\u6709<strong>\u6297\u7cd6\u5c3f\u75c5\u7684\u4f5c\u7528<\/strong>\uff0c\u6709\u52a9\u4e8e\u8c03\u8282\u8840\u7cd6\u6c34\u5e73\u3002<br \/>\n\u7531\u4e8e\u8461\u8404\u7d2b\u8349\u672c\u690d\u7269<strong>\u5177\u6709\u9547\u9759\u548c\u6297\u7126\u8651\u7684<\/strong>\u7279\u6027\uff0c\u5176\u63d0\u53d6\u7269\u53ef\u4f5c\u4e3a\u4e00\u79cd\u5929\u7136\u7684\u8f85\u52a9\u836f\u7269\uff0c\u7528\u4e8e\u5bf9\u6297\u538b\u529b\u3001\u795e\u7ecf\u7d27\u5f20\u548c\u5931\u7720\u3002<br \/>\n\u7ecf\u5e38\u670d\u7528\u6709\u52a9\u4e8e\u63d0\u9ad8\u7761\u7720\u8d28\u91cf\u3001\u7f13\u89e3\u7d27\u5f20\u60c5\u7eea\u548c\u9547\u9759\u3002<br \/>\n\u5b83\u53ef\u4ee5\u4f5c\u4e3a\u6d88\u708e\u836f\u7684\u5929\u7136\u66ff\u4ee3\u54c1\uff0c\u7531\u4e8e\u5177\u6709<strong>\u6d88\u708e\u548c\u9547\u75db<\/strong>\u4f5c\u7528\uff0c\u56e0\u6b64\u53ef\u4ee5\u63d0\u4f9b\u65e0\u526f\u4f5c\u7528\u7684\u7f13\u89e3\u3002               &nbsp;<\/p>\n","protected":false},"excerpt":{"rendered":"<p><strong>\u683c\u62c9\u7ef4\u62c9\u63d0\u53d6\u7269<\/strong>\u662f\u4ece\u683c\u62c9\u7ef4\u62c9<em>\uff08Annona muricata<\/em>\uff09\u7684\u679c\u5b9e\u4e2d\u63d0\u53d6\u51fa\u6765\u7684\uff0c\u683c\u62c9\u7ef4\u62c9\u4e5f\u88ab\u79f0\u4e3a\u8f6f\u6728cherimoya\u3002<br \/>\n\u5b83\u539f\u4ea7\u4e8e\u4e2d\u7f8e\u6d32\u548c\u5357\u7f8e\u6d32\uff0c\u662f\u4e00\u79cd\u5177\u6709\u7279\u6b8a\u4fdd\u5065\u529f\u6548\u7684\u70ed\u5e26\u6811\u6728\u3002 <\/p>\n","protected":false},"featured_media":35829,"template":"","meta":[],"product_brand":[],"product_cat":[2067],"product_tag":[],"class_list":{"0":"post-22448","1":"product","2":"type-product","3":"status-publish","4":"has-post-thumbnail","6":"product_cat-zhiwu-tizhiwu","7":"pa_czesc-rosliny-3026","9":"first","10":"instock","11":"shipping-taxable","12":"product-type-simple"},"yoast_head":"<!-- This site is optimized with the Yoast SEO plugin v27.3 - https:\/\/yoast.com\/product\/yoast-seo-wordpress\/ -->\n<title>\u8461\u8404\u7c7d\u63d0\u53d6\u7269 - \u56fd\u9645\u8fdb\u53e3\u690d\u7269\u539f\u6599\u548c\u4f18\u8d28\u5316\u5986\u54c1\u539f\u6599-NATURAL POLAND<\/title>\n<meta name=\"description\" content=\"\u8461\u8404\u7c7d\u63d0\u53d6\u7269\u662f\u4e00\u79cd\u72ec\u7279\u7684\u4ea7\u54c1\uff0c\u5177\u6709\u5e7f\u6cdb\u7684\u529f\u6548--\u6297\u764c\u3001\u6297\u83cc\u3001\u9547\u9759\u548c\u5f3a\u8eab\u5065\u4f53\u3002\" \/>\n<meta name=\"robots\" content=\"index, follow, max-snippet:-1, max-image-preview:large, max-video-preview:-1\" \/>\n<link rel=\"canonical\" href=\"https:\/\/naturalpoland.com\/zh-hans\/produkty\/zhiwu-tizhiwu\/%e8%91%a1%e8%90%84%e7%b1%bd%e6%8f%90%e5%8f%96%e7%89%a9-2\/\" \/>\n<meta property=\"og:locale\" content=\"zh_CN\" \/>\n<meta property=\"og:type\" content=\"article\" \/>\n<meta property=\"og:title\" content=\"\u8461\u8404\u7c7d\u63d0\u53d6\u7269 - \u56fd\u9645\u8fdb\u53e3\u690d\u7269\u539f\u6599\u548c\u4f18\u8d28\u5316\u5986\u54c1\u539f\u6599-NATURAL POLAND\" \/>\n<meta property=\"og:description\" content=\"\u8461\u8404\u7c7d\u63d0\u53d6\u7269\u662f\u4e00\u79cd\u72ec\u7279\u7684\u4ea7\u54c1\uff0c\u5177\u6709\u5e7f\u6cdb\u7684\u529f\u6548--\u6297\u764c\u3001\u6297\u83cc\u3001\u9547\u9759\u548c\u5f3a\u8eab\u5065\u4f53\u3002\" \/>\n<meta property=\"og:url\" content=\"https:\/\/naturalpoland.com\/zh-hans\/produkty\/zhiwu-tizhiwu\/%e8%91%a1%e8%90%84%e7%b1%bd%e6%8f%90%e5%8f%96%e7%89%a9-2\/\" \/>\n<meta property=\"og:site_name\" content=\"\u56fd\u9645\u8fdb\u53e3\u690d\u7269\u539f\u6599\u548c\u4f18\u8d28\u5316\u5986\u54c1\u539f\u6599-NATURAL POLAND\" \/>\n<meta property=\"article:publisher\" content=\"https:\/\/www.facebook.com\/naturalpoland.b2b\" \/>\n<meta property=\"article:modified_time\" content=\"2024-10-07T10:01:47+00:00\" \/>\n<meta property=\"og:image\" content=\"https:\/\/naturalpoland.com\/wp-content\/uploads\/ekstrakt-z-gravioli.webp\" \/>\n\t<meta property=\"og:image:width\" content=\"619\" \/>\n\t<meta property=\"og:image:height\" content=\"619\" \/>\n\t<meta property=\"og:image:type\" content=\"image\/webp\" \/>\n<script type=\"application\/ld+json\" class=\"yoast-schema-graph\">{\"@context\":\"https:\\\/\\\/schema.org\",\"@graph\":[{\"@type\":\"WebPage\",\"@id\":\"https:\\\/\\\/naturalpoland.com\\\/zh-hans\\\/produkty\\\/zhiwu-tizhiwu\\\/%e8%91%a1%e8%90%84%e7%b1%bd%e6%8f%90%e5%8f%96%e7%89%a9-2\\\/\",\"url\":\"https:\\\/\\\/naturalpoland.com\\\/zh-hans\\\/produkty\\\/zhiwu-tizhiwu\\\/%e8%91%a1%e8%90%84%e7%b1%bd%e6%8f%90%e5%8f%96%e7%89%a9-2\\\/\",\"name\":\"\u8461\u8404\u7c7d\u63d0\u53d6\u7269 - \u56fd\u9645\u8fdb\u53e3\u690d\u7269\u539f\u6599\u548c\u4f18\u8d28\u5316\u5986\u54c1\u539f\u6599-NATURAL POLAND\",\"isPartOf\":{\"@id\":\"https:\\\/\\\/naturalpoland.com\\\/zh-hans\\\/#website\"},\"primaryImageOfPage\":{\"@id\":\"https:\\\/\\\/naturalpoland.com\\\/zh-hans\\\/produkty\\\/zhiwu-tizhiwu\\\/%e8%91%a1%e8%90%84%e7%b1%bd%e6%8f%90%e5%8f%96%e7%89%a9-2\\\/#primaryimage\"},\"image\":{\"@id\":\"https:\\\/\\\/naturalpoland.com\\\/zh-hans\\\/produkty\\\/zhiwu-tizhiwu\\\/%e8%91%a1%e8%90%84%e7%b1%bd%e6%8f%90%e5%8f%96%e7%89%a9-2\\\/#primaryimage\"},\"thumbnailUrl\":\"https:\\\/\\\/naturalpoland.com\\\/wp-content\\\/uploads\\\/ekstrakt-z-gravioli.webp\",\"datePublished\":\"2023-04-14T18:07:23+00:00\",\"dateModified\":\"2024-10-07T10:01:47+00:00\",\"description\":\"\u8461\u8404\u7c7d\u63d0\u53d6\u7269\u662f\u4e00\u79cd\u72ec\u7279\u7684\u4ea7\u54c1\uff0c\u5177\u6709\u5e7f\u6cdb\u7684\u529f\u6548--\u6297\u764c\u3001\u6297\u83cc\u3001\u9547\u9759\u548c\u5f3a\u8eab\u5065\u4f53\u3002\",\"breadcrumb\":{\"@id\":\"https:\\\/\\\/naturalpoland.com\\\/zh-hans\\\/produkty\\\/zhiwu-tizhiwu\\\/%e8%91%a1%e8%90%84%e7%b1%bd%e6%8f%90%e5%8f%96%e7%89%a9-2\\\/#breadcrumb\"},\"inLanguage\":\"zh-Hans\",\"potentialAction\":[{\"@type\":\"ReadAction\",\"target\":[\"https:\\\/\\\/naturalpoland.com\\\/zh-hans\\\/produkty\\\/zhiwu-tizhiwu\\\/%e8%91%a1%e8%90%84%e7%b1%bd%e6%8f%90%e5%8f%96%e7%89%a9-2\\\/\"]}]},{\"@type\":\"ImageObject\",\"inLanguage\":\"zh-Hans\",\"@id\":\"https:\\\/\\\/naturalpoland.com\\\/zh-hans\\\/produkty\\\/zhiwu-tizhiwu\\\/%e8%91%a1%e8%90%84%e7%b1%bd%e6%8f%90%e5%8f%96%e7%89%a9-2\\\/#primaryimage\",\"url\":\"https:\\\/\\\/naturalpoland.com\\\/wp-content\\\/uploads\\\/ekstrakt-z-gravioli.webp\",\"contentUrl\":\"https:\\\/\\\/naturalpoland.com\\\/wp-content\\\/uploads\\\/ekstrakt-z-gravioli.webp\",\"width\":619,\"height\":619,\"caption\":\"ekstrakt z owocu gravioli w postaci \u017c\u00f3\u0142to-br\u0105zowego proszku\"},{\"@type\":\"BreadcrumbList\",\"@id\":\"https:\\\/\\\/naturalpoland.com\\\/zh-hans\\\/produkty\\\/zhiwu-tizhiwu\\\/%e8%91%a1%e8%90%84%e7%b1%bd%e6%8f%90%e5%8f%96%e7%89%a9-2\\\/#breadcrumb\",\"itemListElement\":[{\"@type\":\"ListItem\",\"position\":1,\"name\":\"\u9996\u9875\",\"item\":\"https:\\\/\\\/naturalpoland.com\\\/zh-hans\\\/\"},{\"@type\":\"ListItem\",\"position\":2,\"name\":\"\u6210\u54c1\",\"item\":\"https:\\\/\\\/naturalpoland.com\\\/zh-hans\\\/%e4%ba%a7%e5%93%81\\\/\"},{\"@type\":\"ListItem\",\"position\":3,\"name\":\"\u8461\u8404\u7c7d\u63d0\u53d6\u7269\"}]},{\"@type\":\"WebSite\",\"@id\":\"https:\\\/\\\/naturalpoland.com\\\/zh-hans\\\/#website\",\"url\":\"https:\\\/\\\/naturalpoland.com\\\/zh-hans\\\/\",\"name\":\"\u56fd\u9645\u8fdb\u53e3\u690d\u7269\u539f\u6599\u548c\u4f18\u8d28\u5316\u5986\u54c1\u539f\u6599-NATURAL POLAND\",\"description\":\"\u6765\u81ea\u6ce2\u5170\u7684NATURAL POLAND\u4e3b\u8981\u4ece\u4e8b\u5168\u7403\u5316\u5986\u54c1\u539f\u6599\uff0c\u5236\u836f\u539f\u6599\uff0c\u98df\u7528\u7ea7\u5929\u7136\u690d\u7269\u6cb9\u7684\u8fdb\u53e3\u3001\u751f\u4ea7\u3001\u51fa\u53e3\u53ca\u5206\u9500\u3002\u4ea7\u54c1\u8d28\u91cf\u548c\u751f\u4ea7\u5de5\u827a\u7b26\u5408\u6b27\u6d32\u89c4\u8303\u548c\u6807\u51c6\u3002\",\"publisher\":{\"@id\":\"https:\\\/\\\/naturalpoland.com\\\/zh-hans\\\/#organization\"},\"potentialAction\":[{\"@type\":\"SearchAction\",\"target\":{\"@type\":\"EntryPoint\",\"urlTemplate\":\"https:\\\/\\\/naturalpoland.com\\\/zh-hans\\\/?s={search_term_string}\"},\"query-input\":{\"@type\":\"PropertyValueSpecification\",\"valueRequired\":true,\"valueName\":\"search_term_string\"}}],\"inLanguage\":\"zh-Hans\"},{\"@type\":\"Organization\",\"@id\":\"https:\\\/\\\/naturalpoland.com\\\/zh-hans\\\/#organization\",\"name\":\"Natural Poland\",\"url\":\"https:\\\/\\\/naturalpoland.com\\\/zh-hans\\\/\",\"logo\":{\"@type\":\"ImageObject\",\"inLanguage\":\"zh-Hans\",\"@id\":\"https:\\\/\\\/naturalpoland.com\\\/zh-hans\\\/#\\\/schema\\\/logo\\\/image\\\/\",\"url\":\"https:\\\/\\\/naturalpoland.com\\\/wp-content\\\/uploads\\\/2021\\\/05\\\/natural-poland-icon.png\",\"contentUrl\":\"https:\\\/\\\/naturalpoland.com\\\/wp-content\\\/uploads\\\/2021\\\/05\\\/natural-poland-icon.png\",\"width\":512,\"height\":512,\"caption\":\"Natural Poland\"},\"image\":{\"@id\":\"https:\\\/\\\/naturalpoland.com\\\/zh-hans\\\/#\\\/schema\\\/logo\\\/image\\\/\"},\"sameAs\":[\"https:\\\/\\\/www.facebook.com\\\/naturalpoland.b2b\",\"https:\\\/\\\/pl.linkedin.com\\\/company\\\/natural-poland\",\"https:\\\/\\\/www.youtube.com\\\/channel\\\/UCgeGGkvOMahZo-xu_MSEWxg\"]}]}<\/script>\n<!-- \/ Yoast SEO plugin. -->","yoast_head_json":{"title":"\u8461\u8404\u7c7d\u63d0\u53d6\u7269 - \u56fd\u9645\u8fdb\u53e3\u690d\u7269\u539f\u6599\u548c\u4f18\u8d28\u5316\u5986\u54c1\u539f\u6599-NATURAL POLAND","description":"\u8461\u8404\u7c7d\u63d0\u53d6\u7269\u662f\u4e00\u79cd\u72ec\u7279\u7684\u4ea7\u54c1\uff0c\u5177\u6709\u5e7f\u6cdb\u7684\u529f\u6548--\u6297\u764c\u3001\u6297\u83cc\u3001\u9547\u9759\u548c\u5f3a\u8eab\u5065\u4f53\u3002","robots":{"index":"index","follow":"follow","max-snippet":"max-snippet:-1","max-image-preview":"max-image-preview:large","max-video-preview":"max-video-preview:-1"},"canonical":"https:\/\/naturalpoland.com\/zh-hans\/produkty\/zhiwu-tizhiwu\/%e8%91%a1%e8%90%84%e7%b1%bd%e6%8f%90%e5%8f%96%e7%89%a9-2\/","og_locale":"zh_CN","og_type":"article","og_title":"\u8461\u8404\u7c7d\u63d0\u53d6\u7269 - \u56fd\u9645\u8fdb\u53e3\u690d\u7269\u539f\u6599\u548c\u4f18\u8d28\u5316\u5986\u54c1\u539f\u6599-NATURAL POLAND","og_description":"\u8461\u8404\u7c7d\u63d0\u53d6\u7269\u662f\u4e00\u79cd\u72ec\u7279\u7684\u4ea7\u54c1\uff0c\u5177\u6709\u5e7f\u6cdb\u7684\u529f\u6548--\u6297\u764c\u3001\u6297\u83cc\u3001\u9547\u9759\u548c\u5f3a\u8eab\u5065\u4f53\u3002","og_url":"https:\/\/naturalpoland.com\/zh-hans\/produkty\/zhiwu-tizhiwu\/%e8%91%a1%e8%90%84%e7%b1%bd%e6%8f%90%e5%8f%96%e7%89%a9-2\/","og_site_name":"\u56fd\u9645\u8fdb\u53e3\u690d\u7269\u539f\u6599\u548c\u4f18\u8d28\u5316\u5986\u54c1\u539f\u6599-NATURAL POLAND","article_publisher":"https:\/\/www.facebook.com\/naturalpoland.b2b","article_modified_time":"2024-10-07T10:01:47+00:00","og_image":[{"width":619,"height":619,"url":"https:\/\/naturalpoland.com\/wp-content\/uploads\/ekstrakt-z-gravioli.webp","type":"image\/webp"}],"schema":{"@context":"https:\/\/schema.org","@graph":[{"@type":"WebPage","@id":"https:\/\/naturalpoland.com\/zh-hans\/produkty\/zhiwu-tizhiwu\/%e8%91%a1%e8%90%84%e7%b1%bd%e6%8f%90%e5%8f%96%e7%89%a9-2\/","url":"https:\/\/naturalpoland.com\/zh-hans\/produkty\/zhiwu-tizhiwu\/%e8%91%a1%e8%90%84%e7%b1%bd%e6%8f%90%e5%8f%96%e7%89%a9-2\/","name":"\u8461\u8404\u7c7d\u63d0\u53d6\u7269 - \u56fd\u9645\u8fdb\u53e3\u690d\u7269\u539f\u6599\u548c\u4f18\u8d28\u5316\u5986\u54c1\u539f\u6599-NATURAL POLAND","isPartOf":{"@id":"https:\/\/naturalpoland.com\/zh-hans\/#website"},"primaryImageOfPage":{"@id":"https:\/\/naturalpoland.com\/zh-hans\/produkty\/zhiwu-tizhiwu\/%e8%91%a1%e8%90%84%e7%b1%bd%e6%8f%90%e5%8f%96%e7%89%a9-2\/#primaryimage"},"image":{"@id":"https:\/\/naturalpoland.com\/zh-hans\/produkty\/zhiwu-tizhiwu\/%e8%91%a1%e8%90%84%e7%b1%bd%e6%8f%90%e5%8f%96%e7%89%a9-2\/#primaryimage"},"thumbnailUrl":"https:\/\/naturalpoland.com\/wp-content\/uploads\/ekstrakt-z-gravioli.webp","datePublished":"2023-04-14T18:07:23+00:00","dateModified":"2024-10-07T10:01:47+00:00","description":"\u8461\u8404\u7c7d\u63d0\u53d6\u7269\u662f\u4e00\u79cd\u72ec\u7279\u7684\u4ea7\u54c1\uff0c\u5177\u6709\u5e7f\u6cdb\u7684\u529f\u6548--\u6297\u764c\u3001\u6297\u83cc\u3001\u9547\u9759\u548c\u5f3a\u8eab\u5065\u4f53\u3002","breadcrumb":{"@id":"https:\/\/naturalpoland.com\/zh-hans\/produkty\/zhiwu-tizhiwu\/%e8%91%a1%e8%90%84%e7%b1%bd%e6%8f%90%e5%8f%96%e7%89%a9-2\/#breadcrumb"},"inLanguage":"zh-Hans","potentialAction":[{"@type":"ReadAction","target":["https:\/\/naturalpoland.com\/zh-hans\/produkty\/zhiwu-tizhiwu\/%e8%91%a1%e8%90%84%e7%b1%bd%e6%8f%90%e5%8f%96%e7%89%a9-2\/"]}]},{"@type":"ImageObject","inLanguage":"zh-Hans","@id":"https:\/\/naturalpoland.com\/zh-hans\/produkty\/zhiwu-tizhiwu\/%e8%91%a1%e8%90%84%e7%b1%bd%e6%8f%90%e5%8f%96%e7%89%a9-2\/#primaryimage","url":"https:\/\/naturalpoland.com\/wp-content\/uploads\/ekstrakt-z-gravioli.webp","contentUrl":"https:\/\/naturalpoland.com\/wp-content\/uploads\/ekstrakt-z-gravioli.webp","width":619,"height":619,"caption":"ekstrakt z owocu gravioli w postaci \u017c\u00f3\u0142to-br\u0105zowego proszku"},{"@type":"BreadcrumbList","@id":"https:\/\/naturalpoland.com\/zh-hans\/produkty\/zhiwu-tizhiwu\/%e8%91%a1%e8%90%84%e7%b1%bd%e6%8f%90%e5%8f%96%e7%89%a9-2\/#breadcrumb","itemListElement":[{"@type":"ListItem","position":1,"name":"\u9996\u9875","item":"https:\/\/naturalpoland.com\/zh-hans\/"},{"@type":"ListItem","position":2,"name":"\u6210\u54c1","item":"https:\/\/naturalpoland.com\/zh-hans\/%e4%ba%a7%e5%93%81\/"},{"@type":"ListItem","position":3,"name":"\u8461\u8404\u7c7d\u63d0\u53d6\u7269"}]},{"@type":"WebSite","@id":"https:\/\/naturalpoland.com\/zh-hans\/#website","url":"https:\/\/naturalpoland.com\/zh-hans\/","name":"\u56fd\u9645\u8fdb\u53e3\u690d\u7269\u539f\u6599\u548c\u4f18\u8d28\u5316\u5986\u54c1\u539f\u6599-NATURAL POLAND","description":"\u6765\u81ea\u6ce2\u5170\u7684NATURAL POLAND\u4e3b\u8981\u4ece\u4e8b\u5168\u7403\u5316\u5986\u54c1\u539f\u6599\uff0c\u5236\u836f\u539f\u6599\uff0c\u98df\u7528\u7ea7\u5929\u7136\u690d\u7269\u6cb9\u7684\u8fdb\u53e3\u3001\u751f\u4ea7\u3001\u51fa\u53e3\u53ca\u5206\u9500\u3002\u4ea7\u54c1\u8d28\u91cf\u548c\u751f\u4ea7\u5de5\u827a\u7b26\u5408\u6b27\u6d32\u89c4\u8303\u548c\u6807\u51c6\u3002","publisher":{"@id":"https:\/\/naturalpoland.com\/zh-hans\/#organization"},"potentialAction":[{"@type":"SearchAction","target":{"@type":"EntryPoint","urlTemplate":"https:\/\/naturalpoland.com\/zh-hans\/?s={search_term_string}"},"query-input":{"@type":"PropertyValueSpecification","valueRequired":true,"valueName":"search_term_string"}}],"inLanguage":"zh-Hans"},{"@type":"Organization","@id":"https:\/\/naturalpoland.com\/zh-hans\/#organization","name":"Natural Poland","url":"https:\/\/naturalpoland.com\/zh-hans\/","logo":{"@type":"ImageObject","inLanguage":"zh-Hans","@id":"https:\/\/naturalpoland.com\/zh-hans\/#\/schema\/logo\/image\/","url":"https:\/\/naturalpoland.com\/wp-content\/uploads\/2021\/05\/natural-poland-icon.png","contentUrl":"https:\/\/naturalpoland.com\/wp-content\/uploads\/2021\/05\/natural-poland-icon.png","width":512,"height":512,"caption":"Natural Poland"},"image":{"@id":"https:\/\/naturalpoland.com\/zh-hans\/#\/schema\/logo\/image\/"},"sameAs":["https:\/\/www.facebook.com\/naturalpoland.b2b","https:\/\/pl.linkedin.com\/company\/natural-poland","https:\/\/www.youtube.com\/channel\/UCgeGGkvOMahZo-xu_MSEWxg"]}]}},"_links":{"self":[{"href":"https:\/\/naturalpoland.com\/zh-hans\/wp-json\/wp\/v2\/product\/22448","targetHints":{"allow":["GET"]}}],"collection":[{"href":"https:\/\/naturalpoland.com\/zh-hans\/wp-json\/wp\/v2\/product"}],"about":[{"href":"https:\/\/naturalpoland.com\/zh-hans\/wp-json\/wp\/v2\/types\/product"}],"wp:featuredmedia":[{"embeddable":true,"href":"https:\/\/naturalpoland.com\/zh-hans\/wp-json\/wp\/v2\/media\/35829"}],"wp:attachment":[{"href":"https:\/\/naturalpoland.com\/zh-hans\/wp-json\/wp\/v2\/media?parent=22448"}],"wp:term":[{"taxonomy":"product_brand","embeddable":true,"href":"https:\/\/naturalpoland.com\/zh-hans\/wp-json\/wp\/v2\/product_brand?post=22448"},{"taxonomy":"product_cat","embeddable":true,"href":"https:\/\/naturalpoland.com\/zh-hans\/wp-json\/wp\/v2\/product_cat?post=22448"},{"taxonomy":"product_tag","embeddable":true,"href":"https:\/\/naturalpoland.com\/zh-hans\/wp-json\/wp\/v2\/product_tag?post=22448"}],"curies":[{"name":"wp","href":"https:\/\/api.w.org\/{rel}","templated":true}]}}