{"id":22496,"date":"2021-05-11T13:41:46","date_gmt":"2021-05-11T11:41:46","guid":{"rendered":"https:\/\/naturalpoland.pl\/produkty\/uncategorized\/%e7%bb%bf%e8%8c%b6%e6%8f%90%e5%8f%96%e7%89%a9\/"},"modified":"2025-08-04T16:09:56","modified_gmt":"2025-08-04T14:09:56","slug":"%e7%bb%bf%e8%8c%b6%e6%8f%90%e5%8f%96%e7%89%a9","status":"publish","type":"product","link":"https:\/\/naturalpoland.com\/zh-hans\/produkty\/shipin-chanyechanpin\/shengchan-yuanliao\/%e7%bb%bf%e8%8c%b6%e6%8f%90%e5%8f%96%e7%89%a9\/","title":{"rendered":"\u7eff\u8336\u63d0\u53d6\u7269"},"content":{"rendered":"<h2>\u7eff\u8336\u63d0\u53d6\u7269\u7684\u7528\u9014\u4e0e\u529f\u6548<\/h2>\r\n<p>\u7531\u4e8e\u5176\u4f17\u591a\u7684\u5065\u5eb7\u76ca\u5904\uff0c\u7eff\u8336\u6df1\u53d7\u5927\u4f17\u559c\u7231\uff0c\u56e0\u6b64\u5f88\u591a\u4eba\u6bcf\u5929\u90fd\u4f1a\u996e\u7528\u5b83\u3002\u7eff\u8336\u63d0\u53d6\u7269\u540c\u6837\u5e7f\u53d7\u8ba4\u53ef\uff0c\u5b83\u6709\u52a9\u4e8e\u8102\u80aa\u4ee3\u8c22\uff0c\u534f\u52a9\u8eab\u4f53\u5bf9\u6297\u6709\u5bb3\u7684\u81ea\u7531\u57fa\uff0c\u4fdd\u62a4\u76ae\u80a4\u514d\u53d7\u7d2b\u5916\u7ebf\u4f24\u5bb3\uff0c\u5e76\u6709\u52a9\u4e8e\u7ef4\u6301\u8840\u6db2\u4e2d\u80c6\u56fa\u9187\u6c34\u5e73\u7684\u6b63\u5e38\u503c\u3002\u7eff\u8336\u63d0\u53d6\u7269\u5c24\u5176\u63a8\u8350\u7ed9\u6b63\u5728\u51cf\u80a5\u7684\u4eba\u7fa4\u3002\u7eff\u8336\u4e2d\u8fd8\u542b\u6709\u4e00\u5b9a\u91cf\u7684\u5496\u5561\u56e0\uff0c\u56e0\u6b64\u5177\u6709\u63d0\u795e\u7684\u4f5c\u7528\uff0c\u4e0d\u4ec5\u80fd\u63d0\u5347\u80fd\u91cf\uff0c\u8fd8\u80fd\u4fc3\u8fdb\u65b0\u9648\u4ee3\u8c22\u3002<\/p>\r\n<p><img decoding=\"async\" class=\"alignnone size-full wp-image-15378\" src=\"https:\/\/naturalpoland.com\/wp-content\/uploads\/ekstrakt-z-zielonej-herbaty-wlasciwosci.jpg\" alt=\"ekstrakt z zielonej herbaty w\u0142a\u015bciwo\u015bci\" width=\"1000\" height=\"522\" srcset=\"https:\/\/naturalpoland.com\/wp-content\/uploads\/ekstrakt-z-zielonej-herbaty-wlasciwosci.jpg 1000w, https:\/\/naturalpoland.com\/wp-content\/uploads\/ekstrakt-z-zielonej-herbaty-wlasciwosci-510x266.jpg 510w, https:\/\/naturalpoland.com\/wp-content\/uploads\/ekstrakt-z-zielonej-herbaty-wlasciwosci-300x157.jpg 300w, https:\/\/naturalpoland.com\/wp-content\/uploads\/ekstrakt-z-zielonej-herbaty-wlasciwosci-768x401.jpg 768w\" sizes=\"(max-width: 1000px) 100vw, 1000px\" \/><\/p>\r\n<p>\u7eff\u8336\u6765\u6e90\u4e8e\u672a\u53d1\u9175\u7684\u4e2d\u56fd\u8336\u53f6\uff08Camellia sinensis\uff09\uff0c\u88ab\u8ba4\u4e3a\u662f\u4e16\u754c\u4e0a\u6700\u5065\u5eb7\u7684\u996e\u54c1\u4e4b\u4e00\u3002\u4ece\u4e2d\u63d0\u53d6\u7684\u7cbe\u534e\u4e0d\u4ec5\u5177\u6709\u5b9d\u8d35\u7684\u836f\u7528\u4ef7\u503c\uff0c\u4e5f\u5e7f\u6cdb\u5e94\u7528\u4e8e\u5316\u5986\u54c1\u884c\u4e1a\u3002<\/p>\r\n<h2>\u7eff\u8336\u4e2d\u7684\u591a\u915a\u5316\u5408\u7269<\/h2>\r\n<p>\u7eff\u8336\u7684\u529f\u6548\u4e3b\u8981\u6765\u6e90\u4e8e\u5176\u9ad8\u542b\u91cf\u7684\u591a\u915a\u5316\u5408\u7269\u3002\u9ec4\u916e\u7c7b\u5316\u5408\u7269\u542b\u91cf\u53ef\u9ad8\u8fbe\u8336\u53f6\u5e72\u91cd\u768430-36%\u3002\u5176\u4e2d\u6700\u4e3b\u8981\u7684\u662f\u513f\u8336\u7d20\u7c7b\u7269\u8d28\uff08\u7c7b\u9ec4\u70f7\u9187\uff09\uff0c\u7ea6\u5360\u9ec4\u916e\u7c7b\u768480%\uff0c\u5305\u62ec\u8868\u6ca1\u98df\u5b50\u513f\u8336\u7d20\u6ca1\u98df\u5b50\u9178\u916f\uff08EGCG\uff09\u3001\u8868\u6ca1\u98df\u5b50\u513f\u8336\u7d20\u3001\u8868\u513f\u8336\u7d20\u6ca1\u98df\u5b50\u9178\u916f\u4ee5\u53ca\u8868\u513f\u8336\u7d20\u7b49\u3002<\/p>\r\n<p>\u8fd9\u4e9b\u5316\u5408\u7269\u5177\u6709\u6781\u5f3a\u7684\u6297\u6c27\u5316\u80fd\u529b\uff0c\u80fd\u6e05\u9664\u548c\u51cf\u5c11\u81ea\u7531\u57fa\u7684\u4ea7\u751f\uff0c\u5e76\u5728\u5316\u5986\u54c1\u4e2d\u88ab\u5e7f\u6cdb\u5e94\u7528\u4e8e\u6297\u6d6e\u80bf\u3002\u6b64\u5916\uff0c\u8fd8\u542b\u6709\u4f4e\u6d53\u5ea6\u7684\u5176\u4ed6\u9ec4\u916e\u7c7b\u6210\u5206\uff0c\u5982\u5c71\u67f0\u915a\u3001\u82b8\u9999\u82f7\u3001\u69f2\u76ae\u7d20\u3001\u58a8\u89d2\u85fb\u7d20\u53ca\u5176\u82f7\u7c7b\uff0c\u8fd9\u4e9b\u7269\u8d28\u5177\u6709\u6297\u6c27\u5316\u548c\u6291\u5236\u8840\u5c0f\u677f\u805a\u96c6\u7684\u4f5c\u7528\u3002<\/p>\r\n\r\n<h2>\u7eff\u8336\u7684\u836f\u7528\u529f\u6548<\/h2>\r\n<p>\u7531\u4e8e\u5176\u72ec\u7279\u7684\u5316\u5b66\u6210\u5206\uff0c\u7eff\u8336\u63d0\u53d6\u7269\u5728\u98df\u54c1\u548c\u836f\u54c1\u5de5\u4e1a\u4e2d\u88ab\u5e7f\u6cdb\u4f7f\u7528\u3002\u996e\u7528\u7eff\u8336\u6216\u5c06\u5176\u63d0\u53d6\u7269\u4f5c\u4e3a\u81b3\u98df\u8865\u5145\u5242\uff08\u5982\u80f6\u56ca\u3001\u7247\u5242\uff09\u6444\u53d6\uff0c\u7279\u522b\u63a8\u8350\u7ed9\u5e0c\u671b\u51cf\u91cd\u6216\u9884\u9632\u5fc3\u8840\u7ba1\u75be\u75c5\u7684\u4eba\u7fa4\u3002\u7eff\u8336\u63d0\u53d6\u7269\u5177\u6709\u6297\u52a8\u8109\u7ca5\u6837\u786c\u5316\u4f5c\u7528\uff0c\u4fdd\u62a4\u8840\u7ba1\uff0c\u964d\u4f4e\u80c6\u56fa\u9187\u548c\u7518\u6cb9\u4e09\u916f\u6c34\u5e73\uff0c\u6291\u5236\u8102\u80aa\u7ec6\u80de\u7684\u589e\u957f\u5e76\u51cf\u5c11\u8102\u80aa\u5438\u6536\u3002\u6b63\u56e0\u5982\u6b64\uff0c\u5b9a\u671f\u6444\u5165\u7eff\u8336\u63d0\u53d6\u7269\u6709\u52a9\u4e8e\u4f53\u91cd\u7a33\u5b9a\uff0c\u9632\u6b62\u8102\u80aa\u5806\u79ef\uff0c\u5e76\u964d\u4f4e\u60a3\u5fc3\u8840\u7ba1\u75be\u75c5\u7684\u98ce\u9669\u3002<\/p>\r\n<p>\u7eff\u8336\u63d0\u53d6\u7269\u7684\u53e6\u4e00\u663e\u8457\u4f5c\u7528\u662f\u5176\u795e\u7ecf\u4fdd\u62a4\u529f\u6548\u3002\u5b83\u7684\u6297\u6c27\u5316\u3001\u6269\u5f20\u8840\u7ba1\u548c\u89e3\u6bd2\uff08\u87af\u5408\u91d1\u5c5e\u79bb\u5b50\uff09\u80fd\u529b\u4f7f\u5176\u6210\u4e3a\u963f\u5c14\u8328\u6d77\u9ed8\u75c7\u3001\u5e15\u91d1\u68ee\u75c7\u53ca\u591a\u53d1\u6027\u786c\u5316\u75c7\u7b49\u795e\u7ecf\u9000\u884c\u6027\u75be\u75c5\u7684\u6f5c\u5728\u6cbb\u7597\u9009\u62e9\u3002\u7814\u7a76\u7ed3\u679c\u8fd8\u8868\u660e\u7eff\u8336\u63d0\u53d6\u7269\u53ef\u80fd\u5177\u6709\u6297\u764c\u4f5c\u7528\uff0c\u8fd9\u4e00\u89c2\u70b9\u5f97\u5230\u4e86\u4e9a\u6d32\u56fd\u5bb6\u7eff\u8336\u6444\u5165\u91cf\u9ad8\u4e14\u764c\u75c7\u53d1\u75c5\u7387\u8f83\u4f4e\u7684\u6d41\u884c\u75c5\u5b66\u6570\u636e\u7684\u652f\u6301\u3002<\/p>\r\n\r\n<h2>\u7eff\u8336\u63d0\u53d6\u7269\u7684\u62a4\u80a4\u529f\u6548<\/h2>\r\n<p>\u7eff\u8336\u63d0\u53d6\u7269\u4e0d\u4ec5\u53ef\u4ee5\u53e3\u670d\uff0c\u8fd8\u5bf9\u76ae\u80a4\u53ca\u5176\u9644\u5c5e\u5668\u5b98\u6709\u79ef\u6781\u5f71\u54cd\uff0c\u56e0\u6b64\u5728\u5236\u836f\u884c\u4e1a\u4e2d\u4e5f\u9887\u53d7\u9752\u7750\u3002<\/p>\r\n<p>\u7eff\u8336\u63d0\u53d6\u7269\u4e2d\u542b\u6709\u7684\u5316\u5408\u7269\u5177\u6709\u591a\u79cd\u62a4\u80a4\u529f\u6548\uff0c\u4f8b\u5982\uff1a<\/p>\r\n<ul>\r\n<li><strong>\u6297\u708e\u4f5c\u7528<\/strong>,<\/li>\r\n<li><strong>\u6297\u83cc\u4f5c\u7528<\/strong>,<\/li>\r\n<li><strong>\u6297\u6c27\u5316\u4f5c\u7528<\/strong>,<\/li>\r\n<li><strong>\u6539\u5584\u76ae\u80a4\u5fae\u5faa\u73af<\/strong>,<\/li>\r\n<li><strong>\u6291\u5236\u76ae\u8102\u817a\u6d3b\u52a8<\/strong>\u3002<\/li>\r\n<\/ul>\r\n<p>\u56e0\u6b64\uff0c\u5b83\u88ab\u5e7f\u6cdb\u7528\u4e8e\u723d\u80a4\u6c34\u3001\u4fdd\u6e7f\u4e73\u6db2\u3001\u6d17\u53d1\u6c34\u3001\u6c90\u6d74\u9732\u548c\u9762\u971c\u7b49\u4ea7\u54c1\u4e2d\u3002<\/p>\r\n<p>\u5728\u5316\u5986\u54c1\u4e2d\uff0c\u7eff\u8336\u63d0\u53d6\u7269\u5177\u6709\u5e7f\u6cdb\u7684\u5e94\u7528\u4ef7\u503c\u3002\u5176\u5f3a\u6548\u7684\u4fdd\u6e7f\u548c\u6297\u6c27\u5316\u80fd\u529b\u4f7f\u5176\u6210\u4e3a\u9002\u5408\u6210\u719f\u808c\u80a4\u7684\u6297\u8870\u8001\u914d\u65b9\u6210\u5206\uff0c\u540c\u65f6\u7531\u4e8e\u5176\u6297\u76ae\u8102\u5206\u6ccc\u548c\u6297\u83cc\u7279\u6027\uff0c\u4e5f\u5e38\u7528\u4e8e\u9002\u5408\u5e74\u8f7b\u3001\u6613\u957f\u75d8\u808c\u80a4\u7684\u62a4\u80a4\u4ea7\u54c1\u4e2d\u3002<\/p>\r\n<p>\u7eff\u8336\u63d0\u53d6\u7269\u7684\u8fd9\u4e9b\u7279\u6027\u4e5f\u4f7f\u5176\u9002\u7528\u4e8e\u5934\u53d1\u548c\u5934\u76ae\u62a4\u7406\u2014\u2014\u5177\u6709\u6297\u5934\u76ae\u5c51\u548c\u51cf\u5c11\u6cb9\u8102\u5206\u6ccc\u7684\u4f5c\u7528\u3002<\/p>\r\n<p>\u6b64\u5916\uff0c\u5728\u533b\u5b66\u62a4\u80a4\u4e2d\uff0c\u7eff\u8336\u63d0\u53d6\u7269\u8fd8\u53ef\u7528\u4e8e\u8212\u7f13\u808c\u80a4\u523a\u6fc0\u3001\u51cf\u8f7b\u80bf\u80c0\u548c\u6cdb\u7ea2\u3001\u4fc3\u8fdb\u4f24\u53e3\u6108\u5408\u53ca\u6297\u708e\u3002\u56e0\u6b64\uff0c\u5b83\u4e5f\u5e38\u89c1\u4e8e\u79c1\u5bc6\u62a4\u7406\u6db2\u548c\u773c\u90e8\u62a4\u7406\u4ea7\u54c1\u4e2d\u3002<\/p>\r\n<p>\u559c\u6b22\u5065\u5eb7\u7f8e\u9ed1\u7684\u4eba\u4e5f\u4f1a\u6b23\u8d4f\u542b\u6709\u7eff\u8336\u63d0\u53d6\u7269\u7684\u4ea7\u54c1\u2014\u2014\u5b83\u5728\u65e5\u6652\u8fc7\u7a0b\u4e2d\u80fd\u4fdd\u62a4\u76ae\u80a4\u514d\u53d7\u7d2b\u5916\u7ebf\u4f24\u5bb3\uff0c\u540c\u65f6\u4fc3\u8fdb\u9ed1\u8272\u7d20\u5408\u6210\uff0c\u662f\u5929\u7136\u7684\u7f8e\u9ed1\u6210\u5206\u4e4b\u4e00\u3002<\/p>\r\n\r\n<hr class=\"wp-block-separator has-css-opacity\" \/>\r\n<p><strong>\u53c2\u8003\u6587\u732e\uff1a<\/strong><\/p>\r\n<ol>\r\n<li style=\"list-style-type: none;\">Arct J, Tomaszewska K, Pytkowska K (2016). \u300a\u7eff\u8336\u300b\uff0cPol J Cosmetol, 19(2): 110-115<\/li>\r\n<li>Ca\u0142ka J, Zasadowski A, Juranek J. (2008). \u300a\u7eff\u8336\u7684\u4e00\u4e9b\u6cbb\u7597\u7279\u6027\u300b\uff0cBromat. Chem. Toksykol, 41: 5-14<\/li>\r\n<li>Matysek-Nawrocka M, Cyrankiewicz P. (2016). \u300a\u4ece\u8336\u3001\u5496\u5561\u548c\u53ef\u53ef\u4e2d\u63d0\u53d6\u7684\u751f\u7269\u6d3b\u6027\u7269\u8d28\u53ca\u5176\u5728\u5316\u5986\u54c1\u4e2d\u7684\u5e94\u7528\u300b\uff0cPost Fitoter, 17(2): 139-144<\/li>\r\n<\/ol>\r\n<h4><strong>\u4f5c\u8005\uff1a<\/strong><\/h4>\r\n<p><strong>\u836f\u5b66\u79d1\u5b66\u535a\u58eb \u5361\u5854\u65e5\u5a1c\u00b7\u91d1\u6885\u5c14<\/strong><br \/>\u836f\u5b66\u79d1\u5b66\u535a\u58eb\uff0c\u5979\u7684\u7814\u7a76\u5174\u8da3\u96c6\u4e2d\u5728\u690d\u7269\u836f\u7269\u548c\u5929\u7136\u6765\u6e90\u7684\u751f\u7269\u6d3b\u6027\u7269\u8d28\u7684\u7814\u7a76\u4e0a\u3002\u70ed\u7231\u65c5\u884c\uff0c\u559c\u6b22\u5728\u5927\u81ea\u7136\u4e2d\u5ea6\u8fc7\u95f2\u6687\u65f6\u5149\u3002<\/p>\r\n\r\n<p>&nbsp;<\/p><!-- \/wp:post-content -->","protected":false},"excerpt":{"rendered":"<p>\u7eff\u8336\u63d0\u53d6\u7269\uff08Camellia Sinensis Leaf Extract\uff09\uff0c\u5e72\u7269\u8d28\u542b\u91cf\u4e3a85%-95%\u3002\u8be5\u4ea7\u54c1\u7528\u4e8e\u5236\u836f\u3001\u5316\u5986\u62a4\u80a4\u54c1\u3001\u98df\u54c1\u548c\u5b9e\u9a8c\u5ba4\u7b49\u884c\u4e1a\u3002\u8fd9\u79cd\u690d\u7269\u63d0\u53d6\u7269\u4ee5\u7c89\u672b\u7684\u5f62\u5f0f\u63d0\u4f9b\u3002<\/p>\n","protected":false},"featured_media":35925,"template":"","meta":{"_acf_changed":false},"product_brand":[],"product_cat":[2067,2097],"product_tag":[],"class_list":{"0":"post-22496","1":"product","2":"type-product","3":"status-publish","4":"has-post-thumbnail","6":"product_cat-zhiwu-tizhiwu","7":"product_cat-shengchan-yuanliao","8":"pa_czesc-rosliny-3019","9":"pa_grupa-substancji-4086","11":"first","12":"instock","13":"shipping-taxable","14":"product-type-simple"},"acf":[],"yoast_head":"<!-- This site is optimized with the Yoast SEO plugin v27.4 - https:\/\/yoast.com\/product\/yoast-seo-wordpress\/ -->\n<title>\u7eff\u8336\u63d0\u53d6\u7269 - \u6279\u53d1\u5206\u9500\u5546<\/title>\n<meta name=\"robots\" content=\"index, follow, max-snippet:-1, max-image-preview:large, max-video-preview:-1\" \/>\n<link rel=\"canonical\" href=\"https:\/\/naturalpoland.com\/zh-hans\/produkty\/shipin-chanyechanpin\/shengchan-yuanliao\/%e7%bb%bf%e8%8c%b6%e6%8f%90%e5%8f%96%e7%89%a9\/\" \/>\n<meta property=\"og:locale\" content=\"zh_CN\" \/>\n<meta property=\"og:type\" content=\"article\" \/>\n<meta property=\"og:title\" content=\"\u7eff\u8336\u63d0\u53d6\u7269 - \u6279\u53d1\u5206\u9500\u5546\" \/>\n<meta property=\"og:description\" content=\"\u7eff\u8336\u63d0\u53d6\u7269\uff08Camellia Sinensis Leaf Extract\uff09\uff0c\u5e72\u7269\u8d28\u542b\u91cf\u4e3a85%-95%\u3002\u8be5\u4ea7\u54c1\u7528\u4e8e\u5236\u836f\u3001\u5316\u5986\u62a4\u80a4\u54c1\u3001\u98df\u54c1\u548c\u5b9e\u9a8c\u5ba4\u7b49\u884c\u4e1a\u3002\u8fd9\u79cd\u690d\u7269\u63d0\u53d6\u7269\u4ee5\u7c89\u672b\u7684\u5f62\u5f0f\u63d0\u4f9b\u3002\" \/>\n<meta property=\"og:url\" content=\"https:\/\/naturalpoland.com\/zh-hans\/produkty\/shipin-chanyechanpin\/shengchan-yuanliao\/%e7%bb%bf%e8%8c%b6%e6%8f%90%e5%8f%96%e7%89%a9\/\" \/>\n<meta property=\"og:site_name\" content=\"\u56fd\u9645\u8fdb\u53e3\u690d\u7269\u539f\u6599\u548c\u4f18\u8d28\u5316\u5986\u54c1\u539f\u6599-NATURAL POLAND\" \/>\n<meta property=\"article:publisher\" content=\"https:\/\/www.facebook.com\/naturalpoland.b2b\" \/>\n<meta property=\"article:modified_time\" content=\"2025-08-04T14:09:56+00:00\" \/>\n<meta property=\"og:image\" content=\"https:\/\/naturalpoland.com\/wp-content\/uploads\/ekstrakt-z-zielonej-herbaty.webp\" \/>\n\t<meta property=\"og:image:width\" content=\"350\" \/>\n\t<meta property=\"og:image:height\" content=\"350\" \/>\n\t<meta property=\"og:image:type\" content=\"image\/webp\" \/>\n<script type=\"application\/ld+json\" class=\"yoast-schema-graph\">{\"@context\":\"https:\\\/\\\/schema.org\",\"@graph\":[{\"@type\":\"WebPage\",\"@id\":\"https:\\\/\\\/naturalpoland.com\\\/zh-hans\\\/produkty\\\/shipin-chanyechanpin\\\/shengchan-yuanliao\\\/%e7%bb%bf%e8%8c%b6%e6%8f%90%e5%8f%96%e7%89%a9\\\/\",\"url\":\"https:\\\/\\\/naturalpoland.com\\\/zh-hans\\\/produkty\\\/shipin-chanyechanpin\\\/shengchan-yuanliao\\\/%e7%bb%bf%e8%8c%b6%e6%8f%90%e5%8f%96%e7%89%a9\\\/\",\"name\":\"\u7eff\u8336\u63d0\u53d6\u7269 - \u6279\u53d1\u5206\u9500\u5546\",\"isPartOf\":{\"@id\":\"https:\\\/\\\/naturalpoland.com\\\/zh-hans\\\/#website\"},\"primaryImageOfPage\":{\"@id\":\"https:\\\/\\\/naturalpoland.com\\\/zh-hans\\\/produkty\\\/shipin-chanyechanpin\\\/shengchan-yuanliao\\\/%e7%bb%bf%e8%8c%b6%e6%8f%90%e5%8f%96%e7%89%a9\\\/#primaryimage\"},\"image\":{\"@id\":\"https:\\\/\\\/naturalpoland.com\\\/zh-hans\\\/produkty\\\/shipin-chanyechanpin\\\/shengchan-yuanliao\\\/%e7%bb%bf%e8%8c%b6%e6%8f%90%e5%8f%96%e7%89%a9\\\/#primaryimage\"},\"thumbnailUrl\":\"https:\\\/\\\/naturalpoland.com\\\/wp-content\\\/uploads\\\/ekstrakt-z-zielonej-herbaty.webp\",\"datePublished\":\"2021-05-11T11:41:46+00:00\",\"dateModified\":\"2025-08-04T14:09:56+00:00\",\"breadcrumb\":{\"@id\":\"https:\\\/\\\/naturalpoland.com\\\/zh-hans\\\/produkty\\\/shipin-chanyechanpin\\\/shengchan-yuanliao\\\/%e7%bb%bf%e8%8c%b6%e6%8f%90%e5%8f%96%e7%89%a9\\\/#breadcrumb\"},\"inLanguage\":\"zh-Hans\",\"potentialAction\":[{\"@type\":\"ReadAction\",\"target\":[\"https:\\\/\\\/naturalpoland.com\\\/zh-hans\\\/produkty\\\/shipin-chanyechanpin\\\/shengchan-yuanliao\\\/%e7%bb%bf%e8%8c%b6%e6%8f%90%e5%8f%96%e7%89%a9\\\/\"]}]},{\"@type\":\"ImageObject\",\"inLanguage\":\"zh-Hans\",\"@id\":\"https:\\\/\\\/naturalpoland.com\\\/zh-hans\\\/produkty\\\/shipin-chanyechanpin\\\/shengchan-yuanliao\\\/%e7%bb%bf%e8%8c%b6%e6%8f%90%e5%8f%96%e7%89%a9\\\/#primaryimage\",\"url\":\"https:\\\/\\\/naturalpoland.com\\\/wp-content\\\/uploads\\\/ekstrakt-z-zielonej-herbaty.webp\",\"contentUrl\":\"https:\\\/\\\/naturalpoland.com\\\/wp-content\\\/uploads\\\/ekstrakt-z-zielonej-herbaty.webp\",\"width\":350,\"height\":350,\"caption\":\"ekstrakt z zielonej herbaty\"},{\"@type\":\"BreadcrumbList\",\"@id\":\"https:\\\/\\\/naturalpoland.com\\\/zh-hans\\\/produkty\\\/shipin-chanyechanpin\\\/shengchan-yuanliao\\\/%e7%bb%bf%e8%8c%b6%e6%8f%90%e5%8f%96%e7%89%a9\\\/#breadcrumb\",\"itemListElement\":[{\"@type\":\"ListItem\",\"position\":1,\"name\":\"\u9996\u9875\",\"item\":\"https:\\\/\\\/naturalpoland.com\\\/zh-hans\\\/\"},{\"@type\":\"ListItem\",\"position\":2,\"name\":\"\u6210\u54c1\",\"item\":\"https:\\\/\\\/naturalpoland.com\\\/zh-hans\\\/%e4%ba%a7%e5%93%81\\\/\"},{\"@type\":\"ListItem\",\"position\":3,\"name\":\"\u7eff\u8336\u63d0\u53d6\u7269\"}]},{\"@type\":\"WebSite\",\"@id\":\"https:\\\/\\\/naturalpoland.com\\\/zh-hans\\\/#website\",\"url\":\"https:\\\/\\\/naturalpoland.com\\\/zh-hans\\\/\",\"name\":\"\u56fd\u9645\u8fdb\u53e3\u690d\u7269\u539f\u6599\u548c\u4f18\u8d28\u5316\u5986\u54c1\u539f\u6599-NATURAL POLAND\",\"description\":\"\u6765\u81ea\u6ce2\u5170\u7684NATURAL POLAND\u4e3b\u8981\u4ece\u4e8b\u5168\u7403\u5316\u5986\u54c1\u539f\u6599\uff0c\u5236\u836f\u539f\u6599\uff0c\u98df\u7528\u7ea7\u5929\u7136\u690d\u7269\u6cb9\u7684\u8fdb\u53e3\u3001\u751f\u4ea7\u3001\u51fa\u53e3\u53ca\u5206\u9500\u3002\u4ea7\u54c1\u8d28\u91cf\u548c\u751f\u4ea7\u5de5\u827a\u7b26\u5408\u6b27\u6d32\u89c4\u8303\u548c\u6807\u51c6\u3002\",\"publisher\":{\"@id\":\"https:\\\/\\\/naturalpoland.com\\\/zh-hans\\\/#organization\"},\"potentialAction\":[{\"@type\":\"SearchAction\",\"target\":{\"@type\":\"EntryPoint\",\"urlTemplate\":\"https:\\\/\\\/naturalpoland.com\\\/zh-hans\\\/?s={search_term_string}\"},\"query-input\":{\"@type\":\"PropertyValueSpecification\",\"valueRequired\":true,\"valueName\":\"search_term_string\"}}],\"inLanguage\":\"zh-Hans\"},{\"@type\":\"Organization\",\"@id\":\"https:\\\/\\\/naturalpoland.com\\\/zh-hans\\\/#organization\",\"name\":\"Natural Poland\",\"url\":\"https:\\\/\\\/naturalpoland.com\\\/zh-hans\\\/\",\"logo\":{\"@type\":\"ImageObject\",\"inLanguage\":\"zh-Hans\",\"@id\":\"https:\\\/\\\/naturalpoland.com\\\/zh-hans\\\/#\\\/schema\\\/logo\\\/image\\\/\",\"url\":\"https:\\\/\\\/naturalpoland.com\\\/wp-content\\\/uploads\\\/2021\\\/05\\\/natural-poland-icon.png\",\"contentUrl\":\"https:\\\/\\\/naturalpoland.com\\\/wp-content\\\/uploads\\\/2021\\\/05\\\/natural-poland-icon.png\",\"width\":512,\"height\":512,\"caption\":\"Natural Poland\"},\"image\":{\"@id\":\"https:\\\/\\\/naturalpoland.com\\\/zh-hans\\\/#\\\/schema\\\/logo\\\/image\\\/\"},\"sameAs\":[\"https:\\\/\\\/www.facebook.com\\\/naturalpoland.b2b\",\"https:\\\/\\\/pl.linkedin.com\\\/company\\\/natural-poland\",\"https:\\\/\\\/www.youtube.com\\\/channel\\\/UCgeGGkvOMahZo-xu_MSEWxg\"]}]}<\/script>\n<!-- \/ Yoast SEO plugin. -->","yoast_head_json":{"title":"\u7eff\u8336\u63d0\u53d6\u7269 - \u6279\u53d1\u5206\u9500\u5546","robots":{"index":"index","follow":"follow","max-snippet":"max-snippet:-1","max-image-preview":"max-image-preview:large","max-video-preview":"max-video-preview:-1"},"canonical":"https:\/\/naturalpoland.com\/zh-hans\/produkty\/shipin-chanyechanpin\/shengchan-yuanliao\/%e7%bb%bf%e8%8c%b6%e6%8f%90%e5%8f%96%e7%89%a9\/","og_locale":"zh_CN","og_type":"article","og_title":"\u7eff\u8336\u63d0\u53d6\u7269 - \u6279\u53d1\u5206\u9500\u5546","og_description":"\u7eff\u8336\u63d0\u53d6\u7269\uff08Camellia Sinensis Leaf Extract\uff09\uff0c\u5e72\u7269\u8d28\u542b\u91cf\u4e3a85%-95%\u3002\u8be5\u4ea7\u54c1\u7528\u4e8e\u5236\u836f\u3001\u5316\u5986\u62a4\u80a4\u54c1\u3001\u98df\u54c1\u548c\u5b9e\u9a8c\u5ba4\u7b49\u884c\u4e1a\u3002\u8fd9\u79cd\u690d\u7269\u63d0\u53d6\u7269\u4ee5\u7c89\u672b\u7684\u5f62\u5f0f\u63d0\u4f9b\u3002","og_url":"https:\/\/naturalpoland.com\/zh-hans\/produkty\/shipin-chanyechanpin\/shengchan-yuanliao\/%e7%bb%bf%e8%8c%b6%e6%8f%90%e5%8f%96%e7%89%a9\/","og_site_name":"\u56fd\u9645\u8fdb\u53e3\u690d\u7269\u539f\u6599\u548c\u4f18\u8d28\u5316\u5986\u54c1\u539f\u6599-NATURAL POLAND","article_publisher":"https:\/\/www.facebook.com\/naturalpoland.b2b","article_modified_time":"2025-08-04T14:09:56+00:00","og_image":[{"width":350,"height":350,"url":"https:\/\/naturalpoland.com\/wp-content\/uploads\/ekstrakt-z-zielonej-herbaty.webp","type":"image\/webp"}],"schema":{"@context":"https:\/\/schema.org","@graph":[{"@type":"WebPage","@id":"https:\/\/naturalpoland.com\/zh-hans\/produkty\/shipin-chanyechanpin\/shengchan-yuanliao\/%e7%bb%bf%e8%8c%b6%e6%8f%90%e5%8f%96%e7%89%a9\/","url":"https:\/\/naturalpoland.com\/zh-hans\/produkty\/shipin-chanyechanpin\/shengchan-yuanliao\/%e7%bb%bf%e8%8c%b6%e6%8f%90%e5%8f%96%e7%89%a9\/","name":"\u7eff\u8336\u63d0\u53d6\u7269 - \u6279\u53d1\u5206\u9500\u5546","isPartOf":{"@id":"https:\/\/naturalpoland.com\/zh-hans\/#website"},"primaryImageOfPage":{"@id":"https:\/\/naturalpoland.com\/zh-hans\/produkty\/shipin-chanyechanpin\/shengchan-yuanliao\/%e7%bb%bf%e8%8c%b6%e6%8f%90%e5%8f%96%e7%89%a9\/#primaryimage"},"image":{"@id":"https:\/\/naturalpoland.com\/zh-hans\/produkty\/shipin-chanyechanpin\/shengchan-yuanliao\/%e7%bb%bf%e8%8c%b6%e6%8f%90%e5%8f%96%e7%89%a9\/#primaryimage"},"thumbnailUrl":"https:\/\/naturalpoland.com\/wp-content\/uploads\/ekstrakt-z-zielonej-herbaty.webp","datePublished":"2021-05-11T11:41:46+00:00","dateModified":"2025-08-04T14:09:56+00:00","breadcrumb":{"@id":"https:\/\/naturalpoland.com\/zh-hans\/produkty\/shipin-chanyechanpin\/shengchan-yuanliao\/%e7%bb%bf%e8%8c%b6%e6%8f%90%e5%8f%96%e7%89%a9\/#breadcrumb"},"inLanguage":"zh-Hans","potentialAction":[{"@type":"ReadAction","target":["https:\/\/naturalpoland.com\/zh-hans\/produkty\/shipin-chanyechanpin\/shengchan-yuanliao\/%e7%bb%bf%e8%8c%b6%e6%8f%90%e5%8f%96%e7%89%a9\/"]}]},{"@type":"ImageObject","inLanguage":"zh-Hans","@id":"https:\/\/naturalpoland.com\/zh-hans\/produkty\/shipin-chanyechanpin\/shengchan-yuanliao\/%e7%bb%bf%e8%8c%b6%e6%8f%90%e5%8f%96%e7%89%a9\/#primaryimage","url":"https:\/\/naturalpoland.com\/wp-content\/uploads\/ekstrakt-z-zielonej-herbaty.webp","contentUrl":"https:\/\/naturalpoland.com\/wp-content\/uploads\/ekstrakt-z-zielonej-herbaty.webp","width":350,"height":350,"caption":"ekstrakt z zielonej herbaty"},{"@type":"BreadcrumbList","@id":"https:\/\/naturalpoland.com\/zh-hans\/produkty\/shipin-chanyechanpin\/shengchan-yuanliao\/%e7%bb%bf%e8%8c%b6%e6%8f%90%e5%8f%96%e7%89%a9\/#breadcrumb","itemListElement":[{"@type":"ListItem","position":1,"name":"\u9996\u9875","item":"https:\/\/naturalpoland.com\/zh-hans\/"},{"@type":"ListItem","position":2,"name":"\u6210\u54c1","item":"https:\/\/naturalpoland.com\/zh-hans\/%e4%ba%a7%e5%93%81\/"},{"@type":"ListItem","position":3,"name":"\u7eff\u8336\u63d0\u53d6\u7269"}]},{"@type":"WebSite","@id":"https:\/\/naturalpoland.com\/zh-hans\/#website","url":"https:\/\/naturalpoland.com\/zh-hans\/","name":"\u56fd\u9645\u8fdb\u53e3\u690d\u7269\u539f\u6599\u548c\u4f18\u8d28\u5316\u5986\u54c1\u539f\u6599-NATURAL POLAND","description":"\u6765\u81ea\u6ce2\u5170\u7684NATURAL POLAND\u4e3b\u8981\u4ece\u4e8b\u5168\u7403\u5316\u5986\u54c1\u539f\u6599\uff0c\u5236\u836f\u539f\u6599\uff0c\u98df\u7528\u7ea7\u5929\u7136\u690d\u7269\u6cb9\u7684\u8fdb\u53e3\u3001\u751f\u4ea7\u3001\u51fa\u53e3\u53ca\u5206\u9500\u3002\u4ea7\u54c1\u8d28\u91cf\u548c\u751f\u4ea7\u5de5\u827a\u7b26\u5408\u6b27\u6d32\u89c4\u8303\u548c\u6807\u51c6\u3002","publisher":{"@id":"https:\/\/naturalpoland.com\/zh-hans\/#organization"},"potentialAction":[{"@type":"SearchAction","target":{"@type":"EntryPoint","urlTemplate":"https:\/\/naturalpoland.com\/zh-hans\/?s={search_term_string}"},"query-input":{"@type":"PropertyValueSpecification","valueRequired":true,"valueName":"search_term_string"}}],"inLanguage":"zh-Hans"},{"@type":"Organization","@id":"https:\/\/naturalpoland.com\/zh-hans\/#organization","name":"Natural Poland","url":"https:\/\/naturalpoland.com\/zh-hans\/","logo":{"@type":"ImageObject","inLanguage":"zh-Hans","@id":"https:\/\/naturalpoland.com\/zh-hans\/#\/schema\/logo\/image\/","url":"https:\/\/naturalpoland.com\/wp-content\/uploads\/2021\/05\/natural-poland-icon.png","contentUrl":"https:\/\/naturalpoland.com\/wp-content\/uploads\/2021\/05\/natural-poland-icon.png","width":512,"height":512,"caption":"Natural Poland"},"image":{"@id":"https:\/\/naturalpoland.com\/zh-hans\/#\/schema\/logo\/image\/"},"sameAs":["https:\/\/www.facebook.com\/naturalpoland.b2b","https:\/\/pl.linkedin.com\/company\/natural-poland","https:\/\/www.youtube.com\/channel\/UCgeGGkvOMahZo-xu_MSEWxg"]}]}},"_links":{"self":[{"href":"https:\/\/naturalpoland.com\/zh-hans\/wp-json\/wp\/v2\/product\/22496","targetHints":{"allow":["GET"]}}],"collection":[{"href":"https:\/\/naturalpoland.com\/zh-hans\/wp-json\/wp\/v2\/product"}],"about":[{"href":"https:\/\/naturalpoland.com\/zh-hans\/wp-json\/wp\/v2\/types\/product"}],"wp:featuredmedia":[{"embeddable":true,"href":"https:\/\/naturalpoland.com\/zh-hans\/wp-json\/wp\/v2\/media\/35925"}],"wp:attachment":[{"href":"https:\/\/naturalpoland.com\/zh-hans\/wp-json\/wp\/v2\/media?parent=22496"}],"wp:term":[{"taxonomy":"product_brand","embeddable":true,"href":"https:\/\/naturalpoland.com\/zh-hans\/wp-json\/wp\/v2\/product_brand?post=22496"},{"taxonomy":"product_cat","embeddable":true,"href":"https:\/\/naturalpoland.com\/zh-hans\/wp-json\/wp\/v2\/product_cat?post=22496"},{"taxonomy":"product_tag","embeddable":true,"href":"https:\/\/naturalpoland.com\/zh-hans\/wp-json\/wp\/v2\/product_tag?post=22496"}],"curies":[{"name":"wp","href":"https:\/\/api.w.org\/{rel}","templated":true}]}}