{"id":23461,"date":"2023-05-12T15:52:48","date_gmt":"2023-05-24T12:57:41","guid":{"rendered":"https:\/\/naturalpoland.pl\/produkty\/uncategorized\/%e5%a4%9a%e8%89%b2%e8%9b%9b%e8%9e%a8coriolus-versicolor\/"},"modified":"2023-05-24T14:57:41","modified_gmt":"2023-05-24T12:57:41","slug":"%e6%9d%82%e4%ba%a4%e6%b0%b4%e7%a8%bb-%e6%a8%aa%e7%94%9f%e6%b0%b4%e7%a8%bb","status":"publish","type":"product","link":"https:\/\/naturalpoland.com\/zh-hans\/produkty\/yiliao-chanyechanpin\/junlei-tizhiwu\/%e6%9d%82%e4%ba%a4%e6%b0%b4%e7%a8%bb-%e6%a8%aa%e7%94%9f%e6%b0%b4%e7%a8%bb\/","title":{"rendered":"\u591a\u8272\u86db\u87a8(Coriolus versicolor)"},"content":{"rendered":"<p>\u5c3d\u7ba1\u7c89\u8150\u83cc\u662f\u4e00\u79cd\u4e0d\u53ef\u98df\u7528\u7684\u8611\u83c7\uff0c\u4f46\u4e2d\u56fd\u53e4\u4ee3\u5df2\u7ecf\u8ba4\u8bc6\u5230\u4e86\u67ef\u5229\u53f6\u7684\u836f\u7528\u4ef7\u503c\u3002 \u5b83\u4e3b\u8981\u88ab\u7528\u4f5c\u589e\u5f3a\u8eab\u4f53\u548c\u7cbe\u795e\u5065\u5eb7\u4ee5\u53ca\u589e\u52a0\u6d3b\u529b\u7684\u4e00\u79cd\u6210\u5206\u3002 \u81ea20\u4e16\u7eaa60\u5e74\u4ee3\u4ee5\u6765\u3002 \u81ea20\u4e16\u7eaa70\u5e74\u4ee3\u4ee5\u6765\uff0c\u5176\u5f3a\u5927\u7684\u514d\u75ab\u523a\u6fc0\u548c\u6297\u764c\u7279\u6027\u5728\u65e5\u672c\u548c\u97e9\u56fd\u4e5f\u5f97\u5230\u4e86\u91cd\u89c6\uff0c\u5c06<em>\u9ed1\u6728\u8033 <\/em>\u63d0\u53d6\u7269\u7eb3\u5165\u6807\u51c6\u6297\u764c\u6cbb\u7597\u3002<\/p>\n<h2><em>\u73ca\u745a\u83cc<\/em>\u63d0\u53d6\u7269\u7684\u7279\u6027<\/h2>\n<p>\u9664\u4e86\u5176\u6297\u764c\u7279\u6027\u5916\uff0c\u8fd8\u53ef\u4ee5\u4f7f\u7528<em>\u73ca\u745a\u83cc <\/em>\u63d0\u53d6\u7269\uff1a<\/p>\n<ul>\n<li>\u5728\u51cf\u5c11\u5316\u7597\u548c\u653e\u7597\u7684\u4e0d\u826f\u540e\u679c\u65b9\u9762<\/li>\n<li>\u6cbb\u7597\u611f\u67d3\u7684\u514d\u75ab\u589e\u5f3a\u5242<\/li>\n<li>\u4fdd\u62a4\u809d\u810f &#8211; \u652f\u6301\u809d\u810f\u529f\u80fd\u548c\u518d\u751f<\/li>\n<li>\u6297\u708e\u75c7<\/li>\n<\/ul>\n","protected":false},"excerpt":{"rendered":"<p><strong><em>\u73ca\u745a\u83cc <\/em>\uff08<em>\u53d8\u8272 <\/em><\/strong>\u722c\u866b\uff09\u662f\u4e00\u79cd\u8150\u70c2\u6728\u6750\u7684\u771f\u83cc\uff0c\u5728\u4e9a\u6d32\u3001\u5317\u7f8e\u548c\u6b27\u6d32\u7684\u6e29\u5e26\u6c14\u5019\u4e2d\u7684\u843d\u53f6\u6811\u4e0a\u53d1\u73b0\u3002 \u5b83\u4e5f\u53ef\u4ee5\u5728\u6ce2\u5170\u7684\u68ee\u6797\u4e2d\u627e\u5230\u3002<\/p>\n","protected":false},"featured_media":37255,"template":"","meta":{"_acf_changed":false},"product_brand":[],"product_cat":[2086],"product_tag":[],"class_list":{"0":"post-23461","1":"product","2":"type-product","3":"status-publish","4":"has-post-thumbnail","6":"product_cat-junlei-tizhiwu","7":"pa_czesc-rosliny-zishiti","8":"pa_skladnik-aktywny-polysaccharides-cn","10":"first","11":"instock","12":"shipping-taxable","13":"product-type-simple"},"acf":[],"yoast_head":"<!-- This site is optimized with the Yoast SEO plugin v27.5 - https:\/\/yoast.com\/product\/yoast-seo-wordpress\/ -->\n<title>\u591a\u8272\u86db\u87a8(Coriolus versicolor) - \u6279\u53d1\u5206\u9500\u5546<\/title>\n<meta name=\"robots\" content=\"index, follow, max-snippet:-1, max-image-preview:large, max-video-preview:-1\" \/>\n<link rel=\"canonical\" href=\"https:\/\/naturalpoland.com\/zh-hans\/produkty\/yiliao-chanyechanpin\/junlei-tizhiwu\/%e6%9d%82%e4%ba%a4%e6%b0%b4%e7%a8%bb-%e6%a8%aa%e7%94%9f%e6%b0%b4%e7%a8%bb\/\" \/>\n<meta property=\"og:locale\" content=\"zh_CN\" \/>\n<meta property=\"og:type\" content=\"article\" \/>\n<meta property=\"og:title\" content=\"\u591a\u8272\u86db\u87a8(Coriolus versicolor) - \u6279\u53d1\u5206\u9500\u5546\" \/>\n<meta property=\"og:description\" content=\"\u73ca\u745a\u83cc \uff08\u53d8\u8272 \u722c\u866b\uff09\u662f\u4e00\u79cd\u8150\u70c2\u6728\u6750\u7684\u771f\u83cc\uff0c\u5728\u4e9a\u6d32\u3001\u5317\u7f8e\u548c\u6b27\u6d32\u7684\u6e29\u5e26\u6c14\u5019\u4e2d\u7684\u843d\u53f6\u6811\u4e0a\u53d1\u73b0\u3002 \u5b83\u4e5f\u53ef\u4ee5\u5728\u6ce2\u5170\u7684\u68ee\u6797\u4e2d\u627e\u5230\u3002\" \/>\n<meta property=\"og:url\" content=\"https:\/\/naturalpoland.com\/zh-hans\/produkty\/yiliao-chanyechanpin\/junlei-tizhiwu\/%e6%9d%82%e4%ba%a4%e6%b0%b4%e7%a8%bb-%e6%a8%aa%e7%94%9f%e6%b0%b4%e7%a8%bb\/\" \/>\n<meta property=\"og:site_name\" content=\"\u56fd\u9645\u8fdb\u53e3\u690d\u7269\u539f\u6599\u548c\u4f18\u8d28\u5316\u5986\u54c1\u539f\u6599-NATURAL POLAND\" \/>\n<meta property=\"article:publisher\" content=\"https:\/\/www.facebook.com\/naturalpoland.b2b\" \/>\n<meta property=\"og:image\" content=\"https:\/\/naturalpoland.com\/wp-content\/uploads\/ekstrakt-z-wrosniaka-roznobarwnego.webp\" \/>\n\t<meta property=\"og:image:width\" content=\"614\" \/>\n\t<meta property=\"og:image:height\" content=\"614\" \/>\n\t<meta property=\"og:image:type\" content=\"image\/webp\" \/>\n<script type=\"application\/ld+json\" class=\"yoast-schema-graph\">{\"@context\":\"https:\\\/\\\/schema.org\",\"@graph\":[{\"@type\":\"WebPage\",\"@id\":\"https:\\\/\\\/naturalpoland.com\\\/zh-hans\\\/produkty\\\/yiliao-chanyechanpin\\\/junlei-tizhiwu\\\/%e6%9d%82%e4%ba%a4%e6%b0%b4%e7%a8%bb-%e6%a8%aa%e7%94%9f%e6%b0%b4%e7%a8%bb\\\/\",\"url\":\"https:\\\/\\\/naturalpoland.com\\\/zh-hans\\\/produkty\\\/yiliao-chanyechanpin\\\/junlei-tizhiwu\\\/%e6%9d%82%e4%ba%a4%e6%b0%b4%e7%a8%bb-%e6%a8%aa%e7%94%9f%e6%b0%b4%e7%a8%bb\\\/\",\"name\":\"\u591a\u8272\u86db\u87a8(Coriolus versicolor) - \u6279\u53d1\u5206\u9500\u5546\",\"isPartOf\":{\"@id\":\"https:\\\/\\\/naturalpoland.com\\\/zh-hans\\\/#website\"},\"primaryImageOfPage\":{\"@id\":\"https:\\\/\\\/naturalpoland.com\\\/zh-hans\\\/produkty\\\/yiliao-chanyechanpin\\\/junlei-tizhiwu\\\/%e6%9d%82%e4%ba%a4%e6%b0%b4%e7%a8%bb-%e6%a8%aa%e7%94%9f%e6%b0%b4%e7%a8%bb\\\/#primaryimage\"},\"image\":{\"@id\":\"https:\\\/\\\/naturalpoland.com\\\/zh-hans\\\/produkty\\\/yiliao-chanyechanpin\\\/junlei-tizhiwu\\\/%e6%9d%82%e4%ba%a4%e6%b0%b4%e7%a8%bb-%e6%a8%aa%e7%94%9f%e6%b0%b4%e7%a8%bb\\\/#primaryimage\"},\"thumbnailUrl\":\"https:\\\/\\\/naturalpoland.com\\\/wp-content\\\/uploads\\\/ekstrakt-z-wrosniaka-roznobarwnego.webp\",\"datePublished\":\"2023-05-24T12:57:41+00:00\",\"breadcrumb\":{\"@id\":\"https:\\\/\\\/naturalpoland.com\\\/zh-hans\\\/produkty\\\/yiliao-chanyechanpin\\\/junlei-tizhiwu\\\/%e6%9d%82%e4%ba%a4%e6%b0%b4%e7%a8%bb-%e6%a8%aa%e7%94%9f%e6%b0%b4%e7%a8%bb\\\/#breadcrumb\"},\"inLanguage\":\"zh-Hans\",\"potentialAction\":[{\"@type\":\"ReadAction\",\"target\":[\"https:\\\/\\\/naturalpoland.com\\\/zh-hans\\\/produkty\\\/yiliao-chanyechanpin\\\/junlei-tizhiwu\\\/%e6%9d%82%e4%ba%a4%e6%b0%b4%e7%a8%bb-%e6%a8%aa%e7%94%9f%e6%b0%b4%e7%a8%bb\\\/\"]}]},{\"@type\":\"ImageObject\",\"inLanguage\":\"zh-Hans\",\"@id\":\"https:\\\/\\\/naturalpoland.com\\\/zh-hans\\\/produkty\\\/yiliao-chanyechanpin\\\/junlei-tizhiwu\\\/%e6%9d%82%e4%ba%a4%e6%b0%b4%e7%a8%bb-%e6%a8%aa%e7%94%9f%e6%b0%b4%e7%a8%bb\\\/#primaryimage\",\"url\":\"https:\\\/\\\/naturalpoland.com\\\/wp-content\\\/uploads\\\/ekstrakt-z-wrosniaka-roznobarwnego.webp\",\"contentUrl\":\"https:\\\/\\\/naturalpoland.com\\\/wp-content\\\/uploads\\\/ekstrakt-z-wrosniaka-roznobarwnego.webp\",\"width\":614,\"height\":614,\"caption\":\"Ekstrakt z wro\u015bniaka r\u00f3\u017cnobarwnego\"},{\"@type\":\"BreadcrumbList\",\"@id\":\"https:\\\/\\\/naturalpoland.com\\\/zh-hans\\\/produkty\\\/yiliao-chanyechanpin\\\/junlei-tizhiwu\\\/%e6%9d%82%e4%ba%a4%e6%b0%b4%e7%a8%bb-%e6%a8%aa%e7%94%9f%e6%b0%b4%e7%a8%bb\\\/#breadcrumb\",\"itemListElement\":[{\"@type\":\"ListItem\",\"position\":1,\"name\":\"\u9996\u9875\",\"item\":\"https:\\\/\\\/naturalpoland.com\\\/zh-hans\\\/\"},{\"@type\":\"ListItem\",\"position\":2,\"name\":\"\u6210\u54c1\",\"item\":\"https:\\\/\\\/naturalpoland.com\\\/zh-hans\\\/%e4%ba%a7%e5%93%81\\\/\"},{\"@type\":\"ListItem\",\"position\":3,\"name\":\"\u591a\u8272\u86db\u87a8(Coriolus versicolor)\"}]},{\"@type\":\"WebSite\",\"@id\":\"https:\\\/\\\/naturalpoland.com\\\/zh-hans\\\/#website\",\"url\":\"https:\\\/\\\/naturalpoland.com\\\/zh-hans\\\/\",\"name\":\"\u56fd\u9645\u8fdb\u53e3\u690d\u7269\u539f\u6599\u548c\u4f18\u8d28\u5316\u5986\u54c1\u539f\u6599-NATURAL POLAND\",\"description\":\"\u6765\u81ea\u6ce2\u5170\u7684NATURAL POLAND\u4e3b\u8981\u4ece\u4e8b\u5168\u7403\u5316\u5986\u54c1\u539f\u6599\uff0c\u5236\u836f\u539f\u6599\uff0c\u98df\u7528\u7ea7\u5929\u7136\u690d\u7269\u6cb9\u7684\u8fdb\u53e3\u3001\u751f\u4ea7\u3001\u51fa\u53e3\u53ca\u5206\u9500\u3002\u4ea7\u54c1\u8d28\u91cf\u548c\u751f\u4ea7\u5de5\u827a\u7b26\u5408\u6b27\u6d32\u89c4\u8303\u548c\u6807\u51c6\u3002\",\"publisher\":{\"@id\":\"https:\\\/\\\/naturalpoland.com\\\/zh-hans\\\/#organization\"},\"potentialAction\":[{\"@type\":\"SearchAction\",\"target\":{\"@type\":\"EntryPoint\",\"urlTemplate\":\"https:\\\/\\\/naturalpoland.com\\\/zh-hans\\\/?s={search_term_string}\"},\"query-input\":{\"@type\":\"PropertyValueSpecification\",\"valueRequired\":true,\"valueName\":\"search_term_string\"}}],\"inLanguage\":\"zh-Hans\"},{\"@type\":\"Organization\",\"@id\":\"https:\\\/\\\/naturalpoland.com\\\/zh-hans\\\/#organization\",\"name\":\"Natural Poland\",\"url\":\"https:\\\/\\\/naturalpoland.com\\\/zh-hans\\\/\",\"logo\":{\"@type\":\"ImageObject\",\"inLanguage\":\"zh-Hans\",\"@id\":\"https:\\\/\\\/naturalpoland.com\\\/zh-hans\\\/#\\\/schema\\\/logo\\\/image\\\/\",\"url\":\"https:\\\/\\\/naturalpoland.com\\\/wp-content\\\/uploads\\\/2021\\\/05\\\/natural-poland-icon.png\",\"contentUrl\":\"https:\\\/\\\/naturalpoland.com\\\/wp-content\\\/uploads\\\/2021\\\/05\\\/natural-poland-icon.png\",\"width\":512,\"height\":512,\"caption\":\"Natural Poland\"},\"image\":{\"@id\":\"https:\\\/\\\/naturalpoland.com\\\/zh-hans\\\/#\\\/schema\\\/logo\\\/image\\\/\"},\"sameAs\":[\"https:\\\/\\\/www.facebook.com\\\/naturalpoland.b2b\",\"https:\\\/\\\/pl.linkedin.com\\\/company\\\/natural-poland\",\"https:\\\/\\\/www.youtube.com\\\/channel\\\/UCgeGGkvOMahZo-xu_MSEWxg\"]}]}<\/script>\n<!-- \/ Yoast SEO plugin. -->","yoast_head_json":{"title":"\u591a\u8272\u86db\u87a8(Coriolus versicolor) - \u6279\u53d1\u5206\u9500\u5546","robots":{"index":"index","follow":"follow","max-snippet":"max-snippet:-1","max-image-preview":"max-image-preview:large","max-video-preview":"max-video-preview:-1"},"canonical":"https:\/\/naturalpoland.com\/zh-hans\/produkty\/yiliao-chanyechanpin\/junlei-tizhiwu\/%e6%9d%82%e4%ba%a4%e6%b0%b4%e7%a8%bb-%e6%a8%aa%e7%94%9f%e6%b0%b4%e7%a8%bb\/","og_locale":"zh_CN","og_type":"article","og_title":"\u591a\u8272\u86db\u87a8(Coriolus versicolor) - \u6279\u53d1\u5206\u9500\u5546","og_description":"\u73ca\u745a\u83cc \uff08\u53d8\u8272 \u722c\u866b\uff09\u662f\u4e00\u79cd\u8150\u70c2\u6728\u6750\u7684\u771f\u83cc\uff0c\u5728\u4e9a\u6d32\u3001\u5317\u7f8e\u548c\u6b27\u6d32\u7684\u6e29\u5e26\u6c14\u5019\u4e2d\u7684\u843d\u53f6\u6811\u4e0a\u53d1\u73b0\u3002 \u5b83\u4e5f\u53ef\u4ee5\u5728\u6ce2\u5170\u7684\u68ee\u6797\u4e2d\u627e\u5230\u3002","og_url":"https:\/\/naturalpoland.com\/zh-hans\/produkty\/yiliao-chanyechanpin\/junlei-tizhiwu\/%e6%9d%82%e4%ba%a4%e6%b0%b4%e7%a8%bb-%e6%a8%aa%e7%94%9f%e6%b0%b4%e7%a8%bb\/","og_site_name":"\u56fd\u9645\u8fdb\u53e3\u690d\u7269\u539f\u6599\u548c\u4f18\u8d28\u5316\u5986\u54c1\u539f\u6599-NATURAL POLAND","article_publisher":"https:\/\/www.facebook.com\/naturalpoland.b2b","og_image":[{"width":614,"height":614,"url":"https:\/\/naturalpoland.com\/wp-content\/uploads\/ekstrakt-z-wrosniaka-roznobarwnego.webp","type":"image\/webp"}],"schema":{"@context":"https:\/\/schema.org","@graph":[{"@type":"WebPage","@id":"https:\/\/naturalpoland.com\/zh-hans\/produkty\/yiliao-chanyechanpin\/junlei-tizhiwu\/%e6%9d%82%e4%ba%a4%e6%b0%b4%e7%a8%bb-%e6%a8%aa%e7%94%9f%e6%b0%b4%e7%a8%bb\/","url":"https:\/\/naturalpoland.com\/zh-hans\/produkty\/yiliao-chanyechanpin\/junlei-tizhiwu\/%e6%9d%82%e4%ba%a4%e6%b0%b4%e7%a8%bb-%e6%a8%aa%e7%94%9f%e6%b0%b4%e7%a8%bb\/","name":"\u591a\u8272\u86db\u87a8(Coriolus versicolor) - \u6279\u53d1\u5206\u9500\u5546","isPartOf":{"@id":"https:\/\/naturalpoland.com\/zh-hans\/#website"},"primaryImageOfPage":{"@id":"https:\/\/naturalpoland.com\/zh-hans\/produkty\/yiliao-chanyechanpin\/junlei-tizhiwu\/%e6%9d%82%e4%ba%a4%e6%b0%b4%e7%a8%bb-%e6%a8%aa%e7%94%9f%e6%b0%b4%e7%a8%bb\/#primaryimage"},"image":{"@id":"https:\/\/naturalpoland.com\/zh-hans\/produkty\/yiliao-chanyechanpin\/junlei-tizhiwu\/%e6%9d%82%e4%ba%a4%e6%b0%b4%e7%a8%bb-%e6%a8%aa%e7%94%9f%e6%b0%b4%e7%a8%bb\/#primaryimage"},"thumbnailUrl":"https:\/\/naturalpoland.com\/wp-content\/uploads\/ekstrakt-z-wrosniaka-roznobarwnego.webp","datePublished":"2023-05-24T12:57:41+00:00","breadcrumb":{"@id":"https:\/\/naturalpoland.com\/zh-hans\/produkty\/yiliao-chanyechanpin\/junlei-tizhiwu\/%e6%9d%82%e4%ba%a4%e6%b0%b4%e7%a8%bb-%e6%a8%aa%e7%94%9f%e6%b0%b4%e7%a8%bb\/#breadcrumb"},"inLanguage":"zh-Hans","potentialAction":[{"@type":"ReadAction","target":["https:\/\/naturalpoland.com\/zh-hans\/produkty\/yiliao-chanyechanpin\/junlei-tizhiwu\/%e6%9d%82%e4%ba%a4%e6%b0%b4%e7%a8%bb-%e6%a8%aa%e7%94%9f%e6%b0%b4%e7%a8%bb\/"]}]},{"@type":"ImageObject","inLanguage":"zh-Hans","@id":"https:\/\/naturalpoland.com\/zh-hans\/produkty\/yiliao-chanyechanpin\/junlei-tizhiwu\/%e6%9d%82%e4%ba%a4%e6%b0%b4%e7%a8%bb-%e6%a8%aa%e7%94%9f%e6%b0%b4%e7%a8%bb\/#primaryimage","url":"https:\/\/naturalpoland.com\/wp-content\/uploads\/ekstrakt-z-wrosniaka-roznobarwnego.webp","contentUrl":"https:\/\/naturalpoland.com\/wp-content\/uploads\/ekstrakt-z-wrosniaka-roznobarwnego.webp","width":614,"height":614,"caption":"Ekstrakt z wro\u015bniaka r\u00f3\u017cnobarwnego"},{"@type":"BreadcrumbList","@id":"https:\/\/naturalpoland.com\/zh-hans\/produkty\/yiliao-chanyechanpin\/junlei-tizhiwu\/%e6%9d%82%e4%ba%a4%e6%b0%b4%e7%a8%bb-%e6%a8%aa%e7%94%9f%e6%b0%b4%e7%a8%bb\/#breadcrumb","itemListElement":[{"@type":"ListItem","position":1,"name":"\u9996\u9875","item":"https:\/\/naturalpoland.com\/zh-hans\/"},{"@type":"ListItem","position":2,"name":"\u6210\u54c1","item":"https:\/\/naturalpoland.com\/zh-hans\/%e4%ba%a7%e5%93%81\/"},{"@type":"ListItem","position":3,"name":"\u591a\u8272\u86db\u87a8(Coriolus versicolor)"}]},{"@type":"WebSite","@id":"https:\/\/naturalpoland.com\/zh-hans\/#website","url":"https:\/\/naturalpoland.com\/zh-hans\/","name":"\u56fd\u9645\u8fdb\u53e3\u690d\u7269\u539f\u6599\u548c\u4f18\u8d28\u5316\u5986\u54c1\u539f\u6599-NATURAL POLAND","description":"\u6765\u81ea\u6ce2\u5170\u7684NATURAL POLAND\u4e3b\u8981\u4ece\u4e8b\u5168\u7403\u5316\u5986\u54c1\u539f\u6599\uff0c\u5236\u836f\u539f\u6599\uff0c\u98df\u7528\u7ea7\u5929\u7136\u690d\u7269\u6cb9\u7684\u8fdb\u53e3\u3001\u751f\u4ea7\u3001\u51fa\u53e3\u53ca\u5206\u9500\u3002\u4ea7\u54c1\u8d28\u91cf\u548c\u751f\u4ea7\u5de5\u827a\u7b26\u5408\u6b27\u6d32\u89c4\u8303\u548c\u6807\u51c6\u3002","publisher":{"@id":"https:\/\/naturalpoland.com\/zh-hans\/#organization"},"potentialAction":[{"@type":"SearchAction","target":{"@type":"EntryPoint","urlTemplate":"https:\/\/naturalpoland.com\/zh-hans\/?s={search_term_string}"},"query-input":{"@type":"PropertyValueSpecification","valueRequired":true,"valueName":"search_term_string"}}],"inLanguage":"zh-Hans"},{"@type":"Organization","@id":"https:\/\/naturalpoland.com\/zh-hans\/#organization","name":"Natural Poland","url":"https:\/\/naturalpoland.com\/zh-hans\/","logo":{"@type":"ImageObject","inLanguage":"zh-Hans","@id":"https:\/\/naturalpoland.com\/zh-hans\/#\/schema\/logo\/image\/","url":"https:\/\/naturalpoland.com\/wp-content\/uploads\/2021\/05\/natural-poland-icon.png","contentUrl":"https:\/\/naturalpoland.com\/wp-content\/uploads\/2021\/05\/natural-poland-icon.png","width":512,"height":512,"caption":"Natural Poland"},"image":{"@id":"https:\/\/naturalpoland.com\/zh-hans\/#\/schema\/logo\/image\/"},"sameAs":["https:\/\/www.facebook.com\/naturalpoland.b2b","https:\/\/pl.linkedin.com\/company\/natural-poland","https:\/\/www.youtube.com\/channel\/UCgeGGkvOMahZo-xu_MSEWxg"]}]}},"_links":{"self":[{"href":"https:\/\/naturalpoland.com\/zh-hans\/wp-json\/wp\/v2\/product\/23461","targetHints":{"allow":["GET"]}}],"collection":[{"href":"https:\/\/naturalpoland.com\/zh-hans\/wp-json\/wp\/v2\/product"}],"about":[{"href":"https:\/\/naturalpoland.com\/zh-hans\/wp-json\/wp\/v2\/types\/product"}],"wp:featuredmedia":[{"embeddable":true,"href":"https:\/\/naturalpoland.com\/zh-hans\/wp-json\/wp\/v2\/media\/37255"}],"wp:attachment":[{"href":"https:\/\/naturalpoland.com\/zh-hans\/wp-json\/wp\/v2\/media?parent=23461"}],"wp:term":[{"taxonomy":"product_brand","embeddable":true,"href":"https:\/\/naturalpoland.com\/zh-hans\/wp-json\/wp\/v2\/product_brand?post=23461"},{"taxonomy":"product_cat","embeddable":true,"href":"https:\/\/naturalpoland.com\/zh-hans\/wp-json\/wp\/v2\/product_cat?post=23461"},{"taxonomy":"product_tag","embeddable":true,"href":"https:\/\/naturalpoland.com\/zh-hans\/wp-json\/wp\/v2\/product_tag?post=23461"}],"curies":[{"name":"wp","href":"https:\/\/api.w.org\/{rel}","templated":true}]}}